{"id":14078,"date":"2025-02-27T13:03:56","date_gmt":"2025-02-27T13:03:56","guid":{"rendered":"https:\/\/qghome.vn\/?post_type=product&#038;p=14078"},"modified":"2025-03-29T11:15:28","modified_gmt":"2025-03-29T11:15:28","slug":"vach-tivi-dep","status":"publish","type":"product","link":"https:\/\/luan.webrt.net\/qhome\/san-pham\/vach-tivi-dep\/","title":{"rendered":"V\u00e1ch tivi \u0111\u1eb9p VTVQ02"},"content":{"rendered":"<h1><span style=\"color: #000000;\">V\u00e1ch tivi \u0111\u1eb9p VTVQ02<\/span><\/h1>\n<div><span style=\"color: #000000;\">S\u1edf h\u1eefu m\u1ed9t m\u1eabu v\u00e1ch tivi \u0111\u1eb9p gi\u00fap kh\u00f4ng gian ph\u00f2ng kh\u00e1ch c\u1ee7a b\u1ea1n tr\u1edf n\u00ean hi\u1ec7n \u0111\u1ea1i, sang tr\u1ecdng v\u00e0 l\u1ecbch s\u1ef1. Kh\u00f4ng nh\u1eefng v\u1eady, thi\u1ebft k\u1ebf c\u1ee7a v\u00e1ch tivi c\u00f2n th\u1ec3 hi\u1ec7n phong c\u00e1ch th\u1ea9m m\u1ef9 v\u00e0 l\u1ed1i s\u1ed1ng c\u1ee7a gia ch\u1ee7. N\u1ebfu b\u1ea1n l\u00e0 ng\u01b0\u1eddi y\u00eau th\u00edch s\u1ef1 \u0111\u1ed5i m\u1edbi nh\u01b0ng t\u1ed1i gi\u1ea3n, tinh t\u1ebf. H\u00e3y kh\u00e1m ph\u00e1 m\u1eabu v\u00e1ch tivi VTVQ02 d\u01b0\u1edbi \u0111\u00e2y b\u1ea1n nh\u00e9!<\/span><\/div>\n<h3><span style=\"color: #000000;\">T\u1ed5ng quan v\u1ec1 s\u1ea3n ph\u1ea9m<\/span><\/h3>\n<table style=\"border-collapse: collapse; width: 100%; height: 214px;\">\n<tbody>\n<tr style=\"height: 21px;\">\n<td style=\"width: 10.9053%; height: 21px;\"><span style=\"color: #000000;\">K\u00edch th\u01b0\u1edbc<\/span><\/td>\n<td style=\"width: 89.0947%; height: 21px;\"><span style=\"color: #000000;\">K\u1ec7 tivi: D\u00e0i 3600mm x R\u1ed9ng 400mm x Cao 350mm<\/span><\/p>\n<p><span style=\"color: #000000;\">T\u1ee7 trang tr\u00ed: D\u00e0i 600mm x R\u1ed9ng 400mm x Cao 2700mm<\/span><\/p>\n<p><span style=\"color: #000000;\">V\u00e1ch tivi: D\u00e0i 2300mm x Cao 2000mm<\/span><\/td>\n<\/tr>\n<tr style=\"height: 151px;\">\n<td style=\"width: 10.9053%; height: 151px;\"><span style=\"color: #000000;\">Ch\u1ea5t li\u1ec7u<\/span><\/td>\n<td style=\"width: 89.0947%; height: 151px;\"><span style=\"color: #000000;\">K\u1ec7 tivi:\u00a0 \u0110\u01b0\u1ee3c ch\u1ecdn l\u1ecdc v\u00e0 s\u1ea3n xu\u1ea5t t\u1eeb g\u1ed7 MDF ph\u1ee7 melamine cao c\u1ea5p, c\u00f3 nh\u1eefng \u01b0u \u0111i\u1ec3m v\u01b0\u1ee3t tr\u1ed9i.<\/span><\/p>\n<ul>\n<li><span style=\"color: #000000;\">Ch\u1ed1ng th\u1ea5m m\u01b0\u1edbc, ch\u1ed1ng m\u1ed1i m\u1ecdt, d\u1ec5 v\u1ec7 sinh lau ch\u00f9i.<\/span><\/li>\n<li><span style=\"color: #000000;\">H\u1ea1n ch\u1ebf cong v\u00eanh, kh\u00f4ng b\u1ecb co ng\u00f3t.<\/span><\/li>\n<li><span style=\"color: #000000;\">An to\u00e0n khi s\u1eed d\u1ee5ng. Th\u00e2n thi\u1ec7n v\u1edbi m\u00f4i tr\u01b0\u1eddng.<\/span><\/li>\n<li><span style=\"color: #000000;\">M\u00e0u s\u1eafc \u0111a d\u1ea1ng, d\u1ec5 ph\u1ed1i m\u00e0u theo phong c\u00e1ch ri\u00eang.<\/span><\/li>\n<\/ul>\n<\/td>\n<\/tr>\n<tr style=\"height: 21px;\">\n<td style=\"width: 10.9053%; height: 21px;\"><span style=\"color: #000000;\">M\u00e0u s\u1eafc<\/span><\/td>\n<td style=\"width: 89.0947%; height: 21px;\"><span style=\"color: #000000;\">K\u1ec7 tivi m\u00e0u v\u00e2n g\u1ed7 sang tr\u1ecdng, v\u00e1ch tivi m\u00e0u tr\u1eafng v\u00e2n \u0111\u00e1 t\u1ea1o \u0111i\u1ec3m nh\u1ea5n.<\/span><\/p>\n<p><span style=\"color: #000000;\">Nh\u1eadn \u0111\u1eb7t h\u00e0ng theo m\u00e0u s\u1eafc y\u00eau c\u1ea7u.<\/span><\/td>\n<\/tr>\n<tr style=\"height: 21px;\">\n<td style=\"width: 10.9053%; height: 21px;\"><span style=\"color: #000000;\">B\u1ea3o h\u00e0nh<\/span><\/td>\n<td style=\"width: 89.0947%; height: 21px;\"><span style=\"color: #000000;\">H\u1ed7 tr\u1ee3 b\u1ea3o h\u00e0nh 12 th\u00e1ng theo ti\u00eau chu\u1ea9n c\u1ee7a nh\u00e0 m\u00e1y.<\/span><\/td>\n<\/tr>\n<\/tbody>\n<\/table>\n<p><span style=\"color: #000000;\"><span style=\"text-decoration: underline;\">L\u01b0u \u00fd<\/span>: Gi\u00e1 c\u1ee7a s\u1ea3n ph\u1ea9m ch\u01b0a bao g\u1ed3m \u0111\u00e8n Led trang tr\u00ed.<\/span><\/p>\n<figure id=\"attachment_14079\" aria-describedby=\"caption-attachment-14079\" style=\"width: 1000px\" class=\"wp-caption alignnone\"><img loading=\"lazy\" decoding=\"async\" class=\"size-full wp-image-14079\" src=\"http:\/\/qghome.vn\/wp-content\/uploads\/2025\/02\/ke-vach-tivi-02.jpg\" alt=\"V\u00e1ch tivi ph\u00f2ng kh\u00e1ch tr\u01a1n v\u00e2n \u0111\u00e1 k\u1ebft h\u1ee3p k\u1ec7 tivi ch\u1eef U\" width=\"1000\" height=\"666\" srcset=\"https:\/\/luan.webrt.net\/qhome\/wp-content\/uploads\/2025\/02\/ke-vach-tivi-02.jpg 1000w, https:\/\/luan.webrt.net\/qhome\/wp-content\/uploads\/2025\/02\/ke-vach-tivi-02-510x340.jpg 510w, https:\/\/luan.webrt.net\/qhome\/wp-content\/uploads\/2025\/02\/ke-vach-tivi-02-601x400.jpg 601w, https:\/\/luan.webrt.net\/qhome\/wp-content\/uploads\/2025\/02\/ke-vach-tivi-02-768x511.jpg 768w\" sizes=\"auto, (max-width: 1000px) 100vw, 1000px\" \/><figcaption id=\"caption-attachment-14079\" class=\"wp-caption-text\"><span style=\"color: #000000;\">V\u00e1ch tivi k\u1ebft h\u1ee3p k\u1ec7 tivi ch\u1eef U<\/span><\/figcaption><\/figure>\n<h3><span style=\"color: #000000;\">Thi\u1ebft k\u1ebf hi\u1ec7n \u0111\u1ea1i, ph\u00f9 h\u1ee3p m\u1ecdi kh\u00f4ng gian s\u1ed1ng<\/span><\/h3>\n<p><span style=\"color: #000000;\">B\u1ee9c v\u00e1ch tivi k\u1ebft h\u1ee3p t\u1ee7 tivi VTVQ02 mang phong c\u00e1ch thi\u1ebft k\u1ebf hi\u1ec7n \u0111\u1ea1i, to\u00e1t l\u00ean v\u1ebb \u0111\u1eb9p sang tr\u1ecdng, thanh l\u1ecbch. Gia ch\u1ee7 l\u1ef1a ch\u1ecdn m\u1eabu k\u1ec7 n\u00e0y qu\u1ea3 th\u1ef1c l\u00e0 ng\u01b0\u1eddi c\u00f3 gu th\u1ea9m m\u1ef9 cao.<\/span><\/p>\n<p><span style=\"color: #000000;\">B\u1edfi thi\u1ebft k\u1ebf hi\u1ec7n \u0111\u1ea1i m\u00e0 v\u00e1ch tivi VTVQ02 ph\u00f9 h\u1ee3p cho nhi\u1ec1u phong c\u00e1ch thi\u1ebft k\u1ebf n\u1ed9i th\u1ea5t kh\u00e1c nhau. Nh\u01b0 phong c\u00e1ch hi\u1ec7n \u0111\u1ea1i ho\u1eb7c t\u1ed1i gi\u1ea3n. T\u1ed5ng th\u1ec3 k\u1ec7 tivi c\u00f3 k\u1ebft c\u1ea5u ch\u1eef U t\u1ea1o c\u1ea3m gi\u00e1c h\u00e0i h\u00f2a v\u00e0 c\u00e2n \u0111\u1ed1i cho kh\u00f4ng gian ph\u00f2ng kh\u00e1ch. M\u1eb7t kh\u00e1c, v\u00e1ch tivi tr\u01a1n v\u1edbi m\u00e0u tr\u1eafng v\u00e2n \u0111\u00e1 \u0111\u00e3 gi\u00fap t\u1ea1o \u0111i\u1ec3m nh\u1ea5n \u1ea5n t\u01b0\u1ee3ng trong thi\u1ebft k\u1ebf n\u1ed9i th\u1ea5t.<\/span><\/p>\n<h3><span style=\"color: #000000;\">C\u00f4ng n\u0103ng t\u1ed1i \u01b0u<\/span><\/h3>\n<p><span style=\"color: #000000;\">K\u1ec7 tivi v\u1edbi thi\u1ebft k\u1ebf ch\u1eef U \u0111\u1ed9c \u0111\u00e1o, h\u1ed9c t\u1ee7 m\u1edf v\u00e0 ng\u0103n k\u00e9o gi\u00fap ti\u1ebft ki\u1ec7m t\u1ed1i \u0111a di\u1ec7n t\u00edch, t\u0103ng kh\u00f4ng gian l\u01b0u tr\u1eef.<\/span><\/p>\n<p><span style=\"color: #000000;\">Nh\u1eefng ph\u1ea7n h\u1ed9c t\u1ee7 m\u1edf gi\u00fap b\u1ea1n th\u1ecfa m\u00e3n nhu c\u1ea7u trang tr\u00ed v\u1edbi s\u00e1ch, r\u01b0\u1ee3u, tranh \u1ea3nh, \u0111\u1ed3 l\u01b0u ni\u1ec7m. Ngo\u00e0i ra, \u0111\u1ec3 cho kh\u00f4ng gian s\u1ed1ng th\u00eam sinh \u0111\u1ed9ng th\u00ec b\u1ea1n c\u00f3 th\u1ec3 \u0111\u1eb7t m\u1ed9t b\u00ecnh hoa ho\u1eb7c ch\u1eadu c\u00e2y xanh.<\/span><\/p>\n<h3><span style=\"color: #000000;\">Ch\u1ea5t li\u1ec7u cao c\u1ea5p, b\u1ec1n b\u1ec9<\/span><\/h3>\n<p><span style=\"color: #000000;\">C\u00f3 l\u1ebd r\u1eb1ng, v\u00e1n g\u1ed7 c\u00f4ng nghi\u1ec7p MDF kh\u00f4ng c\u00f2n l\u00e0 c\u00e1i t\u00ean qu\u00e1 xa l\u1ea1 trong l\u0129nh v\u1ef1c n\u1ed9i th\u1ea5t. Nh\u1edd nh\u1eefng \u01b0u \u0111i\u1ec3m v\u01b0\u1ee3t tr\u1ed9i v\u00e0 gi\u00e1 th\u00e0nh h\u1ee3p l\u00fd m\u00e0 ch\u1ea5t g\u1ed7 n\u00e0y \u0111ang ng\u00e0y c\u00e0ng ph\u1ed5 bi\u1ebfn trong s\u1ea3n xu\u1ea5t n\u1ed9i th\u1ea5t. Nh\u01b0 b\u1ea1n th\u01b0\u1eddng b\u1eaft g\u1eb7p, g\u1ed7 c\u00f4ng nghi\u1ec7p mdf c\u00f3 m\u1eb7t \u1edf kh\u1eafp m\u1ecdi m\u01a1i. T\u1eeb c\u00e1c s\u1ea3n ph\u1ea9m n\u1ed9i th\u1ea5t gia \u0111\u00ecnh. Nh\u01b0 <span style=\"color: #0000ff;\"><a style=\"color: #0000ff;\" href=\"https:\/\/qghome.vn\/noi-that-chung-cu\/noi-that-phong-ngu\/giuong-ngu\/\">gi\u01b0\u1eddng ng\u1ee7<\/a>,\u00a0<a style=\"color: #0000ff;\" href=\"https:\/\/qghome.vn\/noi-that-chung-cu\/noi-that-phong-ngu\/tu-quan-ao\/\">t\u1ee7 qu\u1ea7n \u00e1o<\/a>,\u00a0<a style=\"color: #0000ff;\" href=\"https:\/\/qghome.vn\/noi-that-chung-cu\/noi-that-phong-ngu\/ban-hoc-qg\/\">b\u00e0n h\u1ecdc<\/a>,\u00a0<a style=\"color: #0000ff;\" href=\"https:\/\/qghome.vn\/noi-that-chung-cu\/noi-that-phong-ngu\/ban-trang-diem-qg\/\">b\u00e0n trang \u0111i\u1ec3m<\/a><\/span>, v\u00e1ch tivi ph\u00f2ng kh\u00e1ch \u0111\u1eb9p. \u0110\u1ebfn c\u00e1c s\u1ea3n ph\u1ea9m thu\u1ed9c d\u00f2ng <span style=\"color: #0000ff;\"><a style=\"color: #0000ff;\" href=\"https:\/\/qghome.vn\/san-pham\/noi-that-van-phong\/\">n\u1ed9i th\u1ea5t v\u0103n ph\u00f2ng<\/a><\/span> nh\u01b0 b\u00e0n gi\u00e1m \u0111\u1ed1c, b\u00e0n nh\u00e2n vi\u00ean, t\u1ee7 t\u00e0i li\u1ec7u, gh\u1ebf xoay\u2026<\/span><\/p>\n<p><span style=\"color: #000000;\"><img loading=\"lazy\" decoding=\"async\" class=\"size-full wp-image-14075 alignright\" src=\"https:\/\/qghome.vn\/wp-content\/uploads\/2025\/02\/go-mdf-02-1.jpg\" sizes=\"auto, (max-width: 300px) 100vw, 300px\" srcset=\"https:\/\/qghome.vn\/wp-content\/uploads\/2025\/02\/go-mdf-02-1.jpg 300w, https:\/\/qghome.vn\/wp-content\/uploads\/2025\/02\/go-mdf-02-1-280x280.jpg 280w, https:\/\/qghome.vn\/wp-content\/uploads\/2025\/02\/go-mdf-02-1-247x247.jpg 247w, https:\/\/qghome.vn\/wp-content\/uploads\/2025\/02\/go-mdf-02-1-100x100.jpg 100w\" alt=\"M\u1ed9t s\u1ed1 g\u1ee3i \u00fd m\u00e0u s\u1eafc g\u1ed7 mdf\" width=\"300\" height=\"300\" \/><\/span><\/p>\n<p><span style=\"color: #000000;\">Hi\u1ec7n nay c\u00f3 r\u1ea5t nhi\u1ec1u lo\u1ea1i g\u1ed7 c\u00f4ng nghi\u1ec7p kh\u00e1c nhau. Tuy nhi\u00ean v\u1edbi ti\u00eau ch\u00ed t\u1ed1i \u01b0u h\u00f3a tr\u1ea3i nghi\u1ec7m kh\u00e1ch h\u00e0ng th\u00ec ch\u1ea5t l\u01b0\u1ee3ng s\u1ea3n ph\u1ea9m lu\u00f4n \u0111\u01b0\u1ee3c QG Home \u0111\u1eb7t l\u00ean h\u00e0ng \u0111\u1ea7u. Ch\u00fang t\u00f4i \u0111\u00e3 ch\u1ecdn l\u1ecdc lo\u1ea1i g\u1ed7 c\u00f3 ch\u1ea5t l\u01b0\u1ee3ng \u0111\u1ea3m b\u1ea3o tu\u1ed5i th\u1ecd v\u00e0 t\u1ed1i \u01b0u. \u0110\u1ec3 cho ra \u0111\u1eddi nh\u1eefng s\u1ea3n ph\u1ea9m n\u1ed9i th\u1ea5t ho\u00e0n thi\u1ec7n nh\u1ea5t.<\/span><\/p>\n<h5><span style=\"color: #000000;\">\u01afu \u0111i\u1ec3m:<\/span><\/h5>\n<p><span style=\"color: #000000;\">G\u1ed7 c\u00f4ng nghi\u1ec7p c\u00f3 ngu\u1ed3n g\u1ed1c t\u1eeb g\u1ed7 t\u1ef1 nhi\u00ean \u0111\u00e3 qua ch\u1ebf bi\u1ebfn. Tr\u1ea3i qua c\u00f4ng ngh\u1ec7 v\u00e0 d\u00e2y chuy\u1ec1n hi\u1ec7n \u0111\u1ea1i nh\u1eefng v\u00e1n g\u1ed7 MDF ph\u1ee7 melamine ra \u0111\u1eddi. V\u00e0 mang \u0111\u1ebfn r\u1ea5t nhi\u1ec1u c\u00f4ng d\u1ee5ng tuy\u1ec7t v\u1eddi nh\u01b0:<\/span><\/p>\n<ul>\n<li><span style=\"color: #000000;\">H\u1ea1n ch\u1ebf \u0111\u01b0\u1ee3c m\u1ed9t s\u1ed1 nh\u01b0\u1ee3c \u0111i\u1ec3m c\u1ee7a g\u1ed7 t\u1ef1 nhi\u00ean. Nh\u01b0 t\u00ecnh tr\u1ea1ng cong v\u00eanh, m\u1ed1i m\u1ecdt, \u1ea9m m\u1ed1c nh\u1edd l\u1edbp keo \u00e9p ch\u1eafc ch\u1eafn.<\/span><\/li>\n<li><span style=\"color: #000000;\">B\u1ec1 m\u1eb7t tr\u01a1n b\u00f3ng d\u1ec5 d\u00e0ng thi c\u00f4ng v\u00e0 v\u1ec7 sinh lau ch\u00f9i.<\/span><\/li>\n<li><span style=\"color: #000000;\">M\u00e0u s\u1eafc \u0111a d\u1ea1ng: G\u1ed7 c\u00f4ng nghi\u1ec7p MDF c\u00f3 m\u00e0u s\u1eafc v\u00e0 ki\u1ec3u v\u00e2n g\u1ed7 \u0111a d\u1ea1ng, b\u1eaft m\u1eaft. Kh\u00e1ch h\u00e0ng c\u00f3 th\u1ec3 tho\u1ea3i m\u00e1i l\u1ef1a ch\u1ecdn theo s\u1edf th\u00edch.<\/span><\/li>\n<li><span style=\"color: #000000;\">Gi\u00e1 th\u00e0nh r\u1ebb h\u01a1n nhi\u1ec1u so v\u1edbi g\u1ed7 t\u1ef1 nhi\u00ean.<\/span><\/li>\n<\/ul>\n<p><span style=\"color: #000000;\">N\u1ebfu b\u1ea1n \u0111\u00e3 c\u1ea3m th\u1ea5y \u01b0ng \u00fd v\u1ec1 s\u1ea3n ph\u1ea9m th\u00ec h\u00e3y nhanh tay s\u1eafm ngay cho gia \u0111\u00ecnh m\u00ecnh m\u1eabu v\u00e1ch tivi ph\u00f2ng kh\u00e1ch VTVQ02 t\u1ea1i QG Home b\u1ea1n nh\u00e9!<\/span><\/p>\n<p>&nbsp;<\/p>\n","protected":false},"excerpt":{"rendered":"<p>V\u00e1ch tivi \u0111\u1eb9p VTVQ02 S\u1edf h\u1eefu m\u1ed9t m\u1eabu v\u00e1ch tivi \u0111\u1eb9p gi\u00fap kh\u00f4ng gian ph\u00f2ng kh\u00e1ch c\u1ee7a b\u1ea1n tr\u1edf n\u00ean hi\u1ec7n \u0111\u1ea1i, sang tr\u1ecdng v\u00e0 l\u1ecbch s\u1ef1. Kh\u00f4ng nh\u1eefng v\u1eady, thi\u1ebft k\u1ebf c\u1ee7a v\u00e1ch tivi c\u00f2n th\u1ec3 hi\u1ec7n phong c\u00e1ch th\u1ea9m m\u1ef9 v\u00e0 l\u1ed1i s\u1ed1ng c\u1ee7a gia ch\u1ee7. N\u1ebfu b\u1ea1n l\u00e0 ng\u01b0\u1eddi y\u00eau th\u00edch s\u1ef1&#8230;<\/p>\n","protected":false},"featured_media":14079,"comment_status":"open","ping_status":"closed","template":"","meta":[],"product_cat":[682,732],"product_tag":[],"class_list":["post-14078","product","type-product","status-publish","has-post-thumbnail","hentry","product_cat-noi-that-phong-khach","product_cat-vach-tivi-phong-khach"],"yoast_head":"<!-- This site is optimized with the Yoast SEO plugin v19.9 - https:\/\/yoast.com\/wordpress\/plugins\/seo\/ -->\n<title>V\u00e1ch tivi \u0111\u1eb9p VTVQ02<\/title>\n<meta name=\"description\" content=\"Kh\u00e1m ph\u00e1 m\u1eabu v\u00e1ch tivi ph\u00f2ng kh\u00e1ch \u0111\u1eb9p, hi\u1ec7n \u0111\u1ea1i, gi\u00e1 r\u1ebb, \u0111a d\u1ea1ng m\u1eabu m\u00e3. V\u00e1ch ng\u0103n ph\u00f2ng kh\u00e1ch k\u1ebft h\u1ee3p k\u1ec7 tivi, b\u1ee9c v\u00e1ch tivi.\" \/>\n<meta name=\"robots\" content=\"index, follow, max-snippet:-1, max-image-preview:large, max-video-preview:-1\" \/>\n<link rel=\"canonical\" href=\"https:\/\/luan.webrt.net\/qhome\/san-pham\/vach-tivi-dep\/\" \/>\n<meta property=\"og:locale\" content=\"vi_VN\" \/>\n<meta property=\"og:type\" content=\"article\" \/>\n<meta property=\"og:title\" content=\"V\u00e1ch tivi \u0111\u1eb9p VTVQ02\" \/>\n<meta property=\"og:description\" content=\"Kh\u00e1m ph\u00e1 m\u1eabu v\u00e1ch tivi ph\u00f2ng kh\u00e1ch \u0111\u1eb9p, hi\u1ec7n \u0111\u1ea1i, gi\u00e1 r\u1ebb, \u0111a d\u1ea1ng m\u1eabu m\u00e3. V\u00e1ch ng\u0103n ph\u00f2ng kh\u00e1ch k\u1ebft h\u1ee3p k\u1ec7 tivi, b\u1ee9c v\u00e1ch tivi.\" \/>\n<meta property=\"og:url\" content=\"https:\/\/luan.webrt.net\/qhome\/san-pham\/vach-tivi-dep\/\" \/>\n<meta property=\"og:site_name\" content=\"M\u1eabu web n\u1ed9i th\u1ea5t\" \/>\n<meta property=\"article:publisher\" content=\"https:\/\/www.facebook.com\/noithatqghome\" \/>\n<meta property=\"article:modified_time\" content=\"2025-03-29T11:15:28+00:00\" \/>\n<meta property=\"og:image\" content=\"https:\/\/luan.webrt.net\/qhome\/wp-content\/uploads\/2025\/02\/ke-vach-tivi-02.jpg\" \/>\n\t<meta property=\"og:image:width\" content=\"1000\" \/>\n\t<meta property=\"og:image:height\" content=\"666\" \/>\n\t<meta property=\"og:image:type\" content=\"image\/jpeg\" \/>\n<meta name=\"twitter:card\" content=\"summary_large_image\" \/>\n<meta name=\"twitter:label1\" content=\"\u01af\u1edbc t\u00ednh th\u1eddi gian \u0111\u1ecdc\" \/>\n\t<meta name=\"twitter:data1\" content=\"5 ph\u00fat\" \/>\n<script type=\"application\/ld+json\" class=\"yoast-schema-graph\">{\"@context\":\"https:\/\/schema.org\",\"@graph\":[{\"@type\":\"WebPage\",\"@id\":\"https:\/\/luan.webrt.net\/qhome\/san-pham\/vach-tivi-dep\/\",\"url\":\"https:\/\/luan.webrt.net\/qhome\/san-pham\/vach-tivi-dep\/\",\"name\":\"V\u00e1ch tivi \u0111\u1eb9p VTVQ02\",\"isPartOf\":{\"@id\":\"https:\/\/luan.webrt.net\/qhome\/#website\"},\"datePublished\":\"2025-02-27T13:03:56+00:00\",\"dateModified\":\"2025-03-29T11:15:28+00:00\",\"description\":\"Kh\u00e1m ph\u00e1 m\u1eabu v\u00e1ch tivi ph\u00f2ng kh\u00e1ch \u0111\u1eb9p, hi\u1ec7n \u0111\u1ea1i, gi\u00e1 r\u1ebb, \u0111a d\u1ea1ng m\u1eabu m\u00e3. V\u00e1ch ng\u0103n ph\u00f2ng kh\u00e1ch k\u1ebft h\u1ee3p k\u1ec7 tivi, b\u1ee9c v\u00e1ch tivi.\",\"breadcrumb\":{\"@id\":\"https:\/\/luan.webrt.net\/qhome\/san-pham\/vach-tivi-dep\/#breadcrumb\"},\"inLanguage\":\"vi\",\"potentialAction\":[{\"@type\":\"ReadAction\",\"target\":[\"https:\/\/luan.webrt.net\/qhome\/san-pham\/vach-tivi-dep\/\"]}]},{\"@type\":\"BreadcrumbList\",\"@id\":\"https:\/\/luan.webrt.net\/qhome\/san-pham\/vach-tivi-dep\/#breadcrumb\",\"itemListElement\":[{\"@type\":\"ListItem\",\"position\":1,\"name\":\"Trang ch\u1ee7\",\"item\":\"https:\/\/luan.webrt.net\/qhome\/\"},{\"@type\":\"ListItem\",\"position\":2,\"name\":\"Shop\",\"item\":\"https:\/\/luan.webrt.net\/qhome\/shop\/\"},{\"@type\":\"ListItem\",\"position\":3,\"name\":\"V\u00e1ch tivi \u0111\u1eb9p VTVQ02\"}]},{\"@type\":\"WebSite\",\"@id\":\"https:\/\/luan.webrt.net\/qhome\/#website\",\"url\":\"https:\/\/luan.webrt.net\/qhome\/\",\"name\":\"M\u1eabu web n\u1ed9i th\u1ea5t\",\"description\":\"QGHome Vi\u1ec7t Nam\",\"publisher\":{\"@id\":\"https:\/\/luan.webrt.net\/qhome\/#organization\"},\"potentialAction\":[{\"@type\":\"SearchAction\",\"target\":{\"@type\":\"EntryPoint\",\"urlTemplate\":\"https:\/\/luan.webrt.net\/qhome\/?s={search_term_string}\"},\"query-input\":\"required name=search_term_string\"}],\"inLanguage\":\"vi\"},{\"@type\":\"Organization\",\"@id\":\"https:\/\/luan.webrt.net\/qhome\/#organization\",\"name\":\"QGHome\",\"url\":\"https:\/\/luan.webrt.net\/qhome\/\",\"logo\":{\"@type\":\"ImageObject\",\"inLanguage\":\"vi\",\"@id\":\"https:\/\/luan.webrt.net\/qhome\/#\/schema\/logo\/image\/\",\"url\":\"https:\/\/qghome.vn\/wp-content\/uploads\/2025\/08\/logo-mau-MauTH-21.png\",\"contentUrl\":\"https:\/\/qghome.vn\/wp-content\/uploads\/2025\/08\/logo-mau-MauTH-21.png\",\"width\":253,\"height\":99,\"caption\":\"QGHome\"},\"image\":{\"@id\":\"https:\/\/luan.webrt.net\/qhome\/#\/schema\/logo\/image\/\"},\"sameAs\":[\"https:\/\/www.tiktok.com\/@qghome.official\",\"https:\/\/www.youtube.com\/channel\/UCeVBuKTXkv-u94DS421cklw\",\"https:\/\/www.facebook.com\/noithatqghome\"]}]}<\/script>\n<!-- \/ Yoast SEO plugin. -->","yoast_head_json":{"title":"V\u00e1ch tivi \u0111\u1eb9p VTVQ02","description":"Kh\u00e1m ph\u00e1 m\u1eabu v\u00e1ch tivi ph\u00f2ng kh\u00e1ch \u0111\u1eb9p, hi\u1ec7n \u0111\u1ea1i, gi\u00e1 r\u1ebb, \u0111a d\u1ea1ng m\u1eabu m\u00e3. V\u00e1ch ng\u0103n ph\u00f2ng kh\u00e1ch k\u1ebft h\u1ee3p k\u1ec7 tivi, b\u1ee9c v\u00e1ch tivi.","robots":{"index":"index","follow":"follow","max-snippet":"max-snippet:-1","max-image-preview":"max-image-preview:large","max-video-preview":"max-video-preview:-1"},"canonical":"https:\/\/luan.webrt.net\/qhome\/san-pham\/vach-tivi-dep\/","og_locale":"vi_VN","og_type":"article","og_title":"V\u00e1ch tivi \u0111\u1eb9p VTVQ02","og_description":"Kh\u00e1m ph\u00e1 m\u1eabu v\u00e1ch tivi ph\u00f2ng kh\u00e1ch \u0111\u1eb9p, hi\u1ec7n \u0111\u1ea1i, gi\u00e1 r\u1ebb, \u0111a d\u1ea1ng m\u1eabu m\u00e3. V\u00e1ch ng\u0103n ph\u00f2ng kh\u00e1ch k\u1ebft h\u1ee3p k\u1ec7 tivi, b\u1ee9c v\u00e1ch tivi.","og_url":"https:\/\/luan.webrt.net\/qhome\/san-pham\/vach-tivi-dep\/","og_site_name":"M\u1eabu web n\u1ed9i th\u1ea5t","article_publisher":"https:\/\/www.facebook.com\/noithatqghome","article_modified_time":"2025-03-29T11:15:28+00:00","og_image":[{"width":1000,"height":666,"url":"https:\/\/luan.webrt.net\/qhome\/wp-content\/uploads\/2025\/02\/ke-vach-tivi-02.jpg","type":"image\/jpeg"}],"twitter_card":"summary_large_image","twitter_misc":{"\u01af\u1edbc t\u00ednh th\u1eddi gian \u0111\u1ecdc":"5 ph\u00fat"},"schema":{"@context":"https:\/\/schema.org","@graph":[{"@type":"WebPage","@id":"https:\/\/luan.webrt.net\/qhome\/san-pham\/vach-tivi-dep\/","url":"https:\/\/luan.webrt.net\/qhome\/san-pham\/vach-tivi-dep\/","name":"V\u00e1ch tivi \u0111\u1eb9p VTVQ02","isPartOf":{"@id":"https:\/\/luan.webrt.net\/qhome\/#website"},"datePublished":"2025-02-27T13:03:56+00:00","dateModified":"2025-03-29T11:15:28+00:00","description":"Kh\u00e1m ph\u00e1 m\u1eabu v\u00e1ch tivi ph\u00f2ng kh\u00e1ch \u0111\u1eb9p, hi\u1ec7n \u0111\u1ea1i, gi\u00e1 r\u1ebb, \u0111a d\u1ea1ng m\u1eabu m\u00e3. V\u00e1ch ng\u0103n ph\u00f2ng kh\u00e1ch k\u1ebft h\u1ee3p k\u1ec7 tivi, b\u1ee9c v\u00e1ch tivi.","breadcrumb":{"@id":"https:\/\/luan.webrt.net\/qhome\/san-pham\/vach-tivi-dep\/#breadcrumb"},"inLanguage":"vi","potentialAction":[{"@type":"ReadAction","target":["https:\/\/luan.webrt.net\/qhome\/san-pham\/vach-tivi-dep\/"]}]},{"@type":"BreadcrumbList","@id":"https:\/\/luan.webrt.net\/qhome\/san-pham\/vach-tivi-dep\/#breadcrumb","itemListElement":[{"@type":"ListItem","position":1,"name":"Trang ch\u1ee7","item":"https:\/\/luan.webrt.net\/qhome\/"},{"@type":"ListItem","position":2,"name":"Shop","item":"https:\/\/luan.webrt.net\/qhome\/shop\/"},{"@type":"ListItem","position":3,"name":"V\u00e1ch tivi \u0111\u1eb9p VTVQ02"}]},{"@type":"WebSite","@id":"https:\/\/luan.webrt.net\/qhome\/#website","url":"https:\/\/luan.webrt.net\/qhome\/","name":"M\u1eabu web n\u1ed9i th\u1ea5t","description":"QGHome Vi\u1ec7t Nam","publisher":{"@id":"https:\/\/luan.webrt.net\/qhome\/#organization"},"potentialAction":[{"@type":"SearchAction","target":{"@type":"EntryPoint","urlTemplate":"https:\/\/luan.webrt.net\/qhome\/?s={search_term_string}"},"query-input":"required name=search_term_string"}],"inLanguage":"vi"},{"@type":"Organization","@id":"https:\/\/luan.webrt.net\/qhome\/#organization","name":"QGHome","url":"https:\/\/luan.webrt.net\/qhome\/","logo":{"@type":"ImageObject","inLanguage":"vi","@id":"https:\/\/luan.webrt.net\/qhome\/#\/schema\/logo\/image\/","url":"https:\/\/qghome.vn\/wp-content\/uploads\/2025\/08\/logo-mau-MauTH-21.png","contentUrl":"https:\/\/qghome.vn\/wp-content\/uploads\/2025\/08\/logo-mau-MauTH-21.png","width":253,"height":99,"caption":"QGHome"},"image":{"@id":"https:\/\/luan.webrt.net\/qhome\/#\/schema\/logo\/image\/"},"sameAs":["https:\/\/www.tiktok.com\/@qghome.official","https:\/\/www.youtube.com\/channel\/UCeVBuKTXkv-u94DS421cklw","https:\/\/www.facebook.com\/noithatqghome"]}]}},"_links":{"self":[{"href":"https:\/\/luan.webrt.net\/qhome\/wp-json\/wp\/v2\/product\/14078","targetHints":{"allow":["GET"]}}],"collection":[{"href":"https:\/\/luan.webrt.net\/qhome\/wp-json\/wp\/v2\/product"}],"about":[{"href":"https:\/\/luan.webrt.net\/qhome\/wp-json\/wp\/v2\/types\/product"}],"replies":[{"embeddable":true,"href":"https:\/\/luan.webrt.net\/qhome\/wp-json\/wp\/v2\/comments?post=14078"}],"wp:featuredmedia":[{"embeddable":true,"href":"https:\/\/luan.webrt.net\/qhome\/wp-json\/wp\/v2\/media\/14079"}],"wp:attachment":[{"href":"https:\/\/luan.webrt.net\/qhome\/wp-json\/wp\/v2\/media?parent=14078"}],"wp:term":[{"taxonomy":"product_cat","embeddable":true,"href":"https:\/\/luan.webrt.net\/qhome\/wp-json\/wp\/v2\/product_cat?post=14078"},{"taxonomy":"product_tag","embeddable":true,"href":"https:\/\/luan.webrt.net\/qhome\/wp-json\/wp\/v2\/product_tag?post=14078"}],"curies":[{"name":"wp","href":"https:\/\/api.w.org\/{rel}","templated":true}]}}