{"id":14052,"date":"2025-02-20T14:42:12","date_gmt":"2025-02-20T14:42:12","guid":{"rendered":"https:\/\/qghome.vn\/?post_type=product&#038;p=14052"},"modified":"2025-03-29T11:13:36","modified_gmt":"2025-03-29T11:13:36","slug":"vach-tivi-phong-khach-dep-vtvq01","status":"publish","type":"product","link":"https:\/\/luan.webrt.net\/qhome\/san-pham\/vach-tivi-phong-khach-dep-vtvq01\/","title":{"rendered":"V\u00e1ch tivi ph\u00f2ng kh\u00e1ch \u0111\u1eb9p VTVQ01"},"content":{"rendered":"<h1><span style=\"color: #000000;\">V\u00e1ch tivi ph\u00f2ng kh\u00e1ch \u0111\u1eb9p VTVQ01<\/span><\/h1>\n<h3><span style=\"color: #000000;\">T\u1ed5ng quan v\u1ec1 s\u1ea3n ph\u1ea9m<\/span><\/h3>\n<p><span style=\"color: #000000;\">V\u00e1ch ng\u0103n ph\u00f2ng kh\u00e1ch k\u1ebft h\u1ee3p k\u1ec7 tivi VTVQ01 c\u00f3 thi\u1ebft k\u1ebf t\u1ed1i gi\u1ea3n nh\u01b0ng v\u1eabn to\u00e1t l\u00ean n\u00e9t hi\u1ec7n \u0111\u1ea1i, thanh l\u1ecbch. V\u1edbi ki\u1ec3u d\u00e1ng sang tr\u1ecdng, ch\u1ea5t li\u1ec7u cao c\u1ea5p, b\u1ee9c v\u00e1ch tivi n\u00e0y r\u1ea5t x\u1ee9ng \u0111\u00e1ng c\u00f3 m\u1eb7t trong kh\u00f4ng gian s\u1ed1ng l\u00fd t\u01b0\u1edfng c\u1ee7a b\u1ea1n.<\/span><\/p>\n<table style=\"border-collapse: collapse; width: 100%; height: 119px;\">\n<tbody>\n<tr style=\"height: 86px;\">\n<td style=\"width: 13.4773%; height: 56px;\"><span style=\"color: #000000;\">K\u00edch th\u01b0\u1edbc<\/span><\/td>\n<td style=\"width: 86.5226%; height: 46px;\"><span style=\"color: #000000;\">\u00a0K\u1ec7 tivi: D\u00e0i 2400mm x R\u1ed9ng 350mm<\/span><\/p>\n<p><span style=\"color: #000000;\">T\u1ee7 trang tr\u00ed: D\u00e0i 1000mm x R\u1ed9ng 350mm x Cao 3000mm<\/span><\/p>\n<p><span style=\"color: #000000;\">V\u00e1ch tivi: D\u00e0i 3200mm x Cao 3000mm<\/span><\/td>\n<\/tr>\n<tr style=\"height: 21px;\">\n<td style=\"width: 13.4773%; height: 21px;\"><span style=\"color: #000000;\">Ch\u1ea5t li\u1ec7u<\/span><\/td>\n<td style=\"width: 86.5226%; height: 21px;\"><span style=\"color: #000000;\">T\u1ee7 + K\u1ec7 tivi:\u00a0 \u0110\u01b0\u1ee3c ch\u1ecdn l\u1ecdc v\u00e0 s\u1ea3n xu\u1ea5t t\u1eeb g\u1ed7 MDF ph\u1ee7 melamine cao c\u1ea5p, c\u00f3 nh\u1eefng \u01b0u \u0111i\u1ec3m v\u01b0\u1ee3t tr\u1ed9i nh\u01b0:<\/span><\/p>\n<ul>\n<li><span style=\"color: #000000;\">Ch\u1ed1ng th\u1ea5m m\u01b0\u1edbc, ch\u1ed1ng m\u1ed1i m\u1ecdt, d\u1ec5 v\u1ec7 sinh lau ch\u00f9i.<\/span><\/li>\n<li><span style=\"color: #000000;\">H\u1ea1n ch\u1ebf cong v\u00eanh, kh\u00f4ng b\u1ecb co ng\u00f3t.<\/span><\/li>\n<li><span style=\"color: #000000;\">An to\u00e0n khi s\u1eed d\u1ee5ng. Th\u00e2n thi\u1ec7n v\u1edbi m\u00f4i tr\u01b0\u1eddng.<\/span><\/li>\n<li><span style=\"color: #000000;\">M\u00e0u s\u1eafc \u0111a d\u1ea1ng, d\u1ec5 ph\u1ed1i m\u00e0u theo phong c\u00e1ch ri\u00eang.<\/span><\/li>\n<\/ul>\n<p><span style=\"color: #000000;\">V\u00e1ch nh\u1ef1a lam s\u00f3ng<\/span><\/td>\n<\/tr>\n<tr style=\"height: 21px;\">\n<td style=\"width: 13.4773%; height: 21px;\"><span style=\"color: #000000;\">M\u00e0u s\u1eafc<\/span><\/td>\n<td style=\"width: 86.5226%; height: 21px;\"><span style=\"color: #000000;\">M\u00e0u tr\u1eafng \u0111\u1ee5c, m\u00e0u ghi k\u1ebft h\u1ee3p m\u00e0u v\u00e2n \u0111\u00e1.<\/span><\/p>\n<p><span style=\"color: #000000;\">Ngo\u00e0i ra kh\u00e1ch h\u00e0ng c\u00f3 th\u1ec3 l\u1ef1a ch\u1ecdn c\u00e1c m\u00e3 m\u00e0u kh\u00e1c theo nhu c\u1ea7u.<\/span><\/td>\n<\/tr>\n<tr style=\"height: 21px;\">\n<td style=\"width: 13.4773%; height: 21px;\"><span style=\"color: #000000;\">B\u1ea3o h\u00e0nh<\/span><\/td>\n<td style=\"width: 86.5226%; height: 21px;\"><span style=\"color: #000000;\">H\u1ed7 tr\u1ee3 kh\u00e1ch h\u00e0ng b\u1ea3o h\u00e0nh 12 th\u00e1ng theo ti\u00eau chu\u1ea9n nh\u00e0 m\u00e1y.<\/span><\/td>\n<\/tr>\n<\/tbody>\n<\/table>\n<div><\/div>\n<div><span style=\"color: #000000;\">L\u01b0u \u00fd: Gi\u00e1 th\u00e0nh s\u1ea3n ph\u1ea9m ch\u01b0a bao g\u1ed3m \u0111\u00e8n LED<\/span><\/div>\n<div><span style=\"color: #000000;\">\u0110\u1ec3 c\u00f3 c\u00e1i nh\u00ecn s\u00e2u h\u01a1n v\u1ec1 nh\u1eefng \u0111\u1eb7c \u0111i\u1ec3m ri\u00eang c\u1ee7a s\u1ea3n ph\u1ea9m. M\u1eddi b\u1ea1n tham kh\u1ea3o ph\u1ea7n th\u00f4ng chi ti\u1ebft v\u1ec1 m\u1eabu v\u00e1ch tivi \u0111\u1eb9p VTVQ01 \u0111\u01b0\u1ee3c QG Home chia s\u1ebb d\u01b0\u1edbi \u0111\u00e2y nh\u00e9.<\/span><\/div>\n<h3><span style=\"color: #000000;\">Phong c\u00e1ch thi\u1ebft k\u1ebf hi\u1ec7n \u0111\u1ea1i &#8211; Ph\u00f9 h\u1ee3p m\u1ecdi kh\u00f4ng gian s\u1ed1ng<\/span><\/h3>\n<p><span style=\"color: #000000;\">Phong c\u00e1ch thi\u1ebft k\u1ebf l\u00e0 \u0111i\u1ec1u m\u00e0 h\u1ea7u h\u1ebft m\u1ecdi gia ch\u1ee7 \u0111\u1ec1u quan t\u00e2m khi mu\u1ed1n thi\u1ebft k\u1ebf v\u00e1ch tivi. B\u1edfi l\u1ebd, m\u1ed9t b\u1ee9c v\u00e1ch tivi ph\u00f2ng kh\u00e1ch \u0111\u1eb9p c\u00f2n c\u1ea7n ph\u1ee5 thu\u1ed9c v\u00e0o phong c\u00e1ch thi\u1ebft k\u1ebf chung c\u1ee7a to\u00e0n b\u1ed9 c\u0103n h\u1ed9.<\/span><\/p>\n<p><span style=\"color: #000000;\">\u0110\u1ed1i v\u1edbi m\u1eabu v\u00e1ch ng\u0103n ph\u00f2ng kh\u00e1ch k\u1ebft h\u1ee3p k\u1ec7 tivi VTVQ01. QG Home \u0111\u00e3 th\u1ed5i h\u1ed3n phong c\u00e1ch n\u1ed9i th\u1ea5t hi\u1ec7n \u0111\u1ea1i v\u00e0o to\u00e0n b\u1ed9 s\u1ea3n ph\u1ea9m. \u0110\u1ec3 c\u00f3 th\u1ec3 \u0111em \u0111\u1ebfn s\u1ef1 t\u1ed1i gi\u1ea3n, g\u1ecdn g\u00e0ng m\u00e0 sang tr\u1ecdng, thanh l\u1ecbch.<\/span><\/p>\n<p><span style=\"color: #000000;\">M\u1eabu k\u1ec7 tivi ki\u00eam v\u00e1ch ng\u0103n ph\u00f2ng kh\u00e1ch VTVQ01 ph\u00f9 h\u1ee3p cho nhi\u1ec1u phong c\u00e1ch thi\u1ebft k\u1ebf n\u1ed9i th\u1ea5t nh\u00e0 \u1edf th\u1ecbnh h\u00e0nh. C\u00f3 th\u1ec3 k\u1ec3 \u0111\u1ebfn nh\u01b0: phong c\u00e1ch hi\u1ec7n \u0111\u1ea1i (Modern style), phong c\u00e1ch t\u1ed1i gi\u1ea3n (Minimalism style), phong c\u00e1ch Scandinavian,&#8230;<\/span><\/p>\n<p><span style=\"color: #000000;\"><img loading=\"lazy\" decoding=\"async\" class=\"size-full wp-image-14053 aligncenter\" src=\"http:\/\/qghome.vn\/wp-content\/uploads\/2025\/02\/ke-tivi-vach-ngan-phong-khach-01.jpg\" alt=\"V\u00e1ch tivi ph\u00f2ng kh\u00e1ch g\u1ed7 c\u00f4ng nghi\u1ec7p \u0111\u1eb9p hi\u1ec7n \u0111\u1ea1i\" width=\"1000\" height=\"666\" srcset=\"https:\/\/luan.webrt.net\/qhome\/wp-content\/uploads\/2025\/02\/ke-tivi-vach-ngan-phong-khach-01.jpg 1000w, https:\/\/luan.webrt.net\/qhome\/wp-content\/uploads\/2025\/02\/ke-tivi-vach-ngan-phong-khach-01-510x340.jpg 510w, https:\/\/luan.webrt.net\/qhome\/wp-content\/uploads\/2025\/02\/ke-tivi-vach-ngan-phong-khach-01-601x400.jpg 601w, https:\/\/luan.webrt.net\/qhome\/wp-content\/uploads\/2025\/02\/ke-tivi-vach-ngan-phong-khach-01-768x511.jpg 768w\" sizes=\"auto, (max-width: 1000px) 100vw, 1000px\" \/><\/span><\/p>\n<h3><span style=\"color: #000000;\">C\u00f4ng n\u0103ng \u0111a d\u1ea1ng, t\u1ed1i \u01b0u<\/span><\/h3>\n<p><span style=\"color: #000000;\">M\u1eabu v\u00e1ch tivi \u0111\u1eb9p VTVQ01 mang l\u1ea1i gi\u00e1 tr\u1ecb th\u1ea9m m\u1ef9 cao cho ng\u01b0\u1eddi s\u1eed d\u1ee5ng nh\u1edd thi\u1ebft k\u1ebf \u0111\u1ed9c \u0111\u00e1o, ph\u00f9 h\u1ee3p xu th\u1ebf. Kh\u00e1c h\u1eb3n v\u1edbi m\u00e0u tr\u01a1n c\u1ee7a t\u1ee7 tivi ch\u1eef L, ph\u1ea7n v\u00e1ch tivi mang n\u1ec1n tr\u1eafng v\u00e2n \u0111\u00e1 si\u00eau sang. Ph\u1ea7n v\u00e1ch \u00e1p t\u01b0\u1eddng s\u1eed d\u1ee5ng \u1ed1p lam s\u00f3ng v\u1edbi thi\u1ebft k\u1ebf \u1ea5n t\u01b0\u1ee3ng. Gi\u00fap t\u1ea1o \u0111i\u1ec3m nh\u1ea5n m\u1edbi l\u1ea1 cho h\u1ec7 v\u00e1ch tivi, tr\u00e1nh vi\u1ec7c s\u1eed d\u1ee5ng qu\u00e1 nhi\u1ec1u b\u1ec1 m\u1eb7t tr\u01a1n b\u00f3ng.<\/span><\/p>\n<p><span style=\"color: #000000;\">B\u1ed9 t\u1ee7 tivi ph\u00f2ng kh\u00e1ch \u0111\u01b0\u1ee3c t\u1ed1i \u0111a c\u00f4ng n\u0103ng v\u1edbi nhi\u1ec1u h\u1ed9c t\u1ee7 v\u00e0 ng\u0103n k\u00e9o. Gi\u00fap b\u1ea1n l\u01b0u tr\u1eef c\u00e1c \u0111\u1ed3 l\u1eb7t v\u1eb7t m\u1ed9t c\u00e1ch tho\u1ea3i m\u00e1i v\u00e0 ti\u1ec7n l\u1ee3i, ph\u1ee5 ki\u1ec7n kim lo\u1ea1i ho\u1ea1t \u0111\u1ed9ng tr\u01a1n tru, kh\u00f4ng lo han g\u1ec9 hay b\u00ed r\u00edt. Ri\u00eang \u0111\u1ed1i v\u1edbi ph\u1ea7n h\u1ed9c t\u1ee7 m\u1edf, b\u1ea1n ho\u00e0n to\u00e0n c\u00f3 th\u1ec3 th\u1ecfa m\u00e3n nhu c\u1ea7u trang tr\u00ed v\u1edbi m\u1ed9t s\u1ed1 \u0111\u1ed3 decor nh\u01b0 s\u00e1ch, tranh \u1ea3nh, ch\u1eadu c\u00e2y ho\u1eb7c b\u00ecnh r\u01b0\u1ee3u.<\/span><\/p>\n<p><span style=\"color: #000000;\">K\u1ebft c\u1ea5u s\u1ea3n ph\u1ea9m \u0111\u01b0\u1ee3c s\u1ea3n xu\u1ea5t c\u00f3 quy tr\u00ecnh nghi\u00eam ng\u1eb7t \u0111\u1ec3 \u0111\u1ea3m b\u1ea3o \u0111\u1ed9 ch\u1eafc ch\u1eafn, ho\u00e0n thi\u1ec7n.<\/span><\/p>\n<figure id=\"attachment_14074\" aria-describedby=\"caption-attachment-14074\" style=\"width: 300px\" class=\"wp-caption alignleft\"><img loading=\"lazy\" decoding=\"async\" class=\"wp-image-14074 size-full\" src=\"http:\/\/qghome.vn\/wp-content\/uploads\/2025\/02\/op-nhua-lam-song-01-1.jpg\" alt=\"M\u1ed9t s\u1ed1 m\u1eabu \u1ed1p lam s\u00f3ng v\u1edbi m\u00e0u s\u1eafc \u0111a d\u1ea1ng\" width=\"300\" height=\"374\" \/><figcaption id=\"caption-attachment-14074\" class=\"wp-caption-text\"><span style=\"color: #000000;\">\u1ed0p nh\u1ef1a lam s\u00f3ng<\/span><\/figcaption><\/figure>\n<h3><span style=\"color: #000000;\">G\u1ed7 MDF &#8211; Ch\u1ea5t li\u1ec7u g\u1ed7 th\u1ecbnh h\u00e0nh nh\u1ea5t hi\u1ec7n nay<\/span><\/h3>\n<p><span style=\"color: #000000;\">C\u00f3 l\u1ebd r\u1eb1ng, v\u00e1n g\u1ed7 c\u00f4ng nghi\u1ec7p MDF kh\u00f4ng c\u00f2n l\u00e0 c\u00e1i t\u00ean qu\u00e1 xa l\u1ea1 trong l\u0129nh v\u1ef1c n\u1ed9i th\u1ea5t. Nh\u1edd nh\u1eefng \u01b0u \u0111i\u1ec3m v\u01b0\u1ee3t tr\u1ed9i v\u00e0 gi\u00e1 th\u00e0nh h\u1ee3p l\u00fd m\u00e0 ch\u1ea5t g\u1ed7 n\u00e0y \u0111ang ng\u00e0y c\u00e0ng ph\u1ed5 bi\u1ebfn trong s\u1ea3n xu\u1ea5t n\u1ed9i th\u1ea5t. C\u0169ng nh\u01b0 b\u1ea1n th\u01b0\u1eddng b\u1eaft g\u1eb7p, g\u1ed7 c\u00f4ng nghi\u1ec7p mdf c\u00f3 m\u1eb7t \u1edf kh\u1eafp m\u1ecdi m\u01a1i. T\u1eeb c\u00e1c s\u1ea3n ph\u1ea9m n\u1ed9i th\u1ea5t gia \u0111\u00ecnh nh\u01b0 <span style=\"color: #0000ff;\"><a style=\"color: #0000ff;\" href=\"https:\/\/qghome.vn\/noi-that-chung-cu\/noi-that-phong-ngu\/giuong-ngu\/\">gi\u01b0\u1eddng ng\u1ee7<\/a>, <a style=\"color: #0000ff;\" href=\"https:\/\/qghome.vn\/noi-that-chung-cu\/noi-that-phong-ngu\/tu-quan-ao\/\">t\u1ee7 qu\u1ea7n \u00e1o<\/a>, <a style=\"color: #0000ff;\" href=\"https:\/\/qghome.vn\/noi-that-chung-cu\/noi-that-phong-ngu\/ban-hoc-qg\/\">b\u00e0n h\u1ecdc<\/a>, <a style=\"color: #0000ff;\" href=\"https:\/\/qghome.vn\/noi-that-chung-cu\/noi-that-phong-ngu\/ban-trang-diem-qg\/\">b\u00e0n trang \u0111i\u1ec3m<\/a><\/span>. \u0110\u1ebfn c\u00e1c s\u1ea3n ph\u1ea9m thu\u1ed9c d\u00f2ng <span style=\"color: #0000ff;\"><a style=\"color: #0000ff;\" href=\"https:\/\/qghome.vn\/san-pham\/noi-that-van-phong\/\">n\u1ed9i th\u1ea5t v\u0103n ph\u00f2ng<\/a> <\/span>nh\u01b0 b\u00e0n gi\u00e1m \u0111\u1ed1c, b\u00e0n nh\u00e2n vi\u00ean, t\u1ee7 t\u00e0i li\u1ec7u,&#8230;<\/span><\/p>\n<p><span style=\"color: #000000;\"><img loading=\"lazy\" decoding=\"async\" class=\"size-full wp-image-14075 alignright\" src=\"http:\/\/qghome.vn\/wp-content\/uploads\/2025\/02\/go-mdf-02-1.jpg\" alt=\"M\u1ed9t s\u1ed1 g\u1ee3i \u00fd m\u00e0u s\u1eafc g\u1ed7 mdf\" width=\"300\" height=\"300\" srcset=\"https:\/\/luan.webrt.net\/qhome\/wp-content\/uploads\/2025\/02\/go-mdf-02-1.jpg 300w, https:\/\/luan.webrt.net\/qhome\/wp-content\/uploads\/2025\/02\/go-mdf-02-1-100x100.jpg 100w, https:\/\/luan.webrt.net\/qhome\/wp-content\/uploads\/2025\/02\/go-mdf-02-1-280x280.jpg 280w\" sizes=\"auto, (max-width: 300px) 100vw, 300px\" \/><\/span><\/p>\n<h4><span style=\"color: #000000;\">V\u1eady, ch\u1ea5t l\u01b0\u1ee3ng c\u1ee7a v\u00e1ch tivi g\u1ed7 c\u00f4ng nghi\u1ec7p li\u1ec7u c\u00f3 \u0111\u1ea3m b\u1ea3o b\u1ec1n l\u00e2u?<\/span><\/h4>\n<p><span style=\"color: #000000;\">B\u1ea1n ho\u00e0n to\u00e0n c\u00f3 th\u1ec3 y\u00ean t\u00e2m v\u1ec1 ch\u1ea5t l\u01b0\u1ee3ng c\u1ee7a s\u1ea3n ph\u1ea9m. Hi\u1ec7n nay c\u00f3 r\u1ea5t nhi\u1ec1u lo\u1ea1i g\u1ed7 c\u00f4ng nghi\u1ec7p kh\u00e1c nhau, tuy nhi\u00ean v\u1edbi ti\u00eau ch\u00ed t\u1ed1i \u01b0u h\u00f3a tr\u1ea3i nghi\u1ec7m kh\u00e1ch h\u00e0ng th\u00ec ch\u1ea5t l\u01b0\u1ee3ng s\u1ea3n ph\u1ea9m lu\u00f4n \u0111\u01b0\u1ee3c QG Home \u0111\u1eb7t l\u00ean h\u00e0ng \u0111\u1ea7u. Ch\u00fang t\u00f4i \u0111\u00e3 ch\u1ecdn l\u1ecdc lo\u1ea1i g\u1ed7 c\u00f3 ch\u1ea5t l\u01b0\u1ee3ng \u0111\u1ea3m b\u1ea3o tu\u1ed5i th\u1ecd v\u00e0 t\u1ed1i \u01b0u. \u0111\u1ec3 cho ra \u0111\u1eddi nh\u1eefng s\u1ea3n ph\u1ea9m n\u1ed9i th\u1ea5t ho\u00e0n thi\u1ec7n nh\u1ea5t.<\/span><\/p>\n<p><span style=\"color: #000000;\">G\u1ed7 c\u00f4ng nghi\u1ec7p c\u00f3 ngu\u1ed3n g\u1ed1c t\u1eeb g\u1ed7 t\u1ef1 nhi\u00ean \u0111\u00e3 qua ch\u1ebf bi\u1ebfn. Tr\u1ea3i qua c\u00f4ng ngh\u1ec7 v\u00e0 d\u00e2y chuy\u1ec1n hi\u1ec7n \u0111\u1ea1i nh\u1eefng v\u00e1n g\u1ed7 MDF ph\u1ee7 melamine ra \u0111\u1eddi. V\u00e0 mang \u0111\u1ebfn r\u1ea5t nhi\u1ec1u c\u00f4ng d\u1ee5ng tuy\u1ec7t v\u1eddi nh\u01b0:<\/span><\/p>\n<ul>\n<li><span style=\"color: #000000;\">H\u1ea1n ch\u1ebf \u0111\u01b0\u1ee3c m\u1ed9t s\u1ed1 nh\u01b0\u1ee3c \u0111i\u1ec3m c\u1ee7a g\u1ed7 t\u1ef1 nhi\u00ean. Nh\u01b0 t\u00ecnh tr\u1ea1ng cong v\u00eanh, m\u1ed1i m\u1ecdt, \u1ea9m m\u1ed1c nh\u1edd l\u1edbp keo \u00e9p ch\u1eafc ch\u1eafn.<\/span><\/li>\n<li><span style=\"color: #000000;\">B\u1ec1 m\u1eb7t tr\u01a1n b\u00f3ng d\u1ec5 d\u00e0ng thi c\u00f4ng v\u00e0 v\u1ec7 sinh lau ch\u00f9i.<\/span><\/li>\n<li><span style=\"color: #000000;\">M\u00e0u s\u1eafc \u0111a d\u1ea1ng: G\u1ed7 c\u00f4ng nghi\u1ec7p MDF c\u00f3 m\u00e0u s\u1eafc v\u00e0 ki\u1ec3u v\u00e2n g\u1ed7 \u0111a d\u1ea1ng, b\u1eaft m\u1eaft. Kh\u00e1ch h\u00e0ng c\u00f3 th\u1ec3 tho\u1ea3i m\u00e1i l\u1ef1a ch\u1ecdn theo s\u1edf th\u00edch.<\/span><\/li>\n<li><span style=\"color: #000000;\">Gi\u00e1 th\u00e0nh r\u1ebb h\u01a1n nhi\u1ec1u so v\u1edbi g\u1ed7 t\u1ef1 nhi\u00ean.<\/span><\/li>\n<\/ul>\n<p><span style=\"color: #000000;\">N\u1ebfu b\u1ea1n \u0111\u00e3 c\u1ea3m th\u1ea5y \u01b0ng \u00fd v\u1ec1 s\u1ea3n ph\u1ea9m th\u00ec h\u00e3y nhanh tay s\u1eafm ngay cho gia \u0111\u00ecnh m\u00ecnh m\u1eabu v\u00e1ch tivi ph\u00f2ng kh\u00e1ch VTVQ01 t\u1ea1i QG Home b\u1ea1n nh\u00e9!<\/span><\/p>\n","protected":false},"excerpt":{"rendered":"<p>V\u00e1ch tivi ph\u00f2ng kh\u00e1ch \u0111\u1eb9p VTVQ01 T\u1ed5ng quan v\u1ec1 s\u1ea3n ph\u1ea9m V\u00e1ch ng\u0103n ph\u00f2ng kh\u00e1ch k\u1ebft h\u1ee3p k\u1ec7 tivi VTVQ01 c\u00f3 thi\u1ebft k\u1ebf t\u1ed1i gi\u1ea3n nh\u01b0ng v\u1eabn to\u00e1t l\u00ean n\u00e9t hi\u1ec7n \u0111\u1ea1i, thanh l\u1ecbch. V\u1edbi ki\u1ec3u d\u00e1ng sang tr\u1ecdng, ch\u1ea5t li\u1ec7u cao c\u1ea5p, b\u1ee9c v\u00e1ch tivi n\u00e0y r\u1ea5t x\u1ee9ng \u0111\u00e1ng c\u00f3 m\u1eb7t trong kh\u00f4ng gian&#8230;<\/p>\n","protected":false},"featured_media":14053,"comment_status":"open","ping_status":"closed","template":"","meta":[],"product_cat":[569,682,732,119],"product_tag":[],"class_list":["post-14052","product","type-product","status-publish","has-post-thumbnail","hentry","product_cat-noi-that-chung-cu","product_cat-noi-that-phong-khach","product_cat-vach-tivi-phong-khach","product_cat-san-pham"],"yoast_head":"<!-- This site is optimized with the Yoast SEO plugin v19.9 - https:\/\/yoast.com\/wordpress\/plugins\/seo\/ -->\n<title>V\u00e1ch tivi ph\u00f2ng kh\u00e1ch \u0111\u1eb9p VTVQ01<\/title>\n<meta name=\"description\" content=\"Kh\u00e1m ph\u00e1 m\u1eabu v\u00e1ch tivi ph\u00f2ng kh\u00e1ch \u0111\u1eb9p, hi\u1ec7n \u0111\u1ea1i, gi\u00e1 r\u1ebb, \u0111a d\u1ea1ng m\u1eabu m\u00e3. V\u00e1ch ng\u0103n ph\u00f2ng kh\u00e1ch k\u1ebft h\u1ee3p k\u1ec7 tivi, b\u1ee9c v\u00e1ch tivi.\" \/>\n<meta name=\"robots\" content=\"index, follow, max-snippet:-1, max-image-preview:large, max-video-preview:-1\" \/>\n<link rel=\"canonical\" href=\"https:\/\/luan.webrt.net\/qhome\/san-pham\/vach-tivi-phong-khach-dep-vtvq01\/\" \/>\n<meta property=\"og:locale\" content=\"vi_VN\" \/>\n<meta property=\"og:type\" content=\"article\" \/>\n<meta property=\"og:title\" content=\"V\u00e1ch tivi ph\u00f2ng kh\u00e1ch \u0111\u1eb9p VTVQ01\" \/>\n<meta property=\"og:description\" content=\"Kh\u00e1m ph\u00e1 m\u1eabu v\u00e1ch tivi ph\u00f2ng kh\u00e1ch \u0111\u1eb9p, hi\u1ec7n \u0111\u1ea1i, gi\u00e1 r\u1ebb, \u0111a d\u1ea1ng m\u1eabu m\u00e3. V\u00e1ch ng\u0103n ph\u00f2ng kh\u00e1ch k\u1ebft h\u1ee3p k\u1ec7 tivi, b\u1ee9c v\u00e1ch tivi.\" \/>\n<meta property=\"og:url\" content=\"https:\/\/luan.webrt.net\/qhome\/san-pham\/vach-tivi-phong-khach-dep-vtvq01\/\" \/>\n<meta property=\"og:site_name\" content=\"M\u1eabu web n\u1ed9i th\u1ea5t\" \/>\n<meta property=\"article:publisher\" content=\"https:\/\/www.facebook.com\/noithatqghome\" \/>\n<meta property=\"article:modified_time\" content=\"2025-03-29T11:13:36+00:00\" \/>\n<meta property=\"og:image\" content=\"https:\/\/luan.webrt.net\/qhome\/wp-content\/uploads\/2025\/02\/ke-tivi-vach-ngan-phong-khach-01.jpg\" \/>\n\t<meta property=\"og:image:width\" content=\"1000\" \/>\n\t<meta property=\"og:image:height\" content=\"666\" \/>\n\t<meta property=\"og:image:type\" content=\"image\/jpeg\" \/>\n<meta name=\"twitter:card\" content=\"summary_large_image\" \/>\n<meta name=\"twitter:label1\" content=\"\u01af\u1edbc t\u00ednh th\u1eddi gian \u0111\u1ecdc\" \/>\n\t<meta name=\"twitter:data1\" content=\"6 ph\u00fat\" \/>\n<script type=\"application\/ld+json\" class=\"yoast-schema-graph\">{\"@context\":\"https:\/\/schema.org\",\"@graph\":[{\"@type\":\"WebPage\",\"@id\":\"https:\/\/luan.webrt.net\/qhome\/san-pham\/vach-tivi-phong-khach-dep-vtvq01\/\",\"url\":\"https:\/\/luan.webrt.net\/qhome\/san-pham\/vach-tivi-phong-khach-dep-vtvq01\/\",\"name\":\"V\u00e1ch tivi ph\u00f2ng kh\u00e1ch \u0111\u1eb9p VTVQ01\",\"isPartOf\":{\"@id\":\"https:\/\/luan.webrt.net\/qhome\/#website\"},\"datePublished\":\"2025-02-20T14:42:12+00:00\",\"dateModified\":\"2025-03-29T11:13:36+00:00\",\"description\":\"Kh\u00e1m ph\u00e1 m\u1eabu v\u00e1ch tivi ph\u00f2ng kh\u00e1ch \u0111\u1eb9p, hi\u1ec7n \u0111\u1ea1i, gi\u00e1 r\u1ebb, \u0111a d\u1ea1ng m\u1eabu m\u00e3. V\u00e1ch ng\u0103n ph\u00f2ng kh\u00e1ch k\u1ebft h\u1ee3p k\u1ec7 tivi, b\u1ee9c v\u00e1ch tivi.\",\"breadcrumb\":{\"@id\":\"https:\/\/luan.webrt.net\/qhome\/san-pham\/vach-tivi-phong-khach-dep-vtvq01\/#breadcrumb\"},\"inLanguage\":\"vi\",\"potentialAction\":[{\"@type\":\"ReadAction\",\"target\":[\"https:\/\/luan.webrt.net\/qhome\/san-pham\/vach-tivi-phong-khach-dep-vtvq01\/\"]}]},{\"@type\":\"BreadcrumbList\",\"@id\":\"https:\/\/luan.webrt.net\/qhome\/san-pham\/vach-tivi-phong-khach-dep-vtvq01\/#breadcrumb\",\"itemListElement\":[{\"@type\":\"ListItem\",\"position\":1,\"name\":\"Trang ch\u1ee7\",\"item\":\"https:\/\/luan.webrt.net\/qhome\/\"},{\"@type\":\"ListItem\",\"position\":2,\"name\":\"Shop\",\"item\":\"https:\/\/luan.webrt.net\/qhome\/shop\/\"},{\"@type\":\"ListItem\",\"position\":3,\"name\":\"V\u00e1ch tivi ph\u00f2ng kh\u00e1ch \u0111\u1eb9p VTVQ01\"}]},{\"@type\":\"WebSite\",\"@id\":\"https:\/\/luan.webrt.net\/qhome\/#website\",\"url\":\"https:\/\/luan.webrt.net\/qhome\/\",\"name\":\"M\u1eabu web n\u1ed9i th\u1ea5t\",\"description\":\"QGHome Vi\u1ec7t Nam\",\"publisher\":{\"@id\":\"https:\/\/luan.webrt.net\/qhome\/#organization\"},\"potentialAction\":[{\"@type\":\"SearchAction\",\"target\":{\"@type\":\"EntryPoint\",\"urlTemplate\":\"https:\/\/luan.webrt.net\/qhome\/?s={search_term_string}\"},\"query-input\":\"required name=search_term_string\"}],\"inLanguage\":\"vi\"},{\"@type\":\"Organization\",\"@id\":\"https:\/\/luan.webrt.net\/qhome\/#organization\",\"name\":\"QGHome\",\"url\":\"https:\/\/luan.webrt.net\/qhome\/\",\"logo\":{\"@type\":\"ImageObject\",\"inLanguage\":\"vi\",\"@id\":\"https:\/\/luan.webrt.net\/qhome\/#\/schema\/logo\/image\/\",\"url\":\"https:\/\/qghome.vn\/wp-content\/uploads\/2025\/08\/logo-mau-MauTH-21.png\",\"contentUrl\":\"https:\/\/qghome.vn\/wp-content\/uploads\/2025\/08\/logo-mau-MauTH-21.png\",\"width\":253,\"height\":99,\"caption\":\"QGHome\"},\"image\":{\"@id\":\"https:\/\/luan.webrt.net\/qhome\/#\/schema\/logo\/image\/\"},\"sameAs\":[\"https:\/\/www.tiktok.com\/@qghome.official\",\"https:\/\/www.youtube.com\/channel\/UCeVBuKTXkv-u94DS421cklw\",\"https:\/\/www.facebook.com\/noithatqghome\"]}]}<\/script>\n<!-- \/ Yoast SEO plugin. -->","yoast_head_json":{"title":"V\u00e1ch tivi ph\u00f2ng kh\u00e1ch \u0111\u1eb9p VTVQ01","description":"Kh\u00e1m ph\u00e1 m\u1eabu v\u00e1ch tivi ph\u00f2ng kh\u00e1ch \u0111\u1eb9p, hi\u1ec7n \u0111\u1ea1i, gi\u00e1 r\u1ebb, \u0111a d\u1ea1ng m\u1eabu m\u00e3. V\u00e1ch ng\u0103n ph\u00f2ng kh\u00e1ch k\u1ebft h\u1ee3p k\u1ec7 tivi, b\u1ee9c v\u00e1ch tivi.","robots":{"index":"index","follow":"follow","max-snippet":"max-snippet:-1","max-image-preview":"max-image-preview:large","max-video-preview":"max-video-preview:-1"},"canonical":"https:\/\/luan.webrt.net\/qhome\/san-pham\/vach-tivi-phong-khach-dep-vtvq01\/","og_locale":"vi_VN","og_type":"article","og_title":"V\u00e1ch tivi ph\u00f2ng kh\u00e1ch \u0111\u1eb9p VTVQ01","og_description":"Kh\u00e1m ph\u00e1 m\u1eabu v\u00e1ch tivi ph\u00f2ng kh\u00e1ch \u0111\u1eb9p, hi\u1ec7n \u0111\u1ea1i, gi\u00e1 r\u1ebb, \u0111a d\u1ea1ng m\u1eabu m\u00e3. V\u00e1ch ng\u0103n ph\u00f2ng kh\u00e1ch k\u1ebft h\u1ee3p k\u1ec7 tivi, b\u1ee9c v\u00e1ch tivi.","og_url":"https:\/\/luan.webrt.net\/qhome\/san-pham\/vach-tivi-phong-khach-dep-vtvq01\/","og_site_name":"M\u1eabu web n\u1ed9i th\u1ea5t","article_publisher":"https:\/\/www.facebook.com\/noithatqghome","article_modified_time":"2025-03-29T11:13:36+00:00","og_image":[{"width":1000,"height":666,"url":"https:\/\/luan.webrt.net\/qhome\/wp-content\/uploads\/2025\/02\/ke-tivi-vach-ngan-phong-khach-01.jpg","type":"image\/jpeg"}],"twitter_card":"summary_large_image","twitter_misc":{"\u01af\u1edbc t\u00ednh th\u1eddi gian \u0111\u1ecdc":"6 ph\u00fat"},"schema":{"@context":"https:\/\/schema.org","@graph":[{"@type":"WebPage","@id":"https:\/\/luan.webrt.net\/qhome\/san-pham\/vach-tivi-phong-khach-dep-vtvq01\/","url":"https:\/\/luan.webrt.net\/qhome\/san-pham\/vach-tivi-phong-khach-dep-vtvq01\/","name":"V\u00e1ch tivi ph\u00f2ng kh\u00e1ch \u0111\u1eb9p VTVQ01","isPartOf":{"@id":"https:\/\/luan.webrt.net\/qhome\/#website"},"datePublished":"2025-02-20T14:42:12+00:00","dateModified":"2025-03-29T11:13:36+00:00","description":"Kh\u00e1m ph\u00e1 m\u1eabu v\u00e1ch tivi ph\u00f2ng kh\u00e1ch \u0111\u1eb9p, hi\u1ec7n \u0111\u1ea1i, gi\u00e1 r\u1ebb, \u0111a d\u1ea1ng m\u1eabu m\u00e3. V\u00e1ch ng\u0103n ph\u00f2ng kh\u00e1ch k\u1ebft h\u1ee3p k\u1ec7 tivi, b\u1ee9c v\u00e1ch tivi.","breadcrumb":{"@id":"https:\/\/luan.webrt.net\/qhome\/san-pham\/vach-tivi-phong-khach-dep-vtvq01\/#breadcrumb"},"inLanguage":"vi","potentialAction":[{"@type":"ReadAction","target":["https:\/\/luan.webrt.net\/qhome\/san-pham\/vach-tivi-phong-khach-dep-vtvq01\/"]}]},{"@type":"BreadcrumbList","@id":"https:\/\/luan.webrt.net\/qhome\/san-pham\/vach-tivi-phong-khach-dep-vtvq01\/#breadcrumb","itemListElement":[{"@type":"ListItem","position":1,"name":"Trang ch\u1ee7","item":"https:\/\/luan.webrt.net\/qhome\/"},{"@type":"ListItem","position":2,"name":"Shop","item":"https:\/\/luan.webrt.net\/qhome\/shop\/"},{"@type":"ListItem","position":3,"name":"V\u00e1ch tivi ph\u00f2ng kh\u00e1ch \u0111\u1eb9p VTVQ01"}]},{"@type":"WebSite","@id":"https:\/\/luan.webrt.net\/qhome\/#website","url":"https:\/\/luan.webrt.net\/qhome\/","name":"M\u1eabu web n\u1ed9i th\u1ea5t","description":"QGHome Vi\u1ec7t Nam","publisher":{"@id":"https:\/\/luan.webrt.net\/qhome\/#organization"},"potentialAction":[{"@type":"SearchAction","target":{"@type":"EntryPoint","urlTemplate":"https:\/\/luan.webrt.net\/qhome\/?s={search_term_string}"},"query-input":"required name=search_term_string"}],"inLanguage":"vi"},{"@type":"Organization","@id":"https:\/\/luan.webrt.net\/qhome\/#organization","name":"QGHome","url":"https:\/\/luan.webrt.net\/qhome\/","logo":{"@type":"ImageObject","inLanguage":"vi","@id":"https:\/\/luan.webrt.net\/qhome\/#\/schema\/logo\/image\/","url":"https:\/\/qghome.vn\/wp-content\/uploads\/2025\/08\/logo-mau-MauTH-21.png","contentUrl":"https:\/\/qghome.vn\/wp-content\/uploads\/2025\/08\/logo-mau-MauTH-21.png","width":253,"height":99,"caption":"QGHome"},"image":{"@id":"https:\/\/luan.webrt.net\/qhome\/#\/schema\/logo\/image\/"},"sameAs":["https:\/\/www.tiktok.com\/@qghome.official","https:\/\/www.youtube.com\/channel\/UCeVBuKTXkv-u94DS421cklw","https:\/\/www.facebook.com\/noithatqghome"]}]}},"_links":{"self":[{"href":"https:\/\/luan.webrt.net\/qhome\/wp-json\/wp\/v2\/product\/14052","targetHints":{"allow":["GET"]}}],"collection":[{"href":"https:\/\/luan.webrt.net\/qhome\/wp-json\/wp\/v2\/product"}],"about":[{"href":"https:\/\/luan.webrt.net\/qhome\/wp-json\/wp\/v2\/types\/product"}],"replies":[{"embeddable":true,"href":"https:\/\/luan.webrt.net\/qhome\/wp-json\/wp\/v2\/comments?post=14052"}],"wp:featuredmedia":[{"embeddable":true,"href":"https:\/\/luan.webrt.net\/qhome\/wp-json\/wp\/v2\/media\/14053"}],"wp:attachment":[{"href":"https:\/\/luan.webrt.net\/qhome\/wp-json\/wp\/v2\/media?parent=14052"}],"wp:term":[{"taxonomy":"product_cat","embeddable":true,"href":"https:\/\/luan.webrt.net\/qhome\/wp-json\/wp\/v2\/product_cat?post=14052"},{"taxonomy":"product_tag","embeddable":true,"href":"https:\/\/luan.webrt.net\/qhome\/wp-json\/wp\/v2\/product_tag?post=14052"}],"curies":[{"name":"wp","href":"https:\/\/api.w.org\/{rel}","templated":true}]}}