{"id":13123,"date":"2024-12-01T11:36:16","date_gmt":"2024-12-01T11:36:16","guid":{"rendered":"https:\/\/qghome.vn\/?post_type=product&#038;p=13123"},"modified":"2025-11-12T02:15:00","modified_gmt":"2025-11-12T02:15:00","slug":"thiet-ke-phong-khach-lien-bep","status":"publish","type":"product","link":"https:\/\/luan.webrt.net\/qhome\/san-pham\/thiet-ke-phong-khach-lien-bep\/","title":{"rendered":"Thi\u1ebft k\u1ebf ph\u00f2ng kh\u00e1ch li\u1ec1n b\u1ebfp"},"content":{"rendered":"<h1 style=\"text-align: center;\"><span style=\"color: #0000ff;\"><strong>Thi\u1ebft k\u1ebf ph\u00f2ng kh\u00e1ch li\u1ec1n b\u1ebfp<\/strong><\/span><\/h1>\n<p><span style=\"color: #000000;\">M\u1eabu thi\u1ebft k\u1ebf n\u1ed9i th\u1ea5t ph\u00f2ng kh\u00e1ch li\u1ec1n b\u1ebfp n\u00e0y g\u1ed3m 04 s\u1ea3n ph\u1ea9m:<\/span><\/p>\n<ol>\n<li><span style=\"color: #000000;\"><em><span style=\"text-decoration: underline; color: #0000ff;\"><a style=\"color: #0000ff; text-decoration: underline;\" href=\"https:\/\/qghome.vn\/tu-tivi-phong-khach-ttvg28\/\">T\u1ee7 tivi sang tr\u1ecdng &#8211; TTVG28<\/a><\/span>: D\u00e0i 3300mm x R\u1ed9ng 320mm x Cao 2000mm<\/em><\/span><\/li>\n<li><span style=\"color: #000000;\"><em><span style=\"color: #0000ff;\"><a style=\"color: #0000ff;\" href=\"https:\/\/qghome.vn\/ghe-sofa-go-mdf-cao-cap-gia-re-nhat-qgsofa05\/\"><span style=\"text-decoration: underline;\">Gh\u1ebf sofa cao c\u1ea5p &#8211; QGSOFA05<\/span><\/a><\/span>: D\u00e0i 2800mm x R\u1ed9ng 600\/1800mm x Cao 600mm<\/em><\/span><\/li>\n<li><span style=\"color: #000000;\"><em><span style=\"color: #0000ff;\"><a style=\"color: #0000ff;\" href=\"https:\/\/qghome.vn\/ban-tra-phong-khach-dep-bt03\/\"><span style=\"text-decoration: underline;\">B\u00e0n tr\u00e0 hi\u1ec7n \u0111\u1ea1i &#8211; BT03<\/span><\/a><\/span>: D\u00e0i 1200mm x R\u1ed9ng 600mm x Cao 420mm<\/em><\/span><\/li>\n<li><span style=\"color: #000000;\"><em><span style=\"text-decoration: underline;\"><span style=\"color: #0000ff; text-decoration: underline;\"><a style=\"color: #0000ff; text-decoration: underline;\" href=\"https:\/\/qghome.vn\/bo-ban-an-ban10\/\">B\u1ed9 b\u00e0n \u0103n &#8211; BAN10<\/a><\/span><\/span>: D\u00e0i 1200mm x R\u1ed9ng 750mm x Cao 750mm<\/em><\/span><\/li>\n<\/ol>\n<p><span style=\"color: #000000;\"><em>L\u01b0u \u00fd: B\u1ea1n c\u00f3 th\u1ec3 thay \u0111\u1ed5i k\u00edch th\u01b0\u1edbc cho ph\u00f9 h\u1ee3p v\u1edbi nhu c\u1ea7u<\/em><\/span><\/p>\n<p><span style=\"color: #000000;\"><strong>Ch\u1ea5t li\u1ec7u<\/strong>: G\u1ed7 MDF ph\u1ee7 melamine cao c\u1ea5p, b\u1ec1n b\u1ec9.<\/span><\/p>\n<p><span style=\"color: #000000;\">Mang m\u1ed9t s\u1ed1 \u01b0u \u0111i\u1ec3m v\u01b0\u1ee3t tr\u1ed9i c\u00f3 th\u1ec3 k\u1ec3 \u0111\u1ebfn nh\u01b0: Ch\u1ea5t l\u01b0\u1ee3ng b\u1ec1n b\u1ec9, gi\u1eef \u0111\u01b0\u1ee3c v\u1ebb \u0111\u1eb9p theo th\u1eddi gian. Kh\u00f4ng lo b\u1ecb cong v\u00eanh, co ng\u00f3t hay m\u1ed1i m\u1ecdt. Kh\u1ea3 n\u0103ng ch\u1ecbu l\u1ef1c t\u1ed1t b\u1edfi k\u1ebft c\u1ea5u ch\u1eafc ch\u1eafn.<\/span><\/p>\n<p><span style=\"color: #000000;\">\u0110a d\u1ea1ng c\u00e1c lo\u1ea1i m\u00e0u s\u1eafc kh\u00e1c nhau \u0111\u1ec3 b\u1ea1n c\u00f3 th\u1ec3 t\u00f9y th\u00edch l\u1ef1a ch\u1ecdn theo s\u1edf th\u00edch c\u0169ng nh\u01b0 l\u00e0 phong c\u00e1ch s\u1ed1ng c\u1ee7a gia \u0111\u00ecnh.<\/span><\/p>\n<p><span style=\"color: #000000;\"><strong>M\u00e0u s\u1eafc<\/strong>: Nh\u1eadn \u0111\u1eb7t m\u00e0u s\u1eafc theo y\u00eau c\u1ea7u.<\/span><\/p>\n<p><span style=\"color: #000000;\"><strong>B\u1ea3o h\u00e0nh:\u00a0<\/strong>H\u1ed7 tr\u1ee3 b\u1ea3o h\u00e0nh 12 th\u00e1ng theo ti\u00eau chu\u1ea9n nh\u00e0 m\u00e1y<\/span><\/p>\n<p><span style=\"color: #000000;\"><strong>T\u01b0 v\u1ea5n<\/strong>: Nh\u1eadn t\u01b0 v\u1ea5n h\u1ed7 tr\u1ee3 l\u1eafp \u0111\u1eb7t t\u1ea1i s\u1ed1 hotline<em> 0983368623<\/em><\/span><\/p>\n<h3><span style=\"color: #000000;\"><strong>1. T\u1ee7 Tivi sang tr\u1ecdng, hi\u1ec7n \u0111\u1ea1i &#8211; TTVG28<\/strong><\/span><\/h3>\n<figure id=\"attachment_13124\" aria-describedby=\"caption-attachment-13124\" style=\"width: 400px\" class=\"wp-caption aligncenter\"><img loading=\"lazy\" decoding=\"async\" class=\"wp-image-13124 size-medium\" src=\"http:\/\/qghome.vn\/wp-content\/uploads\/2024\/12\/G28.1-400x400.jpg\" alt=\"\" width=\"400\" height=\"400\" srcset=\"https:\/\/luan.webrt.net\/qhome\/wp-content\/uploads\/2024\/12\/G28.1-400x400.jpg 400w, https:\/\/luan.webrt.net\/qhome\/wp-content\/uploads\/2024\/12\/G28.1-100x100.jpg 100w, https:\/\/luan.webrt.net\/qhome\/wp-content\/uploads\/2024\/12\/G28.1-510x510.jpg 510w, https:\/\/luan.webrt.net\/qhome\/wp-content\/uploads\/2024\/12\/G28.1-280x280.jpg 280w, https:\/\/luan.webrt.net\/qhome\/wp-content\/uploads\/2024\/12\/G28.1.jpg 600w\" sizes=\"auto, (max-width: 400px) 100vw, 400px\" \/><figcaption id=\"caption-attachment-13124\" class=\"wp-caption-text\"><span style=\"color: #000000;\">B\u1ed9 t\u1ee7 tivi sang tr\u1ecdng, ti\u1ec7n nghi<\/span><\/figcaption><\/figure>\n<h3><span style=\"color: #000000;\"><strong>2. Gh\u1ebf sofa cao c\u1ea5p &#8211; QGSOFA05<\/strong><\/span><\/h3>\n<figure id=\"attachment_13125\" aria-describedby=\"caption-attachment-13125\" style=\"width: 711px\" class=\"wp-caption aligncenter\"><img loading=\"lazy\" decoding=\"async\" class=\"size-medium wp-image-13125\" src=\"http:\/\/qghome.vn\/wp-content\/uploads\/2024\/12\/2-711x400.jpg\" alt=\"\" width=\"711\" height=\"400\" srcset=\"https:\/\/luan.webrt.net\/qhome\/wp-content\/uploads\/2024\/12\/2-711x400.jpg 711w, https:\/\/luan.webrt.net\/qhome\/wp-content\/uploads\/2024\/12\/2-510x287.jpg 510w, https:\/\/luan.webrt.net\/qhome\/wp-content\/uploads\/2024\/12\/2-768x432.jpg 768w, https:\/\/luan.webrt.net\/qhome\/wp-content\/uploads\/2024\/12\/2.jpg 880w\" sizes=\"auto, (max-width: 711px) 100vw, 711px\" \/><figcaption id=\"caption-attachment-13125\" class=\"wp-caption-text\"><span style=\"color: #000000;\">Sofa g\u1ed7 c\u00f4ng nghi\u1ec7p<\/span><\/figcaption><\/figure>\n<h3><span style=\"color: #000000;\"><strong>3. B\u00e0n tr\u00e0 hi\u1ec7n \u0111\u1ea1i &#8211; BT03<\/strong><\/span><\/h3>\n<p><span style=\"color: #000000;\"><img loading=\"lazy\" decoding=\"async\" class=\"size-medium wp-image-13126 aligncenter\" src=\"http:\/\/qghome.vn\/wp-content\/uploads\/2024\/12\/3.1-400x400.jpg\" alt=\"\" width=\"400\" height=\"400\" srcset=\"https:\/\/luan.webrt.net\/qhome\/wp-content\/uploads\/2024\/12\/3.1-400x400.jpg 400w, https:\/\/luan.webrt.net\/qhome\/wp-content\/uploads\/2024\/12\/3.1-100x100.jpg 100w, https:\/\/luan.webrt.net\/qhome\/wp-content\/uploads\/2024\/12\/3.1-510x510.jpg 510w, https:\/\/luan.webrt.net\/qhome\/wp-content\/uploads\/2024\/12\/3.1-280x280.jpg 280w, https:\/\/luan.webrt.net\/qhome\/wp-content\/uploads\/2024\/12\/3.1.jpg 600w\" sizes=\"auto, (max-width: 400px) 100vw, 400px\" \/><\/span><\/p>\n<h3><span style=\"color: #000000;\"><strong>4. B\u1ed9 b\u00e0n \u0103n 4 ng\u01b0\u1eddi &#8211; BAN10<\/strong><\/span><\/h3>\n<p><span style=\"color: #000000;\"><img loading=\"lazy\" decoding=\"async\" class=\"size-medium wp-image-13127 aligncenter\" src=\"http:\/\/qghome.vn\/wp-content\/uploads\/2024\/12\/BAN10-1-768x768-1-400x400.jpg\" alt=\"\" width=\"400\" height=\"400\" srcset=\"https:\/\/luan.webrt.net\/qhome\/wp-content\/uploads\/2024\/12\/BAN10-1-768x768-1-400x400.jpg 400w, https:\/\/luan.webrt.net\/qhome\/wp-content\/uploads\/2024\/12\/BAN10-1-768x768-1-100x100.jpg 100w, https:\/\/luan.webrt.net\/qhome\/wp-content\/uploads\/2024\/12\/BAN10-1-768x768-1-510x510.jpg 510w, https:\/\/luan.webrt.net\/qhome\/wp-content\/uploads\/2024\/12\/BAN10-1-768x768-1-280x280.jpg 280w, https:\/\/luan.webrt.net\/qhome\/wp-content\/uploads\/2024\/12\/BAN10-1-768x768-1.jpg 768w\" sizes=\"auto, (max-width: 400px) 100vw, 400px\" \/><\/span><\/p>\n<p><span style=\"color: #000000;\">L\u1ef1a ch\u1ecdn tr\u1ecdn g\u00f3i n\u1ed9i th\u1ea5t \u0111\u1ec3 vi\u1ec7c thi\u1ebft k\u1ebf ph\u00f2ng kh\u00e1ch c\u1ee7a b\u1ea1n tr\u1edf n\u00ean \u0111\u01a1n gi\u1ea3n v\u00e0 t\u1ed1i \u01b0u h\u01a1n b\u1ea1n nh\u00e9!<\/span><\/p>\n<p><span style=\"color: #000000;\">B\u00ean c\u1ea1nh combo n\u1ed9i th\u1ea5t ph\u00f2ng kh\u00e1ch li\u1ec1n b\u1ebfp n\u00e0y th\u00ec ch\u00fang t\u00f4i v\u1eabn c\u00f2n r\u1ea5t nhi\u1ec1u <em><a style=\"color: #000000;\" href=\"https:\/\/qghome.vn\/noi-that-chung-cu\/tron-goi-noi-that-chung-cu\/tron-goi-noi-that-phong-khach\/\">tr\u1ecdn g\u00f3i n\u1ed9i th\u1ea5t ph\u00f2ng kh\u00e1ch<\/a><\/em>\u00a0g\u1ed7 mdf v\u1edbi thi\u1ebft k\u1ebf \u0111\u1eb9p, sang tr\u1ecdng kh\u00e1c \u0111ang ch\u1edd b\u1ea1n kh\u00e1m ph\u00e1.<\/span><\/p>\n<h4><span style=\"color: #000000;\">QG Home \u2013 \u0111\u01a1n v\u1ecb thi c\u00f4ng n\u1ed9i th\u1ea5t h\u00e0ng \u0111\u1ea7u Vi\u1ec7t Nam v\u1edbi nh\u1eefng m\u1eb7t h\u00e0ng ti\u00eau bi\u1ec3u:\u00a0<a style=\"color: #000000;\" href=\"https:\/\/qghome.vn\/noi-that-chung-cu\/\">N\u1ed9i th\u1ea5t chung c\u01b0<\/a>\u00a0(thi\u1ebft k\u1ebf tr\u1ecdn g\u00f3i v\u00e0 c\u00e1c s\u1ea3n ph\u1ea9m c\u1ee7a ph\u00f2ng ng\u1ee7, ph\u00f2ng kh\u00e1ch, ph\u00f2ng b\u1ebfp,\u2026);\u00a0<a style=\"color: #000000;\" href=\"https:\/\/qghome.vn\/san-pham\/noi-that-van-phong\/\">N\u1ed9i th\u1ea5t v\u0103n ph\u00f2ng<\/a>;\u2026<\/span><\/h4>\n<p><span style=\"color: #000000;\">H\u00e3y \u0111\u1eb7t h\u00e0ng t\u1ea1i N\u1ed9i Th\u1ea5t QG Home ngay h\u00f4m nay \u0111\u1ec3 nh\u1eadn \u0111\u01b0\u1ee3c t\u01b0 v\u1ea5n h\u1ed7 tr\u1ee3 v\u00e0 nh\u1eefng \u01b0u \u0111\u00e3i \u0111\u1eb7c bi\u1ec7t b\u1ea1n nh\u00e9!<\/span><\/p>\n<p>&nbsp;<\/p>\n<p>&nbsp;<\/p>\n<div class=\"host-bincmiainjofjnhchmcalkanjebghoen\" style=\"position: relative; z-index: 2147483647;\"><\/div>\n","protected":false},"excerpt":{"rendered":"<p>&nbsp;<\/p>\n<div class=\"host-bincmiainjofjnhchmcalkanjebghoen\" style=\"position: relative; z-index: 2147483647;\"><\/div>\n","protected":false},"featured_media":13124,"comment_status":"open","ping_status":"closed","template":"","meta":[],"product_cat":[682,631,684,119],"product_tag":[],"class_list":["post-13123","product","type-product","status-publish","has-post-thumbnail","hentry","product_cat-noi-that-phong-khach","product_cat-tron-goi-noi-that-chung-cu","product_cat-tron-goi-noi-that-phong-khach","product_cat-san-pham"],"yoast_head":"<!-- This site is optimized with the Yoast SEO plugin v19.9 - https:\/\/yoast.com\/wordpress\/plugins\/seo\/ -->\n<title>Thi\u1ebft k\u1ebf ph\u00f2ng kh\u00e1ch li\u1ec1n b\u1ebfp<\/title>\n<meta name=\"description\" content=\"Thi\u1ebft k\u1ebf ph\u00f2ng kh\u00e1ch li\u1ec1n b\u1ebfp t\u1eeb l\u00e2u \u0111\u00e3 tr\u1edf th\u00e0nh s\u1ef1 l\u1ef1a ch\u1ecdn ph\u1ed5 bi\u1ebfn hi\u1ec7n nay. M\u1eabu combo n\u1ed9i th\u1ea5t n\u00e0y h\u1ee9a h\u1eb9n s\u1ebd mang \u0111\u1ebfn b\u1ea1n nh\u1eefng gi\u00e1 tr\u1ecb \u0111\u1eb3ng c\u1ea5p,...\" \/>\n<meta name=\"robots\" content=\"index, follow, max-snippet:-1, max-image-preview:large, max-video-preview:-1\" \/>\n<link rel=\"canonical\" href=\"https:\/\/luan.webrt.net\/qhome\/san-pham\/thiet-ke-phong-khach-lien-bep\/\" \/>\n<meta property=\"og:locale\" content=\"vi_VN\" \/>\n<meta property=\"og:type\" content=\"article\" \/>\n<meta property=\"og:title\" content=\"Thi\u1ebft k\u1ebf ph\u00f2ng kh\u00e1ch li\u1ec1n b\u1ebfp\" \/>\n<meta property=\"og:description\" content=\"Thi\u1ebft k\u1ebf ph\u00f2ng kh\u00e1ch li\u1ec1n b\u1ebfp t\u1eeb l\u00e2u \u0111\u00e3 tr\u1edf th\u00e0nh s\u1ef1 l\u1ef1a ch\u1ecdn ph\u1ed5 bi\u1ebfn hi\u1ec7n nay. M\u1eabu combo n\u1ed9i th\u1ea5t n\u00e0y h\u1ee9a h\u1eb9n s\u1ebd mang \u0111\u1ebfn b\u1ea1n nh\u1eefng gi\u00e1 tr\u1ecb \u0111\u1eb3ng c\u1ea5p,...\" \/>\n<meta property=\"og:url\" content=\"https:\/\/luan.webrt.net\/qhome\/san-pham\/thiet-ke-phong-khach-lien-bep\/\" \/>\n<meta property=\"og:site_name\" content=\"M\u1eabu web n\u1ed9i th\u1ea5t\" \/>\n<meta property=\"article:publisher\" content=\"https:\/\/www.facebook.com\/noithatqghome\" \/>\n<meta property=\"article:modified_time\" content=\"2025-11-12T02:15:00+00:00\" \/>\n<meta property=\"og:image\" content=\"https:\/\/luan.webrt.net\/qhome\/wp-content\/uploads\/2024\/12\/G28.1.jpg\" \/>\n\t<meta property=\"og:image:width\" content=\"600\" \/>\n\t<meta property=\"og:image:height\" content=\"600\" \/>\n\t<meta property=\"og:image:type\" content=\"image\/jpeg\" \/>\n<meta name=\"twitter:card\" content=\"summary_large_image\" \/>\n<meta name=\"twitter:label1\" content=\"\u01af\u1edbc t\u00ednh th\u1eddi gian \u0111\u1ecdc\" \/>\n\t<meta name=\"twitter:data1\" content=\"4 ph\u00fat\" \/>\n<script type=\"application\/ld+json\" class=\"yoast-schema-graph\">{\"@context\":\"https:\/\/schema.org\",\"@graph\":[{\"@type\":\"WebPage\",\"@id\":\"https:\/\/luan.webrt.net\/qhome\/san-pham\/thiet-ke-phong-khach-lien-bep\/\",\"url\":\"https:\/\/luan.webrt.net\/qhome\/san-pham\/thiet-ke-phong-khach-lien-bep\/\",\"name\":\"Thi\u1ebft k\u1ebf ph\u00f2ng kh\u00e1ch li\u1ec1n b\u1ebfp\",\"isPartOf\":{\"@id\":\"https:\/\/luan.webrt.net\/qhome\/#website\"},\"datePublished\":\"2024-12-01T11:36:16+00:00\",\"dateModified\":\"2025-11-12T02:15:00+00:00\",\"description\":\"Thi\u1ebft k\u1ebf ph\u00f2ng kh\u00e1ch li\u1ec1n b\u1ebfp t\u1eeb l\u00e2u \u0111\u00e3 tr\u1edf th\u00e0nh s\u1ef1 l\u1ef1a ch\u1ecdn ph\u1ed5 bi\u1ebfn hi\u1ec7n nay. M\u1eabu combo n\u1ed9i th\u1ea5t n\u00e0y h\u1ee9a h\u1eb9n s\u1ebd mang \u0111\u1ebfn b\u1ea1n nh\u1eefng gi\u00e1 tr\u1ecb \u0111\u1eb3ng c\u1ea5p,...\",\"breadcrumb\":{\"@id\":\"https:\/\/luan.webrt.net\/qhome\/san-pham\/thiet-ke-phong-khach-lien-bep\/#breadcrumb\"},\"inLanguage\":\"vi\",\"potentialAction\":[{\"@type\":\"ReadAction\",\"target\":[\"https:\/\/luan.webrt.net\/qhome\/san-pham\/thiet-ke-phong-khach-lien-bep\/\"]}]},{\"@type\":\"BreadcrumbList\",\"@id\":\"https:\/\/luan.webrt.net\/qhome\/san-pham\/thiet-ke-phong-khach-lien-bep\/#breadcrumb\",\"itemListElement\":[{\"@type\":\"ListItem\",\"position\":1,\"name\":\"Trang ch\u1ee7\",\"item\":\"https:\/\/luan.webrt.net\/qhome\/\"},{\"@type\":\"ListItem\",\"position\":2,\"name\":\"Shop\",\"item\":\"https:\/\/luan.webrt.net\/qhome\/shop\/\"},{\"@type\":\"ListItem\",\"position\":3,\"name\":\"Thi\u1ebft k\u1ebf ph\u00f2ng kh\u00e1ch li\u1ec1n b\u1ebfp\"}]},{\"@type\":\"WebSite\",\"@id\":\"https:\/\/luan.webrt.net\/qhome\/#website\",\"url\":\"https:\/\/luan.webrt.net\/qhome\/\",\"name\":\"M\u1eabu web n\u1ed9i th\u1ea5t\",\"description\":\"QGHome Vi\u1ec7t Nam\",\"publisher\":{\"@id\":\"https:\/\/luan.webrt.net\/qhome\/#organization\"},\"potentialAction\":[{\"@type\":\"SearchAction\",\"target\":{\"@type\":\"EntryPoint\",\"urlTemplate\":\"https:\/\/luan.webrt.net\/qhome\/?s={search_term_string}\"},\"query-input\":\"required name=search_term_string\"}],\"inLanguage\":\"vi\"},{\"@type\":\"Organization\",\"@id\":\"https:\/\/luan.webrt.net\/qhome\/#organization\",\"name\":\"QGHome\",\"url\":\"https:\/\/luan.webrt.net\/qhome\/\",\"logo\":{\"@type\":\"ImageObject\",\"inLanguage\":\"vi\",\"@id\":\"https:\/\/luan.webrt.net\/qhome\/#\/schema\/logo\/image\/\",\"url\":\"https:\/\/qghome.vn\/wp-content\/uploads\/2025\/08\/logo-mau-MauTH-21.png\",\"contentUrl\":\"https:\/\/qghome.vn\/wp-content\/uploads\/2025\/08\/logo-mau-MauTH-21.png\",\"width\":253,\"height\":99,\"caption\":\"QGHome\"},\"image\":{\"@id\":\"https:\/\/luan.webrt.net\/qhome\/#\/schema\/logo\/image\/\"},\"sameAs\":[\"https:\/\/www.tiktok.com\/@qghome.official\",\"https:\/\/www.youtube.com\/channel\/UCeVBuKTXkv-u94DS421cklw\",\"https:\/\/www.facebook.com\/noithatqghome\"]}]}<\/script>\n<!-- \/ Yoast SEO plugin. -->","yoast_head_json":{"title":"Thi\u1ebft k\u1ebf ph\u00f2ng kh\u00e1ch li\u1ec1n b\u1ebfp","description":"Thi\u1ebft k\u1ebf ph\u00f2ng kh\u00e1ch li\u1ec1n b\u1ebfp t\u1eeb l\u00e2u \u0111\u00e3 tr\u1edf th\u00e0nh s\u1ef1 l\u1ef1a ch\u1ecdn ph\u1ed5 bi\u1ebfn hi\u1ec7n nay. M\u1eabu combo n\u1ed9i th\u1ea5t n\u00e0y h\u1ee9a h\u1eb9n s\u1ebd mang \u0111\u1ebfn b\u1ea1n nh\u1eefng gi\u00e1 tr\u1ecb \u0111\u1eb3ng c\u1ea5p,...","robots":{"index":"index","follow":"follow","max-snippet":"max-snippet:-1","max-image-preview":"max-image-preview:large","max-video-preview":"max-video-preview:-1"},"canonical":"https:\/\/luan.webrt.net\/qhome\/san-pham\/thiet-ke-phong-khach-lien-bep\/","og_locale":"vi_VN","og_type":"article","og_title":"Thi\u1ebft k\u1ebf ph\u00f2ng kh\u00e1ch li\u1ec1n b\u1ebfp","og_description":"Thi\u1ebft k\u1ebf ph\u00f2ng kh\u00e1ch li\u1ec1n b\u1ebfp t\u1eeb l\u00e2u \u0111\u00e3 tr\u1edf th\u00e0nh s\u1ef1 l\u1ef1a ch\u1ecdn ph\u1ed5 bi\u1ebfn hi\u1ec7n nay. M\u1eabu combo n\u1ed9i th\u1ea5t n\u00e0y h\u1ee9a h\u1eb9n s\u1ebd mang \u0111\u1ebfn b\u1ea1n nh\u1eefng gi\u00e1 tr\u1ecb \u0111\u1eb3ng c\u1ea5p,...","og_url":"https:\/\/luan.webrt.net\/qhome\/san-pham\/thiet-ke-phong-khach-lien-bep\/","og_site_name":"M\u1eabu web n\u1ed9i th\u1ea5t","article_publisher":"https:\/\/www.facebook.com\/noithatqghome","article_modified_time":"2025-11-12T02:15:00+00:00","og_image":[{"width":600,"height":600,"url":"https:\/\/luan.webrt.net\/qhome\/wp-content\/uploads\/2024\/12\/G28.1.jpg","type":"image\/jpeg"}],"twitter_card":"summary_large_image","twitter_misc":{"\u01af\u1edbc t\u00ednh th\u1eddi gian \u0111\u1ecdc":"4 ph\u00fat"},"schema":{"@context":"https:\/\/schema.org","@graph":[{"@type":"WebPage","@id":"https:\/\/luan.webrt.net\/qhome\/san-pham\/thiet-ke-phong-khach-lien-bep\/","url":"https:\/\/luan.webrt.net\/qhome\/san-pham\/thiet-ke-phong-khach-lien-bep\/","name":"Thi\u1ebft k\u1ebf ph\u00f2ng kh\u00e1ch li\u1ec1n b\u1ebfp","isPartOf":{"@id":"https:\/\/luan.webrt.net\/qhome\/#website"},"datePublished":"2024-12-01T11:36:16+00:00","dateModified":"2025-11-12T02:15:00+00:00","description":"Thi\u1ebft k\u1ebf ph\u00f2ng kh\u00e1ch li\u1ec1n b\u1ebfp t\u1eeb l\u00e2u \u0111\u00e3 tr\u1edf th\u00e0nh s\u1ef1 l\u1ef1a ch\u1ecdn ph\u1ed5 bi\u1ebfn hi\u1ec7n nay. M\u1eabu combo n\u1ed9i th\u1ea5t n\u00e0y h\u1ee9a h\u1eb9n s\u1ebd mang \u0111\u1ebfn b\u1ea1n nh\u1eefng gi\u00e1 tr\u1ecb \u0111\u1eb3ng c\u1ea5p,...","breadcrumb":{"@id":"https:\/\/luan.webrt.net\/qhome\/san-pham\/thiet-ke-phong-khach-lien-bep\/#breadcrumb"},"inLanguage":"vi","potentialAction":[{"@type":"ReadAction","target":["https:\/\/luan.webrt.net\/qhome\/san-pham\/thiet-ke-phong-khach-lien-bep\/"]}]},{"@type":"BreadcrumbList","@id":"https:\/\/luan.webrt.net\/qhome\/san-pham\/thiet-ke-phong-khach-lien-bep\/#breadcrumb","itemListElement":[{"@type":"ListItem","position":1,"name":"Trang ch\u1ee7","item":"https:\/\/luan.webrt.net\/qhome\/"},{"@type":"ListItem","position":2,"name":"Shop","item":"https:\/\/luan.webrt.net\/qhome\/shop\/"},{"@type":"ListItem","position":3,"name":"Thi\u1ebft k\u1ebf ph\u00f2ng kh\u00e1ch li\u1ec1n b\u1ebfp"}]},{"@type":"WebSite","@id":"https:\/\/luan.webrt.net\/qhome\/#website","url":"https:\/\/luan.webrt.net\/qhome\/","name":"M\u1eabu web n\u1ed9i th\u1ea5t","description":"QGHome Vi\u1ec7t Nam","publisher":{"@id":"https:\/\/luan.webrt.net\/qhome\/#organization"},"potentialAction":[{"@type":"SearchAction","target":{"@type":"EntryPoint","urlTemplate":"https:\/\/luan.webrt.net\/qhome\/?s={search_term_string}"},"query-input":"required name=search_term_string"}],"inLanguage":"vi"},{"@type":"Organization","@id":"https:\/\/luan.webrt.net\/qhome\/#organization","name":"QGHome","url":"https:\/\/luan.webrt.net\/qhome\/","logo":{"@type":"ImageObject","inLanguage":"vi","@id":"https:\/\/luan.webrt.net\/qhome\/#\/schema\/logo\/image\/","url":"https:\/\/qghome.vn\/wp-content\/uploads\/2025\/08\/logo-mau-MauTH-21.png","contentUrl":"https:\/\/qghome.vn\/wp-content\/uploads\/2025\/08\/logo-mau-MauTH-21.png","width":253,"height":99,"caption":"QGHome"},"image":{"@id":"https:\/\/luan.webrt.net\/qhome\/#\/schema\/logo\/image\/"},"sameAs":["https:\/\/www.tiktok.com\/@qghome.official","https:\/\/www.youtube.com\/channel\/UCeVBuKTXkv-u94DS421cklw","https:\/\/www.facebook.com\/noithatqghome"]}]}},"_links":{"self":[{"href":"https:\/\/luan.webrt.net\/qhome\/wp-json\/wp\/v2\/product\/13123","targetHints":{"allow":["GET"]}}],"collection":[{"href":"https:\/\/luan.webrt.net\/qhome\/wp-json\/wp\/v2\/product"}],"about":[{"href":"https:\/\/luan.webrt.net\/qhome\/wp-json\/wp\/v2\/types\/product"}],"replies":[{"embeddable":true,"href":"https:\/\/luan.webrt.net\/qhome\/wp-json\/wp\/v2\/comments?post=13123"}],"wp:featuredmedia":[{"embeddable":true,"href":"https:\/\/luan.webrt.net\/qhome\/wp-json\/wp\/v2\/media\/13124"}],"wp:attachment":[{"href":"https:\/\/luan.webrt.net\/qhome\/wp-json\/wp\/v2\/media?parent=13123"}],"wp:term":[{"taxonomy":"product_cat","embeddable":true,"href":"https:\/\/luan.webrt.net\/qhome\/wp-json\/wp\/v2\/product_cat?post=13123"},{"taxonomy":"product_tag","embeddable":true,"href":"https:\/\/luan.webrt.net\/qhome\/wp-json\/wp\/v2\/product_tag?post=13123"}],"curies":[{"name":"wp","href":"https:\/\/api.w.org\/{rel}","templated":true}]}}