{"id":13112,"date":"2024-11-28T20:21:07","date_gmt":"2024-11-28T20:21:07","guid":{"rendered":"https:\/\/qghome.vn\/?post_type=product&#038;p=13112"},"modified":"2025-11-11T07:43:23","modified_gmt":"2025-11-11T07:43:23","slug":"noi-that-phong-khach-sang-trong","status":"publish","type":"product","link":"https:\/\/luan.webrt.net\/qhome\/san-pham\/noi-that-phong-khach-sang-trong\/","title":{"rendered":"N\u1ed9i th\u1ea5t ph\u00f2ng kh\u00e1ch sang tr\u1ecdng"},"content":{"rendered":"<h1 style=\"text-align: center;\"><span style=\"color: #0000ff;\"><strong>Thi\u1ebft k\u1ebf n\u1ed9i th\u1ea5t ph\u00f2ng kh\u00e1ch \u0111\u1eb9p &#8211; sang tr\u1ecdng<\/strong><\/span><\/h1>\n<p><span style=\"color: #000000;\">Tr\u1ecdn b\u1ed9 thi\u1ebft k\u1ebf n\u1ed9i th\u1ea5t ph\u00f2ng kh\u00e1ch sang tr\u1ecdng g\u1ed3m 03 s\u1ea3n ph\u1ea9m sau:<\/span><\/p>\n<ol>\n<li><span style=\"color: #000000;\"><em><span style=\"color: #00ccff;\"><a style=\"color: #00ccff;\" href=\"https:\/\/qghome.vn\/tu-tivi-phong-khach-co-ke-treo-ttvg10\/\"><span style=\"color: #008080;\">T\u1ee7 TiVi &#8211; TTVG10<\/span><\/a><\/span>: K\u1ec7 tr\u00ean: 3000 x 240 x 1000mm \/ K\u1ec7 tivi d\u01b0\u1edbi: 3000 x 300 x 800mm<\/em><\/span><\/li>\n<li><span style=\"color: #000000;\"><em><span style=\"color: #00ccff;\"><a style=\"color: #00ccff;\" href=\"https:\/\/qghome.vn\/ghe-sofa-go-mdf-cao-cap-gia-re-nhat-qgsofa05\/\"><span style=\"color: #00aae7;\"><span style=\"color: #008080;\">Gh\u1ebf sofa &#8211; QGSOFA05<\/span><\/span><\/a><\/span>: D\u00e0i 2800mm x R\u1ed9ng 600\/1800mm x Cao 600mm<\/em><\/span><\/li>\n<li><span style=\"color: #000000;\"><em><span style=\"color: #00aae7;\"><a style=\"color: #00aae7;\" href=\"https:\/\/qghome.vn\/ban-tra-sofa-cao-cap-gia-re-bt08\/\"><span style=\"color: #008080;\">B\u00e0n tr\u00e0 &#8211; BT08<\/span><\/a><\/span>: D\u00e0i 1000mm x R\u1ed9ng 500mm x Cao 350mm<\/em><\/span><\/li>\n<\/ol>\n<p><span style=\"color: #000000;\"><em>B\u1ea1n c\u00f3 th\u1ec3 t\u00f9y ch\u1ec9nh k\u00edch th\u01b0\u1edbc cho ph\u00f9 h\u1ee3p v\u1edbi kh\u00f4ng gian ph\u00f2ng kh\u00e1ch c\u1ee7a gia \u0111\u00ecnh.<\/em><\/span><\/p>\n<p><span style=\"color: #000000;\"><strong>Ch\u1ea5t li\u1ec7u<\/strong>: G\u1ed7 MDF ph\u1ee7 melamine cao c\u1ea5p, b\u1ec1n b\u1ec9.<\/span><\/p>\n<p><span style=\"color: #000000;\">Mang m\u1ed9t s\u1ed1 \u01b0u \u0111i\u1ec3m v\u01b0\u1ee3t tr\u1ed9i c\u00f3 th\u1ec3 k\u1ec3 \u0111\u1ebfn nh\u01b0: Ch\u1ea5t l\u01b0\u1ee3ng b\u1ec1n b\u1ec9, gi\u1eef \u0111\u01b0\u1ee3c v\u1ebb \u0111\u1eb9p theo th\u1eddi gian. Kh\u00f4ng lo b\u1ecb cong v\u00eanh, co ng\u00f3t hay m\u1ed1i m\u1ecdt. Kh\u1ea3 n\u0103ng ch\u1ecbu l\u1ef1c t\u1ed1t b\u1edfi k\u1ebft c\u1ea5u ch\u1eafc ch\u1eafn.<\/span><\/p>\n<p><span style=\"color: #000000;\">\u0110a d\u1ea1ng c\u00e1c lo\u1ea1i m\u00e0u s\u1eafc kh\u00e1c nhau \u0111\u1ec3 b\u1ea1n c\u00f3 th\u1ec3 t\u00f9y th\u00edch l\u1ef1a ch\u1ecdn theo s\u1edf th\u00edch c\u0169ng nh\u01b0 l\u00e0 phong c\u00e1ch s\u1ed1ng c\u1ee7a gia \u0111\u00ecnh.<\/span><\/p>\n<p><span style=\"color: #000000;\"><strong>M\u00e0u s\u1eafc<\/strong>: Nh\u1eadn \u0111\u1eb7t m\u00e0u s\u1eafc theo y\u00eau c\u1ea7u.<\/span><\/p>\n<h3><strong><span style=\"color: #000000;\">1. T\u1ee7 Tivi &#8211; TTVG10<\/span><\/strong><\/h3>\n<p><span style=\"color: #000000;\">T\u1ee7 tivi TTVG10 c\u00f3 thi\u1ebft k\u1ebf sang tr\u1ecdng, hi\u1ec7n \u0111\u1ea1i v\u1edbi ph\u1ea7n k\u1ec7 \u0111\u1ec3 tivi v\u00e0 k\u1ec7 treo \u0111\u1ed3 ti\u1ec7n l\u1ee3i. M\u1eabu t\u1ee7 tivi n\u00e0y g\u1ed3m nhi\u1ec1u ng\u0103n k\u00e9o v\u00e0 h\u1ed9c t\u1ee7 l\u1edbn nh\u1ecf kh\u00e1c nhau gi\u00fap b\u1ea1n thu\u1eadn ti\u1ec7n c\u1ea5t tr\u1eef m\u1ed9t s\u1ed1 \u0111\u1ed3 l\u1eb7t v\u1eb7t nh\u1ecf, \u0111\u1ed3 trang tr\u00ed, s\u00e1ch, b\u00e1o,&#8230;<\/span><\/p>\n<figure id=\"attachment_13113\" aria-describedby=\"caption-attachment-13113\" style=\"width: 400px\" class=\"wp-caption aligncenter\"><img loading=\"lazy\" decoding=\"async\" class=\"wp-image-13113 size-medium\" src=\"http:\/\/qghome.vn\/wp-content\/uploads\/2024\/11\/G10.1-Copy-400x400.jpg\" alt=\"\" width=\"400\" height=\"400\" srcset=\"https:\/\/luan.webrt.net\/qhome\/wp-content\/uploads\/2024\/11\/G10.1-Copy-400x400.jpg 400w, https:\/\/luan.webrt.net\/qhome\/wp-content\/uploads\/2024\/11\/G10.1-Copy-100x100.jpg 100w, https:\/\/luan.webrt.net\/qhome\/wp-content\/uploads\/2024\/11\/G10.1-Copy-510x510.jpg 510w, https:\/\/luan.webrt.net\/qhome\/wp-content\/uploads\/2024\/11\/G10.1-Copy-280x280.jpg 280w, https:\/\/luan.webrt.net\/qhome\/wp-content\/uploads\/2024\/11\/G10.1-Copy.jpg 600w\" sizes=\"auto, (max-width: 400px) 100vw, 400px\" \/><figcaption id=\"caption-attachment-13113\" class=\"wp-caption-text\"><span style=\"color: #000000;\">T\u1ee7 tivi cao c\u1ea5p &#8211; TTVG10<\/span><\/figcaption><\/figure>\n<h3><strong><span style=\"color: #000000;\">2. Gh\u1ebf sofa g\u00f3c L &#8211; QGSOFA05<\/span><\/strong><\/h3>\n<p><span style=\"color: #000000;\">Gh\u1ebf sofa g\u00f3c L &#8211; QGSOFA05 \u0111\u01b0\u1ee3c thi\u1ebft k\u1ebf v\u1edbi phong c\u00e1ch hi\u1ec7n \u0111\u1ea1i, sang tr\u1ecdng, thanh l\u1ecbch v\u00e0 \u0111\u1ea7y tinh t\u1ebf.<\/span><\/p>\n<p><img loading=\"lazy\" decoding=\"async\" class=\"wp-image-13114 size-medium aligncenter\" src=\"http:\/\/qghome.vn\/wp-content\/uploads\/2024\/11\/2-2-711x400.jpg\" alt=\"\" width=\"711\" height=\"400\" srcset=\"https:\/\/luan.webrt.net\/qhome\/wp-content\/uploads\/2024\/11\/2-2-711x400.jpg 711w, https:\/\/luan.webrt.net\/qhome\/wp-content\/uploads\/2024\/11\/2-2-510x287.jpg 510w, https:\/\/luan.webrt.net\/qhome\/wp-content\/uploads\/2024\/11\/2-2-768x432.jpg 768w, https:\/\/luan.webrt.net\/qhome\/wp-content\/uploads\/2024\/11\/2-2.jpg 880w\" sizes=\"auto, (max-width: 711px) 100vw, 711px\" \/><\/p>\n<h3><strong><span style=\"color: #000000;\">3. B\u00e0n tr\u00e0 cao c\u1ea5p &#8211; BT08<\/span><\/strong><\/h3>\n<p><span style=\"color: #000000;\">B\u00e0n tr\u00e0 &#8211; BT08 c\u00f3 thi\u1ebft k\u1ebf \u0111\u1ed9c \u0111\u00e1o, m\u1edbi l\u1ea1 v\u1edbi k\u1ebft c\u1ea5u ch\u1eafc ch\u1eafn. Gi\u00fap g\u00f3p ph\u1ea7n t\u1ea1o \u0111i\u1ec3m nh\u1ea5n \u1ea5n t\u01b0\u1ee3ng cho kh\u00f4ng gian ph\u00f2ng kh\u00e1ch c\u1ee7a gia \u0111\u00ecnh b\u1ea1n.<\/span><\/p>\n<p><img loading=\"lazy\" decoding=\"async\" class=\"wp-image-13115 size-medium aligncenter\" src=\"http:\/\/qghome.vn\/wp-content\/uploads\/2024\/11\/8.1-3-529x400.jpg\" alt=\"\" width=\"529\" height=\"400\" srcset=\"https:\/\/luan.webrt.net\/qhome\/wp-content\/uploads\/2024\/11\/8.1-3-529x400.jpg 529w, https:\/\/luan.webrt.net\/qhome\/wp-content\/uploads\/2024\/11\/8.1-3-510x386.jpg 510w, https:\/\/luan.webrt.net\/qhome\/wp-content\/uploads\/2024\/11\/8.1-3.jpg 740w\" sizes=\"auto, (max-width: 529px) 100vw, 529px\" \/><\/p>\n<p>&nbsp;<\/p>\n<p><span style=\"color: #000000;\">Tr\u1ecdn b\u1ed9 n\u1ed9i th\u1ea5t ph\u00f2ng kh\u00e1ch l\u00e0 m\u1ed9t s\u1ef1 l\u1ef1a ch\u1ecdn v\u00f4 c\u00f9ng t\u1ed1i \u01b0u gi\u00fap b\u1ea1n ti\u1ebft ki\u1ec7m th\u1eddi gian v\u00e0 c\u00f4ng s\u1ee9c t\u00ecm ki\u1ebfm. H\u01a1n th\u1ebf n\u1eefa, gi\u00e1 th\u00e0nh c\u1ee7a c\u00e1c s\u1ea3n ph\u1ea9m s\u1ebd r\u1ebb \u0111\u01b0\u1ee3c \u01b0u \u0111\u00e3i h\u01a1n r\u1ea5t nhi\u1ec1u so v\u1edbi vi\u1ec7c mua t\u1eebng s\u1ea3n ph\u1ea9m ri\u00eang l\u1ebb.<\/span><\/p>\n<p><span style=\"color: #000000;\"> H\u00e3y \u0111\u1ebfn v\u1edbi n\u1ed9i th\u1ea5t QG Home ch\u00fang t\u00f4i \u0111\u1ec3 vi\u1ec7c thi\u1ebft k\u1ebf n\u1ed9i th\u1ea5t ph\u00f2ng kh\u00e1ch c\u1ee7a b\u1ea1n tr\u1edf n\u00ean d\u1ec5 d\u00e0ng h\u01a1n, \u0111\u1eb9p v\u00e0 sang tr\u1ecdng h\u01a1n b\u1ea1n nh\u00e9!<\/span><\/p>\n<div class=\"host-bincmiainjofjnhchmcalkanjebghoen\" style=\"position: relative; z-index: 2147483647;\"><\/div>\n","protected":false},"excerpt":{"rendered":"<p><em>Ti\u1ec7n \u00edch ph\u00f2ng kh\u00e1ch bao g\u1ed3m: T\u1ee7 Tivi TTVG10, Gh\u1ebf sofa QGSOFA05, B\u00e0n tr\u00e0 BT08<\/em><\/p>\n<div class=\"host-bincmiainjofjnhchmcalkanjebghoen\" style=\"position: relative; z-index: 2147483647;\"><\/div>\n","protected":false},"featured_media":13113,"comment_status":"open","ping_status":"closed","template":"","meta":[],"product_cat":[682,631,684,119],"product_tag":[],"class_list":["post-13112","product","type-product","status-publish","has-post-thumbnail","hentry","product_cat-noi-that-phong-khach","product_cat-tron-goi-noi-that-chung-cu","product_cat-tron-goi-noi-that-phong-khach","product_cat-san-pham"],"yoast_head":"<!-- This site is optimized with the Yoast SEO plugin v19.9 - https:\/\/yoast.com\/wordpress\/plugins\/seo\/ -->\n<title>N\u1ed9i th\u1ea5t ph\u00f2ng kh\u00e1ch sang tr\u1ecdng<\/title>\n<meta name=\"description\" content=\"H\u00e3y \u0111\u1ebfn v\u1edbi QG Home ngay h\u00f4m nay \u0111\u1ec3 \u0111\u01b0\u1ee3c kh\u00e1m ph\u00e1 c\u00e1c m\u1eabu s\u1ea3n ph\u1ea9m n\u1ed9i th\u1ea5t ph\u00f2ng kh\u00e1ch sang tr\u1ecdng, hi\u1ec7n \u0111\u1ea1i v\u00e0 ti\u1ec7n nghi nh\u1ea5t b\u1ea1n nh\u00e9!\" \/>\n<meta name=\"robots\" content=\"index, follow, max-snippet:-1, max-image-preview:large, max-video-preview:-1\" \/>\n<link rel=\"canonical\" href=\"https:\/\/luan.webrt.net\/qhome\/san-pham\/noi-that-phong-khach-sang-trong\/\" \/>\n<meta property=\"og:locale\" content=\"vi_VN\" \/>\n<meta property=\"og:type\" content=\"article\" \/>\n<meta property=\"og:title\" content=\"N\u1ed9i th\u1ea5t ph\u00f2ng kh\u00e1ch sang tr\u1ecdng\" \/>\n<meta property=\"og:description\" content=\"H\u00e3y \u0111\u1ebfn v\u1edbi QG Home ngay h\u00f4m nay \u0111\u1ec3 \u0111\u01b0\u1ee3c kh\u00e1m ph\u00e1 c\u00e1c m\u1eabu s\u1ea3n ph\u1ea9m n\u1ed9i th\u1ea5t ph\u00f2ng kh\u00e1ch sang tr\u1ecdng, hi\u1ec7n \u0111\u1ea1i v\u00e0 ti\u1ec7n nghi nh\u1ea5t b\u1ea1n nh\u00e9!\" \/>\n<meta property=\"og:url\" content=\"https:\/\/luan.webrt.net\/qhome\/san-pham\/noi-that-phong-khach-sang-trong\/\" \/>\n<meta property=\"og:site_name\" content=\"M\u1eabu web n\u1ed9i th\u1ea5t\" \/>\n<meta property=\"article:publisher\" content=\"https:\/\/www.facebook.com\/noithatqghome\" \/>\n<meta property=\"article:modified_time\" content=\"2025-11-11T07:43:23+00:00\" \/>\n<meta property=\"og:image\" content=\"https:\/\/luan.webrt.net\/qhome\/wp-content\/uploads\/2024\/11\/G10.1-Copy.jpg\" \/>\n\t<meta property=\"og:image:width\" content=\"600\" \/>\n\t<meta property=\"og:image:height\" content=\"600\" \/>\n\t<meta property=\"og:image:type\" content=\"image\/jpeg\" \/>\n<meta name=\"twitter:card\" content=\"summary_large_image\" \/>\n<meta name=\"twitter:label1\" content=\"\u01af\u1edbc t\u00ednh th\u1eddi gian \u0111\u1ecdc\" \/>\n\t<meta name=\"twitter:data1\" content=\"3 ph\u00fat\" \/>\n<script type=\"application\/ld+json\" class=\"yoast-schema-graph\">{\"@context\":\"https:\/\/schema.org\",\"@graph\":[{\"@type\":\"WebPage\",\"@id\":\"https:\/\/luan.webrt.net\/qhome\/san-pham\/noi-that-phong-khach-sang-trong\/\",\"url\":\"https:\/\/luan.webrt.net\/qhome\/san-pham\/noi-that-phong-khach-sang-trong\/\",\"name\":\"N\u1ed9i th\u1ea5t ph\u00f2ng kh\u00e1ch sang tr\u1ecdng\",\"isPartOf\":{\"@id\":\"https:\/\/luan.webrt.net\/qhome\/#website\"},\"datePublished\":\"2024-11-28T20:21:07+00:00\",\"dateModified\":\"2025-11-11T07:43:23+00:00\",\"description\":\"H\u00e3y \u0111\u1ebfn v\u1edbi QG Home ngay h\u00f4m nay \u0111\u1ec3 \u0111\u01b0\u1ee3c kh\u00e1m ph\u00e1 c\u00e1c m\u1eabu s\u1ea3n ph\u1ea9m n\u1ed9i th\u1ea5t ph\u00f2ng kh\u00e1ch sang tr\u1ecdng, hi\u1ec7n \u0111\u1ea1i v\u00e0 ti\u1ec7n nghi nh\u1ea5t b\u1ea1n nh\u00e9!\",\"breadcrumb\":{\"@id\":\"https:\/\/luan.webrt.net\/qhome\/san-pham\/noi-that-phong-khach-sang-trong\/#breadcrumb\"},\"inLanguage\":\"vi\",\"potentialAction\":[{\"@type\":\"ReadAction\",\"target\":[\"https:\/\/luan.webrt.net\/qhome\/san-pham\/noi-that-phong-khach-sang-trong\/\"]}]},{\"@type\":\"BreadcrumbList\",\"@id\":\"https:\/\/luan.webrt.net\/qhome\/san-pham\/noi-that-phong-khach-sang-trong\/#breadcrumb\",\"itemListElement\":[{\"@type\":\"ListItem\",\"position\":1,\"name\":\"Trang ch\u1ee7\",\"item\":\"https:\/\/luan.webrt.net\/qhome\/\"},{\"@type\":\"ListItem\",\"position\":2,\"name\":\"Shop\",\"item\":\"https:\/\/luan.webrt.net\/qhome\/shop\/\"},{\"@type\":\"ListItem\",\"position\":3,\"name\":\"N\u1ed9i th\u1ea5t ph\u00f2ng kh\u00e1ch sang tr\u1ecdng\"}]},{\"@type\":\"WebSite\",\"@id\":\"https:\/\/luan.webrt.net\/qhome\/#website\",\"url\":\"https:\/\/luan.webrt.net\/qhome\/\",\"name\":\"M\u1eabu web n\u1ed9i th\u1ea5t\",\"description\":\"QGHome Vi\u1ec7t Nam\",\"publisher\":{\"@id\":\"https:\/\/luan.webrt.net\/qhome\/#organization\"},\"potentialAction\":[{\"@type\":\"SearchAction\",\"target\":{\"@type\":\"EntryPoint\",\"urlTemplate\":\"https:\/\/luan.webrt.net\/qhome\/?s={search_term_string}\"},\"query-input\":\"required name=search_term_string\"}],\"inLanguage\":\"vi\"},{\"@type\":\"Organization\",\"@id\":\"https:\/\/luan.webrt.net\/qhome\/#organization\",\"name\":\"QGHome\",\"url\":\"https:\/\/luan.webrt.net\/qhome\/\",\"logo\":{\"@type\":\"ImageObject\",\"inLanguage\":\"vi\",\"@id\":\"https:\/\/luan.webrt.net\/qhome\/#\/schema\/logo\/image\/\",\"url\":\"https:\/\/qghome.vn\/wp-content\/uploads\/2025\/08\/logo-mau-MauTH-21.png\",\"contentUrl\":\"https:\/\/qghome.vn\/wp-content\/uploads\/2025\/08\/logo-mau-MauTH-21.png\",\"width\":253,\"height\":99,\"caption\":\"QGHome\"},\"image\":{\"@id\":\"https:\/\/luan.webrt.net\/qhome\/#\/schema\/logo\/image\/\"},\"sameAs\":[\"https:\/\/www.tiktok.com\/@qghome.official\",\"https:\/\/www.youtube.com\/channel\/UCeVBuKTXkv-u94DS421cklw\",\"https:\/\/www.facebook.com\/noithatqghome\"]}]}<\/script>\n<!-- \/ Yoast SEO plugin. -->","yoast_head_json":{"title":"N\u1ed9i th\u1ea5t ph\u00f2ng kh\u00e1ch sang tr\u1ecdng","description":"H\u00e3y \u0111\u1ebfn v\u1edbi QG Home ngay h\u00f4m nay \u0111\u1ec3 \u0111\u01b0\u1ee3c kh\u00e1m ph\u00e1 c\u00e1c m\u1eabu s\u1ea3n ph\u1ea9m n\u1ed9i th\u1ea5t ph\u00f2ng kh\u00e1ch sang tr\u1ecdng, hi\u1ec7n \u0111\u1ea1i v\u00e0 ti\u1ec7n nghi nh\u1ea5t b\u1ea1n nh\u00e9!","robots":{"index":"index","follow":"follow","max-snippet":"max-snippet:-1","max-image-preview":"max-image-preview:large","max-video-preview":"max-video-preview:-1"},"canonical":"https:\/\/luan.webrt.net\/qhome\/san-pham\/noi-that-phong-khach-sang-trong\/","og_locale":"vi_VN","og_type":"article","og_title":"N\u1ed9i th\u1ea5t ph\u00f2ng kh\u00e1ch sang tr\u1ecdng","og_description":"H\u00e3y \u0111\u1ebfn v\u1edbi QG Home ngay h\u00f4m nay \u0111\u1ec3 \u0111\u01b0\u1ee3c kh\u00e1m ph\u00e1 c\u00e1c m\u1eabu s\u1ea3n ph\u1ea9m n\u1ed9i th\u1ea5t ph\u00f2ng kh\u00e1ch sang tr\u1ecdng, hi\u1ec7n \u0111\u1ea1i v\u00e0 ti\u1ec7n nghi nh\u1ea5t b\u1ea1n nh\u00e9!","og_url":"https:\/\/luan.webrt.net\/qhome\/san-pham\/noi-that-phong-khach-sang-trong\/","og_site_name":"M\u1eabu web n\u1ed9i th\u1ea5t","article_publisher":"https:\/\/www.facebook.com\/noithatqghome","article_modified_time":"2025-11-11T07:43:23+00:00","og_image":[{"width":600,"height":600,"url":"https:\/\/luan.webrt.net\/qhome\/wp-content\/uploads\/2024\/11\/G10.1-Copy.jpg","type":"image\/jpeg"}],"twitter_card":"summary_large_image","twitter_misc":{"\u01af\u1edbc t\u00ednh th\u1eddi gian \u0111\u1ecdc":"3 ph\u00fat"},"schema":{"@context":"https:\/\/schema.org","@graph":[{"@type":"WebPage","@id":"https:\/\/luan.webrt.net\/qhome\/san-pham\/noi-that-phong-khach-sang-trong\/","url":"https:\/\/luan.webrt.net\/qhome\/san-pham\/noi-that-phong-khach-sang-trong\/","name":"N\u1ed9i th\u1ea5t ph\u00f2ng kh\u00e1ch sang tr\u1ecdng","isPartOf":{"@id":"https:\/\/luan.webrt.net\/qhome\/#website"},"datePublished":"2024-11-28T20:21:07+00:00","dateModified":"2025-11-11T07:43:23+00:00","description":"H\u00e3y \u0111\u1ebfn v\u1edbi QG Home ngay h\u00f4m nay \u0111\u1ec3 \u0111\u01b0\u1ee3c kh\u00e1m ph\u00e1 c\u00e1c m\u1eabu s\u1ea3n ph\u1ea9m n\u1ed9i th\u1ea5t ph\u00f2ng kh\u00e1ch sang tr\u1ecdng, hi\u1ec7n \u0111\u1ea1i v\u00e0 ti\u1ec7n nghi nh\u1ea5t b\u1ea1n nh\u00e9!","breadcrumb":{"@id":"https:\/\/luan.webrt.net\/qhome\/san-pham\/noi-that-phong-khach-sang-trong\/#breadcrumb"},"inLanguage":"vi","potentialAction":[{"@type":"ReadAction","target":["https:\/\/luan.webrt.net\/qhome\/san-pham\/noi-that-phong-khach-sang-trong\/"]}]},{"@type":"BreadcrumbList","@id":"https:\/\/luan.webrt.net\/qhome\/san-pham\/noi-that-phong-khach-sang-trong\/#breadcrumb","itemListElement":[{"@type":"ListItem","position":1,"name":"Trang ch\u1ee7","item":"https:\/\/luan.webrt.net\/qhome\/"},{"@type":"ListItem","position":2,"name":"Shop","item":"https:\/\/luan.webrt.net\/qhome\/shop\/"},{"@type":"ListItem","position":3,"name":"N\u1ed9i th\u1ea5t ph\u00f2ng kh\u00e1ch sang tr\u1ecdng"}]},{"@type":"WebSite","@id":"https:\/\/luan.webrt.net\/qhome\/#website","url":"https:\/\/luan.webrt.net\/qhome\/","name":"M\u1eabu web n\u1ed9i th\u1ea5t","description":"QGHome Vi\u1ec7t Nam","publisher":{"@id":"https:\/\/luan.webrt.net\/qhome\/#organization"},"potentialAction":[{"@type":"SearchAction","target":{"@type":"EntryPoint","urlTemplate":"https:\/\/luan.webrt.net\/qhome\/?s={search_term_string}"},"query-input":"required name=search_term_string"}],"inLanguage":"vi"},{"@type":"Organization","@id":"https:\/\/luan.webrt.net\/qhome\/#organization","name":"QGHome","url":"https:\/\/luan.webrt.net\/qhome\/","logo":{"@type":"ImageObject","inLanguage":"vi","@id":"https:\/\/luan.webrt.net\/qhome\/#\/schema\/logo\/image\/","url":"https:\/\/qghome.vn\/wp-content\/uploads\/2025\/08\/logo-mau-MauTH-21.png","contentUrl":"https:\/\/qghome.vn\/wp-content\/uploads\/2025\/08\/logo-mau-MauTH-21.png","width":253,"height":99,"caption":"QGHome"},"image":{"@id":"https:\/\/luan.webrt.net\/qhome\/#\/schema\/logo\/image\/"},"sameAs":["https:\/\/www.tiktok.com\/@qghome.official","https:\/\/www.youtube.com\/channel\/UCeVBuKTXkv-u94DS421cklw","https:\/\/www.facebook.com\/noithatqghome"]}]}},"_links":{"self":[{"href":"https:\/\/luan.webrt.net\/qhome\/wp-json\/wp\/v2\/product\/13112","targetHints":{"allow":["GET"]}}],"collection":[{"href":"https:\/\/luan.webrt.net\/qhome\/wp-json\/wp\/v2\/product"}],"about":[{"href":"https:\/\/luan.webrt.net\/qhome\/wp-json\/wp\/v2\/types\/product"}],"replies":[{"embeddable":true,"href":"https:\/\/luan.webrt.net\/qhome\/wp-json\/wp\/v2\/comments?post=13112"}],"wp:featuredmedia":[{"embeddable":true,"href":"https:\/\/luan.webrt.net\/qhome\/wp-json\/wp\/v2\/media\/13113"}],"wp:attachment":[{"href":"https:\/\/luan.webrt.net\/qhome\/wp-json\/wp\/v2\/media?parent=13112"}],"wp:term":[{"taxonomy":"product_cat","embeddable":true,"href":"https:\/\/luan.webrt.net\/qhome\/wp-json\/wp\/v2\/product_cat?post=13112"},{"taxonomy":"product_tag","embeddable":true,"href":"https:\/\/luan.webrt.net\/qhome\/wp-json\/wp\/v2\/product_tag?post=13112"}],"curies":[{"name":"wp","href":"https:\/\/api.w.org\/{rel}","templated":true}]}}