{"id":13101,"date":"2024-11-27T20:16:13","date_gmt":"2024-11-27T20:16:13","guid":{"rendered":"https:\/\/qghome.vn\/?post_type=product&#038;p=13101"},"modified":"2025-11-12T08:25:17","modified_gmt":"2025-11-12T08:25:17","slug":"thiet-ke-phong-khach-hien-dai-don-gian","status":"publish","type":"product","link":"https:\/\/luan.webrt.net\/qhome\/san-pham\/thiet-ke-phong-khach-hien-dai-don-gian\/","title":{"rendered":"Thi\u1ebft k\u1ebf ph\u00f2ng kh\u00e1ch hi\u1ec7n \u0111\u1ea1i, \u0111\u01a1n gi\u1ea3n"},"content":{"rendered":"<p><span style=\"color: #000000;\">B\u1ea1n \u0111ang mong mu\u1ed1n t\u00ecm ki\u1ebfm m\u1ed9t tr\u1ecdn g\u00f3i n\u1ed9i th\u1ea5t ph\u00f2ng kh\u00e1ch cho kh\u00f4ng gian nh\u1ecf? V\u1eady th\u00ec \u0111\u1eebng b\u1ecf l\u1ee1 b\u00e0i vi\u1ebft n\u00e0y nh\u00e9. B\u1edfi ch\u00fang t\u00f4i s\u1ebd gi\u00fap b\u1ea1n bi\u1ebfn vi\u1ec7c thi\u1ebft k\u1ebf ph\u00f2ng kh\u00e1ch tr\u1edf n\u00ean d\u1ec5 d\u00e0ng, hi\u1ec7n \u0111\u1ea1i v\u00e0 ti\u1ec7n nghi h\u01a1n.<\/span><\/p>\n<h1><span style=\"color: #3366ff;\"><strong>Thi\u1ebft k\u1ebf ph\u00f2ng kh\u00e1ch hi\u1ec7n \u0111\u1ea1i &#8211; combo 3 m\u00f3n n\u1ed9i th\u1ea5t ph\u00f2ng kh\u00e1ch<\/strong><\/span><\/h1>\n<p><span style=\"color: #000000;\">Tr\u1ecdn b\u1ed9 thi\u1ebft k\u1ebf ph\u00f2ng kh\u00e1ch n\u00e0y g\u1ed3m b\u1ed9 03 s\u1ea3n ph\u1ea9m n\u1ed9i th\u1ea5t hi\u1ec7n \u0111\u1ea1i:<\/span><\/p>\n<ol>\n<li><span style=\"color: #000000;\"><em><span style=\"color: #3366ff;\"><a style=\"color: #3366ff;\" href=\"https:\/\/qghome.vn\/ke-tivi-ktv10\/\">K\u1ec7 tivi KTV10<\/a><\/span>: D\u00e0i 1300mm x Cao 500mm x S\u00e2u 400mm<\/em><\/span><\/li>\n<li><span style=\"color: #000000;\"><em><a style=\"color: #000000;\" href=\"https:\/\/qghome.vn\/mau-ban-tra-dep-hien-dai\/\"><span style=\"color: #0000ff;\">B\u00e0n tr\u00e0 BT04<\/span><\/a>: D\u00e0i 1000mm x R\u1ed9ng 500mm x Cao 400mm<\/em><\/span><\/li>\n<li><span style=\"color: #000000;\"><em><span style=\"color: #3366ff;\"><a style=\"color: #3366ff;\" href=\"https:\/\/qghome.vn\/ghe-sofa-nho-gon-hien-dai-gia-re-qgsofa08\/\">Gh\u1ebf sofa QGSOFA08<\/a><\/span>: D\u00e0i 2000mm x R\u1ed9ng 650mm x Cao 220\/650mm<\/em><\/span><\/li>\n<\/ol>\n<p>*Kh\u00e1ch h\u00e0ng c\u00f3 th\u1ec3 thay \u0111\u1ed5i k\u00edch th\u01b0\u1edbc<\/p>\n<p><span style=\"color: #000000;\">Ch\u1ea5t li\u1ec7u: C\u00e1c s\u1ea3n ph\u1ea9m tr\u00ean \u0111\u01b0\u1ee3c l\u00e0m t\u1eeb v\u00e1n g\u1ed7 mdf ph\u1ee7 melamine ch\u1ea5t l\u01b0\u1ee3ng cao. C\u00f3 \u0111\u1ed9 b\u1ec1n t\u1ed1t, h\u1ea1n ch\u1ebf cong v\u00eanh, ch\u1ed1ng m\u1ed1i m\u1ecdt, co ng\u00f3t. M\u00e0u s\u1eafc \u0111a d\u1ea1ng cho b\u1ea1n tho\u1ea3i m\u00e1i l\u1ef1a ch\u1ecdn<\/span><\/p>\n<p><span style=\"color: #000000;\">M\u00e0u s\u1eafc c\u1ee7a c\u00e1c s\u1ea3n ph\u1ea9m: B\u1ea1n c\u00f3 th\u1ec3 t\u00f9y \u00fd thay \u0111\u1ed5i m\u00e0u s\u1eafc theo nhu c\u1ea7u<\/span><\/p>\n<p><span style=\"color: #000000;\">B\u1ed9 ba s\u1ea3n ph\u1ea9m n\u1ed9i th\u1ea5t n\u00e0y nh\u00ecn chung c\u00f3 thi\u1ebft k\u1ebf theo phong c\u00e1ch \u0111\u01a1n gi\u1ea3n. M\u00e0u s\u1eafc xoay quanh 02 gam m\u00e0u ch\u1ee7 y\u1ebfu l\u00e0 m\u00e0u v\u00e2n g\u1ed7 v\u00e0 tr\u1eafng \u0111\u1ee5c. R\u1ea5t ph\u00f9 h\u1ee3p cho nh\u1eefng kh\u00f4ng gian ph\u00f2ng kh\u00e1ch c\u00f3 di\u1ec7n t\u00edch nh\u1ecf h\u1eb9p, \u01b0a th\u00edch thi\u1ebft k\u1ebf t\u1ed1i gi\u1ea3n, hi\u1ec7n \u0111\u1ea1i v\u00e0 nhu c\u1ea7u th\u1ea9m m\u1ef9 kh\u00f4ng qu\u00e1 cao.<\/span><\/p>\n<h2><span style=\"color: #000000;\"><strong>1. K\u1ec7 tivi sang tr\u1ecdng &#8211; KTV10<\/strong><\/span><\/h2>\n<p><span style=\"color: #000000;\">M\u1eabu k\u1ec7 tivi KTV10 c\u00f3 k\u1ebft c\u1ea5u ch\u1eafc ch\u1eafn, thi\u1ebft k\u1ebf t\u1ed1i gi\u1ea3n.\u00a0<\/span><\/p>\n<figure id=\"attachment_13102\" aria-describedby=\"caption-attachment-13102\" style=\"width: 533px\" class=\"wp-caption aligncenter\"><img loading=\"lazy\" decoding=\"async\" class=\"wp-image-13102 size-medium\" src=\"http:\/\/qghome.vn\/wp-content\/uploads\/2024\/11\/KTV10-1-533x400.jpg\" alt=\"\" width=\"533\" height=\"400\" srcset=\"https:\/\/luan.webrt.net\/qhome\/wp-content\/uploads\/2024\/11\/KTV10-1-533x400.jpg 533w, https:\/\/luan.webrt.net\/qhome\/wp-content\/uploads\/2024\/11\/KTV10-1-510x383.jpg 510w, https:\/\/luan.webrt.net\/qhome\/wp-content\/uploads\/2024\/11\/KTV10-1.jpg 768w\" sizes=\"auto, (max-width: 533px) 100vw, 533px\" \/><figcaption id=\"caption-attachment-13102\" class=\"wp-caption-text\"><span style=\"color: #000000;\">K\u1ec7 tivi \u0111\u01a1n gi\u1ea3n KTV10 <\/span><\/figcaption><\/figure>\n<h2><span style=\"color: #000000;\"><strong>2. Gh\u1ebf sofa ch\u1eef I \u0111\u01a1n gi\u1ea3n &#8211; QGSOFA08<\/strong><\/span><\/h2>\n<p><span style=\"color: #000000;\">Gh\u1ebf sofa QGSOFA08 \u0111\u01b0\u1ee3c thi\u1ebft k\u1ebf kh\u00e1 nh\u1ecf g\u1ecdn v\u00e0 ti\u1ec7n l\u1ee3i. B\u1ea1n ho\u00e0n to\u00e0n c\u00f3 th\u1ec3 s\u1eed d\u1ee5ng gh\u1ebf sofa n\u00e0y \u0111\u1ec3 n\u1eb1m xu\u1ed1ng v\u00e0 ngh\u1ec9 ng\u01a1i th\u01b0 gi\u00e3n hay th\u01b0\u1edfng th\u1ee9c nh\u1eefng b\u1ed9 phim y\u00eau th\u00edch.\u00a0<\/span><\/p>\n<figure id=\"attachment_13103\" aria-describedby=\"caption-attachment-13103\" style=\"width: 522px\" class=\"wp-caption aligncenter\"><img loading=\"lazy\" decoding=\"async\" class=\"wp-image-13103 size-medium\" src=\"http:\/\/qghome.vn\/wp-content\/uploads\/2024\/11\/8.1-2-522x400.jpg\" alt=\"\" width=\"522\" height=\"400\" srcset=\"https:\/\/luan.webrt.net\/qhome\/wp-content\/uploads\/2024\/11\/8.1-2-522x400.jpg 522w, https:\/\/luan.webrt.net\/qhome\/wp-content\/uploads\/2024\/11\/8.1-2-510x391.jpg 510w, https:\/\/luan.webrt.net\/qhome\/wp-content\/uploads\/2024\/11\/8.1-2.jpg 600w\" sizes=\"auto, (max-width: 522px) 100vw, 522px\" \/><figcaption id=\"caption-attachment-13103\" class=\"wp-caption-text\"><span style=\"color: #000000;\"><a style=\"color: #000000;\" href=\"https:\/\/qghome.vn\/ghe-sofa-nho-gon-hien-dai-gia-re-qgsofa08\/\">Gh\u1ebf sofa g\u1ed7 c\u00f4ng nghi\u1ec7p &#8211; QGSOFA08<\/a><\/span><\/figcaption><\/figure>\n<h2><span style=\"color: #000000;\"><strong>3. M\u1eabu b\u00e0n tr\u00e0 \u0111\u1eb9p, hi\u1ec7n \u0111\u1ea1i &#8211; BT04<\/strong><\/span><\/h2>\n<p><span style=\"color: #000000;\">M\u1eabu b\u00e0n tr\u00e0 BT04 s\u1ebd gi\u00fap b\u1ea1n t\u1ed1i \u01b0u m\u1ecdi kh\u00f4ng gian c\u1ee7a to\u00e0n b\u1ed9 chi\u1ebfc b\u00e0n. Thi\u1ebft k\u1ebf hi\u1ec7n \u0111\u1ea1i, v\u00e1t c\u1ea1nh tinh t\u1ebf, ki\u1ec3u b\u00e0n tr\u00e0 n\u00e0y ch\u1eafc ch\u1eafn s\u1ebd kh\u00f4ng l\u00e0m b\u1ea1n th\u1ea5t v\u1ecdng.<\/span><\/p>\n<figure id=\"attachment_13104\" aria-describedby=\"caption-attachment-13104\" style=\"width: 400px\" class=\"wp-caption aligncenter\"><img loading=\"lazy\" decoding=\"async\" class=\"wp-image-13104 size-medium\" src=\"http:\/\/qghome.vn\/wp-content\/uploads\/2024\/11\/4.1-1-400x400.jpg\" alt=\"\" width=\"400\" height=\"400\" srcset=\"https:\/\/luan.webrt.net\/qhome\/wp-content\/uploads\/2024\/11\/4.1-1-400x400.jpg 400w, https:\/\/luan.webrt.net\/qhome\/wp-content\/uploads\/2024\/11\/4.1-1-100x100.jpg 100w, https:\/\/luan.webrt.net\/qhome\/wp-content\/uploads\/2024\/11\/4.1-1-510x510.jpg 510w, https:\/\/luan.webrt.net\/qhome\/wp-content\/uploads\/2024\/11\/4.1-1-280x280.jpg 280w, https:\/\/luan.webrt.net\/qhome\/wp-content\/uploads\/2024\/11\/4.1-1.jpg 600w\" sizes=\"auto, (max-width: 400px) 100vw, 400px\" \/><figcaption id=\"caption-attachment-13104\" class=\"wp-caption-text\">B\u00e0n tr\u00e0 g\u1ed7 mdf &#8211; BT04<\/figcaption><\/figure>\n<p><span style=\"color: #000000;\">Vi\u1ec7c l\u1ef1a ch\u1ecdn nh\u1eefng b\u1ed9 s\u1ea3n ph\u1ea9m n\u1ed9i th\u1ea5t ph\u00f2ng kh\u00e1ch c\u00f3 s\u1eb5n nh\u01b0 th\u1ebf n\u00e0y mang \u0111\u1ebfn r\u1ea5t nhi\u1ec1u l\u1ee3i \u00edch cho b\u1ea1n. Gi\u00fap ti\u1ebft ki\u1ec7m th\u1eddi gian, ti\u1ec1n b\u1ea1c v\u00e0 c\u00f4ng s\u1ee9c ti\u1ec1m ki\u1ebfm.<\/span><\/p>\n<p><span style=\"color: #000000;\">H\u00e3y \u0111\u1eb7t mua combo n\u1ed9i th\u1ea5t ph\u00f2ng kh\u00e1ch hi\u1ec7n \u0111\u1ea1i t\u1ea1i QG Home ngay h\u00f4m nay \u0111\u1ec3 nh\u1eadn \u0111\u01b0\u1ee3c nhi\u1ec1u \u01b0u \u0111\u00e3i h\u1ea5p d\u1eabn b\u1ea1n nh\u00e9!<\/span><\/p>\n<h4 style=\"text-align: center;\"><em><strong><span style=\"color: #000000;\">N\u1ed9i th\u1ea5t QG Home &#8211; n\u01a1i gi\u00fap b\u1ea1n ki\u1ebfn t\u1ea1o kh\u00f4ng gian s\u1ed1ng hi\u1ec7n \u0111\u1ea1i, ti\u1ec7n nghi<\/span><\/strong><\/em><\/h4>\n<p><span style=\"color: #000000;\">M\u1eddi b\u1ea1n tham kh\u1ea3o c\u00e1c s\u1ea3n ph\u1ea9m n\u1ed9i th\u1ea5t kh\u00e1c:<\/span><\/p>\n<ul>\n<li><span style=\"color: #000000;\">Thi\u1ebft k\u1ebf <span style=\"color: #333399;\"><a style=\"color: #333399;\" href=\"https:\/\/qghome.vn\/noi-that-chung-cu\/tron-goi-noi-that-chung-cu\/\"><span style=\"text-decoration: underline;\">n\u1ed9i th\u1ea5t chung c\u01b0<\/span><\/a><\/span>: tr\u1ecdn g\u00f3i n\u1ed9i th\u1ea5t, ph\u00f2ng kh\u00e1ch, ph\u00f2ng ng\u1ee7, ph\u00f2ng b\u1ebfp<\/span><\/li>\n<li><span style=\"color: #000000;\">Thi\u1ebft k\u1ebf<a style=\"color: #000000;\" href=\"https:\/\/qghome.vn\/san-pham\/noi-that-van-phong\/\"><span style=\"text-decoration: underline; color: #333399;\"> n\u1ed9i th\u1ea5t v\u0103n ph\u00f2ng<\/span><\/a><\/span><\/li>\n<\/ul>\n<div class=\"host-bincmiainjofjnhchmcalkanjebghoen\" style=\"position: relative; z-index: 2147483647;\"><\/div>\n","protected":false},"excerpt":{"rendered":"<p><span style=\"color: #333399;\"><em>Ti\u1ec7n \u00edch ph\u00f2ng kh\u00e1ch bao g\u1ed3m: K\u1ec7 tivi KTV10, Gh\u1ebf sofa QGSOFA08, B\u00e0n tr\u00e0 BT04<\/em><\/span><\/p>\n<div class=\"host-bincmiainjofjnhchmcalkanjebghoen\" style=\"position: relative; z-index: 2147483647;\"><\/div>\n","protected":false},"featured_media":13103,"comment_status":"open","ping_status":"closed","template":"","meta":[],"product_cat":[682,631,684,119],"product_tag":[],"class_list":["post-13101","product","type-product","status-publish","has-post-thumbnail","hentry","product_cat-noi-that-phong-khach","product_cat-tron-goi-noi-that-chung-cu","product_cat-tron-goi-noi-that-phong-khach","product_cat-san-pham"],"yoast_head":"<!-- This site is optimized with the Yoast SEO plugin v19.9 - https:\/\/yoast.com\/wordpress\/plugins\/seo\/ -->\n<title>Thi\u1ebft k\u1ebf ph\u00f2ng kh\u00e1ch hi\u1ec7n \u0111\u1ea1i, \u0111\u01a1n gi\u1ea3n<\/title>\n<meta name=\"description\" content=\"Tr\u1ecdn b\u1ed9 thi\u1ebft k\u1ebf ph\u00f2ng kh\u00e1ch hi\u1ec7n \u0111\u1ea1i g\u1ed3m 3 s\u1ea3n ph\u1ea9m: K\u1ec7 tivi KTV10, Gh\u1ebf sofa ch\u1eef I QGSOFA08, B\u00e0n tr\u00e0 BT04. Ph\u00f9 h\u1ee3p v\u1edbi kh\u00f4ng gian ph\u00f2ng kh\u00e1ch nh\u1ecf,....\" \/>\n<meta name=\"robots\" content=\"index, follow, max-snippet:-1, max-image-preview:large, max-video-preview:-1\" \/>\n<link rel=\"canonical\" href=\"https:\/\/luan.webrt.net\/qhome\/san-pham\/thiet-ke-phong-khach-hien-dai-don-gian\/\" \/>\n<meta property=\"og:locale\" content=\"vi_VN\" \/>\n<meta property=\"og:type\" content=\"article\" \/>\n<meta property=\"og:title\" content=\"Thi\u1ebft k\u1ebf ph\u00f2ng kh\u00e1ch hi\u1ec7n \u0111\u1ea1i, \u0111\u01a1n gi\u1ea3n\" \/>\n<meta property=\"og:description\" content=\"Tr\u1ecdn b\u1ed9 thi\u1ebft k\u1ebf ph\u00f2ng kh\u00e1ch hi\u1ec7n \u0111\u1ea1i g\u1ed3m 3 s\u1ea3n ph\u1ea9m: K\u1ec7 tivi KTV10, Gh\u1ebf sofa ch\u1eef I QGSOFA08, B\u00e0n tr\u00e0 BT04. Ph\u00f9 h\u1ee3p v\u1edbi kh\u00f4ng gian ph\u00f2ng kh\u00e1ch nh\u1ecf,....\" \/>\n<meta property=\"og:url\" content=\"https:\/\/luan.webrt.net\/qhome\/san-pham\/thiet-ke-phong-khach-hien-dai-don-gian\/\" \/>\n<meta property=\"og:site_name\" content=\"M\u1eabu web n\u1ed9i th\u1ea5t\" \/>\n<meta property=\"article:publisher\" content=\"https:\/\/www.facebook.com\/noithatqghome\" \/>\n<meta property=\"article:modified_time\" content=\"2025-11-12T08:25:17+00:00\" \/>\n<meta property=\"og:image\" content=\"https:\/\/luan.webrt.net\/qhome\/wp-content\/uploads\/2024\/11\/8.1-2.jpg\" \/>\n\t<meta property=\"og:image:width\" content=\"600\" \/>\n\t<meta property=\"og:image:height\" content=\"460\" \/>\n\t<meta property=\"og:image:type\" content=\"image\/jpeg\" \/>\n<meta name=\"twitter:card\" content=\"summary_large_image\" \/>\n<meta name=\"twitter:label1\" content=\"\u01af\u1edbc t\u00ednh th\u1eddi gian \u0111\u1ecdc\" \/>\n\t<meta name=\"twitter:data1\" content=\"4 ph\u00fat\" \/>\n<script type=\"application\/ld+json\" class=\"yoast-schema-graph\">{\"@context\":\"https:\/\/schema.org\",\"@graph\":[{\"@type\":\"WebPage\",\"@id\":\"https:\/\/luan.webrt.net\/qhome\/san-pham\/thiet-ke-phong-khach-hien-dai-don-gian\/\",\"url\":\"https:\/\/luan.webrt.net\/qhome\/san-pham\/thiet-ke-phong-khach-hien-dai-don-gian\/\",\"name\":\"Thi\u1ebft k\u1ebf ph\u00f2ng kh\u00e1ch hi\u1ec7n \u0111\u1ea1i, \u0111\u01a1n gi\u1ea3n\",\"isPartOf\":{\"@id\":\"https:\/\/luan.webrt.net\/qhome\/#website\"},\"datePublished\":\"2024-11-27T20:16:13+00:00\",\"dateModified\":\"2025-11-12T08:25:17+00:00\",\"description\":\"Tr\u1ecdn b\u1ed9 thi\u1ebft k\u1ebf ph\u00f2ng kh\u00e1ch hi\u1ec7n \u0111\u1ea1i g\u1ed3m 3 s\u1ea3n ph\u1ea9m: K\u1ec7 tivi KTV10, Gh\u1ebf sofa ch\u1eef I QGSOFA08, B\u00e0n tr\u00e0 BT04. Ph\u00f9 h\u1ee3p v\u1edbi kh\u00f4ng gian ph\u00f2ng kh\u00e1ch nh\u1ecf,....\",\"breadcrumb\":{\"@id\":\"https:\/\/luan.webrt.net\/qhome\/san-pham\/thiet-ke-phong-khach-hien-dai-don-gian\/#breadcrumb\"},\"inLanguage\":\"vi\",\"potentialAction\":[{\"@type\":\"ReadAction\",\"target\":[\"https:\/\/luan.webrt.net\/qhome\/san-pham\/thiet-ke-phong-khach-hien-dai-don-gian\/\"]}]},{\"@type\":\"BreadcrumbList\",\"@id\":\"https:\/\/luan.webrt.net\/qhome\/san-pham\/thiet-ke-phong-khach-hien-dai-don-gian\/#breadcrumb\",\"itemListElement\":[{\"@type\":\"ListItem\",\"position\":1,\"name\":\"Trang ch\u1ee7\",\"item\":\"https:\/\/luan.webrt.net\/qhome\/\"},{\"@type\":\"ListItem\",\"position\":2,\"name\":\"Shop\",\"item\":\"https:\/\/luan.webrt.net\/qhome\/shop\/\"},{\"@type\":\"ListItem\",\"position\":3,\"name\":\"Thi\u1ebft k\u1ebf ph\u00f2ng kh\u00e1ch hi\u1ec7n \u0111\u1ea1i, \u0111\u01a1n gi\u1ea3n\"}]},{\"@type\":\"WebSite\",\"@id\":\"https:\/\/luan.webrt.net\/qhome\/#website\",\"url\":\"https:\/\/luan.webrt.net\/qhome\/\",\"name\":\"M\u1eabu web n\u1ed9i th\u1ea5t\",\"description\":\"QGHome Vi\u1ec7t Nam\",\"publisher\":{\"@id\":\"https:\/\/luan.webrt.net\/qhome\/#organization\"},\"potentialAction\":[{\"@type\":\"SearchAction\",\"target\":{\"@type\":\"EntryPoint\",\"urlTemplate\":\"https:\/\/luan.webrt.net\/qhome\/?s={search_term_string}\"},\"query-input\":\"required name=search_term_string\"}],\"inLanguage\":\"vi\"},{\"@type\":\"Organization\",\"@id\":\"https:\/\/luan.webrt.net\/qhome\/#organization\",\"name\":\"QGHome\",\"url\":\"https:\/\/luan.webrt.net\/qhome\/\",\"logo\":{\"@type\":\"ImageObject\",\"inLanguage\":\"vi\",\"@id\":\"https:\/\/luan.webrt.net\/qhome\/#\/schema\/logo\/image\/\",\"url\":\"https:\/\/qghome.vn\/wp-content\/uploads\/2025\/08\/logo-mau-MauTH-21.png\",\"contentUrl\":\"https:\/\/qghome.vn\/wp-content\/uploads\/2025\/08\/logo-mau-MauTH-21.png\",\"width\":253,\"height\":99,\"caption\":\"QGHome\"},\"image\":{\"@id\":\"https:\/\/luan.webrt.net\/qhome\/#\/schema\/logo\/image\/\"},\"sameAs\":[\"https:\/\/www.tiktok.com\/@qghome.official\",\"https:\/\/www.youtube.com\/channel\/UCeVBuKTXkv-u94DS421cklw\",\"https:\/\/www.facebook.com\/noithatqghome\"]}]}<\/script>\n<!-- \/ Yoast SEO plugin. -->","yoast_head_json":{"title":"Thi\u1ebft k\u1ebf ph\u00f2ng kh\u00e1ch hi\u1ec7n \u0111\u1ea1i, \u0111\u01a1n gi\u1ea3n","description":"Tr\u1ecdn b\u1ed9 thi\u1ebft k\u1ebf ph\u00f2ng kh\u00e1ch hi\u1ec7n \u0111\u1ea1i g\u1ed3m 3 s\u1ea3n ph\u1ea9m: K\u1ec7 tivi KTV10, Gh\u1ebf sofa ch\u1eef I QGSOFA08, B\u00e0n tr\u00e0 BT04. Ph\u00f9 h\u1ee3p v\u1edbi kh\u00f4ng gian ph\u00f2ng kh\u00e1ch nh\u1ecf,....","robots":{"index":"index","follow":"follow","max-snippet":"max-snippet:-1","max-image-preview":"max-image-preview:large","max-video-preview":"max-video-preview:-1"},"canonical":"https:\/\/luan.webrt.net\/qhome\/san-pham\/thiet-ke-phong-khach-hien-dai-don-gian\/","og_locale":"vi_VN","og_type":"article","og_title":"Thi\u1ebft k\u1ebf ph\u00f2ng kh\u00e1ch hi\u1ec7n \u0111\u1ea1i, \u0111\u01a1n gi\u1ea3n","og_description":"Tr\u1ecdn b\u1ed9 thi\u1ebft k\u1ebf ph\u00f2ng kh\u00e1ch hi\u1ec7n \u0111\u1ea1i g\u1ed3m 3 s\u1ea3n ph\u1ea9m: K\u1ec7 tivi KTV10, Gh\u1ebf sofa ch\u1eef I QGSOFA08, B\u00e0n tr\u00e0 BT04. Ph\u00f9 h\u1ee3p v\u1edbi kh\u00f4ng gian ph\u00f2ng kh\u00e1ch nh\u1ecf,....","og_url":"https:\/\/luan.webrt.net\/qhome\/san-pham\/thiet-ke-phong-khach-hien-dai-don-gian\/","og_site_name":"M\u1eabu web n\u1ed9i th\u1ea5t","article_publisher":"https:\/\/www.facebook.com\/noithatqghome","article_modified_time":"2025-11-12T08:25:17+00:00","og_image":[{"width":600,"height":460,"url":"https:\/\/luan.webrt.net\/qhome\/wp-content\/uploads\/2024\/11\/8.1-2.jpg","type":"image\/jpeg"}],"twitter_card":"summary_large_image","twitter_misc":{"\u01af\u1edbc t\u00ednh th\u1eddi gian \u0111\u1ecdc":"4 ph\u00fat"},"schema":{"@context":"https:\/\/schema.org","@graph":[{"@type":"WebPage","@id":"https:\/\/luan.webrt.net\/qhome\/san-pham\/thiet-ke-phong-khach-hien-dai-don-gian\/","url":"https:\/\/luan.webrt.net\/qhome\/san-pham\/thiet-ke-phong-khach-hien-dai-don-gian\/","name":"Thi\u1ebft k\u1ebf ph\u00f2ng kh\u00e1ch hi\u1ec7n \u0111\u1ea1i, \u0111\u01a1n gi\u1ea3n","isPartOf":{"@id":"https:\/\/luan.webrt.net\/qhome\/#website"},"datePublished":"2024-11-27T20:16:13+00:00","dateModified":"2025-11-12T08:25:17+00:00","description":"Tr\u1ecdn b\u1ed9 thi\u1ebft k\u1ebf ph\u00f2ng kh\u00e1ch hi\u1ec7n \u0111\u1ea1i g\u1ed3m 3 s\u1ea3n ph\u1ea9m: K\u1ec7 tivi KTV10, Gh\u1ebf sofa ch\u1eef I QGSOFA08, B\u00e0n tr\u00e0 BT04. Ph\u00f9 h\u1ee3p v\u1edbi kh\u00f4ng gian ph\u00f2ng kh\u00e1ch nh\u1ecf,....","breadcrumb":{"@id":"https:\/\/luan.webrt.net\/qhome\/san-pham\/thiet-ke-phong-khach-hien-dai-don-gian\/#breadcrumb"},"inLanguage":"vi","potentialAction":[{"@type":"ReadAction","target":["https:\/\/luan.webrt.net\/qhome\/san-pham\/thiet-ke-phong-khach-hien-dai-don-gian\/"]}]},{"@type":"BreadcrumbList","@id":"https:\/\/luan.webrt.net\/qhome\/san-pham\/thiet-ke-phong-khach-hien-dai-don-gian\/#breadcrumb","itemListElement":[{"@type":"ListItem","position":1,"name":"Trang ch\u1ee7","item":"https:\/\/luan.webrt.net\/qhome\/"},{"@type":"ListItem","position":2,"name":"Shop","item":"https:\/\/luan.webrt.net\/qhome\/shop\/"},{"@type":"ListItem","position":3,"name":"Thi\u1ebft k\u1ebf ph\u00f2ng kh\u00e1ch hi\u1ec7n \u0111\u1ea1i, \u0111\u01a1n gi\u1ea3n"}]},{"@type":"WebSite","@id":"https:\/\/luan.webrt.net\/qhome\/#website","url":"https:\/\/luan.webrt.net\/qhome\/","name":"M\u1eabu web n\u1ed9i th\u1ea5t","description":"QGHome Vi\u1ec7t Nam","publisher":{"@id":"https:\/\/luan.webrt.net\/qhome\/#organization"},"potentialAction":[{"@type":"SearchAction","target":{"@type":"EntryPoint","urlTemplate":"https:\/\/luan.webrt.net\/qhome\/?s={search_term_string}"},"query-input":"required name=search_term_string"}],"inLanguage":"vi"},{"@type":"Organization","@id":"https:\/\/luan.webrt.net\/qhome\/#organization","name":"QGHome","url":"https:\/\/luan.webrt.net\/qhome\/","logo":{"@type":"ImageObject","inLanguage":"vi","@id":"https:\/\/luan.webrt.net\/qhome\/#\/schema\/logo\/image\/","url":"https:\/\/qghome.vn\/wp-content\/uploads\/2025\/08\/logo-mau-MauTH-21.png","contentUrl":"https:\/\/qghome.vn\/wp-content\/uploads\/2025\/08\/logo-mau-MauTH-21.png","width":253,"height":99,"caption":"QGHome"},"image":{"@id":"https:\/\/luan.webrt.net\/qhome\/#\/schema\/logo\/image\/"},"sameAs":["https:\/\/www.tiktok.com\/@qghome.official","https:\/\/www.youtube.com\/channel\/UCeVBuKTXkv-u94DS421cklw","https:\/\/www.facebook.com\/noithatqghome"]}]}},"_links":{"self":[{"href":"https:\/\/luan.webrt.net\/qhome\/wp-json\/wp\/v2\/product\/13101","targetHints":{"allow":["GET"]}}],"collection":[{"href":"https:\/\/luan.webrt.net\/qhome\/wp-json\/wp\/v2\/product"}],"about":[{"href":"https:\/\/luan.webrt.net\/qhome\/wp-json\/wp\/v2\/types\/product"}],"replies":[{"embeddable":true,"href":"https:\/\/luan.webrt.net\/qhome\/wp-json\/wp\/v2\/comments?post=13101"}],"wp:featuredmedia":[{"embeddable":true,"href":"https:\/\/luan.webrt.net\/qhome\/wp-json\/wp\/v2\/media\/13103"}],"wp:attachment":[{"href":"https:\/\/luan.webrt.net\/qhome\/wp-json\/wp\/v2\/media?parent=13101"}],"wp:term":[{"taxonomy":"product_cat","embeddable":true,"href":"https:\/\/luan.webrt.net\/qhome\/wp-json\/wp\/v2\/product_cat?post=13101"},{"taxonomy":"product_tag","embeddable":true,"href":"https:\/\/luan.webrt.net\/qhome\/wp-json\/wp\/v2\/product_tag?post=13101"}],"curies":[{"name":"wp","href":"https:\/\/api.w.org\/{rel}","templated":true}]}}