{"id":13081,"date":"2024-11-25T21:40:50","date_gmt":"2024-11-25T21:40:50","guid":{"rendered":"https:\/\/qghome.vn\/?post_type=product&#038;p=13081"},"modified":"2025-11-12T03:49:34","modified_gmt":"2025-11-12T03:49:34","slug":"thiet-ke-noi-that-phong-khach-dep-sang-trong","status":"publish","type":"product","link":"https:\/\/luan.webrt.net\/qhome\/san-pham\/thiet-ke-noi-that-phong-khach-dep-sang-trong\/","title":{"rendered":"Thi\u1ebft k\u1ebf n\u1ed9i th\u1ea5t ph\u00f2ng kh\u00e1ch \u0111\u1eb9p, sang tr\u1ecdng"},"content":{"rendered":"<h1 style=\"text-align: center;\"><span style=\"color: #0000ff;\"><strong>Thi\u1ebft k\u1ebf n\u1ed9i th\u1ea5t ph\u00f2ng kh\u00e1ch \u0111\u1eb9p, sang tr\u1ecdng<\/strong><\/span><\/h1>\n<p><span style=\"color: #000000;\">Tr\u1ecdn g\u00f3i thi\u1ebft k\u1ebf n\u1ed9i th\u1ea5t ph\u00f2ng kh\u00e1ch g\u1ed3m b\u1ed9 03 s\u1ea3n ph\u1ea9m c\u01a1 b\u1ea3n:<\/span><\/p>\n<ol>\n<li><span style=\"color: #3366ff;\"><a style=\"color: #3366ff;\" href=\"https:\/\/qghome.vn\/tu-tivi-phong-khach-hien-dai-ttvg06\/\"><em><span style=\"text-decoration: underline;\">T\u1ee7 tivi &#8211; TTVG06<\/span>:\u00a0<\/em><\/a><\/span><\/li>\n<\/ol>\n<ul>\n<li><span style=\"color: #000000;\"><em>T\u1ee7 \u0111\u1ee9ng: 600mm x 400mm x 2000mm<\/em><\/span><\/li>\n<li><span style=\"color: #000000;\"><em>\u00a0K\u1ec7 tivi v\u00e0 t\u1ee7 nh\u1ecf: 1500mm x 400mm x 700mm<\/em><\/span><\/li>\n<\/ul>\n<ol>\n<li><span style=\"color: #000000;\"><em><span style=\"color: #3366ff;\"><a style=\"color: #3366ff;\" href=\"https:\/\/qghome.vn\/sofa-phong-khach-dep-hien-dai-qgsofa07\/\"><span style=\"text-decoration: underline;\">Gh\u1ebf sofa &#8211; QGSOFA07<\/span><\/a><\/span>: D\u00e0i 2800mm x R\u1ed9ng 1800mm x Cao 600mm<\/em><\/span><\/li>\n<li><span style=\"color: #000000;\"><em><a href=\"https:\/\/qghome.vn\/sofa-phong-khach-dep-hien-dai-qgsofa07\/\"><span style=\"color: #3366ff;\"><span style=\"text-decoration: underline;\">B\u00e0n tr\u00e0 sofa &#8211; BT07<\/span><\/span><\/a>: D\u00e0i 1000mm x R\u1ed9ng 500mm x Cao 400mm<\/em><\/span><\/li>\n<\/ol>\n<p><span style=\"color: #000000;\"><em>*B\u1ea1n c\u00f3 th\u1ec3 t\u00f9y ch\u1ec9nh k\u00edch th\u01b0\u1edbc cho ph\u00f9 h\u1ee3p v\u1edbi kh\u00f4ng gian ph\u00f2ng kh\u00e1ch c\u1ee7a gia \u0111\u00ecnh.<\/em><\/span><\/p>\n<p><span style=\"color: #000000;\"><strong>Ch\u1ea5t li\u1ec7u<\/strong>: G\u1ed7 MDF ph\u1ee7 melamine cao c\u1ea5p, b\u1ec1n b\u1ec9.<\/span><\/p>\n<p><span style=\"color: #000000;\">Mang m\u1ed9t s\u1ed1 \u01b0u \u0111i\u1ec3m v\u01b0\u1ee3t tr\u1ed9i c\u00f3 th\u1ec3 k\u1ec3 \u0111\u1ebfn nh\u01b0: Ch\u1ea5t l\u01b0\u1ee3ng b\u1ec1n b\u1ec9, gi\u1eef \u0111\u01b0\u1ee3c v\u1ebb \u0111\u1eb9p theo th\u1eddi gian. Kh\u00f4ng lo b\u1ecb cong v\u00eanh, co ng\u00f3t hay m\u1ed1i m\u1ecdt. Kh\u1ea3 n\u0103ng ch\u1ecbu l\u1ef1c t\u1ed1t b\u1edfi k\u1ebft c\u1ea5u ch\u1eafc ch\u1eafn.<\/span><\/p>\n<p><span style=\"color: #000000;\">\u0110a d\u1ea1ng c\u00e1c lo\u1ea1i m\u00e0u s\u1eafc kh\u00e1c nhau \u0111\u1ec3 b\u1ea1n c\u00f3 th\u1ec3 t\u00f9y th\u00edch l\u1ef1a ch\u1ecdn theo s\u1edf th\u00edch c\u0169ng nh\u01b0 l\u00e0 phong c\u00e1ch s\u1ed1ng c\u1ee7a gia \u0111\u00ecnh.<\/span><\/p>\n<p><span style=\"color: #000000;\"><strong>M\u00e0u s\u1eafc<\/strong>: Nh\u1eadn \u0111\u1eb7t m\u00e0u s\u1eafc theo y\u00eau c\u1ea7u.<\/span><\/p>\n<p><span style=\"color: #000000;\"><em>*\u0110\u1ec3 bi\u1ebft th\u00eam nhi\u1ec1u th\u00f4ng tin chi ti\u1ebft v\u1ec1 c\u00e1c s\u1ea3n ph\u1ea9m, m\u1eddi b\u1ea1n tham kh\u1ea3o c\u00e1c\u00a0<strong>\u0111\u01b0\u1eddng link<\/strong>\u00a0b\u00ean d\u01b0\u1edbi:<\/em><\/span><\/p>\n<h3><span style=\"color: #000000;\">1. T\u1ee7 tivi ph\u00f2ng kh\u00e1ch &#8211; TTVG06<\/span><\/h3>\n<p><span style=\"color: #000000;\">T\u1ee7 Tivi ph\u00f2ng kh\u00e1ch TTVG06 c\u00f3 k\u1ebft c\u1ea5u ch\u1eef U hi\u1ec7n \u0111\u1ea1i, \u0111\u1ed9c \u0111\u00e1o. Thi\u1ebft k\u1ebf sang tr\u1ecdng, tinh t\u1ebf cho kh\u00f4ng gian ph\u00f2ng kh\u00e1ch r\u1ed9ng r\u00e3i, \u0111\u1ea7y \u0111\u1ee7, ti\u1ec7n nghi. T\u1ee7 tivi kh\u00f4ng ch\u1ec9 l\u00e0 m\u1ed9t m\u00f3n n\u1ed9i th\u1ea5t th\u00f4ng th\u01b0\u1eddng m\u00e0 n\u00f3 c\u00f2n th\u1ec3 hi\u1ec7n gu th\u1ea9m m\u1ef9 c\u1ee7a gia ch\u1ee7, g\u00f3p ph\u1ea7n l\u00e0m n\u1ed5i b\u1eadt kh\u00f4ng gian xung quanh.<\/span><\/p>\n<figure id=\"attachment_13082\" aria-describedby=\"caption-attachment-13082\" style=\"width: 400px\" class=\"wp-caption aligncenter\"><img loading=\"lazy\" decoding=\"async\" class=\"wp-image-13082 size-medium\" src=\"http:\/\/qghome.vn\/wp-content\/uploads\/2024\/11\/G06.2-400x400.jpg\" alt=\"\" width=\"400\" height=\"400\" srcset=\"https:\/\/luan.webrt.net\/qhome\/wp-content\/uploads\/2024\/11\/G06.2-400x400.jpg 400w, https:\/\/luan.webrt.net\/qhome\/wp-content\/uploads\/2024\/11\/G06.2-100x100.jpg 100w, https:\/\/luan.webrt.net\/qhome\/wp-content\/uploads\/2024\/11\/G06.2-510x510.jpg 510w, https:\/\/luan.webrt.net\/qhome\/wp-content\/uploads\/2024\/11\/G06.2-280x280.jpg 280w, https:\/\/luan.webrt.net\/qhome\/wp-content\/uploads\/2024\/11\/G06.2.jpg 600w\" sizes=\"auto, (max-width: 400px) 100vw, 400px\" \/><figcaption id=\"caption-attachment-13082\" class=\"wp-caption-text\"><em><a href=\"https:\/\/qghome.vn\/tu-tivi-phong-khach-hien-dai-ttvg06\/\">T\u1ee7 tivi &#8211; TTVG06 <\/a><\/em><\/figcaption><\/figure>\n<h3><span style=\"color: #000000;\">2. B\u1ed9 gh\u1ebf sofa ph\u00f2ng kh\u00e1ch &#8211; QGSOFA07<\/span><\/h3>\n<p><span style=\"color: #000000;\">Gh\u1ebf sofa ph\u00f2ng kh\u00e1ch QGSOFA07 hi\u1ec7n \u0111ang l\u00e0 m\u1ed9t trong nh\u1eefng m\u1eabu sofa g\u1ed7 mdf \u0111\u01b0\u1ee3c \u01b0a chu\u1ed9ng nh\u1ea5t hi\u1ec7n nay. K\u1ebft c\u1ea5u ch\u1eef L \u0111\u01a1n gi\u1ea3n nh\u01b0ng b\u1ed9 sofa n\u00e0y l\u1ea1i to\u00e1t l\u00ean v\u1ebb \u0111\u1eb9p hi\u1ec7n \u0111\u1ea1i, thanh l\u1ecbch.\u00a0<\/span><\/p>\n<figure id=\"attachment_13083\" aria-describedby=\"caption-attachment-13083\" style=\"width: 534px\" class=\"wp-caption aligncenter\"><img loading=\"lazy\" decoding=\"async\" class=\"wp-image-13083 size-medium\" src=\"http:\/\/qghome.vn\/wp-content\/uploads\/2024\/11\/sofa-go-cong-nghiep-2-768x575-1-534x400.jpg\" alt=\"\" width=\"534\" height=\"400\" srcset=\"https:\/\/luan.webrt.net\/qhome\/wp-content\/uploads\/2024\/11\/sofa-go-cong-nghiep-2-768x575-1-534x400.jpg 534w, https:\/\/luan.webrt.net\/qhome\/wp-content\/uploads\/2024\/11\/sofa-go-cong-nghiep-2-768x575-1-510x382.jpg 510w, https:\/\/luan.webrt.net\/qhome\/wp-content\/uploads\/2024\/11\/sofa-go-cong-nghiep-2-768x575-1.jpg 768w\" sizes=\"auto, (max-width: 534px) 100vw, 534px\" \/><figcaption id=\"caption-attachment-13083\" class=\"wp-caption-text\"><em><a href=\"https:\/\/qghome.vn\/sofa-phong-khach-dep-hien-dai-qgsofa07\/\">Gh\u1ebf sofa &#8211; QGSOFA07<\/a><\/em><\/figcaption><\/figure>\n<h3><span style=\"color: #000000;\">3. B\u00e0n tr\u00e0 sofa cao c\u1ea5p &#8211; BT07<\/span><\/h3>\n<p><span style=\"color: #000000;\">M\u1eabu b\u00e0n tr\u00e0 sofa &#8211; BT07 c\u00f3 ki\u1ec3u d\u00e1ng hi\u1ec7n \u0111\u1ea1i, k\u1ebft c\u1ea5u d\u1ea1ng r\u00fat \u0111\u1ea7u \u0111\u1ed9c \u0111\u00e1o. Ng\u0103n k\u00e9o r\u1ed9ng r\u00e3i \u0111a ch\u1ee9c n\u0103ng \u0111em \u0111\u1ebfn cho b\u1ea1n tr\u1ea3i nghi\u1ec7m tuy\u1ec7t v\u1eddi.<\/span><\/p>\n<figure id=\"attachment_13084\" aria-describedby=\"caption-attachment-13084\" style=\"width: 400px\" class=\"wp-caption aligncenter\"><img loading=\"lazy\" decoding=\"async\" class=\"wp-image-13084 size-medium\" src=\"http:\/\/qghome.vn\/wp-content\/uploads\/2024\/11\/7.1.1-1-400x400.gif\" alt=\"\" width=\"400\" height=\"400\" srcset=\"https:\/\/luan.webrt.net\/qhome\/wp-content\/uploads\/2024\/11\/7.1.1-1-400x400.gif 400w, https:\/\/luan.webrt.net\/qhome\/wp-content\/uploads\/2024\/11\/7.1.1-1-100x100.gif 100w, https:\/\/luan.webrt.net\/qhome\/wp-content\/uploads\/2024\/11\/7.1.1-1-510x510.gif 510w, https:\/\/luan.webrt.net\/qhome\/wp-content\/uploads\/2024\/11\/7.1.1-1-280x280.gif 280w\" sizes=\"auto, (max-width: 400px) 100vw, 400px\" \/><figcaption id=\"caption-attachment-13084\" class=\"wp-caption-text\"><em><a href=\"https:\/\/qghome.vn\/sofa-phong-khach-dep-hien-dai-qgsofa07\/\">B\u00e0n tr\u00e0 &#8211; BT07<\/a><\/em><\/figcaption><\/figure>\n<p><span style=\"color: #000000;\">L\u1ef1a ch\u1ecdn tr\u1ecdn g\u00f3i n\u1ed9i th\u1ea5t \u0111\u1ec3 vi\u1ec7c thi\u1ebft k\u1ebf ph\u00f2ng kh\u00e1ch c\u1ee7a b\u1ea1n tr\u1edf n\u00ean \u0111\u01a1n gi\u1ea3n v\u00e0 t\u1ed1i \u01b0u h\u01a1n b\u1ea1n nh\u00e9!<\/span><\/p>\n<p><span style=\"color: #000000;\">H\u00e3y theo d\u00f5i ch\u00fang t\u00f4i \u0111\u1ec3 kh\u00e1m ph\u00e1 th\u00eam nhi\u1ec1u m\u1eabu\u00a0<span style=\"color: #3366ff;\"><em><a style=\"color: #3366ff;\" href=\"https:\/\/qghome.vn\/noi-that-chung-cu\/tron-goi-noi-that-chung-cu\/tron-goi-noi-that-phong-khach\/\">tr\u1ecdn g\u00f3i n\u1ed9i th\u1ea5t ph\u00f2ng kh\u00e1ch<\/a><\/em><\/span>\u00a0g\u1ed7 mdf kh\u00e1c.<\/span><\/p>\n<h4><span style=\"color: #000000;\">QG Home \u2013 \u0111\u01a1n v\u1ecb thi c\u00f4ng n\u1ed9i th\u1ea5t h\u00e0ng \u0111\u1ea7u Vi\u1ec7t Nam v\u1edbi nh\u1eefng m\u1eb7t h\u00e0ng ti\u00eau bi\u1ec3u:\u00a0<span style=\"color: #3366ff;\"><a style=\"color: #3366ff;\" href=\"https:\/\/qghome.vn\/noi-that-chung-cu\/\">N\u1ed9i th\u1ea5t chung c\u01b0<\/a><\/span>\u00a0(thi\u1ebft k\u1ebf tr\u1ecdn g\u00f3i v\u00e0 c\u00e1c s\u1ea3n ph\u1ea9m c\u1ee7a ph\u00f2ng ng\u1ee7, ph\u00f2ng kh\u00e1ch, ph\u00f2ng b\u1ebfp,\u2026);\u00a0<span style=\"color: #3366ff;\"><a style=\"color: #3366ff;\" href=\"https:\/\/qghome.vn\/san-pham\/noi-that-van-phong\/\">N\u1ed9i th\u1ea5t v\u0103n ph\u00f2ng<\/a><\/span>;\u2026<\/span><\/h4>\n<div class=\"host-bincmiainjofjnhchmcalkanjebghoen\" style=\"position: relative; z-index: 2147483647;\"><\/div>\n","protected":false},"excerpt":{"rendered":"<p>Ti\u1ec7n \u00edch ph\u00f2ng kh\u00e1ch g\u1ed3m 03 s\u1ea3n ph\u1ea9m: T\u1ee7 tivi &#8211; TTVG06, Gh\u1ebf sofa &#8211; QGSOFA07, B\u00e0n tr\u00e0 &#8211; BT07<\/p>\n<div class=\"host-bincmiainjofjnhchmcalkanjebghoen\" style=\"position: relative; z-index: 2147483647;\"><\/div>\n","protected":false},"featured_media":13082,"comment_status":"open","ping_status":"closed","template":"","meta":[],"product_cat":[631,684,119],"product_tag":[723,722],"class_list":["post-13081","product","type-product","status-publish","has-post-thumbnail","hentry","product_cat-tron-goi-noi-that-chung-cu","product_cat-tron-goi-noi-that-phong-khach","product_cat-san-pham","product_tag-noi-that-phong-khach","product_tag-thiet-ke-noi-that-phong-khach"],"yoast_head":"<!-- This site is optimized with the Yoast SEO plugin v19.9 - https:\/\/yoast.com\/wordpress\/plugins\/seo\/ -->\n<title>Thi\u1ebft k\u1ebf n\u1ed9i th\u1ea5t ph\u00f2ng kh\u00e1ch \u0111\u1eb9p, sang tr\u1ecdng<\/title>\n<meta name=\"description\" content=\"Tr\u1ecdn g\u00f3i Thi\u1ebft k\u1ebf n\u1ed9i th\u1ea5t ph\u00f2ng kh\u00e1ch g\u1ed3m 3 s\u1ea3n ph\u1ea9m c\u01a1 b\u1ea3n: T\u1ee7 tivi TTVG06, Gh\u1ebf sofa QGSOFA07, B\u00e0n tr\u00e0 BT07. \u0110\u01b0\u1ee3c l\u00e0m t\u1eeb v\u00e1n g\u1ed7 c\u00f4ng nghi\u1ec7p mdf cao c\u1ea5p,..\" \/>\n<meta name=\"robots\" content=\"index, follow, max-snippet:-1, max-image-preview:large, max-video-preview:-1\" \/>\n<link rel=\"canonical\" href=\"https:\/\/luan.webrt.net\/qhome\/san-pham\/thiet-ke-noi-that-phong-khach-dep-sang-trong\/\" \/>\n<meta property=\"og:locale\" content=\"vi_VN\" \/>\n<meta property=\"og:type\" content=\"article\" \/>\n<meta property=\"og:title\" content=\"Thi\u1ebft k\u1ebf n\u1ed9i th\u1ea5t ph\u00f2ng kh\u00e1ch \u0111\u1eb9p, sang tr\u1ecdng\" \/>\n<meta property=\"og:description\" content=\"Tr\u1ecdn g\u00f3i Thi\u1ebft k\u1ebf n\u1ed9i th\u1ea5t ph\u00f2ng kh\u00e1ch g\u1ed3m 3 s\u1ea3n ph\u1ea9m c\u01a1 b\u1ea3n: T\u1ee7 tivi TTVG06, Gh\u1ebf sofa QGSOFA07, B\u00e0n tr\u00e0 BT07. \u0110\u01b0\u1ee3c l\u00e0m t\u1eeb v\u00e1n g\u1ed7 c\u00f4ng nghi\u1ec7p mdf cao c\u1ea5p,..\" \/>\n<meta property=\"og:url\" content=\"https:\/\/luan.webrt.net\/qhome\/san-pham\/thiet-ke-noi-that-phong-khach-dep-sang-trong\/\" \/>\n<meta property=\"og:site_name\" content=\"M\u1eabu web n\u1ed9i th\u1ea5t\" \/>\n<meta property=\"article:publisher\" content=\"https:\/\/www.facebook.com\/noithatqghome\" \/>\n<meta property=\"article:modified_time\" content=\"2025-11-12T03:49:34+00:00\" \/>\n<meta property=\"og:image\" content=\"https:\/\/luan.webrt.net\/qhome\/wp-content\/uploads\/2024\/11\/G06.2.jpg\" \/>\n\t<meta property=\"og:image:width\" content=\"600\" \/>\n\t<meta property=\"og:image:height\" content=\"600\" \/>\n\t<meta property=\"og:image:type\" content=\"image\/jpeg\" \/>\n<meta name=\"twitter:card\" content=\"summary_large_image\" \/>\n<meta name=\"twitter:label1\" content=\"\u01af\u1edbc t\u00ednh th\u1eddi gian \u0111\u1ecdc\" \/>\n\t<meta name=\"twitter:data1\" content=\"4 ph\u00fat\" \/>\n<script type=\"application\/ld+json\" class=\"yoast-schema-graph\">{\"@context\":\"https:\/\/schema.org\",\"@graph\":[{\"@type\":\"WebPage\",\"@id\":\"https:\/\/luan.webrt.net\/qhome\/san-pham\/thiet-ke-noi-that-phong-khach-dep-sang-trong\/\",\"url\":\"https:\/\/luan.webrt.net\/qhome\/san-pham\/thiet-ke-noi-that-phong-khach-dep-sang-trong\/\",\"name\":\"Thi\u1ebft k\u1ebf n\u1ed9i th\u1ea5t ph\u00f2ng kh\u00e1ch \u0111\u1eb9p, sang tr\u1ecdng\",\"isPartOf\":{\"@id\":\"https:\/\/luan.webrt.net\/qhome\/#website\"},\"datePublished\":\"2024-11-25T21:40:50+00:00\",\"dateModified\":\"2025-11-12T03:49:34+00:00\",\"description\":\"Tr\u1ecdn g\u00f3i Thi\u1ebft k\u1ebf n\u1ed9i th\u1ea5t ph\u00f2ng kh\u00e1ch g\u1ed3m 3 s\u1ea3n ph\u1ea9m c\u01a1 b\u1ea3n: T\u1ee7 tivi TTVG06, Gh\u1ebf sofa QGSOFA07, B\u00e0n tr\u00e0 BT07. \u0110\u01b0\u1ee3c l\u00e0m t\u1eeb v\u00e1n g\u1ed7 c\u00f4ng nghi\u1ec7p mdf cao c\u1ea5p,..\",\"breadcrumb\":{\"@id\":\"https:\/\/luan.webrt.net\/qhome\/san-pham\/thiet-ke-noi-that-phong-khach-dep-sang-trong\/#breadcrumb\"},\"inLanguage\":\"vi\",\"potentialAction\":[{\"@type\":\"ReadAction\",\"target\":[\"https:\/\/luan.webrt.net\/qhome\/san-pham\/thiet-ke-noi-that-phong-khach-dep-sang-trong\/\"]}]},{\"@type\":\"BreadcrumbList\",\"@id\":\"https:\/\/luan.webrt.net\/qhome\/san-pham\/thiet-ke-noi-that-phong-khach-dep-sang-trong\/#breadcrumb\",\"itemListElement\":[{\"@type\":\"ListItem\",\"position\":1,\"name\":\"Trang ch\u1ee7\",\"item\":\"https:\/\/luan.webrt.net\/qhome\/\"},{\"@type\":\"ListItem\",\"position\":2,\"name\":\"Shop\",\"item\":\"https:\/\/luan.webrt.net\/qhome\/shop\/\"},{\"@type\":\"ListItem\",\"position\":3,\"name\":\"Thi\u1ebft k\u1ebf n\u1ed9i th\u1ea5t ph\u00f2ng kh\u00e1ch \u0111\u1eb9p, sang tr\u1ecdng\"}]},{\"@type\":\"WebSite\",\"@id\":\"https:\/\/luan.webrt.net\/qhome\/#website\",\"url\":\"https:\/\/luan.webrt.net\/qhome\/\",\"name\":\"M\u1eabu web n\u1ed9i th\u1ea5t\",\"description\":\"QGHome Vi\u1ec7t Nam\",\"publisher\":{\"@id\":\"https:\/\/luan.webrt.net\/qhome\/#organization\"},\"potentialAction\":[{\"@type\":\"SearchAction\",\"target\":{\"@type\":\"EntryPoint\",\"urlTemplate\":\"https:\/\/luan.webrt.net\/qhome\/?s={search_term_string}\"},\"query-input\":\"required name=search_term_string\"}],\"inLanguage\":\"vi\"},{\"@type\":\"Organization\",\"@id\":\"https:\/\/luan.webrt.net\/qhome\/#organization\",\"name\":\"QGHome\",\"url\":\"https:\/\/luan.webrt.net\/qhome\/\",\"logo\":{\"@type\":\"ImageObject\",\"inLanguage\":\"vi\",\"@id\":\"https:\/\/luan.webrt.net\/qhome\/#\/schema\/logo\/image\/\",\"url\":\"https:\/\/qghome.vn\/wp-content\/uploads\/2025\/08\/logo-mau-MauTH-21.png\",\"contentUrl\":\"https:\/\/qghome.vn\/wp-content\/uploads\/2025\/08\/logo-mau-MauTH-21.png\",\"width\":253,\"height\":99,\"caption\":\"QGHome\"},\"image\":{\"@id\":\"https:\/\/luan.webrt.net\/qhome\/#\/schema\/logo\/image\/\"},\"sameAs\":[\"https:\/\/www.tiktok.com\/@qghome.official\",\"https:\/\/www.youtube.com\/channel\/UCeVBuKTXkv-u94DS421cklw\",\"https:\/\/www.facebook.com\/noithatqghome\"]}]}<\/script>\n<!-- \/ Yoast SEO plugin. -->","yoast_head_json":{"title":"Thi\u1ebft k\u1ebf n\u1ed9i th\u1ea5t ph\u00f2ng kh\u00e1ch \u0111\u1eb9p, sang tr\u1ecdng","description":"Tr\u1ecdn g\u00f3i Thi\u1ebft k\u1ebf n\u1ed9i th\u1ea5t ph\u00f2ng kh\u00e1ch g\u1ed3m 3 s\u1ea3n ph\u1ea9m c\u01a1 b\u1ea3n: T\u1ee7 tivi TTVG06, Gh\u1ebf sofa QGSOFA07, B\u00e0n tr\u00e0 BT07. \u0110\u01b0\u1ee3c l\u00e0m t\u1eeb v\u00e1n g\u1ed7 c\u00f4ng nghi\u1ec7p mdf cao c\u1ea5p,..","robots":{"index":"index","follow":"follow","max-snippet":"max-snippet:-1","max-image-preview":"max-image-preview:large","max-video-preview":"max-video-preview:-1"},"canonical":"https:\/\/luan.webrt.net\/qhome\/san-pham\/thiet-ke-noi-that-phong-khach-dep-sang-trong\/","og_locale":"vi_VN","og_type":"article","og_title":"Thi\u1ebft k\u1ebf n\u1ed9i th\u1ea5t ph\u00f2ng kh\u00e1ch \u0111\u1eb9p, sang tr\u1ecdng","og_description":"Tr\u1ecdn g\u00f3i Thi\u1ebft k\u1ebf n\u1ed9i th\u1ea5t ph\u00f2ng kh\u00e1ch g\u1ed3m 3 s\u1ea3n ph\u1ea9m c\u01a1 b\u1ea3n: T\u1ee7 tivi TTVG06, Gh\u1ebf sofa QGSOFA07, B\u00e0n tr\u00e0 BT07. \u0110\u01b0\u1ee3c l\u00e0m t\u1eeb v\u00e1n g\u1ed7 c\u00f4ng nghi\u1ec7p mdf cao c\u1ea5p,..","og_url":"https:\/\/luan.webrt.net\/qhome\/san-pham\/thiet-ke-noi-that-phong-khach-dep-sang-trong\/","og_site_name":"M\u1eabu web n\u1ed9i th\u1ea5t","article_publisher":"https:\/\/www.facebook.com\/noithatqghome","article_modified_time":"2025-11-12T03:49:34+00:00","og_image":[{"width":600,"height":600,"url":"https:\/\/luan.webrt.net\/qhome\/wp-content\/uploads\/2024\/11\/G06.2.jpg","type":"image\/jpeg"}],"twitter_card":"summary_large_image","twitter_misc":{"\u01af\u1edbc t\u00ednh th\u1eddi gian \u0111\u1ecdc":"4 ph\u00fat"},"schema":{"@context":"https:\/\/schema.org","@graph":[{"@type":"WebPage","@id":"https:\/\/luan.webrt.net\/qhome\/san-pham\/thiet-ke-noi-that-phong-khach-dep-sang-trong\/","url":"https:\/\/luan.webrt.net\/qhome\/san-pham\/thiet-ke-noi-that-phong-khach-dep-sang-trong\/","name":"Thi\u1ebft k\u1ebf n\u1ed9i th\u1ea5t ph\u00f2ng kh\u00e1ch \u0111\u1eb9p, sang tr\u1ecdng","isPartOf":{"@id":"https:\/\/luan.webrt.net\/qhome\/#website"},"datePublished":"2024-11-25T21:40:50+00:00","dateModified":"2025-11-12T03:49:34+00:00","description":"Tr\u1ecdn g\u00f3i Thi\u1ebft k\u1ebf n\u1ed9i th\u1ea5t ph\u00f2ng kh\u00e1ch g\u1ed3m 3 s\u1ea3n ph\u1ea9m c\u01a1 b\u1ea3n: T\u1ee7 tivi TTVG06, Gh\u1ebf sofa QGSOFA07, B\u00e0n tr\u00e0 BT07. \u0110\u01b0\u1ee3c l\u00e0m t\u1eeb v\u00e1n g\u1ed7 c\u00f4ng nghi\u1ec7p mdf cao c\u1ea5p,..","breadcrumb":{"@id":"https:\/\/luan.webrt.net\/qhome\/san-pham\/thiet-ke-noi-that-phong-khach-dep-sang-trong\/#breadcrumb"},"inLanguage":"vi","potentialAction":[{"@type":"ReadAction","target":["https:\/\/luan.webrt.net\/qhome\/san-pham\/thiet-ke-noi-that-phong-khach-dep-sang-trong\/"]}]},{"@type":"BreadcrumbList","@id":"https:\/\/luan.webrt.net\/qhome\/san-pham\/thiet-ke-noi-that-phong-khach-dep-sang-trong\/#breadcrumb","itemListElement":[{"@type":"ListItem","position":1,"name":"Trang ch\u1ee7","item":"https:\/\/luan.webrt.net\/qhome\/"},{"@type":"ListItem","position":2,"name":"Shop","item":"https:\/\/luan.webrt.net\/qhome\/shop\/"},{"@type":"ListItem","position":3,"name":"Thi\u1ebft k\u1ebf n\u1ed9i th\u1ea5t ph\u00f2ng kh\u00e1ch \u0111\u1eb9p, sang tr\u1ecdng"}]},{"@type":"WebSite","@id":"https:\/\/luan.webrt.net\/qhome\/#website","url":"https:\/\/luan.webrt.net\/qhome\/","name":"M\u1eabu web n\u1ed9i th\u1ea5t","description":"QGHome Vi\u1ec7t Nam","publisher":{"@id":"https:\/\/luan.webrt.net\/qhome\/#organization"},"potentialAction":[{"@type":"SearchAction","target":{"@type":"EntryPoint","urlTemplate":"https:\/\/luan.webrt.net\/qhome\/?s={search_term_string}"},"query-input":"required name=search_term_string"}],"inLanguage":"vi"},{"@type":"Organization","@id":"https:\/\/luan.webrt.net\/qhome\/#organization","name":"QGHome","url":"https:\/\/luan.webrt.net\/qhome\/","logo":{"@type":"ImageObject","inLanguage":"vi","@id":"https:\/\/luan.webrt.net\/qhome\/#\/schema\/logo\/image\/","url":"https:\/\/qghome.vn\/wp-content\/uploads\/2025\/08\/logo-mau-MauTH-21.png","contentUrl":"https:\/\/qghome.vn\/wp-content\/uploads\/2025\/08\/logo-mau-MauTH-21.png","width":253,"height":99,"caption":"QGHome"},"image":{"@id":"https:\/\/luan.webrt.net\/qhome\/#\/schema\/logo\/image\/"},"sameAs":["https:\/\/www.tiktok.com\/@qghome.official","https:\/\/www.youtube.com\/channel\/UCeVBuKTXkv-u94DS421cklw","https:\/\/www.facebook.com\/noithatqghome"]}]}},"_links":{"self":[{"href":"https:\/\/luan.webrt.net\/qhome\/wp-json\/wp\/v2\/product\/13081","targetHints":{"allow":["GET"]}}],"collection":[{"href":"https:\/\/luan.webrt.net\/qhome\/wp-json\/wp\/v2\/product"}],"about":[{"href":"https:\/\/luan.webrt.net\/qhome\/wp-json\/wp\/v2\/types\/product"}],"replies":[{"embeddable":true,"href":"https:\/\/luan.webrt.net\/qhome\/wp-json\/wp\/v2\/comments?post=13081"}],"wp:featuredmedia":[{"embeddable":true,"href":"https:\/\/luan.webrt.net\/qhome\/wp-json\/wp\/v2\/media\/13082"}],"wp:attachment":[{"href":"https:\/\/luan.webrt.net\/qhome\/wp-json\/wp\/v2\/media?parent=13081"}],"wp:term":[{"taxonomy":"product_cat","embeddable":true,"href":"https:\/\/luan.webrt.net\/qhome\/wp-json\/wp\/v2\/product_cat?post=13081"},{"taxonomy":"product_tag","embeddable":true,"href":"https:\/\/luan.webrt.net\/qhome\/wp-json\/wp\/v2\/product_tag?post=13081"}],"curies":[{"name":"wp","href":"https:\/\/api.w.org\/{rel}","templated":true}]}}