{"id":13065,"date":"2024-11-21T20:48:42","date_gmt":"2024-11-21T20:48:42","guid":{"rendered":"https:\/\/qghome.vn\/?post_type=product&#038;p=13065"},"modified":"2025-11-12T07:42:41","modified_gmt":"2025-11-12T07:42:41","slug":"combo-noi-that-phong-khach-3-mon","status":"publish","type":"product","link":"https:\/\/luan.webrt.net\/qhome\/san-pham\/combo-noi-that-phong-khach-3-mon\/","title":{"rendered":"Combo n\u1ed9i th\u1ea5t ph\u00f2ng kh\u00e1ch 3 m\u00f3n"},"content":{"rendered":"<p><span style=\"color: #000000;\">Mua combo \u0111\u1ed3 n\u1ed9i th\u1ea5t ph\u00f2ng kh\u00e1ch \u0111ang l\u00e0 m\u1ed9t s\u1ef1 l\u1ef1a ch\u1ecdn ph\u1ed5 bi\u1ebfn hi\u1ec7n nay b\u1edfi nh\u1eefng l\u1ee3i \u00edch m\u00e0 n\u00f3 mang l\u1ea1i cho kh\u00e1ch h\u00e0ng.<\/span><\/p>\n<p><span style=\"color: #000000;\">Vi\u1ec7c n\u00e0y gi\u00fap b\u1ea1n ti\u1ebft ki\u1ec7m \u0111\u01b0\u1ee3c r\u1ea5t nhi\u1ec1u th\u1eddi gian so v\u1edbi t\u00ecm ki\u1ebfm c\u00e1c s\u1ea3n ph\u1ea9m ri\u00eang l\u1ebb. Phong c\u00e1ch thi\u1ebft k\u1ebf, ch\u1ea5t l\u01b0\u1ee3ng c\u1ee7a c\u00e1c s\u1ea3n ph\u1ea9m c\u0169ng \u0111\u1ed3ng nh\u1ea5t v\u1edbi nhau. H\u01a1n th\u1ebf n\u1eefa, mua combo n\u1ed9i th\u1ea5t ph\u00f2ng kh\u00e1ch c\u00f2n gi\u00fap b\u1ea1n ti\u1ebft ki\u1ec7m \u0111\u01b0\u1ee3c m\u1ed9t kho\u1ea3n chi ph\u00ed kh\u00f4ng nh\u1ecf.<\/span><\/p>\n<p><span style=\"color: #000000;\">H\u00e3y theo d\u00f5i \u0111\u1ebfn cu\u1ed1i b\u00e0i vi\u1ebft n\u00e0y \u0111\u1ec3 ch\u00fang t\u00f4i c\u00f3 th\u1ec3 g\u1ee3i \u00fd cho b\u1ea1n tr\u1ecdn b\u1ed9 s\u1ea3n ph\u1ea9m h\u00f4m nay nh\u00e9!<\/span><\/p>\n<h1><strong><span style=\"color: #0000ff;\">Combo n\u1ed9i th\u1ea5t ph\u00f2ng kh\u00e1ch 3 m\u00f3n<\/span><\/strong><\/h1>\n<p><span style=\"color: #000000;\">M\u1eabu n\u1ed9i th\u1ea5t ph\u00f2ng kh\u00e1ch n\u00e0y g\u1ed3m combo 3 s\u1ea3n ph\u1ea9m:<\/span><\/p>\n<ol>\n<li><a href=\"https:\/\/qghome.vn\/ghe-sofa-go-cong-nghiep-qgsofa03\/\"><span style=\"color: #3366ff;\"><em>Gh\u1ebf sofa QGSOFA03<\/em><\/span><\/a><\/li>\n<li><a href=\"https:\/\/qghome.vn\/ban-tra-phong-khach-bt10\/\"><span style=\"color: #3366ff;\"><em>B\u00e0n tr\u00e0 BT10<\/em><\/span><\/a><\/li>\n<li><a href=\"https:\/\/qghome.vn\/ke-tivi-ktv11\/\"><span style=\"color: #3366ff;\"><em>K\u1ec7 tivi KTV11<\/em><\/span><\/a><\/li>\n<\/ol>\n<ul>\n<li style=\"color: #000000;\"><strong>Ch\u1ea5t li\u1ec7u<\/strong>: G\u1ed7 MDF ph\u1ee7 melamine cao c\u1ea5p, b\u1ec1n b\u1ec9.<\/li>\n<\/ul>\n<p><span style=\"color: #000000;\">Mang m\u1ed9t s\u1ed1 \u01b0u \u0111i\u1ec3m v\u01b0\u1ee3t tr\u1ed9i c\u00f3 th\u1ec3 k\u1ec3 \u0111\u1ebfn nh\u01b0: Ch\u1ea5t l\u01b0\u1ee3ng b\u1ec1n b\u1ec9, gi\u1eef \u0111\u01b0\u1ee3c v\u1ebb \u0111\u1eb9p theo th\u1eddi gian. Kh\u00f4ng lo b\u1ecb cong v\u00eanh, co ng\u00f3t hay m\u1ed1i m\u1ecdt. Kh\u1ea3 n\u0103ng ch\u1ecbu l\u1ef1c t\u1ed1t b\u1edfi k\u1ebft c\u1ea5u ch\u1eafc ch\u1eafn.<\/span><\/p>\n<p><span style=\"color: #000000;\"> \u0110a d\u1ea1ng c\u00e1c lo\u1ea1i m\u00e0u s\u1eafc kh\u00e1c nhau \u0111\u1ec3 b\u1ea1n c\u00f3 th\u1ec3 t\u00f9y th\u00edch l\u1ef1a ch\u1ecdn theo s\u1edf th\u00edch c\u0169ng nh\u01b0 l\u00e0 phong c\u00e1ch s\u1ed1ng c\u1ee7a gia \u0111\u00ecnh.<\/span><\/p>\n<ul>\n<li style=\"color: #000000;\"><strong>M\u00e0u s\u1eafc<\/strong>: Nh\u1eadn \u0111\u1eb7t m\u00e0u s\u1eafc theo y\u00eau c\u1ea7u.<\/li>\n<\/ul>\n<table style=\"width: 83.598%; height: 86px;\">\n<tbody>\n<tr style=\"height: 10px;\">\n<td style=\"width: 13.0086%; height: 86px;\" rowspan=\"3\"><strong><span style=\"color: #000000;\">K\u00edch th\u01b0\u1edbc\u00a0<\/span><\/strong><\/td>\n<td style=\"width: 533.391%; height: 10px;\"><span style=\"color: #000000;\">Gh\u1ebf sofa: D\u00e0i 2400mm x R\u1ed9ng 800mm x Cao 600mm<\/span><\/td>\n<\/tr>\n<tr style=\"height: 38px;\">\n<td style=\"width: 533.391%; height: 38px;\"><span style=\"color: #000000;\">B\u00e0n tr\u00e0: D\u00e0i 1200mm x R\u1ed9ng 600mm x Cao 445mm<\/span><\/td>\n<\/tr>\n<tr style=\"height: 38px;\">\n<td style=\"width: 533.391%; height: 38px;\"><span style=\"color: #000000;\">K\u1ec7 tivi: D\u00e0i 1300mm x Cao 500mm x S\u00e2u 400mm<\/span><\/td>\n<\/tr>\n<\/tbody>\n<\/table>\n<p><em>*<span style=\"color: #000000;\">B\u1ea1n c\u00f3 th\u1ec3 t\u00f9y ch\u1ec9nh k\u00edch th\u01b0\u1edbc cho ph\u00f9 h\u1ee3p v\u1edbi kh\u00f4ng gian ph\u00f2ng kh\u00e1ch c\u1ee7a gia \u0111\u00ecnh.<\/span><\/em><\/p>\n<p><span style=\"color: #000000;\"><em>*\u0110\u1ec3 bi\u1ebft th\u00eam nhi\u1ec1u th\u00f4ng tin chi ti\u1ebft v\u1ec1 c\u00e1c s\u1ea3n ph\u1ea9m, m\u1eddi b\u1ea1n tham kh\u1ea3o c\u00e1c <strong>\u0111\u01b0\u1eddng link<\/strong> b\u00ean d\u01b0\u1edbi:<\/em><\/span><\/p>\n<h3><span style=\"color: #333399;\">1. K\u1ec7 Tivi ph\u00f2ng kh\u00e1ch cao c\u1ea5p &#8211; KTV11:<\/span><\/h3>\n<p><span style=\"color: #000000;\">K\u1ec7 tivi KTV g\u1ed7 mdf &#8211; KTV11 \u0111\u01b0\u1ee3c thi\u1ebft k\u1ebf v\u1edbi phong c\u00e1ch t\u1ed1i gi\u1ea3n, kh\u00f4ng qu\u00e1 \u0111\u1ed3 s\u1ed9 c\u1ea7u k\u1ef3. Nh\u01b0ng n\u00f3 l\u1ea1i mang n\u00e9t hi\u1ec7n \u0111\u1ea1i, thanh l\u1ecbch v\u1ed1n c\u00f3. K\u1ebft c\u1ea5u ch\u1eafc ch\u1eafn v\u00e0 nh\u1eefng c\u00f4ng d\u1ee5ng tuy\u1ec7t v\u1eddi gi\u00fap n\u00f3 chi\u1ebfm tr\u1ecdn tr\u00e1i tim c\u1ee7a r\u1ea5t nhi\u1ec1u kh\u00e1ch h\u00e0ng.<\/span><\/p>\n<p>&nbsp;<\/p>\n<figure id=\"attachment_13066\" aria-describedby=\"caption-attachment-13066\" style=\"width: 400px\" class=\"wp-caption aligncenter\"><img loading=\"lazy\" decoding=\"async\" class=\"wp-image-13066 size-medium\" src=\"http:\/\/qghome.vn\/wp-content\/uploads\/2024\/11\/KTV11-3-400x400.webp\" alt=\"\" width=\"400\" height=\"400\" srcset=\"https:\/\/luan.webrt.net\/qhome\/wp-content\/uploads\/2024\/11\/KTV11-3-400x400.webp 400w, https:\/\/luan.webrt.net\/qhome\/wp-content\/uploads\/2024\/11\/KTV11-3-100x100.webp 100w, https:\/\/luan.webrt.net\/qhome\/wp-content\/uploads\/2024\/11\/KTV11-3-510x510.webp 510w, https:\/\/luan.webrt.net\/qhome\/wp-content\/uploads\/2024\/11\/KTV11-3-280x280.webp 280w, https:\/\/luan.webrt.net\/qhome\/wp-content\/uploads\/2024\/11\/KTV11-3.webp 768w\" sizes=\"auto, (max-width: 400px) 100vw, 400px\" \/><figcaption id=\"caption-attachment-13066\" class=\"wp-caption-text\"><em><a href=\"https:\/\/qghome.vn\/ke-tivi-ktv11\/\"><span style=\"color: #333399;\">K\u1ec7 tivi &#8211; KTV11<\/span><\/a><\/em><\/figcaption><\/figure>\n<h3><span style=\"color: #333399;\">2. B\u1ed9 gh\u1ebf sofa ch\u1eef I &#8211; QGSOFA03<\/span><\/h3>\n<p><span style=\"color: #000000;\">\u0110\u1ebfn v\u1edbi b\u1ed9 sofa ph\u00f2ng kh\u00e1ch QGSOFA03, b\u1ea1n s\u1ebd kh\u00f4ng kh\u1ecfi th\u1ed1t l\u00ean r\u1eb1ng n\u00f3 th\u1eadt tuy\u1ec7t. \u0110\u01b0\u1ee3c thi\u1ebft k\u1ebf v\u1edbi xu h\u01b0\u1edbng \u0111\u1ed5i m\u1edbi, hi\u1ec7n \u0111\u1ea1i, c\u00f3 gu. To\u00e0n b\u1ed9 khung gh\u1ebf l\u00e0m t\u1eeb g\u1ed7 c\u00f4ng nghi\u1ec7p, kh\u00e1c h\u1eb3n v\u1edbi nh\u1eefng m\u1eabu gh\u1ebf sofa truy\u1ec1n th\u1ed1ng. S\u1eed d\u1ee5ng ch\u1ea5t li\u1ec7u t\u1ed1t c\u00f9ng k\u1ebft c\u1ea5u ch\u1eafc ch\u1eafn khi\u1ebfn b\u1ea1n kh\u00f4ng c\u00f2n ph\u1ea3i lo v\u1ec1 \u0111\u1ed9 b\u1ec1n b\u1ec9 c\u1ee7a s\u1ea3n ph\u1ea9m.\u00a0<\/span><\/p>\n<figure id=\"attachment_13067\" aria-describedby=\"caption-attachment-13067\" style=\"width: 600px\" class=\"wp-caption aligncenter\"><img loading=\"lazy\" decoding=\"async\" class=\"wp-image-13067 size-medium\" src=\"http:\/\/qghome.vn\/wp-content\/uploads\/2024\/11\/1-4-600x400.jpg\" alt=\"\" width=\"600\" height=\"400\" srcset=\"https:\/\/luan.webrt.net\/qhome\/wp-content\/uploads\/2024\/11\/1-4-600x400.jpg 600w, https:\/\/luan.webrt.net\/qhome\/wp-content\/uploads\/2024\/11\/1-4-510x340.jpg 510w, https:\/\/luan.webrt.net\/qhome\/wp-content\/uploads\/2024\/11\/1-4-768x512.jpg 768w, https:\/\/luan.webrt.net\/qhome\/wp-content\/uploads\/2024\/11\/1-4.jpg 1200w\" sizes=\"auto, (max-width: 600px) 100vw, 600px\" \/><figcaption id=\"caption-attachment-13067\" class=\"wp-caption-text\"><em><a href=\"https:\/\/qghome.vn\/ghe-sofa-go-cong-nghiep-qgsofa03\/\">Gh\u1ebf sofa &#8211; QGSOFA03<\/a><\/em><\/figcaption><\/figure>\n<p><span style=\"color: #000000;\">C\u00e1c h\u1ed9c t\u1ee7 m\u1edf t\u1ea1o \u0111i\u1ec3m nh\u1ea5n. Ng\u0103n k\u00e9o gi\u00fap t\u1ed1i \u01b0u kh\u00f4ng gian l\u01b0u tr\u1eef \u0111\u1ed3.<\/span><\/p>\n<p><em>*L\u01b0u \u00fd: N\u1ebfu b\u1ea1n mu\u1ed1n \u0111\u1eb7t mua th\u00eam b\u00e0n tr\u00e0 c\u00f3 trong m\u1eabu th\u00ec h\u00e3y li\u00ean h\u1ec7 ngay v\u1edbi ch\u00fang t\u00f4i nh\u00e9!<\/em><\/p>\n<h3><span style=\"color: #333399;\">3. B\u00e0n tr\u00e0 hi\u1ec7n \u0111\u1ea1i &#8211; BT10<\/span><\/h3>\n<p>&nbsp;<\/p>\n<figure id=\"attachment_13068\" aria-describedby=\"caption-attachment-13068\" style=\"width: 767px\" class=\"wp-caption aligncenter\"><img loading=\"lazy\" decoding=\"async\" class=\"wp-image-13068 size-full\" src=\"http:\/\/qghome.vn\/wp-content\/uploads\/2024\/11\/10.2-1.jpg\" alt=\"\" width=\"767\" height=\"373\" srcset=\"https:\/\/luan.webrt.net\/qhome\/wp-content\/uploads\/2024\/11\/10.2-1.jpg 767w, https:\/\/luan.webrt.net\/qhome\/wp-content\/uploads\/2024\/11\/10.2-1-510x248.jpg 510w\" sizes=\"auto, (max-width: 767px) 100vw, 767px\" \/><figcaption id=\"caption-attachment-13068\" class=\"wp-caption-text\"><em><a href=\"https:\/\/qghome.vn\/ban-tra-phong-khach-bt10\/\">B\u00e0n tr\u00e0 &#8211; BT10<\/a><\/em><\/figcaption><\/figure>\n<p><span style=\"color: #000000;\">L\u1ef1a ch\u1ecdn tr\u1ecdn g\u00f3i n\u1ed9i th\u1ea5t \u0111\u1ec3 vi\u1ec7c thi\u1ebft k\u1ebf ph\u00f2ng kh\u00e1ch c\u1ee7a b\u1ea1n tr\u1edf n\u00ean \u0111\u01a1n gi\u1ea3n v\u00e0 t\u1ed1i \u01b0u h\u01a1n b\u1ea1n nh\u00e9!<\/span><\/p>\n<p><span style=\"color: #000000;\">H\u00e3y theo d\u00f5i ch\u00fang t\u00f4i \u0111\u1ec3 kh\u00e1m ph\u00e1 th\u00eam nhi\u1ec1u m\u1eabu<\/span> <span style=\"color: #333399;\"><em><a style=\"color: #333399;\" href=\"https:\/\/qghome.vn\/noi-that-chung-cu\/tron-goi-noi-that-chung-cu\/tron-goi-noi-that-phong-khach\/\">tr\u1ecdn g\u00f3i n\u1ed9i th\u1ea5t ph\u00f2ng kh\u00e1ch<\/a><\/em><\/span> <span style=\"color: #000000;\">g\u1ed7 mdf kh\u00e1c.<\/span><\/p>\n<h4><span style=\"color: #000000;\">QG Home \u2013 \u0111\u01a1n v\u1ecb thi c\u00f4ng n\u1ed9i th\u1ea5t h\u00e0ng \u0111\u1ea7u Vi\u1ec7t Nam v\u1edbi nh\u1eefng m\u1eb7t h\u00e0ng ti\u00eau bi\u1ec3u:\u00a0<span style=\"color: #00aae7;\"><a style=\"color: #00aae7;\" href=\"https:\/\/qghome.vn\/noi-that-chung-cu\/\">N\u1ed9i th\u1ea5t chung c\u01b0<\/a>\u00a0<\/span>(thi\u1ebft k\u1ebf tr\u1ecdn g\u00f3i v\u00e0 c\u00e1c s\u1ea3n ph\u1ea9m c\u1ee7a ph\u00f2ng ng\u1ee7, ph\u00f2ng kh\u00e1ch, ph\u00f2ng b\u1ebfp,\u2026);\u00a0<span style=\"color: #00aae7;\"><a style=\"color: #00aae7;\" href=\"https:\/\/qghome.vn\/san-pham\/noi-that-van-phong\/\">N\u1ed9i th\u1ea5t v\u0103n ph\u00f2ng<\/a><\/span>;\u2026<\/span><\/h4>\n<div class=\"host-bincmiainjofjnhchmcalkanjebghoen\" style=\"position: relative; z-index: 2147483647;\"><\/div>\n","protected":false},"excerpt":{"rendered":"<p><span style=\"color: #000000;\"><em>Ti\u1ec7n \u00edch ph\u00f2ng kh\u00e1ch bao g\u1ed3m: 01 <a href=\"https:\/\/qghome.vn\/ke-tivi-ktv11\/\"><span style=\"color: #000080;\">K\u1ec7 tivi KTV11<\/span><\/a>, 01 <a href=\"https:\/\/qghome.vn\/ghe-sofa-go-cong-nghiep-qgsofa03\/\"><span style=\"color: #003366;\">Gh\u1ebf sofa QGSOFA03<\/span><\/a>, <span style=\"color: #666699;\">01 <a href=\"https:\/\/qghome.vn\/ghe-sofa-go-cong-nghiep-qgsofa03\/\">B\u00e0n tr\u00e0 BT10<\/a><\/span><\/em><\/span><\/p>\n<p>&nbsp;<\/p>\n<div class=\"host-bincmiainjofjnhchmcalkanjebghoen\" style=\"position: relative; z-index: 2147483647;\"><\/div>\n","protected":false},"featured_media":13067,"comment_status":"open","ping_status":"closed","template":"","meta":[],"product_cat":[631,684,119],"product_tag":[],"class_list":["post-13065","product","type-product","status-publish","has-post-thumbnail","hentry","product_cat-tron-goi-noi-that-chung-cu","product_cat-tron-goi-noi-that-phong-khach","product_cat-san-pham"],"yoast_head":"<!-- This site is optimized with the Yoast SEO plugin v19.9 - https:\/\/yoast.com\/wordpress\/plugins\/seo\/ -->\n<title>Combo n\u1ed9i th\u1ea5t ph\u00f2ng kh\u00e1ch 3 m\u00f3n<\/title>\n<meta name=\"description\" content=\"Combo n\u1ed9i th\u1ea5t ph\u00f2ng kh\u00e1ch g\u1ed3m: K\u1ec7 tivi, Sofa v\u00e0 B\u00e0n tr\u00e0. C\u00e1c s\u1ea3n ph\u1ea9m \u0111\u01b0\u1ee3c l\u00e0m t\u1eeb g\u1ed7 c\u00f4ng nghi\u1ec7p mdf cao c\u1ea5p, b\u1ec1n b\u1ec9. Phong c\u00e1ch hi\u1ec7n \u0111\u1ea1i, th\u1eddi th\u01b0\u1ee3ng.\" \/>\n<meta name=\"robots\" content=\"index, follow, max-snippet:-1, max-image-preview:large, max-video-preview:-1\" \/>\n<link rel=\"canonical\" href=\"https:\/\/luan.webrt.net\/qhome\/san-pham\/combo-noi-that-phong-khach-3-mon\/\" \/>\n<meta property=\"og:locale\" content=\"vi_VN\" \/>\n<meta property=\"og:type\" content=\"article\" \/>\n<meta property=\"og:title\" content=\"Combo n\u1ed9i th\u1ea5t ph\u00f2ng kh\u00e1ch 3 m\u00f3n\" \/>\n<meta property=\"og:description\" content=\"Combo n\u1ed9i th\u1ea5t ph\u00f2ng kh\u00e1ch g\u1ed3m: K\u1ec7 tivi, Sofa v\u00e0 B\u00e0n tr\u00e0. C\u00e1c s\u1ea3n ph\u1ea9m \u0111\u01b0\u1ee3c l\u00e0m t\u1eeb g\u1ed7 c\u00f4ng nghi\u1ec7p mdf cao c\u1ea5p, b\u1ec1n b\u1ec9. Phong c\u00e1ch hi\u1ec7n \u0111\u1ea1i, th\u1eddi th\u01b0\u1ee3ng.\" \/>\n<meta property=\"og:url\" content=\"https:\/\/luan.webrt.net\/qhome\/san-pham\/combo-noi-that-phong-khach-3-mon\/\" \/>\n<meta property=\"og:site_name\" content=\"M\u1eabu web n\u1ed9i th\u1ea5t\" \/>\n<meta property=\"article:publisher\" content=\"https:\/\/www.facebook.com\/noithatqghome\" \/>\n<meta property=\"article:modified_time\" content=\"2025-11-12T07:42:41+00:00\" \/>\n<meta property=\"og:image\" content=\"https:\/\/luan.webrt.net\/qhome\/wp-content\/uploads\/2024\/11\/1-4.jpg\" \/>\n\t<meta property=\"og:image:width\" content=\"1200\" \/>\n\t<meta property=\"og:image:height\" content=\"800\" \/>\n\t<meta property=\"og:image:type\" content=\"image\/jpeg\" \/>\n<meta name=\"twitter:card\" content=\"summary_large_image\" \/>\n<meta name=\"twitter:label1\" content=\"\u01af\u1edbc t\u00ednh th\u1eddi gian \u0111\u1ecdc\" \/>\n\t<meta name=\"twitter:data1\" content=\"5 ph\u00fat\" \/>\n<script type=\"application\/ld+json\" class=\"yoast-schema-graph\">{\"@context\":\"https:\/\/schema.org\",\"@graph\":[{\"@type\":\"WebPage\",\"@id\":\"https:\/\/luan.webrt.net\/qhome\/san-pham\/combo-noi-that-phong-khach-3-mon\/\",\"url\":\"https:\/\/luan.webrt.net\/qhome\/san-pham\/combo-noi-that-phong-khach-3-mon\/\",\"name\":\"Combo n\u1ed9i th\u1ea5t ph\u00f2ng kh\u00e1ch 3 m\u00f3n\",\"isPartOf\":{\"@id\":\"https:\/\/luan.webrt.net\/qhome\/#website\"},\"datePublished\":\"2024-11-21T20:48:42+00:00\",\"dateModified\":\"2025-11-12T07:42:41+00:00\",\"description\":\"Combo n\u1ed9i th\u1ea5t ph\u00f2ng kh\u00e1ch g\u1ed3m: K\u1ec7 tivi, Sofa v\u00e0 B\u00e0n tr\u00e0. C\u00e1c s\u1ea3n ph\u1ea9m \u0111\u01b0\u1ee3c l\u00e0m t\u1eeb g\u1ed7 c\u00f4ng nghi\u1ec7p mdf cao c\u1ea5p, b\u1ec1n b\u1ec9. Phong c\u00e1ch hi\u1ec7n \u0111\u1ea1i, th\u1eddi th\u01b0\u1ee3ng.\",\"breadcrumb\":{\"@id\":\"https:\/\/luan.webrt.net\/qhome\/san-pham\/combo-noi-that-phong-khach-3-mon\/#breadcrumb\"},\"inLanguage\":\"vi\",\"potentialAction\":[{\"@type\":\"ReadAction\",\"target\":[\"https:\/\/luan.webrt.net\/qhome\/san-pham\/combo-noi-that-phong-khach-3-mon\/\"]}]},{\"@type\":\"BreadcrumbList\",\"@id\":\"https:\/\/luan.webrt.net\/qhome\/san-pham\/combo-noi-that-phong-khach-3-mon\/#breadcrumb\",\"itemListElement\":[{\"@type\":\"ListItem\",\"position\":1,\"name\":\"Trang ch\u1ee7\",\"item\":\"https:\/\/luan.webrt.net\/qhome\/\"},{\"@type\":\"ListItem\",\"position\":2,\"name\":\"Shop\",\"item\":\"https:\/\/luan.webrt.net\/qhome\/shop\/\"},{\"@type\":\"ListItem\",\"position\":3,\"name\":\"Combo n\u1ed9i th\u1ea5t ph\u00f2ng kh\u00e1ch 3 m\u00f3n\"}]},{\"@type\":\"WebSite\",\"@id\":\"https:\/\/luan.webrt.net\/qhome\/#website\",\"url\":\"https:\/\/luan.webrt.net\/qhome\/\",\"name\":\"M\u1eabu web n\u1ed9i th\u1ea5t\",\"description\":\"QGHome Vi\u1ec7t Nam\",\"publisher\":{\"@id\":\"https:\/\/luan.webrt.net\/qhome\/#organization\"},\"potentialAction\":[{\"@type\":\"SearchAction\",\"target\":{\"@type\":\"EntryPoint\",\"urlTemplate\":\"https:\/\/luan.webrt.net\/qhome\/?s={search_term_string}\"},\"query-input\":\"required name=search_term_string\"}],\"inLanguage\":\"vi\"},{\"@type\":\"Organization\",\"@id\":\"https:\/\/luan.webrt.net\/qhome\/#organization\",\"name\":\"QGHome\",\"url\":\"https:\/\/luan.webrt.net\/qhome\/\",\"logo\":{\"@type\":\"ImageObject\",\"inLanguage\":\"vi\",\"@id\":\"https:\/\/luan.webrt.net\/qhome\/#\/schema\/logo\/image\/\",\"url\":\"https:\/\/qghome.vn\/wp-content\/uploads\/2025\/08\/logo-mau-MauTH-21.png\",\"contentUrl\":\"https:\/\/qghome.vn\/wp-content\/uploads\/2025\/08\/logo-mau-MauTH-21.png\",\"width\":253,\"height\":99,\"caption\":\"QGHome\"},\"image\":{\"@id\":\"https:\/\/luan.webrt.net\/qhome\/#\/schema\/logo\/image\/\"},\"sameAs\":[\"https:\/\/www.tiktok.com\/@qghome.official\",\"https:\/\/www.youtube.com\/channel\/UCeVBuKTXkv-u94DS421cklw\",\"https:\/\/www.facebook.com\/noithatqghome\"]}]}<\/script>\n<!-- \/ Yoast SEO plugin. -->","yoast_head_json":{"title":"Combo n\u1ed9i th\u1ea5t ph\u00f2ng kh\u00e1ch 3 m\u00f3n","description":"Combo n\u1ed9i th\u1ea5t ph\u00f2ng kh\u00e1ch g\u1ed3m: K\u1ec7 tivi, Sofa v\u00e0 B\u00e0n tr\u00e0. C\u00e1c s\u1ea3n ph\u1ea9m \u0111\u01b0\u1ee3c l\u00e0m t\u1eeb g\u1ed7 c\u00f4ng nghi\u1ec7p mdf cao c\u1ea5p, b\u1ec1n b\u1ec9. Phong c\u00e1ch hi\u1ec7n \u0111\u1ea1i, th\u1eddi th\u01b0\u1ee3ng.","robots":{"index":"index","follow":"follow","max-snippet":"max-snippet:-1","max-image-preview":"max-image-preview:large","max-video-preview":"max-video-preview:-1"},"canonical":"https:\/\/luan.webrt.net\/qhome\/san-pham\/combo-noi-that-phong-khach-3-mon\/","og_locale":"vi_VN","og_type":"article","og_title":"Combo n\u1ed9i th\u1ea5t ph\u00f2ng kh\u00e1ch 3 m\u00f3n","og_description":"Combo n\u1ed9i th\u1ea5t ph\u00f2ng kh\u00e1ch g\u1ed3m: K\u1ec7 tivi, Sofa v\u00e0 B\u00e0n tr\u00e0. C\u00e1c s\u1ea3n ph\u1ea9m \u0111\u01b0\u1ee3c l\u00e0m t\u1eeb g\u1ed7 c\u00f4ng nghi\u1ec7p mdf cao c\u1ea5p, b\u1ec1n b\u1ec9. Phong c\u00e1ch hi\u1ec7n \u0111\u1ea1i, th\u1eddi th\u01b0\u1ee3ng.","og_url":"https:\/\/luan.webrt.net\/qhome\/san-pham\/combo-noi-that-phong-khach-3-mon\/","og_site_name":"M\u1eabu web n\u1ed9i th\u1ea5t","article_publisher":"https:\/\/www.facebook.com\/noithatqghome","article_modified_time":"2025-11-12T07:42:41+00:00","og_image":[{"width":1200,"height":800,"url":"https:\/\/luan.webrt.net\/qhome\/wp-content\/uploads\/2024\/11\/1-4.jpg","type":"image\/jpeg"}],"twitter_card":"summary_large_image","twitter_misc":{"\u01af\u1edbc t\u00ednh th\u1eddi gian \u0111\u1ecdc":"5 ph\u00fat"},"schema":{"@context":"https:\/\/schema.org","@graph":[{"@type":"WebPage","@id":"https:\/\/luan.webrt.net\/qhome\/san-pham\/combo-noi-that-phong-khach-3-mon\/","url":"https:\/\/luan.webrt.net\/qhome\/san-pham\/combo-noi-that-phong-khach-3-mon\/","name":"Combo n\u1ed9i th\u1ea5t ph\u00f2ng kh\u00e1ch 3 m\u00f3n","isPartOf":{"@id":"https:\/\/luan.webrt.net\/qhome\/#website"},"datePublished":"2024-11-21T20:48:42+00:00","dateModified":"2025-11-12T07:42:41+00:00","description":"Combo n\u1ed9i th\u1ea5t ph\u00f2ng kh\u00e1ch g\u1ed3m: K\u1ec7 tivi, Sofa v\u00e0 B\u00e0n tr\u00e0. C\u00e1c s\u1ea3n ph\u1ea9m \u0111\u01b0\u1ee3c l\u00e0m t\u1eeb g\u1ed7 c\u00f4ng nghi\u1ec7p mdf cao c\u1ea5p, b\u1ec1n b\u1ec9. Phong c\u00e1ch hi\u1ec7n \u0111\u1ea1i, th\u1eddi th\u01b0\u1ee3ng.","breadcrumb":{"@id":"https:\/\/luan.webrt.net\/qhome\/san-pham\/combo-noi-that-phong-khach-3-mon\/#breadcrumb"},"inLanguage":"vi","potentialAction":[{"@type":"ReadAction","target":["https:\/\/luan.webrt.net\/qhome\/san-pham\/combo-noi-that-phong-khach-3-mon\/"]}]},{"@type":"BreadcrumbList","@id":"https:\/\/luan.webrt.net\/qhome\/san-pham\/combo-noi-that-phong-khach-3-mon\/#breadcrumb","itemListElement":[{"@type":"ListItem","position":1,"name":"Trang ch\u1ee7","item":"https:\/\/luan.webrt.net\/qhome\/"},{"@type":"ListItem","position":2,"name":"Shop","item":"https:\/\/luan.webrt.net\/qhome\/shop\/"},{"@type":"ListItem","position":3,"name":"Combo n\u1ed9i th\u1ea5t ph\u00f2ng kh\u00e1ch 3 m\u00f3n"}]},{"@type":"WebSite","@id":"https:\/\/luan.webrt.net\/qhome\/#website","url":"https:\/\/luan.webrt.net\/qhome\/","name":"M\u1eabu web n\u1ed9i th\u1ea5t","description":"QGHome Vi\u1ec7t Nam","publisher":{"@id":"https:\/\/luan.webrt.net\/qhome\/#organization"},"potentialAction":[{"@type":"SearchAction","target":{"@type":"EntryPoint","urlTemplate":"https:\/\/luan.webrt.net\/qhome\/?s={search_term_string}"},"query-input":"required name=search_term_string"}],"inLanguage":"vi"},{"@type":"Organization","@id":"https:\/\/luan.webrt.net\/qhome\/#organization","name":"QGHome","url":"https:\/\/luan.webrt.net\/qhome\/","logo":{"@type":"ImageObject","inLanguage":"vi","@id":"https:\/\/luan.webrt.net\/qhome\/#\/schema\/logo\/image\/","url":"https:\/\/qghome.vn\/wp-content\/uploads\/2025\/08\/logo-mau-MauTH-21.png","contentUrl":"https:\/\/qghome.vn\/wp-content\/uploads\/2025\/08\/logo-mau-MauTH-21.png","width":253,"height":99,"caption":"QGHome"},"image":{"@id":"https:\/\/luan.webrt.net\/qhome\/#\/schema\/logo\/image\/"},"sameAs":["https:\/\/www.tiktok.com\/@qghome.official","https:\/\/www.youtube.com\/channel\/UCeVBuKTXkv-u94DS421cklw","https:\/\/www.facebook.com\/noithatqghome"]}]}},"_links":{"self":[{"href":"https:\/\/luan.webrt.net\/qhome\/wp-json\/wp\/v2\/product\/13065","targetHints":{"allow":["GET"]}}],"collection":[{"href":"https:\/\/luan.webrt.net\/qhome\/wp-json\/wp\/v2\/product"}],"about":[{"href":"https:\/\/luan.webrt.net\/qhome\/wp-json\/wp\/v2\/types\/product"}],"replies":[{"embeddable":true,"href":"https:\/\/luan.webrt.net\/qhome\/wp-json\/wp\/v2\/comments?post=13065"}],"wp:featuredmedia":[{"embeddable":true,"href":"https:\/\/luan.webrt.net\/qhome\/wp-json\/wp\/v2\/media\/13067"}],"wp:attachment":[{"href":"https:\/\/luan.webrt.net\/qhome\/wp-json\/wp\/v2\/media?parent=13065"}],"wp:term":[{"taxonomy":"product_cat","embeddable":true,"href":"https:\/\/luan.webrt.net\/qhome\/wp-json\/wp\/v2\/product_cat?post=13065"},{"taxonomy":"product_tag","embeddable":true,"href":"https:\/\/luan.webrt.net\/qhome\/wp-json\/wp\/v2\/product_tag?post=13065"}],"curies":[{"name":"wp","href":"https:\/\/api.w.org\/{rel}","templated":true}]}}