{"id":13061,"date":"2024-11-20T20:51:47","date_gmt":"2024-11-20T20:51:47","guid":{"rendered":"https:\/\/qghome.vn\/?post_type=product&#038;p=13061"},"modified":"2025-11-12T08:53:42","modified_gmt":"2025-11-12T08:53:42","slug":"ghe-sofa-phong-khach-dep-qgsofa10","status":"publish","type":"product","link":"https:\/\/luan.webrt.net\/qhome\/san-pham\/ghe-sofa-phong-khach-dep-qgsofa10\/","title":{"rendered":"Gh\u1ebf sofa ph\u00f2ng kh\u00e1ch \u0111\u1eb9p &#8211; QGSOFA10"},"content":{"rendered":"<h1><span style=\"color: #0000ff;\"><strong>Gh\u1ebf sofa ph\u00f2ng kh\u00e1ch \u0111\u1eb9p &#8211; QGSOFA10<\/strong><\/span><\/h1>\n<p><span style=\"color: #000000;\">Gh\u1ebf sofa ph\u00f2ng kh\u00e1ch g\u1ed7 mdf QGSOFA10 \u0111\u01b0\u1ee3c thi\u1ebft k\u1ebf v\u1edbi phong c\u00e1ch hi\u1ec7n \u0111\u1ea1i, th\u1eddi th\u01b0\u1ee3ng, ki\u1ec3u d\u00e1ng \u0111\u1eb9p v\u00e0 b\u1eaft m\u1eaft. M\u1eabu sofa n\u00e0y ch\u00ednh l\u00e0 m\u1ed9t s\u1ef1 l\u1ef1a ch\u1ecdn ho\u00e0n h\u1ea3o cho kh\u00f4ng gian ph\u00f2ng kh\u00e1ch r\u1ed9ng r\u00e3i, \u0111\u1ea7y \u0111\u1ee7 v\u00e0 ti\u1ec7n nghi.<\/span><\/p>\n<h3><span style=\"color: #000000;\"><b>Th\u00f4ng s\u1ed1 s\u1ea3n ph\u1ea9m<\/b><\/span><\/h3>\n<table>\n<tbody>\n<tr>\n<td><span style=\"font-weight: 400; color: #000000;\">K\u00edch th\u01b0\u1edbc sofa<\/span><\/td>\n<td>\n<ul>\n<li style=\"font-weight: 400;\" aria-level=\"1\"><span style=\"font-weight: 400; color: #000000;\">D\u00e0i 2800mm x R\u1ed9ng 600\/1800mm x Cao 400\/600mm<\/span><\/li>\n<\/ul>\n<\/td>\n<\/tr>\n<tr>\n<td><span style=\"font-weight: 400; color: #000000;\">K\u00edch th\u01b0\u1edbc \u0111\u00f4n<\/span><\/td>\n<td>\n<ul>\n<li><span style=\"font-weight: 400; color: #000000;\">D\u00e0i 600mm x R\u1ed9ng 500mm x Cao 400mm<\/span><\/li>\n<\/ul>\n<\/td>\n<\/tr>\n<tr>\n<td><span style=\"font-weight: 400; color: #000000;\">K\u00edch th\u01b0\u1edbc b\u00e0n tr\u00e0<\/span><\/td>\n<td>\n<ul>\n<li style=\"font-weight: 400;\" aria-level=\"1\"><span style=\"font-weight: 400; color: #000000;\">D\u00e0i 1000mm x R\u1ed9ng 600mm x Cao 400mm<\/span><\/li>\n<li style=\"font-weight: 400;\" aria-level=\"1\"><span style=\"font-weight: 400; color: #000000;\">D\u00e0i 1200mm x R\u1ed9ng 600mm x Cao 400mm<\/span><\/li>\n<\/ul>\n<\/td>\n<\/tr>\n<tr>\n<td><span style=\"font-weight: 400; color: #000000;\">Ch\u1ea5t li\u1ec7u<\/span><\/td>\n<td><span style=\"font-weight: 400; color: #000000;\">V\u00e1n g\u1ed7 c\u00f4ng nghi\u1ec7p MDF ph\u1ee7 melamine ch\u1ea5t l\u01b0\u1ee3ng cao v\u1edbi m\u1ed9t s\u1ed1 \u01b0u \u0111i\u1ec3m c\u00f3 th\u1ec3 k\u1ec3 \u0111\u1ebfn nh\u01b0:<\/span><\/p>\n<ul>\n<li style=\"font-weight: 400;\" aria-level=\"1\"><span style=\"font-weight: 400; color: #000000;\">B\u1ec1n b\u1ec9 theo th\u1eddi gian.<\/span><\/li>\n<li style=\"font-weight: 400;\" aria-level=\"1\"><span style=\"font-weight: 400; color: #000000;\">H\u1ea1n ch\u1ebf cong v\u00eanh.<\/span><\/li>\n<li style=\"font-weight: 400;\" aria-level=\"1\"><span style=\"font-weight: 400; color: #000000;\">Ch\u1ed1ng m\u1ed1i m\u1ecdt, ch\u1ed1ng \u1ea9m, ch\u1ed1ng co ng\u00f3t.<\/span><\/li>\n<li style=\"font-weight: 400;\" aria-level=\"1\"><span style=\"font-weight: 400; color: #000000;\">D\u1ec5 d\u00e0ng v\u1ec7 sinh.<\/span><\/li>\n<\/ul>\n<p><span style=\"font-weight: 400; color: #000000;\">\u0110\u1ec7m m\u00fat b\u1ecdc n\u1ec9 ho\u1eb7c da theo y\u00eau c\u1ea7u.<\/span><\/td>\n<\/tr>\n<tr>\n<td><span style=\"font-weight: 400; color: #000000;\">M\u00e0u s\u1eafc<\/span><\/td>\n<td><span style=\"font-weight: 400; color: #000000;\">M\u00e0u tr\u1eafng \u0111\u1ee5c k\u1ebft h\u1ee3p v\u00e2n g\u1ed7 sang tr\u1ecdng, thanh l\u1ecbch.<\/span><\/p>\n<p><span style=\"font-weight: 400; color: #000000;\">* Kh\u00e1ch h\u00e0ng c\u00f3 th\u1ec3 l\u1ef1a ch\u1ecdn m\u00e0u s\u1eafc t\u00f9y th\u00edch.<\/span><\/td>\n<\/tr>\n<\/tbody>\n<\/table>\n<p><span style=\"font-weight: 400; color: #000000;\">*Kh\u00e1ch h\u00e0ng c\u00f3 th\u1ec3 t\u00f9y ch\u1ec9nh k\u00edch th\u01b0\u1edbc ph\u00f9 h\u1ee3p v\u1edbi nhu c\u1ea7u.<\/span><\/p>\n<p><span style=\"font-weight: 400; color: #000000;\">*Nh\u1eadn \u0111\u1eb7t b\u00e0n tr\u00e0 theo y\u00eau c\u1ea7u.<\/span><\/p>\n<figure id=\"attachment_13062\" aria-describedby=\"caption-attachment-13062\" style=\"width: 557px\" class=\"wp-caption aligncenter\"><img loading=\"lazy\" decoding=\"async\" class=\"wp-image-13062 size-medium\" src=\"http:\/\/qghome.vn\/wp-content\/uploads\/2024\/11\/sofa-go-cong-nghiep-12-557x400.jpg\" alt=\"\" width=\"557\" height=\"400\" srcset=\"https:\/\/luan.webrt.net\/qhome\/wp-content\/uploads\/2024\/11\/sofa-go-cong-nghiep-12-557x400.jpg 557w, https:\/\/luan.webrt.net\/qhome\/wp-content\/uploads\/2024\/11\/sofa-go-cong-nghiep-12-510x367.jpg 510w, https:\/\/luan.webrt.net\/qhome\/wp-content\/uploads\/2024\/11\/sofa-go-cong-nghiep-12-768x552.jpg 768w, https:\/\/luan.webrt.net\/qhome\/wp-content\/uploads\/2024\/11\/sofa-go-cong-nghiep-12.jpg 800w\" sizes=\"auto, (max-width: 557px) 100vw, 557px\" \/><figcaption id=\"caption-attachment-13062\" class=\"wp-caption-text\"><span style=\"color: #000000;\">Tr\u1ecdn b\u1ed9 b\u00e0n gh\u1ebf sofa ph\u00f2ng kh\u00e1ch g\u1ed7 mdf<\/span><\/figcaption><\/figure>\n<h3><span style=\"color: #000000;\"><strong>M\u1ed9t s\u1ed1 \u01b0u \u0111i\u1ec3m n\u1ed9i b\u1eadt c\u1ee7a s\u1ea3n ph\u1ea9m m\u00e0 b\u1ea1n nh\u1ea5t \u0111\u1ecbnh kh\u00f4ng th\u1ec3 b\u1ecf l\u1ee1:<\/strong><\/span><\/h3>\n<ul>\n<li><span style=\"color: #000000;\">Thi\u1ebft k\u1ebf hi\u1ec7n \u0111\u1ea1i, thanh l\u1ecbch. Ph\u00f9 h\u1ee3p v\u1edbi m\u1ecdi phong c\u00e1ch thi\u1ebft k\u1ebf n\u1ed9i th\u1ea5t ph\u00f2ng kh\u00e1ch.\u00a0<\/span><\/li>\n<li><span style=\"color: #000000;\">S\u1eed h\u1eefu m\u1eabu gh\u1ebf sofa ph\u00f2ng kh\u00e1ch \u0111\u1eb9p QGSOFA10 gi\u00fap cho kh\u00f4ng gian ti\u1ebfp kh\u00e1ch c\u1ee7a b\u1ea1n tr\u1edf n\u00ean l\u1ecbch s\u1ef1, sang tr\u1ecdng h\u01a1n. N\u00e2ng gu th\u1ea9m m\u1ef9 c\u1ee7a b\u1ea1n l\u00ean m\u1ed9t t\u1ea7m cao m\u1edbi.<\/span><\/li>\n<li><span style=\"color: #000000;\">K\u1ebft c\u1ea5u c\u1ee7a gh\u1ebf \u0111\u01b0\u1ee3c h\u00e0n g\u1eafn ch\u1eafc ch\u1eafn, b\u1ec1n b\u1ec9.<\/span><\/li>\n<li><span style=\"color: #000000;\">T\u00edch h\u1ee3p b\u1ed9 2 \u0111\u00f4n gh\u1ebf gi\u00fap \u0111\u00e1p \u1ee9ng t\u1ed1i \u0111a nhu c\u1ea7u s\u1eed d\u1ee5ng.<\/span><\/li>\n<\/ul>\n<h3><span style=\"color: #000000;\"><b>V\u00e1n g\u1ed7 c\u00f4ng nghi\u1ec7p mdf ch\u1ea5t l\u01b0\u1ee3ng cao\u00a0<\/b><\/span><\/h3>\n<p><span style=\"color: #000000;\">M\u1eb7c d\u00f9 kh\u00f4ng th\u1ec3 so s\u00e1nh ch\u1ea5t l\u01b0\u1ee3ng \u0111\u01b0\u1ee3c v\u1edbi g\u1ed7 t\u1ef1 nhi\u00ean, th\u1ebf nh\u01b0ng d\u00f2ng g\u1ed7 c\u00f4ng nghi\u1ec7p MDF n\u00e0y v\u1eabn mang \u0111\u1ebfn r\u1ea5t nhi\u1ec1u c\u00f4ng d\u1ee5ng c\u00f3 th\u1ec3 k\u1ec3 \u0111\u1ebfn nh\u01b0:<\/span><\/p>\n<ul>\n<li aria-level=\"1\"><span style=\"color: #000000;\">Ch\u1ea5t l\u01b0\u1ee3ng b\u1ec1n b\u1ec9, gi\u1eef \u0111\u01b0\u1ee3c v\u1ebb \u0111\u1eb9p theo th\u1eddi gian.<\/span><\/li>\n<li aria-level=\"1\"><span style=\"color: #000000;\">Kh\u00f4ng lo b\u1ecb cong v\u00eanh, co ng\u00f3t hay m\u1ed1i m\u1ecdt.<\/span><\/li>\n<li aria-level=\"1\"><span style=\"color: #000000;\">Kh\u1ea3 n\u0103ng ch\u1ecbu l\u1ef1c t\u1ed1t b\u1edfi k\u1ebft c\u1ea5u ch\u1eafc ch\u1eafn.<\/span><\/li>\n<li aria-level=\"1\"><span style=\"color: #000000;\">D\u1ec5 d\u00e0ng v\u1ec7 sinh lau ch\u00f9i b\u1edfi b\u1ec1 m\u1eb7t nh\u1eb5n nh\u1ee5i v\u00e0 s\u00e1ng b\u00f3ng.\u00a0<\/span><\/li>\n<li aria-level=\"1\"><span style=\"color: #000000;\">\u0110a d\u1ea1ng c\u00e1c lo\u1ea1i m\u00e0u s\u1eafc kh\u00e1c nhau \u0111\u1ec3 b\u1ea1n c\u00f3 th\u1ec3 t\u00f9y th\u00edch l\u1ef1a ch\u1ecdn theo s\u1edf th\u00edch c\u0169ng nh\u01b0 l\u00e0 phong c\u00e1ch s\u1ed1ng c\u1ee7a gia \u0111\u00ecnh.<\/span><\/li>\n<\/ul>\n<p><span style=\"color: #000000;\">H\u00e3y \u0111\u1eb7t h\u00e0ng ngay h\u00f4m nay \u0111\u1ec3 nh\u1eadn \u0111\u01b0\u1ee3c nhi\u1ec1u g\u00f3i \u01b0u \u0111\u00e3i h\u1ea5p d\u1eabn b\u1ea1n nh\u00e9!<\/span><\/p>\n<p><span style=\"color: #000000;\">M\u1eddi b\u1ea1n tham kh\u1ea3o th\u00eam c\u00e1c m\u1eabu gh\u1ebf sofa ph\u00f2ng kh\u00e1ch \u0111\u1eb9p kh\u00e1c<a style=\"color: #000000;\" href=\"https:\/\/qghome.vn\/noi-that-chung-cu\/noi-that-phong-khach\/ghe-sofa\/\">\u00a0<span style=\"color: #0000ff;\">t\u1ea1i \u0111\u00e2y<\/span><\/a>.<\/span><\/p>\n<p><span style=\"color: #000000;\">QG Home \u2013 \u0111\u01a1n v\u1ecb thi c\u00f4ng n\u1ed9i th\u1ea5t h\u00e0ng \u0111\u1ea7u Vi\u1ec7t Nam v\u1edbi nh\u1eefng m\u1eb7t h\u00e0ng ti\u00eau bi\u1ec3u:\u00a0<span style=\"color: #0000ff;\"><a style=\"color: #0000ff;\" href=\"https:\/\/qghome.vn\/noi-that-chung-cu\/\">N\u1ed9i th\u1ea5t chung c\u01b0<\/a><\/span>\u00a0(thi\u1ebft k\u1ebf tr\u1ecdn g\u00f3i v\u00e0 c\u00e1c s\u1ea3n ph\u1ea9m c\u1ee7a ph\u00f2ng ng\u1ee7, ph\u00f2ng kh\u00e1ch, ph\u00f2ng b\u1ebfp,\u2026);\u00a0<span style=\"color: #0000ff;\"><a style=\"color: #0000ff;\" href=\"https:\/\/qghome.vn\/san-pham\/noi-that-van-phong\/\">N\u1ed9i th\u1ea5t v\u0103n ph\u00f2ng<\/a><\/span>;\u2026<\/span><\/p>\n<p>&nbsp;<\/p>\n<div class=\"host-bincmiainjofjnhchmcalkanjebghoen\" style=\"position: relative; z-index: 2147483647;\"><\/div>\n","protected":false},"excerpt":{"rendered":"<p>&nbsp;<\/p>\n<div class=\"host-bincmiainjofjnhchmcalkanjebghoen\" style=\"position: relative; z-index: 2147483647;\"><\/div>\n","protected":false},"featured_media":13062,"comment_status":"open","ping_status":"closed","template":"","meta":[],"product_cat":[494,682,119],"product_tag":[],"class_list":["post-13061","product","type-product","status-publish","has-post-thumbnail","hentry","product_cat-ghe-sofa","product_cat-noi-that-phong-khach","product_cat-san-pham"],"yoast_head":"<!-- This site is optimized with the Yoast SEO plugin v19.9 - https:\/\/yoast.com\/wordpress\/plugins\/seo\/ -->\n<title>Gh\u1ebf sofa ph\u00f2ng kh\u00e1ch \u0111\u1eb9p - QGSOFA10<\/title>\n<meta name=\"description\" content=\"Gh\u1ebf sofa ph\u00f2ng kh\u00e1ch QGSOFA10 c\u00f3 ki\u1ec3u d\u00e1ng hi\u1ec7n \u0111\u1ea1i, \u0111\u1eb9p m\u1eaft, thi\u1ebft k\u1ebf tinh t\u1ebf ph\u00f9 h\u1ee3p v\u1edbi kh\u00f4ng gian ph\u00f2ng kh\u00e1ch \u0111\u1ea7y \u0111\u1ee7, ti\u1ec7n nghi.\" \/>\n<meta name=\"robots\" content=\"index, follow, max-snippet:-1, max-image-preview:large, max-video-preview:-1\" \/>\n<link rel=\"canonical\" href=\"https:\/\/luan.webrt.net\/qhome\/san-pham\/ghe-sofa-phong-khach-dep-qgsofa10\/\" \/>\n<meta property=\"og:locale\" content=\"vi_VN\" \/>\n<meta property=\"og:type\" content=\"article\" \/>\n<meta property=\"og:title\" content=\"Gh\u1ebf sofa ph\u00f2ng kh\u00e1ch \u0111\u1eb9p - QGSOFA10\" \/>\n<meta property=\"og:description\" content=\"Gh\u1ebf sofa ph\u00f2ng kh\u00e1ch QGSOFA10 c\u00f3 ki\u1ec3u d\u00e1ng hi\u1ec7n \u0111\u1ea1i, \u0111\u1eb9p m\u1eaft, thi\u1ebft k\u1ebf tinh t\u1ebf ph\u00f9 h\u1ee3p v\u1edbi kh\u00f4ng gian ph\u00f2ng kh\u00e1ch \u0111\u1ea7y \u0111\u1ee7, ti\u1ec7n nghi.\" \/>\n<meta property=\"og:url\" content=\"https:\/\/luan.webrt.net\/qhome\/san-pham\/ghe-sofa-phong-khach-dep-qgsofa10\/\" \/>\n<meta property=\"og:site_name\" content=\"M\u1eabu web n\u1ed9i th\u1ea5t\" \/>\n<meta property=\"article:publisher\" content=\"https:\/\/www.facebook.com\/noithatqghome\" \/>\n<meta property=\"article:modified_time\" content=\"2025-11-12T08:53:42+00:00\" \/>\n<meta property=\"og:image\" content=\"https:\/\/luan.webrt.net\/qhome\/wp-content\/uploads\/2024\/11\/sofa-go-cong-nghiep-12.jpg\" \/>\n\t<meta property=\"og:image:width\" content=\"800\" \/>\n\t<meta property=\"og:image:height\" content=\"575\" \/>\n\t<meta property=\"og:image:type\" content=\"image\/jpeg\" \/>\n<meta name=\"twitter:card\" content=\"summary_large_image\" \/>\n<meta name=\"twitter:label1\" content=\"\u01af\u1edbc t\u00ednh th\u1eddi gian \u0111\u1ecdc\" \/>\n\t<meta name=\"twitter:data1\" content=\"4 ph\u00fat\" \/>\n<script type=\"application\/ld+json\" class=\"yoast-schema-graph\">{\"@context\":\"https:\/\/schema.org\",\"@graph\":[{\"@type\":\"WebPage\",\"@id\":\"https:\/\/luan.webrt.net\/qhome\/san-pham\/ghe-sofa-phong-khach-dep-qgsofa10\/\",\"url\":\"https:\/\/luan.webrt.net\/qhome\/san-pham\/ghe-sofa-phong-khach-dep-qgsofa10\/\",\"name\":\"Gh\u1ebf sofa ph\u00f2ng kh\u00e1ch \u0111\u1eb9p - QGSOFA10\",\"isPartOf\":{\"@id\":\"https:\/\/luan.webrt.net\/qhome\/#website\"},\"datePublished\":\"2024-11-20T20:51:47+00:00\",\"dateModified\":\"2025-11-12T08:53:42+00:00\",\"description\":\"Gh\u1ebf sofa ph\u00f2ng kh\u00e1ch QGSOFA10 c\u00f3 ki\u1ec3u d\u00e1ng hi\u1ec7n \u0111\u1ea1i, \u0111\u1eb9p m\u1eaft, thi\u1ebft k\u1ebf tinh t\u1ebf ph\u00f9 h\u1ee3p v\u1edbi kh\u00f4ng gian ph\u00f2ng kh\u00e1ch \u0111\u1ea7y \u0111\u1ee7, ti\u1ec7n nghi.\",\"breadcrumb\":{\"@id\":\"https:\/\/luan.webrt.net\/qhome\/san-pham\/ghe-sofa-phong-khach-dep-qgsofa10\/#breadcrumb\"},\"inLanguage\":\"vi\",\"potentialAction\":[{\"@type\":\"ReadAction\",\"target\":[\"https:\/\/luan.webrt.net\/qhome\/san-pham\/ghe-sofa-phong-khach-dep-qgsofa10\/\"]}]},{\"@type\":\"BreadcrumbList\",\"@id\":\"https:\/\/luan.webrt.net\/qhome\/san-pham\/ghe-sofa-phong-khach-dep-qgsofa10\/#breadcrumb\",\"itemListElement\":[{\"@type\":\"ListItem\",\"position\":1,\"name\":\"Trang ch\u1ee7\",\"item\":\"https:\/\/luan.webrt.net\/qhome\/\"},{\"@type\":\"ListItem\",\"position\":2,\"name\":\"Shop\",\"item\":\"https:\/\/luan.webrt.net\/qhome\/shop\/\"},{\"@type\":\"ListItem\",\"position\":3,\"name\":\"Gh\u1ebf sofa ph\u00f2ng kh\u00e1ch \u0111\u1eb9p &#8211; QGSOFA10\"}]},{\"@type\":\"WebSite\",\"@id\":\"https:\/\/luan.webrt.net\/qhome\/#website\",\"url\":\"https:\/\/luan.webrt.net\/qhome\/\",\"name\":\"M\u1eabu web n\u1ed9i th\u1ea5t\",\"description\":\"QGHome Vi\u1ec7t Nam\",\"publisher\":{\"@id\":\"https:\/\/luan.webrt.net\/qhome\/#organization\"},\"potentialAction\":[{\"@type\":\"SearchAction\",\"target\":{\"@type\":\"EntryPoint\",\"urlTemplate\":\"https:\/\/luan.webrt.net\/qhome\/?s={search_term_string}\"},\"query-input\":\"required name=search_term_string\"}],\"inLanguage\":\"vi\"},{\"@type\":\"Organization\",\"@id\":\"https:\/\/luan.webrt.net\/qhome\/#organization\",\"name\":\"QGHome\",\"url\":\"https:\/\/luan.webrt.net\/qhome\/\",\"logo\":{\"@type\":\"ImageObject\",\"inLanguage\":\"vi\",\"@id\":\"https:\/\/luan.webrt.net\/qhome\/#\/schema\/logo\/image\/\",\"url\":\"https:\/\/qghome.vn\/wp-content\/uploads\/2025\/08\/logo-mau-MauTH-21.png\",\"contentUrl\":\"https:\/\/qghome.vn\/wp-content\/uploads\/2025\/08\/logo-mau-MauTH-21.png\",\"width\":253,\"height\":99,\"caption\":\"QGHome\"},\"image\":{\"@id\":\"https:\/\/luan.webrt.net\/qhome\/#\/schema\/logo\/image\/\"},\"sameAs\":[\"https:\/\/www.tiktok.com\/@qghome.official\",\"https:\/\/www.youtube.com\/channel\/UCeVBuKTXkv-u94DS421cklw\",\"https:\/\/www.facebook.com\/noithatqghome\"]}]}<\/script>\n<!-- \/ Yoast SEO plugin. -->","yoast_head_json":{"title":"Gh\u1ebf sofa ph\u00f2ng kh\u00e1ch \u0111\u1eb9p - QGSOFA10","description":"Gh\u1ebf sofa ph\u00f2ng kh\u00e1ch QGSOFA10 c\u00f3 ki\u1ec3u d\u00e1ng hi\u1ec7n \u0111\u1ea1i, \u0111\u1eb9p m\u1eaft, thi\u1ebft k\u1ebf tinh t\u1ebf ph\u00f9 h\u1ee3p v\u1edbi kh\u00f4ng gian ph\u00f2ng kh\u00e1ch \u0111\u1ea7y \u0111\u1ee7, ti\u1ec7n nghi.","robots":{"index":"index","follow":"follow","max-snippet":"max-snippet:-1","max-image-preview":"max-image-preview:large","max-video-preview":"max-video-preview:-1"},"canonical":"https:\/\/luan.webrt.net\/qhome\/san-pham\/ghe-sofa-phong-khach-dep-qgsofa10\/","og_locale":"vi_VN","og_type":"article","og_title":"Gh\u1ebf sofa ph\u00f2ng kh\u00e1ch \u0111\u1eb9p - QGSOFA10","og_description":"Gh\u1ebf sofa ph\u00f2ng kh\u00e1ch QGSOFA10 c\u00f3 ki\u1ec3u d\u00e1ng hi\u1ec7n \u0111\u1ea1i, \u0111\u1eb9p m\u1eaft, thi\u1ebft k\u1ebf tinh t\u1ebf ph\u00f9 h\u1ee3p v\u1edbi kh\u00f4ng gian ph\u00f2ng kh\u00e1ch \u0111\u1ea7y \u0111\u1ee7, ti\u1ec7n nghi.","og_url":"https:\/\/luan.webrt.net\/qhome\/san-pham\/ghe-sofa-phong-khach-dep-qgsofa10\/","og_site_name":"M\u1eabu web n\u1ed9i th\u1ea5t","article_publisher":"https:\/\/www.facebook.com\/noithatqghome","article_modified_time":"2025-11-12T08:53:42+00:00","og_image":[{"width":800,"height":575,"url":"https:\/\/luan.webrt.net\/qhome\/wp-content\/uploads\/2024\/11\/sofa-go-cong-nghiep-12.jpg","type":"image\/jpeg"}],"twitter_card":"summary_large_image","twitter_misc":{"\u01af\u1edbc t\u00ednh th\u1eddi gian \u0111\u1ecdc":"4 ph\u00fat"},"schema":{"@context":"https:\/\/schema.org","@graph":[{"@type":"WebPage","@id":"https:\/\/luan.webrt.net\/qhome\/san-pham\/ghe-sofa-phong-khach-dep-qgsofa10\/","url":"https:\/\/luan.webrt.net\/qhome\/san-pham\/ghe-sofa-phong-khach-dep-qgsofa10\/","name":"Gh\u1ebf sofa ph\u00f2ng kh\u00e1ch \u0111\u1eb9p - QGSOFA10","isPartOf":{"@id":"https:\/\/luan.webrt.net\/qhome\/#website"},"datePublished":"2024-11-20T20:51:47+00:00","dateModified":"2025-11-12T08:53:42+00:00","description":"Gh\u1ebf sofa ph\u00f2ng kh\u00e1ch QGSOFA10 c\u00f3 ki\u1ec3u d\u00e1ng hi\u1ec7n \u0111\u1ea1i, \u0111\u1eb9p m\u1eaft, thi\u1ebft k\u1ebf tinh t\u1ebf ph\u00f9 h\u1ee3p v\u1edbi kh\u00f4ng gian ph\u00f2ng kh\u00e1ch \u0111\u1ea7y \u0111\u1ee7, ti\u1ec7n nghi.","breadcrumb":{"@id":"https:\/\/luan.webrt.net\/qhome\/san-pham\/ghe-sofa-phong-khach-dep-qgsofa10\/#breadcrumb"},"inLanguage":"vi","potentialAction":[{"@type":"ReadAction","target":["https:\/\/luan.webrt.net\/qhome\/san-pham\/ghe-sofa-phong-khach-dep-qgsofa10\/"]}]},{"@type":"BreadcrumbList","@id":"https:\/\/luan.webrt.net\/qhome\/san-pham\/ghe-sofa-phong-khach-dep-qgsofa10\/#breadcrumb","itemListElement":[{"@type":"ListItem","position":1,"name":"Trang ch\u1ee7","item":"https:\/\/luan.webrt.net\/qhome\/"},{"@type":"ListItem","position":2,"name":"Shop","item":"https:\/\/luan.webrt.net\/qhome\/shop\/"},{"@type":"ListItem","position":3,"name":"Gh\u1ebf sofa ph\u00f2ng kh\u00e1ch \u0111\u1eb9p &#8211; QGSOFA10"}]},{"@type":"WebSite","@id":"https:\/\/luan.webrt.net\/qhome\/#website","url":"https:\/\/luan.webrt.net\/qhome\/","name":"M\u1eabu web n\u1ed9i th\u1ea5t","description":"QGHome Vi\u1ec7t Nam","publisher":{"@id":"https:\/\/luan.webrt.net\/qhome\/#organization"},"potentialAction":[{"@type":"SearchAction","target":{"@type":"EntryPoint","urlTemplate":"https:\/\/luan.webrt.net\/qhome\/?s={search_term_string}"},"query-input":"required name=search_term_string"}],"inLanguage":"vi"},{"@type":"Organization","@id":"https:\/\/luan.webrt.net\/qhome\/#organization","name":"QGHome","url":"https:\/\/luan.webrt.net\/qhome\/","logo":{"@type":"ImageObject","inLanguage":"vi","@id":"https:\/\/luan.webrt.net\/qhome\/#\/schema\/logo\/image\/","url":"https:\/\/qghome.vn\/wp-content\/uploads\/2025\/08\/logo-mau-MauTH-21.png","contentUrl":"https:\/\/qghome.vn\/wp-content\/uploads\/2025\/08\/logo-mau-MauTH-21.png","width":253,"height":99,"caption":"QGHome"},"image":{"@id":"https:\/\/luan.webrt.net\/qhome\/#\/schema\/logo\/image\/"},"sameAs":["https:\/\/www.tiktok.com\/@qghome.official","https:\/\/www.youtube.com\/channel\/UCeVBuKTXkv-u94DS421cklw","https:\/\/www.facebook.com\/noithatqghome"]}]}},"_links":{"self":[{"href":"https:\/\/luan.webrt.net\/qhome\/wp-json\/wp\/v2\/product\/13061","targetHints":{"allow":["GET"]}}],"collection":[{"href":"https:\/\/luan.webrt.net\/qhome\/wp-json\/wp\/v2\/product"}],"about":[{"href":"https:\/\/luan.webrt.net\/qhome\/wp-json\/wp\/v2\/types\/product"}],"replies":[{"embeddable":true,"href":"https:\/\/luan.webrt.net\/qhome\/wp-json\/wp\/v2\/comments?post=13061"}],"wp:featuredmedia":[{"embeddable":true,"href":"https:\/\/luan.webrt.net\/qhome\/wp-json\/wp\/v2\/media\/13062"}],"wp:attachment":[{"href":"https:\/\/luan.webrt.net\/qhome\/wp-json\/wp\/v2\/media?parent=13061"}],"wp:term":[{"taxonomy":"product_cat","embeddable":true,"href":"https:\/\/luan.webrt.net\/qhome\/wp-json\/wp\/v2\/product_cat?post=13061"},{"taxonomy":"product_tag","embeddable":true,"href":"https:\/\/luan.webrt.net\/qhome\/wp-json\/wp\/v2\/product_tag?post=13061"}],"curies":[{"name":"wp","href":"https:\/\/api.w.org\/{rel}","templated":true}]}}