{"id":13058,"date":"2024-11-20T19:53:13","date_gmt":"2024-11-20T19:53:13","guid":{"rendered":"https:\/\/qghome.vn\/?post_type=product&#038;p=13058"},"modified":"2025-11-12T07:44:25","modified_gmt":"2025-11-12T07:44:25","slug":"sofa-go-cong-nghiep-hien-dai-qgsofa09","status":"publish","type":"product","link":"https:\/\/luan.webrt.net\/qhome\/san-pham\/sofa-go-cong-nghiep-hien-dai-qgsofa09\/","title":{"rendered":"Sofa g\u1ed7 c\u00f4ng nghi\u1ec7p hi\u1ec7n \u0111\u1ea1i, gi\u00e1 t\u1ed1t &#8211; QGSOFA09"},"content":{"rendered":"<h1><span style=\"color: #0000ff;\"><strong>Sofa g\u1ed7 c\u00f4ng nghi\u1ec7p hi\u1ec7n \u0111\u1ea1i &#8211; QGSOFA09<\/strong><\/span><\/h1>\n<p><span style=\"color: #000000;\">Gh\u1ebf sofa ph\u00f2ng kh\u00e1ch g\u1ed7 c\u00f4ng nghi\u1ec7p QGSOFA09 c\u00f3 thi\u1ebft k\u1ebf hi\u1ec7n \u0111\u1ea1i, thanh l\u1ecbch. S\u1eed d\u1ee5ng ch\u1ea5t li\u1ec7u g\u1ed7 mdf ph\u1ee7 melamine ch\u1ea5t l\u01b0\u1ee3ng cao gi\u00fap l\u00e0m t\u0103ng gi\u00e1 tr\u1ecb s\u1ea3n ph\u1ea9m.\u00a0<\/span><\/p>\n<h3><span style=\"color: #000000;\"><b>Th\u00f4ng s\u1ed1 s\u1ea3n ph\u1ea9m<\/b><\/span><\/h3>\n<table style=\"width: 88.9877%; height: 348px;\">\n<tbody>\n<tr style=\"height: 44px;\">\n<td style=\"height: 44px;\"><span style=\"font-weight: 400; color: #000000;\">K\u00edch th\u01b0\u1edbc sofa<\/span><\/td>\n<td style=\"height: 44px;\">\n<ul>\n<li><span style=\"color: #000000;\">D\u00e0i 3000mm x R\u1ed9ng 600mm\/1800mm x Cao 750mm<\/span><\/li>\n<\/ul>\n<\/td>\n<\/tr>\n<tr style=\"height: 10px;\">\n<td style=\"height: 10px;\"><span style=\"font-weight: 400; color: #000000;\">K\u00edch th\u01b0\u1edbc b\u00e0n tr\u00e0<\/span><\/td>\n<td style=\"height: 10px;\">\n<ul>\n<li style=\"font-weight: 400;\" aria-level=\"1\"><span style=\"font-weight: 400; color: #000000;\">D\u00e0i 1000mm x R\u1ed9ng 600mm x Cao 400mm<\/span><\/li>\n<\/ul>\n<\/td>\n<\/tr>\n<tr style=\"height: 208px;\">\n<td style=\"height: 208px;\"><span style=\"font-weight: 400; color: #000000;\">Ch\u1ea5t li\u1ec7u<\/span><\/td>\n<td style=\"height: 208px;\"><span style=\"font-weight: 400; color: #000000;\">V\u00e1n g\u1ed7 c\u00f4ng nghi\u1ec7p MDF ph\u1ee7 melamine ch\u1ea5t l\u01b0\u1ee3ng cao v\u1edbi m\u1ed9t s\u1ed1 \u01b0u \u0111i\u1ec3m c\u00f3 th\u1ec3 k\u1ec3 \u0111\u1ebfn nh\u01b0:<\/span><\/p>\n<ul>\n<li style=\"font-weight: 400;\" aria-level=\"1\"><span style=\"font-weight: 400; color: #000000;\">B\u1ec1n b\u1ec9 theo th\u1eddi gian.<\/span><\/li>\n<li style=\"font-weight: 400;\" aria-level=\"1\"><span style=\"font-weight: 400; color: #000000;\">H\u1ea1n ch\u1ebf cong v\u00eanh.<\/span><\/li>\n<li style=\"font-weight: 400;\" aria-level=\"1\"><span style=\"font-weight: 400; color: #000000;\">Ch\u1ed1ng m\u1ed1i m\u1ecdt, ch\u1ed1ng \u1ea9m, ch\u1ed1ng co ng\u00f3t.<\/span><\/li>\n<li style=\"font-weight: 400;\" aria-level=\"1\"><span style=\"font-weight: 400; color: #000000;\">D\u1ec5 d\u00e0ng v\u1ec7 sinh.<\/span><\/li>\n<\/ul>\n<p><span style=\"font-weight: 400; color: #000000;\">\u0110\u1ec7m m\u00fat b\u1ecdc n\u1ec9 ho\u1eb7c da theo y\u00eau c\u1ea7u.<\/span><\/td>\n<\/tr>\n<tr style=\"height: 86px;\">\n<td style=\"height: 86px;\"><span style=\"font-weight: 400; color: #000000;\">M\u00e0u s\u1eafc<\/span><\/td>\n<td style=\"height: 86px;\"><span style=\"font-weight: 400; color: #000000;\">M\u00e0u tr\u1eafng \u0111\u1ee5c k\u1ebft h\u1ee3p v\u00e2n g\u1ed7 sang tr\u1ecdng, thanh l\u1ecbch.<\/span><\/p>\n<p><span style=\"font-weight: 400; color: #000000;\">* Kh\u00e1ch h\u00e0ng c\u00f3 th\u1ec3 l\u1ef1a ch\u1ecdn m\u00e0u s\u1eafc t\u00f9y th\u00edch.<\/span><\/td>\n<\/tr>\n<\/tbody>\n<\/table>\n<p><span style=\"font-weight: 400; color: #000000;\">*Kh\u00e1ch h\u00e0ng c\u00f3 th\u1ec3 t\u00f9y ch\u1ec9nh k\u00edch th\u01b0\u1edbc ph\u00f9 h\u1ee3p v\u1edbi nhu c\u1ea7u.<\/span><\/p>\n<p><span style=\"font-weight: 400; color: #000000;\">*Nh\u1eadn \u0111\u1eb7t b\u00e0n tr\u00e0 theo y\u00eau c\u1ea7u.<\/span><\/p>\n<p><span style=\"color: #000000;\"><img loading=\"lazy\" decoding=\"async\" class=\"size-full wp-image-13059 aligncenter\" src=\"http:\/\/qghome.vn\/wp-content\/uploads\/2024\/11\/sofa-go-cong-nghiep.jpg\" alt=\"\" width=\"628\" height=\"353\" srcset=\"https:\/\/luan.webrt.net\/qhome\/wp-content\/uploads\/2024\/11\/sofa-go-cong-nghiep.jpg 628w, https:\/\/luan.webrt.net\/qhome\/wp-content\/uploads\/2024\/11\/sofa-go-cong-nghiep-510x287.jpg 510w\" sizes=\"auto, (max-width: 628px) 100vw, 628px\" \/><\/span><\/p>\n<h3><span style=\"color: #000000;\"><strong>\u00a0Nh\u1eefng \u01b0u \u0111i\u1ec3m v\u01b0\u1ee3t tr\u1ed9i c\u1ee7a gh\u1ebf sofa g\u1ed7 c\u00f4ng nghi\u1ec7p MDF hi\u1ec7n \u0111\u1ea1i &#8211; QGSOFA09<\/strong><\/span><\/h3>\n<ul>\n<li><span style=\"color: #000000;\">Thi\u1ebft k\u1ebf th\u1eddi th\u01b0\u1ee3ng: M\u1eabu sofa n\u00e0y \u0111\u01b0\u1ee3c thi\u1ebft k\u1ebf theo phong c\u00e1ch hi\u1ec7n \u0111\u1ea1i, tinh t\u1ebf theo k\u1ebft c\u1ea5u ch\u1eef L. B\u00ean tr\u00e1i gh\u1ebf c\u00f3 tay v\u1ecbn an to\u00e0n. B\u00ean ph\u1ea3i gh\u1ebf d\u00e0i c\u00f3 h\u1ed9c t\u1ee7 t\u1ea1o \u0111i\u1ec3m nh\u1ea5n, b\u1ea1n c\u00f3 th\u1ec3 m\u1ed9t b\u00ecnh hoa nh\u1ecf \u0111\u1ec3 trang tr\u00ed hay s\u00e1ch \u0111\u1ecdc,&#8230;<\/span><\/li>\n<li><span style=\"font-weight: 400; color: #000000;\">To\u00e0n b\u1ed9 ph\u1ea7n \u0111\u1ec7m gh\u1ebf v\u00e0 g\u1ed1i t\u1ef1a l\u01b0ng \u0111\u1ec1u d\u00f9ng n\u1ec7m m\u00fat cao c\u1ea5p, c\u00f3 kh\u1ea3 n\u0103ng \u0111\u00e0n h\u1ed3i c\u1ef1c t\u1ed1t, mang l\u1ea1i c\u1ea3m gi\u00e1c \u00eam \u00e1i, tho\u1ea3i m\u00e1i m\u1ed7i khi ng\u1ed3i.<\/span><\/li>\n<li><span style=\"color: #000000;\">T\u1ed1i \u01b0u c\u00f4ng n\u0103ng: Kh\u00e1c v\u1edbi m\u1ed9t s\u1ed1 m\u1eabu gh\u1ebf sofa th\u00f4ng th\u01b0\u1eddng, sofa g\u1ed7 c\u00f4ng nghi\u1ec7p hi\u1ec7n \u0111\u1ea1i QGSOFA09 \u0111\u01b0\u1ee3c t\u00edch h\u1ee3p h\u1ed9c t\u1ee7 v\u00e0 ng\u0103n k\u00e9o. Gi\u00fap b\u1ea1n c\u00f3 th\u00eam ch\u00fat kh\u00f4ng gian \u0111\u1ec3 c\u1ea5t m\u1ed9t v\u00e0i \u0111\u1ed3 l\u1eb7t v\u1eb7t nh\u1ecf. T\u1eeb \u0111\u00f3, kh\u00f4ng gian s\u1ed1ng c\u1ee7a b\u1ea1n th\u00eam g\u1ecdn g\u00e0ng v\u00e0 d\u1ec5 d\u00e0ng t\u00ecm ki\u1ebfm \u0111\u1ed3 khi c\u1ea7n.<\/span><\/li>\n<\/ul>\n<h3><span style=\"color: #000000;\"><b>V\u00e1n g\u1ed7 c\u00f4ng nghi\u1ec7p mdf ch\u1ea5t l\u01b0\u1ee3ng cao\u00a0<\/b><\/span><\/h3>\n<p><span style=\"color: #000000;\">M\u1eb7c d\u00f9 kh\u00f4ng th\u1ec3 so s\u00e1nh ch\u1ea5t l\u01b0\u1ee3ng \u0111\u01b0\u1ee3c v\u1edbi g\u1ed7 t\u1ef1 nhi\u00ean, th\u1ebf nh\u01b0ng d\u00f2ng g\u1ed7 c\u00f4ng nghi\u1ec7p MDF n\u00e0y v\u1eabn mang \u0111\u1ebfn r\u1ea5t nhi\u1ec1u c\u00f4ng d\u1ee5ng c\u00f3 th\u1ec3 k\u1ec3 \u0111\u1ebfn nh\u01b0:<\/span><\/p>\n<ul>\n<li aria-level=\"1\"><span style=\"color: #000000;\">Ch\u1ea5t l\u01b0\u1ee3ng b\u1ec1n b\u1ec9, gi\u1eef \u0111\u01b0\u1ee3c v\u1ebb \u0111\u1eb9p theo th\u1eddi gian.<\/span><\/li>\n<li aria-level=\"1\"><span style=\"color: #000000;\">Kh\u00f4ng lo b\u1ecb cong v\u00eanh, co ng\u00f3t hay m\u1ed1i m\u1ecdt.<\/span><\/li>\n<li aria-level=\"1\"><span style=\"color: #000000;\">Kh\u1ea3 n\u0103ng ch\u1ecbu l\u1ef1c t\u1ed1t b\u1edfi k\u1ebft c\u1ea5u ch\u1eafc ch\u1eafn.<\/span><\/li>\n<li aria-level=\"1\"><span style=\"color: #000000;\">D\u1ec5 d\u00e0ng v\u1ec7 sinh lau ch\u00f9i b\u1edfi b\u1ec1 m\u1eb7t nh\u1eb5n nh\u1ee5i v\u00e0 s\u00e1ng b\u00f3ng.\u00a0<\/span><\/li>\n<li aria-level=\"1\"><span style=\"color: #000000;\">\u0110a d\u1ea1ng c\u00e1c lo\u1ea1i m\u00e0u s\u1eafc kh\u00e1c nhau \u0111\u1ec3 b\u1ea1n c\u00f3 th\u1ec3 t\u00f9y th\u00edch l\u1ef1a ch\u1ecdn theo s\u1edf th\u00edch c\u0169ng nh\u01b0 l\u00e0 phong c\u00e1ch s\u1ed1ng c\u1ee7a gia \u0111\u00ecnh.<\/span><\/li>\n<\/ul>\n<p><span style=\"color: #000000;\">H\u00e3y \u0111\u1eb7t h\u00e0ng ngay h\u00f4m nay \u0111\u1ec3 nh\u1eadn \u0111\u01b0\u1ee3c nhi\u1ec1u g\u00f3i \u01b0u \u0111\u00e3i h\u1ea5p d\u1eabn b\u1ea1n nh\u00e9!<\/span><\/p>\n<p><span style=\"color: #000000;\">M\u1eddi b\u1ea1n tham kh\u1ea3o th\u00eam c\u00e1c m\u1eabu gh\u1ebf sofa kh\u00e1c<a style=\"color: #000000;\" href=\"https:\/\/qghome.vn\/noi-that-chung-cu\/noi-that-phong-khach\/ghe-sofa\/\">\u00a0<span style=\"color: #0000ff;\">t\u1ea1i \u0111\u00e2y<\/span><\/a><span style=\"color: #0000ff;\">.<\/span><\/span><\/p>\n<p><span style=\"color: #000000;\">QG Home \u2013 \u0111\u01a1n v\u1ecb thi c\u00f4ng n\u1ed9i th\u1ea5t h\u00e0ng \u0111\u1ea7u Vi\u1ec7t Nam v\u1edbi nh\u1eefng m\u1eb7t h\u00e0ng ti\u00eau bi\u1ec3u:\u00a0<span style=\"color: #0000ff;\"><a style=\"color: #0000ff;\" href=\"https:\/\/qghome.vn\/noi-that-chung-cu\/\">N\u1ed9i th\u1ea5t chung c\u01b0<\/a><\/span>\u00a0(thi\u1ebft k\u1ebf tr\u1ecdn g\u00f3i v\u00e0 c\u00e1c s\u1ea3n ph\u1ea9m c\u1ee7a ph\u00f2ng ng\u1ee7, ph\u00f2ng kh\u00e1ch, ph\u00f2ng b\u1ebfp,\u2026);\u00a0<span style=\"color: #0000ff;\"><a style=\"color: #0000ff;\" href=\"https:\/\/qghome.vn\/san-pham\/noi-that-van-phong\/\">N\u1ed9i th\u1ea5t v\u0103n ph\u00f2ng<\/a><\/span>;\u2026<\/span><\/p>\n<p>&nbsp;<\/p>\n<div class=\"host-bincmiainjofjnhchmcalkanjebghoen\" style=\"position: relative; z-index: 2147483647;\"><\/div>\n","protected":false},"excerpt":{"rendered":"<p><span style=\"color: #333399;\"><em>*L\u01b0u \u00fd: Gi\u00e1 c\u1ee7a s\u1ea3n ph\u1ea9m ch\u01b0a bao g\u1ed3m b\u00e0n tr\u00e0<\/em><\/span><\/p>\n<div class=\"host-bincmiainjofjnhchmcalkanjebghoen\" style=\"position: relative; z-index: 2147483647;\"><\/div>\n","protected":false},"featured_media":13059,"comment_status":"open","ping_status":"closed","template":"","meta":[],"product_cat":[494,682,119],"product_tag":[710,711],"class_list":["post-13058","product","type-product","status-publish","has-post-thumbnail","hentry","product_cat-ghe-sofa","product_cat-noi-that-phong-khach","product_cat-san-pham","product_tag-ghe-sofa-go-cong-nghiep","product_tag-sofa-go-cong-nghiep-hien-dai"],"yoast_head":"<!-- This site is optimized with the Yoast SEO plugin v19.9 - https:\/\/yoast.com\/wordpress\/plugins\/seo\/ -->\n<title>Sofa g\u1ed7 c\u00f4ng nghi\u1ec7p hi\u1ec7n \u0111\u1ea1i, gi\u00e1 t\u1ed1t - QGSOFA09<\/title>\n<meta name=\"description\" content=\"Sofa g\u1ed7 c\u00f4ng nghi\u1ec7p QGSOFA09 \u0111\u01b0\u1ee3c thi\u1ebft k\u1ebf v\u1edbi phong c\u00e1ch hi\u1ec7n \u0111\u1ea1i, t\u1ed1i gi\u1ea3n. Mang \u0111\u1ebfn nh\u1eefng tr\u1ea3i nghi\u1ec7m tuy\u1ec7t v\u1eddi cho ng\u01b0\u1eddi s\u1eed d\u1ee5ng nh\u1edd c\u00f4ng d\u1ee5ng t\u1ed1i \u01b0u\" \/>\n<meta name=\"robots\" content=\"index, follow, max-snippet:-1, max-image-preview:large, max-video-preview:-1\" \/>\n<link rel=\"canonical\" href=\"https:\/\/luan.webrt.net\/qhome\/san-pham\/sofa-go-cong-nghiep-hien-dai-qgsofa09\/\" \/>\n<meta property=\"og:locale\" content=\"vi_VN\" \/>\n<meta property=\"og:type\" content=\"article\" \/>\n<meta property=\"og:title\" content=\"Sofa g\u1ed7 c\u00f4ng nghi\u1ec7p hi\u1ec7n \u0111\u1ea1i, gi\u00e1 t\u1ed1t - QGSOFA09\" \/>\n<meta property=\"og:description\" content=\"Sofa g\u1ed7 c\u00f4ng nghi\u1ec7p QGSOFA09 \u0111\u01b0\u1ee3c thi\u1ebft k\u1ebf v\u1edbi phong c\u00e1ch hi\u1ec7n \u0111\u1ea1i, t\u1ed1i gi\u1ea3n. Mang \u0111\u1ebfn nh\u1eefng tr\u1ea3i nghi\u1ec7m tuy\u1ec7t v\u1eddi cho ng\u01b0\u1eddi s\u1eed d\u1ee5ng nh\u1edd c\u00f4ng d\u1ee5ng t\u1ed1i \u01b0u\" \/>\n<meta property=\"og:url\" content=\"https:\/\/luan.webrt.net\/qhome\/san-pham\/sofa-go-cong-nghiep-hien-dai-qgsofa09\/\" \/>\n<meta property=\"og:site_name\" content=\"M\u1eabu web n\u1ed9i th\u1ea5t\" \/>\n<meta property=\"article:publisher\" content=\"https:\/\/www.facebook.com\/noithatqghome\" \/>\n<meta property=\"article:modified_time\" content=\"2025-11-12T07:44:25+00:00\" \/>\n<meta property=\"og:image\" content=\"https:\/\/luan.webrt.net\/qhome\/wp-content\/uploads\/2024\/11\/sofa-go-cong-nghiep.jpg\" \/>\n\t<meta property=\"og:image:width\" content=\"628\" \/>\n\t<meta property=\"og:image:height\" content=\"353\" \/>\n\t<meta property=\"og:image:type\" content=\"image\/jpeg\" \/>\n<meta name=\"twitter:card\" content=\"summary_large_image\" \/>\n<meta name=\"twitter:label1\" content=\"\u01af\u1edbc t\u00ednh th\u1eddi gian \u0111\u1ecdc\" \/>\n\t<meta name=\"twitter:data1\" content=\"4 ph\u00fat\" \/>\n<script type=\"application\/ld+json\" class=\"yoast-schema-graph\">{\"@context\":\"https:\/\/schema.org\",\"@graph\":[{\"@type\":\"WebPage\",\"@id\":\"https:\/\/luan.webrt.net\/qhome\/san-pham\/sofa-go-cong-nghiep-hien-dai-qgsofa09\/\",\"url\":\"https:\/\/luan.webrt.net\/qhome\/san-pham\/sofa-go-cong-nghiep-hien-dai-qgsofa09\/\",\"name\":\"Sofa g\u1ed7 c\u00f4ng nghi\u1ec7p hi\u1ec7n \u0111\u1ea1i, gi\u00e1 t\u1ed1t - QGSOFA09\",\"isPartOf\":{\"@id\":\"https:\/\/luan.webrt.net\/qhome\/#website\"},\"datePublished\":\"2024-11-20T19:53:13+00:00\",\"dateModified\":\"2025-11-12T07:44:25+00:00\",\"description\":\"Sofa g\u1ed7 c\u00f4ng nghi\u1ec7p QGSOFA09 \u0111\u01b0\u1ee3c thi\u1ebft k\u1ebf v\u1edbi phong c\u00e1ch hi\u1ec7n \u0111\u1ea1i, t\u1ed1i gi\u1ea3n. Mang \u0111\u1ebfn nh\u1eefng tr\u1ea3i nghi\u1ec7m tuy\u1ec7t v\u1eddi cho ng\u01b0\u1eddi s\u1eed d\u1ee5ng nh\u1edd c\u00f4ng d\u1ee5ng t\u1ed1i \u01b0u\",\"breadcrumb\":{\"@id\":\"https:\/\/luan.webrt.net\/qhome\/san-pham\/sofa-go-cong-nghiep-hien-dai-qgsofa09\/#breadcrumb\"},\"inLanguage\":\"vi\",\"potentialAction\":[{\"@type\":\"ReadAction\",\"target\":[\"https:\/\/luan.webrt.net\/qhome\/san-pham\/sofa-go-cong-nghiep-hien-dai-qgsofa09\/\"]}]},{\"@type\":\"BreadcrumbList\",\"@id\":\"https:\/\/luan.webrt.net\/qhome\/san-pham\/sofa-go-cong-nghiep-hien-dai-qgsofa09\/#breadcrumb\",\"itemListElement\":[{\"@type\":\"ListItem\",\"position\":1,\"name\":\"Trang ch\u1ee7\",\"item\":\"https:\/\/luan.webrt.net\/qhome\/\"},{\"@type\":\"ListItem\",\"position\":2,\"name\":\"Shop\",\"item\":\"https:\/\/luan.webrt.net\/qhome\/shop\/\"},{\"@type\":\"ListItem\",\"position\":3,\"name\":\"Sofa g\u1ed7 c\u00f4ng nghi\u1ec7p hi\u1ec7n \u0111\u1ea1i, gi\u00e1 t\u1ed1t &#8211; QGSOFA09\"}]},{\"@type\":\"WebSite\",\"@id\":\"https:\/\/luan.webrt.net\/qhome\/#website\",\"url\":\"https:\/\/luan.webrt.net\/qhome\/\",\"name\":\"M\u1eabu web n\u1ed9i th\u1ea5t\",\"description\":\"QGHome Vi\u1ec7t Nam\",\"publisher\":{\"@id\":\"https:\/\/luan.webrt.net\/qhome\/#organization\"},\"potentialAction\":[{\"@type\":\"SearchAction\",\"target\":{\"@type\":\"EntryPoint\",\"urlTemplate\":\"https:\/\/luan.webrt.net\/qhome\/?s={search_term_string}\"},\"query-input\":\"required name=search_term_string\"}],\"inLanguage\":\"vi\"},{\"@type\":\"Organization\",\"@id\":\"https:\/\/luan.webrt.net\/qhome\/#organization\",\"name\":\"QGHome\",\"url\":\"https:\/\/luan.webrt.net\/qhome\/\",\"logo\":{\"@type\":\"ImageObject\",\"inLanguage\":\"vi\",\"@id\":\"https:\/\/luan.webrt.net\/qhome\/#\/schema\/logo\/image\/\",\"url\":\"https:\/\/qghome.vn\/wp-content\/uploads\/2025\/08\/logo-mau-MauTH-21.png\",\"contentUrl\":\"https:\/\/qghome.vn\/wp-content\/uploads\/2025\/08\/logo-mau-MauTH-21.png\",\"width\":253,\"height\":99,\"caption\":\"QGHome\"},\"image\":{\"@id\":\"https:\/\/luan.webrt.net\/qhome\/#\/schema\/logo\/image\/\"},\"sameAs\":[\"https:\/\/www.tiktok.com\/@qghome.official\",\"https:\/\/www.youtube.com\/channel\/UCeVBuKTXkv-u94DS421cklw\",\"https:\/\/www.facebook.com\/noithatqghome\"]}]}<\/script>\n<!-- \/ Yoast SEO plugin. -->","yoast_head_json":{"title":"Sofa g\u1ed7 c\u00f4ng nghi\u1ec7p hi\u1ec7n \u0111\u1ea1i, gi\u00e1 t\u1ed1t - QGSOFA09","description":"Sofa g\u1ed7 c\u00f4ng nghi\u1ec7p QGSOFA09 \u0111\u01b0\u1ee3c thi\u1ebft k\u1ebf v\u1edbi phong c\u00e1ch hi\u1ec7n \u0111\u1ea1i, t\u1ed1i gi\u1ea3n. Mang \u0111\u1ebfn nh\u1eefng tr\u1ea3i nghi\u1ec7m tuy\u1ec7t v\u1eddi cho ng\u01b0\u1eddi s\u1eed d\u1ee5ng nh\u1edd c\u00f4ng d\u1ee5ng t\u1ed1i \u01b0u","robots":{"index":"index","follow":"follow","max-snippet":"max-snippet:-1","max-image-preview":"max-image-preview:large","max-video-preview":"max-video-preview:-1"},"canonical":"https:\/\/luan.webrt.net\/qhome\/san-pham\/sofa-go-cong-nghiep-hien-dai-qgsofa09\/","og_locale":"vi_VN","og_type":"article","og_title":"Sofa g\u1ed7 c\u00f4ng nghi\u1ec7p hi\u1ec7n \u0111\u1ea1i, gi\u00e1 t\u1ed1t - QGSOFA09","og_description":"Sofa g\u1ed7 c\u00f4ng nghi\u1ec7p QGSOFA09 \u0111\u01b0\u1ee3c thi\u1ebft k\u1ebf v\u1edbi phong c\u00e1ch hi\u1ec7n \u0111\u1ea1i, t\u1ed1i gi\u1ea3n. Mang \u0111\u1ebfn nh\u1eefng tr\u1ea3i nghi\u1ec7m tuy\u1ec7t v\u1eddi cho ng\u01b0\u1eddi s\u1eed d\u1ee5ng nh\u1edd c\u00f4ng d\u1ee5ng t\u1ed1i \u01b0u","og_url":"https:\/\/luan.webrt.net\/qhome\/san-pham\/sofa-go-cong-nghiep-hien-dai-qgsofa09\/","og_site_name":"M\u1eabu web n\u1ed9i th\u1ea5t","article_publisher":"https:\/\/www.facebook.com\/noithatqghome","article_modified_time":"2025-11-12T07:44:25+00:00","og_image":[{"width":628,"height":353,"url":"https:\/\/luan.webrt.net\/qhome\/wp-content\/uploads\/2024\/11\/sofa-go-cong-nghiep.jpg","type":"image\/jpeg"}],"twitter_card":"summary_large_image","twitter_misc":{"\u01af\u1edbc t\u00ednh th\u1eddi gian \u0111\u1ecdc":"4 ph\u00fat"},"schema":{"@context":"https:\/\/schema.org","@graph":[{"@type":"WebPage","@id":"https:\/\/luan.webrt.net\/qhome\/san-pham\/sofa-go-cong-nghiep-hien-dai-qgsofa09\/","url":"https:\/\/luan.webrt.net\/qhome\/san-pham\/sofa-go-cong-nghiep-hien-dai-qgsofa09\/","name":"Sofa g\u1ed7 c\u00f4ng nghi\u1ec7p hi\u1ec7n \u0111\u1ea1i, gi\u00e1 t\u1ed1t - QGSOFA09","isPartOf":{"@id":"https:\/\/luan.webrt.net\/qhome\/#website"},"datePublished":"2024-11-20T19:53:13+00:00","dateModified":"2025-11-12T07:44:25+00:00","description":"Sofa g\u1ed7 c\u00f4ng nghi\u1ec7p QGSOFA09 \u0111\u01b0\u1ee3c thi\u1ebft k\u1ebf v\u1edbi phong c\u00e1ch hi\u1ec7n \u0111\u1ea1i, t\u1ed1i gi\u1ea3n. Mang \u0111\u1ebfn nh\u1eefng tr\u1ea3i nghi\u1ec7m tuy\u1ec7t v\u1eddi cho ng\u01b0\u1eddi s\u1eed d\u1ee5ng nh\u1edd c\u00f4ng d\u1ee5ng t\u1ed1i \u01b0u","breadcrumb":{"@id":"https:\/\/luan.webrt.net\/qhome\/san-pham\/sofa-go-cong-nghiep-hien-dai-qgsofa09\/#breadcrumb"},"inLanguage":"vi","potentialAction":[{"@type":"ReadAction","target":["https:\/\/luan.webrt.net\/qhome\/san-pham\/sofa-go-cong-nghiep-hien-dai-qgsofa09\/"]}]},{"@type":"BreadcrumbList","@id":"https:\/\/luan.webrt.net\/qhome\/san-pham\/sofa-go-cong-nghiep-hien-dai-qgsofa09\/#breadcrumb","itemListElement":[{"@type":"ListItem","position":1,"name":"Trang ch\u1ee7","item":"https:\/\/luan.webrt.net\/qhome\/"},{"@type":"ListItem","position":2,"name":"Shop","item":"https:\/\/luan.webrt.net\/qhome\/shop\/"},{"@type":"ListItem","position":3,"name":"Sofa g\u1ed7 c\u00f4ng nghi\u1ec7p hi\u1ec7n \u0111\u1ea1i, gi\u00e1 t\u1ed1t &#8211; QGSOFA09"}]},{"@type":"WebSite","@id":"https:\/\/luan.webrt.net\/qhome\/#website","url":"https:\/\/luan.webrt.net\/qhome\/","name":"M\u1eabu web n\u1ed9i th\u1ea5t","description":"QGHome Vi\u1ec7t Nam","publisher":{"@id":"https:\/\/luan.webrt.net\/qhome\/#organization"},"potentialAction":[{"@type":"SearchAction","target":{"@type":"EntryPoint","urlTemplate":"https:\/\/luan.webrt.net\/qhome\/?s={search_term_string}"},"query-input":"required name=search_term_string"}],"inLanguage":"vi"},{"@type":"Organization","@id":"https:\/\/luan.webrt.net\/qhome\/#organization","name":"QGHome","url":"https:\/\/luan.webrt.net\/qhome\/","logo":{"@type":"ImageObject","inLanguage":"vi","@id":"https:\/\/luan.webrt.net\/qhome\/#\/schema\/logo\/image\/","url":"https:\/\/qghome.vn\/wp-content\/uploads\/2025\/08\/logo-mau-MauTH-21.png","contentUrl":"https:\/\/qghome.vn\/wp-content\/uploads\/2025\/08\/logo-mau-MauTH-21.png","width":253,"height":99,"caption":"QGHome"},"image":{"@id":"https:\/\/luan.webrt.net\/qhome\/#\/schema\/logo\/image\/"},"sameAs":["https:\/\/www.tiktok.com\/@qghome.official","https:\/\/www.youtube.com\/channel\/UCeVBuKTXkv-u94DS421cklw","https:\/\/www.facebook.com\/noithatqghome"]}]}},"_links":{"self":[{"href":"https:\/\/luan.webrt.net\/qhome\/wp-json\/wp\/v2\/product\/13058","targetHints":{"allow":["GET"]}}],"collection":[{"href":"https:\/\/luan.webrt.net\/qhome\/wp-json\/wp\/v2\/product"}],"about":[{"href":"https:\/\/luan.webrt.net\/qhome\/wp-json\/wp\/v2\/types\/product"}],"replies":[{"embeddable":true,"href":"https:\/\/luan.webrt.net\/qhome\/wp-json\/wp\/v2\/comments?post=13058"}],"wp:featuredmedia":[{"embeddable":true,"href":"https:\/\/luan.webrt.net\/qhome\/wp-json\/wp\/v2\/media\/13059"}],"wp:attachment":[{"href":"https:\/\/luan.webrt.net\/qhome\/wp-json\/wp\/v2\/media?parent=13058"}],"wp:term":[{"taxonomy":"product_cat","embeddable":true,"href":"https:\/\/luan.webrt.net\/qhome\/wp-json\/wp\/v2\/product_cat?post=13058"},{"taxonomy":"product_tag","embeddable":true,"href":"https:\/\/luan.webrt.net\/qhome\/wp-json\/wp\/v2\/product_tag?post=13058"}],"curies":[{"name":"wp","href":"https:\/\/api.w.org\/{rel}","templated":true}]}}