{"id":13036,"date":"2024-11-17T15:53:31","date_gmt":"2024-11-17T15:53:31","guid":{"rendered":"https:\/\/qghome.vn\/?post_type=product&#038;p=13036"},"modified":"2025-11-12T04:26:52","modified_gmt":"2025-11-12T04:26:52","slug":"ghe-sofa-go-mdf-cao-cap-gia-re-nhat-qgsofa05","status":"publish","type":"product","link":"https:\/\/luan.webrt.net\/qhome\/san-pham\/ghe-sofa-go-mdf-cao-cap-gia-re-nhat-qgsofa05\/","title":{"rendered":"Gh\u1ebf sofa g\u1ed7 MDF cao c\u1ea5p, gi\u00e1 r\u1ebb nh\u1ea5t &#8211; QGSOFA05"},"content":{"rendered":"<p><span style=\"font-weight: 400; color: #000000;\">B\u1ea1n \u0111ang mong mu\u1ed1n t\u00ecm ki\u1ebfm m\u1ed9t m\u1eabu gh\u1ebf sofa g\u1ed7 mdf sang tr\u1ecdng, th\u1eddi th\u01b0\u1ee3ng cho kh\u00f4ng gian ph\u00f2ng kh\u00e1ch nh\u00e0 m\u00ecnh? <\/span><span style=\"font-weight: 400; color: #000000;\">V\u1eady th\u00ec h\u00e3y theo d\u00f5i b\u00e0i vi\u1ebft n\u00e0y \u0111\u1ec3 ch\u00fang t\u00f4i c\u00f3 th\u1ec3 chia s\u1ebb cho b\u1ea1n m\u1ed9t thi\u1ebft k\u1ebf sofa cao c\u1ea5p nh\u00e9!<\/span><\/p>\n<h1><span style=\"color: #0000ff;\"><b>Gh\u1ebf sofa g\u1ed7 MDF cao c\u1ea5p &#8211; QGSOFA05<\/b><\/span><\/h1>\n<p><span style=\"font-weight: 400; color: #000000;\">B\u1ed9 Gh\u1ebf sofa g\u1ed7 mdf &#8211; QGSOFA05 \u0111ang l\u00e0 m\u1ed9t trong nh\u1eefng m\u1eabu sofa \u0111\u1ee9ng \u0111\u1ea7u xu h\u01b0\u1edbng ch\u1ea5t li\u1ec7u g\u1ed7 c\u00f4ng nghi\u1ec7p b\u1ec1n b\u1ec9 th\u00f4ng qua phong c\u00e1ch \u0111\u1ed9c \u0111\u00e1o, hi\u1ec7n \u0111\u1ea1i.\u00a0<\/span><\/p>\n<p><span style=\"color: #000000;\">V\u1edbi thi\u1ebft k\u1ebf tinh x\u1ea3o v\u00e0 \u0111\u01b0\u1eddng n\u00e9t thanh l\u1ecbch, m\u1eabu gh\u1ebf sofa n\u00e0y kh\u00f4ng ch\u1ec9 \u0111\u01a1n thu\u1ea7n l\u00e0 m\u1ed9t m\u00f3n n\u1ed9i th\u1ea5t. M\u00e0 n\u00f3 c\u00f2n l\u00e0 t\u00e1c ph\u1ea9m ngh\u1ec7 thu\u1eadt l\u00e0m n\u1ed5i b\u1eadt kh\u00f4ng gian s\u1ed1ng c\u1ee7a b\u1ea1n.<\/span><\/p>\n<h2><span style=\"color: #000000;\"><b>Th\u00f4ng s\u1ed1 s\u1ea3n ph\u1ea9m<\/b><\/span><\/h2>\n<table>\n<tbody>\n<tr>\n<td><span style=\"font-weight: 400; color: #000000;\">K\u00edch th\u01b0\u1edbc sofa<\/span><\/td>\n<td>\n<ul>\n<li style=\"font-weight: 400;\" aria-level=\"1\"><span style=\"color: #000000;\">D\u00e0i 2800mm x R\u1ed9ng 600\/1800mm x Cao 600mm<\/span><\/li>\n<li aria-level=\"1\"><span style=\"color: #000000;\">D\u00e0i 2900mm x R\u1ed9ng 700\/1800mm Cao 600mm<\/span><\/li>\n<\/ul>\n<p><span style=\"font-weight: 400; color: #000000;\">*Kh\u00e1ch h\u00e0ng c\u00f3 th\u1ec3 t\u00f9y ch\u1ec9nh k\u00edch th\u01b0\u1edbc ph\u00f9 h\u1ee3p v\u1edbi nhu c\u1ea7u.<\/span><\/td>\n<\/tr>\n<tr>\n<td><span style=\"font-weight: 400; color: #000000;\">K\u00edch th\u01b0\u1edbc b\u00e0n tr\u00e0<\/span><\/td>\n<td>\n<ul>\n<li style=\"font-weight: 400;\" aria-level=\"1\"><span style=\"font-weight: 400; color: #000000;\">D\u00e0i 1000mm x R\u1ed9ng 600mm x Cao 400mm<\/span><\/li>\n<li style=\"font-weight: 400;\" aria-level=\"1\"><span style=\"font-weight: 400; color: #000000;\">D\u00e0i 1200mm x R\u1ed9ng 600mm x Cao 400mm<\/span><\/li>\n<\/ul>\n<\/td>\n<\/tr>\n<tr>\n<td><span style=\"font-weight: 400; color: #000000;\">Ch\u1ea5t li\u1ec7u<\/span><\/td>\n<td><span style=\"font-weight: 400; color: #000000;\">V\u00e1n g\u1ed7 c\u00f4ng nghi\u1ec7p MDF ph\u1ee7 melamine ch\u1ea5t l\u01b0\u1ee3ng cao v\u1edbi m\u1ed9t s\u1ed1 \u01b0u \u0111i\u1ec3m c\u00f3 th\u1ec3 k\u1ec3 \u0111\u1ebfn nh\u01b0:<\/span><\/p>\n<ul>\n<li style=\"font-weight: 400;\" aria-level=\"1\"><span style=\"font-weight: 400; color: #000000;\">B\u1ec1n b\u1ec9 theo th\u1eddi gian.<\/span><\/li>\n<li style=\"font-weight: 400;\" aria-level=\"1\"><span style=\"font-weight: 400; color: #000000;\">H\u1ea1n ch\u1ebf cong v\u00eanh.<\/span><\/li>\n<li style=\"font-weight: 400;\" aria-level=\"1\"><span style=\"font-weight: 400; color: #000000;\">Ch\u1ed1ng m\u1ed1i m\u1ecdt, ch\u1ed1ng \u1ea9m, ch\u1ed1ng co ng\u00f3t.<\/span><\/li>\n<li style=\"font-weight: 400;\" aria-level=\"1\"><span style=\"font-weight: 400; color: #000000;\">D\u1ec5 d\u00e0ng v\u1ec7 sinh.<\/span><\/li>\n<\/ul>\n<p><span style=\"font-weight: 400; color: #000000;\">\u0110\u1ec7m m\u00fat b\u1ecdc n\u1ec9 ho\u1eb7c da theo y\u00eau c\u1ea7u.<\/span><\/td>\n<\/tr>\n<tr>\n<td><span style=\"font-weight: 400; color: #000000;\">M\u00e0u s\u1eafc<\/span><\/td>\n<td><span style=\"font-weight: 400; color: #000000;\">M\u00e0u tr\u1eafng \u0111\u1ee5c k\u1ebft h\u1ee3p v\u00e2n g\u1ed7 sang tr\u1ecdng, thanh l\u1ecbch.<\/span><\/p>\n<p><span style=\"font-weight: 400; color: #000000;\">* Kh\u00e1ch h\u00e0ng c\u00f3 th\u1ec3 l\u1ef1a ch\u1ecdn m\u00e0u s\u1eafc t\u00f9y th\u00edch.<\/span><\/td>\n<\/tr>\n<\/tbody>\n<\/table>\n<p><span style=\"color: #000000;\"><em><strong>*Nh\u1eadn \u0111\u1eb7t b\u00e0n tr\u00e0 theo y\u00eau c\u1ea7u.<\/strong><\/em><\/span><\/p>\n<h2><span style=\"color: #000000;\"><b>Gh\u1ebf sofa g\u1ed7 c\u00f4ng nghi\u1ec7p hi\u1ec7n \u0111\u1ea1i &#8211; QGSOFA05 c\u00f3 nh\u1eefng \u01b0u \u0111i\u1ec3m g\u00ec?<\/b><\/span><\/h2>\n<h3><span style=\"color: #000000;\"><b>Thi\u1ebft k\u1ebf ph\u00f9 h\u1ee3p cho kh\u00f4ng gian s\u1ed1ng hi\u1ec7n \u0111\u1ea1i, ti\u1ec7n nghi<\/b><\/span><\/h3>\n<p><span style=\"color: #000000;\">Kh\u00f4ng gi\u1ed1ng v\u1edbi nh\u1eefng m\u1eabu sofa th\u00f4ng th\u01b0\u1eddng, gh\u1ebf sofa g\u1ed7 mdf hi\u1ec7n \u0111\u1ea1i QGSOFA05 s\u1edf h\u1eefu thi\u1ebft k\u1ebf \u0111\u1ed9c \u0111\u00e1o. Ph\u1ea3n \u00e1nh gu th\u1ea9m m\u1ef9 tinh t\u1ebf, th\u1eddi th\u01b0\u1ee3ng c\u00f9ng l\u1ed1i s\u1ed1ng hi\u1ec7n \u0111\u1ea1i c\u1ee7a gia ch\u1ee7.<\/span><\/p>\n<p><span style=\"font-weight: 400; color: #000000;\">To\u00e0n b\u1ed9 ph\u1ea7n \u0111\u1ec7m gh\u1ebf v\u00e0 g\u1ed1i t\u1ef1a l\u01b0ng \u0111\u1ec1u d\u00f9ng n\u1ec7m m\u00fat cao c\u1ea5p, c\u00f3 kh\u1ea3 n\u0103ng \u0111\u00e0n h\u1ed3i c\u1ef1c t\u1ed1t, mang l\u1ea1i c\u1ea3m gi\u00e1c \u00eam \u00e1i, tho\u1ea3i m\u00e1i m\u1ed7i khi ng\u1ed3i.<\/span><\/p>\n<figure id=\"attachment_13037\" aria-describedby=\"caption-attachment-13037\" style=\"width: 600px\" class=\"wp-caption aligncenter\"><img loading=\"lazy\" decoding=\"async\" class=\"wp-image-13037 size-medium\" src=\"http:\/\/qghome.vn\/wp-content\/uploads\/2024\/11\/Sofa-go-cong-nghiep-hien-dai-gia-re-SB6801-600x400.jpg\" alt=\"\" width=\"600\" height=\"400\" srcset=\"https:\/\/luan.webrt.net\/qhome\/wp-content\/uploads\/2024\/11\/Sofa-go-cong-nghiep-hien-dai-gia-re-SB6801-600x400.jpg 600w, https:\/\/luan.webrt.net\/qhome\/wp-content\/uploads\/2024\/11\/Sofa-go-cong-nghiep-hien-dai-gia-re-SB6801-510x340.jpg 510w, https:\/\/luan.webrt.net\/qhome\/wp-content\/uploads\/2024\/11\/Sofa-go-cong-nghiep-hien-dai-gia-re-SB6801-768x512.jpg 768w, https:\/\/luan.webrt.net\/qhome\/wp-content\/uploads\/2024\/11\/Sofa-go-cong-nghiep-hien-dai-gia-re-SB6801.jpg 843w\" sizes=\"auto, (max-width: 600px) 100vw, 600px\" \/><figcaption id=\"caption-attachment-13037\" class=\"wp-caption-text\"><span style=\"color: #000000;\">Sofa g\u1ed7 mdf cao c\u1ea5p, gi\u00e1 t\u1ed1t &#8211; QGSOFA05<\/span><\/figcaption><\/figure>\n<p><span style=\"color: #000000;\">B\u00ean c\u1ea1nh \u0111\u00f3, thi\u1ebft k\u1ebf sofa ch\u1eef L gi\u00fap ti\u1ebft ki\u1ec7m v\u00e0 t\u1ed1i \u01b0u di\u1ec7n t\u00edch c\u0103n ph\u00f2ng. B\u1ea1n ho\u00e0n to\u00e0n c\u00f3 th\u1ec3 n\u1eb1m xu\u1ed1ng trong t\u01b0 th\u1ebf tho\u1ea3i m\u00e1i \u0111\u1ec3 t\u1eadn h\u01b0\u1edfng nh\u1eefng b\u1ed9 phim y\u00eau th\u00edch tr\u00ean chi\u1ebfc sofa g\u1ed7 mdf n\u00e0y.<\/span><\/p>\n<figure id=\"attachment_13038\" aria-describedby=\"caption-attachment-13038\" style=\"width: 245px\" class=\"wp-caption aligncenter\"><img loading=\"lazy\" decoding=\"async\" class=\"wp-image-13038 size-full\" src=\"http:\/\/qghome.vn\/wp-content\/uploads\/2024\/11\/Sofa-go-cong-nghiep-hien-dai-SB6801.jpg\" alt=\"\" width=\"245\" height=\"196\" \/><figcaption id=\"caption-attachment-13038\" class=\"wp-caption-text\"><span style=\"color: #000000;\">H\u1ed9c t\u1ee7 m\u1edf ti\u1ec7n d\u1ee5ng<\/span><\/figcaption><\/figure>\n<p><span style=\"color: #000000;\">Hai b\u00ean s\u01b0\u1eddn gh\u1ebf \u0111\u1ec1u c\u00f3 ph\u1ea7n tay v\u1ecbn c\u1ee9ng c\u00e1p. T\u1ea1o \u0111i\u1ec3m nh\u1ea5n \u1ea5n t\u01b0\u1ee3ng cho t\u1ed5ng th\u1ec3 gh\u1ebf sofa.<\/span><\/p>\n<p><span style=\"font-weight: 400; color: #000000;\">T\u00edch h\u1ee3p c\u00e1c h\u1ed9c t\u1ee7 m\u1edf nh\u1ecf trong th\u00e2n gh\u1ebf v\u00e0 tay v\u1ecbn mang l\u1ea1i v\u00f4 s\u1ed1 gi\u00e1 tr\u1ecb s\u1eed d\u1ee5ng. Gi\u00fap ti\u1ebft ki\u1ec7m \u0111\u01b0\u1ee3c kh\u00f4ng gian g\u1ea7m gh\u1ebf th\u01b0\u1eddng \u0111\u01b0\u1ee3c b\u1ecf tr\u1ed1ng \u0111\u00f3. H\u01a1n n\u1eefa vi\u1ec7c s\u1eafp x\u1ebfp c\u00e1c \u0111\u1ed3 l\u1eb7t v\u1eb7t nh\u1ecf v\u00e0o \u0111\u00f3 th\u1ec3 hi\u1ec7n l\u1ed1i s\u1ed1ng ng\u0103n n\u1eafp v\u00e0 ti\u1ec7n nghi c\u1ee7a ch\u1ee7 nh\u00e0.<\/span><\/p>\n<h3><span style=\"color: #000000;\"><b>V\u00e1n g\u1ed7 c\u00f4ng nghi\u1ec7p mdf ch\u1ea5t l\u01b0\u1ee3ng cao<\/b><\/span><\/h3>\n<p><span style=\"font-weight: 400; color: #000000;\">M\u1eb7c d\u00f9 kh\u00f4ng th\u1ec3 so s\u00e1nh ch\u1ea5t l\u01b0\u1ee3ng \u0111\u01b0\u1ee3c v\u1edbi g\u1ed7 t\u1ef1 nhi\u00ean, th\u1ebf nh\u01b0ng d\u00f2ng g\u1ed7 c\u00f4ng nghi\u1ec7p MDF n\u00e0y v\u1eabn mang \u0111\u1ebfn r\u1ea5t nhi\u1ec1u c\u00f4ng d\u1ee5ng c\u00f3 th\u1ec3 k\u1ec3 \u0111\u1ebfn nh\u01b0:<\/span><\/p>\n<ul>\n<li style=\"font-weight: 400;\" aria-level=\"1\"><span style=\"font-weight: 400; color: #000000;\">Ch\u1ea5t l\u01b0\u1ee3ng b\u1ec1n b\u1ec9, gi\u1eef \u0111\u01b0\u1ee3c v\u1ebb \u0111\u1eb9p theo th\u1eddi gian.<\/span><\/li>\n<li style=\"font-weight: 400;\" aria-level=\"1\"><span style=\"font-weight: 400; color: #000000;\">Kh\u00f4ng lo b\u1ecb cong v\u00eanh, co ng\u00f3t hay m\u1ed1i m\u1ecdt.<\/span><\/li>\n<li style=\"font-weight: 400;\" aria-level=\"1\"><span style=\"font-weight: 400; color: #000000;\">Kh\u1ea3 n\u0103ng ch\u1ecbu l\u1ef1c t\u1ed1t b\u1edfi k\u1ebft c\u1ea5u ch\u1eafc ch\u1eafn.<\/span><\/li>\n<li style=\"font-weight: 400;\" aria-level=\"1\"><span style=\"color: #000000;\"><span style=\"font-weight: 400;\"><span style=\"font-weight: 400;\">D\u1ec5 d\u00e0ng v\u1ec7 sinh lau ch\u00f9i b\u1edfi b\u1ec1 m\u1eb7t nh\u1eb5n nh\u1ee5i <\/span><\/span><span style=\"font-weight: 400;\">v\u00e0 s\u00e1ng b\u00f3ng.\u00a0<\/span><\/span><\/li>\n<li style=\"font-weight: 400;\" aria-level=\"1\"><span style=\"font-weight: 400; color: #000000;\">\u0110a d\u1ea1ng c\u00e1c lo\u1ea1i m\u00e0u s\u1eafc kh\u00e1c nhau \u0111\u1ec3 b\u1ea1n c\u00f3 th\u1ec3 t\u00f9y th\u00edch l\u1ef1a ch\u1ecdn theo s\u1edf th\u00edch c\u0169ng nh\u01b0 l\u00e0 phong c\u00e1ch s\u1ed1ng c\u1ee7a gia \u0111\u00ecnh.<\/span><\/li>\n<\/ul>\n<p style=\"text-align: center;\"><span style=\"color: #000000;\">***<\/span><\/p>\n<p><span style=\"font-weight: 400; color: #000000;\">H\u00e3y \u0111\u1eb7t h\u00e0ng t\u1ea1i QG Home ngay h\u00f4m nay \u0111\u1ec3 nh\u1eadn \u0111\u01b0\u1ee3c nhi\u1ec1u \u01b0u \u0111\u00e3i h\u1ea5p d\u1eabn!<\/span><\/p>\n<p><span style=\"font-weight: 400; color: #000000;\">Ch\u00fang t\u00f4i r\u1ea5t tr\u00e2n tr\u1ecdng kho\u1ea3ng th\u1eddi gian qu\u00fd gi\u00e1 m\u00e0 b\u1ea1n \u0111\u00e3 d\u00e0nh cho b\u00e0i vi\u1ebft n\u00e0y thay v\u00ec h\u00e0ng tr\u0103m b\u00e0i vi\u1ebft kh\u00e1c.<\/span><\/p>\n<p><span style=\"color: #000000;\"><span style=\"font-weight: 400;\">M\u1eddi b\u1ea1n tham kh\u1ea3o th\u00eam c\u00e1c m\u1eabu gh\u1ebf sofa kh\u00e1c<\/span><span style=\"color: #0000ff;\"><a style=\"color: #0000ff;\" href=\"https:\/\/qghome.vn\/noi-that-chung-cu\/noi-that-phong-khach\/ghe-sofa\/\"><span style=\"font-weight: 400;\"> t\u1ea1i \u0111\u00e2y<\/span><\/a><span style=\"font-weight: 400;\">.<\/span><\/span><\/span><\/p>\n<p><span style=\"color: #000000;\"><span style=\"font-weight: 400;\">QG Home &#8211; \u0111\u01a1n v\u1ecb thi c\u00f4ng n\u1ed9i th\u1ea5t h\u00e0ng \u0111\u1ea7u Vi\u1ec7t Nam v\u1edbi nh\u1eefng m\u1eb7t h\u00e0ng ti\u00eau bi\u1ec3u: <\/span><span style=\"color: #0000ff;\"><a style=\"color: #0000ff;\" href=\"https:\/\/qghome.vn\/noi-that-chung-cu\/\"><span style=\"font-weight: 400;\">N\u1ed9i th\u1ea5t chung c\u01b0<\/span><\/a><\/span><span style=\"font-weight: 400;\"> (thi\u1ebft k\u1ebf tr\u1ecdn g\u00f3i v\u00e0 c\u00e1c s\u1ea3n ph\u1ea9m c\u1ee7a ph\u00f2ng ng\u1ee7, ph\u00f2ng kh\u00e1ch, ph\u00f2ng b\u1ebfp,&#8230;); <\/span><span style=\"color: #0000ff;\"><a style=\"color: #0000ff;\" href=\"https:\/\/qghome.vn\/san-pham\/noi-that-van-phong\/\"><span style=\"font-weight: 400;\">N\u1ed9i th\u1ea5t v\u0103n ph\u00f2ng<\/span><\/a><\/span><span style=\"font-weight: 400;\">;&#8230;<\/span><\/span><\/p>\n<div class=\"host-bincmiainjofjnhchmcalkanjebghoen\" style=\"position: relative; z-index: 2147483647;\"><\/div>\n","protected":false},"excerpt":{"rendered":"<p><span style=\"color: #003366;\"><em>*L\u01b0u \u00fd: Gi\u00e1 c\u1ee7a s\u1ea3n ph\u1ea9m ch\u01b0a bao g\u1ed3m b\u00e0n tr\u00e0<\/em><\/span><\/p>\n<div class=\"host-bincmiainjofjnhchmcalkanjebghoen\" style=\"position: relative; z-index: 2147483647;\"><\/div>\n","protected":false},"featured_media":13037,"comment_status":"open","ping_status":"closed","template":"","meta":[],"product_cat":[494,682,119],"product_tag":[710,712],"class_list":["post-13036","product","type-product","status-publish","has-post-thumbnail","hentry","product_cat-ghe-sofa","product_cat-noi-that-phong-khach","product_cat-san-pham","product_tag-ghe-sofa-go-cong-nghiep","product_tag-ghe-sofa-go-mdf"],"yoast_head":"<!-- This site is optimized with the Yoast SEO plugin v19.9 - https:\/\/yoast.com\/wordpress\/plugins\/seo\/ -->\n<title>Gh\u1ebf sofa g\u1ed7 MDF cao c\u1ea5p, gi\u00e1 r\u1ebb nh\u1ea5t - QGSOFA05<\/title>\n<meta name=\"description\" content=\"Gh\u1ebf sofa g\u1ed7 mdf QGSOFA05 \u0111\u01b0\u1ee3c l\u00e0m t\u1eeb v\u00e1n g\u1ed7 c\u00f4ng nghi\u1ec7p cao c\u1ea5p, b\u1ec1n b\u1ec9. Thi\u1ebft k\u1ebf sang tr\u1ecdng, \u0111\u1eb3ng c\u1ea5p ph\u00f9 h\u1ee3p cho m\u1ecdi kh\u00f4ng gian phong kh\u00e1ch.\" \/>\n<meta name=\"robots\" content=\"index, follow, max-snippet:-1, max-image-preview:large, max-video-preview:-1\" \/>\n<link rel=\"canonical\" href=\"https:\/\/luan.webrt.net\/qhome\/san-pham\/ghe-sofa-go-mdf-cao-cap-gia-re-nhat-qgsofa05\/\" \/>\n<meta property=\"og:locale\" content=\"vi_VN\" \/>\n<meta property=\"og:type\" content=\"article\" \/>\n<meta property=\"og:title\" content=\"Gh\u1ebf sofa g\u1ed7 MDF cao c\u1ea5p, gi\u00e1 r\u1ebb nh\u1ea5t - QGSOFA05\" \/>\n<meta property=\"og:description\" content=\"Gh\u1ebf sofa g\u1ed7 mdf QGSOFA05 \u0111\u01b0\u1ee3c l\u00e0m t\u1eeb v\u00e1n g\u1ed7 c\u00f4ng nghi\u1ec7p cao c\u1ea5p, b\u1ec1n b\u1ec9. Thi\u1ebft k\u1ebf sang tr\u1ecdng, \u0111\u1eb3ng c\u1ea5p ph\u00f9 h\u1ee3p cho m\u1ecdi kh\u00f4ng gian phong kh\u00e1ch.\" \/>\n<meta property=\"og:url\" content=\"https:\/\/luan.webrt.net\/qhome\/san-pham\/ghe-sofa-go-mdf-cao-cap-gia-re-nhat-qgsofa05\/\" \/>\n<meta property=\"og:site_name\" content=\"M\u1eabu web n\u1ed9i th\u1ea5t\" \/>\n<meta property=\"article:publisher\" content=\"https:\/\/www.facebook.com\/noithatqghome\" \/>\n<meta property=\"article:modified_time\" content=\"2025-11-12T04:26:52+00:00\" \/>\n<meta property=\"og:image\" content=\"https:\/\/luan.webrt.net\/qhome\/wp-content\/uploads\/2024\/11\/Sofa-go-cong-nghiep-hien-dai-gia-re-SB6801.jpg\" \/>\n\t<meta property=\"og:image:width\" content=\"843\" \/>\n\t<meta property=\"og:image:height\" content=\"562\" \/>\n\t<meta property=\"og:image:type\" content=\"image\/jpeg\" \/>\n<meta name=\"twitter:card\" content=\"summary_large_image\" \/>\n<meta name=\"twitter:label1\" content=\"\u01af\u1edbc t\u00ednh th\u1eddi gian \u0111\u1ecdc\" \/>\n\t<meta name=\"twitter:data1\" content=\"5 ph\u00fat\" \/>\n<script type=\"application\/ld+json\" class=\"yoast-schema-graph\">{\"@context\":\"https:\/\/schema.org\",\"@graph\":[{\"@type\":\"WebPage\",\"@id\":\"https:\/\/luan.webrt.net\/qhome\/san-pham\/ghe-sofa-go-mdf-cao-cap-gia-re-nhat-qgsofa05\/\",\"url\":\"https:\/\/luan.webrt.net\/qhome\/san-pham\/ghe-sofa-go-mdf-cao-cap-gia-re-nhat-qgsofa05\/\",\"name\":\"Gh\u1ebf sofa g\u1ed7 MDF cao c\u1ea5p, gi\u00e1 r\u1ebb nh\u1ea5t - QGSOFA05\",\"isPartOf\":{\"@id\":\"https:\/\/luan.webrt.net\/qhome\/#website\"},\"datePublished\":\"2024-11-17T15:53:31+00:00\",\"dateModified\":\"2025-11-12T04:26:52+00:00\",\"description\":\"Gh\u1ebf sofa g\u1ed7 mdf QGSOFA05 \u0111\u01b0\u1ee3c l\u00e0m t\u1eeb v\u00e1n g\u1ed7 c\u00f4ng nghi\u1ec7p cao c\u1ea5p, b\u1ec1n b\u1ec9. Thi\u1ebft k\u1ebf sang tr\u1ecdng, \u0111\u1eb3ng c\u1ea5p ph\u00f9 h\u1ee3p cho m\u1ecdi kh\u00f4ng gian phong kh\u00e1ch.\",\"breadcrumb\":{\"@id\":\"https:\/\/luan.webrt.net\/qhome\/san-pham\/ghe-sofa-go-mdf-cao-cap-gia-re-nhat-qgsofa05\/#breadcrumb\"},\"inLanguage\":\"vi\",\"potentialAction\":[{\"@type\":\"ReadAction\",\"target\":[\"https:\/\/luan.webrt.net\/qhome\/san-pham\/ghe-sofa-go-mdf-cao-cap-gia-re-nhat-qgsofa05\/\"]}]},{\"@type\":\"BreadcrumbList\",\"@id\":\"https:\/\/luan.webrt.net\/qhome\/san-pham\/ghe-sofa-go-mdf-cao-cap-gia-re-nhat-qgsofa05\/#breadcrumb\",\"itemListElement\":[{\"@type\":\"ListItem\",\"position\":1,\"name\":\"Trang ch\u1ee7\",\"item\":\"https:\/\/luan.webrt.net\/qhome\/\"},{\"@type\":\"ListItem\",\"position\":2,\"name\":\"Shop\",\"item\":\"https:\/\/luan.webrt.net\/qhome\/shop\/\"},{\"@type\":\"ListItem\",\"position\":3,\"name\":\"Gh\u1ebf sofa g\u1ed7 MDF cao c\u1ea5p, gi\u00e1 r\u1ebb nh\u1ea5t &#8211; QGSOFA05\"}]},{\"@type\":\"WebSite\",\"@id\":\"https:\/\/luan.webrt.net\/qhome\/#website\",\"url\":\"https:\/\/luan.webrt.net\/qhome\/\",\"name\":\"M\u1eabu web n\u1ed9i th\u1ea5t\",\"description\":\"QGHome Vi\u1ec7t Nam\",\"publisher\":{\"@id\":\"https:\/\/luan.webrt.net\/qhome\/#organization\"},\"potentialAction\":[{\"@type\":\"SearchAction\",\"target\":{\"@type\":\"EntryPoint\",\"urlTemplate\":\"https:\/\/luan.webrt.net\/qhome\/?s={search_term_string}\"},\"query-input\":\"required name=search_term_string\"}],\"inLanguage\":\"vi\"},{\"@type\":\"Organization\",\"@id\":\"https:\/\/luan.webrt.net\/qhome\/#organization\",\"name\":\"QGHome\",\"url\":\"https:\/\/luan.webrt.net\/qhome\/\",\"logo\":{\"@type\":\"ImageObject\",\"inLanguage\":\"vi\",\"@id\":\"https:\/\/luan.webrt.net\/qhome\/#\/schema\/logo\/image\/\",\"url\":\"https:\/\/qghome.vn\/wp-content\/uploads\/2025\/08\/logo-mau-MauTH-21.png\",\"contentUrl\":\"https:\/\/qghome.vn\/wp-content\/uploads\/2025\/08\/logo-mau-MauTH-21.png\",\"width\":253,\"height\":99,\"caption\":\"QGHome\"},\"image\":{\"@id\":\"https:\/\/luan.webrt.net\/qhome\/#\/schema\/logo\/image\/\"},\"sameAs\":[\"https:\/\/www.tiktok.com\/@qghome.official\",\"https:\/\/www.youtube.com\/channel\/UCeVBuKTXkv-u94DS421cklw\",\"https:\/\/www.facebook.com\/noithatqghome\"]}]}<\/script>\n<!-- \/ Yoast SEO plugin. -->","yoast_head_json":{"title":"Gh\u1ebf sofa g\u1ed7 MDF cao c\u1ea5p, gi\u00e1 r\u1ebb nh\u1ea5t - QGSOFA05","description":"Gh\u1ebf sofa g\u1ed7 mdf QGSOFA05 \u0111\u01b0\u1ee3c l\u00e0m t\u1eeb v\u00e1n g\u1ed7 c\u00f4ng nghi\u1ec7p cao c\u1ea5p, b\u1ec1n b\u1ec9. Thi\u1ebft k\u1ebf sang tr\u1ecdng, \u0111\u1eb3ng c\u1ea5p ph\u00f9 h\u1ee3p cho m\u1ecdi kh\u00f4ng gian phong kh\u00e1ch.","robots":{"index":"index","follow":"follow","max-snippet":"max-snippet:-1","max-image-preview":"max-image-preview:large","max-video-preview":"max-video-preview:-1"},"canonical":"https:\/\/luan.webrt.net\/qhome\/san-pham\/ghe-sofa-go-mdf-cao-cap-gia-re-nhat-qgsofa05\/","og_locale":"vi_VN","og_type":"article","og_title":"Gh\u1ebf sofa g\u1ed7 MDF cao c\u1ea5p, gi\u00e1 r\u1ebb nh\u1ea5t - QGSOFA05","og_description":"Gh\u1ebf sofa g\u1ed7 mdf QGSOFA05 \u0111\u01b0\u1ee3c l\u00e0m t\u1eeb v\u00e1n g\u1ed7 c\u00f4ng nghi\u1ec7p cao c\u1ea5p, b\u1ec1n b\u1ec9. Thi\u1ebft k\u1ebf sang tr\u1ecdng, \u0111\u1eb3ng c\u1ea5p ph\u00f9 h\u1ee3p cho m\u1ecdi kh\u00f4ng gian phong kh\u00e1ch.","og_url":"https:\/\/luan.webrt.net\/qhome\/san-pham\/ghe-sofa-go-mdf-cao-cap-gia-re-nhat-qgsofa05\/","og_site_name":"M\u1eabu web n\u1ed9i th\u1ea5t","article_publisher":"https:\/\/www.facebook.com\/noithatqghome","article_modified_time":"2025-11-12T04:26:52+00:00","og_image":[{"width":843,"height":562,"url":"https:\/\/luan.webrt.net\/qhome\/wp-content\/uploads\/2024\/11\/Sofa-go-cong-nghiep-hien-dai-gia-re-SB6801.jpg","type":"image\/jpeg"}],"twitter_card":"summary_large_image","twitter_misc":{"\u01af\u1edbc t\u00ednh th\u1eddi gian \u0111\u1ecdc":"5 ph\u00fat"},"schema":{"@context":"https:\/\/schema.org","@graph":[{"@type":"WebPage","@id":"https:\/\/luan.webrt.net\/qhome\/san-pham\/ghe-sofa-go-mdf-cao-cap-gia-re-nhat-qgsofa05\/","url":"https:\/\/luan.webrt.net\/qhome\/san-pham\/ghe-sofa-go-mdf-cao-cap-gia-re-nhat-qgsofa05\/","name":"Gh\u1ebf sofa g\u1ed7 MDF cao c\u1ea5p, gi\u00e1 r\u1ebb nh\u1ea5t - QGSOFA05","isPartOf":{"@id":"https:\/\/luan.webrt.net\/qhome\/#website"},"datePublished":"2024-11-17T15:53:31+00:00","dateModified":"2025-11-12T04:26:52+00:00","description":"Gh\u1ebf sofa g\u1ed7 mdf QGSOFA05 \u0111\u01b0\u1ee3c l\u00e0m t\u1eeb v\u00e1n g\u1ed7 c\u00f4ng nghi\u1ec7p cao c\u1ea5p, b\u1ec1n b\u1ec9. Thi\u1ebft k\u1ebf sang tr\u1ecdng, \u0111\u1eb3ng c\u1ea5p ph\u00f9 h\u1ee3p cho m\u1ecdi kh\u00f4ng gian phong kh\u00e1ch.","breadcrumb":{"@id":"https:\/\/luan.webrt.net\/qhome\/san-pham\/ghe-sofa-go-mdf-cao-cap-gia-re-nhat-qgsofa05\/#breadcrumb"},"inLanguage":"vi","potentialAction":[{"@type":"ReadAction","target":["https:\/\/luan.webrt.net\/qhome\/san-pham\/ghe-sofa-go-mdf-cao-cap-gia-re-nhat-qgsofa05\/"]}]},{"@type":"BreadcrumbList","@id":"https:\/\/luan.webrt.net\/qhome\/san-pham\/ghe-sofa-go-mdf-cao-cap-gia-re-nhat-qgsofa05\/#breadcrumb","itemListElement":[{"@type":"ListItem","position":1,"name":"Trang ch\u1ee7","item":"https:\/\/luan.webrt.net\/qhome\/"},{"@type":"ListItem","position":2,"name":"Shop","item":"https:\/\/luan.webrt.net\/qhome\/shop\/"},{"@type":"ListItem","position":3,"name":"Gh\u1ebf sofa g\u1ed7 MDF cao c\u1ea5p, gi\u00e1 r\u1ebb nh\u1ea5t &#8211; QGSOFA05"}]},{"@type":"WebSite","@id":"https:\/\/luan.webrt.net\/qhome\/#website","url":"https:\/\/luan.webrt.net\/qhome\/","name":"M\u1eabu web n\u1ed9i th\u1ea5t","description":"QGHome Vi\u1ec7t Nam","publisher":{"@id":"https:\/\/luan.webrt.net\/qhome\/#organization"},"potentialAction":[{"@type":"SearchAction","target":{"@type":"EntryPoint","urlTemplate":"https:\/\/luan.webrt.net\/qhome\/?s={search_term_string}"},"query-input":"required name=search_term_string"}],"inLanguage":"vi"},{"@type":"Organization","@id":"https:\/\/luan.webrt.net\/qhome\/#organization","name":"QGHome","url":"https:\/\/luan.webrt.net\/qhome\/","logo":{"@type":"ImageObject","inLanguage":"vi","@id":"https:\/\/luan.webrt.net\/qhome\/#\/schema\/logo\/image\/","url":"https:\/\/qghome.vn\/wp-content\/uploads\/2025\/08\/logo-mau-MauTH-21.png","contentUrl":"https:\/\/qghome.vn\/wp-content\/uploads\/2025\/08\/logo-mau-MauTH-21.png","width":253,"height":99,"caption":"QGHome"},"image":{"@id":"https:\/\/luan.webrt.net\/qhome\/#\/schema\/logo\/image\/"},"sameAs":["https:\/\/www.tiktok.com\/@qghome.official","https:\/\/www.youtube.com\/channel\/UCeVBuKTXkv-u94DS421cklw","https:\/\/www.facebook.com\/noithatqghome"]}]}},"_links":{"self":[{"href":"https:\/\/luan.webrt.net\/qhome\/wp-json\/wp\/v2\/product\/13036","targetHints":{"allow":["GET"]}}],"collection":[{"href":"https:\/\/luan.webrt.net\/qhome\/wp-json\/wp\/v2\/product"}],"about":[{"href":"https:\/\/luan.webrt.net\/qhome\/wp-json\/wp\/v2\/types\/product"}],"replies":[{"embeddable":true,"href":"https:\/\/luan.webrt.net\/qhome\/wp-json\/wp\/v2\/comments?post=13036"}],"wp:featuredmedia":[{"embeddable":true,"href":"https:\/\/luan.webrt.net\/qhome\/wp-json\/wp\/v2\/media\/13037"}],"wp:attachment":[{"href":"https:\/\/luan.webrt.net\/qhome\/wp-json\/wp\/v2\/media?parent=13036"}],"wp:term":[{"taxonomy":"product_cat","embeddable":true,"href":"https:\/\/luan.webrt.net\/qhome\/wp-json\/wp\/v2\/product_cat?post=13036"},{"taxonomy":"product_tag","embeddable":true,"href":"https:\/\/luan.webrt.net\/qhome\/wp-json\/wp\/v2\/product_tag?post=13036"}],"curies":[{"name":"wp","href":"https:\/\/api.w.org\/{rel}","templated":true}]}}