{"id":13032,"date":"2024-11-17T11:32:13","date_gmt":"2024-11-17T11:32:13","guid":{"rendered":"https:\/\/qghome.vn\/?post_type=product&#038;p=13032"},"modified":"2025-11-12T09:48:57","modified_gmt":"2025-11-12T09:48:57","slug":"ghe-sofa-chu-l-qgsofa04","status":"publish","type":"product","link":"https:\/\/luan.webrt.net\/qhome\/san-pham\/ghe-sofa-chu-l-qgsofa04\/","title":{"rendered":"Gh\u1ebf sofa ch\u1eef L &#8211; QGSOFA04"},"content":{"rendered":"<p><span style=\"font-weight: 400; color: #000000;\">M\u1ed9t thi\u1ebft k\u1ebf ph\u00f2ng kh\u00e1ch \u0111\u1ea7y \u0111\u1ee7, ti\u1ec7n nghi kh\u00f4ng th\u1ec3 thi\u1ebfu \u0111\u01b0\u1ee3c s\u1ef1 xu\u1ea5t hi\u1ec7n c\u1ee7a gh\u1ebf sofa v\u00e0 b\u00e0n tr\u00e0. Tr\u00ean th\u1ecb tr\u01b0\u1eddng\u00a0 hi\u1ec7n nay c\u00f3 r\u1ea5t nhi\u1ec1u c\u00e1c m\u1eabu gh\u1ebf sofa \u0111a d\u1ea1ng v\u1ec1 ch\u1ea5t li\u1ec7u g\u1ed7, m\u1eabu m\u00e3 v\u00e0 m\u00e0u s\u1eafc. Tuy nhi\u00ean, c\u00e1c m\u1eabu gh\u1ebf sofa g\u1ed7 c\u00f4ng nghi\u1ec7p hi\u1ec7n \u0111ang r\u1ea5t \u0111\u01b0\u1ee3c \u01b0a chu\u1ed9ng b\u1edfi c\u00e1c \u01b0u \u0111i\u1ec3m v\u01b0\u1ee3t tr\u1ed9i.\u00a0<\/span><\/p>\n<p><span style=\"font-weight: 400; color: #000000;\">Trong b\u00e0i vi\u1ebft n\u00e0y ch\u00fang t\u00f4i s\u1ebd gi\u1edbi thi\u1ec7u \u0111\u1ebfn b\u1ea1n m\u1ed9t m\u1eabu gh\u1ebf sofa t\u1eeb g\u1ed7 c\u00f4ng nghi\u1ec7p ch\u1ea5t l\u01b0\u1ee3ng cao v\u1edbi thi\u1ebft k\u1ebf sang tr\u1ecdng.<\/span><\/p>\n<p><span style=\"font-weight: 400; color: #000000;\">H\u00e3y c\u00f9ng theo d\u00f5i v\u00e0 kh\u00e1m ph\u00e1 nh\u00e9!<\/span><\/p>\n<h1><span style=\"color: #0000ff;\"><b>Gh\u1ebf sofa ch\u1eef L &#8211; QGSOFA04<\/b><\/span><\/h1>\n<p><span style=\"font-weight: 400; color: #000000;\">M\u1eabu gh\u1ebf sofa ch\u1eef L &#8211; QGSOFA04 \u0111\u01b0\u1ee3c thi\u1ebft k\u1ebf v\u00e0 thi c\u00f4ng t\u1ea1i n\u1ed9i th\u1ea5t QG Home. \u0110\u1ebfn v\u1edbi s\u1ea3n ph\u1ea9m n\u00e0y, b\u1ea1n s\u1ebd kh\u00f4ng c\u00f2n ph\u1ea3i lo v\u1ec1 ch\u1ea5t l\u01b0\u1ee3ng v\u00e0 thi\u1ebft k\u1ebf c\u1ee7a s\u1ea3n ph\u1ea9m. B\u1edfi l\u1ebd, gh\u1ebf sofa n\u00e0y \u0111\u01b0\u1ee3c l\u00e0m t\u1eeb v\u00e1n g\u1ed7 mdf cao c\u1ea5p, b\u1ec1n b\u1ec9. Thi\u1ebft k\u1ebf tinh t\u1ebf, ch\u1ec9n chu v\u00e0 th\u1eddi th\u01b0\u1ee3ng, r\u1ea5t h\u1ee3p xu h\u01b0\u1edbng thi\u1ebft k\u1ebf n\u1ed9i th\u1ea5t hi\u1ec7n nay.<\/span><\/p>\n<h2><span style=\"font-weight: 400; color: #000000;\">Th\u00f4ng s\u1ed1 s\u1ea3n ph\u1ea9m<\/span><\/h2>\n<table style=\"width: 100%; height: 415px;\">\n<tbody>\n<tr style=\"height: 50px;\">\n<td style=\"height: 50px;\"><span style=\"font-weight: 400; color: #000000;\">K\u00edch th\u01b0\u1edbc sofa<\/span><\/td>\n<td style=\"height: 50px;\">\n<ul>\n<li aria-level=\"1\"><span style=\"color: #000000;\">D\u00e0i 3200mm x R\u1ed9ng 700\/1800mm x Cao 420mm<\/span><\/li>\n<\/ul>\n<\/td>\n<\/tr>\n<tr style=\"height: 71px;\">\n<td style=\"height: 71px;\"><span style=\"font-weight: 400; color: #000000;\">K\u00edch th\u01b0\u1edbc b\u00e0n tr\u00e0<\/span><\/td>\n<td style=\"height: 71px;\">\n<ul>\n<li style=\"font-weight: 400;\" aria-level=\"1\"><span style=\"font-weight: 400; color: #000000;\">D\u00e0i 1000mm x R\u1ed9ng 600mm x Cao 400mm<\/span><\/li>\n<li style=\"font-weight: 400;\" aria-level=\"1\"><span style=\"font-weight: 400; color: #000000;\">D\u00e0i 1200mm x R\u1ed9ng 600mm x Cao 400mm<\/span><\/li>\n<\/ul>\n<\/td>\n<\/tr>\n<tr style=\"height: 208px;\">\n<td style=\"height: 208px;\"><span style=\"font-weight: 400; color: #000000;\">Ch\u1ea5t li\u1ec7u<\/span><\/td>\n<td style=\"height: 208px;\"><span style=\"font-weight: 400; color: #000000;\">V\u00e1n g\u1ed7 c\u00f4ng nghi\u1ec7p MDF ph\u1ee7 melamine ch\u1ea5t l\u01b0\u1ee3ng cao v\u1edbi m\u1ed9t s\u1ed1 \u01b0u \u0111i\u1ec3m c\u00f3 th\u1ec3 k\u1ec3 \u0111\u1ebfn nh\u01b0:<\/span><\/p>\n<ul>\n<li style=\"font-weight: 400;\" aria-level=\"1\"><span style=\"font-weight: 400; color: #000000;\">B\u1ec1n b\u1ec9 theo th\u1eddi gian.<\/span><\/li>\n<li style=\"font-weight: 400;\" aria-level=\"1\"><span style=\"font-weight: 400; color: #000000;\">H\u1ea1n ch\u1ebf cong v\u00eanh.<\/span><\/li>\n<li style=\"font-weight: 400;\" aria-level=\"1\"><span style=\"font-weight: 400; color: #000000;\">Ch\u1ed1ng m\u1ed1i m\u1ecdt, ch\u1ed1ng \u1ea9m, ch\u1ed1ng co ng\u00f3t.<\/span><\/li>\n<li style=\"font-weight: 400;\" aria-level=\"1\"><span style=\"font-weight: 400; color: #000000;\">D\u1ec5 d\u00e0ng v\u1ec7 sinh.<\/span><\/li>\n<\/ul>\n<p><span style=\"font-weight: 400; color: #000000;\">\u0110\u1ec7m m\u00fat b\u1ecdc n\u1ec9 ho\u1eb7c da theo y\u00eau c\u1ea7u.<\/span><\/td>\n<\/tr>\n<tr style=\"height: 86px;\">\n<td style=\"height: 86px;\"><span style=\"font-weight: 400; color: #000000;\">M\u00e0u s\u1eafc<\/span><\/td>\n<td style=\"height: 86px;\"><span style=\"font-weight: 400; color: #000000;\">M\u00e0u tr\u1eafng \u0111\u1ee5c k\u1ebft h\u1ee3p v\u00e2n g\u1ed7 sang tr\u1ecdng, thanh l\u1ecbch.<\/span><\/p>\n<p><span style=\"font-weight: 400; color: #000000;\">* Kh\u00e1ch h\u00e0ng c\u00f3 th\u1ec3 l\u1ef1a ch\u1ecdn m\u00e0u s\u1eafc t\u00f9y th\u00edch.<\/span><\/td>\n<\/tr>\n<\/tbody>\n<\/table>\n<p><span style=\"font-weight: 400; color: #000000;\">*Kh\u00e1ch h\u00e0ng c\u00f3 th\u1ec3 t\u00f9y ch\u1ec9nh k\u00edch th\u01b0\u1edbc ph\u00f9 h\u1ee3p v\u1edbi nhu c\u1ea7u.<\/span><\/p>\n<p><span style=\"font-weight: 400; color: #000000;\">*Nh\u1eadn \u0111\u1eb7t b\u00e0n tr\u00e0 theo y\u00eau c\u1ea7u.<\/span><\/p>\n<h2><span style=\"font-weight: 400; color: #000000;\">Gh\u1ebf sofa ch\u1eef L sang tr\u1ecdng &#8211; QGSOFA04 v\u00e0 nh\u1eefng \u01b0u \u0111i\u1ec3m m\u00e0 b\u1ea1n nh\u1ea5t \u0111\u1ecbnh kh\u00f4ng th\u1ec3 b\u1ecf l\u1ee1:<\/span><\/h2>\n<h3><span style=\"font-weight: 400; color: #000000;\">Thi\u1ebft k\u1ebf th\u1eddi th\u01b0\u1ee3ng cho kh\u00f4ng gian s\u1ed1ng hi\u1ec7n \u0111\u1ea1i, ti\u1ec7n nghi<\/span><\/h3>\n<p><span style=\"font-weight: 400; color: #000000;\">N\u1eafm b\u1eaft \u0111\u01b0\u1ee3c xu h\u01b0\u1edbng thi\u1ebft k\u1ebf n\u1ed9i th\u1ea5t hi\u1ec7n nay. M\u1eabu sofa QGSOFA04 to\u00e1t l\u00ean s\u1ef1 sang tr\u1ecdng, \u0111\u1eb3ng c\u1ea5p th\u00f4ng qua thi\u1ebft k\u1ebf kh\u00f4ng qu\u00e1 c\u1ea7u k\u1ef3, ph\u1ee9c t\u1ea1p.\u00a0<\/span><\/p>\n<p><span style=\"font-weight: 400; color: #000000;\">T\u1ed5ng th\u1ec3 s\u1ea3n ph\u1ea9m gi\u00fap ph\u1ea7n n\u00e0o th\u1ec3 hi\u1ec7n \u0111\u01b0\u1ee3c gu th\u1ea9m m\u1ef9 ri\u00eang bi\u1ec7t c\u1ee7a gia ch\u1ee7. K\u1ebft c\u1ea5u g\u00f3c ch\u1eef L sang ch\u1ea3nh ph\u00f9 h\u1ee3p cho kh\u00f4ng gian ph\u00f2ng kh\u00e1ch hi\u1ec7n \u0111\u1ea1i, r\u1ed9ng r\u00e3i.<\/span><\/p>\n<p><span style=\"font-weight: 400; color: #000000;\">To\u00e0n b\u1ed9 ph\u1ea7n \u0111\u1ec7m gh\u1ebf v\u00e0 g\u1ed1i t\u1ef1a l\u01b0ng \u0111\u1ec1u d\u00f9ng n\u1ec7m m\u00fat cao c\u1ea5p, c\u00f3 kh\u1ea3 n\u0103ng \u0111\u00e0n h\u1ed3i c\u1ef1c t\u1ed1t, mang l\u1ea1i c\u1ea3m gi\u00e1c \u00eam \u00e1i, tho\u1ea3i m\u00e1i m\u1ed7i khi ng\u1ed3i.<\/span><\/p>\n<p>&nbsp;<\/p>\n<figure id=\"attachment_13033\" aria-describedby=\"caption-attachment-13033\" style=\"width: 549px\" class=\"wp-caption aligncenter\"><img loading=\"lazy\" decoding=\"async\" class=\"wp-image-13033 size-medium\" src=\"http:\/\/qghome.vn\/wp-content\/uploads\/2024\/11\/1-3-549x400.jpg\" alt=\"\" width=\"549\" height=\"400\" srcset=\"https:\/\/luan.webrt.net\/qhome\/wp-content\/uploads\/2024\/11\/1-3-549x400.jpg 549w, https:\/\/luan.webrt.net\/qhome\/wp-content\/uploads\/2024\/11\/1-3-510x371.jpg 510w, https:\/\/luan.webrt.net\/qhome\/wp-content\/uploads\/2024\/11\/1-3-1098x800.jpg 1098w, https:\/\/luan.webrt.net\/qhome\/wp-content\/uploads\/2024\/11\/1-3-768x559.jpg 768w, https:\/\/luan.webrt.net\/qhome\/wp-content\/uploads\/2024\/11\/1-3.jpg 1362w\" sizes=\"auto, (max-width: 549px) 100vw, 549px\" \/><figcaption id=\"caption-attachment-13033\" class=\"wp-caption-text\"><span style=\"color: #000000;\">Gh\u1ebf sofa ch\u1eef L cao c\u1ea5p &#8211; QGSOFA04<\/span><\/figcaption><\/figure>\n<h3><span style=\"font-weight: 400; color: #000000;\">C\u00f4ng d\u1ee5ng t\u1ed1i \u01b0u\u00a0<\/span><\/h3>\n<p><span style=\"font-weight: 400; color: #000000;\">T\u00edch h\u1ee3p c\u00e1c ng\u0103n k\u00e9o nh\u1ecf trong th\u00e2n gh\u1ebf mang l\u1ea1i v\u00f4 s\u1ed1 gi\u00e1 tr\u1ecb s\u1eed d\u1ee5ng. Gi\u00fap ti\u1ebft ki\u1ec7m \u0111\u01b0\u1ee3c kh\u00f4ng gian g\u1ea7m gh\u1ebf th\u01b0\u1eddng \u0111\u01b0\u1ee3c b\u1ecf tr\u1ed1ng \u0111\u00f3. H\u01a1n n\u1eefa vi\u1ec7c s\u1eafp x\u1ebfp c\u00e1c \u0111\u1ed3 l\u1eb7t v\u1eb7t nh\u1ecf v\u00e0o \u0111\u00f3 gi\u00fap cho kh\u00f4ng gian s\u1ed1ng c\u1ee7a b\u1ea1n th\u00eam ng\u0103n n\u1eafp, g\u1ecdn g\u00e0ng.<\/span><\/p>\n<p><span style=\"color: #000000;\">Tab nh\u1ecf \u0111\u01b0\u1ee3c thi\u1ebft k\u1ebf b\u00ean c\u1ea1nh gh\u1ebf gi\u00fap b\u1ea1n c\u00f3 th\u1ec3 \u0111\u1ec3 \u0111\u1ed3 trang tr\u00ed l\u00ean tr\u00ean hay c\u1ea5t v\u00e0i cu\u1ed1n s\u00e1ch y\u00eau th\u00edch v\u00e0o \u0111\u00f3. \u0110i\u1ec1u \u0111\u00f3 gi\u00fap t\u1ea1o \u0111i\u1ec3m nh\u1ea5n \u1ea5n t\u01b0\u1ee3ng cho m\u1eabu gh\u1ebf sofa n\u00e0y.<\/span><\/p>\n<h3><span style=\"font-weight: 400; color: #000000;\">Ch\u1ea5t li\u1ec7u cao c\u1ea5p &#8211; V\u00e1n g\u1ed7 c\u00f4ng nghi\u1ec7p mdf &#8211; s\u1ef1 l\u1ef1a ch\u1ecdn ho\u00e0n h\u1ea3o trong thi\u1ebft k\u1ebf n\u1ed9i th\u1ea5t<\/span><\/h3>\n<p><span style=\"font-weight: 400; color: #000000;\">M\u1eb7c d\u00f9 kh\u00f4ng th\u1ec3 so s\u00e1nh ch\u1ea5t l\u01b0\u1ee3ng \u0111\u01b0\u1ee3c v\u1edbi g\u1ed7 t\u1ef1 nhi\u00ean, th\u1ebf nh\u01b0ng d\u00f2ng g\u1ed7 c\u00f4ng nghi\u1ec7p MDF n\u00e0y v\u1eabn mang \u0111\u1ebfn r\u1ea5t nhi\u1ec1u c\u00f4ng d\u1ee5ng c\u00f3 th\u1ec3 k\u1ec3 \u0111\u1ebfn nh\u01b0:<\/span><\/p>\n<ul>\n<li style=\"font-weight: 400;\" aria-level=\"1\"><span style=\"font-weight: 400; color: #000000;\">Ch\u1ea5t l\u01b0\u1ee3ng b\u1ec1n b\u1ec9, gi\u1eef \u0111\u01b0\u1ee3c v\u1ebb \u0111\u1eb9p theo th\u1eddi gian.<\/span><\/li>\n<li style=\"font-weight: 400;\" aria-level=\"1\"><span style=\"font-weight: 400; color: #000000;\">Kh\u00f4ng lo b\u1ecb cong v\u00eanh, co ng\u00f3t hay m\u1ed1i m\u1ecdt.<\/span><\/li>\n<li style=\"font-weight: 400;\" aria-level=\"1\"><span style=\"font-weight: 400; color: #000000;\">Kh\u1ea3 n\u0103ng ch\u1ecbu l\u1ef1c t\u1ed1t b\u1edfi k\u1ebft c\u1ea5u ch\u1eafc ch\u1eafn.<\/span><\/li>\n<li style=\"font-weight: 400;\" aria-level=\"1\"><span style=\"font-weight: 400; color: #000000;\">D\u1ec5 d\u00e0ng v\u1ec7 sinh lau ch\u00f9i b\u1edfi b\u1ec1 m\u1eb7t nh\u1eb5n nh\u1ee5i v\u00e0 s\u00e1ng b\u00f3ng.\u00a0<\/span><\/li>\n<li style=\"font-weight: 400;\" aria-level=\"1\"><span style=\"font-weight: 400; color: #000000;\">\u0110a d\u1ea1ng c\u00e1c lo\u1ea1i m\u00e0u s\u1eafc kh\u00e1c nhau \u0111\u1ec3 b\u1ea1n c\u00f3 th\u1ec3 t\u00f9y th\u00edch l\u1ef1a ch\u1ecdn theo s\u1edf th\u00edch c\u0169ng nh\u01b0 l\u00e0 phong c\u00e1ch s\u1ed1ng c\u1ee7a gia \u0111\u00ecnh.<\/span><\/li>\n<\/ul>\n<p><span style=\"font-weight: 400; color: #000000;\">Nh\u01b0 v\u1eady, v\u1eeba r\u1ed3i b\u1ea1n \u0111\u00e3 t\u00ecm hi\u1ec3u m\u1ed9t s\u1ed1 th\u00f4ng tin c\u01a1 b\u1ea3n v\u1ec1 b\u1ed9 gh\u1ebf sofa ch\u1eef L g\u1ed7 mdf cao c\u1ea5p QGSOFA04. N\u1ebfu nh\u01b0 b\u1ea1n c\u00f2n nh\u1eefng th\u1eafc m\u1eafc th\u00ec h\u00e3y li\u00ean h\u1ec7 ngay v\u1edbi ch\u00fang t\u00f4i \u0111\u1ec3 \u0111\u01b0\u1ee3c gi\u1ea3i \u0111\u00e1p k\u1ecbp th\u1eddi nh\u00e9!<\/span><\/p>\n<p><span style=\"font-weight: 400; color: #000000;\">H\u00e3y \u0111\u1eb7t h\u00e0ng t\u1ea1i QG Home ngay h\u00f4m nay \u0111\u1ec3 nh\u1eadn \u0111\u01b0\u1ee3c nhi\u1ec1u \u01b0u \u0111\u00e3i h\u1ea5p d\u1eabn!<\/span><\/p>\n<p style=\"text-align: center;\">***<\/p>\n<p><span style=\"color: #000000;\"><span style=\"font-weight: 400;\">M\u1eddi b\u1ea1n tham kh\u1ea3o th\u00eam c\u00e1c m\u1eabu gh\u1ebf sofa kh\u00e1c<\/span><span style=\"color: #0000ff;\"><a style=\"color: #0000ff;\" href=\"https:\/\/qghome.vn\/noi-that-chung-cu\/noi-that-phong-khach\/ghe-sofa\/\"><span style=\"font-weight: 400;\"> t\u1ea1i \u0111\u00e2y<\/span><\/a><\/span><span style=\"font-weight: 400;\">.<\/span><\/span><\/p>\n<p><span style=\"color: #000000;\"><span style=\"font-weight: 400;\">QG Home &#8211; \u0111\u01a1n v\u1ecb thi c\u00f4ng n\u1ed9i th\u1ea5t h\u00e0ng \u0111\u1ea7u Vi\u1ec7t Nam v\u1edbi nh\u1eefng m\u1eb7t h\u00e0ng ti\u00eau bi\u1ec3u: <\/span><span style=\"color: #0000ff;\"><a style=\"color: #0000ff;\" href=\"https:\/\/qghome.vn\/noi-that-chung-cu\/\"><span style=\"font-weight: 400;\">N\u1ed9i th\u1ea5t chung c\u01b0<\/span><\/a><\/span><span style=\"font-weight: 400;\"><span style=\"color: #000000;\"> (thi\u1ebft k\u1ebf tr\u1ecdn g\u00f3i v\u00e0 c\u00e1c s\u1ea3n ph\u1ea9m c\u1ee7a ph\u00f2ng ng\u1ee7, ph\u00f2ng kh\u00e1ch, ph\u00f2ng b\u1ebfp,&#8230;);<\/span> <\/span><span style=\"color: #0000ff;\"><a style=\"color: #0000ff;\" href=\"https:\/\/qghome.vn\/san-pham\/noi-that-van-phong\/\"><span style=\"font-weight: 400;\">N\u1ed9i th\u1ea5t v\u0103n ph\u00f2ng<\/span><\/a><\/span><span style=\"font-weight: 400;\">;&#8230;<\/span><\/span><\/p>\n<div class=\"host-bincmiainjofjnhchmcalkanjebghoen\" style=\"position: relative; z-index: 2147483647;\"><\/div>\n","protected":false},"excerpt":{"rendered":"<p><span style=\"color: #000080;\"><em>*L\u01b0u \u00fd: Gi\u00e1 c\u1ee7a s\u1ea3n ph\u1ea9m ch\u01b0a bao g\u1ed3m b\u00e0n tr\u00e0<\/em><\/span><\/p>\n<div class=\"host-bincmiainjofjnhchmcalkanjebghoen\" style=\"position: relative; z-index: 2147483647;\"><\/div>\n","protected":false},"featured_media":13033,"comment_status":"open","ping_status":"closed","template":"","meta":[],"product_cat":[494,682,119],"product_tag":[],"class_list":["post-13032","product","type-product","status-publish","has-post-thumbnail","hentry","product_cat-ghe-sofa","product_cat-noi-that-phong-khach","product_cat-san-pham"],"yoast_head":"<!-- This site is optimized with the Yoast SEO plugin v19.9 - https:\/\/yoast.com\/wordpress\/plugins\/seo\/ -->\n<title>Gh\u1ebf sofa ch\u1eef L - QGSOFA04<\/title>\n<meta name=\"description\" content=\"Gh\u1ebf sofa ch\u1eef L QGSOFA04 \u0111\u01b0\u1ee3c l\u00e0m t\u1eeb v\u00e1n g\u1ed7 c\u00f4ng nghi\u1ec7p cao c\u1ea5p, b\u1ec1n b\u1ec9. Thi\u1ebft k\u1ebf sang tr\u1ecdng, \u0111\u1eb3ng c\u1ea5p ph\u00f9 h\u1ee3p cho kh\u00f4ng gian s\u1ed1ng hi\u1ec7n \u0111\u1ea1i, ti\u1ec7n nghi\" \/>\n<meta name=\"robots\" content=\"index, follow, max-snippet:-1, max-image-preview:large, max-video-preview:-1\" \/>\n<link rel=\"canonical\" href=\"https:\/\/luan.webrt.net\/qhome\/san-pham\/ghe-sofa-chu-l-qgsofa04\/\" \/>\n<meta property=\"og:locale\" content=\"vi_VN\" \/>\n<meta property=\"og:type\" content=\"article\" \/>\n<meta property=\"og:title\" content=\"Gh\u1ebf sofa ch\u1eef L - QGSOFA04\" \/>\n<meta property=\"og:description\" content=\"Gh\u1ebf sofa ch\u1eef L QGSOFA04 \u0111\u01b0\u1ee3c l\u00e0m t\u1eeb v\u00e1n g\u1ed7 c\u00f4ng nghi\u1ec7p cao c\u1ea5p, b\u1ec1n b\u1ec9. Thi\u1ebft k\u1ebf sang tr\u1ecdng, \u0111\u1eb3ng c\u1ea5p ph\u00f9 h\u1ee3p cho kh\u00f4ng gian s\u1ed1ng hi\u1ec7n \u0111\u1ea1i, ti\u1ec7n nghi\" \/>\n<meta property=\"og:url\" content=\"https:\/\/luan.webrt.net\/qhome\/san-pham\/ghe-sofa-chu-l-qgsofa04\/\" \/>\n<meta property=\"og:site_name\" content=\"M\u1eabu web n\u1ed9i th\u1ea5t\" \/>\n<meta property=\"article:publisher\" content=\"https:\/\/www.facebook.com\/noithatqghome\" \/>\n<meta property=\"article:modified_time\" content=\"2025-11-12T09:48:57+00:00\" \/>\n<meta property=\"og:image\" content=\"https:\/\/luan.webrt.net\/qhome\/wp-content\/uploads\/2024\/11\/1-3.jpg\" \/>\n\t<meta property=\"og:image:width\" content=\"1362\" \/>\n\t<meta property=\"og:image:height\" content=\"992\" \/>\n\t<meta property=\"og:image:type\" content=\"image\/jpeg\" \/>\n<meta name=\"twitter:card\" content=\"summary_large_image\" \/>\n<meta name=\"twitter:label1\" content=\"\u01af\u1edbc t\u00ednh th\u1eddi gian \u0111\u1ecdc\" \/>\n\t<meta name=\"twitter:data1\" content=\"5 ph\u00fat\" \/>\n<script type=\"application\/ld+json\" class=\"yoast-schema-graph\">{\"@context\":\"https:\/\/schema.org\",\"@graph\":[{\"@type\":\"WebPage\",\"@id\":\"https:\/\/luan.webrt.net\/qhome\/san-pham\/ghe-sofa-chu-l-qgsofa04\/\",\"url\":\"https:\/\/luan.webrt.net\/qhome\/san-pham\/ghe-sofa-chu-l-qgsofa04\/\",\"name\":\"Gh\u1ebf sofa ch\u1eef L - QGSOFA04\",\"isPartOf\":{\"@id\":\"https:\/\/luan.webrt.net\/qhome\/#website\"},\"datePublished\":\"2024-11-17T11:32:13+00:00\",\"dateModified\":\"2025-11-12T09:48:57+00:00\",\"description\":\"Gh\u1ebf sofa ch\u1eef L QGSOFA04 \u0111\u01b0\u1ee3c l\u00e0m t\u1eeb v\u00e1n g\u1ed7 c\u00f4ng nghi\u1ec7p cao c\u1ea5p, b\u1ec1n b\u1ec9. Thi\u1ebft k\u1ebf sang tr\u1ecdng, \u0111\u1eb3ng c\u1ea5p ph\u00f9 h\u1ee3p cho kh\u00f4ng gian s\u1ed1ng hi\u1ec7n \u0111\u1ea1i, ti\u1ec7n nghi\",\"breadcrumb\":{\"@id\":\"https:\/\/luan.webrt.net\/qhome\/san-pham\/ghe-sofa-chu-l-qgsofa04\/#breadcrumb\"},\"inLanguage\":\"vi\",\"potentialAction\":[{\"@type\":\"ReadAction\",\"target\":[\"https:\/\/luan.webrt.net\/qhome\/san-pham\/ghe-sofa-chu-l-qgsofa04\/\"]}]},{\"@type\":\"BreadcrumbList\",\"@id\":\"https:\/\/luan.webrt.net\/qhome\/san-pham\/ghe-sofa-chu-l-qgsofa04\/#breadcrumb\",\"itemListElement\":[{\"@type\":\"ListItem\",\"position\":1,\"name\":\"Trang ch\u1ee7\",\"item\":\"https:\/\/luan.webrt.net\/qhome\/\"},{\"@type\":\"ListItem\",\"position\":2,\"name\":\"Shop\",\"item\":\"https:\/\/luan.webrt.net\/qhome\/shop\/\"},{\"@type\":\"ListItem\",\"position\":3,\"name\":\"Gh\u1ebf sofa ch\u1eef L &#8211; QGSOFA04\"}]},{\"@type\":\"WebSite\",\"@id\":\"https:\/\/luan.webrt.net\/qhome\/#website\",\"url\":\"https:\/\/luan.webrt.net\/qhome\/\",\"name\":\"M\u1eabu web n\u1ed9i th\u1ea5t\",\"description\":\"QGHome Vi\u1ec7t Nam\",\"publisher\":{\"@id\":\"https:\/\/luan.webrt.net\/qhome\/#organization\"},\"potentialAction\":[{\"@type\":\"SearchAction\",\"target\":{\"@type\":\"EntryPoint\",\"urlTemplate\":\"https:\/\/luan.webrt.net\/qhome\/?s={search_term_string}\"},\"query-input\":\"required name=search_term_string\"}],\"inLanguage\":\"vi\"},{\"@type\":\"Organization\",\"@id\":\"https:\/\/luan.webrt.net\/qhome\/#organization\",\"name\":\"QGHome\",\"url\":\"https:\/\/luan.webrt.net\/qhome\/\",\"logo\":{\"@type\":\"ImageObject\",\"inLanguage\":\"vi\",\"@id\":\"https:\/\/luan.webrt.net\/qhome\/#\/schema\/logo\/image\/\",\"url\":\"https:\/\/qghome.vn\/wp-content\/uploads\/2025\/08\/logo-mau-MauTH-21.png\",\"contentUrl\":\"https:\/\/qghome.vn\/wp-content\/uploads\/2025\/08\/logo-mau-MauTH-21.png\",\"width\":253,\"height\":99,\"caption\":\"QGHome\"},\"image\":{\"@id\":\"https:\/\/luan.webrt.net\/qhome\/#\/schema\/logo\/image\/\"},\"sameAs\":[\"https:\/\/www.tiktok.com\/@qghome.official\",\"https:\/\/www.youtube.com\/channel\/UCeVBuKTXkv-u94DS421cklw\",\"https:\/\/www.facebook.com\/noithatqghome\"]}]}<\/script>\n<!-- \/ Yoast SEO plugin. -->","yoast_head_json":{"title":"Gh\u1ebf sofa ch\u1eef L - QGSOFA04","description":"Gh\u1ebf sofa ch\u1eef L QGSOFA04 \u0111\u01b0\u1ee3c l\u00e0m t\u1eeb v\u00e1n g\u1ed7 c\u00f4ng nghi\u1ec7p cao c\u1ea5p, b\u1ec1n b\u1ec9. Thi\u1ebft k\u1ebf sang tr\u1ecdng, \u0111\u1eb3ng c\u1ea5p ph\u00f9 h\u1ee3p cho kh\u00f4ng gian s\u1ed1ng hi\u1ec7n \u0111\u1ea1i, ti\u1ec7n nghi","robots":{"index":"index","follow":"follow","max-snippet":"max-snippet:-1","max-image-preview":"max-image-preview:large","max-video-preview":"max-video-preview:-1"},"canonical":"https:\/\/luan.webrt.net\/qhome\/san-pham\/ghe-sofa-chu-l-qgsofa04\/","og_locale":"vi_VN","og_type":"article","og_title":"Gh\u1ebf sofa ch\u1eef L - QGSOFA04","og_description":"Gh\u1ebf sofa ch\u1eef L QGSOFA04 \u0111\u01b0\u1ee3c l\u00e0m t\u1eeb v\u00e1n g\u1ed7 c\u00f4ng nghi\u1ec7p cao c\u1ea5p, b\u1ec1n b\u1ec9. Thi\u1ebft k\u1ebf sang tr\u1ecdng, \u0111\u1eb3ng c\u1ea5p ph\u00f9 h\u1ee3p cho kh\u00f4ng gian s\u1ed1ng hi\u1ec7n \u0111\u1ea1i, ti\u1ec7n nghi","og_url":"https:\/\/luan.webrt.net\/qhome\/san-pham\/ghe-sofa-chu-l-qgsofa04\/","og_site_name":"M\u1eabu web n\u1ed9i th\u1ea5t","article_publisher":"https:\/\/www.facebook.com\/noithatqghome","article_modified_time":"2025-11-12T09:48:57+00:00","og_image":[{"width":1362,"height":992,"url":"https:\/\/luan.webrt.net\/qhome\/wp-content\/uploads\/2024\/11\/1-3.jpg","type":"image\/jpeg"}],"twitter_card":"summary_large_image","twitter_misc":{"\u01af\u1edbc t\u00ednh th\u1eddi gian \u0111\u1ecdc":"5 ph\u00fat"},"schema":{"@context":"https:\/\/schema.org","@graph":[{"@type":"WebPage","@id":"https:\/\/luan.webrt.net\/qhome\/san-pham\/ghe-sofa-chu-l-qgsofa04\/","url":"https:\/\/luan.webrt.net\/qhome\/san-pham\/ghe-sofa-chu-l-qgsofa04\/","name":"Gh\u1ebf sofa ch\u1eef L - QGSOFA04","isPartOf":{"@id":"https:\/\/luan.webrt.net\/qhome\/#website"},"datePublished":"2024-11-17T11:32:13+00:00","dateModified":"2025-11-12T09:48:57+00:00","description":"Gh\u1ebf sofa ch\u1eef L QGSOFA04 \u0111\u01b0\u1ee3c l\u00e0m t\u1eeb v\u00e1n g\u1ed7 c\u00f4ng nghi\u1ec7p cao c\u1ea5p, b\u1ec1n b\u1ec9. Thi\u1ebft k\u1ebf sang tr\u1ecdng, \u0111\u1eb3ng c\u1ea5p ph\u00f9 h\u1ee3p cho kh\u00f4ng gian s\u1ed1ng hi\u1ec7n \u0111\u1ea1i, ti\u1ec7n nghi","breadcrumb":{"@id":"https:\/\/luan.webrt.net\/qhome\/san-pham\/ghe-sofa-chu-l-qgsofa04\/#breadcrumb"},"inLanguage":"vi","potentialAction":[{"@type":"ReadAction","target":["https:\/\/luan.webrt.net\/qhome\/san-pham\/ghe-sofa-chu-l-qgsofa04\/"]}]},{"@type":"BreadcrumbList","@id":"https:\/\/luan.webrt.net\/qhome\/san-pham\/ghe-sofa-chu-l-qgsofa04\/#breadcrumb","itemListElement":[{"@type":"ListItem","position":1,"name":"Trang ch\u1ee7","item":"https:\/\/luan.webrt.net\/qhome\/"},{"@type":"ListItem","position":2,"name":"Shop","item":"https:\/\/luan.webrt.net\/qhome\/shop\/"},{"@type":"ListItem","position":3,"name":"Gh\u1ebf sofa ch\u1eef L &#8211; QGSOFA04"}]},{"@type":"WebSite","@id":"https:\/\/luan.webrt.net\/qhome\/#website","url":"https:\/\/luan.webrt.net\/qhome\/","name":"M\u1eabu web n\u1ed9i th\u1ea5t","description":"QGHome Vi\u1ec7t Nam","publisher":{"@id":"https:\/\/luan.webrt.net\/qhome\/#organization"},"potentialAction":[{"@type":"SearchAction","target":{"@type":"EntryPoint","urlTemplate":"https:\/\/luan.webrt.net\/qhome\/?s={search_term_string}"},"query-input":"required name=search_term_string"}],"inLanguage":"vi"},{"@type":"Organization","@id":"https:\/\/luan.webrt.net\/qhome\/#organization","name":"QGHome","url":"https:\/\/luan.webrt.net\/qhome\/","logo":{"@type":"ImageObject","inLanguage":"vi","@id":"https:\/\/luan.webrt.net\/qhome\/#\/schema\/logo\/image\/","url":"https:\/\/qghome.vn\/wp-content\/uploads\/2025\/08\/logo-mau-MauTH-21.png","contentUrl":"https:\/\/qghome.vn\/wp-content\/uploads\/2025\/08\/logo-mau-MauTH-21.png","width":253,"height":99,"caption":"QGHome"},"image":{"@id":"https:\/\/luan.webrt.net\/qhome\/#\/schema\/logo\/image\/"},"sameAs":["https:\/\/www.tiktok.com\/@qghome.official","https:\/\/www.youtube.com\/channel\/UCeVBuKTXkv-u94DS421cklw","https:\/\/www.facebook.com\/noithatqghome"]}]}},"_links":{"self":[{"href":"https:\/\/luan.webrt.net\/qhome\/wp-json\/wp\/v2\/product\/13032","targetHints":{"allow":["GET"]}}],"collection":[{"href":"https:\/\/luan.webrt.net\/qhome\/wp-json\/wp\/v2\/product"}],"about":[{"href":"https:\/\/luan.webrt.net\/qhome\/wp-json\/wp\/v2\/types\/product"}],"replies":[{"embeddable":true,"href":"https:\/\/luan.webrt.net\/qhome\/wp-json\/wp\/v2\/comments?post=13032"}],"wp:featuredmedia":[{"embeddable":true,"href":"https:\/\/luan.webrt.net\/qhome\/wp-json\/wp\/v2\/media\/13033"}],"wp:attachment":[{"href":"https:\/\/luan.webrt.net\/qhome\/wp-json\/wp\/v2\/media?parent=13032"}],"wp:term":[{"taxonomy":"product_cat","embeddable":true,"href":"https:\/\/luan.webrt.net\/qhome\/wp-json\/wp\/v2\/product_cat?post=13032"},{"taxonomy":"product_tag","embeddable":true,"href":"https:\/\/luan.webrt.net\/qhome\/wp-json\/wp\/v2\/product_tag?post=13032"}],"curies":[{"name":"wp","href":"https:\/\/api.w.org\/{rel}","templated":true}]}}