{"id":13008,"date":"2024-11-14T20:07:26","date_gmt":"2024-11-14T20:07:26","guid":{"rendered":"https:\/\/qghome.vn\/?post_type=product&#038;p=13008"},"modified":"2025-03-05T12:55:03","modified_gmt":"2025-03-05T12:55:03","slug":"ban-tra-sofa-don-gian-bt09","status":"publish","type":"product","link":"https:\/\/luan.webrt.net\/qhome\/san-pham\/ban-tra-sofa-don-gian-bt09\/","title":{"rendered":"B\u00e0n tr\u00e0 sofa \u0111\u01a1n gi\u1ea3n, hi\u1ec7n \u0111\u1ea1i, g\u1ed7 mdf &#8211; BT09"},"content":{"rendered":"<p><span style=\"font-weight: 400; color: #000000;\">B\u1ea1n \u0111ang mong mu\u1ed1n t\u00ecm m\u1ed9t m\u1eabu thi\u1ebft k\u1ebf b\u00e0n tr\u00e0 sofa ph\u00f9 h\u1ee3p cho kh\u00f4ng gian ph\u00f2ng kh\u00e1ch nh\u00e0 m\u00ecnh? V\u1eady th\u00ec \u0111\u1eebng b\u1ecf l\u1ee1 b\u00e0i vi\u1ebft d\u01b0\u1edbi \u0111\u00e2y nh\u00e9. B\u1edfi ngay sau \u0111\u00e2y ch\u00fang t\u00f4i s\u1ebd gi\u1edbi thi\u1ec7u cho b\u1ea1n m\u1ed9t m\u1eabu s\u1ea3n ph\u1ea9m b\u00e0n tr\u00e0 \u0111\u1ed9c \u0111\u00e1o m\u00e0 gi\u00e1 th\u00e0nh l\u1ea1i v\u00f4 c\u00f9ng \u201ch\u1ea1t d\u1ebb\u201d.<\/span><\/p>\n<h1><span style=\"font-weight: 400; color: #0000ff;\">B\u00e0n tr\u00e0 sofa \u0111\u01a1n gi\u1ea3n, sang tr\u1ecdng &#8211; BT09<\/span><\/h1>\n<p><span style=\"font-weight: 400; color: #000000;\">M\u1eabu b\u00e0n tr\u00e0 sofa \u0111\u01a1n gi\u1ea3n BT09 \u0111\u01b0\u1ee3c t\u1ed5 ch\u1ee9c s\u1ea3n xu\u1ea5t v\u00e0 gia c\u00f4ng t\u1ec9 m\u1ec9 t\u1ea1i n\u1ed9i th\u1ea5t QG Home. B\u1edfi v\u1eady m\u00e0 m\u1eabu b\u00e0n tr\u00e0 lu\u00f4n to\u00e1t l\u00ean v\u1ebb \u0111\u1eb9p t\u1ef1 nhi\u00ean pha n\u00e9t hi\u1ec7n \u0111\u1ea1i. Mang phong c\u00e1ch ri\u00eang m\u00e0 nh\u1eefng m\u1eabu b\u00e0n sofa ph\u00f2ng kh\u00e1ch kh\u00e1c kh\u00f4ng c\u00f3 \u0111\u01b0\u1ee3c.<\/span><\/p>\n<h2><span style=\"font-weight: 400; color: #000000;\">T\u1ed5ng quan s\u1ea3n ph\u1ea9m:<\/span><\/h2>\n<table>\n<tbody>\n<tr>\n<td><span style=\"font-weight: 400; color: #000000;\">K\u00edch th\u01b0\u1edbc<\/span><\/td>\n<td>\n<ul>\n<li style=\"font-weight: 400;\" aria-level=\"1\"><span style=\"font-weight: 400; color: #000000;\">D\u00e0i 1300-2000mm x R\u1ed9ng 700mm x Cao 355mm<\/span><\/li>\n<\/ul>\n<p><span style=\"font-weight: 400; color: #000000;\">*Kh\u00e1ch h\u00e0ng c\u00f3 th\u1ec3 t\u00f9y ch\u1ec9nh k\u00edch th\u01b0\u1edbc ph\u00f9 h\u1ee3p v\u1edbi nhu c\u1ea7u.<\/span><\/td>\n<\/tr>\n<tr>\n<td><span style=\"font-weight: 400; color: #000000;\">Ch\u1ea5t li\u1ec7u<\/span><\/td>\n<td><span style=\"font-weight: 400; color: #000000;\">V\u00e1n g\u1ed7 c\u00f4ng nghi\u1ec7p MDF ph\u1ee7 melamine ch\u1ea5t l\u01b0\u1ee3ng cao v\u1edbi m\u1ed9t s\u1ed1 \u01b0u \u0111i\u1ec3m c\u00f3 th\u1ec3 k\u1ec3 \u0111\u1ebfn nh\u01b0:<\/span><\/p>\n<ul>\n<li style=\"font-weight: 400;\" aria-level=\"1\"><span style=\"font-weight: 400; color: #000000;\">B\u1ec1n b\u1ec9.<\/span><\/li>\n<li style=\"font-weight: 400;\" aria-level=\"1\"><span style=\"font-weight: 400; color: #000000;\">H\u1ea1n ch\u1ebf cong v\u00eanh.<\/span><\/li>\n<li style=\"font-weight: 400;\" aria-level=\"1\"><span style=\"font-weight: 400; color: #000000;\">Ch\u1ed1ng m\u1ed1i m\u1ecdt, ch\u1ed1ng \u1ea9m, ch\u1ed1ng co ng\u00f3t.<\/span><\/li>\n<li style=\"font-weight: 400;\" aria-level=\"1\"><span style=\"font-weight: 400; color: #000000;\">D\u1ec5 d\u00e0ng v\u1ec7 sinh.<\/span><\/li>\n<\/ul>\n<p><span style=\"color: #000000;\">S\u1eed d\u1ee5ng k\u00ednh ch\u1ecbu l\u1ef1c cho m\u1eb7t b\u00e0n<\/span><\/td>\n<\/tr>\n<tr>\n<td><span style=\"font-weight: 400; color: #000000;\">M\u00e0u s\u1eafc<\/span><\/td>\n<td><span style=\"font-weight: 400; color: #000000;\">M\u00e0u \u0111en\u00a0 k\u1ebft h\u1ee3p v\u00e2n g\u1ed7 sang tr\u1ecdng, thanh l\u1ecbch.<\/span><\/p>\n<p><span style=\"font-weight: 400; color: #000000;\">* Kh\u00e1ch h\u00e0ng c\u00f3 th\u1ec3 l\u1ef1a ch\u1ecdn m\u00e0u s\u1eafc t\u00f9y th\u00edch.<\/span><\/td>\n<\/tr>\n<\/tbody>\n<\/table>\n<p>&nbsp;<\/p>\n<p><span style=\"color: #000000;\"><img loading=\"lazy\" decoding=\"async\" class=\"size-medium wp-image-13012 aligncenter\" src=\"http:\/\/qghome.vn\/wp-content\/uploads\/2024\/11\/4-2-400x400.jpg\" alt=\"\" width=\"400\" height=\"400\" srcset=\"https:\/\/luan.webrt.net\/qhome\/wp-content\/uploads\/2024\/11\/4-2-400x400.jpg 400w, https:\/\/luan.webrt.net\/qhome\/wp-content\/uploads\/2024\/11\/4-2-100x100.jpg 100w, https:\/\/luan.webrt.net\/qhome\/wp-content\/uploads\/2024\/11\/4-2-510x509.jpg 510w, https:\/\/luan.webrt.net\/qhome\/wp-content\/uploads\/2024\/11\/4-2-801x800.jpg 801w, https:\/\/luan.webrt.net\/qhome\/wp-content\/uploads\/2024\/11\/4-2-280x280.jpg 280w, https:\/\/luan.webrt.net\/qhome\/wp-content\/uploads\/2024\/11\/4-2-768x767.jpg 768w, https:\/\/luan.webrt.net\/qhome\/wp-content\/uploads\/2024\/11\/4-2.jpg 860w\" sizes=\"auto, (max-width: 400px) 100vw, 400px\" \/><\/span><\/p>\n<div class=\"mceTemp\"><\/div>\n<h2><span style=\"color: #000000;\"><b>B\u00e0n tr\u00e0 sofa ph\u00f2ng kh\u00e1ch BT09 &#8211; <\/b><b><i>bi\u1ec3u t\u01b0\u1ee3ng cho s\u1ef1 hi\u1ec7n \u0111\u1ea1i v\u00e0 kh\u00f4ng gian s\u1ed1ng \u0111\u1eb3ng c\u1ea5p<\/i><\/b><\/span><\/h2>\n<p><span style=\"font-weight: 400; color: #000000;\">K\u1ebft c\u1ea5u c\u1ee7a t\u1ed5ng th\u1ec3 b\u00e0n kh\u00f4ng qu\u00e1 c\u1ea7u k\u1ef3 nh\u01b0ng l\u1ea1i t\u1ea1o n\u00ean ch\u1ea5t ri\u00eang, phong c\u00e1ch \u0111\u1ed9c \u0111\u00e1o. M\u1eabu b\u00e0n tr\u00e0 sofa ph\u00f2ng kh\u00e1ch \u0111\u01a1n gi\u1ea3n n\u00e0y c\u00f3 d\u00e1ng th\u1ea5p, tr\u00f4ng v\u1eefng tr\u00e3i v\u00e0 ch\u1eafc ch\u1eafn.\u00a0<\/span><\/p>\n<p><span style=\"color: #000000;\">Thi\u1ebft k\u1ebf ch\u00e2n b\u00e0n g\u1ed3m 2 h\u1ed9c t\u1ee7 r\u1ed9ng r\u00e3i, m\u1eb7t b\u00e0n d\u1ea1ng r\u00fat t\u1ea1o \u0111i\u1ec3m nh\u1ea5n.<\/span><\/p>\n<p><span style=\"font-weight: 400; color: #000000;\">Ng\u0103n b\u00e0n r\u1ea5t th\u00edch h\u1ee3p \u0111\u1ec3 s\u00e1ch, b\u00e1o, hoa, \u0111\u1ed3 trang tr\u00ed gi\u00fap t\u0103ng t\u00ednh th\u1ea9m m\u1ef9 cho s\u1ea3n ph\u1ea9m.<\/span><\/p>\n<figure id=\"attachment_13016\" aria-describedby=\"caption-attachment-13016\" style=\"width: 539px\" class=\"wp-caption aligncenter\"><img loading=\"lazy\" decoding=\"async\" class=\"wp-image-13016 size-medium\" src=\"http:\/\/qghome.vn\/wp-content\/uploads\/2024\/11\/3-539x400.jpg\" alt=\"\" width=\"539\" height=\"400\" srcset=\"https:\/\/luan.webrt.net\/qhome\/wp-content\/uploads\/2024\/11\/3-539x400.jpg 539w, https:\/\/luan.webrt.net\/qhome\/wp-content\/uploads\/2024\/11\/3-510x378.jpg 510w, https:\/\/luan.webrt.net\/qhome\/wp-content\/uploads\/2024\/11\/3-768x570.jpg 768w, https:\/\/luan.webrt.net\/qhome\/wp-content\/uploads\/2024\/11\/3.jpg 860w\" sizes=\"auto, (max-width: 539px) 100vw, 539px\" \/><figcaption id=\"caption-attachment-13016\" class=\"wp-caption-text\"><span style=\"color: #000000;\">Ng\u0103n b\u00e0n ti\u1ec7n l\u1ee3i \u0111a ch\u1ee9c n\u0103ng<\/span><\/figcaption><\/figure>\n<p><span style=\"color: #000000;\"><span style=\"font-weight: 400;\">B\u00e0n \u0111\u01b0\u1ee3c ph\u1ed1i m\u00e0u h\u00e0i h\u00f2a, tr\u1ea7m l\u1eafng. <\/span><span style=\"font-weight: 400;\">M\u00e0u v\u00e2n g\u1ed7 lu\u00f4n to\u00e1t l\u00ean v\u1ebb \u0111\u1eb9p thanh l\u1ecbch, tinh t\u1ebf v\u00e0 sang tr\u1ecdng cho kh\u00f4ng ch\u1ec9 ri\u00eang chi\u1ebfc b\u00e0n m\u00e0 c\u00f2n l\u00e0 kh\u00f4ng gian ph\u00f2ng kh\u00e1ch.\u00a0<\/span><\/span><\/p>\n<p><span style=\"font-weight: 400; color: #000000;\">M\u00e0u \u0111en tuy\u1ec1n l\u1ea5p l\u00e1nh, mang \u0111\u1ebfn phong c\u00e1ch c\u1ed5 \u0111i\u1ec3n v\u00e0 ch\u1eafc ch\u1eafn cho kh\u00f4ng gian. \u0110\u1eb7c bi\u1ec7t h\u01a1n, m\u00e0u s\u1eafc n\u00e0y lu\u00f4n gi\u1eef \u0111\u01b0\u1ee3c s\u1ef1 ph\u1ed5 bi\u1ebfn v\u00e0 ch\u01b0a bao gi\u1edd l\u00e0 l\u1ed7i th\u1eddi.<\/span><\/p>\n<h4><span style=\"color: #000000;\"><b>V\u00e1n g\u1ed7 MDF ph\u1ee7 melamine ch\u1ea5t l\u01b0\u1ee3ng cao<\/b><\/span><\/h4>\n<p><span style=\"font-weight: 400; color: #000000;\">M\u1eb7c d\u00f9 kh\u00f4ng th\u1ec3 so s\u00e1nh ch\u1ea5t l\u01b0\u1ee3ng \u0111\u01b0\u1ee3c v\u1edbi g\u1ed7 t\u1ef1 nhi\u00ean, th\u1ebf nh\u01b0ng d\u00f2ng g\u1ed7 c\u00f4ng nghi\u1ec7p MDF n\u00e0y v\u1eabn mang \u0111\u1ebfn r\u1ea5t nhi\u1ec1u c\u00f4ng d\u1ee5ng c\u00f3 th\u1ec3 k\u1ec3 \u0111\u1ebfn nh\u01b0:<\/span><\/p>\n<ul>\n<li style=\"font-weight: 400;\" aria-level=\"1\"><span style=\"font-weight: 400; color: #000000;\">Ch\u1ea5t l\u01b0\u1ee3ng b\u1ec1n b\u1ec9, gi\u1eef \u0111\u01b0\u1ee3c v\u1ebb \u0111\u1eb9p theo th\u1eddi gian.<\/span><\/li>\n<li style=\"font-weight: 400;\" aria-level=\"1\"><span style=\"font-weight: 400; color: #000000;\">Kh\u00f4ng lo b\u1ecb cong v\u00eanh, co ng\u00f3t hay m\u1ed1i m\u1ecdt.<\/span><\/li>\n<li style=\"font-weight: 400;\" aria-level=\"1\"><span style=\"font-weight: 400; color: #000000;\">Kh\u1ea3 n\u0103ng ch\u1ecbu l\u1ef1c t\u1ed1t b\u1edfi k\u1ebft c\u1ea5u ch\u1eafc ch\u1eafn.<\/span><\/li>\n<li style=\"font-weight: 400;\" aria-level=\"1\"><span style=\"font-weight: 400; color: #000000;\">D\u1ec5 d\u00e0ng v\u1ec7 sinh lau ch\u00f9i b\u1edfi b\u1ec1 m\u1eb7t nh\u1eb5n nh\u1ee5i v\u00e0 s\u00e1ng b\u00f3ng. R\u1ea5t ph\u00f9 h\u1ee3p cho c\u00e1c m\u1eabu b\u00e0n tr\u00e0 ph\u00f2ng kh\u00e1ch.<\/span><\/li>\n<li style=\"font-weight: 400;\" aria-level=\"1\"><span style=\"font-weight: 400; color: #000000;\">\u0110a d\u1ea1ng c\u00e1c lo\u1ea1i m\u00e0u s\u1eafc kh\u00e1c nhau \u0111\u1ec3 b\u1ea1n c\u00f3 th\u1ec3 t\u00f9y th\u00edch l\u1ef1a ch\u1ecdn theo s\u1edf th\u00edch c\u0169ng nh\u01b0 l\u00e0 phong c\u00e1ch s\u1ed1ng c\u1ee7a gia \u0111\u00ecnh.<\/span><\/li>\n<\/ul>\n<p><span style=\"color: #000000;\"><img loading=\"lazy\" decoding=\"async\" class=\"size-medium wp-image-13015 aligncenter\" src=\"http:\/\/qghome.vn\/wp-content\/uploads\/2024\/11\/2-448x400.jpg\" alt=\"\" width=\"448\" height=\"400\" srcset=\"https:\/\/luan.webrt.net\/qhome\/wp-content\/uploads\/2024\/11\/2-448x400.jpg 448w, https:\/\/luan.webrt.net\/qhome\/wp-content\/uploads\/2024\/11\/2-510x455.jpg 510w, https:\/\/luan.webrt.net\/qhome\/wp-content\/uploads\/2024\/11\/2-768x686.jpg 768w, https:\/\/luan.webrt.net\/qhome\/wp-content\/uploads\/2024\/11\/2.jpg 860w\" sizes=\"auto, (max-width: 448px) 100vw, 448px\" \/><\/span><\/p>\n<h4><span style=\"color: #000000;\"><b>QG Home &#8211; \u0110\u01a1n v\u1ecb thi c\u00f4ng v\u00e0 thi\u1ebft k\u1ebf n\u1ed9i th\u1ea5t h\u00e0ng \u0111\u1ea7u t\u1ea1i Vi\u1ec7t Nam<\/b><\/span><\/h4>\n<ul>\n<li style=\"font-weight: 400;\" aria-level=\"1\"><span style=\"font-weight: 400; color: #000000;\">Uy t\u00edn, ch\u1ea5t l\u01b0\u1ee3ng, nhi\u1ec7t t\u00ecnh, tr\u00e1ch nhi\u1ec7m.<\/span><\/li>\n<li style=\"font-weight: 400;\" aria-level=\"1\"><span style=\"font-weight: 400; color: #000000;\">Gi\u00e1 c\u1ea3 h\u1ee3p l\u00fd.<\/span><\/li>\n<li style=\"font-weight: 400;\" aria-level=\"1\"><span style=\"font-weight: 400; color: #000000;\">D\u1ecbch v\u1ee5 t\u01b0 v\u1ea5n h\u1ed7 tr\u1ee3 l\u1eafp \u0111\u1eb7t s\u1ea3n ph\u1ea9m mi\u1ec5n ph\u00ed 24\/7.<\/span><\/li>\n<li style=\"font-weight: 400;\" aria-level=\"1\"><span style=\"color: #000000;\"><span style=\"font-weight: 400;\">Thi\u1ebft k\u1ebf<\/span><span style=\"color: #0000ff;\"><a style=\"color: #0000ff;\" href=\"https:\/\/qghome.vn\/noi-that-chung-cu\/\"><span style=\"font-weight: 400;\"> n\u1ed9i th\u1ea5t chung c\u01b0<\/span><\/a><span style=\"font-weight: 400;\">,<\/span><a style=\"color: #0000ff;\" href=\"https:\/\/qghome.vn\/san-pham\/noi-that-van-phong\/\"><span style=\"font-weight: 400;\"> n\u1ed9i th\u1ea5t v\u0103n ph\u00f2ng<\/span><\/a><span style=\"font-weight: 400;\">, <\/span><a style=\"color: #0000ff;\" href=\"https:\/\/qghome.vn\/noi-that-chung-cu\/noi-that-phong-ngu\/\"><span style=\"font-weight: 400;\">ph\u00f2ng ng\u1ee7<\/span><\/a><span style=\"font-weight: 400;\">, <\/span><a style=\"color: #0000ff;\" href=\"https:\/\/qghome.vn\/noi-that-chung-cu\/noi-that-phong-khach\/\"><span style=\"font-weight: 400;\">ph\u00f2ng kh\u00e1ch<\/span><\/a><\/span><span style=\"font-weight: 400;\">,&#8230;. v\u1edbi \u0111a d\u1ea1ng c\u00e1c m\u1eabu s\u1ea3n ph\u1ea9m kh\u00e1c nhau, b\u1eaft k\u1ecbp xu h\u01b0\u1edbng.<\/span><\/span><\/li>\n<\/ul>\n<p><span style=\"color: #000000;\">B\u00ean c\u1ea1nh m\u1eabu b\u00e0n tr\u00e0 sofa tr\u00f2n thi\u1ebft k\u1ebf \u0111\u01a1n gi\u1ea3n nh\u01b0 th\u1ebf n\u00e0y. Ch\u00fang t\u00f4i v\u1eabn c\u00f2n r\u1ea5t nhi\u1ec1u<span style=\"color: #0000ff;\"> <a style=\"color: #0000ff;\" href=\"https:\/\/qghome.vn\/noi-that-chung-cu\/noi-that-phong-khach\/ban-tra\/\">m\u1eabu b\u00e0n tr\u00e0 kh\u00e1c<\/a><\/span> \u0111ang ch\u1edd b\u1ea1n kh\u00e1m ph\u00e1 nh\u00e9!<\/span><\/p>\n<p><span style=\"color: #000000;\"><img loading=\"lazy\" decoding=\"async\" class=\"size-medium wp-image-13014 aligncenter\" src=\"http:\/\/qghome.vn\/wp-content\/uploads\/2024\/11\/1-400x400.jpg\" alt=\"\" width=\"400\" height=\"400\" srcset=\"https:\/\/luan.webrt.net\/qhome\/wp-content\/uploads\/2024\/11\/1-400x400.jpg 400w, https:\/\/luan.webrt.net\/qhome\/wp-content\/uploads\/2024\/11\/1-100x100.jpg 100w, https:\/\/luan.webrt.net\/qhome\/wp-content\/uploads\/2024\/11\/1-510x509.jpg 510w, https:\/\/luan.webrt.net\/qhome\/wp-content\/uploads\/2024\/11\/1-801x800.jpg 801w, https:\/\/luan.webrt.net\/qhome\/wp-content\/uploads\/2024\/11\/1-280x280.jpg 280w, https:\/\/luan.webrt.net\/qhome\/wp-content\/uploads\/2024\/11\/1-768x767.jpg 768w, https:\/\/luan.webrt.net\/qhome\/wp-content\/uploads\/2024\/11\/1.jpg 860w\" sizes=\"auto, (max-width: 400px) 100vw, 400px\" \/><\/span><\/p>\n<p>&nbsp;<\/p>\n","protected":false},"excerpt":{"rendered":"<p><em>Li\u00ean h\u1ec7 ngay \u0111\u1ec3 \u0111\u01b0\u1ee3c t\u01b0 v\u1ea5n h\u1ed7 tr\u1ee3 k\u1ecbp th\u1eddi!<\/em><\/p>\n","protected":false},"featured_media":13017,"comment_status":"open","ping_status":"closed","template":"","meta":[],"product_cat":[493,682,119],"product_tag":[707,698],"class_list":["post-13008","product","type-product","status-publish","has-post-thumbnail","hentry","product_cat-ban-tra","product_cat-noi-that-phong-khach","product_cat-san-pham","product_tag-ban-tra-sofa-don-gian","product_tag-ban-tra-sofa-phong-khach"],"yoast_head":"<!-- This site is optimized with the Yoast SEO plugin v19.9 - https:\/\/yoast.com\/wordpress\/plugins\/seo\/ -->\n<title>B\u00e0n tr\u00e0 sofa \u0111\u01a1n gi\u1ea3n, hi\u1ec7n \u0111\u1ea1i, g\u1ed7 mdf - BT09<\/title>\n<meta name=\"description\" content=\"B\u00e0n tr\u00e0 sofa \u0111\u01a1n gi\u1ea3n BT09 \u0111\u01b0\u1ee3c l\u00e0m t\u1eeb g\u1ed7 mdf cao c\u1ea5p, b\u1ec1n b\u1ec9. Mang \u0111\u1ebfn s\u1ef1 hi\u1ec7n \u0111\u1ea1i, sang tr\u1ecdng v\u00e0 ph\u00f9 h\u1ee3p cho m\u1ecdi kh\u00f4ng gian ph\u00f2ng kh\u00e1ch.\" \/>\n<meta name=\"robots\" content=\"index, follow, max-snippet:-1, max-image-preview:large, max-video-preview:-1\" \/>\n<link rel=\"canonical\" href=\"https:\/\/luan.webrt.net\/qhome\/san-pham\/ban-tra-sofa-don-gian-bt09\/\" \/>\n<meta property=\"og:locale\" content=\"vi_VN\" \/>\n<meta property=\"og:type\" content=\"article\" \/>\n<meta property=\"og:title\" content=\"B\u00e0n tr\u00e0 sofa \u0111\u01a1n gi\u1ea3n, hi\u1ec7n \u0111\u1ea1i, g\u1ed7 mdf - BT09\" \/>\n<meta property=\"og:description\" content=\"B\u00e0n tr\u00e0 sofa \u0111\u01a1n gi\u1ea3n BT09 \u0111\u01b0\u1ee3c l\u00e0m t\u1eeb g\u1ed7 mdf cao c\u1ea5p, b\u1ec1n b\u1ec9. Mang \u0111\u1ebfn s\u1ef1 hi\u1ec7n \u0111\u1ea1i, sang tr\u1ecdng v\u00e0 ph\u00f9 h\u1ee3p cho m\u1ecdi kh\u00f4ng gian ph\u00f2ng kh\u00e1ch.\" \/>\n<meta property=\"og:url\" content=\"https:\/\/luan.webrt.net\/qhome\/san-pham\/ban-tra-sofa-don-gian-bt09\/\" \/>\n<meta property=\"og:site_name\" content=\"M\u1eabu web n\u1ed9i th\u1ea5t\" \/>\n<meta property=\"article:publisher\" content=\"https:\/\/www.facebook.com\/noithatqghome\" \/>\n<meta property=\"article:modified_time\" content=\"2025-03-05T12:55:03+00:00\" \/>\n<meta property=\"og:image\" content=\"https:\/\/luan.webrt.net\/qhome\/wp-content\/uploads\/2024\/11\/1-1.jpg\" \/>\n\t<meta property=\"og:image:width\" content=\"860\" \/>\n\t<meta property=\"og:image:height\" content=\"859\" \/>\n\t<meta property=\"og:image:type\" content=\"image\/jpeg\" \/>\n<meta name=\"twitter:card\" content=\"summary_large_image\" \/>\n<meta name=\"twitter:label1\" content=\"\u01af\u1edbc t\u00ednh th\u1eddi gian \u0111\u1ecdc\" \/>\n\t<meta name=\"twitter:data1\" content=\"5 ph\u00fat\" \/>\n<script type=\"application\/ld+json\" class=\"yoast-schema-graph\">{\"@context\":\"https:\/\/schema.org\",\"@graph\":[{\"@type\":\"WebPage\",\"@id\":\"https:\/\/luan.webrt.net\/qhome\/san-pham\/ban-tra-sofa-don-gian-bt09\/\",\"url\":\"https:\/\/luan.webrt.net\/qhome\/san-pham\/ban-tra-sofa-don-gian-bt09\/\",\"name\":\"B\u00e0n tr\u00e0 sofa \u0111\u01a1n gi\u1ea3n, hi\u1ec7n \u0111\u1ea1i, g\u1ed7 mdf - BT09\",\"isPartOf\":{\"@id\":\"https:\/\/luan.webrt.net\/qhome\/#website\"},\"datePublished\":\"2024-11-14T20:07:26+00:00\",\"dateModified\":\"2025-03-05T12:55:03+00:00\",\"description\":\"B\u00e0n tr\u00e0 sofa \u0111\u01a1n gi\u1ea3n BT09 \u0111\u01b0\u1ee3c l\u00e0m t\u1eeb g\u1ed7 mdf cao c\u1ea5p, b\u1ec1n b\u1ec9. Mang \u0111\u1ebfn s\u1ef1 hi\u1ec7n \u0111\u1ea1i, sang tr\u1ecdng v\u00e0 ph\u00f9 h\u1ee3p cho m\u1ecdi kh\u00f4ng gian ph\u00f2ng kh\u00e1ch.\",\"breadcrumb\":{\"@id\":\"https:\/\/luan.webrt.net\/qhome\/san-pham\/ban-tra-sofa-don-gian-bt09\/#breadcrumb\"},\"inLanguage\":\"vi\",\"potentialAction\":[{\"@type\":\"ReadAction\",\"target\":[\"https:\/\/luan.webrt.net\/qhome\/san-pham\/ban-tra-sofa-don-gian-bt09\/\"]}]},{\"@type\":\"BreadcrumbList\",\"@id\":\"https:\/\/luan.webrt.net\/qhome\/san-pham\/ban-tra-sofa-don-gian-bt09\/#breadcrumb\",\"itemListElement\":[{\"@type\":\"ListItem\",\"position\":1,\"name\":\"Trang ch\u1ee7\",\"item\":\"https:\/\/luan.webrt.net\/qhome\/\"},{\"@type\":\"ListItem\",\"position\":2,\"name\":\"Shop\",\"item\":\"https:\/\/luan.webrt.net\/qhome\/shop\/\"},{\"@type\":\"ListItem\",\"position\":3,\"name\":\"B\u00e0n tr\u00e0 sofa \u0111\u01a1n gi\u1ea3n, hi\u1ec7n \u0111\u1ea1i, g\u1ed7 mdf &#8211; BT09\"}]},{\"@type\":\"WebSite\",\"@id\":\"https:\/\/luan.webrt.net\/qhome\/#website\",\"url\":\"https:\/\/luan.webrt.net\/qhome\/\",\"name\":\"M\u1eabu web n\u1ed9i th\u1ea5t\",\"description\":\"QGHome Vi\u1ec7t Nam\",\"publisher\":{\"@id\":\"https:\/\/luan.webrt.net\/qhome\/#organization\"},\"potentialAction\":[{\"@type\":\"SearchAction\",\"target\":{\"@type\":\"EntryPoint\",\"urlTemplate\":\"https:\/\/luan.webrt.net\/qhome\/?s={search_term_string}\"},\"query-input\":\"required name=search_term_string\"}],\"inLanguage\":\"vi\"},{\"@type\":\"Organization\",\"@id\":\"https:\/\/luan.webrt.net\/qhome\/#organization\",\"name\":\"QGHome\",\"url\":\"https:\/\/luan.webrt.net\/qhome\/\",\"logo\":{\"@type\":\"ImageObject\",\"inLanguage\":\"vi\",\"@id\":\"https:\/\/luan.webrt.net\/qhome\/#\/schema\/logo\/image\/\",\"url\":\"https:\/\/qghome.vn\/wp-content\/uploads\/2025\/08\/logo-mau-MauTH-21.png\",\"contentUrl\":\"https:\/\/qghome.vn\/wp-content\/uploads\/2025\/08\/logo-mau-MauTH-21.png\",\"width\":253,\"height\":99,\"caption\":\"QGHome\"},\"image\":{\"@id\":\"https:\/\/luan.webrt.net\/qhome\/#\/schema\/logo\/image\/\"},\"sameAs\":[\"https:\/\/www.tiktok.com\/@qghome.official\",\"https:\/\/www.youtube.com\/channel\/UCeVBuKTXkv-u94DS421cklw\",\"https:\/\/www.facebook.com\/noithatqghome\"]}]}<\/script>\n<!-- \/ Yoast SEO plugin. -->","yoast_head_json":{"title":"B\u00e0n tr\u00e0 sofa \u0111\u01a1n gi\u1ea3n, hi\u1ec7n \u0111\u1ea1i, g\u1ed7 mdf - BT09","description":"B\u00e0n tr\u00e0 sofa \u0111\u01a1n gi\u1ea3n BT09 \u0111\u01b0\u1ee3c l\u00e0m t\u1eeb g\u1ed7 mdf cao c\u1ea5p, b\u1ec1n b\u1ec9. Mang \u0111\u1ebfn s\u1ef1 hi\u1ec7n \u0111\u1ea1i, sang tr\u1ecdng v\u00e0 ph\u00f9 h\u1ee3p cho m\u1ecdi kh\u00f4ng gian ph\u00f2ng kh\u00e1ch.","robots":{"index":"index","follow":"follow","max-snippet":"max-snippet:-1","max-image-preview":"max-image-preview:large","max-video-preview":"max-video-preview:-1"},"canonical":"https:\/\/luan.webrt.net\/qhome\/san-pham\/ban-tra-sofa-don-gian-bt09\/","og_locale":"vi_VN","og_type":"article","og_title":"B\u00e0n tr\u00e0 sofa \u0111\u01a1n gi\u1ea3n, hi\u1ec7n \u0111\u1ea1i, g\u1ed7 mdf - BT09","og_description":"B\u00e0n tr\u00e0 sofa \u0111\u01a1n gi\u1ea3n BT09 \u0111\u01b0\u1ee3c l\u00e0m t\u1eeb g\u1ed7 mdf cao c\u1ea5p, b\u1ec1n b\u1ec9. Mang \u0111\u1ebfn s\u1ef1 hi\u1ec7n \u0111\u1ea1i, sang tr\u1ecdng v\u00e0 ph\u00f9 h\u1ee3p cho m\u1ecdi kh\u00f4ng gian ph\u00f2ng kh\u00e1ch.","og_url":"https:\/\/luan.webrt.net\/qhome\/san-pham\/ban-tra-sofa-don-gian-bt09\/","og_site_name":"M\u1eabu web n\u1ed9i th\u1ea5t","article_publisher":"https:\/\/www.facebook.com\/noithatqghome","article_modified_time":"2025-03-05T12:55:03+00:00","og_image":[{"width":860,"height":859,"url":"https:\/\/luan.webrt.net\/qhome\/wp-content\/uploads\/2024\/11\/1-1.jpg","type":"image\/jpeg"}],"twitter_card":"summary_large_image","twitter_misc":{"\u01af\u1edbc t\u00ednh th\u1eddi gian \u0111\u1ecdc":"5 ph\u00fat"},"schema":{"@context":"https:\/\/schema.org","@graph":[{"@type":"WebPage","@id":"https:\/\/luan.webrt.net\/qhome\/san-pham\/ban-tra-sofa-don-gian-bt09\/","url":"https:\/\/luan.webrt.net\/qhome\/san-pham\/ban-tra-sofa-don-gian-bt09\/","name":"B\u00e0n tr\u00e0 sofa \u0111\u01a1n gi\u1ea3n, hi\u1ec7n \u0111\u1ea1i, g\u1ed7 mdf - BT09","isPartOf":{"@id":"https:\/\/luan.webrt.net\/qhome\/#website"},"datePublished":"2024-11-14T20:07:26+00:00","dateModified":"2025-03-05T12:55:03+00:00","description":"B\u00e0n tr\u00e0 sofa \u0111\u01a1n gi\u1ea3n BT09 \u0111\u01b0\u1ee3c l\u00e0m t\u1eeb g\u1ed7 mdf cao c\u1ea5p, b\u1ec1n b\u1ec9. Mang \u0111\u1ebfn s\u1ef1 hi\u1ec7n \u0111\u1ea1i, sang tr\u1ecdng v\u00e0 ph\u00f9 h\u1ee3p cho m\u1ecdi kh\u00f4ng gian ph\u00f2ng kh\u00e1ch.","breadcrumb":{"@id":"https:\/\/luan.webrt.net\/qhome\/san-pham\/ban-tra-sofa-don-gian-bt09\/#breadcrumb"},"inLanguage":"vi","potentialAction":[{"@type":"ReadAction","target":["https:\/\/luan.webrt.net\/qhome\/san-pham\/ban-tra-sofa-don-gian-bt09\/"]}]},{"@type":"BreadcrumbList","@id":"https:\/\/luan.webrt.net\/qhome\/san-pham\/ban-tra-sofa-don-gian-bt09\/#breadcrumb","itemListElement":[{"@type":"ListItem","position":1,"name":"Trang ch\u1ee7","item":"https:\/\/luan.webrt.net\/qhome\/"},{"@type":"ListItem","position":2,"name":"Shop","item":"https:\/\/luan.webrt.net\/qhome\/shop\/"},{"@type":"ListItem","position":3,"name":"B\u00e0n tr\u00e0 sofa \u0111\u01a1n gi\u1ea3n, hi\u1ec7n \u0111\u1ea1i, g\u1ed7 mdf &#8211; BT09"}]},{"@type":"WebSite","@id":"https:\/\/luan.webrt.net\/qhome\/#website","url":"https:\/\/luan.webrt.net\/qhome\/","name":"M\u1eabu web n\u1ed9i th\u1ea5t","description":"QGHome Vi\u1ec7t Nam","publisher":{"@id":"https:\/\/luan.webrt.net\/qhome\/#organization"},"potentialAction":[{"@type":"SearchAction","target":{"@type":"EntryPoint","urlTemplate":"https:\/\/luan.webrt.net\/qhome\/?s={search_term_string}"},"query-input":"required name=search_term_string"}],"inLanguage":"vi"},{"@type":"Organization","@id":"https:\/\/luan.webrt.net\/qhome\/#organization","name":"QGHome","url":"https:\/\/luan.webrt.net\/qhome\/","logo":{"@type":"ImageObject","inLanguage":"vi","@id":"https:\/\/luan.webrt.net\/qhome\/#\/schema\/logo\/image\/","url":"https:\/\/qghome.vn\/wp-content\/uploads\/2025\/08\/logo-mau-MauTH-21.png","contentUrl":"https:\/\/qghome.vn\/wp-content\/uploads\/2025\/08\/logo-mau-MauTH-21.png","width":253,"height":99,"caption":"QGHome"},"image":{"@id":"https:\/\/luan.webrt.net\/qhome\/#\/schema\/logo\/image\/"},"sameAs":["https:\/\/www.tiktok.com\/@qghome.official","https:\/\/www.youtube.com\/channel\/UCeVBuKTXkv-u94DS421cklw","https:\/\/www.facebook.com\/noithatqghome"]}]}},"_links":{"self":[{"href":"https:\/\/luan.webrt.net\/qhome\/wp-json\/wp\/v2\/product\/13008","targetHints":{"allow":["GET"]}}],"collection":[{"href":"https:\/\/luan.webrt.net\/qhome\/wp-json\/wp\/v2\/product"}],"about":[{"href":"https:\/\/luan.webrt.net\/qhome\/wp-json\/wp\/v2\/types\/product"}],"replies":[{"embeddable":true,"href":"https:\/\/luan.webrt.net\/qhome\/wp-json\/wp\/v2\/comments?post=13008"}],"wp:featuredmedia":[{"embeddable":true,"href":"https:\/\/luan.webrt.net\/qhome\/wp-json\/wp\/v2\/media\/13017"}],"wp:attachment":[{"href":"https:\/\/luan.webrt.net\/qhome\/wp-json\/wp\/v2\/media?parent=13008"}],"wp:term":[{"taxonomy":"product_cat","embeddable":true,"href":"https:\/\/luan.webrt.net\/qhome\/wp-json\/wp\/v2\/product_cat?post=13008"},{"taxonomy":"product_tag","embeddable":true,"href":"https:\/\/luan.webrt.net\/qhome\/wp-json\/wp\/v2\/product_tag?post=13008"}],"curies":[{"name":"wp","href":"https:\/\/api.w.org\/{rel}","templated":true}]}}