{"id":13003,"date":"2024-11-14T19:28:58","date_gmt":"2024-11-14T19:28:58","guid":{"rendered":"https:\/\/qghome.vn\/?post_type=product&#038;p=13003"},"modified":"2025-03-05T12:59:07","modified_gmt":"2025-03-05T12:59:07","slug":"ban-tra-phong-khach-bt10","status":"publish","type":"product","link":"https:\/\/luan.webrt.net\/qhome\/san-pham\/ban-tra-phong-khach-bt10\/","title":{"rendered":"B\u00e0n tr\u00e0 ph\u00f2ng kh\u00e1ch &#8211; BT10"},"content":{"rendered":"<p><span style=\"font-weight: 400; color: #000000;\">B\u1ea1n \u0111ang mong mu\u1ed1n t\u00ecm m\u1ed9t m\u1eabu thi\u1ebft k\u1ebf b\u00e0n tr\u00e0 sofa th\u1eadt phong c\u00e1ch, sang tr\u1ecdng v\u00e0 thanh l\u1ecbch cho kh\u00f4ng gian ph\u00f2ng kh\u00e1ch nh\u00e0 m\u00ecnh? V\u1eady th\u00ec \u0111\u1eebng b\u1ecf l\u1ee1 b\u00e0i vi\u1ebft d\u01b0\u1edbi \u0111\u00e2y nh\u00e9 b\u1edfi ngay sau \u0111\u00e2y ch\u00fang t\u00f4i s\u1ebd gi\u1edbi thi\u1ec7u cho b\u1ea1n m\u1ed9t m\u1eabu s\u1ea3n ph\u1ea9m b\u00e0n tr\u00e0 \u0111\u1ed9c \u0111\u00e1o m\u00e0 gi\u00e1 th\u00e0nh l\u1ea1i v\u00f4 c\u00f9ng \u201ch\u1ea1t d\u1ebb\u201d.<\/span><\/p>\n<h1><span style=\"font-weight: 400; color: #0000ff;\">B\u00e0n tr\u00e0 ph\u00f2ng kh\u00e1ch &#8211; BT10<\/span><\/h1>\n<p><span style=\"font-weight: 400; color: #000000;\">B\u00e0n tr\u00e0 sofa ph\u00f2ng kh\u00e1ch &#8211; BT10 \u0111\u01b0\u1ee3c bi\u1ebft \u0111\u1ebfn l\u00e0 m\u1ed9t s\u1ea3n ph\u1ea9m n\u1ed9i th\u1ea5t tinh t\u1ebf, hi\u1ec7n \u0111\u1ea1i. Ph\u00f9 h\u1ee3p cho m\u1ecdi phong c\u00e1ch thi\u1ebft k\u1ebf ph\u00f2ng kh\u00e1ch. Tr\u1ea3i qua giai \u0111o\u1ea1n thi\u1ebft k\u1ebf \u0111\u1ebfn qu\u00e1 tr\u00ecnh gia c\u00f4ng \u0111\u1ea7y t\u1ec9 m\u1ec9 v\u00e0 t\u00e2m huy\u1ebft, m\u1eabu b\u00e0n u\u1ed1ng n\u01b0\u1edbc n\u00e0y r\u1ea5t x\u1ee9ng \u0111\u00e1ng \u0111\u01b0\u1ee3c g\u00f3p ph\u1ea7n l\u00e0m cho kh\u00f4ng gian ph\u00f2ng kh\u00e1ch nh\u00e0 b\u1ea1n tr\u1edf n\u00ean sang tr\u1ecdng h\u01a1n, \u0111\u1eb3ng c\u1ea5p h\u01a1n.<\/span><\/p>\n<h3><span style=\"font-weight: 400; color: #000000;\">T\u1ed5ng quan s\u1ea3n ph\u1ea9m:<\/span><\/h3>\n<table style=\"width: 59.1071%;\">\n<tbody>\n<tr>\n<td style=\"width: 10.745%;\"><span style=\"font-weight: 400; color: #000000;\">K\u00edch th\u01b0\u1edbc<\/span><\/td>\n<td style=\"width: 88.1089%;\">\n<ul>\n<li style=\"font-weight: 400;\" aria-level=\"1\"><span style=\"font-weight: 400; color: #000000;\">D\u00e0i 1200mm x R\u1ed9ng 600mm x Cao 445mm<\/span><\/li>\n<li style=\"font-weight: 400;\" aria-level=\"1\"><span style=\"font-weight: 400; color: #000000;\">D\u00e0i 1300mm x R\u1ed9ng 700mm x Cao 445mm<\/span><\/li>\n<\/ul>\n<p><span style=\"font-weight: 400; color: #000000;\">*Kh\u00e1ch h\u00e0ng c\u00f3 th\u1ec3 t\u00f9y ch\u1ec9nh k\u00edch th\u01b0\u1edbc ph\u00f9 h\u1ee3p v\u1edbi nhu c\u1ea7u.<\/span><\/td>\n<\/tr>\n<tr>\n<td style=\"width: 10.745%;\"><span style=\"font-weight: 400; color: #000000;\">Ch\u1ea5t li\u1ec7u<\/span><\/td>\n<td style=\"width: 88.1089%;\"><span style=\"font-weight: 400; color: #000000;\">V\u00e1n g\u1ed7 c\u00f4ng nghi\u1ec7p MDF ph\u1ee7 melamine ch\u1ea5t l\u01b0\u1ee3ng cao v\u1edbi m\u1ed9t s\u1ed1 \u01b0u \u0111i\u1ec3m c\u00f3 th\u1ec3 k\u1ec3 \u0111\u1ebfn nh\u01b0:<\/span><\/p>\n<ul>\n<li style=\"font-weight: 400;\" aria-level=\"1\"><span style=\"font-weight: 400; color: #000000;\">B\u1ec1n b\u1ec9 theo th\u1eddi gian.<\/span><\/li>\n<li style=\"font-weight: 400;\" aria-level=\"1\"><span style=\"font-weight: 400; color: #000000;\">H\u1ea1n ch\u1ebf cong v\u00eanh.<\/span><\/li>\n<li style=\"font-weight: 400;\" aria-level=\"1\"><span style=\"font-weight: 400; color: #000000;\">Ch\u1ed1ng m\u1ed1i m\u1ecdt, ch\u1ed1ng \u1ea9m, ch\u1ed1ng co ng\u00f3t.<\/span><\/li>\n<li style=\"font-weight: 400;\" aria-level=\"1\"><span style=\"font-weight: 400; color: #000000;\">D\u1ec5 d\u00e0ng v\u1ec7 sinh.<\/span><\/li>\n<\/ul>\n<\/td>\n<\/tr>\n<tr>\n<td style=\"width: 10.745%;\"><span style=\"font-weight: 400; color: #000000;\">Quy c\u00e1ch<\/span><\/td>\n<td style=\"width: 88.1089%;\"><span style=\"font-weight: 400; color: #000000;\">01 ng\u0103n k\u00e9o, 02 h\u1ed9c t\u1ee7 tr\u1ed1ng.<\/span><\/td>\n<\/tr>\n<tr>\n<td style=\"width: 10.745%;\"><span style=\"font-weight: 400; color: #000000;\">M\u00e0u s\u1eafc<\/span><\/td>\n<td style=\"width: 88.1089%;\"><span style=\"font-weight: 400; color: #000000;\">M\u00e0u tr\u1eafng \u0111\u1ee5c k\u1ebft h\u1ee3p v\u00e2n g\u1ed7 sang tr\u1ecdng, thanh l\u1ecbch.<\/span><\/p>\n<p><span style=\"font-weight: 400; color: #000000;\">* Kh\u00e1ch h\u00e0ng c\u00f3 th\u1ec3 l\u1ef1a ch\u1ecdn m\u00e0u s\u1eafc t\u00f9y th\u00edch.<\/span><\/td>\n<\/tr>\n<\/tbody>\n<\/table>\n<div><span style=\"font-weight: 400; color: #000000;\">*B\u1ea1n c\u00f3 th\u1ec3 \u0111\u1eb7t th\u00eam m\u1eb7t k\u00ednh \u0111\u1ec3 b\u1ea3o v\u1ec7 m\u1eb7t b\u00e0n v\u00e0 cho m\u1eabu b\u00e0n tr\u1edf n\u00ean sang tr\u1ecdng h\u01a1n.<\/span><\/div>\n<div><\/div>\n<figure id=\"attachment_13004\" aria-describedby=\"caption-attachment-13004\" style=\"width: 400px\" class=\"wp-caption aligncenter\"><img loading=\"lazy\" decoding=\"async\" class=\"wp-image-13004 size-medium\" src=\"http:\/\/qghome.vn\/wp-content\/uploads\/2024\/11\/10.1-400x400.jpg\" alt=\"\" width=\"400\" height=\"400\" srcset=\"https:\/\/luan.webrt.net\/qhome\/wp-content\/uploads\/2024\/11\/10.1-400x400.jpg 400w, https:\/\/luan.webrt.net\/qhome\/wp-content\/uploads\/2024\/11\/10.1-100x100.jpg 100w, https:\/\/luan.webrt.net\/qhome\/wp-content\/uploads\/2024\/11\/10.1-510x510.jpg 510w, https:\/\/luan.webrt.net\/qhome\/wp-content\/uploads\/2024\/11\/10.1-280x280.jpg 280w, https:\/\/luan.webrt.net\/qhome\/wp-content\/uploads\/2024\/11\/10.1.jpg 600w\" sizes=\"auto, (max-width: 400px) 100vw, 400px\" \/><figcaption id=\"caption-attachment-13004\" class=\"wp-caption-text\"><span style=\"color: #000000;\">B\u00e0n tr\u00e0 BT10 &#8211; s\u1ef1 l\u1ef1a ch\u1ecdn ho\u00e0n h\u1ea3o cho ph\u00f2ng kh\u00e1ch lu\u00f4n sang<\/span><\/figcaption><\/figure>\n<h4 style=\"text-align: center;\">***<\/h4>\n<p><span style=\"font-weight: 400; color: #000000;\">B\u00e0n tr\u00e0 ph\u00f2ng kh\u00e1ch hi\u1ec7n \u0111\u1ea1i-BT10 c\u00f3 k\u1ebft c\u1ea5u d\u1ea1ng h\u1ed9p ch\u1eef nh\u1eadt ch\u1eafc ch\u1eafn, v\u1eefng tr\u00e3i. B\u00e0n kh\u00f4ng s\u1eed d\u1ee5ng ch\u00e2n \u0111\u1ee9ng nh\u01b0 m\u1ed9t s\u1ed1 m\u1eabu b\u00e0n tr\u00e0 kh\u00e1c m\u00e0 thay v\u00e0o \u0111\u00f3 l\u00e0 m\u1ed9t v\u00e1n g\u1ed7 d\u00e0y d\u1eb7n v\u00e0 c\u1ee9ng c\u00e1p. B\u1ea1n s\u1ebd kh\u00f4ng bao gi\u1edd lo b\u00e0n b\u1ecb l\u1eadt hay b\u1eadp b\u00eanh b\u1edfi \u0111\u1ed9 c\u00e2n b\u1eb1ng c\u1ee7a b\u00e0n l\u00e0 tuy\u1ec7t \u0111\u1ed1i. C\u00e1c th\u00f4ng s\u1ed1 \u0111\u00e3 \u0111\u01b0\u1ee3c t\u00ednh to\u00e1n v\u00e0 \u0111o \u0111\u1ea1c r\u1ea5t k\u1ef9 l\u01b0\u1ee1ng \u0111\u1ec3 mang \u0111\u1ebfn s\u1ea3n ph\u1ea9m v\u1edbi ch\u1ea5t l\u01b0\u1ee3ng t\u1ed1t nh\u1ea5t cho kh\u00e1ch h\u00e0ng.<\/span><\/p>\n<p><span style=\"font-weight: 400; color: #000000;\">Ng\u0103n k\u00e9o k\u00edn \u0111\u00e1o v\u00e0 h\u1ed9c t\u1ee7 r\u1ed9ng r\u00e3i gi\u00fap t\u0103ng kh\u00f4ng gian l\u01b0u tr\u1eef \u0111\u1ed3 l\u1eb7t v\u1eb7t nh\u1ecf. B\u1ea1n c\u00f3 th\u1ec3 \u0111\u1ec3 t\u00fai tr\u00e0, b\u1ed9 \u1ea5m ch\u00e9n, \u0111i\u1ec1u khi\u1ec3n tivi,&#8230;Cho kh\u00f4ng gian sinh ho\u1ea1t th\u00eam g\u1ecdn g\u00e0ng m\u00e0 l\u1ea1i r\u1ea5t d\u1ec5 d\u00e0ng t\u00ecm ki\u1ebfm khi mu\u1ed1n s\u1eed d\u1ee5ng.<\/span><\/p>\n<p><span style=\"font-weight: 400; color: #000000;\">M\u00e0u tr\u1eafng \u0111\u1ee5c tinh t\u1ebf lu\u00f4n to\u00e1t l\u00ean v\u1ebb \u0111\u1eb9p thanh l\u1ecbch, tinh t\u1ebf v\u00e0 sang tr\u1ecdng cho kh\u00f4ng ch\u1ec9 ri\u00eang chi\u1ebfc b\u00e0n m\u00e0 c\u00f2n l\u00e0 kh\u00f4ng gian ph\u00f2ng kh\u00e1ch.\u00a0<\/span><\/p>\n<p><span style=\"color: #000000;\"><img loading=\"lazy\" decoding=\"async\" class=\"size-medium wp-image-13005 aligncenter\" src=\"http:\/\/qghome.vn\/wp-content\/uploads\/2024\/11\/10.2.jpg\" alt=\"\" width=\"767\" height=\"373\" srcset=\"https:\/\/luan.webrt.net\/qhome\/wp-content\/uploads\/2024\/11\/10.2.jpg 767w, https:\/\/luan.webrt.net\/qhome\/wp-content\/uploads\/2024\/11\/10.2-510x248.jpg 510w\" sizes=\"auto, (max-width: 767px) 100vw, 767px\" \/><\/span><\/p>\n<h4><span style=\"color: #000000;\"><b>V\u00e1n g\u1ed7 MDF ph\u1ee7 melamine ch\u1ea5t l\u01b0\u1ee3ng cao<\/b><\/span><\/h4>\n<p><span style=\"font-weight: 400; color: #000000;\">M\u1eb7c d\u00f9 kh\u00f4ng th\u1ec3 so s\u00e1nh ch\u1ea5t l\u01b0\u1ee3ng \u0111\u01b0\u1ee3c v\u1edbi g\u1ed7 t\u1ef1 nhi\u00ean, th\u1ebf nh\u01b0ng d\u00f2ng g\u1ed7 c\u00f4ng nghi\u1ec7p MDF n\u00e0y v\u1eabn mang \u0111\u1ebfn r\u1ea5t nhi\u1ec1u c\u00f4ng d\u1ee5ng c\u00f3 th\u1ec3 k\u1ec3 \u0111\u1ebfn nh\u01b0:<\/span><\/p>\n<ul>\n<li style=\"font-weight: 400;\" aria-level=\"1\"><span style=\"font-weight: 400; color: #000000;\">Ch\u1ea5t l\u01b0\u1ee3ng b\u1ec1n b\u1ec9, gi\u1eef \u0111\u01b0\u1ee3c v\u1ebb \u0111\u1eb9p theo th\u1eddi gian.<\/span><\/li>\n<li style=\"font-weight: 400;\" aria-level=\"1\"><span style=\"font-weight: 400; color: #000000;\">Kh\u00f4ng lo b\u1ecb cong v\u00eanh, co ng\u00f3t hay m\u1ed1i m\u1ecdt.<\/span><\/li>\n<li style=\"font-weight: 400;\" aria-level=\"1\"><span style=\"font-weight: 400; color: #000000;\">Kh\u1ea3 n\u0103ng ch\u1ecbu l\u1ef1c t\u1ed1t b\u1edfi k\u1ebft c\u1ea5u ch\u1eafc ch\u1eafn.<\/span><\/li>\n<li style=\"font-weight: 400;\" aria-level=\"1\"><span style=\"font-weight: 400; color: #000000;\">D\u1ec5 d\u00e0ng v\u1ec7 sinh lau ch\u00f9i b\u1edfi b\u1ec1 m\u1eb7t nh\u1eb5n nh\u1ee5i v\u00e0 s\u00e1ng b\u00f3ng. R\u1ea5t ph\u00f9 h\u1ee3p cho c\u00e1c m\u1eabu b\u00e0n tr\u00e0 ph\u00f2ng kh\u00e1ch.<\/span><\/li>\n<li style=\"font-weight: 400;\" aria-level=\"1\"><span style=\"font-weight: 400; color: #000000;\">\u0110a d\u1ea1ng c\u00e1c lo\u1ea1i m\u00e0u s\u1eafc kh\u00e1c nhau. B\u1ea1n c\u00f3 th\u1ec3 t\u00f9y th\u00edch l\u1ef1a ch\u1ecdn theo s\u1edf th\u00edch c\u0169ng nh\u01b0 l\u00e0 phong c\u00e1ch s\u1ed1ng c\u1ee7a gia \u0111\u00ecnh.<\/span><\/li>\n<\/ul>\n<p><span style=\"font-weight: 400; color: #000000;\">B\u00e0n tr\u00e0 v\u1ed1n l\u00e0 s\u1ea3n ph\u1ea9m n\u1ed9i th\u1ea5t kh\u00f4ng th\u1ec3 thi\u1ebfu trong kh\u00f4ng gian ph\u00f2ng kh\u00e1ch c\u1ee7a m\u1ed7i h\u1ed9 gia \u0111\u00ecnh. M\u1eb7t kh\u00e1c, ph\u1ee5 thu\u1ed9c v\u00e0o m\u1ed7i phong c\u00e1ch thi\u1ebft k\u1ebf n\u1ed9i th\u1ea5t kh\u00e1c nhau m\u00e0 m\u1eabu b\u00e0n tr\u00e0 c\u0169ng ph\u1ea3i th\u1eadt \u0111a d\u1ea1ng \u0111\u1ec3 \u0111\u00e1p \u1ee9ng t\u1ed1i \u0111a nh\u1eefng nhu c\u1ea7u c\u1ee7a kh\u00e1ch h\u00e0ng.\u00a0<\/span><\/p>\n<p><span style=\"color: #000000;\"><span style=\"font-weight: 400;\">B\u1edfi l\u1ebd \u0111\u00f3, t\u1ea1i gian h\u00e0ng n\u1ed9i th\u1ea5t QG Home ch\u00fang t\u00f4i, b\u1ea1n kh\u00f4ng ch\u1ec9 t\u00ecm th\u1ea5y m\u1ed9t m\u1eabu b\u00e0n tr\u00e0 duy nh\u1ea5t n\u00e0y m\u00e0 c\u00f2n c\u00f3 r\u1ea5t nhi\u1ec1u<\/span><b> thi\u1ebft k\u1ebf b\u00e0n tr\u00e0 sofa ph\u00f2ng kh\u00e1ch \u0111\u1eb9p <\/b><span style=\"font-weight: 400;\">kh\u00e1c. Ch\u00fang r\u1ea5t x\u1ee9ng \u0111\u00e1ng \u0111\u1ec3 b\u1ea1n kh\u00e1m ph\u00e1 qua \u00edt nh\u1ea5t m\u1ed9t l\u1ea7n.<\/span><\/span><\/p>\n<h4><span style=\"color: #000000;\"><b>QG Home &#8211; \u0110\u01a1n v\u1ecb thi c\u00f4ng v\u00e0 thi\u1ebft k\u1ebf n\u1ed9i th\u1ea5t h\u00e0ng \u0111\u1ea7u t\u1ea1i Vi\u1ec7t Nam<\/b><\/span><\/h4>\n<ul>\n<li style=\"font-weight: 400;\" aria-level=\"1\"><span style=\"font-weight: 400; color: #000000;\">Uy t\u00edn, ch\u1ea5t l\u01b0\u1ee3ng, nhi\u1ec7t t\u00ecnh, tr\u00e1ch nhi\u1ec7m.<\/span><\/li>\n<li style=\"font-weight: 400;\" aria-level=\"1\"><span style=\"font-weight: 400; color: #000000;\">Gi\u00e1 c\u1ea3 h\u1ee3p l\u00fd.<\/span><\/li>\n<li style=\"font-weight: 400;\" aria-level=\"1\"><span style=\"font-weight: 400; color: #000000;\">D\u1ecbch v\u1ee5 t\u01b0 v\u1ea5n h\u1ed7 tr\u1ee3 l\u1eafp \u0111\u1eb7t s\u1ea3n ph\u1ea9m mi\u1ec5n ph\u00ed 24\/7.<\/span><\/li>\n<li style=\"font-weight: 400;\" aria-level=\"1\"><span style=\"color: #000000;\"><span style=\"font-weight: 400;\">Thi\u1ebft k\u1ebf<\/span><span style=\"color: #0000ff;\"><a style=\"color: #0000ff;\" href=\"https:\/\/qghome.vn\/noi-that-chung-cu\/\"><span style=\"font-weight: 400;\"> n\u1ed9i th\u1ea5t chung c\u01b0<\/span><\/a><span style=\"font-weight: 400;\">,<\/span><a style=\"color: #0000ff;\" href=\"https:\/\/qghome.vn\/san-pham\/noi-that-van-phong\/\"><span style=\"font-weight: 400;\"> n\u1ed9i th\u1ea5t v\u0103n ph\u00f2ng<\/span><\/a><span style=\"font-weight: 400;\">, <\/span><a style=\"color: #0000ff;\" href=\"https:\/\/qghome.vn\/noi-that-chung-cu\/noi-that-phong-ngu\/\"><span style=\"font-weight: 400;\">ph\u00f2ng ng\u1ee7<\/span><\/a><span style=\"font-weight: 400;\">, <\/span><a style=\"color: #0000ff;\" href=\"https:\/\/qghome.vn\/noi-that-chung-cu\/noi-that-phong-khach\/\"><span style=\"font-weight: 400;\">ph\u00f2ng kh\u00e1ch<\/span><\/a><\/span><span style=\"font-weight: 400;\"><span style=\"color: #0000ff;\">,<\/span>&#8230;. v\u1edbi \u0111a d\u1ea1ng c\u00e1c m\u1eabu s\u1ea3n ph\u1ea9m kh\u00e1c nhau, b\u1eaft k\u1ecbp xu h\u01b0\u1edbng.<\/span><\/span><\/li>\n<\/ul>\n<p>&nbsp;<\/p>\n","protected":false},"excerpt":{"rendered":"<p>B\u1ea1n \u0111ang mong mu\u1ed1n t\u00ecm m\u1ed9t m\u1eabu thi\u1ebft k\u1ebf b\u00e0n tr\u00e0 sofa th\u1eadt phong c\u00e1ch, sang tr\u1ecdng v\u00e0 thanh l\u1ecbch cho kh\u00f4ng gian ph\u00f2ng kh\u00e1ch nh\u00e0 m\u00ecnh? V\u1eady th\u00ec \u0111\u1eebng b\u1ecf l\u1ee1 b\u00e0i vi\u1ebft d\u01b0\u1edbi \u0111\u00e2y nh\u00e9 b\u1edfi ngay sau \u0111\u00e2y ch\u00fang t\u00f4i s\u1ebd gi\u1edbi thi\u1ec7u cho b\u1ea1n m\u1ed9t m\u1eabu s\u1ea3n ph\u1ea9m b\u00e0n tr\u00e0 \u0111\u1ed9c&#8230;<\/p>\n","protected":false},"featured_media":13004,"comment_status":"open","ping_status":"closed","template":"","meta":[],"product_cat":[493,682,119],"product_tag":[700,706,704,698,705],"class_list":["post-13003","product","type-product","status-publish","has-post-thumbnail","hentry","product_cat-ban-tra","product_cat-noi-that-phong-khach","product_cat-san-pham","product_tag-ban-tra-go-cong-nghiep","product_tag-ban-tra-phong-khach","product_tag-ban-tra-sofa","product_tag-ban-tra-sofa-phong-khach","product_tag-thiet-ke-ban-tra-sofa-phong-khach-dep"],"yoast_head":"<!-- This site is optimized with the Yoast SEO plugin v19.9 - https:\/\/yoast.com\/wordpress\/plugins\/seo\/ -->\n<title>B\u00e0n tr\u00e0 ph\u00f2ng kh\u00e1ch - BT10<\/title>\n<meta name=\"description\" content=\"B\u00e0n tr\u00e0 ph\u00f2ng kh\u00e1ch BT10 \u0111\u01b0\u1ee3c l\u00e0m t\u1eeb g\u1ed7 c\u00f4ng nghi\u1ec7p mdf cao c\u1ea5p, b\u1ec1n b\u1ec9. Mang v\u1ebb \u0111\u1eb9p sang tr\u1ecdng v\u00e0 thanh l\u1ecbch; ph\u00f9 h\u1ee3p cho m\u1ecdi kh\u00f4ng gian ph\u00f2ng kh\u00e1ch.\" \/>\n<meta name=\"robots\" content=\"index, follow, max-snippet:-1, max-image-preview:large, max-video-preview:-1\" \/>\n<link rel=\"canonical\" href=\"https:\/\/luan.webrt.net\/qhome\/san-pham\/ban-tra-phong-khach-bt10\/\" \/>\n<meta property=\"og:locale\" content=\"vi_VN\" \/>\n<meta property=\"og:type\" content=\"article\" \/>\n<meta property=\"og:title\" content=\"B\u00e0n tr\u00e0 ph\u00f2ng kh\u00e1ch - BT10\" \/>\n<meta property=\"og:description\" content=\"B\u00e0n tr\u00e0 ph\u00f2ng kh\u00e1ch BT10 \u0111\u01b0\u1ee3c l\u00e0m t\u1eeb g\u1ed7 c\u00f4ng nghi\u1ec7p mdf cao c\u1ea5p, b\u1ec1n b\u1ec9. Mang v\u1ebb \u0111\u1eb9p sang tr\u1ecdng v\u00e0 thanh l\u1ecbch; ph\u00f9 h\u1ee3p cho m\u1ecdi kh\u00f4ng gian ph\u00f2ng kh\u00e1ch.\" \/>\n<meta property=\"og:url\" content=\"https:\/\/luan.webrt.net\/qhome\/san-pham\/ban-tra-phong-khach-bt10\/\" \/>\n<meta property=\"og:site_name\" content=\"M\u1eabu web n\u1ed9i th\u1ea5t\" \/>\n<meta property=\"article:publisher\" content=\"https:\/\/www.facebook.com\/noithatqghome\" \/>\n<meta property=\"article:modified_time\" content=\"2025-03-05T12:59:07+00:00\" \/>\n<meta property=\"og:image\" content=\"https:\/\/luan.webrt.net\/qhome\/wp-content\/uploads\/2024\/11\/10.1.jpg\" \/>\n\t<meta property=\"og:image:width\" content=\"600\" \/>\n\t<meta property=\"og:image:height\" content=\"600\" \/>\n\t<meta property=\"og:image:type\" content=\"image\/jpeg\" \/>\n<meta name=\"twitter:card\" content=\"summary_large_image\" \/>\n<meta name=\"twitter:label1\" content=\"\u01af\u1edbc t\u00ednh th\u1eddi gian \u0111\u1ecdc\" \/>\n\t<meta name=\"twitter:data1\" content=\"5 ph\u00fat\" \/>\n<script type=\"application\/ld+json\" class=\"yoast-schema-graph\">{\"@context\":\"https:\/\/schema.org\",\"@graph\":[{\"@type\":\"WebPage\",\"@id\":\"https:\/\/luan.webrt.net\/qhome\/san-pham\/ban-tra-phong-khach-bt10\/\",\"url\":\"https:\/\/luan.webrt.net\/qhome\/san-pham\/ban-tra-phong-khach-bt10\/\",\"name\":\"B\u00e0n tr\u00e0 ph\u00f2ng kh\u00e1ch - BT10\",\"isPartOf\":{\"@id\":\"https:\/\/luan.webrt.net\/qhome\/#website\"},\"datePublished\":\"2024-11-14T19:28:58+00:00\",\"dateModified\":\"2025-03-05T12:59:07+00:00\",\"description\":\"B\u00e0n tr\u00e0 ph\u00f2ng kh\u00e1ch BT10 \u0111\u01b0\u1ee3c l\u00e0m t\u1eeb g\u1ed7 c\u00f4ng nghi\u1ec7p mdf cao c\u1ea5p, b\u1ec1n b\u1ec9. Mang v\u1ebb \u0111\u1eb9p sang tr\u1ecdng v\u00e0 thanh l\u1ecbch; ph\u00f9 h\u1ee3p cho m\u1ecdi kh\u00f4ng gian ph\u00f2ng kh\u00e1ch.\",\"breadcrumb\":{\"@id\":\"https:\/\/luan.webrt.net\/qhome\/san-pham\/ban-tra-phong-khach-bt10\/#breadcrumb\"},\"inLanguage\":\"vi\",\"potentialAction\":[{\"@type\":\"ReadAction\",\"target\":[\"https:\/\/luan.webrt.net\/qhome\/san-pham\/ban-tra-phong-khach-bt10\/\"]}]},{\"@type\":\"BreadcrumbList\",\"@id\":\"https:\/\/luan.webrt.net\/qhome\/san-pham\/ban-tra-phong-khach-bt10\/#breadcrumb\",\"itemListElement\":[{\"@type\":\"ListItem\",\"position\":1,\"name\":\"Trang ch\u1ee7\",\"item\":\"https:\/\/luan.webrt.net\/qhome\/\"},{\"@type\":\"ListItem\",\"position\":2,\"name\":\"Shop\",\"item\":\"https:\/\/luan.webrt.net\/qhome\/shop\/\"},{\"@type\":\"ListItem\",\"position\":3,\"name\":\"B\u00e0n tr\u00e0 ph\u00f2ng kh\u00e1ch &#8211; BT10\"}]},{\"@type\":\"WebSite\",\"@id\":\"https:\/\/luan.webrt.net\/qhome\/#website\",\"url\":\"https:\/\/luan.webrt.net\/qhome\/\",\"name\":\"M\u1eabu web n\u1ed9i th\u1ea5t\",\"description\":\"QGHome Vi\u1ec7t Nam\",\"publisher\":{\"@id\":\"https:\/\/luan.webrt.net\/qhome\/#organization\"},\"potentialAction\":[{\"@type\":\"SearchAction\",\"target\":{\"@type\":\"EntryPoint\",\"urlTemplate\":\"https:\/\/luan.webrt.net\/qhome\/?s={search_term_string}\"},\"query-input\":\"required name=search_term_string\"}],\"inLanguage\":\"vi\"},{\"@type\":\"Organization\",\"@id\":\"https:\/\/luan.webrt.net\/qhome\/#organization\",\"name\":\"QGHome\",\"url\":\"https:\/\/luan.webrt.net\/qhome\/\",\"logo\":{\"@type\":\"ImageObject\",\"inLanguage\":\"vi\",\"@id\":\"https:\/\/luan.webrt.net\/qhome\/#\/schema\/logo\/image\/\",\"url\":\"https:\/\/qghome.vn\/wp-content\/uploads\/2025\/08\/logo-mau-MauTH-21.png\",\"contentUrl\":\"https:\/\/qghome.vn\/wp-content\/uploads\/2025\/08\/logo-mau-MauTH-21.png\",\"width\":253,\"height\":99,\"caption\":\"QGHome\"},\"image\":{\"@id\":\"https:\/\/luan.webrt.net\/qhome\/#\/schema\/logo\/image\/\"},\"sameAs\":[\"https:\/\/www.tiktok.com\/@qghome.official\",\"https:\/\/www.youtube.com\/channel\/UCeVBuKTXkv-u94DS421cklw\",\"https:\/\/www.facebook.com\/noithatqghome\"]}]}<\/script>\n<!-- \/ Yoast SEO plugin. -->","yoast_head_json":{"title":"B\u00e0n tr\u00e0 ph\u00f2ng kh\u00e1ch - BT10","description":"B\u00e0n tr\u00e0 ph\u00f2ng kh\u00e1ch BT10 \u0111\u01b0\u1ee3c l\u00e0m t\u1eeb g\u1ed7 c\u00f4ng nghi\u1ec7p mdf cao c\u1ea5p, b\u1ec1n b\u1ec9. Mang v\u1ebb \u0111\u1eb9p sang tr\u1ecdng v\u00e0 thanh l\u1ecbch; ph\u00f9 h\u1ee3p cho m\u1ecdi kh\u00f4ng gian ph\u00f2ng kh\u00e1ch.","robots":{"index":"index","follow":"follow","max-snippet":"max-snippet:-1","max-image-preview":"max-image-preview:large","max-video-preview":"max-video-preview:-1"},"canonical":"https:\/\/luan.webrt.net\/qhome\/san-pham\/ban-tra-phong-khach-bt10\/","og_locale":"vi_VN","og_type":"article","og_title":"B\u00e0n tr\u00e0 ph\u00f2ng kh\u00e1ch - BT10","og_description":"B\u00e0n tr\u00e0 ph\u00f2ng kh\u00e1ch BT10 \u0111\u01b0\u1ee3c l\u00e0m t\u1eeb g\u1ed7 c\u00f4ng nghi\u1ec7p mdf cao c\u1ea5p, b\u1ec1n b\u1ec9. Mang v\u1ebb \u0111\u1eb9p sang tr\u1ecdng v\u00e0 thanh l\u1ecbch; ph\u00f9 h\u1ee3p cho m\u1ecdi kh\u00f4ng gian ph\u00f2ng kh\u00e1ch.","og_url":"https:\/\/luan.webrt.net\/qhome\/san-pham\/ban-tra-phong-khach-bt10\/","og_site_name":"M\u1eabu web n\u1ed9i th\u1ea5t","article_publisher":"https:\/\/www.facebook.com\/noithatqghome","article_modified_time":"2025-03-05T12:59:07+00:00","og_image":[{"width":600,"height":600,"url":"https:\/\/luan.webrt.net\/qhome\/wp-content\/uploads\/2024\/11\/10.1.jpg","type":"image\/jpeg"}],"twitter_card":"summary_large_image","twitter_misc":{"\u01af\u1edbc t\u00ednh th\u1eddi gian \u0111\u1ecdc":"5 ph\u00fat"},"schema":{"@context":"https:\/\/schema.org","@graph":[{"@type":"WebPage","@id":"https:\/\/luan.webrt.net\/qhome\/san-pham\/ban-tra-phong-khach-bt10\/","url":"https:\/\/luan.webrt.net\/qhome\/san-pham\/ban-tra-phong-khach-bt10\/","name":"B\u00e0n tr\u00e0 ph\u00f2ng kh\u00e1ch - BT10","isPartOf":{"@id":"https:\/\/luan.webrt.net\/qhome\/#website"},"datePublished":"2024-11-14T19:28:58+00:00","dateModified":"2025-03-05T12:59:07+00:00","description":"B\u00e0n tr\u00e0 ph\u00f2ng kh\u00e1ch BT10 \u0111\u01b0\u1ee3c l\u00e0m t\u1eeb g\u1ed7 c\u00f4ng nghi\u1ec7p mdf cao c\u1ea5p, b\u1ec1n b\u1ec9. Mang v\u1ebb \u0111\u1eb9p sang tr\u1ecdng v\u00e0 thanh l\u1ecbch; ph\u00f9 h\u1ee3p cho m\u1ecdi kh\u00f4ng gian ph\u00f2ng kh\u00e1ch.","breadcrumb":{"@id":"https:\/\/luan.webrt.net\/qhome\/san-pham\/ban-tra-phong-khach-bt10\/#breadcrumb"},"inLanguage":"vi","potentialAction":[{"@type":"ReadAction","target":["https:\/\/luan.webrt.net\/qhome\/san-pham\/ban-tra-phong-khach-bt10\/"]}]},{"@type":"BreadcrumbList","@id":"https:\/\/luan.webrt.net\/qhome\/san-pham\/ban-tra-phong-khach-bt10\/#breadcrumb","itemListElement":[{"@type":"ListItem","position":1,"name":"Trang ch\u1ee7","item":"https:\/\/luan.webrt.net\/qhome\/"},{"@type":"ListItem","position":2,"name":"Shop","item":"https:\/\/luan.webrt.net\/qhome\/shop\/"},{"@type":"ListItem","position":3,"name":"B\u00e0n tr\u00e0 ph\u00f2ng kh\u00e1ch &#8211; BT10"}]},{"@type":"WebSite","@id":"https:\/\/luan.webrt.net\/qhome\/#website","url":"https:\/\/luan.webrt.net\/qhome\/","name":"M\u1eabu web n\u1ed9i th\u1ea5t","description":"QGHome Vi\u1ec7t Nam","publisher":{"@id":"https:\/\/luan.webrt.net\/qhome\/#organization"},"potentialAction":[{"@type":"SearchAction","target":{"@type":"EntryPoint","urlTemplate":"https:\/\/luan.webrt.net\/qhome\/?s={search_term_string}"},"query-input":"required name=search_term_string"}],"inLanguage":"vi"},{"@type":"Organization","@id":"https:\/\/luan.webrt.net\/qhome\/#organization","name":"QGHome","url":"https:\/\/luan.webrt.net\/qhome\/","logo":{"@type":"ImageObject","inLanguage":"vi","@id":"https:\/\/luan.webrt.net\/qhome\/#\/schema\/logo\/image\/","url":"https:\/\/qghome.vn\/wp-content\/uploads\/2025\/08\/logo-mau-MauTH-21.png","contentUrl":"https:\/\/qghome.vn\/wp-content\/uploads\/2025\/08\/logo-mau-MauTH-21.png","width":253,"height":99,"caption":"QGHome"},"image":{"@id":"https:\/\/luan.webrt.net\/qhome\/#\/schema\/logo\/image\/"},"sameAs":["https:\/\/www.tiktok.com\/@qghome.official","https:\/\/www.youtube.com\/channel\/UCeVBuKTXkv-u94DS421cklw","https:\/\/www.facebook.com\/noithatqghome"]}]}},"_links":{"self":[{"href":"https:\/\/luan.webrt.net\/qhome\/wp-json\/wp\/v2\/product\/13003","targetHints":{"allow":["GET"]}}],"collection":[{"href":"https:\/\/luan.webrt.net\/qhome\/wp-json\/wp\/v2\/product"}],"about":[{"href":"https:\/\/luan.webrt.net\/qhome\/wp-json\/wp\/v2\/types\/product"}],"replies":[{"embeddable":true,"href":"https:\/\/luan.webrt.net\/qhome\/wp-json\/wp\/v2\/comments?post=13003"}],"wp:featuredmedia":[{"embeddable":true,"href":"https:\/\/luan.webrt.net\/qhome\/wp-json\/wp\/v2\/media\/13004"}],"wp:attachment":[{"href":"https:\/\/luan.webrt.net\/qhome\/wp-json\/wp\/v2\/media?parent=13003"}],"wp:term":[{"taxonomy":"product_cat","embeddable":true,"href":"https:\/\/luan.webrt.net\/qhome\/wp-json\/wp\/v2\/product_cat?post=13003"},{"taxonomy":"product_tag","embeddable":true,"href":"https:\/\/luan.webrt.net\/qhome\/wp-json\/wp\/v2\/product_tag?post=13003"}],"curies":[{"name":"wp","href":"https:\/\/api.w.org\/{rel}","templated":true}]}}