{"id":13000,"date":"2024-11-14T18:50:43","date_gmt":"2024-11-14T18:50:43","guid":{"rendered":"https:\/\/qghome.vn\/?post_type=product&#038;p=13000"},"modified":"2025-03-05T13:00:23","modified_gmt":"2025-03-05T13:00:23","slug":"ban-tra-sofa-cao-cap-gia-re-bt08","status":"publish","type":"product","link":"https:\/\/luan.webrt.net\/qhome\/san-pham\/ban-tra-sofa-cao-cap-gia-re-bt08\/","title":{"rendered":"B\u00e0n tr\u00e0 sofa cao c\u1ea5p, gi\u00e1 r\u1ebb &#8211; BT08"},"content":{"rendered":"<p><span style=\"font-weight: 400; color: #000000;\">B\u1ea1n \u0111ang mong mu\u1ed1n t\u00ecm ki\u1ebfm m\u1ed9t m\u1eabu thi\u1ebft k\u1ebf b\u00e0n tr\u00e0 v\u1eeba hi\u1ec7n \u0111\u1ea1i, sang tr\u1ecdng m\u00e0 gi\u00e1 th\u00e0nh l\u1ea1i h\u1ee3p l\u00fd cho kh\u00f4ng gian ph\u00f2ng kh\u00e1ch nh\u00e0 m\u00ecnh? V\u1eady th\u00ec \u0111\u1eebng b\u1ecf l\u1ee1 b\u00e0i vi\u1ebft d\u01b0\u1edbi \u0111\u00e2y nh\u00e9!<\/span><\/p>\n<h1><span style=\"font-weight: 400; color: #0000ff;\">B\u00e0n tr\u00e0 sofa cao c\u1ea5p &#8211; BT08<\/span><\/h1>\n<p><span style=\"font-weight: 400; color: #000000;\">B\u00e0n tr\u00e0 sofa hi\u1ec7n \u0111\u1ea1i, cao c\u1ea5p &#8211; BT08 \u0111\u01b0\u1ee3c t\u1ed5 ch\u1ee9c s\u1ea3n xu\u1ea5t v\u00e0 gia c\u00f4ng t\u1ec9 m\u1ec9 t\u1ea1i n\u1ed9i th\u1ea5t QG Home. B\u1edfi v\u1eady m\u00e0 m\u1eabu b\u00e0n tr\u00e0 lu\u00f4n to\u00e1t l\u00ean v\u1ebb \u0111\u1eb9p t\u1ef1 nhi\u00ean l\u1eabn s\u1ef1 sang tr\u1ecdng, \u0111\u1eb3ng c\u1ea5p, \u0111\u1ed9c \u0111\u00e1o. Mang phong c\u00e1ch ri\u00eang m\u00e0 nh\u1eefng m\u1eabu b\u00e0n sofa ph\u00f2ng kh\u00e1ch kh\u00e1c kh\u00f4ng c\u00f3 \u0111\u01b0\u1ee3c.<\/span><\/p>\n<h3><span style=\"font-weight: 400; color: #000000;\">T\u1ed5ng quan s\u1ea3n ph\u1ea9m:<\/span><\/h3>\n<table>\n<tbody>\n<tr>\n<td><span style=\"font-weight: 400; color: #000000;\">K\u00edch th\u01b0\u1edbc<\/span><\/td>\n<td>\n<ul>\n<li style=\"font-weight: 400;\" aria-level=\"1\"><span style=\"font-weight: 400; color: #000000;\">D\u00e0i 1000mm x R\u1ed9ng 500mm x Cao 350mm<\/span><\/li>\n<li style=\"font-weight: 400;\" aria-level=\"1\"><span style=\"font-weight: 400; color: #000000;\">D\u00e0i 1000mm x R\u1ed9ng 500mm x Cao 400mm<\/span><\/li>\n<li style=\"font-weight: 400;\" aria-level=\"1\"><span style=\"font-weight: 400; color: #000000;\">D\u00e0i 1200mm x R\u1ed9ng 500mm x Cao 400mm<\/span><\/li>\n<li style=\"font-weight: 400;\" aria-level=\"1\"><span style=\"font-weight: 400; color: #000000;\">D\u00e0i 1200mm x R\u1ed9ng 600mm x Cao 400mm<\/span><\/li>\n<li style=\"font-weight: 400;\" aria-level=\"1\"><span style=\"font-weight: 400; color: #000000;\">D\u00e0i 1300mm x R\u1ed9ng 700mm x Cao 400mm<\/span><\/li>\n<\/ul>\n<p><span style=\"font-weight: 400; color: #000000;\">*Kh\u00e1ch h\u00e0ng c\u00f3 th\u1ec3 t\u00f9y ch\u1ec9nh k\u00edch th\u01b0\u1edbc ph\u00f9 h\u1ee3p v\u1edbi nhu c\u1ea7u.<\/span><\/td>\n<\/tr>\n<tr>\n<td><span style=\"font-weight: 400; color: #000000;\">Ch\u1ea5t li\u1ec7u<\/span><\/td>\n<td><span style=\"font-weight: 400; color: #000000;\">V\u00e1n g\u1ed7 c\u00f4ng nghi\u1ec7p MDF ph\u1ee7 melamine ch\u1ea5t l\u01b0\u1ee3ng cao v\u1edbi m\u1ed9t s\u1ed1 \u01b0u \u0111i\u1ec3m c\u00f3 th\u1ec3 k\u1ec3 \u0111\u1ebfn nh\u01b0:<\/span><\/p>\n<ul>\n<li style=\"font-weight: 400;\" aria-level=\"1\"><span style=\"font-weight: 400; color: #000000;\">B\u1ec1n b\u1ec9.<\/span><\/li>\n<li style=\"font-weight: 400;\" aria-level=\"1\"><span style=\"font-weight: 400; color: #000000;\">H\u1ea1n ch\u1ebf cong v\u00eanh.<\/span><\/li>\n<li style=\"font-weight: 400;\" aria-level=\"1\"><span style=\"font-weight: 400; color: #000000;\">Ch\u1ed1ng m\u1ed1i m\u1ecdt, ch\u1ed1ng \u1ea9m, ch\u1ed1ng co ng\u00f3t.<\/span><\/li>\n<li style=\"font-weight: 400;\" aria-level=\"1\"><span style=\"font-weight: 400; color: #000000;\">D\u1ec5 d\u00e0ng v\u1ec7 sinh.<\/span><\/li>\n<\/ul>\n<\/td>\n<\/tr>\n<tr>\n<td><span style=\"font-weight: 400; color: #000000;\">M\u00e0u s\u1eafc<\/span><\/td>\n<td><span style=\"font-weight: 400; color: #000000;\">M\u00e0u tr\u1eafng \u0111\u1ee5c k\u1ebft h\u1ee3p v\u00e2n g\u1ed7 sang tr\u1ecdng, thanh l\u1ecbch.<\/span><\/p>\n<p><span style=\"font-weight: 400; color: #000000;\">* Kh\u00e1ch h\u00e0ng c\u00f3 th\u1ec3 l\u1ef1a ch\u1ecdn m\u00e0u s\u1eafc t\u00f9y th\u00edch.<\/span><\/td>\n<\/tr>\n<\/tbody>\n<\/table>\n<p>&nbsp;<\/p>\n<p><img loading=\"lazy\" decoding=\"async\" class=\"wp-image-13001 size-medium aligncenter\" src=\"http:\/\/qghome.vn\/wp-content\/uploads\/2024\/11\/8.1-529x400.jpg\" alt=\"\" width=\"529\" height=\"400\" srcset=\"https:\/\/luan.webrt.net\/qhome\/wp-content\/uploads\/2024\/11\/8.1-529x400.jpg 529w, https:\/\/luan.webrt.net\/qhome\/wp-content\/uploads\/2024\/11\/8.1-510x386.jpg 510w, https:\/\/luan.webrt.net\/qhome\/wp-content\/uploads\/2024\/11\/8.1.jpg 740w\" sizes=\"auto, (max-width: 529px) 100vw, 529px\" \/><\/p>\n<p><span style=\"font-weight: 400; color: #000000;\">*B\u1ea1n c\u00f3 th\u1ec3 \u0111\u1eb7t th\u00eam m\u1eb7t k\u00ednh \u0111\u1ec3 b\u1ea3o v\u1ec7 m\u1eb7t b\u00e0n v\u00e0 cho m\u1eabu b\u00e0n tr\u1edf n\u00ean sang tr\u1ecdng h\u01a1n.<\/span><\/p>\n<h3><span style=\"color: #000000;\"><b>M\u1eabu b\u00e0n tr\u00e0 sofa gi\u00e1 r\u1ebb BT08 &#8211; S\u1ef1 l\u1ef1a ch\u1ecdn ho\u00e0n h\u1ea3o cho n\u1ed9i th\u1ea5t ph\u00f2ng kh\u00e1ch<\/b><\/span><\/h3>\n<p><span style=\"font-weight: 400; color: #000000;\">Thi\u1ebft k\u1ebf B\u00e0n sofa cao c\u1ea5p n\u00e0y mang phong c\u00e1ch hi\u1ec7n \u0111\u1ea1i, ki\u1ec3u d\u00e1ng m\u1edbi m\u1ebb, n\u0103ng \u0111\u1ed9ng v\u00e0 r\u1ea5t thanh l\u1ecbch. Kh\u00f4ng gi\u1ed1ng v\u1edbi m\u1ed9t s\u1ed1 m\u1eabu b\u00e0n tr\u00e0 kh\u00e1c, b\u00e0n sofa ph\u00f2ng kh\u00e1ch cao c\u1ea5p BT08 c\u00f3 k\u1ebft c\u1ea5u d\u1ea1ng r\u00fat m\u1ed9t \u0111\u1ea7u r\u1ea5t \u0111\u1ed9c \u0111\u00e1o.\u00a0<\/span><\/p>\n<p><span style=\"font-weight: 400; color: #000000;\">\u0110\u1ed9 d\u00e0y c\u1ee7a m\u1eb7t b\u00e0n, ch\u00e2n b\u00e0n v\u00e0 m\u1eb7t \u0111\u00e1y c\u1ee7a chi\u1ebfc b\u00e0n ta c\u00f3 th\u1ec3 th\u1ea5y r\u1ea5t r\u00f5. \u0110i\u1ec1u n\u00e0y th\u1ec3 hi\u1ec7n s\u1ef1 ch\u1eafc ch\u1eafn v\u00e0 c\u1ee9ng c\u00e1p c\u1ee7a chi\u1ebfc b\u00e0n.<\/span><\/p>\n<p><span style=\"font-weight: 400; color: #000000;\">T\u1ed5ng th\u1ec3 chi\u1ebfc b\u00e0n \u0111\u01b0\u1ee3c ph\u1ee7 l\u1edbp s\u01a1n s\u00e1ng b\u00f3ng. Gi\u00fap t\u0103ng \u0111\u1ed9 l\u1ea5p l\u00e1nh ki\u00eau sa cho m\u1eabu b\u00e0n tr\u00e0.<\/span><\/p>\n<p><span style=\"font-weight: 400; color: #000000;\">M\u00e0u s\u1eafc h\u00e0i h\u00f2a, tinh t\u1ebf trong s\u1ef1 k\u1ebft h\u1ee3p gi\u1eefa hai m\u00e3 m\u00e0u ti\u00eau bi\u1ec3u trong thi\u1ebft k\u1ebf n\u1ed9i th\u1ea5t &#8211; m\u00e0u tr\u1eafng \u0111\u1ee5c thanh khi\u1ebft v\u00e0 m\u00e0u v\u00e2n g\u1ed7 \u1ea5m c\u00fang. Hai gam m\u00e0u nh\u01b0 b\u1ed5 tr\u1ee3 v\u00e0 t\u00f4 \u0111i\u1ec3m cho nhau. Gi\u00fap cho m\u00e0u s\u1eafc c\u1ee7a b\u00e0n tr\u00e0 tr\u1edf n\u00ean tinh t\u1ebf, n\u1ed5i b\u1eadt.<\/span><\/p>\n<p><img loading=\"lazy\" decoding=\"async\" class=\"size-medium wp-image-13002 aligncenter\" src=\"http:\/\/qghome.vn\/wp-content\/uploads\/2024\/11\/8.2.jpg\" alt=\"\" width=\"531\" height=\"400\" srcset=\"https:\/\/luan.webrt.net\/qhome\/wp-content\/uploads\/2024\/11\/8.2.jpg 531w, https:\/\/luan.webrt.net\/qhome\/wp-content\/uploads\/2024\/11\/8.2-510x384.jpg 510w\" sizes=\"auto, (max-width: 531px) 100vw, 531px\" \/><\/p>\n<p><span style=\"font-weight: 400; color: #000000;\">M\u00e0u tr\u1eafng \u0111\u1ee5c tinh t\u1ebf lu\u00f4n to\u00e1t l\u00ean v\u1ebb \u0111\u1eb9p thanh l\u1ecbch v\u00e0 sang tr\u1ecdng cho kh\u00f4ng ch\u1ec9 ri\u00eang chi\u1ebfc b\u00e0n m\u00e0 c\u00f2n l\u00e0 kh\u00f4ng gian ph\u00f2ng kh\u00e1ch. Th\u00eam v\u00e0o \u0111\u00f3 l\u00e0 s\u1ef1 k\u1ebft h\u1ee3p c\u1ee7a m\u00e0u v\u00e2n g\u1ed7 t\u1ed1i t\u1ea1o \u0111i\u1ec3m nh\u1ea5n \u1ea5n t\u01b0\u1ee3ng cho t\u1ed5ng th\u1ec3 s\u1ea3n ph\u1ea9m.<\/span><\/p>\n<h4><span style=\"color: #000000;\"><b>S\u1eed d\u1ee5ng v\u00e1n g\u1ed7 MDF ph\u1ee7 melamine ch\u1ea5t l\u01b0\u1ee3ng cao<\/b><\/span><\/h4>\n<p><span style=\"font-weight: 400; color: #000000;\">M\u1eb7c d\u00f9 kh\u00f4ng th\u1ec3 so s\u00e1nh ch\u1ea5t l\u01b0\u1ee3ng \u0111\u01b0\u1ee3c v\u1edbi g\u1ed7 t\u1ef1 nhi\u00ean, th\u1ebf nh\u01b0ng d\u00f2ng g\u1ed7 c\u00f4ng nghi\u1ec7p MDF n\u00e0y v\u1eabn mang \u0111\u1ebfn r\u1ea5t nhi\u1ec1u c\u00f4ng d\u1ee5ng c\u00f3 th\u1ec3 k\u1ec3 \u0111\u1ebfn nh\u01b0:<\/span><\/p>\n<ul>\n<li style=\"font-weight: 400;\" aria-level=\"1\"><span style=\"font-weight: 400; color: #000000;\">Ch\u1ea5t l\u01b0\u1ee3ng b\u1ec1n b\u1ec9, gi\u1eef \u0111\u01b0\u1ee3c v\u1ebb \u0111\u1eb9p theo th\u1eddi gian.<\/span><\/li>\n<li style=\"font-weight: 400;\" aria-level=\"1\"><span style=\"font-weight: 400; color: #000000;\">Kh\u00f4ng lo b\u1ecb cong v\u00eanh, co ng\u00f3t hay m\u1ed1i m\u1ecdt.<\/span><\/li>\n<li style=\"font-weight: 400;\" aria-level=\"1\"><span style=\"font-weight: 400; color: #000000;\">Kh\u1ea3 n\u0103ng ch\u1ecbu l\u1ef1c t\u1ed1t b\u1edfi k\u1ebft c\u1ea5u ch\u1eafc ch\u1eafn.<\/span><\/li>\n<li style=\"font-weight: 400;\" aria-level=\"1\"><span style=\"font-weight: 400; color: #000000;\">D\u1ec5 d\u00e0ng v\u1ec7 sinh lau ch\u00f9i b\u1edfi b\u1ec1 m\u1eb7t nh\u1eb5n nh\u1ee5i v\u00e0 s\u00e1ng b\u00f3ng. R\u1ea5t ph\u00f9 h\u1ee3p cho c\u00e1c m\u1eabu b\u00e0n tr\u00e0 ph\u00f2ng kh\u00e1ch.<\/span><\/li>\n<li style=\"font-weight: 400;\" aria-level=\"1\"><span style=\"font-weight: 400; color: #000000;\">\u0110a d\u1ea1ng c\u00e1c lo\u1ea1i m\u00e0u s\u1eafc kh\u00e1c nhau \u0111\u1ec3 b\u1ea1n c\u00f3 th\u1ec3 t\u00f9y th\u00edch l\u1ef1a ch\u1ecdn theo s\u1edf th\u00edch c\u0169ng nh\u01b0 l\u00e0 phong c\u00e1ch s\u1ed1ng c\u1ee7a gia \u0111\u00ecnh.<\/span><\/li>\n<\/ul>\n<p style=\"text-align: center;\">***<\/p>\n<h3 style=\"text-align: center;\"><span style=\"color: #000000;\"><b>QG Home &#8211; \u0110\u01a1n v\u1ecb thi c\u00f4ng v\u00e0 thi\u1ebft k\u1ebf n\u1ed9i th\u1ea5t h\u00e0ng \u0111\u1ea7u t\u1ea1i Vi\u1ec7t Nam<\/b><\/span><\/h3>\n<ul>\n<li style=\"font-weight: 400;\" aria-level=\"1\"><span style=\"font-weight: 400; color: #000000;\">Uy t\u00edn, ch\u1ea5t l\u01b0\u1ee3ng, nhi\u1ec7t t\u00ecnh, tr\u00e1ch nhi\u1ec7m.<\/span><\/li>\n<li style=\"font-weight: 400;\" aria-level=\"1\"><span style=\"font-weight: 400; color: #000000;\">Gi\u00e1 c\u1ea3 h\u1ee3p l\u00fd.<\/span><\/li>\n<li style=\"font-weight: 400;\" aria-level=\"1\"><span style=\"font-weight: 400; color: #000000;\">D\u1ecbch v\u1ee5 t\u01b0 v\u1ea5n h\u1ed7 tr\u1ee3 l\u1eafp \u0111\u1eb7t s\u1ea3n ph\u1ea9m mi\u1ec5n ph\u00ed 24\/7.<\/span><\/li>\n<li style=\"font-weight: 400;\" aria-level=\"1\"><span style=\"color: #000000;\"><span style=\"font-weight: 400;\">Thi\u1ebft k\u1ebf<\/span><span style=\"color: #3366ff;\"><a style=\"color: #3366ff;\" href=\"https:\/\/qghome.vn\/noi-that-chung-cu\/\"><span style=\"font-weight: 400;\"> n\u1ed9i th\u1ea5t chung c\u01b0<\/span><\/a><span style=\"font-weight: 400;\">,<\/span><a style=\"color: #3366ff;\" href=\"https:\/\/qghome.vn\/san-pham\/noi-that-van-phong\/\"><span style=\"font-weight: 400;\"> n\u1ed9i th\u1ea5t v\u0103n ph\u00f2ng<\/span><\/a><span style=\"font-weight: 400;\">, <\/span><a style=\"color: #3366ff;\" href=\"https:\/\/qghome.vn\/noi-that-chung-cu\/noi-that-phong-ngu\/\"><span style=\"font-weight: 400;\">ph\u00f2ng ng\u1ee7<\/span><\/a><span style=\"font-weight: 400;\">, <\/span><a style=\"color: #3366ff;\" href=\"https:\/\/qghome.vn\/noi-that-chung-cu\/noi-that-phong-khach\/\"><span style=\"font-weight: 400;\">ph\u00f2ng kh\u00e1ch<\/span><\/a><\/span><span style=\"font-weight: 400;\">,&#8230;. v\u1edbi \u0111a d\u1ea1ng c\u00e1c m\u1eabu s\u1ea3n ph\u1ea9m kh\u00e1c nhau, b\u1eaft k\u1ecbp xu h\u01b0\u1edbng.<\/span><\/span><\/li>\n<\/ul>\n","protected":false},"excerpt":{"rendered":"<p>B\u1ea1n \u0111ang mong mu\u1ed1n t\u00ecm ki\u1ebfm m\u1ed9t m\u1eabu thi\u1ebft k\u1ebf b\u00e0n tr\u00e0 v\u1eeba hi\u1ec7n \u0111\u1ea1i, sang tr\u1ecdng m\u00e0 gi\u00e1 th\u00e0nh l\u1ea1i h\u1ee3p l\u00fd cho kh\u00f4ng gian ph\u00f2ng kh\u00e1ch nh\u00e0 m\u00ecnh? V\u1eady th\u00ec \u0111\u1eebng b\u1ecf l\u1ee1 b\u00e0i vi\u1ebft d\u01b0\u1edbi \u0111\u00e2y nh\u00e9! B\u00e0n tr\u00e0 sofa cao c\u1ea5p &#8211; BT08 B\u00e0n tr\u00e0 sofa hi\u1ec7n \u0111\u1ea1i, cao c\u1ea5p &#8211;&#8230;<\/p>\n","protected":false},"featured_media":13001,"comment_status":"open","ping_status":"closed","template":"","meta":[],"product_cat":[493,682,119],"product_tag":[],"class_list":["post-13000","product","type-product","status-publish","has-post-thumbnail","hentry","product_cat-ban-tra","product_cat-noi-that-phong-khach","product_cat-san-pham"],"yoast_head":"<!-- This site is optimized with the Yoast SEO plugin v19.9 - https:\/\/yoast.com\/wordpress\/plugins\/seo\/ -->\n<title>B\u00e0n tr\u00e0 sofa cao c\u1ea5p, gi\u00e1 r\u1ebb - BT08 - M\u1eabu web n\u1ed9i th\u1ea5t %<\/title>\n<meta name=\"description\" content=\"B\u00e0n tr\u00e0 sofa cao c\u1ea5p BT08 \u0111\u01b0\u1ee3c l\u00e0m t\u1eeb g\u1ed7 mdf ch\u1ea5t l\u01b0\u1ee3ng cao, k\u1ebft c\u1ea5u ch\u1eafc ch\u1eafn, b\u1ec1n b\u1ec9. Thi\u1ebft k\u1ebf sang tr\u1ecdng, \u0111\u1ed9c \u0111\u00e1o ph\u00f9 h\u1ee3p m\u1ecdi kh\u00f4ng gian ph\u00f2ng kh\u00e1ch\" \/>\n<meta name=\"robots\" content=\"index, follow, max-snippet:-1, max-image-preview:large, max-video-preview:-1\" \/>\n<link rel=\"canonical\" href=\"https:\/\/luan.webrt.net\/qhome\/san-pham\/ban-tra-sofa-cao-cap-gia-re-bt08\/\" \/>\n<meta property=\"og:locale\" content=\"vi_VN\" \/>\n<meta property=\"og:type\" content=\"article\" \/>\n<meta property=\"og:title\" content=\"B\u00e0n tr\u00e0 sofa cao c\u1ea5p, gi\u00e1 r\u1ebb - BT08 - M\u1eabu web n\u1ed9i th\u1ea5t %\" \/>\n<meta property=\"og:description\" content=\"B\u00e0n tr\u00e0 sofa cao c\u1ea5p BT08 \u0111\u01b0\u1ee3c l\u00e0m t\u1eeb g\u1ed7 mdf ch\u1ea5t l\u01b0\u1ee3ng cao, k\u1ebft c\u1ea5u ch\u1eafc ch\u1eafn, b\u1ec1n b\u1ec9. Thi\u1ebft k\u1ebf sang tr\u1ecdng, \u0111\u1ed9c \u0111\u00e1o ph\u00f9 h\u1ee3p m\u1ecdi kh\u00f4ng gian ph\u00f2ng kh\u00e1ch\" \/>\n<meta property=\"og:url\" content=\"https:\/\/luan.webrt.net\/qhome\/san-pham\/ban-tra-sofa-cao-cap-gia-re-bt08\/\" \/>\n<meta property=\"og:site_name\" content=\"M\u1eabu web n\u1ed9i th\u1ea5t\" \/>\n<meta property=\"article:publisher\" content=\"https:\/\/www.facebook.com\/noithatqghome\" \/>\n<meta property=\"article:modified_time\" content=\"2025-03-05T13:00:23+00:00\" \/>\n<meta property=\"og:image\" content=\"https:\/\/luan.webrt.net\/qhome\/wp-content\/uploads\/2024\/11\/8.1.jpg\" \/>\n\t<meta property=\"og:image:width\" content=\"740\" \/>\n\t<meta property=\"og:image:height\" content=\"560\" \/>\n\t<meta property=\"og:image:type\" content=\"image\/jpeg\" \/>\n<meta name=\"twitter:card\" content=\"summary_large_image\" \/>\n<meta name=\"twitter:label1\" content=\"\u01af\u1edbc t\u00ednh th\u1eddi gian \u0111\u1ecdc\" \/>\n\t<meta name=\"twitter:data1\" content=\"5 ph\u00fat\" \/>\n<script type=\"application\/ld+json\" class=\"yoast-schema-graph\">{\"@context\":\"https:\/\/schema.org\",\"@graph\":[{\"@type\":\"WebPage\",\"@id\":\"https:\/\/luan.webrt.net\/qhome\/san-pham\/ban-tra-sofa-cao-cap-gia-re-bt08\/\",\"url\":\"https:\/\/luan.webrt.net\/qhome\/san-pham\/ban-tra-sofa-cao-cap-gia-re-bt08\/\",\"name\":\"B\u00e0n tr\u00e0 sofa cao c\u1ea5p, gi\u00e1 r\u1ebb - BT08 - M\u1eabu web n\u1ed9i th\u1ea5t %\",\"isPartOf\":{\"@id\":\"https:\/\/luan.webrt.net\/qhome\/#website\"},\"datePublished\":\"2024-11-14T18:50:43+00:00\",\"dateModified\":\"2025-03-05T13:00:23+00:00\",\"description\":\"B\u00e0n tr\u00e0 sofa cao c\u1ea5p BT08 \u0111\u01b0\u1ee3c l\u00e0m t\u1eeb g\u1ed7 mdf ch\u1ea5t l\u01b0\u1ee3ng cao, k\u1ebft c\u1ea5u ch\u1eafc ch\u1eafn, b\u1ec1n b\u1ec9. Thi\u1ebft k\u1ebf sang tr\u1ecdng, \u0111\u1ed9c \u0111\u00e1o ph\u00f9 h\u1ee3p m\u1ecdi kh\u00f4ng gian ph\u00f2ng kh\u00e1ch\",\"breadcrumb\":{\"@id\":\"https:\/\/luan.webrt.net\/qhome\/san-pham\/ban-tra-sofa-cao-cap-gia-re-bt08\/#breadcrumb\"},\"inLanguage\":\"vi\",\"potentialAction\":[{\"@type\":\"ReadAction\",\"target\":[\"https:\/\/luan.webrt.net\/qhome\/san-pham\/ban-tra-sofa-cao-cap-gia-re-bt08\/\"]}]},{\"@type\":\"BreadcrumbList\",\"@id\":\"https:\/\/luan.webrt.net\/qhome\/san-pham\/ban-tra-sofa-cao-cap-gia-re-bt08\/#breadcrumb\",\"itemListElement\":[{\"@type\":\"ListItem\",\"position\":1,\"name\":\"Trang ch\u1ee7\",\"item\":\"https:\/\/luan.webrt.net\/qhome\/\"},{\"@type\":\"ListItem\",\"position\":2,\"name\":\"Shop\",\"item\":\"https:\/\/luan.webrt.net\/qhome\/shop\/\"},{\"@type\":\"ListItem\",\"position\":3,\"name\":\"B\u00e0n tr\u00e0 sofa cao c\u1ea5p, gi\u00e1 r\u1ebb &#8211; BT08\"}]},{\"@type\":\"WebSite\",\"@id\":\"https:\/\/luan.webrt.net\/qhome\/#website\",\"url\":\"https:\/\/luan.webrt.net\/qhome\/\",\"name\":\"M\u1eabu web n\u1ed9i th\u1ea5t\",\"description\":\"QGHome Vi\u1ec7t Nam\",\"publisher\":{\"@id\":\"https:\/\/luan.webrt.net\/qhome\/#organization\"},\"potentialAction\":[{\"@type\":\"SearchAction\",\"target\":{\"@type\":\"EntryPoint\",\"urlTemplate\":\"https:\/\/luan.webrt.net\/qhome\/?s={search_term_string}\"},\"query-input\":\"required name=search_term_string\"}],\"inLanguage\":\"vi\"},{\"@type\":\"Organization\",\"@id\":\"https:\/\/luan.webrt.net\/qhome\/#organization\",\"name\":\"QGHome\",\"url\":\"https:\/\/luan.webrt.net\/qhome\/\",\"logo\":{\"@type\":\"ImageObject\",\"inLanguage\":\"vi\",\"@id\":\"https:\/\/luan.webrt.net\/qhome\/#\/schema\/logo\/image\/\",\"url\":\"https:\/\/qghome.vn\/wp-content\/uploads\/2025\/08\/logo-mau-MauTH-21.png\",\"contentUrl\":\"https:\/\/qghome.vn\/wp-content\/uploads\/2025\/08\/logo-mau-MauTH-21.png\",\"width\":253,\"height\":99,\"caption\":\"QGHome\"},\"image\":{\"@id\":\"https:\/\/luan.webrt.net\/qhome\/#\/schema\/logo\/image\/\"},\"sameAs\":[\"https:\/\/www.tiktok.com\/@qghome.official\",\"https:\/\/www.youtube.com\/channel\/UCeVBuKTXkv-u94DS421cklw\",\"https:\/\/www.facebook.com\/noithatqghome\"]}]}<\/script>\n<!-- \/ Yoast SEO plugin. -->","yoast_head_json":{"title":"B\u00e0n tr\u00e0 sofa cao c\u1ea5p, gi\u00e1 r\u1ebb - BT08 - M\u1eabu web n\u1ed9i th\u1ea5t %","description":"B\u00e0n tr\u00e0 sofa cao c\u1ea5p BT08 \u0111\u01b0\u1ee3c l\u00e0m t\u1eeb g\u1ed7 mdf ch\u1ea5t l\u01b0\u1ee3ng cao, k\u1ebft c\u1ea5u ch\u1eafc ch\u1eafn, b\u1ec1n b\u1ec9. Thi\u1ebft k\u1ebf sang tr\u1ecdng, \u0111\u1ed9c \u0111\u00e1o ph\u00f9 h\u1ee3p m\u1ecdi kh\u00f4ng gian ph\u00f2ng kh\u00e1ch","robots":{"index":"index","follow":"follow","max-snippet":"max-snippet:-1","max-image-preview":"max-image-preview:large","max-video-preview":"max-video-preview:-1"},"canonical":"https:\/\/luan.webrt.net\/qhome\/san-pham\/ban-tra-sofa-cao-cap-gia-re-bt08\/","og_locale":"vi_VN","og_type":"article","og_title":"B\u00e0n tr\u00e0 sofa cao c\u1ea5p, gi\u00e1 r\u1ebb - BT08 - M\u1eabu web n\u1ed9i th\u1ea5t %","og_description":"B\u00e0n tr\u00e0 sofa cao c\u1ea5p BT08 \u0111\u01b0\u1ee3c l\u00e0m t\u1eeb g\u1ed7 mdf ch\u1ea5t l\u01b0\u1ee3ng cao, k\u1ebft c\u1ea5u ch\u1eafc ch\u1eafn, b\u1ec1n b\u1ec9. Thi\u1ebft k\u1ebf sang tr\u1ecdng, \u0111\u1ed9c \u0111\u00e1o ph\u00f9 h\u1ee3p m\u1ecdi kh\u00f4ng gian ph\u00f2ng kh\u00e1ch","og_url":"https:\/\/luan.webrt.net\/qhome\/san-pham\/ban-tra-sofa-cao-cap-gia-re-bt08\/","og_site_name":"M\u1eabu web n\u1ed9i th\u1ea5t","article_publisher":"https:\/\/www.facebook.com\/noithatqghome","article_modified_time":"2025-03-05T13:00:23+00:00","og_image":[{"width":740,"height":560,"url":"https:\/\/luan.webrt.net\/qhome\/wp-content\/uploads\/2024\/11\/8.1.jpg","type":"image\/jpeg"}],"twitter_card":"summary_large_image","twitter_misc":{"\u01af\u1edbc t\u00ednh th\u1eddi gian \u0111\u1ecdc":"5 ph\u00fat"},"schema":{"@context":"https:\/\/schema.org","@graph":[{"@type":"WebPage","@id":"https:\/\/luan.webrt.net\/qhome\/san-pham\/ban-tra-sofa-cao-cap-gia-re-bt08\/","url":"https:\/\/luan.webrt.net\/qhome\/san-pham\/ban-tra-sofa-cao-cap-gia-re-bt08\/","name":"B\u00e0n tr\u00e0 sofa cao c\u1ea5p, gi\u00e1 r\u1ebb - BT08 - M\u1eabu web n\u1ed9i th\u1ea5t %","isPartOf":{"@id":"https:\/\/luan.webrt.net\/qhome\/#website"},"datePublished":"2024-11-14T18:50:43+00:00","dateModified":"2025-03-05T13:00:23+00:00","description":"B\u00e0n tr\u00e0 sofa cao c\u1ea5p BT08 \u0111\u01b0\u1ee3c l\u00e0m t\u1eeb g\u1ed7 mdf ch\u1ea5t l\u01b0\u1ee3ng cao, k\u1ebft c\u1ea5u ch\u1eafc ch\u1eafn, b\u1ec1n b\u1ec9. Thi\u1ebft k\u1ebf sang tr\u1ecdng, \u0111\u1ed9c \u0111\u00e1o ph\u00f9 h\u1ee3p m\u1ecdi kh\u00f4ng gian ph\u00f2ng kh\u00e1ch","breadcrumb":{"@id":"https:\/\/luan.webrt.net\/qhome\/san-pham\/ban-tra-sofa-cao-cap-gia-re-bt08\/#breadcrumb"},"inLanguage":"vi","potentialAction":[{"@type":"ReadAction","target":["https:\/\/luan.webrt.net\/qhome\/san-pham\/ban-tra-sofa-cao-cap-gia-re-bt08\/"]}]},{"@type":"BreadcrumbList","@id":"https:\/\/luan.webrt.net\/qhome\/san-pham\/ban-tra-sofa-cao-cap-gia-re-bt08\/#breadcrumb","itemListElement":[{"@type":"ListItem","position":1,"name":"Trang ch\u1ee7","item":"https:\/\/luan.webrt.net\/qhome\/"},{"@type":"ListItem","position":2,"name":"Shop","item":"https:\/\/luan.webrt.net\/qhome\/shop\/"},{"@type":"ListItem","position":3,"name":"B\u00e0n tr\u00e0 sofa cao c\u1ea5p, gi\u00e1 r\u1ebb &#8211; BT08"}]},{"@type":"WebSite","@id":"https:\/\/luan.webrt.net\/qhome\/#website","url":"https:\/\/luan.webrt.net\/qhome\/","name":"M\u1eabu web n\u1ed9i th\u1ea5t","description":"QGHome Vi\u1ec7t Nam","publisher":{"@id":"https:\/\/luan.webrt.net\/qhome\/#organization"},"potentialAction":[{"@type":"SearchAction","target":{"@type":"EntryPoint","urlTemplate":"https:\/\/luan.webrt.net\/qhome\/?s={search_term_string}"},"query-input":"required name=search_term_string"}],"inLanguage":"vi"},{"@type":"Organization","@id":"https:\/\/luan.webrt.net\/qhome\/#organization","name":"QGHome","url":"https:\/\/luan.webrt.net\/qhome\/","logo":{"@type":"ImageObject","inLanguage":"vi","@id":"https:\/\/luan.webrt.net\/qhome\/#\/schema\/logo\/image\/","url":"https:\/\/qghome.vn\/wp-content\/uploads\/2025\/08\/logo-mau-MauTH-21.png","contentUrl":"https:\/\/qghome.vn\/wp-content\/uploads\/2025\/08\/logo-mau-MauTH-21.png","width":253,"height":99,"caption":"QGHome"},"image":{"@id":"https:\/\/luan.webrt.net\/qhome\/#\/schema\/logo\/image\/"},"sameAs":["https:\/\/www.tiktok.com\/@qghome.official","https:\/\/www.youtube.com\/channel\/UCeVBuKTXkv-u94DS421cklw","https:\/\/www.facebook.com\/noithatqghome"]}]}},"_links":{"self":[{"href":"https:\/\/luan.webrt.net\/qhome\/wp-json\/wp\/v2\/product\/13000","targetHints":{"allow":["GET"]}}],"collection":[{"href":"https:\/\/luan.webrt.net\/qhome\/wp-json\/wp\/v2\/product"}],"about":[{"href":"https:\/\/luan.webrt.net\/qhome\/wp-json\/wp\/v2\/types\/product"}],"replies":[{"embeddable":true,"href":"https:\/\/luan.webrt.net\/qhome\/wp-json\/wp\/v2\/comments?post=13000"}],"wp:featuredmedia":[{"embeddable":true,"href":"https:\/\/luan.webrt.net\/qhome\/wp-json\/wp\/v2\/media\/13001"}],"wp:attachment":[{"href":"https:\/\/luan.webrt.net\/qhome\/wp-json\/wp\/v2\/media?parent=13000"}],"wp:term":[{"taxonomy":"product_cat","embeddable":true,"href":"https:\/\/luan.webrt.net\/qhome\/wp-json\/wp\/v2\/product_cat?post=13000"},{"taxonomy":"product_tag","embeddable":true,"href":"https:\/\/luan.webrt.net\/qhome\/wp-json\/wp\/v2\/product_tag?post=13000"}],"curies":[{"name":"wp","href":"https:\/\/api.w.org\/{rel}","templated":true}]}}