{"id":12984,"date":"2024-11-13T20:59:38","date_gmt":"2024-11-13T20:59:38","guid":{"rendered":"https:\/\/qghome.vn\/?post_type=product&#038;p=12984"},"modified":"2025-03-05T12:50:25","modified_gmt":"2025-03-05T12:50:25","slug":"ban-tra-go-cong-nghiep-mat-kinh-bt06","status":"publish","type":"product","link":"https:\/\/luan.webrt.net\/qhome\/san-pham\/ban-tra-go-cong-nghiep-mat-kinh-bt06\/","title":{"rendered":"B\u00e0n tr\u00e0 g\u1ed7 m\u1eb7t k\u00ednh &#8211; BT06"},"content":{"rendered":"<h1><span style=\"font-weight: 400; color: #0000ff;\">B\u00e0n tr\u00e0 g\u1ed7 m\u1eb7t k\u00ednh &#8211; BT06<\/span><\/h1>\n<p><span style=\"font-weight: 400; color: #000000;\">B\u00e0n tr\u00e0 sofa g\u1ed7 m\u1eb7t k\u00ednh &#8211; BT06 \u0111\u01b0\u1ee3c t\u1ed5 ch\u1ee9c s\u1ea3n xu\u1ea5t v\u00e0 thi c\u00f4ng t\u1ea1i n\u1ed9i th\u1ea5t QG Home. V\u1edbi phong c\u00e1ch \u0111\u01a1n gi\u1ea3n m\u00e0 hi\u1ec7n \u0111\u1ea1i, k\u1ebft c\u1ea5u t\u1ed5ng th\u1ec3 c\u1ee7a m\u1eabu b\u00e0n tr\u00e0 n\u00e0y mang \u0111\u1ebfn b\u1ea1n m\u1ed9t s\u1ef1 sang tr\u1ecdng, thanh l\u1ecbch, gi\u00fap n\u00e2ng t\u1ea7m gu th\u1ea9m m\u1ef9 c\u00e1 nh\u00e2n.<\/span><\/p>\n<h2>Th\u00f4ng s\u1ed1 s\u1ea3n ph\u1ea9m<\/h2>\n<table>\n<tbody>\n<tr>\n<td><span style=\"font-weight: 400; color: #000000;\">K\u00edch th\u01b0\u1edbc<\/span><\/td>\n<td>\n<ul>\n<li style=\"font-weight: 400;\" aria-level=\"1\"><span style=\"font-weight: 400; color: #000000;\">D\u00e0i 1000mm x R\u1ed9ng 500mm x Cao 400mm<\/span><\/li>\n<li style=\"font-weight: 400;\" aria-level=\"1\"><span style=\"font-weight: 400; color: #000000;\">D\u00e0i 1200mm x R\u1ed9ng 500mm x Cao 400mm<\/span><\/li>\n<li style=\"font-weight: 400;\" aria-level=\"1\"><span style=\"font-weight: 400; color: #000000;\">D\u00e0i 1200mm x R\u1ed9ng 600mm x Cao 420mm<\/span><\/li>\n<\/ul>\n<\/td>\n<\/tr>\n<tr>\n<td><span style=\"font-weight: 400; color: #000000;\">Ch\u1ea5t li\u1ec7u<\/span><\/td>\n<td><span style=\"font-weight: 400; color: #000000;\">V\u00e1n g\u1ed7 c\u00f4ng nghi\u1ec7p MDF ph\u1ee7 melamine ch\u1ea5t l\u01b0\u1ee3ng cao v\u1edbi m\u1ed9t s\u1ed1 \u01b0u \u0111i\u1ec3m c\u00f3 th\u1ec3 k\u1ec3 \u0111\u1ebfn nh\u01b0:<\/span><\/p>\n<ul>\n<li style=\"font-weight: 400;\" aria-level=\"1\"><span style=\"font-weight: 400; color: #000000;\">B\u1ec1n b\u1ec9.<\/span><\/li>\n<li style=\"font-weight: 400;\" aria-level=\"1\"><span style=\"font-weight: 400; color: #000000;\">H\u1ea1n ch\u1ebf cong v\u00eanh.<\/span><\/li>\n<li style=\"font-weight: 400;\" aria-level=\"1\"><span style=\"font-weight: 400; color: #000000;\">Ch\u1ed1ng m\u1ed1i m\u1ecdt, ch\u1ed1ng \u1ea9m, ch\u1ed1ng co ng\u00f3t.<\/span><\/li>\n<li style=\"font-weight: 400;\" aria-level=\"1\"><span style=\"font-weight: 400; color: #000000;\">D\u1ec5 d\u00e0ng v\u1ec7 sinh.<\/span><\/li>\n<\/ul>\n<\/td>\n<\/tr>\n<tr>\n<td><span style=\"font-weight: 400; color: #000000;\">M\u00e0u s\u1eafc<\/span><\/td>\n<td><span style=\"font-weight: 400; color: #000000;\">M\u00e0u \u0111en tuy\u1ec1n sang tr\u1ecdng, thanh l\u1ecbch.<\/span><\/p>\n<p><span style=\"font-weight: 400; color: #000000;\">C\u00f3 th\u1ec3 l\u1ef1a ch\u1ecdn m\u00e0u s\u1eafc t\u00f9y th\u00edch.<\/span><\/td>\n<\/tr>\n<\/tbody>\n<\/table>\n<figure id=\"attachment_12990\" aria-describedby=\"caption-attachment-12990\" style=\"width: 559px\" class=\"wp-caption aligncenter\"><img loading=\"lazy\" decoding=\"async\" class=\"wp-image-12990 size-medium\" src=\"http:\/\/qghome.vn\/wp-content\/uploads\/2024\/11\/6.5-559x400.jpg\" alt=\"\" width=\"559\" height=\"400\" srcset=\"https:\/\/luan.webrt.net\/qhome\/wp-content\/uploads\/2024\/11\/6.5-559x400.jpg 559w, https:\/\/luan.webrt.net\/qhome\/wp-content\/uploads\/2024\/11\/6.5-510x365.jpg 510w, https:\/\/luan.webrt.net\/qhome\/wp-content\/uploads\/2024\/11\/6.5.jpg 768w\" sizes=\"auto, (max-width: 559px) 100vw, 559px\" \/><figcaption id=\"caption-attachment-12990\" class=\"wp-caption-text\">B\u00e0n tr\u00e0 BT06 &#8211; bi\u1ec3u t\u01b0\u1ee3ng cho v\u1ebb \u0111\u1eb9p huy\u1ec1n b\u00ed v\u00e0 kh\u00f4ng gian s\u1ed1ng \u0111\u1eb3ng c\u1ea5p<\/figcaption><\/figure>\n<h2><span style=\"color: #000000;\"><b>M\u1eabu b\u00e0n tr\u00e0 sofa m\u1eb7t k\u00ednh \u0111\u1eb9p &#8211; BT06 v\u00e0 nh\u1eefng \u01b0u \u0111i\u1ec3m b\u1ea1n nh\u1ea5t \u0111\u1ecbnh kh\u00f4ng th\u1ec3 b\u1ecf l\u1ee1:<\/b><\/span><\/h2>\n<p><span style=\"font-weight: 400; color: #000000;\">B\u00e0n tr\u00e0 g\u1ed7 c\u00f4ng nghi\u1ec7p \u0111\u01b0\u1ee3c BT06 \u0111\u01b0\u1ee3c thi\u1ebft k\u1ebf theo phong c\u00e1ch t\u1ed1i gi\u1ea3n. To\u00e0n b\u1ed9 khung b\u00e0n c\u00f3 k\u1ebft c\u1ea5u h\u00ecnh ch\u1eef nh\u1eadt c\u00e2n x\u1ee9ng, t\u1eebng v\u00e1n g\u1ed7 c\u00f3 \u0111\u1ed9 d\u00e0y d\u1eb7n cao. Mang \u0111\u1ebfn s\u1ef1 v\u1eefng tr\u00e3i v\u00e0 ch\u1eafc ch\u1eafn cho m\u1eabu b\u00e0n sofa n\u00e0y.<\/span><\/p>\n<p><span style=\"font-weight: 400; color: #000000;\">M\u00e0u \u0111en n\u00e0y c\u00f3 th\u1ec3 \u0111\u01b0\u1ee3c s\u1eed d\u1ee5ng nh\u01b0 m\u1ed9t m\u00e0u n\u1ec1n, l\u00e0m n\u1ed5i b\u1eadt c\u00e1c m\u00e0u s\u1eafc kh\u00e1c c\u0169ng nh\u01b0 \u0111\u1ed3 v\u1eadt tr\u00ean b\u00e0n. Ch\u1eb3ng h\u1ea1n b\u1ea1n s\u1eed d\u1ee5ng b\u1ed9 \u1ea5m ch\u00e9n pha tr\u00e0 m\u00e0u tr\u1eafng \u0111\u1ee5c thanh khi\u1ebft th\u00ec l\u00fac n\u00e0y hai m\u00e0u s\u1eafc t\u01b0\u01a1ng ph\u1ea3n, t\u00f4 \u0111i\u1ec3m c\u00e1i \u0111\u1eb9p cho nhau.<\/span><\/p>\n<p><img loading=\"lazy\" decoding=\"async\" class=\"size-medium wp-image-12986 aligncenter\" src=\"http:\/\/qghome.vn\/wp-content\/uploads\/2024\/11\/6.1-556x400.jpg\" alt=\"\" width=\"556\" height=\"400\" srcset=\"https:\/\/luan.webrt.net\/qhome\/wp-content\/uploads\/2024\/11\/6.1-556x400.jpg 556w, https:\/\/luan.webrt.net\/qhome\/wp-content\/uploads\/2024\/11\/6.1-510x367.jpg 510w, https:\/\/luan.webrt.net\/qhome\/wp-content\/uploads\/2024\/11\/6.1.jpg 768w\" sizes=\"auto, (max-width: 556px) 100vw, 556px\" \/><\/p>\n<p><span style=\"font-weight: 400; color: #000000;\">H\u01a1n th\u1ebf n\u1eefa, s\u1eed d\u1ee5ng m\u00e0u \u0111en c\u00f2n c\u00f3 th\u1ec3 ph\u1ea3n \u00e1nh phong c\u00e1ch c\u00e1 nh\u00e2n m\u1ea1nh m\u1ebd v\u00e0 quy\u1ebft \u0111o\u00e1n c\u1ee7a ch\u1ee7 nh\u00e0.<\/span><\/p>\n<p><span style=\"font-weight: 400; color: #000000;\">B\u00e0n g\u1ed3m 04 ng\u0103n k\u00e9o ti\u1ec7n d\u1ee5ng \u0111\u1ec3 c\u00e1c \u0111\u1ed3 d\u00f9ng l\u1eb7t v\u1eb7t nh\u1ecf c\u1ea7n thi\u1ebft nh\u01b0: s\u00e1ch \u0111\u1ecdc, t\u00e0i li\u1ec7u, b\u00e1o, g\u00f3i tr\u00e0 hay c\u00e0 ph\u00ea,&#8230;<\/span><\/p>\n<p><span style=\"font-weight: 400; color: #000000;\">M\u1eb7t k\u00ednh gi\u00fap t\u0103ng t\u00ednh th\u1ea9m m\u1ef9 v\u00e0 d\u1ec5 d\u00e0ng v\u1ec7 sinh lau ch\u00f9i trong qu\u00e1 tr\u00ecnh s\u1eed d\u1ee5ng.<\/span><\/p>\n<figure id=\"attachment_12988\" aria-describedby=\"caption-attachment-12988\" style=\"width: 589px\" class=\"wp-caption aligncenter\"><img loading=\"lazy\" decoding=\"async\" class=\"wp-image-12988 size-medium\" src=\"http:\/\/qghome.vn\/wp-content\/uploads\/2024\/11\/6.3-589x400.jpg\" alt=\"\" width=\"589\" height=\"400\" srcset=\"https:\/\/luan.webrt.net\/qhome\/wp-content\/uploads\/2024\/11\/6.3-589x400.jpg 589w, https:\/\/luan.webrt.net\/qhome\/wp-content\/uploads\/2024\/11\/6.3-510x346.jpg 510w, https:\/\/luan.webrt.net\/qhome\/wp-content\/uploads\/2024\/11\/6.3.jpg 750w\" sizes=\"auto, (max-width: 589px) 100vw, 589px\" \/><figcaption id=\"caption-attachment-12988\" class=\"wp-caption-text\">Ng\u0103n k\u00e9o b\u00e0n ti\u1ec7n l\u1ee3i<\/figcaption><\/figure>\n<p><span style=\"color: #000000;\"><b>S\u1eed d\u1ee5ng v\u00e1n g\u1ed7 MDF ph\u1ee7 melamine ch\u1ea5t l\u01b0\u1ee3ng cao<\/b><\/span><\/p>\n<p><span style=\"font-weight: 400; color: #000000;\">M\u1eb7c d\u00f9 kh\u00f4ng th\u1ec3 so s\u00e1nh ch\u1ea5t l\u01b0\u1ee3ng \u0111\u01b0\u1ee3c v\u1edbi g\u1ed7 t\u1ef1 nhi\u00ean, th\u1ebf nh\u01b0ng d\u00f2ng g\u1ed7 c\u00f4ng nghi\u1ec7p MDF n\u00e0y v\u1eabn mang \u0111\u1ebfn r\u1ea5t nhi\u1ec1u c\u00f4ng d\u1ee5ng c\u00f3 th\u1ec3 k\u1ec3 \u0111\u1ebfn nh\u01b0:<\/span><\/p>\n<ul>\n<li style=\"list-style-type: none;\">\n<ul>\n<li style=\"font-weight: 400;\" aria-level=\"1\"><span style=\"font-weight: 400; color: #000000;\">Ch\u1ea5t l\u01b0\u1ee3ng b\u1ec1n b\u1ec9, gi\u1eef \u0111\u01b0\u1ee3c v\u1ebb \u0111\u1eb9p theo th\u1eddi gian.<\/span><\/li>\n<li style=\"font-weight: 400;\" aria-level=\"1\"><span style=\"font-weight: 400; color: #000000;\">Kh\u00f4ng lo b\u1ecb cong v\u00eanh, co ng\u00f3t hay m\u1ed1i m\u1ecdt.<\/span><\/li>\n<li style=\"font-weight: 400;\" aria-level=\"1\"><span style=\"font-weight: 400; color: #000000;\">Kh\u1ea3 n\u0103ng ch\u1ecbu l\u1ef1c t\u1ed1t b\u1edfi k\u1ebft c\u1ea5u ch\u1eafc ch\u1eafn.<\/span><\/li>\n<li style=\"font-weight: 400;\" aria-level=\"1\"><span style=\"font-weight: 400; color: #000000;\">D\u1ec5 d\u00e0ng v\u1ec7 sinh lau ch\u00f9i b\u1edfi b\u1ec1 m\u1eb7t nh\u1eb5n nh\u1ee5i v\u00e0 s\u00e1ng b\u00f3ng. R\u1ea5t ph\u00f9 h\u1ee3p cho c\u00e1c m\u1eabu b\u00e0n tr\u00e0 ph\u00f2ng kh\u00e1ch.<\/span><\/li>\n<li style=\"font-weight: 400;\" aria-level=\"1\"><span style=\"color: #000000;\">\u0110a d\u1ea1ng c\u00e1c lo\u1ea1i m\u00e0u s\u1eafc kh\u00e1c nhau \u0111\u1ec3 b\u1ea1n c\u00f3 th\u1ec3 t\u00f9y th\u00edch l\u1ef1a ch\u1ecdn theo s\u1edf th\u00edch c\u0169ng nh\u01b0 l\u00e0 phong c\u00e1ch s\u1ed1ng c\u1ee7a gia \u0111\u00ecnh.<\/span><\/li>\n<\/ul>\n<\/li>\n<\/ul>\n<p><img loading=\"lazy\" decoding=\"async\" class=\"size-medium wp-image-12991 aligncenter\" src=\"http:\/\/qghome.vn\/wp-content\/uploads\/2024\/11\/6.8-585x400.jpg\" alt=\"\" width=\"585\" height=\"400\" srcset=\"https:\/\/luan.webrt.net\/qhome\/wp-content\/uploads\/2024\/11\/6.8-585x400.jpg 585w, https:\/\/luan.webrt.net\/qhome\/wp-content\/uploads\/2024\/11\/6.8-510x349.jpg 510w, https:\/\/luan.webrt.net\/qhome\/wp-content\/uploads\/2024\/11\/6.8.jpg 696w\" sizes=\"auto, (max-width: 585px) 100vw, 585px\" \/><\/p>\n<h3><span style=\"color: #000000;\"><b>QG Home &#8211; \u0110\u01a1n v\u1ecb thi c\u00f4ng v\u00e0 thi\u1ebft k\u1ebf n\u1ed9i th\u1ea5t h\u00e0ng \u0111\u1ea7u t\u1ea1i Vi\u1ec7t Nam<\/b><\/span><\/h3>\n<ul>\n<li style=\"font-weight: 400;\" aria-level=\"1\"><span style=\"font-weight: 400; color: #000000;\">Uy t\u00edn, ch\u1ea5t l\u01b0\u1ee3ng, nhi\u1ec7t t\u00ecnh, tr\u00e1ch nhi\u1ec7m.<\/span><\/li>\n<li style=\"font-weight: 400;\" aria-level=\"1\"><span style=\"font-weight: 400; color: #000000;\">Gi\u00e1 c\u1ea3 h\u1ee3p l\u00fd.<\/span><\/li>\n<li style=\"font-weight: 400;\" aria-level=\"1\"><span style=\"font-weight: 400; color: #000000;\">D\u1ecbch v\u1ee5 t\u01b0 v\u1ea5n h\u1ed7 tr\u1ee3 l\u1eafp \u0111\u1eb7t s\u1ea3n ph\u1ea9m mi\u1ec5n ph\u00ed 24\/7.<\/span><\/li>\n<li style=\"font-weight: 400;\" aria-level=\"1\"><span style=\"color: #000000;\"><span style=\"font-weight: 400;\">Thi\u1ebft k\u1ebf<\/span><a style=\"color: #000000;\" href=\"https:\/\/qghome.vn\/noi-that-chung-cu\/\"><span style=\"font-weight: 400;\"> n\u1ed9i th\u1ea5t chung c\u01b0<\/span><\/a><span style=\"font-weight: 400;\">,<\/span><a style=\"color: #000000;\" href=\"https:\/\/qghome.vn\/san-pham\/noi-that-van-phong\/\"><span style=\"font-weight: 400;\"> n\u1ed9i th\u1ea5t v\u0103n ph\u00f2ng<\/span><\/a><span style=\"font-weight: 400;\">, <\/span><a style=\"color: #000000;\" href=\"https:\/\/qghome.vn\/noi-that-chung-cu\/noi-that-phong-ngu\/\"><span style=\"font-weight: 400;\">ph\u00f2ng ng\u1ee7<\/span><\/a><span style=\"font-weight: 400;\">, <\/span><a style=\"color: #000000;\" href=\"https:\/\/qghome.vn\/noi-that-chung-cu\/noi-that-phong-khach\/\"><span style=\"font-weight: 400;\">ph\u00f2ng kh\u00e1ch<\/span><\/a><span style=\"font-weight: 400;\">,&#8230;. v\u1edbi \u0111a d\u1ea1ng c\u00e1c m\u1eabu s\u1ea3n ph\u1ea9m kh\u00e1c nhau, b\u1eaft k\u1ecbp xu h\u01b0\u1edbng.<\/span><\/span><\/li>\n<\/ul>\n<p><span style=\"color: #000000;\">B\u00ean c\u1ea1nh m\u1eabu b\u00e0n tr\u00e0 g\u1ed7 m\u1eb7t k\u00ednh nh\u01b0 th\u1ebf n\u00e0y, ch\u00fang t\u00f4i v\u1eabn c\u00f2n r\u1ea5t nhi\u1ec1u <span style=\"color: #333399;\"><a style=\"color: #333399;\" href=\"https:\/\/qghome.vn\/noi-that-chung-cu\/noi-that-phong-khach\/ban-tra\/\">nh\u1eefng m\u1eabu b\u00e0n tr\u00e0 kh\u00e1c<\/a> <\/span>ch\u1edd b\u1ea1n kh\u00e1m ph\u00e1 nh\u00e9!<\/span><\/p>\n","protected":false},"excerpt":{"rendered":"<p>B\u00e0n tr\u00e0 g\u1ed7 m\u1eb7t k\u00ednh &#8211; BT06 B\u00e0n tr\u00e0 sofa g\u1ed7 m\u1eb7t k\u00ednh &#8211; BT06 \u0111\u01b0\u1ee3c t\u1ed5 ch\u1ee9c s\u1ea3n xu\u1ea5t v\u00e0 thi c\u00f4ng t\u1ea1i n\u1ed9i th\u1ea5t QG Home. V\u1edbi phong c\u00e1ch \u0111\u01a1n gi\u1ea3n m\u00e0 hi\u1ec7n \u0111\u1ea1i, k\u1ebft c\u1ea5u t\u1ed5ng th\u1ec3 c\u1ee7a m\u1eabu b\u00e0n tr\u00e0 n\u00e0y mang \u0111\u1ebfn b\u1ea1n m\u1ed9t s\u1ef1 sang tr\u1ecdng, thanh l\u1ecbch, gi\u00fap&#8230;<\/p>\n","protected":false},"featured_media":12988,"comment_status":"open","ping_status":"closed","template":"","meta":[],"product_cat":[493,682,119],"product_tag":[701],"class_list":["post-12984","product","type-product","status-publish","has-post-thumbnail","hentry","product_cat-ban-tra","product_cat-noi-that-phong-khach","product_cat-san-pham","product_tag-ban-tra-go-mat-kinh"],"yoast_head":"<!-- This site is optimized with the Yoast SEO plugin v19.9 - https:\/\/yoast.com\/wordpress\/plugins\/seo\/ -->\n<title>B\u00e0n tr\u00e0 g\u1ed7 m\u1eb7t k\u00ednh - BT06 - gi\u00e1 t\u1ed1t nh\u1ea5t<\/title>\n<meta name=\"description\" content=\"B\u00e0n tr\u00e0 g\u1ed7 m\u1eb7t k\u00ednh - BT06 \u0111\u01b0\u1ee3c l\u00e0m t\u1eeb g\u1ed7 c\u00f4ng nghi\u1ec7p mdf cao c\u1ea5p. Mang \u0111\u1ebfn s\u1ef1 sang tr\u1ecdng, \u0111\u1eb3ng c\u1ea5p cho kh\u00f4ng gian s\u1ed1ng hi\u1ec7n \u0111\u1ea1i, ti\u1ec7n nghi.\" \/>\n<meta name=\"robots\" content=\"index, follow, max-snippet:-1, max-image-preview:large, max-video-preview:-1\" \/>\n<link rel=\"canonical\" href=\"https:\/\/luan.webrt.net\/qhome\/san-pham\/ban-tra-go-cong-nghiep-mat-kinh-bt06\/\" \/>\n<meta property=\"og:locale\" content=\"vi_VN\" \/>\n<meta property=\"og:type\" content=\"article\" \/>\n<meta property=\"og:title\" content=\"B\u00e0n tr\u00e0 g\u1ed7 m\u1eb7t k\u00ednh - BT06 - gi\u00e1 t\u1ed1t nh\u1ea5t\" \/>\n<meta property=\"og:description\" content=\"B\u00e0n tr\u00e0 g\u1ed7 m\u1eb7t k\u00ednh - BT06 \u0111\u01b0\u1ee3c l\u00e0m t\u1eeb g\u1ed7 c\u00f4ng nghi\u1ec7p mdf cao c\u1ea5p. Mang \u0111\u1ebfn s\u1ef1 sang tr\u1ecdng, \u0111\u1eb3ng c\u1ea5p cho kh\u00f4ng gian s\u1ed1ng hi\u1ec7n \u0111\u1ea1i, ti\u1ec7n nghi.\" \/>\n<meta property=\"og:url\" content=\"https:\/\/luan.webrt.net\/qhome\/san-pham\/ban-tra-go-cong-nghiep-mat-kinh-bt06\/\" \/>\n<meta property=\"og:site_name\" content=\"M\u1eabu web n\u1ed9i th\u1ea5t\" \/>\n<meta property=\"article:publisher\" content=\"https:\/\/www.facebook.com\/noithatqghome\" \/>\n<meta property=\"article:modified_time\" content=\"2025-03-05T12:50:25+00:00\" \/>\n<meta property=\"og:image\" content=\"https:\/\/luan.webrt.net\/qhome\/wp-content\/uploads\/2024\/11\/6.3.jpg\" \/>\n\t<meta property=\"og:image:width\" content=\"750\" \/>\n\t<meta property=\"og:image:height\" content=\"509\" \/>\n\t<meta property=\"og:image:type\" content=\"image\/jpeg\" \/>\n<meta name=\"twitter:card\" content=\"summary_large_image\" \/>\n<meta name=\"twitter:label1\" content=\"\u01af\u1edbc t\u00ednh th\u1eddi gian \u0111\u1ecdc\" \/>\n\t<meta name=\"twitter:data1\" content=\"5 ph\u00fat\" \/>\n<script type=\"application\/ld+json\" class=\"yoast-schema-graph\">{\"@context\":\"https:\/\/schema.org\",\"@graph\":[{\"@type\":\"WebPage\",\"@id\":\"https:\/\/luan.webrt.net\/qhome\/san-pham\/ban-tra-go-cong-nghiep-mat-kinh-bt06\/\",\"url\":\"https:\/\/luan.webrt.net\/qhome\/san-pham\/ban-tra-go-cong-nghiep-mat-kinh-bt06\/\",\"name\":\"B\u00e0n tr\u00e0 g\u1ed7 m\u1eb7t k\u00ednh - BT06 - gi\u00e1 t\u1ed1t nh\u1ea5t\",\"isPartOf\":{\"@id\":\"https:\/\/luan.webrt.net\/qhome\/#website\"},\"datePublished\":\"2024-11-13T20:59:38+00:00\",\"dateModified\":\"2025-03-05T12:50:25+00:00\",\"description\":\"B\u00e0n tr\u00e0 g\u1ed7 m\u1eb7t k\u00ednh - BT06 \u0111\u01b0\u1ee3c l\u00e0m t\u1eeb g\u1ed7 c\u00f4ng nghi\u1ec7p mdf cao c\u1ea5p. Mang \u0111\u1ebfn s\u1ef1 sang tr\u1ecdng, \u0111\u1eb3ng c\u1ea5p cho kh\u00f4ng gian s\u1ed1ng hi\u1ec7n \u0111\u1ea1i, ti\u1ec7n nghi.\",\"breadcrumb\":{\"@id\":\"https:\/\/luan.webrt.net\/qhome\/san-pham\/ban-tra-go-cong-nghiep-mat-kinh-bt06\/#breadcrumb\"},\"inLanguage\":\"vi\",\"potentialAction\":[{\"@type\":\"ReadAction\",\"target\":[\"https:\/\/luan.webrt.net\/qhome\/san-pham\/ban-tra-go-cong-nghiep-mat-kinh-bt06\/\"]}]},{\"@type\":\"BreadcrumbList\",\"@id\":\"https:\/\/luan.webrt.net\/qhome\/san-pham\/ban-tra-go-cong-nghiep-mat-kinh-bt06\/#breadcrumb\",\"itemListElement\":[{\"@type\":\"ListItem\",\"position\":1,\"name\":\"Trang ch\u1ee7\",\"item\":\"https:\/\/luan.webrt.net\/qhome\/\"},{\"@type\":\"ListItem\",\"position\":2,\"name\":\"Shop\",\"item\":\"https:\/\/luan.webrt.net\/qhome\/shop\/\"},{\"@type\":\"ListItem\",\"position\":3,\"name\":\"B\u00e0n tr\u00e0 g\u1ed7 m\u1eb7t k\u00ednh &#8211; BT06\"}]},{\"@type\":\"WebSite\",\"@id\":\"https:\/\/luan.webrt.net\/qhome\/#website\",\"url\":\"https:\/\/luan.webrt.net\/qhome\/\",\"name\":\"M\u1eabu web n\u1ed9i th\u1ea5t\",\"description\":\"QGHome Vi\u1ec7t Nam\",\"publisher\":{\"@id\":\"https:\/\/luan.webrt.net\/qhome\/#organization\"},\"potentialAction\":[{\"@type\":\"SearchAction\",\"target\":{\"@type\":\"EntryPoint\",\"urlTemplate\":\"https:\/\/luan.webrt.net\/qhome\/?s={search_term_string}\"},\"query-input\":\"required name=search_term_string\"}],\"inLanguage\":\"vi\"},{\"@type\":\"Organization\",\"@id\":\"https:\/\/luan.webrt.net\/qhome\/#organization\",\"name\":\"QGHome\",\"url\":\"https:\/\/luan.webrt.net\/qhome\/\",\"logo\":{\"@type\":\"ImageObject\",\"inLanguage\":\"vi\",\"@id\":\"https:\/\/luan.webrt.net\/qhome\/#\/schema\/logo\/image\/\",\"url\":\"https:\/\/qghome.vn\/wp-content\/uploads\/2025\/08\/logo-mau-MauTH-21.png\",\"contentUrl\":\"https:\/\/qghome.vn\/wp-content\/uploads\/2025\/08\/logo-mau-MauTH-21.png\",\"width\":253,\"height\":99,\"caption\":\"QGHome\"},\"image\":{\"@id\":\"https:\/\/luan.webrt.net\/qhome\/#\/schema\/logo\/image\/\"},\"sameAs\":[\"https:\/\/www.tiktok.com\/@qghome.official\",\"https:\/\/www.youtube.com\/channel\/UCeVBuKTXkv-u94DS421cklw\",\"https:\/\/www.facebook.com\/noithatqghome\"]}]}<\/script>\n<!-- \/ Yoast SEO plugin. -->","yoast_head_json":{"title":"B\u00e0n tr\u00e0 g\u1ed7 m\u1eb7t k\u00ednh - BT06 - gi\u00e1 t\u1ed1t nh\u1ea5t","description":"B\u00e0n tr\u00e0 g\u1ed7 m\u1eb7t k\u00ednh - BT06 \u0111\u01b0\u1ee3c l\u00e0m t\u1eeb g\u1ed7 c\u00f4ng nghi\u1ec7p mdf cao c\u1ea5p. Mang \u0111\u1ebfn s\u1ef1 sang tr\u1ecdng, \u0111\u1eb3ng c\u1ea5p cho kh\u00f4ng gian s\u1ed1ng hi\u1ec7n \u0111\u1ea1i, ti\u1ec7n nghi.","robots":{"index":"index","follow":"follow","max-snippet":"max-snippet:-1","max-image-preview":"max-image-preview:large","max-video-preview":"max-video-preview:-1"},"canonical":"https:\/\/luan.webrt.net\/qhome\/san-pham\/ban-tra-go-cong-nghiep-mat-kinh-bt06\/","og_locale":"vi_VN","og_type":"article","og_title":"B\u00e0n tr\u00e0 g\u1ed7 m\u1eb7t k\u00ednh - BT06 - gi\u00e1 t\u1ed1t nh\u1ea5t","og_description":"B\u00e0n tr\u00e0 g\u1ed7 m\u1eb7t k\u00ednh - BT06 \u0111\u01b0\u1ee3c l\u00e0m t\u1eeb g\u1ed7 c\u00f4ng nghi\u1ec7p mdf cao c\u1ea5p. Mang \u0111\u1ebfn s\u1ef1 sang tr\u1ecdng, \u0111\u1eb3ng c\u1ea5p cho kh\u00f4ng gian s\u1ed1ng hi\u1ec7n \u0111\u1ea1i, ti\u1ec7n nghi.","og_url":"https:\/\/luan.webrt.net\/qhome\/san-pham\/ban-tra-go-cong-nghiep-mat-kinh-bt06\/","og_site_name":"M\u1eabu web n\u1ed9i th\u1ea5t","article_publisher":"https:\/\/www.facebook.com\/noithatqghome","article_modified_time":"2025-03-05T12:50:25+00:00","og_image":[{"width":750,"height":509,"url":"https:\/\/luan.webrt.net\/qhome\/wp-content\/uploads\/2024\/11\/6.3.jpg","type":"image\/jpeg"}],"twitter_card":"summary_large_image","twitter_misc":{"\u01af\u1edbc t\u00ednh th\u1eddi gian \u0111\u1ecdc":"5 ph\u00fat"},"schema":{"@context":"https:\/\/schema.org","@graph":[{"@type":"WebPage","@id":"https:\/\/luan.webrt.net\/qhome\/san-pham\/ban-tra-go-cong-nghiep-mat-kinh-bt06\/","url":"https:\/\/luan.webrt.net\/qhome\/san-pham\/ban-tra-go-cong-nghiep-mat-kinh-bt06\/","name":"B\u00e0n tr\u00e0 g\u1ed7 m\u1eb7t k\u00ednh - BT06 - gi\u00e1 t\u1ed1t nh\u1ea5t","isPartOf":{"@id":"https:\/\/luan.webrt.net\/qhome\/#website"},"datePublished":"2024-11-13T20:59:38+00:00","dateModified":"2025-03-05T12:50:25+00:00","description":"B\u00e0n tr\u00e0 g\u1ed7 m\u1eb7t k\u00ednh - BT06 \u0111\u01b0\u1ee3c l\u00e0m t\u1eeb g\u1ed7 c\u00f4ng nghi\u1ec7p mdf cao c\u1ea5p. Mang \u0111\u1ebfn s\u1ef1 sang tr\u1ecdng, \u0111\u1eb3ng c\u1ea5p cho kh\u00f4ng gian s\u1ed1ng hi\u1ec7n \u0111\u1ea1i, ti\u1ec7n nghi.","breadcrumb":{"@id":"https:\/\/luan.webrt.net\/qhome\/san-pham\/ban-tra-go-cong-nghiep-mat-kinh-bt06\/#breadcrumb"},"inLanguage":"vi","potentialAction":[{"@type":"ReadAction","target":["https:\/\/luan.webrt.net\/qhome\/san-pham\/ban-tra-go-cong-nghiep-mat-kinh-bt06\/"]}]},{"@type":"BreadcrumbList","@id":"https:\/\/luan.webrt.net\/qhome\/san-pham\/ban-tra-go-cong-nghiep-mat-kinh-bt06\/#breadcrumb","itemListElement":[{"@type":"ListItem","position":1,"name":"Trang ch\u1ee7","item":"https:\/\/luan.webrt.net\/qhome\/"},{"@type":"ListItem","position":2,"name":"Shop","item":"https:\/\/luan.webrt.net\/qhome\/shop\/"},{"@type":"ListItem","position":3,"name":"B\u00e0n tr\u00e0 g\u1ed7 m\u1eb7t k\u00ednh &#8211; BT06"}]},{"@type":"WebSite","@id":"https:\/\/luan.webrt.net\/qhome\/#website","url":"https:\/\/luan.webrt.net\/qhome\/","name":"M\u1eabu web n\u1ed9i th\u1ea5t","description":"QGHome Vi\u1ec7t Nam","publisher":{"@id":"https:\/\/luan.webrt.net\/qhome\/#organization"},"potentialAction":[{"@type":"SearchAction","target":{"@type":"EntryPoint","urlTemplate":"https:\/\/luan.webrt.net\/qhome\/?s={search_term_string}"},"query-input":"required name=search_term_string"}],"inLanguage":"vi"},{"@type":"Organization","@id":"https:\/\/luan.webrt.net\/qhome\/#organization","name":"QGHome","url":"https:\/\/luan.webrt.net\/qhome\/","logo":{"@type":"ImageObject","inLanguage":"vi","@id":"https:\/\/luan.webrt.net\/qhome\/#\/schema\/logo\/image\/","url":"https:\/\/qghome.vn\/wp-content\/uploads\/2025\/08\/logo-mau-MauTH-21.png","contentUrl":"https:\/\/qghome.vn\/wp-content\/uploads\/2025\/08\/logo-mau-MauTH-21.png","width":253,"height":99,"caption":"QGHome"},"image":{"@id":"https:\/\/luan.webrt.net\/qhome\/#\/schema\/logo\/image\/"},"sameAs":["https:\/\/www.tiktok.com\/@qghome.official","https:\/\/www.youtube.com\/channel\/UCeVBuKTXkv-u94DS421cklw","https:\/\/www.facebook.com\/noithatqghome"]}]}},"_links":{"self":[{"href":"https:\/\/luan.webrt.net\/qhome\/wp-json\/wp\/v2\/product\/12984","targetHints":{"allow":["GET"]}}],"collection":[{"href":"https:\/\/luan.webrt.net\/qhome\/wp-json\/wp\/v2\/product"}],"about":[{"href":"https:\/\/luan.webrt.net\/qhome\/wp-json\/wp\/v2\/types\/product"}],"replies":[{"embeddable":true,"href":"https:\/\/luan.webrt.net\/qhome\/wp-json\/wp\/v2\/comments?post=12984"}],"wp:featuredmedia":[{"embeddable":true,"href":"https:\/\/luan.webrt.net\/qhome\/wp-json\/wp\/v2\/media\/12988"}],"wp:attachment":[{"href":"https:\/\/luan.webrt.net\/qhome\/wp-json\/wp\/v2\/media?parent=12984"}],"wp:term":[{"taxonomy":"product_cat","embeddable":true,"href":"https:\/\/luan.webrt.net\/qhome\/wp-json\/wp\/v2\/product_cat?post=12984"},{"taxonomy":"product_tag","embeddable":true,"href":"https:\/\/luan.webrt.net\/qhome\/wp-json\/wp\/v2\/product_tag?post=12984"}],"curies":[{"name":"wp","href":"https:\/\/api.w.org\/{rel}","templated":true}]}}