{"id":12975,"date":"2024-11-13T20:03:31","date_gmt":"2024-11-13T20:03:31","guid":{"rendered":"https:\/\/qghome.vn\/?post_type=product&#038;p=12975"},"modified":"2024-12-15T15:45:44","modified_gmt":"2024-12-15T15:45:44","slug":"mau-ban-tra-dep-hien-dai","status":"publish","type":"product","link":"https:\/\/luan.webrt.net\/qhome\/san-pham\/mau-ban-tra-dep-hien-dai\/","title":{"rendered":"M\u1eabu b\u00e0n tr\u00e0 \u0111\u1eb9p hi\u1ec7n \u0111\u1ea1i &#8211; BT04"},"content":{"rendered":"<h1><span style=\"font-weight: 400; color: #0000ff;\">M\u1eabu b\u00e0n tr\u00e0 \u0111\u1eb9p, hi\u1ec7n \u0111\u1ea1i &#8211; BT04<\/span><\/h1>\n<p><span style=\"font-weight: 400; color: #000000;\">\u0110\u1ebfn v\u1edbi gian h\u00e0ng c\u1ee7a n\u1ed9i th\u1ea5t QG Home h\u00f4m nay, ch\u00fang t\u00f4i xin tr\u00e2n tr\u1ecdng gi\u1edbi thi\u1ec7u t\u1edbi b\u1ea1n m\u1eabu <a href=\"https:\/\/qghome.vn\/noi-that-chung-cu\/noi-that-phong-khach\/ban-tra\/\">b\u00e0n tr\u00e0 sofa<\/a> BT04 v\u1eeba \u0111\u1eb9p, hi\u1ec7n \u0111\u1ea1i l\u1ea1i c\u00f3 c\u00f4ng n\u0103ng t\u1ed1i \u01b0u. Thi\u1ebft k\u1ebf sang tr\u1ecdng, th\u00f4ng minh v\u00e0 \u0111\u00f3n \u0111\u1ea7u xu h\u01b0\u1edbng.<\/span><\/p>\n<h2><strong>Th\u00f4ng s\u1ed1 s\u1ea3n ph\u1ea9m<\/strong><\/h2>\n<table>\n<tbody>\n<tr>\n<td><span style=\"font-weight: 400; color: #000000;\">K\u00edch th\u01b0\u1edbc<\/span><\/td>\n<td>\n<ul>\n<li style=\"font-weight: 400;\" aria-level=\"1\"><span style=\"font-weight: 400; color: #000000;\">D\u00e0i 1000mm x R\u1ed9ng 500mm x Cao 400mm<\/span><\/li>\n<li style=\"font-weight: 400;\" aria-level=\"1\"><span style=\"font-weight: 400; color: #000000;\">D\u00e0i 1200mm x R\u1ed9ng 480mm x Cao 400mm<\/span><\/li>\n<li style=\"font-weight: 400;\" aria-level=\"1\"><span style=\"font-weight: 400; color: #000000;\">D\u00e0i 1200mm x R\u1ed9ng 600mm x Cao 420mm<\/span><\/li>\n<\/ul>\n<\/td>\n<\/tr>\n<tr>\n<td><span style=\"font-weight: 400; color: #000000;\">Ch\u1ea5t li\u1ec7u<\/span><\/td>\n<td><span style=\"font-weight: 400; color: #000000;\">V\u00e1n g\u1ed7 c\u00f4ng nghi\u1ec7p MDF ph\u1ee7 melamine ch\u1ea5t l\u01b0\u1ee3ng cao v\u1edbi m\u1ed9t s\u1ed1 \u01b0u \u0111i\u1ec3m c\u00f3 th\u1ec3 k\u1ec3 \u0111\u1ebfn nh\u01b0:<\/span><\/p>\n<ul>\n<li style=\"font-weight: 400;\" aria-level=\"1\"><span style=\"font-weight: 400; color: #000000;\">B\u1ec1n b\u1ec9.<\/span><\/li>\n<li style=\"font-weight: 400;\" aria-level=\"1\"><span style=\"font-weight: 400; color: #000000;\">H\u1ea1n ch\u1ebf cong v\u00eanh.<\/span><\/li>\n<li style=\"font-weight: 400;\" aria-level=\"1\"><span style=\"font-weight: 400; color: #000000;\">Ch\u1ed1ng m\u1ed1i m\u1ecdt, ch\u1ed1ng \u1ea9m, ch\u1ed1ng co ng\u00f3t.<\/span><\/li>\n<li style=\"font-weight: 400;\" aria-level=\"1\"><span style=\"font-weight: 400; color: #000000;\">D\u1ec5 d\u00e0ng v\u1ec7 sinh.<\/span><\/li>\n<\/ul>\n<p><span style=\"font-weight: 400; color: #000000;\">Ph\u1ee5 ki\u1ec7n ng\u0103n k\u00e9o b\u00e0n s\u1eed d\u1ee5ng ch\u1ea5t li\u1ec7u cao c\u1ea5p<\/span><\/td>\n<\/tr>\n<tr>\n<td><span style=\"font-weight: 400; color: #000000;\">Quy c\u00e1ch<\/span><\/td>\n<td>\n<ul>\n<li style=\"font-weight: 400;\" aria-level=\"1\"><span style=\"font-weight: 400; color: #000000;\">G\u1ed3m 02 ng\u0103n k\u00e9o v\u00e0 h\u1ed9c t\u1ee7 tr\u1ed1ng.<\/span><\/li>\n<\/ul>\n<\/td>\n<\/tr>\n<tr>\n<td><span style=\"font-weight: 400; color: #000000;\">M\u00e0u s\u1eafc<\/span><\/td>\n<td><span style=\"font-weight: 400; color: #000000;\">M\u00e0u v\u00e2n g\u1ed7 k\u1ebft h\u1ee3p tr\u1eafng \u0111\u1ee5c sang tr\u1ecdng, thanh l\u1ecbch.<\/span><\/p>\n<p><span style=\"font-weight: 400; color: #000000;\">C\u00f3 th\u1ec3 l\u1ef1a ch\u1ecdn m\u00e0u s\u1eafc t\u00f9y th\u00edch.<\/span><\/td>\n<\/tr>\n<\/tbody>\n<\/table>\n<h2><img loading=\"lazy\" decoding=\"async\" class=\"size-medium wp-image-12976 aligncenter\" src=\"http:\/\/qghome.vn\/wp-content\/uploads\/2024\/11\/4.1-400x400.jpg\" alt=\"\" width=\"400\" height=\"400\" srcset=\"https:\/\/luan.webrt.net\/qhome\/wp-content\/uploads\/2024\/11\/4.1-400x400.jpg 400w, https:\/\/luan.webrt.net\/qhome\/wp-content\/uploads\/2024\/11\/4.1-100x100.jpg 100w, https:\/\/luan.webrt.net\/qhome\/wp-content\/uploads\/2024\/11\/4.1-510x510.jpg 510w, https:\/\/luan.webrt.net\/qhome\/wp-content\/uploads\/2024\/11\/4.1-280x280.jpg 280w, https:\/\/luan.webrt.net\/qhome\/wp-content\/uploads\/2024\/11\/4.1.jpg 600w\" sizes=\"auto, (max-width: 400px) 100vw, 400px\" \/><\/h2>\n<h2><span style=\"color: #000000;\"><b>B\u00e0n tr\u00e0 \u0111\u1eb9p BT04 g\u1ed3m c\u00f3 nh\u1eefng \u01b0u \u0111i\u1ec3m nh\u01b0 th\u1ebf n\u00e0o?<\/b><\/span><\/h2>\n<ul>\n<li style=\"font-weight: 400;\" aria-level=\"1\"><span style=\"font-weight: 400; color: #000000;\">B\u00e0n tr\u00e0 g\u1ed7 c\u00f4ng nghi\u1ec7p \u0111\u01b0\u1ee3c BT04 \u0111\u01b0\u1ee3c thi\u1ebft k\u1ebf theo phong c\u00e1ch hi\u1ec7n \u0111\u1ea1i, sang tr\u1ecdng v\u00e0 \u0111\u1eb3ng c\u1ea5p, mang \u0111\u1ebfn gi\u00e1 tr\u1ecb th\u1ea9m m\u1ef9 v\u00e0 c\u00f4ng d\u1ee5ng cao cho ng\u01b0\u1eddi s\u1eed d\u1ee5ng.<\/span><\/li>\n<li style=\"font-weight: 400;\" aria-level=\"1\"><span style=\"font-weight: 400; color: #000000;\">\u0110\u1ea7u b\u00e0n \u0111\u01b0\u1ee3c v\u00e1t c\u1ea1nh v\u00e0 bo tr\u00f2n tinh t\u1ebf, gi\u00fap gi\u1ea3m ch\u1ea5n th\u01b0\u01a1ng khi va \u0111\u1eadp nh\u1eb9, \u0111\u1eb7c bi\u1ec7t l\u00e0 khi nh\u00e0 b\u1ea1n c\u00f3 con nh\u1ecf.<\/span><\/li>\n<li style=\"font-weight: 400;\" aria-level=\"1\"><span style=\"font-weight: 400; color: #000000;\">M\u00e0u v\u00e2n g\u1ed7 ch\u00ednh l\u00e0 m\u00e3 m\u00e0u ti\u00eau bi\u1ec3u trong thi\u1ebft k\u1ebf n\u1ed9i th\u1ea5t hi\u1ec7n nay. V\u1edbi gam m\u00e0u n\u00e0y, b\u1ea1n c\u00f3 th\u1ec3 d\u1ec5 d\u00e0ng ph\u1ed1i v\u1edbi c\u00e1c m\u00e3 m\u00e0u kh\u00e1c v\u00e0 ph\u00f9 h\u1ee3p v\u1edbi m\u1ecdi phong c\u00e1ch thi\u1ebft k\u1ebf n\u1ed9i th\u1ea5t t\u1eeb c\u1ed5 \u0111i\u1ec3n \u0111\u1ebfn hi\u1ec7n \u0111\u1ea1i, t\u1eeb ph\u01b0\u01a1ng \u0110\u00f4ng \u0111\u1ebfn ph\u01b0\u01a1ng T\u00e2y.<\/span><\/li>\n<li style=\"font-weight: 400;\" aria-level=\"1\"><span style=\"font-weight: 400; color: #000000;\">Ri\u00eang ph\u1ea7n ng\u0103n k\u00e9o b\u00e0n \u0111\u01b0\u1ee3c ph\u00e1 c\u00e1ch b\u1eb1ng m\u00e0u tr\u1eafng \u0111\u1ee5c c\u1ef1c k\u1ef3 tinh t\u1ebf, t\u1ea1o \u0111i\u1ec3m nh\u1ea5n \u1ea5n t\u01b0\u1ee3ng cho t\u1ed5ng th\u1ec3 chi\u1ebfc b\u00e0n.<\/span><\/li>\n<\/ul>\n<p><span style=\"font-weight: 400; color: #000000;\"><span style=\"font-weight: 400;\">B\u00e0n sofa ph\u00f2ng kh\u00e1ch \u0111\u1eb9p hi\u1ec7n \u0111\u1ea1i BT04 \u0111\u01b0\u1ee3c t\u00edch h\u1ee3p ng\u0103n k\u00e9o b\u00e0n linh ho\u1ea1t, c\u00f9ng v\u1edbi \u0111\u00f3 l\u00e0 c\u00e1c h\u1ed9c t\u1ee7 m\u1edf r\u1ed9ng r\u00e3i \u1edf c\u1ea3 hai ph\u00eda th\u00e2n b\u00e0n, gi\u00fap b\u1ea1n c\u00f3 th\u1ec3 t\u1eadn d\u1ee5ng c\u00e1c kho\u1ea3ng tr\u1ed1ng \u0111\u1ec3 l\u01b0u tr\u1eef m\u1ed9t s\u1ed1 \u0111\u1ed3 l\u1eb7t v\u1eb7t nh\u1ecf nh\u01b0 s\u00e1ch b\u00e1o, t\u1ea1p ch\u00ed, \u0111\u1ed3 trang tr\u00ed, b\u1ed9 t\u00edch ch\u00e9n,&#8230;.\u0110i\u1ec1u n\u00e0y cho th\u1ea5y b\u1ea1n ho\u00e0n to\u00e0n c\u00f3 th\u1ec3 t\u1eadn d\u1ee5ng \u0111\u01b0\u1ee3c m\u1ecdi ng\u00f3c ng\u00e1ch c\u1ee7a chi\u1ebfc b\u00e0n sofa.<\/span><\/span><\/p>\n<h2><img loading=\"lazy\" decoding=\"async\" class=\"size-medium wp-image-12977 aligncenter\" src=\"http:\/\/qghome.vn\/wp-content\/uploads\/2024\/11\/4.2-600x400.jpg\" alt=\"\" width=\"600\" height=\"400\" srcset=\"https:\/\/luan.webrt.net\/qhome\/wp-content\/uploads\/2024\/11\/4.2-600x400.jpg 600w, https:\/\/luan.webrt.net\/qhome\/wp-content\/uploads\/2024\/11\/4.2-510x340.jpg 510w, https:\/\/luan.webrt.net\/qhome\/wp-content\/uploads\/2024\/11\/4.2-768x512.jpg 768w, https:\/\/luan.webrt.net\/qhome\/wp-content\/uploads\/2024\/11\/4.2.jpg 880w\" sizes=\"auto, (max-width: 600px) 100vw, 600px\" \/><\/h2>\n<h3><span style=\"color: #000000;\"><b>V\u00e1n g\u1ed7 MDF ph\u1ee7 melamine ch\u1ea5t l\u01b0\u1ee3ng cao<\/b><\/span><\/h3>\n<p><span style=\"font-weight: 400; color: #000000;\">M\u1eb7c d\u00f9 kh\u00f4ng th\u1ec3 so s\u00e1nh ch\u1ea5t l\u01b0\u1ee3ng \u0111\u01b0\u1ee3c v\u1edbi g\u1ed7 t\u1ef1 nhi\u00ean, th\u1ebf nh\u01b0ng d\u00f2ng g\u1ed7 c\u00f4ng nghi\u1ec7p MDF n\u00e0y v\u1eabn mang \u0111\u1ebfn r\u1ea5t nhi\u1ec1u c\u00f4ng d\u1ee5ng c\u00f3 th\u1ec3 k\u1ec3 \u0111\u1ebfn nh\u01b0:<\/span><\/p>\n<ul>\n<li style=\"font-weight: 400;\" aria-level=\"1\"><span style=\"font-weight: 400; color: #000000;\">Ch\u1ea5t l\u01b0\u1ee3ng b\u1ec1n b\u1ec9, gi\u1eef \u0111\u01b0\u1ee3c v\u1ebb \u0111\u1eb9p theo th\u1eddi gian.<\/span><\/li>\n<li style=\"font-weight: 400;\" aria-level=\"1\"><span style=\"font-weight: 400; color: #000000;\">Kh\u00f4ng lo b\u1ecb cong v\u00eanh, co ng\u00f3t hay m\u1ed1i m\u1ecdt.<\/span><\/li>\n<li style=\"font-weight: 400;\" aria-level=\"1\"><span style=\"font-weight: 400; color: #000000;\">Kh\u1ea3 n\u0103ng ch\u1ecbu l\u1ef1c t\u1ed1t b\u1edfi k\u1ebft c\u1ea5u ch\u1eafc ch\u1eafn.<\/span><\/li>\n<li style=\"font-weight: 400;\" aria-level=\"1\"><span style=\"font-weight: 400; color: #000000;\">D\u1ec5 d\u00e0ng v\u1ec7 sinh lau ch\u00f9i b\u1edfi b\u1ec1 m\u1eb7t nh\u1eb5n nh\u1ee5i v\u00e0 s\u00e1ng b\u00f3ng. R\u1ea5t ph\u00f9 h\u1ee3p cho c\u00e1c m\u1eabu b\u00e0n tr\u00e0 ph\u00f2ng kh\u00e1ch.<\/span><\/li>\n<li style=\"font-weight: 400;\" aria-level=\"1\"><span style=\"font-weight: 400; color: #000000;\">\u0110a d\u1ea1ng c\u00e1c lo\u1ea1i m\u00e0u s\u1eafc kh\u00e1c nhau \u0111\u1ec3 b\u1ea1n c\u00f3 th\u1ec3 t\u00f9y th\u00edch l\u1ef1a ch\u1ecdn theo s\u1edf th\u00edch c\u0169ng nh\u01b0 l\u00e0 phong c\u00e1ch s\u1ed1ng c\u1ee7a gia \u0111\u00ecnh.<\/span><\/li>\n<\/ul>\n<p style=\"text-align: center;\"><span style=\"font-weight: 400; color: #000000;\"><span style=\"font-weight: 400;\"><span style=\"vertical-align: inherit;\"><span style=\"vertical-align: inherit;\">***<\/span><\/span><br \/>\n<\/span><\/span><\/p>\n<p><span style=\"font-weight: 400; color: #000000;\"><span style=\"font-weight: 400;\">H\u00e3y mua s\u1eafm t\u1ea1i N\u1ed9i Th\u1ea5t QG Home ngay h\u00f4m nay \u0111\u1ec3 nh\u1eadn \u0111\u01b0\u1ee3c nhi\u1ec1u \u01b0u \u0111\u00e3i h\u1ea5p d\u1eabn v\u00e0 nh\u1eefng tr\u1ea3i nghi\u1ec7m tuy\u1ec7t v\u1eddi b\u1ea1n nh\u00e9!<br \/>\n<\/span><\/span><\/p>\n<h3 style=\"text-align: center;\"><span style=\"color: #000000;\"><b>QG Home &#8211; \u0110\u01a1n v\u1ecb thi c\u00f4ng v\u00e0 thi\u1ebft k\u1ebf n\u1ed9i th\u1ea5t h\u00e0ng \u0111\u1ea7u t\u1ea1i Vi\u1ec7t Nam<\/b><\/span><\/h3>\n<ul>\n<li style=\"list-style-type: none;\">\n<ul>\n<li style=\"font-weight: 400;\" aria-level=\"1\"><span style=\"font-weight: 400; color: #000000;\">Uy t\u00edn, ch\u1ea5t l\u01b0\u1ee3ng, nhi\u1ec7t t\u00ecnh, tr\u00e1ch nhi\u1ec7m.<\/span><\/li>\n<li style=\"font-weight: 400;\" aria-level=\"1\"><span style=\"font-weight: 400; color: #000000;\">Gi\u00e1 c\u1ea3 h\u1ee3p l\u00fd.<\/span><\/li>\n<li style=\"font-weight: 400;\" aria-level=\"1\"><span style=\"font-weight: 400; color: #000000;\">D\u1ecbch v\u1ee5 t\u01b0 v\u1ea5n h\u1ed7 tr\u1ee3 l\u1eafp \u0111\u1eb7t s\u1ea3n ph\u1ea9m mi\u1ec5n ph\u00ed 24\/7.<\/span><\/li>\n<li style=\"font-weight: 400;\" aria-level=\"1\"><span style=\"font-weight: 400; color: #000000;\"><a href=\"https:\/\/qghome.vn\/noi-that-chung-cu\/tron-goi-noi-that-chung-cu\/\">Thi\u1ebft k\u1ebf n\u1ed9i th\u1ea5t chung c\u01b0<\/a>,<a href=\"https:\/\/qghome.vn\/san-pham\/noi-that-van-phong\/\"> n\u1ed9i th\u1ea5t v\u0103n ph\u00f2ng<\/a>, ph\u00f2ng ng\u1ee7 ph\u00f2ng kh\u00e1ch,&#8230;. v\u1edbi \u0111a d\u1ea1ng c\u00e1c m\u1eabu s\u1ea3n ph\u1ea9m kh\u00e1c nhau, b\u1eaft k\u1ecbp xu h\u01b0\u1edbng.<\/span><\/li>\n<\/ul>\n<\/li>\n<\/ul>\n","protected":false},"excerpt":{"rendered":"<p>M\u1eabu b\u00e0n tr\u00e0 \u0111\u1eb9p, hi\u1ec7n \u0111\u1ea1i &#8211; BT04 \u0110\u1ebfn v\u1edbi gian h\u00e0ng c\u1ee7a n\u1ed9i th\u1ea5t QG Home h\u00f4m nay, ch\u00fang t\u00f4i xin tr\u00e2n tr\u1ecdng gi\u1edbi thi\u1ec7u t\u1edbi b\u1ea1n m\u1eabu b\u00e0n tr\u00e0 sofa BT04 v\u1eeba \u0111\u1eb9p, hi\u1ec7n \u0111\u1ea1i l\u1ea1i c\u00f3 c\u00f4ng n\u0103ng t\u1ed1i \u01b0u. Thi\u1ebft k\u1ebf sang tr\u1ecdng, th\u00f4ng minh v\u00e0 \u0111\u00f3n \u0111\u1ea7u xu h\u01b0\u1edbng. Th\u00f4ng&#8230;<\/p>\n","protected":false},"featured_media":12976,"comment_status":"open","ping_status":"closed","template":"","meta":[],"product_cat":[493,682,119],"product_tag":[],"class_list":["post-12975","product","type-product","status-publish","has-post-thumbnail","hentry","product_cat-ban-tra","product_cat-noi-that-phong-khach","product_cat-san-pham"],"yoast_head":"<!-- This site is optimized with the Yoast SEO plugin v19.9 - https:\/\/yoast.com\/wordpress\/plugins\/seo\/ -->\n<title>M\u1eabu b\u00e0n tr\u00e0 \u0111\u1eb9p hi\u1ec7n \u0111\u1ea1i - BT04 - gi\u00e1 r\u1ebb nh\u1ea5t<\/title>\n<meta name=\"description\" content=\"M\u1eabu b\u00e0n tr\u00e0 \u0111\u1eb9p hi\u1ec7n \u0111\u1ea1i BT04 \u0111\u01b0\u1ee3c l\u00e0m t\u1eeb g\u1ed7 c\u00f4ng nghi\u1ec7p mdf cao c\u1ea5p, b\u1ec1n b\u1ec9. Gi\u00fap n\u00e2ng t\u1ea7m v\u1ebb \u0111\u1eb9p c\u1ee7a kh\u00f4ng gian ph\u00f2ng kh\u00e1ch nh\u00e0 b\u1ea1n.\" \/>\n<meta name=\"robots\" content=\"index, follow, max-snippet:-1, max-image-preview:large, max-video-preview:-1\" \/>\n<link rel=\"canonical\" href=\"https:\/\/luan.webrt.net\/qhome\/san-pham\/mau-ban-tra-dep-hien-dai\/\" \/>\n<meta property=\"og:locale\" content=\"vi_VN\" \/>\n<meta property=\"og:type\" content=\"article\" \/>\n<meta property=\"og:title\" content=\"M\u1eabu b\u00e0n tr\u00e0 \u0111\u1eb9p hi\u1ec7n \u0111\u1ea1i - BT04 - gi\u00e1 r\u1ebb nh\u1ea5t\" \/>\n<meta property=\"og:description\" content=\"M\u1eabu b\u00e0n tr\u00e0 \u0111\u1eb9p hi\u1ec7n \u0111\u1ea1i BT04 \u0111\u01b0\u1ee3c l\u00e0m t\u1eeb g\u1ed7 c\u00f4ng nghi\u1ec7p mdf cao c\u1ea5p, b\u1ec1n b\u1ec9. Gi\u00fap n\u00e2ng t\u1ea7m v\u1ebb \u0111\u1eb9p c\u1ee7a kh\u00f4ng gian ph\u00f2ng kh\u00e1ch nh\u00e0 b\u1ea1n.\" \/>\n<meta property=\"og:url\" content=\"https:\/\/luan.webrt.net\/qhome\/san-pham\/mau-ban-tra-dep-hien-dai\/\" \/>\n<meta property=\"og:site_name\" content=\"M\u1eabu web n\u1ed9i th\u1ea5t\" \/>\n<meta property=\"article:publisher\" content=\"https:\/\/www.facebook.com\/noithatqghome\" \/>\n<meta property=\"article:modified_time\" content=\"2024-12-15T15:45:44+00:00\" \/>\n<meta property=\"og:image\" content=\"https:\/\/luan.webrt.net\/qhome\/wp-content\/uploads\/2024\/11\/4.1.jpg\" \/>\n\t<meta property=\"og:image:width\" content=\"600\" \/>\n\t<meta property=\"og:image:height\" content=\"600\" \/>\n\t<meta property=\"og:image:type\" content=\"image\/jpeg\" \/>\n<meta name=\"twitter:card\" content=\"summary_large_image\" \/>\n<meta name=\"twitter:label1\" content=\"\u01af\u1edbc t\u00ednh th\u1eddi gian \u0111\u1ecdc\" \/>\n\t<meta name=\"twitter:data1\" content=\"4 ph\u00fat\" \/>\n<script type=\"application\/ld+json\" class=\"yoast-schema-graph\">{\"@context\":\"https:\/\/schema.org\",\"@graph\":[{\"@type\":\"WebPage\",\"@id\":\"https:\/\/luan.webrt.net\/qhome\/san-pham\/mau-ban-tra-dep-hien-dai\/\",\"url\":\"https:\/\/luan.webrt.net\/qhome\/san-pham\/mau-ban-tra-dep-hien-dai\/\",\"name\":\"M\u1eabu b\u00e0n tr\u00e0 \u0111\u1eb9p hi\u1ec7n \u0111\u1ea1i - BT04 - gi\u00e1 r\u1ebb nh\u1ea5t\",\"isPartOf\":{\"@id\":\"https:\/\/luan.webrt.net\/qhome\/#website\"},\"datePublished\":\"2024-11-13T20:03:31+00:00\",\"dateModified\":\"2024-12-15T15:45:44+00:00\",\"description\":\"M\u1eabu b\u00e0n tr\u00e0 \u0111\u1eb9p hi\u1ec7n \u0111\u1ea1i BT04 \u0111\u01b0\u1ee3c l\u00e0m t\u1eeb g\u1ed7 c\u00f4ng nghi\u1ec7p mdf cao c\u1ea5p, b\u1ec1n b\u1ec9. Gi\u00fap n\u00e2ng t\u1ea7m v\u1ebb \u0111\u1eb9p c\u1ee7a kh\u00f4ng gian ph\u00f2ng kh\u00e1ch nh\u00e0 b\u1ea1n.\",\"breadcrumb\":{\"@id\":\"https:\/\/luan.webrt.net\/qhome\/san-pham\/mau-ban-tra-dep-hien-dai\/#breadcrumb\"},\"inLanguage\":\"vi\",\"potentialAction\":[{\"@type\":\"ReadAction\",\"target\":[\"https:\/\/luan.webrt.net\/qhome\/san-pham\/mau-ban-tra-dep-hien-dai\/\"]}]},{\"@type\":\"BreadcrumbList\",\"@id\":\"https:\/\/luan.webrt.net\/qhome\/san-pham\/mau-ban-tra-dep-hien-dai\/#breadcrumb\",\"itemListElement\":[{\"@type\":\"ListItem\",\"position\":1,\"name\":\"Trang ch\u1ee7\",\"item\":\"https:\/\/luan.webrt.net\/qhome\/\"},{\"@type\":\"ListItem\",\"position\":2,\"name\":\"Shop\",\"item\":\"https:\/\/luan.webrt.net\/qhome\/shop\/\"},{\"@type\":\"ListItem\",\"position\":3,\"name\":\"M\u1eabu b\u00e0n tr\u00e0 \u0111\u1eb9p hi\u1ec7n \u0111\u1ea1i &#8211; BT04\"}]},{\"@type\":\"WebSite\",\"@id\":\"https:\/\/luan.webrt.net\/qhome\/#website\",\"url\":\"https:\/\/luan.webrt.net\/qhome\/\",\"name\":\"M\u1eabu web n\u1ed9i th\u1ea5t\",\"description\":\"QGHome Vi\u1ec7t Nam\",\"publisher\":{\"@id\":\"https:\/\/luan.webrt.net\/qhome\/#organization\"},\"potentialAction\":[{\"@type\":\"SearchAction\",\"target\":{\"@type\":\"EntryPoint\",\"urlTemplate\":\"https:\/\/luan.webrt.net\/qhome\/?s={search_term_string}\"},\"query-input\":\"required name=search_term_string\"}],\"inLanguage\":\"vi\"},{\"@type\":\"Organization\",\"@id\":\"https:\/\/luan.webrt.net\/qhome\/#organization\",\"name\":\"QGHome\",\"url\":\"https:\/\/luan.webrt.net\/qhome\/\",\"logo\":{\"@type\":\"ImageObject\",\"inLanguage\":\"vi\",\"@id\":\"https:\/\/luan.webrt.net\/qhome\/#\/schema\/logo\/image\/\",\"url\":\"https:\/\/qghome.vn\/wp-content\/uploads\/2025\/08\/logo-mau-MauTH-21.png\",\"contentUrl\":\"https:\/\/qghome.vn\/wp-content\/uploads\/2025\/08\/logo-mau-MauTH-21.png\",\"width\":253,\"height\":99,\"caption\":\"QGHome\"},\"image\":{\"@id\":\"https:\/\/luan.webrt.net\/qhome\/#\/schema\/logo\/image\/\"},\"sameAs\":[\"https:\/\/www.tiktok.com\/@qghome.official\",\"https:\/\/www.youtube.com\/channel\/UCeVBuKTXkv-u94DS421cklw\",\"https:\/\/www.facebook.com\/noithatqghome\"]}]}<\/script>\n<!-- \/ Yoast SEO plugin. -->","yoast_head_json":{"title":"M\u1eabu b\u00e0n tr\u00e0 \u0111\u1eb9p hi\u1ec7n \u0111\u1ea1i - BT04 - gi\u00e1 r\u1ebb nh\u1ea5t","description":"M\u1eabu b\u00e0n tr\u00e0 \u0111\u1eb9p hi\u1ec7n \u0111\u1ea1i BT04 \u0111\u01b0\u1ee3c l\u00e0m t\u1eeb g\u1ed7 c\u00f4ng nghi\u1ec7p mdf cao c\u1ea5p, b\u1ec1n b\u1ec9. Gi\u00fap n\u00e2ng t\u1ea7m v\u1ebb \u0111\u1eb9p c\u1ee7a kh\u00f4ng gian ph\u00f2ng kh\u00e1ch nh\u00e0 b\u1ea1n.","robots":{"index":"index","follow":"follow","max-snippet":"max-snippet:-1","max-image-preview":"max-image-preview:large","max-video-preview":"max-video-preview:-1"},"canonical":"https:\/\/luan.webrt.net\/qhome\/san-pham\/mau-ban-tra-dep-hien-dai\/","og_locale":"vi_VN","og_type":"article","og_title":"M\u1eabu b\u00e0n tr\u00e0 \u0111\u1eb9p hi\u1ec7n \u0111\u1ea1i - BT04 - gi\u00e1 r\u1ebb nh\u1ea5t","og_description":"M\u1eabu b\u00e0n tr\u00e0 \u0111\u1eb9p hi\u1ec7n \u0111\u1ea1i BT04 \u0111\u01b0\u1ee3c l\u00e0m t\u1eeb g\u1ed7 c\u00f4ng nghi\u1ec7p mdf cao c\u1ea5p, b\u1ec1n b\u1ec9. Gi\u00fap n\u00e2ng t\u1ea7m v\u1ebb \u0111\u1eb9p c\u1ee7a kh\u00f4ng gian ph\u00f2ng kh\u00e1ch nh\u00e0 b\u1ea1n.","og_url":"https:\/\/luan.webrt.net\/qhome\/san-pham\/mau-ban-tra-dep-hien-dai\/","og_site_name":"M\u1eabu web n\u1ed9i th\u1ea5t","article_publisher":"https:\/\/www.facebook.com\/noithatqghome","article_modified_time":"2024-12-15T15:45:44+00:00","og_image":[{"width":600,"height":600,"url":"https:\/\/luan.webrt.net\/qhome\/wp-content\/uploads\/2024\/11\/4.1.jpg","type":"image\/jpeg"}],"twitter_card":"summary_large_image","twitter_misc":{"\u01af\u1edbc t\u00ednh th\u1eddi gian \u0111\u1ecdc":"4 ph\u00fat"},"schema":{"@context":"https:\/\/schema.org","@graph":[{"@type":"WebPage","@id":"https:\/\/luan.webrt.net\/qhome\/san-pham\/mau-ban-tra-dep-hien-dai\/","url":"https:\/\/luan.webrt.net\/qhome\/san-pham\/mau-ban-tra-dep-hien-dai\/","name":"M\u1eabu b\u00e0n tr\u00e0 \u0111\u1eb9p hi\u1ec7n \u0111\u1ea1i - BT04 - gi\u00e1 r\u1ebb nh\u1ea5t","isPartOf":{"@id":"https:\/\/luan.webrt.net\/qhome\/#website"},"datePublished":"2024-11-13T20:03:31+00:00","dateModified":"2024-12-15T15:45:44+00:00","description":"M\u1eabu b\u00e0n tr\u00e0 \u0111\u1eb9p hi\u1ec7n \u0111\u1ea1i BT04 \u0111\u01b0\u1ee3c l\u00e0m t\u1eeb g\u1ed7 c\u00f4ng nghi\u1ec7p mdf cao c\u1ea5p, b\u1ec1n b\u1ec9. Gi\u00fap n\u00e2ng t\u1ea7m v\u1ebb \u0111\u1eb9p c\u1ee7a kh\u00f4ng gian ph\u00f2ng kh\u00e1ch nh\u00e0 b\u1ea1n.","breadcrumb":{"@id":"https:\/\/luan.webrt.net\/qhome\/san-pham\/mau-ban-tra-dep-hien-dai\/#breadcrumb"},"inLanguage":"vi","potentialAction":[{"@type":"ReadAction","target":["https:\/\/luan.webrt.net\/qhome\/san-pham\/mau-ban-tra-dep-hien-dai\/"]}]},{"@type":"BreadcrumbList","@id":"https:\/\/luan.webrt.net\/qhome\/san-pham\/mau-ban-tra-dep-hien-dai\/#breadcrumb","itemListElement":[{"@type":"ListItem","position":1,"name":"Trang ch\u1ee7","item":"https:\/\/luan.webrt.net\/qhome\/"},{"@type":"ListItem","position":2,"name":"Shop","item":"https:\/\/luan.webrt.net\/qhome\/shop\/"},{"@type":"ListItem","position":3,"name":"M\u1eabu b\u00e0n tr\u00e0 \u0111\u1eb9p hi\u1ec7n \u0111\u1ea1i &#8211; BT04"}]},{"@type":"WebSite","@id":"https:\/\/luan.webrt.net\/qhome\/#website","url":"https:\/\/luan.webrt.net\/qhome\/","name":"M\u1eabu web n\u1ed9i th\u1ea5t","description":"QGHome Vi\u1ec7t Nam","publisher":{"@id":"https:\/\/luan.webrt.net\/qhome\/#organization"},"potentialAction":[{"@type":"SearchAction","target":{"@type":"EntryPoint","urlTemplate":"https:\/\/luan.webrt.net\/qhome\/?s={search_term_string}"},"query-input":"required name=search_term_string"}],"inLanguage":"vi"},{"@type":"Organization","@id":"https:\/\/luan.webrt.net\/qhome\/#organization","name":"QGHome","url":"https:\/\/luan.webrt.net\/qhome\/","logo":{"@type":"ImageObject","inLanguage":"vi","@id":"https:\/\/luan.webrt.net\/qhome\/#\/schema\/logo\/image\/","url":"https:\/\/qghome.vn\/wp-content\/uploads\/2025\/08\/logo-mau-MauTH-21.png","contentUrl":"https:\/\/qghome.vn\/wp-content\/uploads\/2025\/08\/logo-mau-MauTH-21.png","width":253,"height":99,"caption":"QGHome"},"image":{"@id":"https:\/\/luan.webrt.net\/qhome\/#\/schema\/logo\/image\/"},"sameAs":["https:\/\/www.tiktok.com\/@qghome.official","https:\/\/www.youtube.com\/channel\/UCeVBuKTXkv-u94DS421cklw","https:\/\/www.facebook.com\/noithatqghome"]}]}},"_links":{"self":[{"href":"https:\/\/luan.webrt.net\/qhome\/wp-json\/wp\/v2\/product\/12975","targetHints":{"allow":["GET"]}}],"collection":[{"href":"https:\/\/luan.webrt.net\/qhome\/wp-json\/wp\/v2\/product"}],"about":[{"href":"https:\/\/luan.webrt.net\/qhome\/wp-json\/wp\/v2\/types\/product"}],"replies":[{"embeddable":true,"href":"https:\/\/luan.webrt.net\/qhome\/wp-json\/wp\/v2\/comments?post=12975"}],"wp:featuredmedia":[{"embeddable":true,"href":"https:\/\/luan.webrt.net\/qhome\/wp-json\/wp\/v2\/media\/12976"}],"wp:attachment":[{"href":"https:\/\/luan.webrt.net\/qhome\/wp-json\/wp\/v2\/media?parent=12975"}],"wp:term":[{"taxonomy":"product_cat","embeddable":true,"href":"https:\/\/luan.webrt.net\/qhome\/wp-json\/wp\/v2\/product_cat?post=12975"},{"taxonomy":"product_tag","embeddable":true,"href":"https:\/\/luan.webrt.net\/qhome\/wp-json\/wp\/v2\/product_tag?post=12975"}],"curies":[{"name":"wp","href":"https:\/\/api.w.org\/{rel}","templated":true}]}}