{"id":12966,"date":"2024-11-13T19:07:59","date_gmt":"2024-11-13T19:07:59","guid":{"rendered":"https:\/\/qghome.vn\/?post_type=product&#038;p=12966"},"modified":"2024-12-15T15:41:47","modified_gmt":"2024-12-15T15:41:47","slug":"ban-tra-sofa-go-mdf","status":"publish","type":"product","link":"https:\/\/luan.webrt.net\/qhome\/san-pham\/ban-tra-sofa-go-mdf\/","title":{"rendered":"B\u00e0n tr\u00e0 sofa g\u1ed7 MDF thi\u1ebft k\u1ebf \u0111\u01a1n gi\u1ea3n-BT02"},"content":{"rendered":"<p><span style=\"font-size: 115%;\"><b>QG Home &#8211; \u0110\u01a1n v\u1ecb thi c\u00f4ng v\u00e0 thi\u1ebft k\u1ebf n\u1ed9i th\u1ea5t h\u00e0ng \u0111\u1ea7u t\u1ea1i Vi\u1ec7t Nam<\/b><\/span><\/p>\n<ul>\n<li style=\"font-weight: 400;\" aria-level=\"1\"><span style=\"font-weight: 400; color: #000000;\">Uy t\u00edn, ch\u1ea5t l\u01b0\u1ee3ng, nhi\u1ec7t t\u00ecnh, tr\u00e1ch nhi\u1ec7m.<\/span><\/li>\n<li style=\"font-weight: 400;\" aria-level=\"1\"><span style=\"font-weight: 400; color: #000000;\">Gi\u00e1 c\u1ea3 h\u1ee3p l\u00fd.<\/span><\/li>\n<li style=\"font-weight: 400;\" aria-level=\"1\"><span style=\"font-weight: 400; color: #000000;\">D\u1ecbch v\u1ee5 t\u01b0 v\u1ea5n h\u1ed7 tr\u1ee3 l\u1eafp \u0111\u1eb7t s\u1ea3n ph\u1ea9m mi\u1ec5n ph\u00ed 24\/7.<\/span><\/li>\n<\/ul>\n<h1><span style=\"color: #0000ff;\">B\u00e0n tr\u00e0 sofa g\u1ed7 MDF &#8211; BT02<\/span><\/h1>\n<p><span style=\"font-weight: 400;\"><a href=\"https:\/\/qghome.vn\/noi-that-chung-cu\/noi-that-phong-khach\/ban-tra\/\"><strong><span style=\"color: #000000;\">B\u00e0n tr\u00e0 sofa<\/span><\/strong><\/a><span style=\"color: #000000;\"> lu\u00f4n l\u00e0 m\u1ed9t s\u1ea3n ph\u1ea9m kh\u00f4ng th\u1ec3 thi\u1ebfu trong thi\u1ebft k\u1ebf n\u1ed9i th\u1ea5t ph\u00f2ng kh\u00e1ch. S\u1ef1 xu\u1ea5t hi\u1ec7n c\u1ee7a b\u00e0n sofa kh\u00f4ng ch\u1ec9 l\u00e0 b\u1edfi c\u00f4ng d\u1ee5ng c\u1ee7a n\u00f3 m\u00e0 c\u00f2n l\u00e0 \u0111\u1ec3 t\u1ea1o \u0111i\u1ec3m nh\u1ea5n \u1ea5n t\u01b0\u1ee3ng cho kh\u00f4ng gian ph\u00f2ng kh\u00e1ch nh\u00e0 b\u1ea1n. <\/span><\/span><span style=\"font-weight: 400; color: #000000;\">\u0110\u1ebfn v\u1edbi gian h\u00e0ng c\u1ee7a n\u1ed9i th\u1ea5t QG Home h\u00f4m nay, ch\u00fang t\u00f4i xin tr\u00e2n tr\u1ecdng gi\u1edbi thi\u1ec7u t\u1edbi b\u1ea1n m\u1eabu <strong>b\u00e0n tr\u00e0 sofa g\u1ed7 mdf &#8211; BT02<\/strong> v\u1edbi thi\u1ebft k\u1ebf sang tr\u1ecdng, hi\u1ec7n \u0111\u1ea1i, r\u1ea5t x\u1ee9ng \u0111\u00e1ng g\u00f3p m\u1eb7t trong ng\u00f4i nh\u00e0 trang ho\u00e0ng v\u00e0 \u1ea5m c\u00fang c\u1ee7a b\u1ea1n.<\/span><\/p>\n<table>\n<tbody>\n<tr>\n<td><span style=\"font-weight: 400; color: #000000;\">K\u00edch th\u01b0\u1edbc<\/span><\/td>\n<td><span style=\"font-weight: 400; color: #000000;\">D\u00e0i 1000mm x R\u1ed9ng 500mm x Cao 450mm<\/span><\/p>\n<p><span style=\"font-weight: 400; color: #000000;\">D\u00e0i 1200mm x R\u1ed9ng 600mm x Cao 420mm<\/span><\/td>\n<\/tr>\n<tr>\n<td><span style=\"font-weight: 400; color: #000000;\">Ch\u1ea5t li\u1ec7u<\/span><\/td>\n<td><span style=\"font-weight: 400; color: #000000;\">V\u00e1n g\u1ed7 c\u00f4ng nghi\u1ec7p MDF ph\u1ee7 melamine ch\u1ea5t l\u01b0\u1ee3ng cao v\u1edbi m\u1ed9t s\u1ed1 \u01b0u \u0111i\u1ec3m c\u00f3 th\u1ec3 k\u1ec3 \u0111\u1ebfn nh\u01b0:<\/span><\/p>\n<ul>\n<li style=\"font-weight: 400;\" aria-level=\"1\"><span style=\"font-weight: 400; color: #000000;\">B\u1ec1n b\u1ec9.<\/span><\/li>\n<li style=\"font-weight: 400;\" aria-level=\"1\"><span style=\"font-weight: 400; color: #000000;\">H\u1ea1n ch\u1ebf cong v\u00eanh.<\/span><\/li>\n<li style=\"font-weight: 400;\" aria-level=\"1\"><span style=\"font-weight: 400; color: #000000;\">Ch\u1ed1ng m\u1ed1i m\u1ecdt, ch\u1ed1ng \u1ea9m, ch\u1ed1ng co ng\u00f3t.<\/span><\/li>\n<li style=\"font-weight: 400;\" aria-level=\"1\"><span style=\"font-weight: 400; color: #000000;\">D\u1ec5 d\u00e0ng v\u1ec7 sinh.<\/span><\/li>\n<\/ul>\n<p><span style=\"font-weight: 400; color: #000000;\">Ph\u1ee5 ki\u1ec7n ng\u0103n k\u00e9o b\u00e0n s\u1eed d\u1ee5ng ch\u1ea5t li\u1ec7u cao c\u1ea5p<\/span><\/td>\n<\/tr>\n<tr>\n<td><span style=\"font-weight: 400; color: #000000;\">Quy c\u00e1ch<\/span><\/td>\n<td><span style=\"font-weight: 400; color: #000000;\">G\u1ed3m 01 ng\u0103n k\u00e9o v\u00e0 h\u1ed9c t\u1ee7 tr\u1ed1ng, ch\u00e2n nh\u1ef1a ch\u1ecbu<\/span><\/td>\n<\/tr>\n<tr>\n<td><span style=\"font-weight: 400; color: #000000;\">M\u00e0u s\u1eafc<\/span><\/td>\n<td><span style=\"font-weight: 400; color: #000000;\">M\u00e0u v\u00e2n g\u1ed7 sang tr\u1ecdng.<\/span><\/p>\n<p><span style=\"font-weight: 400; color: #000000;\">C\u00f3 th\u1ec3 l\u1ef1a ch\u1ecdn m\u00e0u s\u1eafc t\u00f9y th\u00edch.<\/span><\/td>\n<\/tr>\n<\/tbody>\n<\/table>\n<h2><span style=\"color: #000000;\"><b>Nh\u1eefng \u01b0u \u0111i\u1ec3m n\u1ed5i b\u1eadt c\u1ee7a b\u00e0n tr\u00e0 sofa g\u1ed7 mdf hi\u1ec7n \u0111\u1ea1i, gi\u00e1 r\u1ebb &#8211; BT02<\/b><\/span><\/h2>\n<h3><span style=\"color: #000000;\"><b>Ki\u1ec3u d\u00e1ng sang tr\u1ecdng, thanh l\u1ecbch<\/b><\/span><\/h3>\n<p><span style=\"font-weight: 400; color: #000000;\">\u0110\u01b0\u1ee3c thi\u1ebft k\u1ebf v\u1edbi k\u1ebft c\u1ea5u h\u00ecnh ch\u1eef nh\u1eadt, b\u00e0n tr\u00e0 \u0111\u1eb9p BT02 s\u1ebd g\u00f3p m\u1ed9t ph\u1ea7n kh\u00f4ng nh\u1ecf \u0111\u1ec3 t\u1ea1o n\u00ean m\u1ed9t kh\u00f4ng gian sinh ho\u1ea1t chung v\u00e0 ti\u1ebfp kh\u00e1ch ti\u1ec7n nghi, hi\u1ec7n \u0111\u1ea1i.\u00a0<\/span><\/p>\n<p><span style=\"font-weight: 400; color: #000000;\">B\u00e0n tr\u00e0 h\u00ecnh ch\u1eef nh\u1eadt th\u01b0\u1eddng mang \u00fd ngh\u0129a v\u1ec1 s\u1ef1 c\u00e2n b\u1eb1ng v\u00e0 \u1ed5n \u0111\u1ecbnh trong kh\u00f4ng gian s\u1ed1ng, t\u1ea1o n\u00ean s\u1ef1 \u0111\u1ed1i x\u1ee9ng gi\u00fap kh\u00f4ng gian th\u00eam h\u00e0i h\u00f2a.\u00a0<\/span><\/p>\n<p><span style=\"color: #000000;\"><img loading=\"lazy\" decoding=\"async\" class=\"size-medium wp-image-12967 aligncenter\" src=\"http:\/\/qghome.vn\/wp-content\/uploads\/2024\/11\/21-400x400.png\" alt=\"\" width=\"400\" height=\"400\" srcset=\"https:\/\/luan.webrt.net\/qhome\/wp-content\/uploads\/2024\/11\/21-400x400.png 400w, https:\/\/luan.webrt.net\/qhome\/wp-content\/uploads\/2024\/11\/21-100x100.png 100w, https:\/\/luan.webrt.net\/qhome\/wp-content\/uploads\/2024\/11\/21-510x510.png 510w, https:\/\/luan.webrt.net\/qhome\/wp-content\/uploads\/2024\/11\/21-280x280.png 280w, https:\/\/luan.webrt.net\/qhome\/wp-content\/uploads\/2024\/11\/21.png 600w\" sizes=\"auto, (max-width: 400px) 100vw, 400px\" \/><\/span><\/p>\n<h3><span style=\"color: #000000;\"><b>M\u00e0u s\u1eafc h\u00e0i h\u00f2a, \u0111a d\u1ea1ng<\/b><\/span><\/h3>\n<p><span style=\"font-weight: 400; color: #000000;\">M\u00e0u v\u00e2n g\u1ed7 ch\u00ednh l\u00e0 m\u00e3 m\u00e0u ti\u00eau bi\u1ec3u trong thi\u1ebft k\u1ebf n\u1ed9i th\u1ea5t hi\u1ec7n nay. V\u1edbi gam m\u00e0u n\u00e0y, b\u1ea1n c\u00f3 th\u1ec3 d\u1ec5 d\u00e0ng ph\u1ed1i v\u1edbi c\u00e1c m\u00e3 m\u00e0u kh\u00e1c v\u00e0 ph\u00f9 h\u1ee3p v\u1edbi m\u1ecdi phong c\u00e1ch thi\u1ebft k\u1ebf n\u1ed9i th\u1ea5t t\u1eeb c\u1ed5 \u0111i\u1ec3n \u0111\u1ebfn hi\u1ec7n \u0111\u1ea1i, t\u1eeb ph\u01b0\u01a1ng \u0110\u00f4ng \u0111\u1ebfn ph\u01b0\u01a1ng T\u00e2y.<\/span><\/p>\n<p><span style=\"font-weight: 400; color: #000000;\">H\u01a1n th\u1ebf n\u1eefa, b\u00e0n sofa m\u00e0u v\u00e2n g\u1ed7 lu\u00f4n to\u00e1t l\u00ean c\u1ea3m gi\u00e1c t\u1ef1 nhi\u00ean, \u1ea5m c\u00fang nh\u01b0ng kh\u00f4ng k\u00e9m ph\u1ea7n sang tr\u1ecdng, \u0111\u1eb3ng c\u1ea5p cho kh\u00f4ng gian ph\u00f2ng kh\u00e1ch nh\u00e0 b\u1ea1n.<\/span><\/p>\n<p><span style=\"font-weight: 400; color: #000000;\">B\u00e0n tr\u00e0 sofa g\u1ed7 mdf-BT02 \u0111\u01b0\u1ee3c t\u00edch h\u1ee3p m\u1ed9t ng\u0103n k\u00e9o b\u00e0n linh ho\u1ea1t, c\u00f9ng v\u1edbi \u0111\u00f3 l\u00e0 c\u00e1c h\u1ed9c t\u1ee7 m\u1edf r\u1ed9ng gi\u00fap b\u1ea1n c\u00f3 th\u1ec3 t\u1eadn d\u1ee5ng c\u00e1c kho\u1ea3ng tr\u1ed1ng \u0111\u1ec3 l\u01b0u tr\u1eef m\u1ed9t s\u1ed1 \u0111\u1ed3 \u0111\u1ea1c l\u1eb7t v\u1eb7t nh\u1ecf nh\u01b0 s\u00e1ch b\u00e1o, t\u1ea1p ch\u00ed, \u0111\u1ed3 trang tr\u00ed,&#8230;<\/span><\/p>\n<h3><span style=\"color: #000000;\"><b>V\u00e1n g\u1ed7 MDF ph\u1ee7 melamine ch\u1ea5t l\u01b0\u1ee3ng cao<\/b><\/span><\/h3>\n<p><span style=\"font-weight: 400; color: #000000;\">M\u1eb7c d\u00f9 kh\u00f4ng th\u1ec3 so s\u00e1nh ch\u1ea5t l\u01b0\u1ee3ng \u0111\u01b0\u1ee3c v\u1edbi g\u1ed7 t\u1ef1 nhi\u00ean, th\u1ebf nh\u01b0ng d\u00f2ng g\u1ed7 c\u00f4ng nghi\u1ec7p MDF n\u00e0y v\u1eabn mang \u0111\u1ebfn r\u1ea5t nhi\u1ec1u c\u00f4ng d\u1ee5ng c\u00f3 th\u1ec3 k\u1ec3 \u0111\u1ebfn nh\u01b0:<\/span><\/p>\n<ul>\n<li style=\"font-weight: 400;\" aria-level=\"1\"><span style=\"font-weight: 400; color: #000000;\">Ch\u1ea5t l\u01b0\u1ee3ng b\u1ec1n b\u1ec9, gi\u1eef \u0111\u01b0\u1ee3c v\u1ebb \u0111\u1eb9p theo th\u1eddi gian.<\/span><\/li>\n<li style=\"font-weight: 400;\" aria-level=\"1\"><span style=\"font-weight: 400; color: #000000;\">Kh\u00f4ng lo b\u1ecb cong v\u00eanh, co ng\u00f3t hay m\u1ed1i m\u1ecdt.<\/span><\/li>\n<li style=\"font-weight: 400;\" aria-level=\"1\"><span style=\"font-weight: 400; color: #000000;\">Kh\u1ea3 n\u0103ng ch\u1ecbu l\u1ef1c t\u1ed1t b\u1edfi k\u1ebft c\u1ea5u ch\u1eafc ch\u1eafn.<\/span><\/li>\n<li style=\"font-weight: 400;\" aria-level=\"1\"><span style=\"font-weight: 400; color: #000000;\">D\u1ec5 d\u00e0ng v\u1ec7 sinh lau ch\u00f9i b\u1edfi b\u1ec1 m\u1eb7t nh\u1eb5n nh\u1ee5i v\u00e0 s\u00e1ng b\u00f3ng. R\u1ea5t ph\u00f9 h\u1ee3p cho c\u00e1c m\u1eabu b\u00e0n tr\u00e0 ph\u00f2ng kh\u00e1ch.<\/span><\/li>\n<li style=\"font-weight: 400;\" aria-level=\"1\"><span style=\"font-weight: 400; color: #000000;\">\u0110a d\u1ea1ng c\u00e1c lo\u1ea1i m\u00e0u s\u1eafc kh\u00e1c nhau \u0111\u1ec3 b\u1ea1n c\u00f3 th\u1ec3 t\u00f9y th\u00edch l\u1ef1a ch\u1ecdn theo s\u1edf th\u00edch c\u0169ng nh\u01b0 l\u00e0 phong c\u00e1ch s\u1ed1ng c\u1ee7a gia \u0111\u00ecnh.<\/span><\/li>\n<\/ul>\n<p><span style=\"color: #000000;\">H\u00e3y theo d\u00f5i QG Home \u0111\u1ec3 kh\u00e1m ph\u00e1 th\u00eam nhi\u1ec1u m\u1eabu b\u00e0n tr\u00e0 ph\u00f2ng kh\u00e1ch kh\u00e1c nh\u00e9!<\/span><\/p>\n","protected":false},"excerpt":{"rendered":"<p>QG Home &#8211; \u0110\u01a1n v\u1ecb thi c\u00f4ng v\u00e0 thi\u1ebft k\u1ebf n\u1ed9i th\u1ea5t h\u00e0ng \u0111\u1ea7u t\u1ea1i Vi\u1ec7t Nam Uy t\u00edn, ch\u1ea5t l\u01b0\u1ee3ng, nhi\u1ec7t t\u00ecnh, tr\u00e1ch nhi\u1ec7m. Gi\u00e1 c\u1ea3 h\u1ee3p l\u00fd. D\u1ecbch v\u1ee5 t\u01b0 v\u1ea5n h\u1ed7 tr\u1ee3 l\u1eafp \u0111\u1eb7t s\u1ea3n ph\u1ea9m mi\u1ec5n ph\u00ed 24\/7. B\u00e0n tr\u00e0 sofa g\u1ed7 MDF &#8211; BT02 B\u00e0n tr\u00e0 sofa lu\u00f4n l\u00e0 m\u1ed9t&#8230;<\/p>\n","protected":false},"featured_media":12967,"comment_status":"open","ping_status":"closed","template":"","meta":[],"product_cat":[493,682],"product_tag":[698],"class_list":["post-12966","product","type-product","status-publish","has-post-thumbnail","hentry","product_cat-ban-tra","product_cat-noi-that-phong-khach","product_tag-ban-tra-sofa-phong-khach"],"yoast_head":"<!-- This site is optimized with the Yoast SEO plugin v19.9 - https:\/\/yoast.com\/wordpress\/plugins\/seo\/ -->\n<title>B\u00e0n tr\u00e0 sofa g\u1ed7 MDF thi\u1ebft k\u1ebf \u0111\u01a1n gi\u1ea3n-BT02<\/title>\n<meta name=\"description\" content=\"B\u00e0n tr\u00e0 sofa g\u1ed7 mdf-BT02 v\u1edbi thi\u1ebft k\u1ebf \u0111\u01a1n gi\u1ea3n nh\u01b0ng l\u1ea1i to\u00e1t l\u00ean s\u1ef1 sang tr\u1ecdng, hi\u1ec7n \u0111\u1ea1i v\u00e0 thanh l\u1ecbch, gi\u00fap l\u00e0m n\u1ed5i b\u1eadt kh\u00f4ng gian ph\u00f2ng kh\u00e1ch.\" \/>\n<meta name=\"robots\" content=\"index, follow, max-snippet:-1, max-image-preview:large, max-video-preview:-1\" \/>\n<link rel=\"canonical\" href=\"https:\/\/luan.webrt.net\/qhome\/san-pham\/ban-tra-sofa-go-mdf\/\" \/>\n<meta property=\"og:locale\" content=\"vi_VN\" \/>\n<meta property=\"og:type\" content=\"article\" \/>\n<meta property=\"og:title\" content=\"B\u00e0n tr\u00e0 sofa g\u1ed7 MDF thi\u1ebft k\u1ebf \u0111\u01a1n gi\u1ea3n-BT02\" \/>\n<meta property=\"og:description\" content=\"B\u00e0n tr\u00e0 sofa g\u1ed7 mdf-BT02 v\u1edbi thi\u1ebft k\u1ebf \u0111\u01a1n gi\u1ea3n nh\u01b0ng l\u1ea1i to\u00e1t l\u00ean s\u1ef1 sang tr\u1ecdng, hi\u1ec7n \u0111\u1ea1i v\u00e0 thanh l\u1ecbch, gi\u00fap l\u00e0m n\u1ed5i b\u1eadt kh\u00f4ng gian ph\u00f2ng kh\u00e1ch.\" \/>\n<meta property=\"og:url\" content=\"https:\/\/luan.webrt.net\/qhome\/san-pham\/ban-tra-sofa-go-mdf\/\" \/>\n<meta property=\"og:site_name\" content=\"M\u1eabu web n\u1ed9i th\u1ea5t\" \/>\n<meta property=\"article:publisher\" content=\"https:\/\/www.facebook.com\/noithatqghome\" \/>\n<meta property=\"article:modified_time\" content=\"2024-12-15T15:41:47+00:00\" \/>\n<meta property=\"og:image\" content=\"https:\/\/luan.webrt.net\/qhome\/wp-content\/uploads\/2024\/11\/21.png\" \/>\n\t<meta property=\"og:image:width\" content=\"600\" \/>\n\t<meta property=\"og:image:height\" content=\"600\" \/>\n\t<meta property=\"og:image:type\" content=\"image\/png\" \/>\n<meta name=\"twitter:card\" content=\"summary_large_image\" \/>\n<meta name=\"twitter:label1\" content=\"\u01af\u1edbc t\u00ednh th\u1eddi gian \u0111\u1ecdc\" \/>\n\t<meta name=\"twitter:data1\" content=\"4 ph\u00fat\" \/>\n<script type=\"application\/ld+json\" class=\"yoast-schema-graph\">{\"@context\":\"https:\/\/schema.org\",\"@graph\":[{\"@type\":\"WebPage\",\"@id\":\"https:\/\/luan.webrt.net\/qhome\/san-pham\/ban-tra-sofa-go-mdf\/\",\"url\":\"https:\/\/luan.webrt.net\/qhome\/san-pham\/ban-tra-sofa-go-mdf\/\",\"name\":\"B\u00e0n tr\u00e0 sofa g\u1ed7 MDF thi\u1ebft k\u1ebf \u0111\u01a1n gi\u1ea3n-BT02\",\"isPartOf\":{\"@id\":\"https:\/\/luan.webrt.net\/qhome\/#website\"},\"datePublished\":\"2024-11-13T19:07:59+00:00\",\"dateModified\":\"2024-12-15T15:41:47+00:00\",\"description\":\"B\u00e0n tr\u00e0 sofa g\u1ed7 mdf-BT02 v\u1edbi thi\u1ebft k\u1ebf \u0111\u01a1n gi\u1ea3n nh\u01b0ng l\u1ea1i to\u00e1t l\u00ean s\u1ef1 sang tr\u1ecdng, hi\u1ec7n \u0111\u1ea1i v\u00e0 thanh l\u1ecbch, gi\u00fap l\u00e0m n\u1ed5i b\u1eadt kh\u00f4ng gian ph\u00f2ng kh\u00e1ch.\",\"breadcrumb\":{\"@id\":\"https:\/\/luan.webrt.net\/qhome\/san-pham\/ban-tra-sofa-go-mdf\/#breadcrumb\"},\"inLanguage\":\"vi\",\"potentialAction\":[{\"@type\":\"ReadAction\",\"target\":[\"https:\/\/luan.webrt.net\/qhome\/san-pham\/ban-tra-sofa-go-mdf\/\"]}]},{\"@type\":\"BreadcrumbList\",\"@id\":\"https:\/\/luan.webrt.net\/qhome\/san-pham\/ban-tra-sofa-go-mdf\/#breadcrumb\",\"itemListElement\":[{\"@type\":\"ListItem\",\"position\":1,\"name\":\"Trang ch\u1ee7\",\"item\":\"https:\/\/luan.webrt.net\/qhome\/\"},{\"@type\":\"ListItem\",\"position\":2,\"name\":\"Shop\",\"item\":\"https:\/\/luan.webrt.net\/qhome\/shop\/\"},{\"@type\":\"ListItem\",\"position\":3,\"name\":\"B\u00e0n tr\u00e0 sofa g\u1ed7 MDF thi\u1ebft k\u1ebf \u0111\u01a1n gi\u1ea3n-BT02\"}]},{\"@type\":\"WebSite\",\"@id\":\"https:\/\/luan.webrt.net\/qhome\/#website\",\"url\":\"https:\/\/luan.webrt.net\/qhome\/\",\"name\":\"M\u1eabu web n\u1ed9i th\u1ea5t\",\"description\":\"QGHome Vi\u1ec7t Nam\",\"publisher\":{\"@id\":\"https:\/\/luan.webrt.net\/qhome\/#organization\"},\"potentialAction\":[{\"@type\":\"SearchAction\",\"target\":{\"@type\":\"EntryPoint\",\"urlTemplate\":\"https:\/\/luan.webrt.net\/qhome\/?s={search_term_string}\"},\"query-input\":\"required name=search_term_string\"}],\"inLanguage\":\"vi\"},{\"@type\":\"Organization\",\"@id\":\"https:\/\/luan.webrt.net\/qhome\/#organization\",\"name\":\"QGHome\",\"url\":\"https:\/\/luan.webrt.net\/qhome\/\",\"logo\":{\"@type\":\"ImageObject\",\"inLanguage\":\"vi\",\"@id\":\"https:\/\/luan.webrt.net\/qhome\/#\/schema\/logo\/image\/\",\"url\":\"https:\/\/qghome.vn\/wp-content\/uploads\/2025\/08\/logo-mau-MauTH-21.png\",\"contentUrl\":\"https:\/\/qghome.vn\/wp-content\/uploads\/2025\/08\/logo-mau-MauTH-21.png\",\"width\":253,\"height\":99,\"caption\":\"QGHome\"},\"image\":{\"@id\":\"https:\/\/luan.webrt.net\/qhome\/#\/schema\/logo\/image\/\"},\"sameAs\":[\"https:\/\/www.tiktok.com\/@qghome.official\",\"https:\/\/www.youtube.com\/channel\/UCeVBuKTXkv-u94DS421cklw\",\"https:\/\/www.facebook.com\/noithatqghome\"]}]}<\/script>\n<!-- \/ Yoast SEO plugin. -->","yoast_head_json":{"title":"B\u00e0n tr\u00e0 sofa g\u1ed7 MDF thi\u1ebft k\u1ebf \u0111\u01a1n gi\u1ea3n-BT02","description":"B\u00e0n tr\u00e0 sofa g\u1ed7 mdf-BT02 v\u1edbi thi\u1ebft k\u1ebf \u0111\u01a1n gi\u1ea3n nh\u01b0ng l\u1ea1i to\u00e1t l\u00ean s\u1ef1 sang tr\u1ecdng, hi\u1ec7n \u0111\u1ea1i v\u00e0 thanh l\u1ecbch, gi\u00fap l\u00e0m n\u1ed5i b\u1eadt kh\u00f4ng gian ph\u00f2ng kh\u00e1ch.","robots":{"index":"index","follow":"follow","max-snippet":"max-snippet:-1","max-image-preview":"max-image-preview:large","max-video-preview":"max-video-preview:-1"},"canonical":"https:\/\/luan.webrt.net\/qhome\/san-pham\/ban-tra-sofa-go-mdf\/","og_locale":"vi_VN","og_type":"article","og_title":"B\u00e0n tr\u00e0 sofa g\u1ed7 MDF thi\u1ebft k\u1ebf \u0111\u01a1n gi\u1ea3n-BT02","og_description":"B\u00e0n tr\u00e0 sofa g\u1ed7 mdf-BT02 v\u1edbi thi\u1ebft k\u1ebf \u0111\u01a1n gi\u1ea3n nh\u01b0ng l\u1ea1i to\u00e1t l\u00ean s\u1ef1 sang tr\u1ecdng, hi\u1ec7n \u0111\u1ea1i v\u00e0 thanh l\u1ecbch, gi\u00fap l\u00e0m n\u1ed5i b\u1eadt kh\u00f4ng gian ph\u00f2ng kh\u00e1ch.","og_url":"https:\/\/luan.webrt.net\/qhome\/san-pham\/ban-tra-sofa-go-mdf\/","og_site_name":"M\u1eabu web n\u1ed9i th\u1ea5t","article_publisher":"https:\/\/www.facebook.com\/noithatqghome","article_modified_time":"2024-12-15T15:41:47+00:00","og_image":[{"width":600,"height":600,"url":"https:\/\/luan.webrt.net\/qhome\/wp-content\/uploads\/2024\/11\/21.png","type":"image\/png"}],"twitter_card":"summary_large_image","twitter_misc":{"\u01af\u1edbc t\u00ednh th\u1eddi gian \u0111\u1ecdc":"4 ph\u00fat"},"schema":{"@context":"https:\/\/schema.org","@graph":[{"@type":"WebPage","@id":"https:\/\/luan.webrt.net\/qhome\/san-pham\/ban-tra-sofa-go-mdf\/","url":"https:\/\/luan.webrt.net\/qhome\/san-pham\/ban-tra-sofa-go-mdf\/","name":"B\u00e0n tr\u00e0 sofa g\u1ed7 MDF thi\u1ebft k\u1ebf \u0111\u01a1n gi\u1ea3n-BT02","isPartOf":{"@id":"https:\/\/luan.webrt.net\/qhome\/#website"},"datePublished":"2024-11-13T19:07:59+00:00","dateModified":"2024-12-15T15:41:47+00:00","description":"B\u00e0n tr\u00e0 sofa g\u1ed7 mdf-BT02 v\u1edbi thi\u1ebft k\u1ebf \u0111\u01a1n gi\u1ea3n nh\u01b0ng l\u1ea1i to\u00e1t l\u00ean s\u1ef1 sang tr\u1ecdng, hi\u1ec7n \u0111\u1ea1i v\u00e0 thanh l\u1ecbch, gi\u00fap l\u00e0m n\u1ed5i b\u1eadt kh\u00f4ng gian ph\u00f2ng kh\u00e1ch.","breadcrumb":{"@id":"https:\/\/luan.webrt.net\/qhome\/san-pham\/ban-tra-sofa-go-mdf\/#breadcrumb"},"inLanguage":"vi","potentialAction":[{"@type":"ReadAction","target":["https:\/\/luan.webrt.net\/qhome\/san-pham\/ban-tra-sofa-go-mdf\/"]}]},{"@type":"BreadcrumbList","@id":"https:\/\/luan.webrt.net\/qhome\/san-pham\/ban-tra-sofa-go-mdf\/#breadcrumb","itemListElement":[{"@type":"ListItem","position":1,"name":"Trang ch\u1ee7","item":"https:\/\/luan.webrt.net\/qhome\/"},{"@type":"ListItem","position":2,"name":"Shop","item":"https:\/\/luan.webrt.net\/qhome\/shop\/"},{"@type":"ListItem","position":3,"name":"B\u00e0n tr\u00e0 sofa g\u1ed7 MDF thi\u1ebft k\u1ebf \u0111\u01a1n gi\u1ea3n-BT02"}]},{"@type":"WebSite","@id":"https:\/\/luan.webrt.net\/qhome\/#website","url":"https:\/\/luan.webrt.net\/qhome\/","name":"M\u1eabu web n\u1ed9i th\u1ea5t","description":"QGHome Vi\u1ec7t Nam","publisher":{"@id":"https:\/\/luan.webrt.net\/qhome\/#organization"},"potentialAction":[{"@type":"SearchAction","target":{"@type":"EntryPoint","urlTemplate":"https:\/\/luan.webrt.net\/qhome\/?s={search_term_string}"},"query-input":"required name=search_term_string"}],"inLanguage":"vi"},{"@type":"Organization","@id":"https:\/\/luan.webrt.net\/qhome\/#organization","name":"QGHome","url":"https:\/\/luan.webrt.net\/qhome\/","logo":{"@type":"ImageObject","inLanguage":"vi","@id":"https:\/\/luan.webrt.net\/qhome\/#\/schema\/logo\/image\/","url":"https:\/\/qghome.vn\/wp-content\/uploads\/2025\/08\/logo-mau-MauTH-21.png","contentUrl":"https:\/\/qghome.vn\/wp-content\/uploads\/2025\/08\/logo-mau-MauTH-21.png","width":253,"height":99,"caption":"QGHome"},"image":{"@id":"https:\/\/luan.webrt.net\/qhome\/#\/schema\/logo\/image\/"},"sameAs":["https:\/\/www.tiktok.com\/@qghome.official","https:\/\/www.youtube.com\/channel\/UCeVBuKTXkv-u94DS421cklw","https:\/\/www.facebook.com\/noithatqghome"]}]}},"_links":{"self":[{"href":"https:\/\/luan.webrt.net\/qhome\/wp-json\/wp\/v2\/product\/12966","targetHints":{"allow":["GET"]}}],"collection":[{"href":"https:\/\/luan.webrt.net\/qhome\/wp-json\/wp\/v2\/product"}],"about":[{"href":"https:\/\/luan.webrt.net\/qhome\/wp-json\/wp\/v2\/types\/product"}],"replies":[{"embeddable":true,"href":"https:\/\/luan.webrt.net\/qhome\/wp-json\/wp\/v2\/comments?post=12966"}],"wp:featuredmedia":[{"embeddable":true,"href":"https:\/\/luan.webrt.net\/qhome\/wp-json\/wp\/v2\/media\/12967"}],"wp:attachment":[{"href":"https:\/\/luan.webrt.net\/qhome\/wp-json\/wp\/v2\/media?parent=12966"}],"wp:term":[{"taxonomy":"product_cat","embeddable":true,"href":"https:\/\/luan.webrt.net\/qhome\/wp-json\/wp\/v2\/product_cat?post=12966"},{"taxonomy":"product_tag","embeddable":true,"href":"https:\/\/luan.webrt.net\/qhome\/wp-json\/wp\/v2\/product_tag?post=12966"}],"curies":[{"name":"wp","href":"https:\/\/api.w.org\/{rel}","templated":true}]}}