{"id":12958,"date":"2024-11-12T20:07:50","date_gmt":"2024-11-12T20:07:50","guid":{"rendered":"https:\/\/qghome.vn\/?post_type=product&#038;p=12958"},"modified":"2024-11-12T20:18:42","modified_gmt":"2024-11-12T20:18:42","slug":"ban-tra-sofa-phong-khach-bt01","status":"publish","type":"product","link":"https:\/\/luan.webrt.net\/qhome\/san-pham\/ban-tra-sofa-phong-khach-bt01\/","title":{"rendered":"B\u00e0n tr\u00e0 sofa ph\u00f2ng kh\u00e1ch BT01"},"content":{"rendered":"<p><span style=\"font-weight: 400; color: #000000;\">\u0110\u1eebng b\u1ecf l\u1ee1 b\u00e0i vi\u1ebft n\u00e0y n\u1ebfu b\u1ea1n \u0111ang mong mu\u1ed1n t\u00ecm ki\u1ebfm m\u1ed9t m\u1eabu b\u00e0n tr\u00e0 sofa \u0111\u1eb9p, gi\u00e1 r\u1ebb nh\u1ea5t nh\u00e9!<\/span><\/p>\n<h1><span style=\"color: #0000ff; font-size: 115%;\">B\u00e0n tr\u00e0 sofa hi\u1ec7n \u0111\u1ea1i BT01<\/span><\/h1>\n<p><span style=\"font-weight: 400; color: #000000;\">B\u00e0n tr\u00e0 sofa hi\u1ec7n \u0111\u1ea1i gi\u00e1 r\u1ebb-BT01 l\u00e0 m\u1ed9t trong nh\u1eefng m\u1eabu <strong><a style=\"color: #000000;\" href=\"https:\/\/qghome.vn\/noi-that-chung-cu\/noi-that-phong-khach\/ban-tra\/\">b\u00e0n u\u1ed1ng n\u01b0\u1edbc ph\u00f2ng kh\u00e1ch<\/a><\/strong> \u0111\u01b0\u1ee3c \u01b0a chu\u1ed9ng nh\u1ea5t hi\u1ec7n nay. \u0110\u01b0\u1ee3c thi\u1ebft k\u1ebf v\u1edbi phong c\u00e1ch kh\u00e1 \u0111\u01a1n gi\u1ea3n nh\u01b0ng kh\u00f4ng k\u00e9m ph\u1ea7n sang tr\u1ecdng v\u00e0 \u0111\u1eb3ng c\u1ea5p, m\u1eabu b\u00e0n tr\u00e0 n\u00e0y \u0111\u00e3 chinh ph\u1ee5c \u0111\u01b0\u1ee3c ngay c\u1ea3 nh\u1eefng nhu c\u1ea7u cao nh\u1ea5t c\u1ee7a kh\u00e1ch h\u00e0ng.<\/span><\/p>\n<p><span style=\"font-weight: 400; color: #000000;\">\u0110\u1ec3 bi\u1ebft th\u00eam chi ti\u1ebft v\u1ec1 s\u1ea3n ph\u1ea9m, m\u1eddi b\u1ea1n tham kh\u1ea3o nh\u1eefng th\u00f4ng tin d\u01b0\u1edbi \u0111\u00e2y:\u00a0<\/span><\/p>\n<h2><strong><span style=\"color: #000000;\">Th\u00f4ng s\u1ed1 s\u1ea3n ph\u1ea9m<\/span><\/strong><\/h2>\n<table>\n<tbody>\n<tr>\n<td><span style=\"font-weight: 400; color: #000000;\">K\u00edch th\u01b0\u1edbc<\/span><\/td>\n<td><span style=\"font-weight: 400; color: #000000;\">D\u00e0i 1000mm x R\u1ed9ng 500mm x Cao 450mm<\/span><\/td>\n<\/tr>\n<tr>\n<td><span style=\"font-weight: 400; color: #000000;\">Ch\u1ea5t li\u1ec7u<\/span><\/td>\n<td><span style=\"font-weight: 400; color: #000000;\">V\u00e1n g\u1ed7 c\u00f4ng nghi\u1ec7p MDF ph\u1ee7 melamine ch\u1ea5t l\u01b0\u1ee3ng cao v\u1edbi m\u1ed9t s\u1ed1 \u01b0u \u0111i\u1ec3m c\u00f3 th\u1ec3 k\u1ec3 \u0111\u1ebfn nh\u01b0:<\/span><\/p>\n<ul>\n<li style=\"font-weight: 400;\" aria-level=\"1\"><span style=\"font-weight: 400; color: #000000;\">B\u1ec1n b\u1ec9.<\/span><\/li>\n<li style=\"font-weight: 400;\" aria-level=\"1\"><span style=\"font-weight: 400; color: #000000;\">H\u1ea1n ch\u1ebf cong v\u00eanh.<\/span><\/li>\n<li style=\"font-weight: 400;\" aria-level=\"1\"><span style=\"font-weight: 400; color: #000000;\">Ch\u1ed1ng m\u1ed1i m\u1ecdt, ch\u1ed1ng \u1ea9m, ch\u1ed1ng co ng\u00f3t.<\/span><\/li>\n<li style=\"font-weight: 400;\" aria-level=\"1\"><span style=\"font-weight: 400; color: #000000;\">D\u1ec5 d\u00e0ng v\u1ec7 sinh.<\/span><\/li>\n<\/ul>\n<\/td>\n<\/tr>\n<tr>\n<td><span style=\"font-weight: 400; color: #000000;\">Quy c\u00e1ch<\/span><\/td>\n<td>\n<ul>\n<li style=\"font-weight: 400;\" aria-level=\"1\"><span style=\"font-weight: 400; color: #000000;\">G\u1ed3m 02 ng\u0103n k\u00e9o, 01 h\u1ed9c t\u1ee7 m\u1edf<\/span><\/li>\n<li style=\"font-weight: 400;\" aria-level=\"1\"><span style=\"font-weight: 400; color: #000000;\">Ph\u1ee5 ki\u1ec7n c\u1ee7a b\u00e0n sofa \u0111\u01b0\u1ee3c d\u00f9ng l\u00e0 lo\u1ea1i thanh ray, tay n\u1eafm t\u1ed1t, d\u00e0y d\u1eb7n, ch\u1eafc ch\u1eafn<\/span><\/li>\n<\/ul>\n<\/td>\n<\/tr>\n<tr>\n<td><span style=\"font-weight: 400; color: #000000;\">M\u00e0u s\u1eafc<\/span><\/td>\n<td><span style=\"font-weight: 400; color: #000000;\">M\u00e0u v\u00e2n g\u1ed7 ph\u1ed1i m\u00e0u tr\u1eafng \u0111\u1ee5c thanh l\u1ecbch, sang tr\u1ecdng.<\/span><\/p>\n<p><span style=\"font-weight: 400; color: #000000;\">C\u00f3 th\u1ec3 l\u1ef1a ch\u1ecdn m\u00e0u s\u1eafc t\u00f9y th\u00edch.<\/span><\/td>\n<\/tr>\n<\/tbody>\n<\/table>\n<p><img loading=\"lazy\" decoding=\"async\" class=\"size-medium wp-image-12961 aligncenter\" src=\"http:\/\/qghome.vn\/wp-content\/uploads\/2024\/11\/ban-tra-1.2-560x400.jpg\" alt=\"\" width=\"560\" height=\"400\" srcset=\"https:\/\/luan.webrt.net\/qhome\/wp-content\/uploads\/2024\/11\/ban-tra-1.2-560x400.jpg 560w, https:\/\/luan.webrt.net\/qhome\/wp-content\/uploads\/2024\/11\/ban-tra-1.2-510x364.jpg 510w, https:\/\/luan.webrt.net\/qhome\/wp-content\/uploads\/2024\/11\/ban-tra-1.2-768x548.jpg 768w, https:\/\/luan.webrt.net\/qhome\/wp-content\/uploads\/2024\/11\/ban-tra-1.2.jpg 989w\" sizes=\"auto, (max-width: 560px) 100vw, 560px\" \/><\/p>\n<p><span style=\"font-weight: 400; color: #000000;\">*Kh\u00e1ch h\u00e0ng c\u00f3 th\u1ec3 \u0111\u1eb7t th\u00eam m\u1eb7t k\u00ednh \u0111\u1ec3 b\u1ea3o v\u1ec7 m\u1eb7t b\u00e0n v\u00e0 t\u0103ng gi\u00e1 tr\u1ecb th\u1ea9m m\u1ef9 cho s\u1ea3n ph\u1ea9m.<\/span><\/p>\n<h2 style=\"text-align: center;\"><span style=\"font-weight: 400; color: #000000;\">Nh\u1eefng \u01b0u \u0111i\u1ec3m c\u1ee7a B\u00e0n tr\u00e0 g\u1ed7 c\u00f4ng nghi\u1ec7p BT01 m\u00e0 b\u1ea1n kh\u00f4ng th\u1ec3 b\u1ecf l\u1ee1:<\/span><\/h2>\n<h3><span style=\"color: #000000;\"><b>Thi\u1ebft k\u1ebf hi\u1ec7n \u0111\u1ea1i, m\u00e0u s\u1eafc \u0111a d\u1ea1ng<\/b><\/span><\/h3>\n<p><span style=\"font-weight: 400; color: #000000;\">B\u00e0n tr\u00e0 nh\u1ecf \u0111\u1eb9p BT01 \u0111\u01b0\u1ee3c thi\u1ebft k\u1ebf theo phong c\u00e1ch t\u1ed1i gi\u1ea3n, k\u1ebft c\u1ea5u h\u00e0i h\u00f2a v\u00e0 ch\u1eafc ch\u1eafn.<\/span><\/p>\n<p><span style=\"font-weight: 400; color: #000000;\">To\u00e0n b\u1ed9 chi\u1ebfc b\u00e0n l\u00e0 s\u1ef1 k\u1ebft h\u1ee3p b\u1edfi nh\u1eefng v\u00e1n g\u1ed7 c\u00f4ng nghi\u1ec7p MDF \u0111\u01b0\u1ee3c h\u00e0n g\u1eafn v\u00f4 c\u00f9ng t\u1ec9 , b\u1ed1n ch\u00e2n b\u00e0n v\u1eefng tr\u00e3i \u0111\u01b0\u1ee3c t\u00edch h\u1ee3p \u0111\u1ec3 gi\u00fap n\u00e2ng \u0111\u1ee1 khung b\u00e0n.<\/span><\/p>\n<p><span style=\"font-weight: 400; color: #000000;\">M\u00e0u v\u00e2n g\u1ed7 k\u1ebft h\u1ee3p \u1edf 02 ng\u0103n k\u00e9o b\u00e0n gi\u00fap t\u1ea1o \u0111i\u1ec3m nh\u1ea5n \u1ea5n t\u01b0\u1ee3ng cho s\u1ea3n ph\u1ea9m v\u00e0 c\u0169ng l\u00e0 \u0111\u1ec3 gi\u00fap m\u00e0u s\u1eafc c\u1ee7a m\u1eabu b\u00e0n sofa kh\u00f4ng b\u1ecb nh\u00e0m ch\u00e1n.<\/span><\/p>\n<h3><span style=\"color: #000000;\"><b>C\u00f4ng d\u1ee5ng t\u1ed1i \u01b0u<\/b><\/span><\/h3>\n<p><span style=\"font-weight: 400; color: #000000;\">M\u1eabu b\u00e0n tr\u00e0 sofa \u0111\u1eb9p BT01 \u0111\u01b0\u1ee3c t\u00edch h\u1ee3p 02 ng\u0103n k\u00e9o c\u00f3 n\u1eafm tay c\u1ea7m v\u00e0 01 h\u1ed9c t\u1ee7 m\u1edf ph\u00eda d\u01b0\u1edbi khung b\u00e0n. \u0110i\u1ec1u n\u00e0y gi\u00fap b\u1ea1n ti\u1ebft ki\u1ec7m di\u1ec7n t\u00edch v\u00e0 l\u01b0u tr\u1eef m\u1ed9t s\u1ed1 \u0111\u1ed3 \u0111\u1ea1c c\u1ea7n thi\u1ebft m\u1ed9t c\u00e1ch ti\u1ec7n l\u1ee3i v\u00e0 ng\u0103n n\u1eafp nh\u01b0: s\u00e1ch \u0111\u1ecdc, b\u00e1o ch\u00ed, \u0111i\u1ec1u khi\u1ec3n t\u1eeb xa, b\u1ed9 t\u00edch tr\u00e0,&#8230;<\/span><\/p>\n<p><img loading=\"lazy\" decoding=\"async\" class=\"size-medium wp-image-12964 aligncenter\" src=\"http:\/\/qghome.vn\/wp-content\/uploads\/2024\/11\/ban-tra-1.1-1-400x400.jpg\" alt=\"\" width=\"400\" height=\"400\" srcset=\"https:\/\/luan.webrt.net\/qhome\/wp-content\/uploads\/2024\/11\/ban-tra-1.1-1-400x400.jpg 400w, https:\/\/luan.webrt.net\/qhome\/wp-content\/uploads\/2024\/11\/ban-tra-1.1-1-100x100.jpg 100w, https:\/\/luan.webrt.net\/qhome\/wp-content\/uploads\/2024\/11\/ban-tra-1.1-1-510x510.jpg 510w, https:\/\/luan.webrt.net\/qhome\/wp-content\/uploads\/2024\/11\/ban-tra-1.1-1-800x800.jpg 800w, https:\/\/luan.webrt.net\/qhome\/wp-content\/uploads\/2024\/11\/ban-tra-1.1-1-280x280.jpg 280w, https:\/\/luan.webrt.net\/qhome\/wp-content\/uploads\/2024\/11\/ban-tra-1.1-1-768x768.jpg 768w, https:\/\/luan.webrt.net\/qhome\/wp-content\/uploads\/2024\/11\/ban-tra-1.1-1.jpg 900w\" sizes=\"auto, (max-width: 400px) 100vw, 400px\" \/><\/p>\n<h3><span style=\"color: #000000;\"><b>Ch\u1ea5t li\u1ec7u cao c\u1ea5p &#8211; V\u00e1n g\u1ed7 c\u00f4ng nghi\u1ec7p MDF ph\u1ee7 melamine<\/b><\/span><\/h3>\n<p><span style=\"font-weight: 400; color: #000000;\">G\u1ed7 c\u00f4ng nghi\u1ec7p ch\u1eafc ch\u1eafn kh\u00f4ng c\u00f2n l\u00e0 m\u1ed9t c\u00e1i t\u00ean xa l\u1ea1 trong l\u0129nh v\u1ef1c trang tr\u00ed n\u1ed9i th\u1ea5t hi\u1ec7n nay b\u1edfi t\u00ednh \u0111a d\u1ee5ng c\u1ee7a n\u00f3.<\/span><\/p>\n<p><span style=\"font-weight: 400; color: #000000;\">M\u1eb7c d\u00f9 kh\u00f4ng th\u1ec3 so s\u00e1nh ch\u1ea5t l\u01b0\u1ee3ng \u0111\u01b0\u1ee3c v\u1edbi g\u1ed7 t\u1ef1 nhi\u00ean, th\u1ebf nh\u01b0ng d\u00f2ng g\u1ed7 c\u00f4ng nghi\u1ec7p MDF n\u00e0y v\u1eabn mang \u0111\u1ebfn r\u1ea5t nhi\u1ec1u c\u00f4ng d\u1ee5ng c\u00f3 th\u1ec3 k\u1ec3 \u0111\u1ebfn nh\u01b0:<\/span><\/p>\n<ul>\n<li style=\"font-weight: 400;\" aria-level=\"1\"><span style=\"font-weight: 400; color: #000000;\">Ch\u1ea5t l\u01b0\u1ee3ng b\u1ec1n b\u1ec9, gi\u1eef \u0111\u01b0\u1ee3c v\u1ebb \u0111\u1eb9p theo th\u1eddi gian.<\/span><\/li>\n<li style=\"font-weight: 400;\" aria-level=\"1\"><span style=\"font-weight: 400; color: #000000;\">Kh\u00f4ng lo b\u1ecb cong v\u00eanh, co ng\u00f3t hay m\u1ed1i m\u1ecdt.<\/span><\/li>\n<li style=\"font-weight: 400;\" aria-level=\"1\"><span style=\"font-weight: 400; color: #000000;\">Kh\u1ea3 n\u0103ng ch\u1ecbu l\u1ef1c t\u1ed1t b\u1edfi k\u1ebft c\u1ea5u ch\u1eafc ch\u1eafn.<\/span><\/li>\n<li style=\"font-weight: 400;\" aria-level=\"1\"><span style=\"font-weight: 400; color: #000000;\">D\u1ec5 d\u00e0ng v\u1ec7 sinh lau ch\u00f9i b\u1edfi b\u1ec1 m\u1eb7t nh\u1eb5n nh\u1ee5i v\u00e0 s\u00e1ng b\u00f3ng. R\u1ea5t ph\u00f9 h\u1ee3p cho c\u00e1c m\u1eabu b\u00e0n tr\u00e0 ph\u00f2ng kh\u00e1ch.<\/span><\/li>\n<li style=\"font-weight: 400;\" aria-level=\"1\"><span style=\"font-weight: 400; color: #000000;\">\u0110a d\u1ea1ng c\u00e1c lo\u1ea1i m\u00e0u s\u1eafc kh\u00e1c nhau \u0111\u1ec3 b\u1ea1n c\u00f3 th\u1ec3 t\u00f9y th\u00edch l\u1ef1a ch\u1ecdn theo s\u1edf th\u00edch c\u0169ng nh\u01b0 l\u00e0 phong c\u00e1ch s\u1ed1ng c\u1ee7a gia \u0111\u00ecnh.<\/span><\/li>\n<\/ul>\n<h4 style=\"text-align: center;\"><span style=\"color: #000000; font-size: 110%;\"><b>QG Home &#8211; m\u1ed9t trong nh\u1eefng \u0111\u01a1n v\u1ecb thi c\u00f4ng thi\u1ebft k\u1ebf n\u1ed9i th\u1ea5t h\u00e0ng \u0111\u1ea7u Vi\u1ec7t Nam<\/b><\/span><\/h4>\n<ul>\n<li style=\"font-weight: 400;\" aria-level=\"1\"><span style=\"font-weight: 400; color: #000000;\">L\u1ea5y uy t\u00edn \u0111\u1eb7t l\u00ean h\u00e0ng \u0111\u1ea7u.<\/span><\/li>\n<li style=\"font-weight: 400;\" aria-level=\"1\"><span style=\"font-weight: 400; color: #000000;\">\u0110\u1ed9i ng\u0169 chuy\u00ean vi\u00ean t\u01b0 v\u1ea5n mi\u1ec5n ph\u00ed, chuy\u00ean nghi\u1ec7p, t\u1eadn t\u00ecnh v\u1edbi kh\u00e1ch h\u00e0ng<\/span><\/li>\n<li style=\"font-weight: 400;\" aria-level=\"1\"><span style=\"font-weight: 400; color: #000000;\">S\u1ea3n ph\u1ea9m \u0111\u01b0\u1ee3c thi c\u00f4ng b\u1edfi nh\u1eefng ng\u01b0\u1eddi th\u1ee3 l\u00e0nh ngh\u1ec1, d\u00e0y d\u1eb7n kinh nghi\u1ec7m.<\/span><\/li>\n<li style=\"font-weight: 400;\" aria-level=\"1\"><span style=\"font-weight: 400; color: #000000;\">Gi\u00e1 th\u00e0nh h\u1ee3p l\u00fd, \u0111i \u0111\u00f4i v\u1edbi ch\u1ea5t l\u01b0\u1ee3ng.<\/span><\/li>\n<li style=\"font-weight: 400;\" aria-level=\"1\"><span style=\"font-weight: 400; color: #000000;\">D\u1ecbch v\u1ee5 h\u1ed7 tr\u1ee3 l\u1eafp \u0111\u1eb7t linh ho\u1ea1t, nhanh ch\u00f3ng, \u0111\u1ea3m b\u1ea3o \u0111\u00fang ti\u1ebfn \u0111\u1ed9.<\/span><\/li>\n<\/ul>\n<p><span style=\"font-weight: 400; color: #000000;\">C\u00f2n ch\u1ea7n ch\u1edd g\u00ec n\u1eefa m\u00e0 h\u00e3y tr\u1ea3i nghi\u1ec7m mua s\u1eafm t\u1ea1i QG Home ngay h\u00f4m nay!<\/span><\/p>\n","protected":false},"excerpt":{"rendered":"<p>\u0110\u1eebng b\u1ecf l\u1ee1 b\u00e0i vi\u1ebft n\u00e0y n\u1ebfu b\u1ea1n \u0111ang mong mu\u1ed1n t\u00ecm ki\u1ebfm m\u1ed9t m\u1eabu b\u00e0n tr\u00e0 sofa \u0111\u1eb9p, gi\u00e1 r\u1ebb nh\u1ea5t nh\u00e9! B\u00e0n tr\u00e0 sofa hi\u1ec7n \u0111\u1ea1i BT01 B\u00e0n tr\u00e0 sofa hi\u1ec7n \u0111\u1ea1i gi\u00e1 r\u1ebb-BT01 l\u00e0 m\u1ed9t trong nh\u1eefng m\u1eabu b\u00e0n u\u1ed1ng n\u01b0\u1edbc ph\u00f2ng kh\u00e1ch \u0111\u01b0\u1ee3c \u01b0a chu\u1ed9ng nh\u1ea5t hi\u1ec7n nay. \u0110\u01b0\u1ee3c thi\u1ebft k\u1ebf&#8230;<\/p>\n","protected":false},"featured_media":12964,"comment_status":"open","ping_status":"closed","template":"","meta":[],"product_cat":[493,682,119],"product_tag":[698],"class_list":["post-12958","product","type-product","status-publish","has-post-thumbnail","hentry","product_cat-ban-tra","product_cat-noi-that-phong-khach","product_cat-san-pham","product_tag-ban-tra-sofa-phong-khach"],"yoast_head":"<!-- This site is optimized with the Yoast SEO plugin v19.9 - https:\/\/yoast.com\/wordpress\/plugins\/seo\/ -->\n<title>B\u00e0n tr\u00e0 sofa ph\u00f2ng kh\u00e1ch BT01 - Gi\u00e1 r\u1ebb nh\u1ea5t - M\u1eabu web n\u1ed9i th\u1ea5t<\/title>\n<meta name=\"description\" content=\"B\u00e0n tr\u00e0 sofa ph\u00f2ng kh\u00e1ch-BT01 \u0111\u01b0\u1ee3c l\u00e0m t\u1eeb g\u1ed7 c\u00f4ng nghi\u1ec7p mdf cao c\u1ea5p, b\u1ec1n b\u1ec9. Mang \u0111\u1ebfn v\u1ebb \u0111\u1eb9p sang tr\u1ecdng, hi\u1ec7n \u0111\u1ea1i v\u00e0 nh\u1eefng tr\u1ea3i nghi\u1ec7m tuy\u1ec7t v\u1eddi cho b\u1ea1n.\" \/>\n<meta name=\"robots\" content=\"index, follow, max-snippet:-1, max-image-preview:large, max-video-preview:-1\" \/>\n<link rel=\"canonical\" href=\"https:\/\/luan.webrt.net\/qhome\/san-pham\/ban-tra-sofa-phong-khach-bt01\/\" \/>\n<meta property=\"og:locale\" content=\"vi_VN\" \/>\n<meta property=\"og:type\" content=\"article\" \/>\n<meta property=\"og:title\" content=\"B\u00e0n tr\u00e0 sofa ph\u00f2ng kh\u00e1ch BT01 - Gi\u00e1 r\u1ebb nh\u1ea5t - M\u1eabu web n\u1ed9i th\u1ea5t\" \/>\n<meta property=\"og:description\" content=\"B\u00e0n tr\u00e0 sofa ph\u00f2ng kh\u00e1ch-BT01 \u0111\u01b0\u1ee3c l\u00e0m t\u1eeb g\u1ed7 c\u00f4ng nghi\u1ec7p mdf cao c\u1ea5p, b\u1ec1n b\u1ec9. Mang \u0111\u1ebfn v\u1ebb \u0111\u1eb9p sang tr\u1ecdng, hi\u1ec7n \u0111\u1ea1i v\u00e0 nh\u1eefng tr\u1ea3i nghi\u1ec7m tuy\u1ec7t v\u1eddi cho b\u1ea1n.\" \/>\n<meta property=\"og:url\" content=\"https:\/\/luan.webrt.net\/qhome\/san-pham\/ban-tra-sofa-phong-khach-bt01\/\" \/>\n<meta property=\"og:site_name\" content=\"M\u1eabu web n\u1ed9i th\u1ea5t\" \/>\n<meta property=\"article:publisher\" content=\"https:\/\/www.facebook.com\/noithatqghome\" \/>\n<meta property=\"article:modified_time\" content=\"2024-11-12T20:18:42+00:00\" \/>\n<meta property=\"og:image\" content=\"https:\/\/luan.webrt.net\/qhome\/wp-content\/uploads\/2024\/11\/ban-tra-1.1-1.jpg\" \/>\n\t<meta property=\"og:image:width\" content=\"900\" \/>\n\t<meta property=\"og:image:height\" content=\"900\" \/>\n\t<meta property=\"og:image:type\" content=\"image\/jpeg\" \/>\n<meta name=\"twitter:card\" content=\"summary_large_image\" \/>\n<meta name=\"twitter:label1\" content=\"\u01af\u1edbc t\u00ednh th\u1eddi gian \u0111\u1ecdc\" \/>\n\t<meta name=\"twitter:data1\" content=\"4 ph\u00fat\" \/>\n<script type=\"application\/ld+json\" class=\"yoast-schema-graph\">{\"@context\":\"https:\/\/schema.org\",\"@graph\":[{\"@type\":\"WebPage\",\"@id\":\"https:\/\/luan.webrt.net\/qhome\/san-pham\/ban-tra-sofa-phong-khach-bt01\/\",\"url\":\"https:\/\/luan.webrt.net\/qhome\/san-pham\/ban-tra-sofa-phong-khach-bt01\/\",\"name\":\"B\u00e0n tr\u00e0 sofa ph\u00f2ng kh\u00e1ch BT01 - Gi\u00e1 r\u1ebb nh\u1ea5t - M\u1eabu web n\u1ed9i th\u1ea5t\",\"isPartOf\":{\"@id\":\"https:\/\/luan.webrt.net\/qhome\/#website\"},\"datePublished\":\"2024-11-12T20:07:50+00:00\",\"dateModified\":\"2024-11-12T20:18:42+00:00\",\"description\":\"B\u00e0n tr\u00e0 sofa ph\u00f2ng kh\u00e1ch-BT01 \u0111\u01b0\u1ee3c l\u00e0m t\u1eeb g\u1ed7 c\u00f4ng nghi\u1ec7p mdf cao c\u1ea5p, b\u1ec1n b\u1ec9. Mang \u0111\u1ebfn v\u1ebb \u0111\u1eb9p sang tr\u1ecdng, hi\u1ec7n \u0111\u1ea1i v\u00e0 nh\u1eefng tr\u1ea3i nghi\u1ec7m tuy\u1ec7t v\u1eddi cho b\u1ea1n.\",\"breadcrumb\":{\"@id\":\"https:\/\/luan.webrt.net\/qhome\/san-pham\/ban-tra-sofa-phong-khach-bt01\/#breadcrumb\"},\"inLanguage\":\"vi\",\"potentialAction\":[{\"@type\":\"ReadAction\",\"target\":[\"https:\/\/luan.webrt.net\/qhome\/san-pham\/ban-tra-sofa-phong-khach-bt01\/\"]}]},{\"@type\":\"BreadcrumbList\",\"@id\":\"https:\/\/luan.webrt.net\/qhome\/san-pham\/ban-tra-sofa-phong-khach-bt01\/#breadcrumb\",\"itemListElement\":[{\"@type\":\"ListItem\",\"position\":1,\"name\":\"Trang ch\u1ee7\",\"item\":\"https:\/\/luan.webrt.net\/qhome\/\"},{\"@type\":\"ListItem\",\"position\":2,\"name\":\"Shop\",\"item\":\"https:\/\/luan.webrt.net\/qhome\/shop\/\"},{\"@type\":\"ListItem\",\"position\":3,\"name\":\"B\u00e0n tr\u00e0 sofa ph\u00f2ng kh\u00e1ch BT01\"}]},{\"@type\":\"WebSite\",\"@id\":\"https:\/\/luan.webrt.net\/qhome\/#website\",\"url\":\"https:\/\/luan.webrt.net\/qhome\/\",\"name\":\"M\u1eabu web n\u1ed9i th\u1ea5t\",\"description\":\"QGHome Vi\u1ec7t Nam\",\"publisher\":{\"@id\":\"https:\/\/luan.webrt.net\/qhome\/#organization\"},\"potentialAction\":[{\"@type\":\"SearchAction\",\"target\":{\"@type\":\"EntryPoint\",\"urlTemplate\":\"https:\/\/luan.webrt.net\/qhome\/?s={search_term_string}\"},\"query-input\":\"required name=search_term_string\"}],\"inLanguage\":\"vi\"},{\"@type\":\"Organization\",\"@id\":\"https:\/\/luan.webrt.net\/qhome\/#organization\",\"name\":\"QGHome\",\"url\":\"https:\/\/luan.webrt.net\/qhome\/\",\"logo\":{\"@type\":\"ImageObject\",\"inLanguage\":\"vi\",\"@id\":\"https:\/\/luan.webrt.net\/qhome\/#\/schema\/logo\/image\/\",\"url\":\"https:\/\/qghome.vn\/wp-content\/uploads\/2025\/08\/logo-mau-MauTH-21.png\",\"contentUrl\":\"https:\/\/qghome.vn\/wp-content\/uploads\/2025\/08\/logo-mau-MauTH-21.png\",\"width\":253,\"height\":99,\"caption\":\"QGHome\"},\"image\":{\"@id\":\"https:\/\/luan.webrt.net\/qhome\/#\/schema\/logo\/image\/\"},\"sameAs\":[\"https:\/\/www.tiktok.com\/@qghome.official\",\"https:\/\/www.youtube.com\/channel\/UCeVBuKTXkv-u94DS421cklw\",\"https:\/\/www.facebook.com\/noithatqghome\"]}]}<\/script>\n<!-- \/ Yoast SEO plugin. -->","yoast_head_json":{"title":"B\u00e0n tr\u00e0 sofa ph\u00f2ng kh\u00e1ch BT01 - Gi\u00e1 r\u1ebb nh\u1ea5t - M\u1eabu web n\u1ed9i th\u1ea5t","description":"B\u00e0n tr\u00e0 sofa ph\u00f2ng kh\u00e1ch-BT01 \u0111\u01b0\u1ee3c l\u00e0m t\u1eeb g\u1ed7 c\u00f4ng nghi\u1ec7p mdf cao c\u1ea5p, b\u1ec1n b\u1ec9. Mang \u0111\u1ebfn v\u1ebb \u0111\u1eb9p sang tr\u1ecdng, hi\u1ec7n \u0111\u1ea1i v\u00e0 nh\u1eefng tr\u1ea3i nghi\u1ec7m tuy\u1ec7t v\u1eddi cho b\u1ea1n.","robots":{"index":"index","follow":"follow","max-snippet":"max-snippet:-1","max-image-preview":"max-image-preview:large","max-video-preview":"max-video-preview:-1"},"canonical":"https:\/\/luan.webrt.net\/qhome\/san-pham\/ban-tra-sofa-phong-khach-bt01\/","og_locale":"vi_VN","og_type":"article","og_title":"B\u00e0n tr\u00e0 sofa ph\u00f2ng kh\u00e1ch BT01 - Gi\u00e1 r\u1ebb nh\u1ea5t - M\u1eabu web n\u1ed9i th\u1ea5t","og_description":"B\u00e0n tr\u00e0 sofa ph\u00f2ng kh\u00e1ch-BT01 \u0111\u01b0\u1ee3c l\u00e0m t\u1eeb g\u1ed7 c\u00f4ng nghi\u1ec7p mdf cao c\u1ea5p, b\u1ec1n b\u1ec9. Mang \u0111\u1ebfn v\u1ebb \u0111\u1eb9p sang tr\u1ecdng, hi\u1ec7n \u0111\u1ea1i v\u00e0 nh\u1eefng tr\u1ea3i nghi\u1ec7m tuy\u1ec7t v\u1eddi cho b\u1ea1n.","og_url":"https:\/\/luan.webrt.net\/qhome\/san-pham\/ban-tra-sofa-phong-khach-bt01\/","og_site_name":"M\u1eabu web n\u1ed9i th\u1ea5t","article_publisher":"https:\/\/www.facebook.com\/noithatqghome","article_modified_time":"2024-11-12T20:18:42+00:00","og_image":[{"width":900,"height":900,"url":"https:\/\/luan.webrt.net\/qhome\/wp-content\/uploads\/2024\/11\/ban-tra-1.1-1.jpg","type":"image\/jpeg"}],"twitter_card":"summary_large_image","twitter_misc":{"\u01af\u1edbc t\u00ednh th\u1eddi gian \u0111\u1ecdc":"4 ph\u00fat"},"schema":{"@context":"https:\/\/schema.org","@graph":[{"@type":"WebPage","@id":"https:\/\/luan.webrt.net\/qhome\/san-pham\/ban-tra-sofa-phong-khach-bt01\/","url":"https:\/\/luan.webrt.net\/qhome\/san-pham\/ban-tra-sofa-phong-khach-bt01\/","name":"B\u00e0n tr\u00e0 sofa ph\u00f2ng kh\u00e1ch BT01 - Gi\u00e1 r\u1ebb nh\u1ea5t - M\u1eabu web n\u1ed9i th\u1ea5t","isPartOf":{"@id":"https:\/\/luan.webrt.net\/qhome\/#website"},"datePublished":"2024-11-12T20:07:50+00:00","dateModified":"2024-11-12T20:18:42+00:00","description":"B\u00e0n tr\u00e0 sofa ph\u00f2ng kh\u00e1ch-BT01 \u0111\u01b0\u1ee3c l\u00e0m t\u1eeb g\u1ed7 c\u00f4ng nghi\u1ec7p mdf cao c\u1ea5p, b\u1ec1n b\u1ec9. Mang \u0111\u1ebfn v\u1ebb \u0111\u1eb9p sang tr\u1ecdng, hi\u1ec7n \u0111\u1ea1i v\u00e0 nh\u1eefng tr\u1ea3i nghi\u1ec7m tuy\u1ec7t v\u1eddi cho b\u1ea1n.","breadcrumb":{"@id":"https:\/\/luan.webrt.net\/qhome\/san-pham\/ban-tra-sofa-phong-khach-bt01\/#breadcrumb"},"inLanguage":"vi","potentialAction":[{"@type":"ReadAction","target":["https:\/\/luan.webrt.net\/qhome\/san-pham\/ban-tra-sofa-phong-khach-bt01\/"]}]},{"@type":"BreadcrumbList","@id":"https:\/\/luan.webrt.net\/qhome\/san-pham\/ban-tra-sofa-phong-khach-bt01\/#breadcrumb","itemListElement":[{"@type":"ListItem","position":1,"name":"Trang ch\u1ee7","item":"https:\/\/luan.webrt.net\/qhome\/"},{"@type":"ListItem","position":2,"name":"Shop","item":"https:\/\/luan.webrt.net\/qhome\/shop\/"},{"@type":"ListItem","position":3,"name":"B\u00e0n tr\u00e0 sofa ph\u00f2ng kh\u00e1ch BT01"}]},{"@type":"WebSite","@id":"https:\/\/luan.webrt.net\/qhome\/#website","url":"https:\/\/luan.webrt.net\/qhome\/","name":"M\u1eabu web n\u1ed9i th\u1ea5t","description":"QGHome Vi\u1ec7t Nam","publisher":{"@id":"https:\/\/luan.webrt.net\/qhome\/#organization"},"potentialAction":[{"@type":"SearchAction","target":{"@type":"EntryPoint","urlTemplate":"https:\/\/luan.webrt.net\/qhome\/?s={search_term_string}"},"query-input":"required name=search_term_string"}],"inLanguage":"vi"},{"@type":"Organization","@id":"https:\/\/luan.webrt.net\/qhome\/#organization","name":"QGHome","url":"https:\/\/luan.webrt.net\/qhome\/","logo":{"@type":"ImageObject","inLanguage":"vi","@id":"https:\/\/luan.webrt.net\/qhome\/#\/schema\/logo\/image\/","url":"https:\/\/qghome.vn\/wp-content\/uploads\/2025\/08\/logo-mau-MauTH-21.png","contentUrl":"https:\/\/qghome.vn\/wp-content\/uploads\/2025\/08\/logo-mau-MauTH-21.png","width":253,"height":99,"caption":"QGHome"},"image":{"@id":"https:\/\/luan.webrt.net\/qhome\/#\/schema\/logo\/image\/"},"sameAs":["https:\/\/www.tiktok.com\/@qghome.official","https:\/\/www.youtube.com\/channel\/UCeVBuKTXkv-u94DS421cklw","https:\/\/www.facebook.com\/noithatqghome"]}]}},"_links":{"self":[{"href":"https:\/\/luan.webrt.net\/qhome\/wp-json\/wp\/v2\/product\/12958","targetHints":{"allow":["GET"]}}],"collection":[{"href":"https:\/\/luan.webrt.net\/qhome\/wp-json\/wp\/v2\/product"}],"about":[{"href":"https:\/\/luan.webrt.net\/qhome\/wp-json\/wp\/v2\/types\/product"}],"replies":[{"embeddable":true,"href":"https:\/\/luan.webrt.net\/qhome\/wp-json\/wp\/v2\/comments?post=12958"}],"wp:featuredmedia":[{"embeddable":true,"href":"https:\/\/luan.webrt.net\/qhome\/wp-json\/wp\/v2\/media\/12964"}],"wp:attachment":[{"href":"https:\/\/luan.webrt.net\/qhome\/wp-json\/wp\/v2\/media?parent=12958"}],"wp:term":[{"taxonomy":"product_cat","embeddable":true,"href":"https:\/\/luan.webrt.net\/qhome\/wp-json\/wp\/v2\/product_cat?post=12958"},{"taxonomy":"product_tag","embeddable":true,"href":"https:\/\/luan.webrt.net\/qhome\/wp-json\/wp\/v2\/product_tag?post=12958"}],"curies":[{"name":"wp","href":"https:\/\/api.w.org\/{rel}","templated":true}]}}