{"id":12952,"date":"2024-11-11T20:52:59","date_gmt":"2024-11-11T20:52:59","guid":{"rendered":"https:\/\/qghome.vn\/?post_type=product&#038;p=12952"},"modified":"2024-11-11T21:32:14","modified_gmt":"2024-11-11T21:32:14","slug":"noi-that-phong-ngu-hien-dai","status":"publish","type":"product","link":"https:\/\/luan.webrt.net\/qhome\/san-pham\/noi-that-phong-ngu-hien-dai\/","title":{"rendered":"N\u1ed9i th\u1ea5t ph\u00f2ng ng\u1ee7 hi\u1ec7n \u0111\u1ea1i &#8211; gi\u00e1 r\u1ebb"},"content":{"rendered":"<h1 style=\"text-align: center;\"><span style=\"font-weight: 400; color: #0000ff; font-size: 115%;\">Thi\u1ebft k\u1ebf n\u1ed9i th\u1ea5t ph\u00f2ng ng\u1ee7 hi\u1ec7n \u0111\u1ea1i &#8211; cao c\u1ea5p &#8211; gi\u00e1 r\u1ebb nh\u1ea5t<\/span><\/h1>\n<p><span style=\"font-weight: 400;\">\u00a0<span style=\"color: #000000;\">Tr\u1ecdn g\u00f3i N\u1ed9i th\u1ea5t ph\u00f2ng ng\u1ee7 hi\u1ec7n \u0111\u1ea1i bao g\u1ed3m 04 s\u1ea3n ph\u1ea9m c\u01a1 b\u1ea3n:<\/span><\/span><\/p>\n<ul>\n<li style=\"font-weight: 400;\" aria-level=\"1\"><span style=\"color: #000000;\"><i><span style=\"font-weight: 400;\">01 Gi\u01b0\u1eddng ng\u1ee7<\/span><\/i><i><span style=\"font-weight: 400;\">: D\u00e0i 2m x R\u1ed9ng 1m6<\/span><\/i><\/span><\/li>\n<\/ul>\n<ul>\n<li style=\"font-weight: 400;\" aria-level=\"1\"><span style=\"color: #000000;\"><i><span style=\"font-weight: 400;\">01 T\u1ee7 qu\u1ea7n \u00e1o<\/span><\/i><i><span style=\"font-weight: 400;\">: D\u00e0i 1m6 x Cao 2m<\/span><\/i><\/span><\/li>\n<\/ul>\n<ul>\n<li style=\"font-weight: 400;\" aria-level=\"1\"><span style=\"color: #000000;\"><i><span style=\"font-weight: 400;\">01 B\u00e0n trang \u0111i\u1ec3m<\/span><\/i><i><span style=\"font-weight: 400;\">: D\u00e0i 0,8m x R\u1ed9ng 0,4m x Cao 1,5m<\/span><\/i><\/span><\/li>\n<\/ul>\n<ul>\n<li style=\"font-weight: 400;\" aria-level=\"1\"><span style=\"color: #000000;\"><i><span style=\"font-weight: 400;\">01 B\u00e0n l\u00e0m vi\u1ec7c<\/span><\/i><i><span style=\"font-weight: 400;\">: D\u00e0i 1m2 x R\u1ed9ng 0,6m x Cao 1m9<\/span><\/i><\/span><\/li>\n<\/ul>\n<p><span style=\"font-weight: 400; color: #000000;\">*Kh\u00e1ch h\u00e0ng c\u00f3 th\u1ec3 t\u00f9y \u00fd thay \u0111\u1ed5i k\u00edch th\u01b0\u1edbc cho ph\u00f9 h\u1ee3p nhu c\u1ea7u<\/span><\/p>\n<ul>\n<li style=\"font-weight: 400;\" aria-level=\"1\"><span style=\"font-weight: 400; color: #000000;\">Ch\u1ea5t li\u1ec7u: G\u1ed7 c\u00f4ng nghi\u1ec7p MDF ph\u1ee7 melamine ch\u1ed1ng th\u1ea5m n\u01b0\u1edbc, ch\u1ed1ng m\u1ed1i m\u1ecdt. H\u1ea1n ch\u1ebf cong v\u00eanh, d\u1ec5 v\u1ec7 sinh lau ch\u00f9i.<\/span><\/li>\n<li style=\"font-weight: 400;\" aria-level=\"1\"><span style=\"font-weight: 400; color: #000000;\">M\u00e0u s\u1eafc:\u00a0 Nh\u1eadn \u0111\u1eb7t m\u00e0u s\u1eafc theo y\u00eau c\u1ea7u.<\/span><\/li>\n<li style=\"font-weight: 400;\" aria-level=\"1\"><span style=\"color: #000000;\"><span style=\"font-weight: 400;\">Li\u00ean h\u1ec7: T\u01b0 v\u1ea5n h\u1ed7 tr\u1ee3 l\u1eafp \u0111\u1eb7t<\/span><b> 0983368623<\/b><\/span><\/li>\n<\/ul>\n<h3><strong>Combo n\u1ed9i th\u1ea5t ph\u00f2ng ng\u1ee7 sang tr\u1ecdng<\/strong><\/h3>\n<p><span style=\"color: #000000;\">B\u1ed1 tr\u00ed n\u1ed9i th\u1ea5t ph\u00f2ng ng\u1ee7 lu\u00f4n l\u00e0 m\u1ed9t b\u00e0i to\u00e1n m\u00e0 h\u1ea7u h\u1ebft ch\u00fang ta c\u1ea7n ph\u1ea3i d\u00e0nh nhi\u1ec1u th\u1eddi gian \u0111\u1ec3 suy ngh\u0129 v\u00e0 t\u00ednh to\u00e1n k\u1ef9 l\u01b0\u1ee1ng. Hay n\u00f3i c\u00e1ch kh\u00e1c, \u0111\u00f3 l\u00e0 c\u1ea7n t\u00ecm m\u1ed9t m\u1eabu thi\u1ebft k\u1ebf ph\u00f9 h\u1ee3p nh\u1ea5t v\u1edbi gu th\u1ea9m m\u1ef9 c\u00e1 nh\u00e2n v\u00e0 di\u1ec7n t\u00edch ph\u00f2ng ng\u1ee7 c\u1ee7a b\u1ea1n. H\u00e3y th\u1eed ngay combo n\u1ed9i th\u1ea5t ph\u00f2ng ng\u1ee7 hi\u1ec7n \u0111\u1ea1i, sang tr\u1ecdng v\u00e0 \u0111\u1ea7y \u0111\u1ee7 ti\u1ec7n nghi t\u1ea1i n\u1ed9i th\u1ea5t QG nh\u00e9!<\/span><\/p>\n<p><span style=\"color: #000000;\">Vi\u1ec7c l\u1ef1a ch\u1ecdn mua n\u1ed9i th\u1ea5t ph\u00f2ng ng\u1ee7 tr\u1ecdn g\u00f3i \u0111ang l\u00e0 m\u1ed9t trong nh\u1eefng gi\u1ea3i ph\u00e1p t\u1ed1i \u01b0u \u0111\u01b0\u1ee3c nhi\u1ec1u ng\u01b0\u1eddi \u01b0u ti\u00ean hi\u1ec7n nay. M\u1ed9t s\u1ed1 l\u1ee3i \u00edch c\u00f3 th\u1ec3 k\u1ec3 \u0111\u1ebfn nh\u01b0:<\/span><\/p>\n<ul>\n<li><span style=\"color: #000000;\">Ti\u1ebft ki\u1ec7m \u0111\u01b0\u1ee3c kh\u00e1 nhi\u1ec1u th\u1eddi gian v\u00e0 ti\u1ec1n b\u1ea1c<\/span><\/li>\n<li><span style=\"color: #000000;\">C\u00e1c s\u1ea3n ph\u1ea9m \u0111\u01b0\u1ee3c s\u1ea3n xu\u1ea5t \u0111\u1ed3ng b\u1ed9 v\u1edbi ch\u1ea5t l\u01b0\u1ee3ng t\u01b0\u01a1ng \u0111\u01b0\u01a1ng v\u00e0 phong c\u00e1ch thi\u1ebft k\u1ebf nh\u1ea5t qu\u00e1n.<\/span><\/li>\n<\/ul>\n<p style=\"text-align: left;\"><span style=\"color: #000000;\">(M\u1eddi b\u1ea1n tham kh\u1ea3o th\u00eam th\u00f4ng tin chi ti\u1ebft c\u1ee7a t\u1eebng s\u1ea3n ph\u1ea9m \u1edf c\u00e1c \u0111\u01b0\u1eddng link ph\u00eda d\u01b0\u1edbi!)\u00a0<\/span><\/p>\n<p><span style=\"color: #000000;\">T\u1ee7 qu\u1ea7n \u00e1o nhi\u1ec1u ng\u0103n r\u1ed9ng r\u00e3i v\u00e0 k\u00edn \u0111\u00e1o gi\u00fap b\u1ea1n d\u1ec5 d\u00e0ng l\u01b0u tr\u1eef \u0111\u1ed3 \u0111\u1ea1c m\u1ed9t c\u00e1ch ti\u1ec7n l\u1ee3i.<\/span><\/p>\n<figure id=\"attachment_12956\" aria-describedby=\"caption-attachment-12956\" style=\"width: 300px\" class=\"wp-caption aligncenter\"><img loading=\"lazy\" decoding=\"async\" class=\"wp-image-12956 size-medium\" src=\"http:\/\/qghome.vn\/wp-content\/uploads\/2024\/11\/tu-lua-2-canh-600x800-1-300x400.jpg\" alt=\"\" width=\"300\" height=\"400\" srcset=\"https:\/\/luan.webrt.net\/qhome\/wp-content\/uploads\/2024\/11\/tu-lua-2-canh-600x800-1-300x400.jpg 300w, https:\/\/luan.webrt.net\/qhome\/wp-content\/uploads\/2024\/11\/tu-lua-2-canh-600x800-1-510x680.jpg 510w, https:\/\/luan.webrt.net\/qhome\/wp-content\/uploads\/2024\/11\/tu-lua-2-canh-600x800-1.jpg 600w\" sizes=\"auto, (max-width: 300px) 100vw, 300px\" \/><figcaption id=\"caption-attachment-12956\" class=\"wp-caption-text\"><a href=\"https:\/\/qghome.vn\/tu-quan-ao-5-canh-mo-2mx2m-tqa06\/\">T\u1ee7 qu\u1ea7n \u00e1o \u0111a n\u0103ng &#8211; TQA06<\/a><\/figcaption><\/figure>\n<figure id=\"attachment_12955\" aria-describedby=\"caption-attachment-12955\" style=\"width: 400px\" class=\"wp-caption aligncenter\"><img loading=\"lazy\" decoding=\"async\" class=\"wp-image-12955 size-medium\" src=\"http:\/\/qghome.vn\/wp-content\/uploads\/2024\/11\/G18.1-1-510x510-1-400x400.jpg\" alt=\"\" width=\"400\" height=\"400\" srcset=\"https:\/\/luan.webrt.net\/qhome\/wp-content\/uploads\/2024\/11\/G18.1-1-510x510-1-400x400.jpg 400w, https:\/\/luan.webrt.net\/qhome\/wp-content\/uploads\/2024\/11\/G18.1-1-510x510-1-100x100.jpg 100w, https:\/\/luan.webrt.net\/qhome\/wp-content\/uploads\/2024\/11\/G18.1-1-510x510-1-280x280.jpg 280w, https:\/\/luan.webrt.net\/qhome\/wp-content\/uploads\/2024\/11\/G18.1-1-510x510-1.jpg 510w\" sizes=\"auto, (max-width: 400px) 100vw, 400px\" \/><figcaption id=\"caption-attachment-12955\" class=\"wp-caption-text\"><a href=\"https:\/\/qghome.vn\/giuong-ngu-hien-dai-gn18\/\">Gi\u01b0\u1eddng ng\u1ee7 cao c\u1ea5p &#8211; GN18<\/a><\/figcaption><\/figure>\n<h5 style=\"text-align: center;\">***<\/h5>\n<p><span style=\"color: #000000;\">Hi\u1ec7n nay, n\u1ed9i th\u1ea5t ph\u00f2ng ng\u1ee7 \u0111\u01b0\u1ee3c b\u00e1n r\u1ea5t nhi\u1ec1u tr\u00ean th\u1ecb tr\u01b0\u1eddng v\u1edbi nh\u1eefng m\u1eabu m\u00e3 v\u00e0 ch\u1ea5t li\u1ec7u kh\u00e1c nhau. Nh\u01b0ng \u0111\u1ec3 t\u00ecm \u0111\u01b0\u1ee3c nh\u1eefng s\u1ea3n ph\u1ea9m c\u00f3 ch\u1ea5t l\u01b0\u1ee3ng t\u1ed1t v\u1edbi m\u1ee9c gi\u00e1 c\u1ea3 h\u1ee3p l\u00fd th\u00ec c\u0169ng kh\u00f4ng ph\u1ea3i chuy\u1ec7n d\u1ec5 d\u00e0ng.<\/span><\/p>\n<p><span style=\"color: #000000;\">\u0110\u1eebng lo nhi\u1ec1u v\u1ec1 \u0111i\u1ec1u n\u00e0y b\u1edfi b\u1ea1n h\u00e3y \u0111\u1ebfn v\u1edbi N\u1ed9i th\u1ea5t QG Home. Ch\u00fang t\u00f4i lu\u00f4n t\u1ef1 h\u00e0o khi \u0111\u01b0\u1ee3c mang \u0111\u1ebfn nh\u1eefng tr\u1ea3i nghi\u1ec7m tuy\u1ec7t v\u1eddi nh\u1ea5t cho b\u1ea1n v\u00e0 gia \u0111\u00ecnh c\u1ee7a b\u1ea1n. B\u1ea1n c\u00f3 th\u1ec3 tho\u1ea3i m\u00e1i l\u1ef1a ch\u1ecdn gi\u1eefa v\u00f4 v\u00e0n c\u00e1c m\u1eabu s\u1ea3n ph\u1ea9m kh\u00e1c nhau. V\u1edbi c\u00e1c m\u1ee9c gi\u00e1 si\u00eau h\u1eddi c\u00f9ng nhi\u1ec1u \u01b0u \u0111\u00e3i h\u1ea5p d\u1eabn!<\/span><\/p>\n<p style=\"text-align: center;\"><span style=\"color: #000000;\">***<\/span><\/p>\n<p><span style=\"color: #000000;\">B\u00e0n trang \u0111i\u1ec3m l\u00e0 n\u01a1i l\u00fd t\u01b0\u1edfng \u0111\u1ec3 ch\u1ecb em ph\u1ee5 n\u1eef ch\u0103m s\u00f3c da v\u00e0o bu\u1ed5i t\u1ed1i v\u00e0 t\u00e2n trang l\u1ea1i nhan s\u1eafc khi b\u1eaft \u0111\u1ea7u m\u1ed9t ng\u00e0y m\u1edbi.<\/span><\/p>\n<figure id=\"attachment_12953\" aria-describedby=\"caption-attachment-12953\" style=\"width: 400px\" class=\"wp-caption aligncenter\"><img loading=\"lazy\" decoding=\"async\" class=\"wp-image-12953 size-medium\" src=\"http:\/\/qghome.vn\/wp-content\/uploads\/2024\/11\/BDT04-510x510-1-400x400.jpg\" alt=\"\" width=\"400\" height=\"400\" srcset=\"https:\/\/luan.webrt.net\/qhome\/wp-content\/uploads\/2024\/11\/BDT04-510x510-1-400x400.jpg 400w, https:\/\/luan.webrt.net\/qhome\/wp-content\/uploads\/2024\/11\/BDT04-510x510-1-100x100.jpg 100w, https:\/\/luan.webrt.net\/qhome\/wp-content\/uploads\/2024\/11\/BDT04-510x510-1-280x280.jpg 280w, https:\/\/luan.webrt.net\/qhome\/wp-content\/uploads\/2024\/11\/BDT04-510x510-1.jpg 510w\" sizes=\"auto, (max-width: 400px) 100vw, 400px\" \/><figcaption id=\"caption-attachment-12953\" class=\"wp-caption-text\"><a href=\"https:\/\/qghome.vn\/ban-trang-diem-btd04\/\">B\u00e0n trang \u0111i\u1ec3m sang tr\u1ecdng &#8211; BTD04<\/a><\/figcaption><\/figure>\n<p><span style=\"color: #000000;\">B\u00e0n h\u1ecdc k\u1ebft h\u1ee3p gi\u00e1 s\u00e1ch v\u00f4 c\u00f9ng ti\u1ec7n l\u1ee3i cho qu\u00e1 tr\u00ecnh h\u1ecdc t\u1eadp v\u00e0 l\u00e0m vi\u1ec7c c\u1ee7a b\u1ea1n.<\/span><\/p>\n<figure id=\"attachment_12954\" aria-describedby=\"caption-attachment-12954\" style=\"width: 400px\" class=\"wp-caption aligncenter\"><img loading=\"lazy\" decoding=\"async\" class=\"wp-image-12954 size-medium\" src=\"http:\/\/qghome.vn\/wp-content\/uploads\/2024\/11\/BHS03-768x768-1-400x400.jpg\" alt=\"\" width=\"400\" height=\"400\" srcset=\"https:\/\/luan.webrt.net\/qhome\/wp-content\/uploads\/2024\/11\/BHS03-768x768-1-400x400.jpg 400w, https:\/\/luan.webrt.net\/qhome\/wp-content\/uploads\/2024\/11\/BHS03-768x768-1-100x100.jpg 100w, https:\/\/luan.webrt.net\/qhome\/wp-content\/uploads\/2024\/11\/BHS03-768x768-1-510x510.jpg 510w, https:\/\/luan.webrt.net\/qhome\/wp-content\/uploads\/2024\/11\/BHS03-768x768-1-280x280.jpg 280w, https:\/\/luan.webrt.net\/qhome\/wp-content\/uploads\/2024\/11\/BHS03-768x768-1.jpg 768w\" sizes=\"auto, (max-width: 400px) 100vw, 400px\" \/><figcaption id=\"caption-attachment-12954\" class=\"wp-caption-text\"><a href=\"https:\/\/qghome.vn\/ban-hoc-1m2-ket-hop-gia-de-sach-bhs03\/\">B\u00e0n l\u00e0m vi\u1ec7c th\u00f4ng minh &#8211; BHS03<\/a><\/figcaption><\/figure>\n","protected":false},"excerpt":{"rendered":"<p>Ti\u1ec7n \u00edch tr\u1ecdn g\u00f3i bao g\u1ed3m: 01 Gi\u01b0\u1eddng ng\u1ee7-GN18, 01 T\u1ee7 qu\u1ea7n \u00e1o-TQA06, 01 B\u00e0n trang \u0111i\u1ec3m-BTD04, 01 B\u00e0n l\u00e0m vi\u1ec7c-BHS03<\/p>\n","protected":false},"featured_media":12956,"comment_status":"open","ping_status":"closed","template":"","meta":[],"product_cat":[631,685],"product_tag":[],"class_list":["post-12952","product","type-product","status-publish","has-post-thumbnail","hentry","product_cat-tron-goi-noi-that-chung-cu","product_cat-tron-goi-noi-that-phong-ngu"],"yoast_head":"<!-- This site is optimized with the Yoast SEO plugin v19.9 - https:\/\/yoast.com\/wordpress\/plugins\/seo\/ -->\n<title>N\u1ed9i th\u1ea5t ph\u00f2ng ng\u1ee7 hi\u1ec7n \u0111\u1ea1i - gi\u00e1 r\u1ebb - Thi c\u00f4ng tr\u1ecdn g\u00f3i ph\u00f2ng ng\u1ee7<\/title>\n<meta name=\"description\" content=\"N\u1ed9i th\u1ea5t ph\u00f2ng ng\u1ee7 hi\u1ec7n \u0111\u1ea1i g\u1ed3m Gi\u01b0\u1eddng ng\u1ee7, T\u1ee7 qu\u1ea7n \u00e1o, B\u00e0n trang \u0111i\u1ec3m, B\u00e0n h\u1ecdc g\u1ed7 c\u00f4ng nghi\u1ec7p cao c\u1ea5p, b\u1ec1n b\u1ec9. Mang \u0111\u1ebfn s\u1ef1 \u0111\u1ea7y \u0111\u1ee7, ti\u1ec7n nghi v\u00e0 sang tr\u1ecdng.\" \/>\n<meta name=\"robots\" content=\"index, follow, max-snippet:-1, max-image-preview:large, max-video-preview:-1\" \/>\n<link rel=\"canonical\" href=\"https:\/\/luan.webrt.net\/qhome\/san-pham\/noi-that-phong-ngu-hien-dai\/\" \/>\n<meta property=\"og:locale\" content=\"vi_VN\" \/>\n<meta property=\"og:type\" content=\"article\" \/>\n<meta property=\"og:title\" content=\"N\u1ed9i th\u1ea5t ph\u00f2ng ng\u1ee7 hi\u1ec7n \u0111\u1ea1i - gi\u00e1 r\u1ebb - Thi c\u00f4ng tr\u1ecdn g\u00f3i ph\u00f2ng ng\u1ee7\" \/>\n<meta property=\"og:description\" content=\"N\u1ed9i th\u1ea5t ph\u00f2ng ng\u1ee7 hi\u1ec7n \u0111\u1ea1i g\u1ed3m Gi\u01b0\u1eddng ng\u1ee7, T\u1ee7 qu\u1ea7n \u00e1o, B\u00e0n trang \u0111i\u1ec3m, B\u00e0n h\u1ecdc g\u1ed7 c\u00f4ng nghi\u1ec7p cao c\u1ea5p, b\u1ec1n b\u1ec9. Mang \u0111\u1ebfn s\u1ef1 \u0111\u1ea7y \u0111\u1ee7, ti\u1ec7n nghi v\u00e0 sang tr\u1ecdng.\" \/>\n<meta property=\"og:url\" content=\"https:\/\/luan.webrt.net\/qhome\/san-pham\/noi-that-phong-ngu-hien-dai\/\" \/>\n<meta property=\"og:site_name\" content=\"M\u1eabu web n\u1ed9i th\u1ea5t\" \/>\n<meta property=\"article:publisher\" content=\"https:\/\/www.facebook.com\/noithatqghome\" \/>\n<meta property=\"article:modified_time\" content=\"2024-11-11T21:32:14+00:00\" \/>\n<meta property=\"og:image\" content=\"https:\/\/luan.webrt.net\/qhome\/wp-content\/uploads\/2024\/11\/tu-lua-2-canh-600x800-1.jpg\" \/>\n\t<meta property=\"og:image:width\" content=\"600\" \/>\n\t<meta property=\"og:image:height\" content=\"800\" \/>\n\t<meta property=\"og:image:type\" content=\"image\/jpeg\" \/>\n<meta name=\"twitter:card\" content=\"summary_large_image\" \/>\n<meta name=\"twitter:label1\" content=\"\u01af\u1edbc t\u00ednh th\u1eddi gian \u0111\u1ecdc\" \/>\n\t<meta name=\"twitter:data1\" content=\"4 ph\u00fat\" \/>\n<script type=\"application\/ld+json\" class=\"yoast-schema-graph\">{\"@context\":\"https:\/\/schema.org\",\"@graph\":[{\"@type\":\"WebPage\",\"@id\":\"https:\/\/luan.webrt.net\/qhome\/san-pham\/noi-that-phong-ngu-hien-dai\/\",\"url\":\"https:\/\/luan.webrt.net\/qhome\/san-pham\/noi-that-phong-ngu-hien-dai\/\",\"name\":\"N\u1ed9i th\u1ea5t ph\u00f2ng ng\u1ee7 hi\u1ec7n \u0111\u1ea1i - gi\u00e1 r\u1ebb - Thi c\u00f4ng tr\u1ecdn g\u00f3i ph\u00f2ng ng\u1ee7\",\"isPartOf\":{\"@id\":\"https:\/\/luan.webrt.net\/qhome\/#website\"},\"datePublished\":\"2024-11-11T20:52:59+00:00\",\"dateModified\":\"2024-11-11T21:32:14+00:00\",\"description\":\"N\u1ed9i th\u1ea5t ph\u00f2ng ng\u1ee7 hi\u1ec7n \u0111\u1ea1i g\u1ed3m Gi\u01b0\u1eddng ng\u1ee7, T\u1ee7 qu\u1ea7n \u00e1o, B\u00e0n trang \u0111i\u1ec3m, B\u00e0n h\u1ecdc g\u1ed7 c\u00f4ng nghi\u1ec7p cao c\u1ea5p, b\u1ec1n b\u1ec9. Mang \u0111\u1ebfn s\u1ef1 \u0111\u1ea7y \u0111\u1ee7, ti\u1ec7n nghi v\u00e0 sang tr\u1ecdng.\",\"breadcrumb\":{\"@id\":\"https:\/\/luan.webrt.net\/qhome\/san-pham\/noi-that-phong-ngu-hien-dai\/#breadcrumb\"},\"inLanguage\":\"vi\",\"potentialAction\":[{\"@type\":\"ReadAction\",\"target\":[\"https:\/\/luan.webrt.net\/qhome\/san-pham\/noi-that-phong-ngu-hien-dai\/\"]}]},{\"@type\":\"BreadcrumbList\",\"@id\":\"https:\/\/luan.webrt.net\/qhome\/san-pham\/noi-that-phong-ngu-hien-dai\/#breadcrumb\",\"itemListElement\":[{\"@type\":\"ListItem\",\"position\":1,\"name\":\"Trang ch\u1ee7\",\"item\":\"https:\/\/luan.webrt.net\/qhome\/\"},{\"@type\":\"ListItem\",\"position\":2,\"name\":\"Shop\",\"item\":\"https:\/\/luan.webrt.net\/qhome\/shop\/\"},{\"@type\":\"ListItem\",\"position\":3,\"name\":\"N\u1ed9i th\u1ea5t ph\u00f2ng ng\u1ee7 hi\u1ec7n \u0111\u1ea1i &#8211; gi\u00e1 r\u1ebb\"}]},{\"@type\":\"WebSite\",\"@id\":\"https:\/\/luan.webrt.net\/qhome\/#website\",\"url\":\"https:\/\/luan.webrt.net\/qhome\/\",\"name\":\"M\u1eabu web n\u1ed9i th\u1ea5t\",\"description\":\"QGHome Vi\u1ec7t Nam\",\"publisher\":{\"@id\":\"https:\/\/luan.webrt.net\/qhome\/#organization\"},\"potentialAction\":[{\"@type\":\"SearchAction\",\"target\":{\"@type\":\"EntryPoint\",\"urlTemplate\":\"https:\/\/luan.webrt.net\/qhome\/?s={search_term_string}\"},\"query-input\":\"required name=search_term_string\"}],\"inLanguage\":\"vi\"},{\"@type\":\"Organization\",\"@id\":\"https:\/\/luan.webrt.net\/qhome\/#organization\",\"name\":\"QGHome\",\"url\":\"https:\/\/luan.webrt.net\/qhome\/\",\"logo\":{\"@type\":\"ImageObject\",\"inLanguage\":\"vi\",\"@id\":\"https:\/\/luan.webrt.net\/qhome\/#\/schema\/logo\/image\/\",\"url\":\"https:\/\/qghome.vn\/wp-content\/uploads\/2025\/08\/logo-mau-MauTH-21.png\",\"contentUrl\":\"https:\/\/qghome.vn\/wp-content\/uploads\/2025\/08\/logo-mau-MauTH-21.png\",\"width\":253,\"height\":99,\"caption\":\"QGHome\"},\"image\":{\"@id\":\"https:\/\/luan.webrt.net\/qhome\/#\/schema\/logo\/image\/\"},\"sameAs\":[\"https:\/\/www.tiktok.com\/@qghome.official\",\"https:\/\/www.youtube.com\/channel\/UCeVBuKTXkv-u94DS421cklw\",\"https:\/\/www.facebook.com\/noithatqghome\"]}]}<\/script>\n<!-- \/ Yoast SEO plugin. -->","yoast_head_json":{"title":"N\u1ed9i th\u1ea5t ph\u00f2ng ng\u1ee7 hi\u1ec7n \u0111\u1ea1i - gi\u00e1 r\u1ebb - Thi c\u00f4ng tr\u1ecdn g\u00f3i ph\u00f2ng ng\u1ee7","description":"N\u1ed9i th\u1ea5t ph\u00f2ng ng\u1ee7 hi\u1ec7n \u0111\u1ea1i g\u1ed3m Gi\u01b0\u1eddng ng\u1ee7, T\u1ee7 qu\u1ea7n \u00e1o, B\u00e0n trang \u0111i\u1ec3m, B\u00e0n h\u1ecdc g\u1ed7 c\u00f4ng nghi\u1ec7p cao c\u1ea5p, b\u1ec1n b\u1ec9. Mang \u0111\u1ebfn s\u1ef1 \u0111\u1ea7y \u0111\u1ee7, ti\u1ec7n nghi v\u00e0 sang tr\u1ecdng.","robots":{"index":"index","follow":"follow","max-snippet":"max-snippet:-1","max-image-preview":"max-image-preview:large","max-video-preview":"max-video-preview:-1"},"canonical":"https:\/\/luan.webrt.net\/qhome\/san-pham\/noi-that-phong-ngu-hien-dai\/","og_locale":"vi_VN","og_type":"article","og_title":"N\u1ed9i th\u1ea5t ph\u00f2ng ng\u1ee7 hi\u1ec7n \u0111\u1ea1i - gi\u00e1 r\u1ebb - Thi c\u00f4ng tr\u1ecdn g\u00f3i ph\u00f2ng ng\u1ee7","og_description":"N\u1ed9i th\u1ea5t ph\u00f2ng ng\u1ee7 hi\u1ec7n \u0111\u1ea1i g\u1ed3m Gi\u01b0\u1eddng ng\u1ee7, T\u1ee7 qu\u1ea7n \u00e1o, B\u00e0n trang \u0111i\u1ec3m, B\u00e0n h\u1ecdc g\u1ed7 c\u00f4ng nghi\u1ec7p cao c\u1ea5p, b\u1ec1n b\u1ec9. Mang \u0111\u1ebfn s\u1ef1 \u0111\u1ea7y \u0111\u1ee7, ti\u1ec7n nghi v\u00e0 sang tr\u1ecdng.","og_url":"https:\/\/luan.webrt.net\/qhome\/san-pham\/noi-that-phong-ngu-hien-dai\/","og_site_name":"M\u1eabu web n\u1ed9i th\u1ea5t","article_publisher":"https:\/\/www.facebook.com\/noithatqghome","article_modified_time":"2024-11-11T21:32:14+00:00","og_image":[{"width":600,"height":800,"url":"https:\/\/luan.webrt.net\/qhome\/wp-content\/uploads\/2024\/11\/tu-lua-2-canh-600x800-1.jpg","type":"image\/jpeg"}],"twitter_card":"summary_large_image","twitter_misc":{"\u01af\u1edbc t\u00ednh th\u1eddi gian \u0111\u1ecdc":"4 ph\u00fat"},"schema":{"@context":"https:\/\/schema.org","@graph":[{"@type":"WebPage","@id":"https:\/\/luan.webrt.net\/qhome\/san-pham\/noi-that-phong-ngu-hien-dai\/","url":"https:\/\/luan.webrt.net\/qhome\/san-pham\/noi-that-phong-ngu-hien-dai\/","name":"N\u1ed9i th\u1ea5t ph\u00f2ng ng\u1ee7 hi\u1ec7n \u0111\u1ea1i - gi\u00e1 r\u1ebb - Thi c\u00f4ng tr\u1ecdn g\u00f3i ph\u00f2ng ng\u1ee7","isPartOf":{"@id":"https:\/\/luan.webrt.net\/qhome\/#website"},"datePublished":"2024-11-11T20:52:59+00:00","dateModified":"2024-11-11T21:32:14+00:00","description":"N\u1ed9i th\u1ea5t ph\u00f2ng ng\u1ee7 hi\u1ec7n \u0111\u1ea1i g\u1ed3m Gi\u01b0\u1eddng ng\u1ee7, T\u1ee7 qu\u1ea7n \u00e1o, B\u00e0n trang \u0111i\u1ec3m, B\u00e0n h\u1ecdc g\u1ed7 c\u00f4ng nghi\u1ec7p cao c\u1ea5p, b\u1ec1n b\u1ec9. Mang \u0111\u1ebfn s\u1ef1 \u0111\u1ea7y \u0111\u1ee7, ti\u1ec7n nghi v\u00e0 sang tr\u1ecdng.","breadcrumb":{"@id":"https:\/\/luan.webrt.net\/qhome\/san-pham\/noi-that-phong-ngu-hien-dai\/#breadcrumb"},"inLanguage":"vi","potentialAction":[{"@type":"ReadAction","target":["https:\/\/luan.webrt.net\/qhome\/san-pham\/noi-that-phong-ngu-hien-dai\/"]}]},{"@type":"BreadcrumbList","@id":"https:\/\/luan.webrt.net\/qhome\/san-pham\/noi-that-phong-ngu-hien-dai\/#breadcrumb","itemListElement":[{"@type":"ListItem","position":1,"name":"Trang ch\u1ee7","item":"https:\/\/luan.webrt.net\/qhome\/"},{"@type":"ListItem","position":2,"name":"Shop","item":"https:\/\/luan.webrt.net\/qhome\/shop\/"},{"@type":"ListItem","position":3,"name":"N\u1ed9i th\u1ea5t ph\u00f2ng ng\u1ee7 hi\u1ec7n \u0111\u1ea1i &#8211; gi\u00e1 r\u1ebb"}]},{"@type":"WebSite","@id":"https:\/\/luan.webrt.net\/qhome\/#website","url":"https:\/\/luan.webrt.net\/qhome\/","name":"M\u1eabu web n\u1ed9i th\u1ea5t","description":"QGHome Vi\u1ec7t Nam","publisher":{"@id":"https:\/\/luan.webrt.net\/qhome\/#organization"},"potentialAction":[{"@type":"SearchAction","target":{"@type":"EntryPoint","urlTemplate":"https:\/\/luan.webrt.net\/qhome\/?s={search_term_string}"},"query-input":"required name=search_term_string"}],"inLanguage":"vi"},{"@type":"Organization","@id":"https:\/\/luan.webrt.net\/qhome\/#organization","name":"QGHome","url":"https:\/\/luan.webrt.net\/qhome\/","logo":{"@type":"ImageObject","inLanguage":"vi","@id":"https:\/\/luan.webrt.net\/qhome\/#\/schema\/logo\/image\/","url":"https:\/\/qghome.vn\/wp-content\/uploads\/2025\/08\/logo-mau-MauTH-21.png","contentUrl":"https:\/\/qghome.vn\/wp-content\/uploads\/2025\/08\/logo-mau-MauTH-21.png","width":253,"height":99,"caption":"QGHome"},"image":{"@id":"https:\/\/luan.webrt.net\/qhome\/#\/schema\/logo\/image\/"},"sameAs":["https:\/\/www.tiktok.com\/@qghome.official","https:\/\/www.youtube.com\/channel\/UCeVBuKTXkv-u94DS421cklw","https:\/\/www.facebook.com\/noithatqghome"]}]}},"_links":{"self":[{"href":"https:\/\/luan.webrt.net\/qhome\/wp-json\/wp\/v2\/product\/12952","targetHints":{"allow":["GET"]}}],"collection":[{"href":"https:\/\/luan.webrt.net\/qhome\/wp-json\/wp\/v2\/product"}],"about":[{"href":"https:\/\/luan.webrt.net\/qhome\/wp-json\/wp\/v2\/types\/product"}],"replies":[{"embeddable":true,"href":"https:\/\/luan.webrt.net\/qhome\/wp-json\/wp\/v2\/comments?post=12952"}],"wp:featuredmedia":[{"embeddable":true,"href":"https:\/\/luan.webrt.net\/qhome\/wp-json\/wp\/v2\/media\/12956"}],"wp:attachment":[{"href":"https:\/\/luan.webrt.net\/qhome\/wp-json\/wp\/v2\/media?parent=12952"}],"wp:term":[{"taxonomy":"product_cat","embeddable":true,"href":"https:\/\/luan.webrt.net\/qhome\/wp-json\/wp\/v2\/product_cat?post=12952"},{"taxonomy":"product_tag","embeddable":true,"href":"https:\/\/luan.webrt.net\/qhome\/wp-json\/wp\/v2\/product_tag?post=12952"}],"curies":[{"name":"wp","href":"https:\/\/api.w.org\/{rel}","templated":true}]}}