{"id":12945,"date":"2024-11-07T21:44:26","date_gmt":"2024-11-07T21:44:26","guid":{"rendered":"https:\/\/qghome.vn\/?post_type=product&#038;p=12945"},"modified":"2024-12-22T08:42:52","modified_gmt":"2024-12-22T08:42:52","slug":"noi-that-phong-ngu-cao-cap","status":"publish","type":"product","link":"https:\/\/luan.webrt.net\/qhome\/san-pham\/noi-that-phong-ngu-cao-cap\/","title":{"rendered":"N\u1ed9i th\u1ea5t ph\u00f2ng ng\u1ee7 cao c\u1ea5p"},"content":{"rendered":"<p><span style=\"font-weight: 400; color: #000000;\">Combo n\u1ed9i th\u1ea5t ph\u00f2ng ng\u1ee7 \u0111\u00e3 tr\u1edf th\u00e0nh m\u1ed9t s\u1ef1 l\u1ef1a ch\u1ecdn ph\u1ed5 bi\u1ebfn \u0111\u1ed1i v\u1edbi nhi\u1ec1u ng\u01b0\u1eddi hi\u1ec7n nay b\u1edfi nh\u1eefng l\u1ee3i \u00edch m\u00e0 n\u00f3 mang l\u1ea1i. B\u1ea1n s\u1ebd kh\u00f4ng c\u00f2n ph\u1ea3i t\u1ed1n nhi\u1ec1u th\u1eddi gian \u0111\u1ec3 t\u00ecm ki\u1ebfm c\u00e1c s\u1ea3n ph\u1ea9m ri\u00eang l\u1ebb tr\u00ean th\u1ecb tr\u01b0\u1eddng, v\u00e0 h\u01a1n h\u1ebft l\u00e0 ti\u1ebft ki\u1ec7m \u0111\u01b0\u1ee3c nhi\u1ec1u chi ph\u00ed k\u00e8m nh\u1eefng \u01b0u \u0111\u00e3i h\u1ea5p d\u1eabn.<\/span><\/p>\n<h1 style=\"text-align: center;\"><span style=\"font-weight: 400; color: #0000ff;\">Full Combo n\u1ed9i th\u1ea5t ph\u00f2ng ng\u1ee7 cao c\u1ea5p &#8211; gi\u00e1 r\u1ebb nh\u1ea5t<\/span><\/h1>\n<p><span style=\"font-weight: 400; color: #000000;\">\u00a0G\u00f3i thi\u1ebft k\u1ebf ph\u00f2ng ng\u1ee7 bao g\u1ed3m 03 s\u1ea3n ph\u1ea9m n\u1ed9i th\u1ea5t cao c\u1ea5p:<\/span><\/p>\n<ol>\n<li style=\"font-weight: 400;\" aria-level=\"1\"><span style=\"font-weight: 400; color: #000000;\">01 Gi\u01b0\u1eddng ng\u1ee7: D\u00e0i 2m x R\u1ed9ng 1m6<\/span><\/li>\n<li style=\"font-weight: 400;\" aria-level=\"1\"><span style=\"font-weight: 400; color: #000000;\">01 T\u1ee7 qu\u1ea7n \u00e1o: D\u00e0i 1m6 x Cao 2m<\/span><\/li>\n<li style=\"font-weight: 400;\" aria-level=\"1\"><span style=\"font-weight: 400; color: #000000;\">01 B\u00e0n trang \u0111i\u1ec3m: D\u00e0i 0,6m x R\u1ed9ng 0,4m x Cao 1m3<\/span><\/li>\n<\/ol>\n<p><span style=\"font-weight: 400; color: #000000;\">*Kh\u00e1ch h\u00e0ng c\u00f3 th\u1ec3 t\u00f9y \u00fd thay \u0111\u1ed5i k\u00edch th\u01b0\u1edbc cho ph\u00f9 h\u1ee3p nhu c\u1ea7u<\/span><\/p>\n<ul>\n<li style=\"font-weight: 400;\" aria-level=\"1\"><span style=\"font-weight: 400; color: #000000;\">Ch\u1ea5t li\u1ec7u: G\u1ed7 c\u00f4ng nghi\u1ec7p MDF ph\u1ee7 melamine ch\u1ed1ng th\u1ea5m n\u01b0\u1edbc, ch\u1ed1ng m\u1ed1i m\u1ecdt. H\u1ea1n ch\u1ebf cong v\u00eanh, d\u1ec5 v\u1ec7 sinh lau ch\u00f9i.<\/span><\/li>\n<li style=\"font-weight: 400;\" aria-level=\"1\"><span style=\"font-weight: 400; color: #000000;\">M\u00e0u s\u1eafc:\u00a0 Nh\u1eadn \u0111\u1eb7t m\u00e0u s\u1eafc theo y\u00eau c\u1ea7u.<\/span><\/li>\n<li style=\"font-weight: 400;\" aria-level=\"1\"><span style=\"font-weight: 400; color: #000000;\">Li\u00ean h\u1ec7: t\u01b0 v\u1ea5n h\u1ed7 tr\u1ee3 l\u1eafp \u0111\u1eb7t 0983368623<\/span><\/li>\n<\/ul>\n<figure id=\"attachment_12947\" aria-describedby=\"caption-attachment-12947\" style=\"width: 400px\" class=\"wp-caption aligncenter\"><img loading=\"lazy\" decoding=\"async\" class=\"wp-image-12947 size-medium\" src=\"http:\/\/qghome.vn\/wp-content\/uploads\/2024\/11\/GN10-1-510x510-1-400x400.jpg\" alt=\"\" width=\"400\" height=\"400\" srcset=\"https:\/\/luan.webrt.net\/qhome\/wp-content\/uploads\/2024\/11\/GN10-1-510x510-1-400x400.jpg 400w, https:\/\/luan.webrt.net\/qhome\/wp-content\/uploads\/2024\/11\/GN10-1-510x510-1-100x100.jpg 100w, https:\/\/luan.webrt.net\/qhome\/wp-content\/uploads\/2024\/11\/GN10-1-510x510-1-280x280.jpg 280w, https:\/\/luan.webrt.net\/qhome\/wp-content\/uploads\/2024\/11\/GN10-1-510x510-1.jpg 510w\" sizes=\"auto, (max-width: 400px) 100vw, 400px\" \/><figcaption id=\"caption-attachment-12947\" class=\"wp-caption-text\"><a href=\"https:\/\/qghome.vn\/giuong-ngu-go-cong-nghiep-gn10\/\"><span style=\"text-decoration: underline;\">Gi\u01b0\u1eddng ng\u1ee7 cao c\u1ea5p-GN10<\/span><\/a><\/figcaption><\/figure>\n<figure id=\"attachment_12948\" aria-describedby=\"caption-attachment-12948\" style=\"width: 400px\" class=\"wp-caption aligncenter\"><img loading=\"lazy\" decoding=\"async\" class=\"wp-image-12948 size-medium\" src=\"http:\/\/qghome.vn\/wp-content\/uploads\/2024\/11\/TQA15-510x510-1-400x400.jpg\" alt=\"\" width=\"400\" height=\"400\" srcset=\"https:\/\/luan.webrt.net\/qhome\/wp-content\/uploads\/2024\/11\/TQA15-510x510-1-400x400.jpg 400w, https:\/\/luan.webrt.net\/qhome\/wp-content\/uploads\/2024\/11\/TQA15-510x510-1-100x100.jpg 100w, https:\/\/luan.webrt.net\/qhome\/wp-content\/uploads\/2024\/11\/TQA15-510x510-1-280x280.jpg 280w, https:\/\/luan.webrt.net\/qhome\/wp-content\/uploads\/2024\/11\/TQA15-510x510-1.jpg 510w\" sizes=\"auto, (max-width: 400px) 100vw, 400px\" \/><figcaption id=\"caption-attachment-12948\" class=\"wp-caption-text\"><a href=\"https:\/\/qghome.vn\/tu-quan-ao-canh-kinh-1m6x2m-tqa15\/\">T\u1ee7 qu\u1ea7n \u00e1o c\u00e1nh k\u00ednh-TQA15<\/a><\/figcaption><\/figure>\n<figure id=\"attachment_12946\" aria-describedby=\"caption-attachment-12946\" style=\"width: 400px\" class=\"wp-caption aligncenter\"><img loading=\"lazy\" decoding=\"async\" class=\"wp-image-12946 size-medium\" src=\"http:\/\/qghome.vn\/wp-content\/uploads\/2024\/11\/BDT09-510x510-1-400x400.jpg\" alt=\"\" width=\"400\" height=\"400\" srcset=\"https:\/\/luan.webrt.net\/qhome\/wp-content\/uploads\/2024\/11\/BDT09-510x510-1-400x400.jpg 400w, https:\/\/luan.webrt.net\/qhome\/wp-content\/uploads\/2024\/11\/BDT09-510x510-1-100x100.jpg 100w, https:\/\/luan.webrt.net\/qhome\/wp-content\/uploads\/2024\/11\/BDT09-510x510-1-280x280.jpg 280w, https:\/\/luan.webrt.net\/qhome\/wp-content\/uploads\/2024\/11\/BDT09-510x510-1.jpg 510w\" sizes=\"auto, (max-width: 400px) 100vw, 400px\" \/><figcaption id=\"caption-attachment-12946\" class=\"wp-caption-text\"><a href=\"https:\/\/qghome.vn\/ban-trang-diem-bdt09\/\"><span style=\"text-decoration: underline;\">B\u00e0n trang \u0111i\u1ec3m hi\u1ec7n \u0111\u1ea1i-BTD09<\/span><\/a><\/figcaption><\/figure>\n<p><span style=\"color: #000000;\">Hi\u1ec7n nay, n\u1ed9i th\u1ea5t ph\u00f2ng ng\u1ee7 \u0111\u01b0\u1ee3c b\u00e1n r\u1ea5t nhi\u1ec1u tr\u00ean th\u1ecb tr\u01b0\u1eddng v\u1edbi nh\u1eefng m\u1eabu m\u00e3 v\u00e0 ch\u1ea5t li\u1ec7u kh\u00e1c nhau. Nh\u01b0ng \u0111\u1ec3 t\u00ecm \u0111\u01b0\u1ee3c nh\u1eefng s\u1ea3n ph\u1ea9m c\u00f3 ch\u1ea5t l\u01b0\u1ee3ng t\u1ed1t v\u1edbi m\u1ee9c gi\u00e1 c\u1ea3 h\u1ee3p l\u00fd th\u00ec c\u0169ng kh\u00f4ng ph\u1ea3i chuy\u1ec7n d\u1ec5 d\u00e0ng.<\/span><\/p>\n<p><span style=\"color: #000000;\">\u0110\u1eebng lo nhi\u1ec1u v\u1ec1 \u0111i\u1ec1u n\u00e0y b\u1edfi b\u1ea1n h\u00e3y \u0111\u1ebfn v\u1edbi N\u1ed9i th\u1ea5t QG Home. Ch\u00fang t\u00f4i lu\u00f4n t\u1ef1 h\u00e0o khi \u0111\u01b0\u1ee3c mang \u0111\u1ebfn nh\u1eefng tr\u1ea3i nghi\u1ec7m tuy\u1ec7t v\u1eddi nh\u1ea5t cho b\u1ea1n v\u00e0 gia \u0111\u00ecnh c\u1ee7a b\u1ea1n. B\u1ea1n c\u00f3 th\u1ec3 tho\u1ea3i m\u00e1i l\u1ef1a ch\u1ecdn gi\u1eefa v\u00f4 v\u00e0n c\u00e1c m\u1eabu s\u1ea3n ph\u1ea9m kh\u00e1c nhau. V\u1edbi c\u00e1c m\u1ee9c gi\u00e1 si\u00eau h\u1eddi c\u00f9ng nhi\u1ec1u \u01b0u \u0111\u00e3i h\u1ea5p d\u1eabn!<\/span><\/p>\n<p><span style=\"font-weight: 400; color: #000000;\">H\u00e3y theo d\u00f5i ch\u00fang t\u00f4i \u0111\u1ec3 kh\u00e1m ph\u00e1 th\u00eam nhi\u1ec1u g\u00f3i thi\u1ebft k\u1ebf n\u1ed9i th\u1ea5t ph\u00f2ng ng\u1ee7 cao c\u1ea5p-hi\u1ec7n \u0111\u1ea1i, \u0111\u1ea7y \u0111\u1ee7 v\u00e0 ti\u1ec7n nghi n\u1eefa nh\u00e9!<\/span><\/p>\n","protected":false},"excerpt":{"rendered":"<p>Combo n\u1ed9i th\u1ea5t ph\u00f2ng ng\u1ee7 \u0111\u00e3 tr\u1edf th\u00e0nh m\u1ed9t s\u1ef1 l\u1ef1a ch\u1ecdn ph\u1ed5 bi\u1ebfn \u0111\u1ed1i v\u1edbi nhi\u1ec1u ng\u01b0\u1eddi hi\u1ec7n nay b\u1edfi nh\u1eefng l\u1ee3i \u00edch m\u00e0 n\u00f3 mang l\u1ea1i. B\u1ea1n s\u1ebd kh\u00f4ng c\u00f2n ph\u1ea3i t\u1ed1n nhi\u1ec1u th\u1eddi gian \u0111\u1ec3 t\u00ecm ki\u1ebfm c\u00e1c s\u1ea3n ph\u1ea9m ri\u00eang l\u1ebb tr\u00ean th\u1ecb tr\u01b0\u1eddng, v\u00e0 h\u01a1n h\u1ebft l\u00e0 ti\u1ebft ki\u1ec7m \u0111\u01b0\u1ee3c&#8230;<\/p>\n","protected":false},"featured_media":13203,"comment_status":"open","ping_status":"closed","template":"","meta":[],"product_cat":[631,685],"product_tag":[],"class_list":["post-12945","product","type-product","status-publish","has-post-thumbnail","hentry","product_cat-tron-goi-noi-that-chung-cu","product_cat-tron-goi-noi-that-phong-ngu"],"yoast_head":"<!-- This site is optimized with the Yoast SEO plugin v19.9 - https:\/\/yoast.com\/wordpress\/plugins\/seo\/ -->\n<title>N\u1ed9i th\u1ea5t ph\u00f2ng ng\u1ee7 cao c\u1ea5p - Combo gi\u01b0\u1eddng, t\u1ee7 v\u00e0 b\u00e0n trang \u0111i\u1ec3m<\/title>\n<meta name=\"description\" content=\"Combo n\u1ed9i th\u1ea5t ph\u00f2ng ng\u1ee7 g\u1ed3m Gi\u01b0\u1eddng ng\u1ee7, T\u1ee7 qu\u1ea7n \u00e1o v\u00e0 B\u00e0n trang \u0111i\u1ec3m g\u1ed7 MDF cao c\u1ea5p. \u0110em \u0111\u1ebfn v\u1ebb \u0111\u1eb9p thanh l\u1ecbch, sang tr\u1ecdng qua thi\u1ebft k\u1ebf tinh t\u1ebf, hi\u1ec7n \u0111\u1ea1i.\" \/>\n<meta name=\"robots\" content=\"index, follow, max-snippet:-1, max-image-preview:large, max-video-preview:-1\" \/>\n<link rel=\"canonical\" href=\"https:\/\/luan.webrt.net\/qhome\/san-pham\/noi-that-phong-ngu-cao-cap\/\" \/>\n<meta property=\"og:locale\" content=\"vi_VN\" \/>\n<meta property=\"og:type\" content=\"article\" \/>\n<meta property=\"og:title\" content=\"N\u1ed9i th\u1ea5t ph\u00f2ng ng\u1ee7 cao c\u1ea5p - Combo gi\u01b0\u1eddng, t\u1ee7 v\u00e0 b\u00e0n trang \u0111i\u1ec3m\" \/>\n<meta property=\"og:description\" content=\"Combo n\u1ed9i th\u1ea5t ph\u00f2ng ng\u1ee7 g\u1ed3m Gi\u01b0\u1eddng ng\u1ee7, T\u1ee7 qu\u1ea7n \u00e1o v\u00e0 B\u00e0n trang \u0111i\u1ec3m g\u1ed7 MDF cao c\u1ea5p. \u0110em \u0111\u1ebfn v\u1ebb \u0111\u1eb9p thanh l\u1ecbch, sang tr\u1ecdng qua thi\u1ebft k\u1ebf tinh t\u1ebf, hi\u1ec7n \u0111\u1ea1i.\" \/>\n<meta property=\"og:url\" content=\"https:\/\/luan.webrt.net\/qhome\/san-pham\/noi-that-phong-ngu-cao-cap\/\" \/>\n<meta property=\"og:site_name\" content=\"M\u1eabu web n\u1ed9i th\u1ea5t\" \/>\n<meta property=\"article:publisher\" content=\"https:\/\/www.facebook.com\/noithatqghome\" \/>\n<meta property=\"article:modified_time\" content=\"2024-12-22T08:42:52+00:00\" \/>\n<meta property=\"og:image\" content=\"https:\/\/luan.webrt.net\/qhome\/wp-content\/uploads\/2024\/11\/tu-quan-ao-canh-kinh-lua-3-buong-tak-012.png\" \/>\n\t<meta property=\"og:image:width\" content=\"750\" \/>\n\t<meta property=\"og:image:height\" content=\"500\" \/>\n\t<meta property=\"og:image:type\" content=\"image\/png\" \/>\n<meta name=\"twitter:card\" content=\"summary_large_image\" \/>\n<meta name=\"twitter:label1\" content=\"\u01af\u1edbc t\u00ednh th\u1eddi gian \u0111\u1ecdc\" \/>\n\t<meta name=\"twitter:data1\" content=\"3 ph\u00fat\" \/>\n<script type=\"application\/ld+json\" class=\"yoast-schema-graph\">{\"@context\":\"https:\/\/schema.org\",\"@graph\":[{\"@type\":\"WebPage\",\"@id\":\"https:\/\/luan.webrt.net\/qhome\/san-pham\/noi-that-phong-ngu-cao-cap\/\",\"url\":\"https:\/\/luan.webrt.net\/qhome\/san-pham\/noi-that-phong-ngu-cao-cap\/\",\"name\":\"N\u1ed9i th\u1ea5t ph\u00f2ng ng\u1ee7 cao c\u1ea5p - Combo gi\u01b0\u1eddng, t\u1ee7 v\u00e0 b\u00e0n trang \u0111i\u1ec3m\",\"isPartOf\":{\"@id\":\"https:\/\/luan.webrt.net\/qhome\/#website\"},\"datePublished\":\"2024-11-07T21:44:26+00:00\",\"dateModified\":\"2024-12-22T08:42:52+00:00\",\"description\":\"Combo n\u1ed9i th\u1ea5t ph\u00f2ng ng\u1ee7 g\u1ed3m Gi\u01b0\u1eddng ng\u1ee7, T\u1ee7 qu\u1ea7n \u00e1o v\u00e0 B\u00e0n trang \u0111i\u1ec3m g\u1ed7 MDF cao c\u1ea5p. \u0110em \u0111\u1ebfn v\u1ebb \u0111\u1eb9p thanh l\u1ecbch, sang tr\u1ecdng qua thi\u1ebft k\u1ebf tinh t\u1ebf, hi\u1ec7n \u0111\u1ea1i.\",\"breadcrumb\":{\"@id\":\"https:\/\/luan.webrt.net\/qhome\/san-pham\/noi-that-phong-ngu-cao-cap\/#breadcrumb\"},\"inLanguage\":\"vi\",\"potentialAction\":[{\"@type\":\"ReadAction\",\"target\":[\"https:\/\/luan.webrt.net\/qhome\/san-pham\/noi-that-phong-ngu-cao-cap\/\"]}]},{\"@type\":\"BreadcrumbList\",\"@id\":\"https:\/\/luan.webrt.net\/qhome\/san-pham\/noi-that-phong-ngu-cao-cap\/#breadcrumb\",\"itemListElement\":[{\"@type\":\"ListItem\",\"position\":1,\"name\":\"Trang ch\u1ee7\",\"item\":\"https:\/\/luan.webrt.net\/qhome\/\"},{\"@type\":\"ListItem\",\"position\":2,\"name\":\"Shop\",\"item\":\"https:\/\/luan.webrt.net\/qhome\/shop\/\"},{\"@type\":\"ListItem\",\"position\":3,\"name\":\"N\u1ed9i th\u1ea5t ph\u00f2ng ng\u1ee7 cao c\u1ea5p\"}]},{\"@type\":\"WebSite\",\"@id\":\"https:\/\/luan.webrt.net\/qhome\/#website\",\"url\":\"https:\/\/luan.webrt.net\/qhome\/\",\"name\":\"M\u1eabu web n\u1ed9i th\u1ea5t\",\"description\":\"QGHome Vi\u1ec7t Nam\",\"publisher\":{\"@id\":\"https:\/\/luan.webrt.net\/qhome\/#organization\"},\"potentialAction\":[{\"@type\":\"SearchAction\",\"target\":{\"@type\":\"EntryPoint\",\"urlTemplate\":\"https:\/\/luan.webrt.net\/qhome\/?s={search_term_string}\"},\"query-input\":\"required name=search_term_string\"}],\"inLanguage\":\"vi\"},{\"@type\":\"Organization\",\"@id\":\"https:\/\/luan.webrt.net\/qhome\/#organization\",\"name\":\"QGHome\",\"url\":\"https:\/\/luan.webrt.net\/qhome\/\",\"logo\":{\"@type\":\"ImageObject\",\"inLanguage\":\"vi\",\"@id\":\"https:\/\/luan.webrt.net\/qhome\/#\/schema\/logo\/image\/\",\"url\":\"https:\/\/qghome.vn\/wp-content\/uploads\/2025\/08\/logo-mau-MauTH-21.png\",\"contentUrl\":\"https:\/\/qghome.vn\/wp-content\/uploads\/2025\/08\/logo-mau-MauTH-21.png\",\"width\":253,\"height\":99,\"caption\":\"QGHome\"},\"image\":{\"@id\":\"https:\/\/luan.webrt.net\/qhome\/#\/schema\/logo\/image\/\"},\"sameAs\":[\"https:\/\/www.tiktok.com\/@qghome.official\",\"https:\/\/www.youtube.com\/channel\/UCeVBuKTXkv-u94DS421cklw\",\"https:\/\/www.facebook.com\/noithatqghome\"]}]}<\/script>\n<!-- \/ Yoast SEO plugin. -->","yoast_head_json":{"title":"N\u1ed9i th\u1ea5t ph\u00f2ng ng\u1ee7 cao c\u1ea5p - Combo gi\u01b0\u1eddng, t\u1ee7 v\u00e0 b\u00e0n trang \u0111i\u1ec3m","description":"Combo n\u1ed9i th\u1ea5t ph\u00f2ng ng\u1ee7 g\u1ed3m Gi\u01b0\u1eddng ng\u1ee7, T\u1ee7 qu\u1ea7n \u00e1o v\u00e0 B\u00e0n trang \u0111i\u1ec3m g\u1ed7 MDF cao c\u1ea5p. \u0110em \u0111\u1ebfn v\u1ebb \u0111\u1eb9p thanh l\u1ecbch, sang tr\u1ecdng qua thi\u1ebft k\u1ebf tinh t\u1ebf, hi\u1ec7n \u0111\u1ea1i.","robots":{"index":"index","follow":"follow","max-snippet":"max-snippet:-1","max-image-preview":"max-image-preview:large","max-video-preview":"max-video-preview:-1"},"canonical":"https:\/\/luan.webrt.net\/qhome\/san-pham\/noi-that-phong-ngu-cao-cap\/","og_locale":"vi_VN","og_type":"article","og_title":"N\u1ed9i th\u1ea5t ph\u00f2ng ng\u1ee7 cao c\u1ea5p - Combo gi\u01b0\u1eddng, t\u1ee7 v\u00e0 b\u00e0n trang \u0111i\u1ec3m","og_description":"Combo n\u1ed9i th\u1ea5t ph\u00f2ng ng\u1ee7 g\u1ed3m Gi\u01b0\u1eddng ng\u1ee7, T\u1ee7 qu\u1ea7n \u00e1o v\u00e0 B\u00e0n trang \u0111i\u1ec3m g\u1ed7 MDF cao c\u1ea5p. \u0110em \u0111\u1ebfn v\u1ebb \u0111\u1eb9p thanh l\u1ecbch, sang tr\u1ecdng qua thi\u1ebft k\u1ebf tinh t\u1ebf, hi\u1ec7n \u0111\u1ea1i.","og_url":"https:\/\/luan.webrt.net\/qhome\/san-pham\/noi-that-phong-ngu-cao-cap\/","og_site_name":"M\u1eabu web n\u1ed9i th\u1ea5t","article_publisher":"https:\/\/www.facebook.com\/noithatqghome","article_modified_time":"2024-12-22T08:42:52+00:00","og_image":[{"width":750,"height":500,"url":"https:\/\/luan.webrt.net\/qhome\/wp-content\/uploads\/2024\/11\/tu-quan-ao-canh-kinh-lua-3-buong-tak-012.png","type":"image\/png"}],"twitter_card":"summary_large_image","twitter_misc":{"\u01af\u1edbc t\u00ednh th\u1eddi gian \u0111\u1ecdc":"3 ph\u00fat"},"schema":{"@context":"https:\/\/schema.org","@graph":[{"@type":"WebPage","@id":"https:\/\/luan.webrt.net\/qhome\/san-pham\/noi-that-phong-ngu-cao-cap\/","url":"https:\/\/luan.webrt.net\/qhome\/san-pham\/noi-that-phong-ngu-cao-cap\/","name":"N\u1ed9i th\u1ea5t ph\u00f2ng ng\u1ee7 cao c\u1ea5p - Combo gi\u01b0\u1eddng, t\u1ee7 v\u00e0 b\u00e0n trang \u0111i\u1ec3m","isPartOf":{"@id":"https:\/\/luan.webrt.net\/qhome\/#website"},"datePublished":"2024-11-07T21:44:26+00:00","dateModified":"2024-12-22T08:42:52+00:00","description":"Combo n\u1ed9i th\u1ea5t ph\u00f2ng ng\u1ee7 g\u1ed3m Gi\u01b0\u1eddng ng\u1ee7, T\u1ee7 qu\u1ea7n \u00e1o v\u00e0 B\u00e0n trang \u0111i\u1ec3m g\u1ed7 MDF cao c\u1ea5p. \u0110em \u0111\u1ebfn v\u1ebb \u0111\u1eb9p thanh l\u1ecbch, sang tr\u1ecdng qua thi\u1ebft k\u1ebf tinh t\u1ebf, hi\u1ec7n \u0111\u1ea1i.","breadcrumb":{"@id":"https:\/\/luan.webrt.net\/qhome\/san-pham\/noi-that-phong-ngu-cao-cap\/#breadcrumb"},"inLanguage":"vi","potentialAction":[{"@type":"ReadAction","target":["https:\/\/luan.webrt.net\/qhome\/san-pham\/noi-that-phong-ngu-cao-cap\/"]}]},{"@type":"BreadcrumbList","@id":"https:\/\/luan.webrt.net\/qhome\/san-pham\/noi-that-phong-ngu-cao-cap\/#breadcrumb","itemListElement":[{"@type":"ListItem","position":1,"name":"Trang ch\u1ee7","item":"https:\/\/luan.webrt.net\/qhome\/"},{"@type":"ListItem","position":2,"name":"Shop","item":"https:\/\/luan.webrt.net\/qhome\/shop\/"},{"@type":"ListItem","position":3,"name":"N\u1ed9i th\u1ea5t ph\u00f2ng ng\u1ee7 cao c\u1ea5p"}]},{"@type":"WebSite","@id":"https:\/\/luan.webrt.net\/qhome\/#website","url":"https:\/\/luan.webrt.net\/qhome\/","name":"M\u1eabu web n\u1ed9i th\u1ea5t","description":"QGHome Vi\u1ec7t Nam","publisher":{"@id":"https:\/\/luan.webrt.net\/qhome\/#organization"},"potentialAction":[{"@type":"SearchAction","target":{"@type":"EntryPoint","urlTemplate":"https:\/\/luan.webrt.net\/qhome\/?s={search_term_string}"},"query-input":"required name=search_term_string"}],"inLanguage":"vi"},{"@type":"Organization","@id":"https:\/\/luan.webrt.net\/qhome\/#organization","name":"QGHome","url":"https:\/\/luan.webrt.net\/qhome\/","logo":{"@type":"ImageObject","inLanguage":"vi","@id":"https:\/\/luan.webrt.net\/qhome\/#\/schema\/logo\/image\/","url":"https:\/\/qghome.vn\/wp-content\/uploads\/2025\/08\/logo-mau-MauTH-21.png","contentUrl":"https:\/\/qghome.vn\/wp-content\/uploads\/2025\/08\/logo-mau-MauTH-21.png","width":253,"height":99,"caption":"QGHome"},"image":{"@id":"https:\/\/luan.webrt.net\/qhome\/#\/schema\/logo\/image\/"},"sameAs":["https:\/\/www.tiktok.com\/@qghome.official","https:\/\/www.youtube.com\/channel\/UCeVBuKTXkv-u94DS421cklw","https:\/\/www.facebook.com\/noithatqghome"]}]}},"_links":{"self":[{"href":"https:\/\/luan.webrt.net\/qhome\/wp-json\/wp\/v2\/product\/12945","targetHints":{"allow":["GET"]}}],"collection":[{"href":"https:\/\/luan.webrt.net\/qhome\/wp-json\/wp\/v2\/product"}],"about":[{"href":"https:\/\/luan.webrt.net\/qhome\/wp-json\/wp\/v2\/types\/product"}],"replies":[{"embeddable":true,"href":"https:\/\/luan.webrt.net\/qhome\/wp-json\/wp\/v2\/comments?post=12945"}],"wp:featuredmedia":[{"embeddable":true,"href":"https:\/\/luan.webrt.net\/qhome\/wp-json\/wp\/v2\/media\/13203"}],"wp:attachment":[{"href":"https:\/\/luan.webrt.net\/qhome\/wp-json\/wp\/v2\/media?parent=12945"}],"wp:term":[{"taxonomy":"product_cat","embeddable":true,"href":"https:\/\/luan.webrt.net\/qhome\/wp-json\/wp\/v2\/product_cat?post=12945"},{"taxonomy":"product_tag","embeddable":true,"href":"https:\/\/luan.webrt.net\/qhome\/wp-json\/wp\/v2\/product_tag?post=12945"}],"curies":[{"name":"wp","href":"https:\/\/api.w.org\/{rel}","templated":true}]}}