{"id":12938,"date":"2024-11-07T21:21:32","date_gmt":"2024-11-07T21:21:32","guid":{"rendered":"https:\/\/qghome.vn\/?post_type=product&#038;p=12938"},"modified":"2024-11-07T21:21:33","modified_gmt":"2024-11-07T21:21:33","slug":"tron-bo-noi-that-phong-ngu-gia-tot","status":"publish","type":"product","link":"https:\/\/luan.webrt.net\/qhome\/san-pham\/tron-bo-noi-that-phong-ngu-gia-tot\/","title":{"rendered":"Tr\u1ecdn b\u1ed9 n\u1ed9i th\u1ea5t ph\u00f2ng ng\u1ee7 gi\u00e1 t\u1ed1t"},"content":{"rendered":"<h1 style=\"text-align: center;\"><span style=\"font-weight: 400;\">\u00a0<span style=\"color: #3366ff;\">Tr\u1ecdn b\u1ed9 s\u1ea3n ph\u1ea9m n\u1ed9i th\u1ea5t ph\u00f2ng ng\u1ee7 cao c\u1ea5p<\/span><\/span><\/h1>\n<p><span style=\"font-weight: 400; color: #000000;\">\u00a0G\u00f3i thi\u1ebft k\u1ebf tr\u1ecdn b\u1ed9 n\u1ed9i th\u1ea5t ph\u00f2ng ng\u1ee7 bao g\u1ed3m 02 s\u1ea3n ph\u1ea9m c\u01a1 b\u1ea3n:<\/span><\/p>\n<ul>\n<li style=\"font-weight: 400;\" aria-level=\"1\"><span style=\"color: #000000;\"><i><span style=\"font-weight: 400;\">01 Gi\u01b0\u1eddng ng\u1ee7<\/span><\/i><i><span style=\"font-weight: 400;\">: D\u00e0i 2m x R\u1ed9ng 1m2<\/span><\/i><\/span><\/li>\n<\/ul>\n<ul>\n<li style=\"font-weight: 400;\" aria-level=\"1\"><span style=\"color: #000000;\"><i><span style=\"font-weight: 400;\">01 T\u1ee7 qu\u1ea7n \u00e1o<\/span><\/i><i><span style=\"font-weight: 400;\">: D\u00e0i 0,9m x R\u1ed9ng 0,4m x Cao 1m6<\/span><\/i><\/span><\/li>\n<\/ul>\n<p><span style=\"font-weight: 400; color: #000000;\">*Kh\u00e1ch h\u00e0ng c\u00f3 th\u1ec3 t\u00f9y \u00fd thay \u0111\u1ed5i k\u00edch th\u01b0\u1edbc cho ph\u00f9 h\u1ee3p nhu c\u1ea7u<\/span><\/p>\n<ul>\n<li style=\"font-weight: 400;\" aria-level=\"1\"><span style=\"font-weight: 400; color: #000000;\">Ch\u1ea5t li\u1ec7u: G\u1ed7 c\u00f4ng nghi\u1ec7p MDF ph\u1ee7 melamine ch\u1ed1ng th\u1ea5m n\u01b0\u1edbc, ch\u1ed1ng m\u1ed1i m\u1ecdt, h\u1ea1n ch\u1ebf cong v\u00eanh, d\u1ec5 v\u1ec7 sinh lau ch\u00f9i.<\/span><\/li>\n<li style=\"font-weight: 400;\" aria-level=\"1\"><span style=\"font-weight: 400; color: #000000;\">M\u00e0u s\u1eafc:\u00a0 Nh\u1eadn \u0111\u1eb7t m\u00e0u s\u1eafc theo y\u00eau c\u1ea7u.<\/span><\/li>\n<li style=\"font-weight: 400;\" aria-level=\"1\"><span style=\"font-weight: 400; color: #000000;\">Li\u00ean h\u1ec7: t\u01b0 v\u1ea5n h\u1ed7 tr\u1ee3 l\u1eafp \u0111\u1eb7t 0983368623<\/span><\/li>\n<li aria-level=\"1\">B\u1ea3o h\u00e0nh: 12 th\u00e1ng theo ti\u00eau chu\u1ea9n c\u1ee7a nh\u00e0 m\u00e1y.<\/li>\n<\/ul>\n<h6 style=\"text-align: center;\">***<\/h6>\n<p><span style=\"color: #000000;\">Nh\u1edd t\u00ednh ti\u1ec7n d\u1ee5ng v\u00e0 gi\u00e1 c\u1ea3 \u01b0u \u0111\u00e3i m\u00e0 vi\u1ec7c l\u1ef1a ch\u1ecdn combo n\u1ed9i th\u1ea5t ph\u00f2ng ng\u1ee7 \u0111ang ng\u00e0y c\u00e0ng tr\u1edf n\u00ean ph\u1ed5 bi\u1ebfn. Vi\u1ec7c thi\u1ebft k\u1ebf ph\u00f2ng ng\u1ee7 s\u1ebd tr\u1edf n\u00ean d\u1ec5 d\u00e0ng h\u01a1n r\u1ea5t nhi\u1ec1u cho b\u1ea1n b\u1edfi gi\u1eefa c\u00e1c s\u1ea3n ph\u1ea9m c\u00f3 t\u00ednh nh\u1ea5t qu\u00e1n t\u1eeb phong c\u00e1ch thi\u1ebft k\u1ebf cho \u0111\u1ebfn m\u00e0u s\u1eafc v\u00e0 ch\u1ea5t l\u01b0\u1ee3ng.\u00a0<\/span><\/p>\n<p><span style=\"color: #000000;\">B\u1ed9 s\u1ea3n ph\u1ea9m \u0111\u01b0\u1ee3c s\u1ea3n xu\u1ea5t t\u1eeb g\u1ed7 MDF ch\u1ea5t l\u01b0\u1ee3ng cao, mang l\u1ea1i s\u1ef1 b\u1ec1n b\u1ec9 v\u00e0 y\u00ean t\u00e2m tuy\u1ec7t \u0111\u1ed1i cho ng\u01b0\u1eddi s\u1eed d\u1ee5ng. Gi\u01b0\u1eddng ng\u1ee7 v\u00e0 t\u1ee7 qu\u1ea7n \u00e1o lu\u00f4n to\u00e1t l\u00ean m\u1ed9t v\u1ebb \u0111\u1eb9p hi\u1ec7n \u0111\u1ea1i, sang tr\u1ecdng, \u0111\u1eb3ng c\u1ea5p. G\u00f3p ph\u1ea7n t\u00f4 \u0111i\u1ec3m cho kh\u00f4ng gian ngh\u1ec9 ng\u01a1i c\u1ee7a b\u1ea1n.<\/span><\/p>\n<p><span style=\"color: #000000;\">\u0110\u1ec3 vi\u1ec7c thi\u1ebft k\u1ebf n\u1ed9i th\u1ea5t th\u00eam \u0111\u01a1n gi\u1ea3n v\u00e0 t\u1eadn h\u01b0\u1edfng nh\u1eefng tr\u1ea3i nghi\u1ec7m tuy\u1ec7t v\u1eddi, b\u1ea1n h\u00e3y y\u00ean t\u00e2m l\u1ef1a ch\u1ecdn b\u1ed9 s\u1ea3n ph\u1ea9m n\u1ed9i th\u1ea5t ph\u00f2ng ng\u1ee7 2 m\u00f3n gi\u01b0\u1eddng ng\u1ee7 v\u00e0 t\u1ee7 qu\u1ea7n \u00e1o t\u1ea1i QG Home b\u1ea1n nh\u00e9!<\/span><\/p>\n<p>&nbsp;<\/p>\n<figure id=\"attachment_12942\" aria-describedby=\"caption-attachment-12942\" style=\"width: 300px\" class=\"wp-caption aligncenter\"><img loading=\"lazy\" decoding=\"async\" class=\"wp-image-12942 size-medium\" src=\"http:\/\/qghome.vn\/wp-content\/uploads\/2024\/11\/z4537201552633_6993f5dea603d83f904d2698d7100014-600x800-1-300x400.jpg\" alt=\"\" width=\"300\" height=\"400\" srcset=\"https:\/\/luan.webrt.net\/qhome\/wp-content\/uploads\/2024\/11\/z4537201552633_6993f5dea603d83f904d2698d7100014-600x800-1-300x400.jpg 300w, https:\/\/luan.webrt.net\/qhome\/wp-content\/uploads\/2024\/11\/z4537201552633_6993f5dea603d83f904d2698d7100014-600x800-1-510x680.jpg 510w, https:\/\/luan.webrt.net\/qhome\/wp-content\/uploads\/2024\/11\/z4537201552633_6993f5dea603d83f904d2698d7100014-600x800-1.jpg 600w\" sizes=\"auto, (max-width: 300px) 100vw, 300px\" \/><figcaption id=\"caption-attachment-12942\" class=\"wp-caption-text\">Full b\u1ed9 n\u1ed9i th\u1ea5t ph\u00f2ng ng\u1ee7 nh\u1ecf<\/figcaption><\/figure>\n<p>&nbsp;<\/p>\n<figure id=\"attachment_12939\" aria-describedby=\"caption-attachment-12939\" style=\"width: 596px\" class=\"wp-caption aligncenter\"><img loading=\"lazy\" decoding=\"async\" class=\"wp-image-12939 size-full\" src=\"http:\/\/qghome.vn\/wp-content\/uploads\/2024\/11\/GN07-596x400-1.jpg\" alt=\"\" width=\"596\" height=\"400\" srcset=\"https:\/\/luan.webrt.net\/qhome\/wp-content\/uploads\/2024\/11\/GN07-596x400-1.jpg 596w, https:\/\/luan.webrt.net\/qhome\/wp-content\/uploads\/2024\/11\/GN07-596x400-1-510x342.jpg 510w\" sizes=\"auto, (max-width: 596px) 100vw, 596px\" \/><figcaption id=\"caption-attachment-12939\" class=\"wp-caption-text\"><a href=\"https:\/\/qghome.vn\/giuong-ngu-kieu-dang-basic-gn07\/\">Gi\u01b0\u1eddng ng\u1ee7 cao c\u1ea5p-GN07<\/a><\/figcaption><\/figure>\n<p>&nbsp;<\/p>\n<figure id=\"attachment_12943\" aria-describedby=\"caption-attachment-12943\" style=\"width: 400px\" class=\"wp-caption aligncenter\"><img loading=\"lazy\" decoding=\"async\" class=\"wp-image-12943 size-medium\" src=\"http:\/\/qghome.vn\/wp-content\/uploads\/2024\/11\/TQA10-510x510-1-400x400.jpg\" alt=\"\" width=\"400\" height=\"400\" srcset=\"https:\/\/luan.webrt.net\/qhome\/wp-content\/uploads\/2024\/11\/TQA10-510x510-1-400x400.jpg 400w, https:\/\/luan.webrt.net\/qhome\/wp-content\/uploads\/2024\/11\/TQA10-510x510-1-100x100.jpg 100w, https:\/\/luan.webrt.net\/qhome\/wp-content\/uploads\/2024\/11\/TQA10-510x510-1-280x280.jpg 280w, https:\/\/luan.webrt.net\/qhome\/wp-content\/uploads\/2024\/11\/TQA10-510x510-1.jpg 510w\" sizes=\"auto, (max-width: 400px) 100vw, 400px\" \/><figcaption id=\"caption-attachment-12943\" class=\"wp-caption-text\"><a href=\"https:\/\/qghome.vn\/tu-quan-ao-cua-lua-1m2x2m4-tqa10\/\">T\u1ee7 qu\u1ea7n \u00e1o ki\u1ec3u Nh\u1eadt-TQA10<\/a><\/figcaption><\/figure>\n<p style=\"text-align: center;\">***<\/p>\n<figure id=\"attachment_12941\" aria-describedby=\"caption-attachment-12941\" style=\"width: 400px\" class=\"wp-caption alignright\"><img loading=\"lazy\" decoding=\"async\" class=\"wp-image-12941 size-medium\" src=\"http:\/\/qghome.vn\/wp-content\/uploads\/2024\/11\/TQA11-510x510-1-400x400.jpg\" alt=\"\" width=\"400\" height=\"400\" srcset=\"https:\/\/luan.webrt.net\/qhome\/wp-content\/uploads\/2024\/11\/TQA11-510x510-1-400x400.jpg 400w, https:\/\/luan.webrt.net\/qhome\/wp-content\/uploads\/2024\/11\/TQA11-510x510-1-100x100.jpg 100w, https:\/\/luan.webrt.net\/qhome\/wp-content\/uploads\/2024\/11\/TQA11-510x510-1-280x280.jpg 280w, https:\/\/luan.webrt.net\/qhome\/wp-content\/uploads\/2024\/11\/TQA11-510x510-1.jpg 510w\" sizes=\"auto, (max-width: 400px) 100vw, 400px\" \/><figcaption id=\"caption-attachment-12941\" class=\"wp-caption-text\"><a href=\"https:\/\/qghome.vn\/tu-quan-ao-sinh-vien-gia-tot-tqa11\/\">T\u1ee7 qu\u1ea7n \u00e1o sinh vi\u00ean-TQA11<\/a><\/figcaption><\/figure>\n<figure id=\"attachment_12940\" aria-describedby=\"caption-attachment-12940\" style=\"width: 400px\" class=\"wp-caption alignright\"><img loading=\"lazy\" decoding=\"async\" class=\"wp-image-12940 size-medium\" src=\"http:\/\/qghome.vn\/wp-content\/uploads\/2024\/11\/M11.1-510x510-1-400x400.jpg\" alt=\"\" width=\"400\" height=\"400\" srcset=\"https:\/\/luan.webrt.net\/qhome\/wp-content\/uploads\/2024\/11\/M11.1-510x510-1-400x400.jpg 400w, https:\/\/luan.webrt.net\/qhome\/wp-content\/uploads\/2024\/11\/M11.1-510x510-1-100x100.jpg 100w, https:\/\/luan.webrt.net\/qhome\/wp-content\/uploads\/2024\/11\/M11.1-510x510-1-280x280.jpg 280w, https:\/\/luan.webrt.net\/qhome\/wp-content\/uploads\/2024\/11\/M11.1-510x510-1.jpg 510w\" sizes=\"auto, (max-width: 400px) 100vw, 400px\" \/><figcaption id=\"caption-attachment-12940\" class=\"wp-caption-text\"><a href=\"https:\/\/qghome.vn\/giuong-ngu-kieu-nhat-gn11\/\">Gi\u01b0\u1eddng ng\u1ee7 \u0111a n\u0103ng-GN11<\/a><\/figcaption><\/figure>\n<p>&nbsp;<\/p>\n<p><span style=\"color: #000000;\">B\u00ean c\u1ea1nh 2 m\u1eabu gi\u01b0\u1eddng ng\u1ee7 v\u00e0 t\u1ee7 qu\u1ea7n \u00e1o nh\u01b0 b\u00ean tr\u00ean, b\u1ea1n c\u0169ng c\u00f3 th\u1ec3 tham kh\u1ea3o th\u00eam r\u1ea5t nhi\u1ec1u m\u1eabu s\u1ea3n ph\u1ea9m kh\u00e1c c\u00f9ng lo\u1ea1i t\u1ea1i gian h\u00e0ng c\u1ee7a QG Home nh\u00e9!<\/span><\/p>\n<p>&nbsp;<\/p>\n","protected":false},"excerpt":{"rendered":"<p>\u00a0Tr\u1ecdn b\u1ed9 s\u1ea3n ph\u1ea9m n\u1ed9i th\u1ea5t ph\u00f2ng ng\u1ee7 cao c\u1ea5p \u00a0G\u00f3i thi\u1ebft k\u1ebf tr\u1ecdn b\u1ed9 n\u1ed9i th\u1ea5t ph\u00f2ng ng\u1ee7 bao g\u1ed3m 02 s\u1ea3n ph\u1ea9m c\u01a1 b\u1ea3n: 01 Gi\u01b0\u1eddng ng\u1ee7: D\u00e0i 2m x R\u1ed9ng 1m2 01 T\u1ee7 qu\u1ea7n \u00e1o: D\u00e0i 0,9m x R\u1ed9ng 0,4m x Cao 1m6 *Kh\u00e1ch h\u00e0ng c\u00f3 th\u1ec3 t\u00f9y \u00fd thay \u0111\u1ed5i k\u00edch&#8230;<\/p>\n","protected":false},"featured_media":12942,"comment_status":"open","ping_status":"closed","template":"","meta":[],"product_cat":[631,685],"product_tag":[],"class_list":["post-12938","product","type-product","status-publish","has-post-thumbnail","hentry","product_cat-tron-goi-noi-that-chung-cu","product_cat-tron-goi-noi-that-phong-ngu"],"yoast_head":"<!-- This site is optimized with the Yoast SEO plugin v19.9 - https:\/\/yoast.com\/wordpress\/plugins\/seo\/ -->\n<title>Tr\u1ecdn b\u1ed9 n\u1ed9i th\u1ea5t ph\u00f2ng ng\u1ee7 gi\u00e1 t\u1ed1t<\/title>\n<meta name=\"description\" content=\"Tr\u1ecdn b\u1ed9 n\u1ed9i th\u1ea5t ph\u00f2ng ng\u1ee7 g\u1ed3m Gi\u01b0\u1eddng ng\u1ee7 v\u00e0 T\u1ee7 qu\u1ea7n \u00e1o g\u1ed7 MDF cao c\u1ea5p, b\u1ec1n b\u1ec9. Mang \u0111\u1ebfn v\u1ebb \u0111\u1eb9p hi\u1ec7n \u0111\u1ea1i, thanh l\u1ecbch v\u00e0 ti\u1ec7n nghi cho kh\u00f4ng gian ngh\u1ec9 ng\u01a1i.\" \/>\n<meta name=\"robots\" content=\"index, follow, max-snippet:-1, max-image-preview:large, max-video-preview:-1\" \/>\n<link rel=\"canonical\" href=\"https:\/\/luan.webrt.net\/qhome\/san-pham\/tron-bo-noi-that-phong-ngu-gia-tot\/\" \/>\n<meta property=\"og:locale\" content=\"vi_VN\" \/>\n<meta property=\"og:type\" content=\"article\" \/>\n<meta property=\"og:title\" content=\"Tr\u1ecdn b\u1ed9 n\u1ed9i th\u1ea5t ph\u00f2ng ng\u1ee7 gi\u00e1 t\u1ed1t\" \/>\n<meta property=\"og:description\" content=\"Tr\u1ecdn b\u1ed9 n\u1ed9i th\u1ea5t ph\u00f2ng ng\u1ee7 g\u1ed3m Gi\u01b0\u1eddng ng\u1ee7 v\u00e0 T\u1ee7 qu\u1ea7n \u00e1o g\u1ed7 MDF cao c\u1ea5p, b\u1ec1n b\u1ec9. Mang \u0111\u1ebfn v\u1ebb \u0111\u1eb9p hi\u1ec7n \u0111\u1ea1i, thanh l\u1ecbch v\u00e0 ti\u1ec7n nghi cho kh\u00f4ng gian ngh\u1ec9 ng\u01a1i.\" \/>\n<meta property=\"og:url\" content=\"https:\/\/luan.webrt.net\/qhome\/san-pham\/tron-bo-noi-that-phong-ngu-gia-tot\/\" \/>\n<meta property=\"og:site_name\" content=\"M\u1eabu web n\u1ed9i th\u1ea5t\" \/>\n<meta property=\"article:publisher\" content=\"https:\/\/www.facebook.com\/noithatqghome\" \/>\n<meta property=\"article:modified_time\" content=\"2024-11-07T21:21:33+00:00\" \/>\n<meta property=\"og:image\" content=\"https:\/\/luan.webrt.net\/qhome\/wp-content\/uploads\/2024\/11\/z4537201552633_6993f5dea603d83f904d2698d7100014-600x800-1.jpg\" \/>\n\t<meta property=\"og:image:width\" content=\"600\" \/>\n\t<meta property=\"og:image:height\" content=\"800\" \/>\n\t<meta property=\"og:image:type\" content=\"image\/jpeg\" \/>\n<meta name=\"twitter:card\" content=\"summary_large_image\" \/>\n<meta name=\"twitter:label1\" content=\"\u01af\u1edbc t\u00ednh th\u1eddi gian \u0111\u1ecdc\" \/>\n\t<meta name=\"twitter:data1\" content=\"3 ph\u00fat\" \/>\n<script type=\"application\/ld+json\" class=\"yoast-schema-graph\">{\"@context\":\"https:\/\/schema.org\",\"@graph\":[{\"@type\":\"WebPage\",\"@id\":\"https:\/\/luan.webrt.net\/qhome\/san-pham\/tron-bo-noi-that-phong-ngu-gia-tot\/\",\"url\":\"https:\/\/luan.webrt.net\/qhome\/san-pham\/tron-bo-noi-that-phong-ngu-gia-tot\/\",\"name\":\"Tr\u1ecdn b\u1ed9 n\u1ed9i th\u1ea5t ph\u00f2ng ng\u1ee7 gi\u00e1 t\u1ed1t\",\"isPartOf\":{\"@id\":\"https:\/\/luan.webrt.net\/qhome\/#website\"},\"datePublished\":\"2024-11-07T21:21:32+00:00\",\"dateModified\":\"2024-11-07T21:21:33+00:00\",\"description\":\"Tr\u1ecdn b\u1ed9 n\u1ed9i th\u1ea5t ph\u00f2ng ng\u1ee7 g\u1ed3m Gi\u01b0\u1eddng ng\u1ee7 v\u00e0 T\u1ee7 qu\u1ea7n \u00e1o g\u1ed7 MDF cao c\u1ea5p, b\u1ec1n b\u1ec9. Mang \u0111\u1ebfn v\u1ebb \u0111\u1eb9p hi\u1ec7n \u0111\u1ea1i, thanh l\u1ecbch v\u00e0 ti\u1ec7n nghi cho kh\u00f4ng gian ngh\u1ec9 ng\u01a1i.\",\"breadcrumb\":{\"@id\":\"https:\/\/luan.webrt.net\/qhome\/san-pham\/tron-bo-noi-that-phong-ngu-gia-tot\/#breadcrumb\"},\"inLanguage\":\"vi\",\"potentialAction\":[{\"@type\":\"ReadAction\",\"target\":[\"https:\/\/luan.webrt.net\/qhome\/san-pham\/tron-bo-noi-that-phong-ngu-gia-tot\/\"]}]},{\"@type\":\"BreadcrumbList\",\"@id\":\"https:\/\/luan.webrt.net\/qhome\/san-pham\/tron-bo-noi-that-phong-ngu-gia-tot\/#breadcrumb\",\"itemListElement\":[{\"@type\":\"ListItem\",\"position\":1,\"name\":\"Trang ch\u1ee7\",\"item\":\"https:\/\/luan.webrt.net\/qhome\/\"},{\"@type\":\"ListItem\",\"position\":2,\"name\":\"Shop\",\"item\":\"https:\/\/luan.webrt.net\/qhome\/shop\/\"},{\"@type\":\"ListItem\",\"position\":3,\"name\":\"Tr\u1ecdn b\u1ed9 n\u1ed9i th\u1ea5t ph\u00f2ng ng\u1ee7 gi\u00e1 t\u1ed1t\"}]},{\"@type\":\"WebSite\",\"@id\":\"https:\/\/luan.webrt.net\/qhome\/#website\",\"url\":\"https:\/\/luan.webrt.net\/qhome\/\",\"name\":\"M\u1eabu web n\u1ed9i th\u1ea5t\",\"description\":\"QGHome Vi\u1ec7t Nam\",\"publisher\":{\"@id\":\"https:\/\/luan.webrt.net\/qhome\/#organization\"},\"potentialAction\":[{\"@type\":\"SearchAction\",\"target\":{\"@type\":\"EntryPoint\",\"urlTemplate\":\"https:\/\/luan.webrt.net\/qhome\/?s={search_term_string}\"},\"query-input\":\"required name=search_term_string\"}],\"inLanguage\":\"vi\"},{\"@type\":\"Organization\",\"@id\":\"https:\/\/luan.webrt.net\/qhome\/#organization\",\"name\":\"QGHome\",\"url\":\"https:\/\/luan.webrt.net\/qhome\/\",\"logo\":{\"@type\":\"ImageObject\",\"inLanguage\":\"vi\",\"@id\":\"https:\/\/luan.webrt.net\/qhome\/#\/schema\/logo\/image\/\",\"url\":\"https:\/\/qghome.vn\/wp-content\/uploads\/2025\/08\/logo-mau-MauTH-21.png\",\"contentUrl\":\"https:\/\/qghome.vn\/wp-content\/uploads\/2025\/08\/logo-mau-MauTH-21.png\",\"width\":253,\"height\":99,\"caption\":\"QGHome\"},\"image\":{\"@id\":\"https:\/\/luan.webrt.net\/qhome\/#\/schema\/logo\/image\/\"},\"sameAs\":[\"https:\/\/www.tiktok.com\/@qghome.official\",\"https:\/\/www.youtube.com\/channel\/UCeVBuKTXkv-u94DS421cklw\",\"https:\/\/www.facebook.com\/noithatqghome\"]}]}<\/script>\n<!-- \/ Yoast SEO plugin. -->","yoast_head_json":{"title":"Tr\u1ecdn b\u1ed9 n\u1ed9i th\u1ea5t ph\u00f2ng ng\u1ee7 gi\u00e1 t\u1ed1t","description":"Tr\u1ecdn b\u1ed9 n\u1ed9i th\u1ea5t ph\u00f2ng ng\u1ee7 g\u1ed3m Gi\u01b0\u1eddng ng\u1ee7 v\u00e0 T\u1ee7 qu\u1ea7n \u00e1o g\u1ed7 MDF cao c\u1ea5p, b\u1ec1n b\u1ec9. Mang \u0111\u1ebfn v\u1ebb \u0111\u1eb9p hi\u1ec7n \u0111\u1ea1i, thanh l\u1ecbch v\u00e0 ti\u1ec7n nghi cho kh\u00f4ng gian ngh\u1ec9 ng\u01a1i.","robots":{"index":"index","follow":"follow","max-snippet":"max-snippet:-1","max-image-preview":"max-image-preview:large","max-video-preview":"max-video-preview:-1"},"canonical":"https:\/\/luan.webrt.net\/qhome\/san-pham\/tron-bo-noi-that-phong-ngu-gia-tot\/","og_locale":"vi_VN","og_type":"article","og_title":"Tr\u1ecdn b\u1ed9 n\u1ed9i th\u1ea5t ph\u00f2ng ng\u1ee7 gi\u00e1 t\u1ed1t","og_description":"Tr\u1ecdn b\u1ed9 n\u1ed9i th\u1ea5t ph\u00f2ng ng\u1ee7 g\u1ed3m Gi\u01b0\u1eddng ng\u1ee7 v\u00e0 T\u1ee7 qu\u1ea7n \u00e1o g\u1ed7 MDF cao c\u1ea5p, b\u1ec1n b\u1ec9. Mang \u0111\u1ebfn v\u1ebb \u0111\u1eb9p hi\u1ec7n \u0111\u1ea1i, thanh l\u1ecbch v\u00e0 ti\u1ec7n nghi cho kh\u00f4ng gian ngh\u1ec9 ng\u01a1i.","og_url":"https:\/\/luan.webrt.net\/qhome\/san-pham\/tron-bo-noi-that-phong-ngu-gia-tot\/","og_site_name":"M\u1eabu web n\u1ed9i th\u1ea5t","article_publisher":"https:\/\/www.facebook.com\/noithatqghome","article_modified_time":"2024-11-07T21:21:33+00:00","og_image":[{"width":600,"height":800,"url":"https:\/\/luan.webrt.net\/qhome\/wp-content\/uploads\/2024\/11\/z4537201552633_6993f5dea603d83f904d2698d7100014-600x800-1.jpg","type":"image\/jpeg"}],"twitter_card":"summary_large_image","twitter_misc":{"\u01af\u1edbc t\u00ednh th\u1eddi gian \u0111\u1ecdc":"3 ph\u00fat"},"schema":{"@context":"https:\/\/schema.org","@graph":[{"@type":"WebPage","@id":"https:\/\/luan.webrt.net\/qhome\/san-pham\/tron-bo-noi-that-phong-ngu-gia-tot\/","url":"https:\/\/luan.webrt.net\/qhome\/san-pham\/tron-bo-noi-that-phong-ngu-gia-tot\/","name":"Tr\u1ecdn b\u1ed9 n\u1ed9i th\u1ea5t ph\u00f2ng ng\u1ee7 gi\u00e1 t\u1ed1t","isPartOf":{"@id":"https:\/\/luan.webrt.net\/qhome\/#website"},"datePublished":"2024-11-07T21:21:32+00:00","dateModified":"2024-11-07T21:21:33+00:00","description":"Tr\u1ecdn b\u1ed9 n\u1ed9i th\u1ea5t ph\u00f2ng ng\u1ee7 g\u1ed3m Gi\u01b0\u1eddng ng\u1ee7 v\u00e0 T\u1ee7 qu\u1ea7n \u00e1o g\u1ed7 MDF cao c\u1ea5p, b\u1ec1n b\u1ec9. Mang \u0111\u1ebfn v\u1ebb \u0111\u1eb9p hi\u1ec7n \u0111\u1ea1i, thanh l\u1ecbch v\u00e0 ti\u1ec7n nghi cho kh\u00f4ng gian ngh\u1ec9 ng\u01a1i.","breadcrumb":{"@id":"https:\/\/luan.webrt.net\/qhome\/san-pham\/tron-bo-noi-that-phong-ngu-gia-tot\/#breadcrumb"},"inLanguage":"vi","potentialAction":[{"@type":"ReadAction","target":["https:\/\/luan.webrt.net\/qhome\/san-pham\/tron-bo-noi-that-phong-ngu-gia-tot\/"]}]},{"@type":"BreadcrumbList","@id":"https:\/\/luan.webrt.net\/qhome\/san-pham\/tron-bo-noi-that-phong-ngu-gia-tot\/#breadcrumb","itemListElement":[{"@type":"ListItem","position":1,"name":"Trang ch\u1ee7","item":"https:\/\/luan.webrt.net\/qhome\/"},{"@type":"ListItem","position":2,"name":"Shop","item":"https:\/\/luan.webrt.net\/qhome\/shop\/"},{"@type":"ListItem","position":3,"name":"Tr\u1ecdn b\u1ed9 n\u1ed9i th\u1ea5t ph\u00f2ng ng\u1ee7 gi\u00e1 t\u1ed1t"}]},{"@type":"WebSite","@id":"https:\/\/luan.webrt.net\/qhome\/#website","url":"https:\/\/luan.webrt.net\/qhome\/","name":"M\u1eabu web n\u1ed9i th\u1ea5t","description":"QGHome Vi\u1ec7t Nam","publisher":{"@id":"https:\/\/luan.webrt.net\/qhome\/#organization"},"potentialAction":[{"@type":"SearchAction","target":{"@type":"EntryPoint","urlTemplate":"https:\/\/luan.webrt.net\/qhome\/?s={search_term_string}"},"query-input":"required name=search_term_string"}],"inLanguage":"vi"},{"@type":"Organization","@id":"https:\/\/luan.webrt.net\/qhome\/#organization","name":"QGHome","url":"https:\/\/luan.webrt.net\/qhome\/","logo":{"@type":"ImageObject","inLanguage":"vi","@id":"https:\/\/luan.webrt.net\/qhome\/#\/schema\/logo\/image\/","url":"https:\/\/qghome.vn\/wp-content\/uploads\/2025\/08\/logo-mau-MauTH-21.png","contentUrl":"https:\/\/qghome.vn\/wp-content\/uploads\/2025\/08\/logo-mau-MauTH-21.png","width":253,"height":99,"caption":"QGHome"},"image":{"@id":"https:\/\/luan.webrt.net\/qhome\/#\/schema\/logo\/image\/"},"sameAs":["https:\/\/www.tiktok.com\/@qghome.official","https:\/\/www.youtube.com\/channel\/UCeVBuKTXkv-u94DS421cklw","https:\/\/www.facebook.com\/noithatqghome"]}]}},"_links":{"self":[{"href":"https:\/\/luan.webrt.net\/qhome\/wp-json\/wp\/v2\/product\/12938","targetHints":{"allow":["GET"]}}],"collection":[{"href":"https:\/\/luan.webrt.net\/qhome\/wp-json\/wp\/v2\/product"}],"about":[{"href":"https:\/\/luan.webrt.net\/qhome\/wp-json\/wp\/v2\/types\/product"}],"replies":[{"embeddable":true,"href":"https:\/\/luan.webrt.net\/qhome\/wp-json\/wp\/v2\/comments?post=12938"}],"wp:featuredmedia":[{"embeddable":true,"href":"https:\/\/luan.webrt.net\/qhome\/wp-json\/wp\/v2\/media\/12942"}],"wp:attachment":[{"href":"https:\/\/luan.webrt.net\/qhome\/wp-json\/wp\/v2\/media?parent=12938"}],"wp:term":[{"taxonomy":"product_cat","embeddable":true,"href":"https:\/\/luan.webrt.net\/qhome\/wp-json\/wp\/v2\/product_cat?post=12938"},{"taxonomy":"product_tag","embeddable":true,"href":"https:\/\/luan.webrt.net\/qhome\/wp-json\/wp\/v2\/product_tag?post=12938"}],"curies":[{"name":"wp","href":"https:\/\/api.w.org\/{rel}","templated":true}]}}