{"id":12934,"date":"2024-11-07T20:18:40","date_gmt":"2024-11-07T20:18:40","guid":{"rendered":"https:\/\/qghome.vn\/?post_type=product&#038;p=12934"},"modified":"2024-11-07T20:28:02","modified_gmt":"2024-11-07T20:28:02","slug":"combo-noi-that-phong-ngu-nho","status":"publish","type":"product","link":"https:\/\/luan.webrt.net\/qhome\/san-pham\/combo-noi-that-phong-ngu-nho\/","title":{"rendered":"Combo n\u1ed9i th\u1ea5t ph\u00f2ng ng\u1ee7 nh\u1ecf"},"content":{"rendered":"<h1 style=\"text-align: center;\"><span style=\"font-weight: 400; color: #000000;\">\u00a0<span style=\"color: #3366ff;\">Combo thi\u1ebft k\u1ebf n\u1ed9i th\u1ea5t ph\u00f2ng ng\u1ee7 nh\u1ecf \u0111\u1eb9p, hi\u1ec7n \u0111\u1ea1i\u00a0<\/span><\/span><\/h1>\n<p><span style=\"font-weight: 400; color: #000000;\">Combo n\u1ed9i th\u1ea5t ph\u00f2ng ng\u1ee7 bao g\u1ed3m 02 s\u1ea3n ph\u1ea9m c\u01a1 b\u1ea3n:<\/span><\/p>\n<ul>\n<li style=\"font-weight: 400;\" aria-level=\"1\"><span style=\"color: #000000;\"><i><span style=\"font-weight: 400;\">01 Gi\u01b0\u1eddng ng\u1ee7<\/span><\/i><i><span style=\"font-weight: 400;\">: D\u00e0i 2m x R\u1ed9ng 1m6<\/span><\/i><\/span><\/li>\n<\/ul>\n<ul>\n<li style=\"font-weight: 400;\" aria-level=\"1\"><span style=\"color: #000000;\"><i><span style=\"font-weight: 400;\">01 T\u1ee7 qu\u1ea7n \u00e1o<\/span><\/i><i><span style=\"font-weight: 400;\">: D\u00e0i 1m6 x Cao 2m<\/span><\/i><\/span><\/li>\n<\/ul>\n<p><span style=\"font-weight: 400; color: #000000;\">*Kh\u00e1ch h\u00e0ng c\u00f3 th\u1ec3 t\u00f9y \u00fd thay \u0111\u1ed5i k\u00edch th\u01b0\u1edbc s\u1ea3n ph\u1ea9m cho ph\u00f9 h\u1ee3p nhu c\u1ea7u<\/span><\/p>\n<ul>\n<li style=\"font-weight: 400;\" aria-level=\"1\"><span style=\"font-weight: 400; color: #000000;\">Ch\u1ea5t li\u1ec7u: G\u1ed7 c\u00f4ng nghi\u1ec7p MDF ph\u1ee7 melamine ch\u1ed1ng th\u1ea5m n\u01b0\u1edbc, ch\u1ed1ng m\u1ed1i m\u1ecdt. H\u1ea1n ch\u1ebf cong v\u00eanh, d\u1ec5 v\u1ec7 sinh lau ch\u00f9i.<\/span><\/li>\n<li style=\"font-weight: 400;\" aria-level=\"1\"><span style=\"font-weight: 400; color: #000000;\">M\u00e0u s\u1eafc:\u00a0 Nh\u1eadn \u0111\u1eb7t m\u00e0u s\u1eafc theo y\u00eau c\u1ea7u.<\/span><\/li>\n<li style=\"font-weight: 400;\" aria-level=\"1\"><span style=\"color: #000000;\"><span style=\"font-weight: 400;\">Li\u00ean h\u1ec7: t\u01b0 v\u1ea5n h\u1ed7 tr\u1ee3 l\u1eafp \u0111\u1eb7t<\/span><b> 0983368623<\/b><\/span><\/li>\n<li aria-level=\"1\"><span style=\"color: #000000;\">B\u1ea3o h\u00e0nh: 12 th\u00e1ng theo ti\u00eau chu\u1ea9n nh\u00e0 m\u00e1y.<\/span><\/li>\n<\/ul>\n<p><span style=\"color: #000000;\">C\u00e1c s\u1ea3n ph\u1ea9m thu\u1ed9c combo ph\u00f2ng ng\u1ee7 hi\u1ec7n \u0111\u1ea1i t\u1ea1i QG Home \u0111\u1ec1u \u0111\u01b0\u1ee3c thi\u1ebft k\u1ebf v\u1edbi phong c\u00e1ch sang tr\u1ecdng, \u0111\u1eb3ng c\u1ea5p, tinh t\u1ebf v\u00e0 ti\u1ec7n nghi. Mang \u0111\u1ebfn nh\u1eefng tr\u1ea3i nghi\u1ec7m v\u00f4 c\u00f9ng tuy\u1ec7t v\u1eddi cho b\u1ea1n v\u00e0 c\u00e1c th\u00e0nh vi\u00ean trong gia \u0111\u00ecnh c\u1ee7a b\u1ea1n.<\/span><\/p>\n<p>&nbsp;<\/p>\n<figure id=\"attachment_12935\" aria-describedby=\"caption-attachment-12935\" style=\"width: 510px\" class=\"wp-caption aligncenter\"><img loading=\"lazy\" decoding=\"async\" class=\"wp-image-12935 size-full\" src=\"http:\/\/qghome.vn\/wp-content\/uploads\/2024\/11\/GN10.1-510x342-1.jpg\" alt=\"\" width=\"510\" height=\"342\" srcset=\"https:\/\/luan.webrt.net\/qhome\/wp-content\/uploads\/2024\/11\/GN10.1-510x342-1.jpg 510w, https:\/\/luan.webrt.net\/qhome\/wp-content\/uploads\/2024\/11\/GN10.1-510x342-1-247x166.jpg 247w\" sizes=\"auto, (max-width: 510px) 100vw, 510px\" \/><figcaption id=\"caption-attachment-12935\" class=\"wp-caption-text\"><span style=\"text-decoration: underline;\"><a href=\"https:\/\/qghome.vn\/giuong-ngu-go-cong-nghiep-gn10\/\">Gi\u01b0\u1eddng ng\u1ee7 cao c\u1ea5p &#8211; GN10 <\/a><\/span><\/figcaption><\/figure>\n<figure id=\"attachment_12936\" aria-describedby=\"caption-attachment-12936\" style=\"width: 400px\" class=\"wp-caption aligncenter\"><img loading=\"lazy\" decoding=\"async\" class=\"wp-image-12936 size-medium\" src=\"http:\/\/qghome.vn\/wp-content\/uploads\/2024\/11\/TQA04.1-510x510-1-400x400.jpg\" alt=\"\" width=\"400\" height=\"400\" srcset=\"https:\/\/luan.webrt.net\/qhome\/wp-content\/uploads\/2024\/11\/TQA04.1-510x510-1-400x400.jpg 400w, https:\/\/luan.webrt.net\/qhome\/wp-content\/uploads\/2024\/11\/TQA04.1-510x510-1-100x100.jpg 100w, https:\/\/luan.webrt.net\/qhome\/wp-content\/uploads\/2024\/11\/TQA04.1-510x510-1-280x280.jpg 280w, https:\/\/luan.webrt.net\/qhome\/wp-content\/uploads\/2024\/11\/TQA04.1-510x510-1.jpg 510w\" sizes=\"auto, (max-width: 400px) 100vw, 400px\" \/><figcaption id=\"caption-attachment-12936\" class=\"wp-caption-text\"><a href=\"https:\/\/qghome.vn\/tu-quan-ao-canh-lua-1m6x2m-tqa04\/\"><span style=\"text-decoration: underline;\">T\u1ee7 qu\u1ea7n \u00e1o \u0111a n\u0103ng &#8211; TQA04<\/span><\/a><\/figcaption><\/figure>\n<h2><span style=\"font-weight: 400; color: #000000;\">Nh\u1eefng l\u1ee3i \u00edch khi mua combo n\u1ed9i th\u1ea5t ph\u00f2ng ng\u1ee7 t\u1ea1i QG Home m\u00e0 b\u1ea1n nh\u1ea5t \u0111\u1ecbnh kh\u00f4ng th\u1ec3 b\u1ecf qua:<\/span><\/h2>\n<ul>\n<li style=\"font-weight: 400;\" aria-level=\"1\"><span style=\"font-weight: 400; color: #000000;\">Ti\u1ebft ki\u1ec7m chi ph\u00ed h\u01a1n so v\u1edbi vi\u1ec7c mua t\u1eebng s\u1ea3n ph\u1ea9m ri\u00eang l\u1ebb. C\u00f3 r\u1ea5t nhi\u1ec1u nh\u1eefng \u01b0u \u0111\u00e3i v\u00f4 c\u00f9ng \u0111\u1eb7c bi\u1ec7t \u0111ang \u0111\u00f3n ch\u1edd b\u1ea1n.<\/span><\/li>\n<li style=\"font-weight: 400;\" aria-level=\"1\"><span style=\"font-weight: 400; color: #000000;\">Ti\u1ebft ki\u1ec7m th\u1eddi gian cho b\u1ea1n.<\/span><\/li>\n<li style=\"font-weight: 400;\" aria-level=\"1\"><span style=\"font-weight: 400; color: #000000;\">C\u00e1c s\u1ea3n ph\u1ea9m c\u00f3 m\u1eabu m\u00e3 v\u00e0 m\u00e0u s\u1eafc nh\u1ea5t qu\u00e1n v\u00e0 mang phong c\u00e1ch thi\u1ebft k\u1ebf chung.\u00a0<\/span><\/li>\n<li style=\"font-weight: 400;\" aria-level=\"1\"><span style=\"font-weight: 400; color: #000000;\">Ch\u1ea5t l\u01b0\u1ee3ng \u0111\u1ed3ng \u0111\u1ec1u. Tr\u1ecdn g\u00f3i thi\u1ebft k\u1ebf c\u00f9ng \u0111\u01b0\u1ee3c s\u1ea3n xu\u1ea5t tr\u00ean m\u1ed9t d\u00e2y chuy\u1ec1n v\u1edbi ch\u1ea5t l\u01b0\u1ee3ng t\u01b0\u01a1ng \u0111\u01b0\u01a1ng nhau.<\/span><\/li>\n<\/ul>\n<p style=\"text-align: center;\">***<\/p>\n<p><span style=\"font-weight: 400; color: #000000;\">Tr\u1ecdn g\u00f3i n\u1ed9i th\u1ea5t ph\u00f2ng ng\u1ee7 \u0111ang d\u1ea7n tr\u1edf th\u00e0nh s\u1ef1 l\u1ef1a ch\u1ecdn ph\u1ed5 bi\u1ebfn c\u1ee7a nhi\u1ec1u h\u1ed9 gia \u0111\u00ecnh hi\u1ec7n nay b\u1edfi nh\u1eefng ti\u1ec7n \u00edch m\u00e0 n\u00f3 mang l\u1ea1i. \u0110\u1eebng ch\u1ea7n ch\u1eeb g\u00ec n\u1eefa m\u00e0 h\u00e3y l\u1ef1a ngay cho m\u00ecnh m\u1ed9t combo n\u1ed9i th\u1ea5t ph\u00f2ng ng\u1ee7 t\u1ea1i QG Home b\u1ea1n nha.<\/span><\/p>\n<p><span style=\"font-weight: 400; color: #000000;\">H\u00e3y theo d\u00f5i ch\u00fang t\u00f4i \u0111\u1ec3 kh\u00e1m ph\u00e1 th\u00eam nhi\u1ec1u tr\u1ecdn g\u00f3i thi\u1ebft k\u1ebf ph\u00f2ng ng\u1ee7 hi\u1ec7n \u0111\u1ea1i, \u0111\u1ea7y \u0111\u1ee7 v\u00e0 ti\u1ec7n nghi n\u1eefa nh\u00e9!<\/span><\/p>\n<p>&nbsp;<\/p>\n","protected":false},"excerpt":{"rendered":"<p>Ti\u1ec7n \u00edch bao g\u1ed3m: 01 Gi\u01b0\u1eddng ng\u1ee7-GN10, 01 T\u1ee7 qu\u1ea7n \u00e1o c\u1eeda l\u00f9a-TQA04<\/p>\n","protected":false},"featured_media":12935,"comment_status":"open","ping_status":"closed","template":"","meta":[],"product_cat":[681,631,685],"product_tag":[],"class_list":["post-12934","product","type-product","status-publish","has-post-thumbnail","hentry","product_cat-noi-that-phong-ngu","product_cat-tron-goi-noi-that-chung-cu","product_cat-tron-goi-noi-that-phong-ngu"],"yoast_head":"<!-- This site is optimized with the Yoast SEO plugin v19.9 - https:\/\/yoast.com\/wordpress\/plugins\/seo\/ -->\n<title>Combo n\u1ed9i th\u1ea5t ph\u00f2ng ng\u1ee7 nh\u1ecf \u0111\u1eb9p - hi\u1ec7n \u0111\u1ea1i - sang tr\u1ecdng<\/title>\n<meta name=\"description\" content=\"Combo n\u1ed9i th\u1ea5t ph\u00f2ng ng\u1ee7 g\u1ed3m Gi\u01b0\u1eddng ng\u1ee7 v\u00e0 T\u1ee7 qu\u1ea7n \u00e1o \u0111\u01b0\u1ee3c l\u00e0m t\u1eeb v\u00e1n g\u1ed7 MDF cao c\u1ea5p, b\u1ec1n b\u1ec9. Mang l\u1ea1i s\u1ef1 sang tr\u1ecdng, thanh l\u1ecbch cho m\u1ecdi kh\u00f4ng gian.\" \/>\n<meta name=\"robots\" content=\"index, follow, max-snippet:-1, max-image-preview:large, max-video-preview:-1\" \/>\n<link rel=\"canonical\" href=\"https:\/\/luan.webrt.net\/qhome\/san-pham\/combo-noi-that-phong-ngu-nho\/\" \/>\n<meta property=\"og:locale\" content=\"vi_VN\" \/>\n<meta property=\"og:type\" content=\"article\" \/>\n<meta property=\"og:title\" content=\"Combo n\u1ed9i th\u1ea5t ph\u00f2ng ng\u1ee7 nh\u1ecf \u0111\u1eb9p - hi\u1ec7n \u0111\u1ea1i - sang tr\u1ecdng\" \/>\n<meta property=\"og:description\" content=\"Combo n\u1ed9i th\u1ea5t ph\u00f2ng ng\u1ee7 g\u1ed3m Gi\u01b0\u1eddng ng\u1ee7 v\u00e0 T\u1ee7 qu\u1ea7n \u00e1o \u0111\u01b0\u1ee3c l\u00e0m t\u1eeb v\u00e1n g\u1ed7 MDF cao c\u1ea5p, b\u1ec1n b\u1ec9. Mang l\u1ea1i s\u1ef1 sang tr\u1ecdng, thanh l\u1ecbch cho m\u1ecdi kh\u00f4ng gian.\" \/>\n<meta property=\"og:url\" content=\"https:\/\/luan.webrt.net\/qhome\/san-pham\/combo-noi-that-phong-ngu-nho\/\" \/>\n<meta property=\"og:site_name\" content=\"M\u1eabu web n\u1ed9i th\u1ea5t\" \/>\n<meta property=\"article:publisher\" content=\"https:\/\/www.facebook.com\/noithatqghome\" \/>\n<meta property=\"article:modified_time\" content=\"2024-11-07T20:28:02+00:00\" \/>\n<meta property=\"og:image\" content=\"https:\/\/luan.webrt.net\/qhome\/wp-content\/uploads\/2024\/11\/GN10.1-510x342-1.jpg\" \/>\n\t<meta property=\"og:image:width\" content=\"510\" \/>\n\t<meta property=\"og:image:height\" content=\"342\" \/>\n\t<meta property=\"og:image:type\" content=\"image\/jpeg\" \/>\n<meta name=\"twitter:card\" content=\"summary_large_image\" \/>\n<meta name=\"twitter:label1\" content=\"\u01af\u1edbc t\u00ednh th\u1eddi gian \u0111\u1ecdc\" \/>\n\t<meta name=\"twitter:data1\" content=\"3 ph\u00fat\" \/>\n<script type=\"application\/ld+json\" class=\"yoast-schema-graph\">{\"@context\":\"https:\/\/schema.org\",\"@graph\":[{\"@type\":\"WebPage\",\"@id\":\"https:\/\/luan.webrt.net\/qhome\/san-pham\/combo-noi-that-phong-ngu-nho\/\",\"url\":\"https:\/\/luan.webrt.net\/qhome\/san-pham\/combo-noi-that-phong-ngu-nho\/\",\"name\":\"Combo n\u1ed9i th\u1ea5t ph\u00f2ng ng\u1ee7 nh\u1ecf \u0111\u1eb9p - hi\u1ec7n \u0111\u1ea1i - sang tr\u1ecdng\",\"isPartOf\":{\"@id\":\"https:\/\/luan.webrt.net\/qhome\/#website\"},\"datePublished\":\"2024-11-07T20:18:40+00:00\",\"dateModified\":\"2024-11-07T20:28:02+00:00\",\"description\":\"Combo n\u1ed9i th\u1ea5t ph\u00f2ng ng\u1ee7 g\u1ed3m Gi\u01b0\u1eddng ng\u1ee7 v\u00e0 T\u1ee7 qu\u1ea7n \u00e1o \u0111\u01b0\u1ee3c l\u00e0m t\u1eeb v\u00e1n g\u1ed7 MDF cao c\u1ea5p, b\u1ec1n b\u1ec9. Mang l\u1ea1i s\u1ef1 sang tr\u1ecdng, thanh l\u1ecbch cho m\u1ecdi kh\u00f4ng gian.\",\"breadcrumb\":{\"@id\":\"https:\/\/luan.webrt.net\/qhome\/san-pham\/combo-noi-that-phong-ngu-nho\/#breadcrumb\"},\"inLanguage\":\"vi\",\"potentialAction\":[{\"@type\":\"ReadAction\",\"target\":[\"https:\/\/luan.webrt.net\/qhome\/san-pham\/combo-noi-that-phong-ngu-nho\/\"]}]},{\"@type\":\"BreadcrumbList\",\"@id\":\"https:\/\/luan.webrt.net\/qhome\/san-pham\/combo-noi-that-phong-ngu-nho\/#breadcrumb\",\"itemListElement\":[{\"@type\":\"ListItem\",\"position\":1,\"name\":\"Trang ch\u1ee7\",\"item\":\"https:\/\/luan.webrt.net\/qhome\/\"},{\"@type\":\"ListItem\",\"position\":2,\"name\":\"Shop\",\"item\":\"https:\/\/luan.webrt.net\/qhome\/shop\/\"},{\"@type\":\"ListItem\",\"position\":3,\"name\":\"Combo n\u1ed9i th\u1ea5t ph\u00f2ng ng\u1ee7 nh\u1ecf\"}]},{\"@type\":\"WebSite\",\"@id\":\"https:\/\/luan.webrt.net\/qhome\/#website\",\"url\":\"https:\/\/luan.webrt.net\/qhome\/\",\"name\":\"M\u1eabu web n\u1ed9i th\u1ea5t\",\"description\":\"QGHome Vi\u1ec7t Nam\",\"publisher\":{\"@id\":\"https:\/\/luan.webrt.net\/qhome\/#organization\"},\"potentialAction\":[{\"@type\":\"SearchAction\",\"target\":{\"@type\":\"EntryPoint\",\"urlTemplate\":\"https:\/\/luan.webrt.net\/qhome\/?s={search_term_string}\"},\"query-input\":\"required name=search_term_string\"}],\"inLanguage\":\"vi\"},{\"@type\":\"Organization\",\"@id\":\"https:\/\/luan.webrt.net\/qhome\/#organization\",\"name\":\"QGHome\",\"url\":\"https:\/\/luan.webrt.net\/qhome\/\",\"logo\":{\"@type\":\"ImageObject\",\"inLanguage\":\"vi\",\"@id\":\"https:\/\/luan.webrt.net\/qhome\/#\/schema\/logo\/image\/\",\"url\":\"https:\/\/qghome.vn\/wp-content\/uploads\/2025\/08\/logo-mau-MauTH-21.png\",\"contentUrl\":\"https:\/\/qghome.vn\/wp-content\/uploads\/2025\/08\/logo-mau-MauTH-21.png\",\"width\":253,\"height\":99,\"caption\":\"QGHome\"},\"image\":{\"@id\":\"https:\/\/luan.webrt.net\/qhome\/#\/schema\/logo\/image\/\"},\"sameAs\":[\"https:\/\/www.tiktok.com\/@qghome.official\",\"https:\/\/www.youtube.com\/channel\/UCeVBuKTXkv-u94DS421cklw\",\"https:\/\/www.facebook.com\/noithatqghome\"]}]}<\/script>\n<!-- \/ Yoast SEO plugin. -->","yoast_head_json":{"title":"Combo n\u1ed9i th\u1ea5t ph\u00f2ng ng\u1ee7 nh\u1ecf \u0111\u1eb9p - hi\u1ec7n \u0111\u1ea1i - sang tr\u1ecdng","description":"Combo n\u1ed9i th\u1ea5t ph\u00f2ng ng\u1ee7 g\u1ed3m Gi\u01b0\u1eddng ng\u1ee7 v\u00e0 T\u1ee7 qu\u1ea7n \u00e1o \u0111\u01b0\u1ee3c l\u00e0m t\u1eeb v\u00e1n g\u1ed7 MDF cao c\u1ea5p, b\u1ec1n b\u1ec9. Mang l\u1ea1i s\u1ef1 sang tr\u1ecdng, thanh l\u1ecbch cho m\u1ecdi kh\u00f4ng gian.","robots":{"index":"index","follow":"follow","max-snippet":"max-snippet:-1","max-image-preview":"max-image-preview:large","max-video-preview":"max-video-preview:-1"},"canonical":"https:\/\/luan.webrt.net\/qhome\/san-pham\/combo-noi-that-phong-ngu-nho\/","og_locale":"vi_VN","og_type":"article","og_title":"Combo n\u1ed9i th\u1ea5t ph\u00f2ng ng\u1ee7 nh\u1ecf \u0111\u1eb9p - hi\u1ec7n \u0111\u1ea1i - sang tr\u1ecdng","og_description":"Combo n\u1ed9i th\u1ea5t ph\u00f2ng ng\u1ee7 g\u1ed3m Gi\u01b0\u1eddng ng\u1ee7 v\u00e0 T\u1ee7 qu\u1ea7n \u00e1o \u0111\u01b0\u1ee3c l\u00e0m t\u1eeb v\u00e1n g\u1ed7 MDF cao c\u1ea5p, b\u1ec1n b\u1ec9. Mang l\u1ea1i s\u1ef1 sang tr\u1ecdng, thanh l\u1ecbch cho m\u1ecdi kh\u00f4ng gian.","og_url":"https:\/\/luan.webrt.net\/qhome\/san-pham\/combo-noi-that-phong-ngu-nho\/","og_site_name":"M\u1eabu web n\u1ed9i th\u1ea5t","article_publisher":"https:\/\/www.facebook.com\/noithatqghome","article_modified_time":"2024-11-07T20:28:02+00:00","og_image":[{"width":510,"height":342,"url":"https:\/\/luan.webrt.net\/qhome\/wp-content\/uploads\/2024\/11\/GN10.1-510x342-1.jpg","type":"image\/jpeg"}],"twitter_card":"summary_large_image","twitter_misc":{"\u01af\u1edbc t\u00ednh th\u1eddi gian \u0111\u1ecdc":"3 ph\u00fat"},"schema":{"@context":"https:\/\/schema.org","@graph":[{"@type":"WebPage","@id":"https:\/\/luan.webrt.net\/qhome\/san-pham\/combo-noi-that-phong-ngu-nho\/","url":"https:\/\/luan.webrt.net\/qhome\/san-pham\/combo-noi-that-phong-ngu-nho\/","name":"Combo n\u1ed9i th\u1ea5t ph\u00f2ng ng\u1ee7 nh\u1ecf \u0111\u1eb9p - hi\u1ec7n \u0111\u1ea1i - sang tr\u1ecdng","isPartOf":{"@id":"https:\/\/luan.webrt.net\/qhome\/#website"},"datePublished":"2024-11-07T20:18:40+00:00","dateModified":"2024-11-07T20:28:02+00:00","description":"Combo n\u1ed9i th\u1ea5t ph\u00f2ng ng\u1ee7 g\u1ed3m Gi\u01b0\u1eddng ng\u1ee7 v\u00e0 T\u1ee7 qu\u1ea7n \u00e1o \u0111\u01b0\u1ee3c l\u00e0m t\u1eeb v\u00e1n g\u1ed7 MDF cao c\u1ea5p, b\u1ec1n b\u1ec9. Mang l\u1ea1i s\u1ef1 sang tr\u1ecdng, thanh l\u1ecbch cho m\u1ecdi kh\u00f4ng gian.","breadcrumb":{"@id":"https:\/\/luan.webrt.net\/qhome\/san-pham\/combo-noi-that-phong-ngu-nho\/#breadcrumb"},"inLanguage":"vi","potentialAction":[{"@type":"ReadAction","target":["https:\/\/luan.webrt.net\/qhome\/san-pham\/combo-noi-that-phong-ngu-nho\/"]}]},{"@type":"BreadcrumbList","@id":"https:\/\/luan.webrt.net\/qhome\/san-pham\/combo-noi-that-phong-ngu-nho\/#breadcrumb","itemListElement":[{"@type":"ListItem","position":1,"name":"Trang ch\u1ee7","item":"https:\/\/luan.webrt.net\/qhome\/"},{"@type":"ListItem","position":2,"name":"Shop","item":"https:\/\/luan.webrt.net\/qhome\/shop\/"},{"@type":"ListItem","position":3,"name":"Combo n\u1ed9i th\u1ea5t ph\u00f2ng ng\u1ee7 nh\u1ecf"}]},{"@type":"WebSite","@id":"https:\/\/luan.webrt.net\/qhome\/#website","url":"https:\/\/luan.webrt.net\/qhome\/","name":"M\u1eabu web n\u1ed9i th\u1ea5t","description":"QGHome Vi\u1ec7t Nam","publisher":{"@id":"https:\/\/luan.webrt.net\/qhome\/#organization"},"potentialAction":[{"@type":"SearchAction","target":{"@type":"EntryPoint","urlTemplate":"https:\/\/luan.webrt.net\/qhome\/?s={search_term_string}"},"query-input":"required name=search_term_string"}],"inLanguage":"vi"},{"@type":"Organization","@id":"https:\/\/luan.webrt.net\/qhome\/#organization","name":"QGHome","url":"https:\/\/luan.webrt.net\/qhome\/","logo":{"@type":"ImageObject","inLanguage":"vi","@id":"https:\/\/luan.webrt.net\/qhome\/#\/schema\/logo\/image\/","url":"https:\/\/qghome.vn\/wp-content\/uploads\/2025\/08\/logo-mau-MauTH-21.png","contentUrl":"https:\/\/qghome.vn\/wp-content\/uploads\/2025\/08\/logo-mau-MauTH-21.png","width":253,"height":99,"caption":"QGHome"},"image":{"@id":"https:\/\/luan.webrt.net\/qhome\/#\/schema\/logo\/image\/"},"sameAs":["https:\/\/www.tiktok.com\/@qghome.official","https:\/\/www.youtube.com\/channel\/UCeVBuKTXkv-u94DS421cklw","https:\/\/www.facebook.com\/noithatqghome"]}]}},"_links":{"self":[{"href":"https:\/\/luan.webrt.net\/qhome\/wp-json\/wp\/v2\/product\/12934","targetHints":{"allow":["GET"]}}],"collection":[{"href":"https:\/\/luan.webrt.net\/qhome\/wp-json\/wp\/v2\/product"}],"about":[{"href":"https:\/\/luan.webrt.net\/qhome\/wp-json\/wp\/v2\/types\/product"}],"replies":[{"embeddable":true,"href":"https:\/\/luan.webrt.net\/qhome\/wp-json\/wp\/v2\/comments?post=12934"}],"wp:featuredmedia":[{"embeddable":true,"href":"https:\/\/luan.webrt.net\/qhome\/wp-json\/wp\/v2\/media\/12935"}],"wp:attachment":[{"href":"https:\/\/luan.webrt.net\/qhome\/wp-json\/wp\/v2\/media?parent=12934"}],"wp:term":[{"taxonomy":"product_cat","embeddable":true,"href":"https:\/\/luan.webrt.net\/qhome\/wp-json\/wp\/v2\/product_cat?post=12934"},{"taxonomy":"product_tag","embeddable":true,"href":"https:\/\/luan.webrt.net\/qhome\/wp-json\/wp\/v2\/product_tag?post=12934"}],"curies":[{"name":"wp","href":"https:\/\/api.w.org\/{rel}","templated":true}]}}