{"id":12926,"date":"2024-11-06T21:44:18","date_gmt":"2024-11-06T21:44:18","guid":{"rendered":"https:\/\/qghome.vn\/?post_type=product&#038;p=12926"},"modified":"2024-11-07T19:39:34","modified_gmt":"2024-11-07T19:39:34","slug":"thiet-ke-noi-that-phong-ngu","status":"publish","type":"product","link":"https:\/\/luan.webrt.net\/qhome\/san-pham\/thiet-ke-noi-that-phong-ngu\/","title":{"rendered":"Tr\u1ecdn g\u00f3i n\u1ed9i th\u1ea5t ph\u00f2ng ng\u1ee7"},"content":{"rendered":"<p>B\u1ea1n \u0111ang t\u00ecm ki\u1ebfm m\u1ed9i gi\u1ea3i ph\u00e1p t\u1ed1i \u01b0u cho thi\u1ebft k\u1ebf n\u1ed9i th\u1ea5t ph\u00f2ng ng\u1ee7? V\u1eady th\u00ec b\u00e0i vi\u1ebft n\u00e0y ch\u00ednh l\u00e0 \u0111\u1ec3 gi\u00e0nh cho b\u1ea1n.<\/p>\n<h1 style=\"text-align: center;\"><span style=\"font-size: 130%; color: #0000ff;\">Tr\u1ecdn g\u00f3i n\u1ed9i th\u1ea5t ph\u00f2ng ng\u1ee7 hi\u1ec7n \u0111\u1ea1i &#8211; gi\u00e1 r\u1ebb<\/span><span style=\"font-size: 130%; color: #0000ff;\"> nh\u1ea5t\u00a0<\/span><\/h1>\n<p><span style=\"color: #000000;\">Thi\u1ebft k\u1ebf tr\u1ecdn g\u00f3i n\u1ed9i th\u1ea5t ph\u00f2ng ng\u1ee7 \u0111\u1eb9p bao g\u1ed3m 02 s\u1ea3n ph\u1ea9m:<\/span><\/p>\n<ol>\n<li><span style=\"color: #000000;\">Gi\u01b0\u1eddng ng\u1ee7: D\u00e0i 2m x R\u1ed9ng 1m6<\/span><\/li>\n<li><span style=\"color: #000000;\">T\u1ee7 qu\u1ea7n \u00e1o: D\u00e0i 1,6m x Cao 2m<\/span><\/li>\n<\/ol>\n<p><span style=\"color: #000000;\">*Kh\u00e1ch h\u00e0ng c\u00f3 th\u1ec3 thay \u0111\u1ed5i k\u00edch th\u01b0\u1edbc t\u00f9y \u00fd cho ph\u00f9 h\u1ee3p v\u1edbi nhu c\u1ea7u<\/span><\/p>\n<ul>\n<li><span style=\"color: #000000;\">Ch\u1ea5t li\u1ec7u: V\u00e1n g\u1ed7 c\u00f4ng nghi\u1ec7p mdf ph\u1ee7 melamine cao c\u1ea5p. H\u1ea1n ch\u1ebf t\u1ed1i \u0111a t\u00ecnh tr\u1ea1ng cong v\u00eanh, co ng\u00f3t, ch\u1ed1ng m\u1ed1i m\u1ecdt, ch\u1ed1ng th\u1ea5m n\u01b0\u1edbc. D\u1ec5 d\u00e0ng v\u1ec7 sinh lau ch\u00f9i.<\/span><\/li>\n<li><span style=\"color: #000000;\">M\u00e0u s\u1eafc: Nh\u1eadn \u0111\u1eb7t m\u00e0u s\u1eafc theo y\u00eau c\u1ea7u.<\/span><\/li>\n<li><span style=\"color: #000000;\">Li\u00ean h\u1ec7 ngay \u0111\u1ec3 \u0111\u01b0\u1ee3c t\u01b0 v\u1ea5n h\u1ed7 tr\u1ee3 l\u1eafp \u0111\u1eb7t mi\u1ec5n ph\u00ed t\u1ea1i hotline \u00a0<strong>0983368623<\/strong><\/span><\/li>\n<\/ul>\n<h5 style=\"text-align: center;\"><span style=\"vertical-align: inherit;\"><span style=\"vertical-align: inherit;\">***<\/span><\/span><\/h5>\n<p><span style=\"color: #000000;\">Vi\u1ec7c l\u1ef1a ch\u1ecdn combo thi\u1ebft k\u1ebf n\u1ed9i th\u1ea5t ph\u00f2ng ng\u1ee7 \u0111ang tr\u1edf n\u00ean v\u00f4 v\u00f9ng ph\u1ed5 bi\u1ebfn hi\u1ec7n nay. N\u00f3 \u0111\u00e3 tr\u1edf th\u00e0nh m\u1ed9t gi\u1ea3i ph\u00e1p t\u1ed1i \u01b0u cho kh\u00f4ng gian ph\u00f2ng ng\u1ee7. B\u1ea1n s\u1ebd ti\u1ebft ki\u1ec7m \u0111\u01b0\u1ee3c r\u1ea5t nhi\u1ec1u th\u1eddi gian v\u00e0 ti\u1ec1n b\u1ea1c khi mua tr\u1ecdn g\u00f3i thay v\u00ec t\u1eebng s\u1ea3n ph\u1ea9m ri\u00eang l\u1ebb.<\/span><\/p>\n<p><span style=\"color: #000000;\">B\u00ean c\u1ea1nh \u0111\u00f3, m\u00e0u s\u1eafc v\u00e0 phong c\u00e1ch thi\u1ebft k\u1ebf c\u1ee7a c\u00e1c \u0111\u1ed3 n\u1ed9i th\u1ea5t c\u0169ng s\u1ebd \u0111\u01b0\u1ee3c \u0111\u1ed5ng nh\u1ea5t, c\u00f3 ch\u1ea5t l\u01b0\u1ee3ng t\u01b0\u01a1ng \u0111\u01b0\u01a1ng nhau. B\u1edfi ch\u00fang c\u00f9ng m\u1ed9t d\u00e2y chuy\u1ec1n s\u1ea3n xu\u1ea5t. H\u01a1n h\u1ebft, khi mua combo ph\u00f2ng ng\u1ee7 t\u1ea1i QG Home, b\u1ea1n c\u00f2n \u0111\u01b0\u1ee3c h\u01b0\u1edfng r\u1ea5t nhi\u1ec1u \u01b0u \u0111\u00e3i \u0111i k\u00e8m n\u1eefa nh\u00e9!<\/span><\/p>\n<figure id=\"attachment_12929\" aria-describedby=\"caption-attachment-12929\" style=\"width: 300px\" class=\"wp-caption aligncenter\"><img loading=\"lazy\" decoding=\"async\" class=\"wp-image-12929 size-medium\" src=\"http:\/\/qghome.vn\/wp-content\/uploads\/2024\/11\/z4537201548451_8c8b34aa92e22fbdadd15076deef6dcf-300x400.jpg\" alt=\"\" width=\"300\" height=\"400\" srcset=\"https:\/\/luan.webrt.net\/qhome\/wp-content\/uploads\/2024\/11\/z4537201548451_8c8b34aa92e22fbdadd15076deef6dcf-300x400.jpg 300w, https:\/\/luan.webrt.net\/qhome\/wp-content\/uploads\/2024\/11\/z4537201548451_8c8b34aa92e22fbdadd15076deef6dcf-510x680.jpg 510w, https:\/\/luan.webrt.net\/qhome\/wp-content\/uploads\/2024\/11\/z4537201548451_8c8b34aa92e22fbdadd15076deef6dcf-600x800.jpg 600w, https:\/\/luan.webrt.net\/qhome\/wp-content\/uploads\/2024\/11\/z4537201548451_8c8b34aa92e22fbdadd15076deef6dcf-768x1024.jpg 768w, https:\/\/luan.webrt.net\/qhome\/wp-content\/uploads\/2024\/11\/z4537201548451_8c8b34aa92e22fbdadd15076deef6dcf.jpg 960w\" sizes=\"auto, (max-width: 300px) 100vw, 300px\" \/><figcaption id=\"caption-attachment-12929\" class=\"wp-caption-text\">Combo n\u1ed9i th\u1ea5t ph\u00f2ng ng\u1ee7 2 m\u00f3n<\/figcaption><\/figure>\n<p><span style=\"color: #000000;\"> (M\u1eddi b\u1ea1n tham kh\u1ea3o th\u00f4ng tin chi ti\u1ebft c\u1ee7a t\u1eebng s\u1ea3n ph\u1ea9m \u1edf c\u00e1c link b\u00ean d\u01b0\u1edbi)<\/span><\/p>\n<figure id=\"attachment_12921\" aria-describedby=\"caption-attachment-12921\" style=\"width: 510px\" class=\"wp-caption aligncenter\"><img loading=\"lazy\" decoding=\"async\" class=\"wp-image-12921 size-full\" src=\"http:\/\/qghome.vn\/wp-content\/uploads\/2024\/11\/GN08.2-510x342-2.jpg\" alt=\"\" width=\"510\" height=\"342\" srcset=\"https:\/\/luan.webrt.net\/qhome\/wp-content\/uploads\/2024\/11\/GN08.2-510x342-2.jpg 510w, https:\/\/luan.webrt.net\/qhome\/wp-content\/uploads\/2024\/11\/GN08.2-510x342-2-247x166.jpg 247w\" sizes=\"auto, (max-width: 510px) 100vw, 510px\" \/><figcaption id=\"caption-attachment-12921\" class=\"wp-caption-text\"><span style=\"text-decoration: underline;\"><a href=\"https:\/\/qghome.vn\/giuong-ngu-kieu-dang-basic-gn08\/\">Gi\u01b0\u1eddng ng\u1ee7 cao c\u1ea5p &#8211; GN08<\/a><\/span><\/figcaption><\/figure>\n<p>&nbsp;<\/p>\n<figure id=\"attachment_12927\" aria-describedby=\"caption-attachment-12927\" style=\"width: 400px\" class=\"wp-caption aligncenter\"><img loading=\"lazy\" decoding=\"async\" class=\"wp-image-12927 size-medium\" src=\"http:\/\/qghome.vn\/wp-content\/uploads\/2024\/11\/TQA09.3-510x510-1-400x400.jpg\" alt=\"\" width=\"400\" height=\"400\" srcset=\"https:\/\/luan.webrt.net\/qhome\/wp-content\/uploads\/2024\/11\/TQA09.3-510x510-1-400x400.jpg 400w, https:\/\/luan.webrt.net\/qhome\/wp-content\/uploads\/2024\/11\/TQA09.3-510x510-1-100x100.jpg 100w, https:\/\/luan.webrt.net\/qhome\/wp-content\/uploads\/2024\/11\/TQA09.3-510x510-1-280x280.jpg 280w, https:\/\/luan.webrt.net\/qhome\/wp-content\/uploads\/2024\/11\/TQA09.3-510x510-1.jpg 510w\" sizes=\"auto, (max-width: 400px) 100vw, 400px\" \/><figcaption id=\"caption-attachment-12927\" class=\"wp-caption-text\"><span style=\"text-decoration: underline;\"><a href=\"https:\/\/qghome.vn\/tu-quan-ao-cua-lua-3-canh-2mx2m-tqa09\/\">T\u1ee7 qu\u1ea7n \u00e1o c\u1eeda l\u00f9a &#8211; TQA09<\/a><\/span><\/figcaption><\/figure>\n<p><img loading=\"lazy\" decoding=\"async\" class=\"aligncenter wp-image-12928 size-medium\" src=\"http:\/\/qghome.vn\/wp-content\/uploads\/2024\/11\/TQA09-510x510-1-400x400.jpg\" alt=\"T\u1ee7 qu\u1ea7n \u00e1o g\u1ed7 c\u00f4ng nghi\u1ec7p\" width=\"400\" height=\"400\" srcset=\"https:\/\/luan.webrt.net\/qhome\/wp-content\/uploads\/2024\/11\/TQA09-510x510-1-400x400.jpg 400w, https:\/\/luan.webrt.net\/qhome\/wp-content\/uploads\/2024\/11\/TQA09-510x510-1-100x100.jpg 100w, https:\/\/luan.webrt.net\/qhome\/wp-content\/uploads\/2024\/11\/TQA09-510x510-1-280x280.jpg 280w, https:\/\/luan.webrt.net\/qhome\/wp-content\/uploads\/2024\/11\/TQA09-510x510-1.jpg 510w\" sizes=\"auto, (max-width: 400px) 100vw, 400px\" \/><\/p>\n<p><span style=\"color: #000000;\">N\u1ebfu b\u1ea1n \u0111\u00e3 c\u1ea3m th\u1ea5y h\u00e0i l\u00f2ng v\u1ec1 tr\u1ecdn g\u00f3i ph\u00f2ng ng\u1ee7 g\u1ed3m gi\u01b0\u1eddng t\u1ee7 qu\u1ea7n \u00e1o v\u00e0 b\u00e0n trang \u0111i\u1ec3m n\u00e0y r\u1ed3i th\u00ec c\u00f2n ch\u1ea7n ch\u1edd g\u00ec n\u1eefa m\u00e0 h\u00e3y ch\u1ed1t \u0111\u01a1n ngay \u0111\u1ec3 nh\u1eadn \u0111\u01b0\u1ee3c nhi\u1ec1u \u01b0u \u0111\u00e3i \u0111\u1eb7c bi\u1ec7t v\u00e0 d\u1ecbch v\u1ee5 t\u01b0 v\u1ea5n mi\u1ec5n ph\u00ed t\u1eeb ch\u00fang t\u00f4i nh\u00e9!<\/span><\/p>\n<p><span style=\"color: #000000;\">H\u00e3y theo d\u00f5i ch\u00fang t\u00f4i \u0111\u1ec3 kh\u00e1m ph\u00e1 th\u00eam nhi\u1ec1u <span style=\"text-decoration: underline;\"><a href=\"https:\/\/qghome.vn\/noi-that-chung-cu\/tron-goi-noi-that-chung-cu\/tron-goi-noi-that-phong-ngu\/\">combo n\u1ed9i th\u1ea5t ph\u00f2ng ng\u1ee7<\/a><\/span> hi\u1ec7n \u0111\u1ea1i, \u0111\u1ea7y \u0111\u1ee7 v\u00e0 ti\u1ec7n nghi n\u1eefa nh\u00e9!<\/span><\/p>\n","protected":false},"excerpt":{"rendered":"<p>Ti\u1ec7n \u00edch tr\u1ecdn g\u00f3i g\u1ed3m: 01 Gi\u01b0\u1eddng ng\u1ee7-GN08, 01 T\u1ee7 qu\u1ea7n \u00e1o c\u1eeda l\u00f9a-TQA09<\/p>\n","protected":false},"featured_media":12929,"comment_status":"open","ping_status":"closed","template":"","meta":[],"product_cat":[631,685],"product_tag":[],"class_list":["post-12926","product","type-product","status-publish","has-post-thumbnail","hentry","product_cat-tron-goi-noi-that-chung-cu","product_cat-tron-goi-noi-that-phong-ngu"],"yoast_head":"<!-- This site is optimized with the Yoast SEO plugin v19.9 - https:\/\/yoast.com\/wordpress\/plugins\/seo\/ -->\n<title>Tr\u1ecdn g\u00f3i n\u1ed9i th\u1ea5t ph\u00f2ng ng\u1ee7 - \u0111\u1eb9p - hi\u1ec7n \u0111\u1ea1i - cao c\u1ea5p - M\u1eabu web n\u1ed9i th\u1ea5t<\/title>\n<meta name=\"description\" content=\"Tr\u1ecdn g\u00f3i thi\u1ebft k\u1ebf n\u1ed9i th\u1ea5t ph\u00f2ng ng\u1ee7 g\u1ed3m gi\u01b0\u1eddng ng\u1ee7 v\u00e0 t\u1ee7 qu\u1ea7n \u00e1o \u0111\u01b0\u1ee3c l\u00e0m t\u1eeb v\u00e1n g\u1ed7 MDF cao c\u1ea5p, b\u1ec1n b\u1ec9. \u0110em l\u1ea1i s\u1ef1 sang tr\u1ecdng, thanh l\u1ecbch cho kh\u00f4ng gian.\" \/>\n<meta name=\"robots\" content=\"index, follow, max-snippet:-1, max-image-preview:large, max-video-preview:-1\" \/>\n<link rel=\"canonical\" href=\"https:\/\/luan.webrt.net\/qhome\/san-pham\/thiet-ke-noi-that-phong-ngu\/\" \/>\n<meta property=\"og:locale\" content=\"vi_VN\" \/>\n<meta property=\"og:type\" content=\"article\" \/>\n<meta property=\"og:title\" content=\"Tr\u1ecdn g\u00f3i n\u1ed9i th\u1ea5t ph\u00f2ng ng\u1ee7 - \u0111\u1eb9p - hi\u1ec7n \u0111\u1ea1i - cao c\u1ea5p - M\u1eabu web n\u1ed9i th\u1ea5t\" \/>\n<meta property=\"og:description\" content=\"Tr\u1ecdn g\u00f3i thi\u1ebft k\u1ebf n\u1ed9i th\u1ea5t ph\u00f2ng ng\u1ee7 g\u1ed3m gi\u01b0\u1eddng ng\u1ee7 v\u00e0 t\u1ee7 qu\u1ea7n \u00e1o \u0111\u01b0\u1ee3c l\u00e0m t\u1eeb v\u00e1n g\u1ed7 MDF cao c\u1ea5p, b\u1ec1n b\u1ec9. \u0110em l\u1ea1i s\u1ef1 sang tr\u1ecdng, thanh l\u1ecbch cho kh\u00f4ng gian.\" \/>\n<meta property=\"og:url\" content=\"https:\/\/luan.webrt.net\/qhome\/san-pham\/thiet-ke-noi-that-phong-ngu\/\" \/>\n<meta property=\"og:site_name\" content=\"M\u1eabu web n\u1ed9i th\u1ea5t\" \/>\n<meta property=\"article:publisher\" content=\"https:\/\/www.facebook.com\/noithatqghome\" \/>\n<meta property=\"article:modified_time\" content=\"2024-11-07T19:39:34+00:00\" \/>\n<meta property=\"og:image\" content=\"https:\/\/luan.webrt.net\/qhome\/wp-content\/uploads\/2024\/11\/z4537201548451_8c8b34aa92e22fbdadd15076deef6dcf.jpg\" \/>\n\t<meta property=\"og:image:width\" content=\"960\" \/>\n\t<meta property=\"og:image:height\" content=\"1280\" \/>\n\t<meta property=\"og:image:type\" content=\"image\/jpeg\" \/>\n<meta name=\"twitter:card\" content=\"summary_large_image\" \/>\n<meta name=\"twitter:label1\" content=\"\u01af\u1edbc t\u00ednh th\u1eddi gian \u0111\u1ecdc\" \/>\n\t<meta name=\"twitter:data1\" content=\"3 ph\u00fat\" \/>\n<script type=\"application\/ld+json\" class=\"yoast-schema-graph\">{\"@context\":\"https:\/\/schema.org\",\"@graph\":[{\"@type\":\"WebPage\",\"@id\":\"https:\/\/luan.webrt.net\/qhome\/san-pham\/thiet-ke-noi-that-phong-ngu\/\",\"url\":\"https:\/\/luan.webrt.net\/qhome\/san-pham\/thiet-ke-noi-that-phong-ngu\/\",\"name\":\"Tr\u1ecdn g\u00f3i n\u1ed9i th\u1ea5t ph\u00f2ng ng\u1ee7 - \u0111\u1eb9p - hi\u1ec7n \u0111\u1ea1i - cao c\u1ea5p - M\u1eabu web n\u1ed9i th\u1ea5t\",\"isPartOf\":{\"@id\":\"https:\/\/luan.webrt.net\/qhome\/#website\"},\"datePublished\":\"2024-11-06T21:44:18+00:00\",\"dateModified\":\"2024-11-07T19:39:34+00:00\",\"description\":\"Tr\u1ecdn g\u00f3i thi\u1ebft k\u1ebf n\u1ed9i th\u1ea5t ph\u00f2ng ng\u1ee7 g\u1ed3m gi\u01b0\u1eddng ng\u1ee7 v\u00e0 t\u1ee7 qu\u1ea7n \u00e1o \u0111\u01b0\u1ee3c l\u00e0m t\u1eeb v\u00e1n g\u1ed7 MDF cao c\u1ea5p, b\u1ec1n b\u1ec9. \u0110em l\u1ea1i s\u1ef1 sang tr\u1ecdng, thanh l\u1ecbch cho kh\u00f4ng gian.\",\"breadcrumb\":{\"@id\":\"https:\/\/luan.webrt.net\/qhome\/san-pham\/thiet-ke-noi-that-phong-ngu\/#breadcrumb\"},\"inLanguage\":\"vi\",\"potentialAction\":[{\"@type\":\"ReadAction\",\"target\":[\"https:\/\/luan.webrt.net\/qhome\/san-pham\/thiet-ke-noi-that-phong-ngu\/\"]}]},{\"@type\":\"BreadcrumbList\",\"@id\":\"https:\/\/luan.webrt.net\/qhome\/san-pham\/thiet-ke-noi-that-phong-ngu\/#breadcrumb\",\"itemListElement\":[{\"@type\":\"ListItem\",\"position\":1,\"name\":\"Trang ch\u1ee7\",\"item\":\"https:\/\/luan.webrt.net\/qhome\/\"},{\"@type\":\"ListItem\",\"position\":2,\"name\":\"Shop\",\"item\":\"https:\/\/luan.webrt.net\/qhome\/shop\/\"},{\"@type\":\"ListItem\",\"position\":3,\"name\":\"Tr\u1ecdn g\u00f3i n\u1ed9i th\u1ea5t ph\u00f2ng ng\u1ee7\"}]},{\"@type\":\"WebSite\",\"@id\":\"https:\/\/luan.webrt.net\/qhome\/#website\",\"url\":\"https:\/\/luan.webrt.net\/qhome\/\",\"name\":\"M\u1eabu web n\u1ed9i th\u1ea5t\",\"description\":\"QGHome Vi\u1ec7t Nam\",\"publisher\":{\"@id\":\"https:\/\/luan.webrt.net\/qhome\/#organization\"},\"potentialAction\":[{\"@type\":\"SearchAction\",\"target\":{\"@type\":\"EntryPoint\",\"urlTemplate\":\"https:\/\/luan.webrt.net\/qhome\/?s={search_term_string}\"},\"query-input\":\"required name=search_term_string\"}],\"inLanguage\":\"vi\"},{\"@type\":\"Organization\",\"@id\":\"https:\/\/luan.webrt.net\/qhome\/#organization\",\"name\":\"QGHome\",\"url\":\"https:\/\/luan.webrt.net\/qhome\/\",\"logo\":{\"@type\":\"ImageObject\",\"inLanguage\":\"vi\",\"@id\":\"https:\/\/luan.webrt.net\/qhome\/#\/schema\/logo\/image\/\",\"url\":\"https:\/\/qghome.vn\/wp-content\/uploads\/2025\/08\/logo-mau-MauTH-21.png\",\"contentUrl\":\"https:\/\/qghome.vn\/wp-content\/uploads\/2025\/08\/logo-mau-MauTH-21.png\",\"width\":253,\"height\":99,\"caption\":\"QGHome\"},\"image\":{\"@id\":\"https:\/\/luan.webrt.net\/qhome\/#\/schema\/logo\/image\/\"},\"sameAs\":[\"https:\/\/www.tiktok.com\/@qghome.official\",\"https:\/\/www.youtube.com\/channel\/UCeVBuKTXkv-u94DS421cklw\",\"https:\/\/www.facebook.com\/noithatqghome\"]}]}<\/script>\n<!-- \/ Yoast SEO plugin. -->","yoast_head_json":{"title":"Tr\u1ecdn g\u00f3i n\u1ed9i th\u1ea5t ph\u00f2ng ng\u1ee7 - \u0111\u1eb9p - hi\u1ec7n \u0111\u1ea1i - cao c\u1ea5p - M\u1eabu web n\u1ed9i th\u1ea5t","description":"Tr\u1ecdn g\u00f3i thi\u1ebft k\u1ebf n\u1ed9i th\u1ea5t ph\u00f2ng ng\u1ee7 g\u1ed3m gi\u01b0\u1eddng ng\u1ee7 v\u00e0 t\u1ee7 qu\u1ea7n \u00e1o \u0111\u01b0\u1ee3c l\u00e0m t\u1eeb v\u00e1n g\u1ed7 MDF cao c\u1ea5p, b\u1ec1n b\u1ec9. \u0110em l\u1ea1i s\u1ef1 sang tr\u1ecdng, thanh l\u1ecbch cho kh\u00f4ng gian.","robots":{"index":"index","follow":"follow","max-snippet":"max-snippet:-1","max-image-preview":"max-image-preview:large","max-video-preview":"max-video-preview:-1"},"canonical":"https:\/\/luan.webrt.net\/qhome\/san-pham\/thiet-ke-noi-that-phong-ngu\/","og_locale":"vi_VN","og_type":"article","og_title":"Tr\u1ecdn g\u00f3i n\u1ed9i th\u1ea5t ph\u00f2ng ng\u1ee7 - \u0111\u1eb9p - hi\u1ec7n \u0111\u1ea1i - cao c\u1ea5p - M\u1eabu web n\u1ed9i th\u1ea5t","og_description":"Tr\u1ecdn g\u00f3i thi\u1ebft k\u1ebf n\u1ed9i th\u1ea5t ph\u00f2ng ng\u1ee7 g\u1ed3m gi\u01b0\u1eddng ng\u1ee7 v\u00e0 t\u1ee7 qu\u1ea7n \u00e1o \u0111\u01b0\u1ee3c l\u00e0m t\u1eeb v\u00e1n g\u1ed7 MDF cao c\u1ea5p, b\u1ec1n b\u1ec9. \u0110em l\u1ea1i s\u1ef1 sang tr\u1ecdng, thanh l\u1ecbch cho kh\u00f4ng gian.","og_url":"https:\/\/luan.webrt.net\/qhome\/san-pham\/thiet-ke-noi-that-phong-ngu\/","og_site_name":"M\u1eabu web n\u1ed9i th\u1ea5t","article_publisher":"https:\/\/www.facebook.com\/noithatqghome","article_modified_time":"2024-11-07T19:39:34+00:00","og_image":[{"width":960,"height":1280,"url":"https:\/\/luan.webrt.net\/qhome\/wp-content\/uploads\/2024\/11\/z4537201548451_8c8b34aa92e22fbdadd15076deef6dcf.jpg","type":"image\/jpeg"}],"twitter_card":"summary_large_image","twitter_misc":{"\u01af\u1edbc t\u00ednh th\u1eddi gian \u0111\u1ecdc":"3 ph\u00fat"},"schema":{"@context":"https:\/\/schema.org","@graph":[{"@type":"WebPage","@id":"https:\/\/luan.webrt.net\/qhome\/san-pham\/thiet-ke-noi-that-phong-ngu\/","url":"https:\/\/luan.webrt.net\/qhome\/san-pham\/thiet-ke-noi-that-phong-ngu\/","name":"Tr\u1ecdn g\u00f3i n\u1ed9i th\u1ea5t ph\u00f2ng ng\u1ee7 - \u0111\u1eb9p - hi\u1ec7n \u0111\u1ea1i - cao c\u1ea5p - M\u1eabu web n\u1ed9i th\u1ea5t","isPartOf":{"@id":"https:\/\/luan.webrt.net\/qhome\/#website"},"datePublished":"2024-11-06T21:44:18+00:00","dateModified":"2024-11-07T19:39:34+00:00","description":"Tr\u1ecdn g\u00f3i thi\u1ebft k\u1ebf n\u1ed9i th\u1ea5t ph\u00f2ng ng\u1ee7 g\u1ed3m gi\u01b0\u1eddng ng\u1ee7 v\u00e0 t\u1ee7 qu\u1ea7n \u00e1o \u0111\u01b0\u1ee3c l\u00e0m t\u1eeb v\u00e1n g\u1ed7 MDF cao c\u1ea5p, b\u1ec1n b\u1ec9. \u0110em l\u1ea1i s\u1ef1 sang tr\u1ecdng, thanh l\u1ecbch cho kh\u00f4ng gian.","breadcrumb":{"@id":"https:\/\/luan.webrt.net\/qhome\/san-pham\/thiet-ke-noi-that-phong-ngu\/#breadcrumb"},"inLanguage":"vi","potentialAction":[{"@type":"ReadAction","target":["https:\/\/luan.webrt.net\/qhome\/san-pham\/thiet-ke-noi-that-phong-ngu\/"]}]},{"@type":"BreadcrumbList","@id":"https:\/\/luan.webrt.net\/qhome\/san-pham\/thiet-ke-noi-that-phong-ngu\/#breadcrumb","itemListElement":[{"@type":"ListItem","position":1,"name":"Trang ch\u1ee7","item":"https:\/\/luan.webrt.net\/qhome\/"},{"@type":"ListItem","position":2,"name":"Shop","item":"https:\/\/luan.webrt.net\/qhome\/shop\/"},{"@type":"ListItem","position":3,"name":"Tr\u1ecdn g\u00f3i n\u1ed9i th\u1ea5t ph\u00f2ng ng\u1ee7"}]},{"@type":"WebSite","@id":"https:\/\/luan.webrt.net\/qhome\/#website","url":"https:\/\/luan.webrt.net\/qhome\/","name":"M\u1eabu web n\u1ed9i th\u1ea5t","description":"QGHome Vi\u1ec7t Nam","publisher":{"@id":"https:\/\/luan.webrt.net\/qhome\/#organization"},"potentialAction":[{"@type":"SearchAction","target":{"@type":"EntryPoint","urlTemplate":"https:\/\/luan.webrt.net\/qhome\/?s={search_term_string}"},"query-input":"required name=search_term_string"}],"inLanguage":"vi"},{"@type":"Organization","@id":"https:\/\/luan.webrt.net\/qhome\/#organization","name":"QGHome","url":"https:\/\/luan.webrt.net\/qhome\/","logo":{"@type":"ImageObject","inLanguage":"vi","@id":"https:\/\/luan.webrt.net\/qhome\/#\/schema\/logo\/image\/","url":"https:\/\/qghome.vn\/wp-content\/uploads\/2025\/08\/logo-mau-MauTH-21.png","contentUrl":"https:\/\/qghome.vn\/wp-content\/uploads\/2025\/08\/logo-mau-MauTH-21.png","width":253,"height":99,"caption":"QGHome"},"image":{"@id":"https:\/\/luan.webrt.net\/qhome\/#\/schema\/logo\/image\/"},"sameAs":["https:\/\/www.tiktok.com\/@qghome.official","https:\/\/www.youtube.com\/channel\/UCeVBuKTXkv-u94DS421cklw","https:\/\/www.facebook.com\/noithatqghome"]}]}},"_links":{"self":[{"href":"https:\/\/luan.webrt.net\/qhome\/wp-json\/wp\/v2\/product\/12926","targetHints":{"allow":["GET"]}}],"collection":[{"href":"https:\/\/luan.webrt.net\/qhome\/wp-json\/wp\/v2\/product"}],"about":[{"href":"https:\/\/luan.webrt.net\/qhome\/wp-json\/wp\/v2\/types\/product"}],"replies":[{"embeddable":true,"href":"https:\/\/luan.webrt.net\/qhome\/wp-json\/wp\/v2\/comments?post=12926"}],"wp:featuredmedia":[{"embeddable":true,"href":"https:\/\/luan.webrt.net\/qhome\/wp-json\/wp\/v2\/media\/12929"}],"wp:attachment":[{"href":"https:\/\/luan.webrt.net\/qhome\/wp-json\/wp\/v2\/media?parent=12926"}],"wp:term":[{"taxonomy":"product_cat","embeddable":true,"href":"https:\/\/luan.webrt.net\/qhome\/wp-json\/wp\/v2\/product_cat?post=12926"},{"taxonomy":"product_tag","embeddable":true,"href":"https:\/\/luan.webrt.net\/qhome\/wp-json\/wp\/v2\/product_tag?post=12926"}],"curies":[{"name":"wp","href":"https:\/\/api.w.org\/{rel}","templated":true}]}}