{"id":12916,"date":"2024-11-06T20:27:32","date_gmt":"2024-11-06T20:27:32","guid":{"rendered":"https:\/\/qghome.vn\/?post_type=product&#038;p=12916"},"modified":"2024-11-06T20:27:32","modified_gmt":"2024-11-06T20:27:32","slug":"https-qghome-vn-noi-that-chung-cu-tron-goi-noi-that-chung-cu-tron-goi-noi-that-phong-ngu-2","status":"publish","type":"product","link":"https:\/\/luan.webrt.net\/qhome\/san-pham\/https-qghome-vn-noi-that-chung-cu-tron-goi-noi-that-chung-cu-tron-goi-noi-that-phong-ngu-2\/","title":{"rendered":"Thi\u1ebft k\u1ebf n\u1ed9i th\u1ea5t ph\u00f2ng ng\u1ee7 nh\u1ecf \u0111\u1eb9p\u00a0"},"content":{"rendered":"<p><span style=\"font-weight: 400; color: #000000;\">B\u1ea1n \u0111ang t\u00ecm ki\u1ebfm m\u1ed9t gi\u1ea3i ph\u00e1p hi\u1ec7u qu\u1ea3 v\u00e0 t\u1ed1i \u01b0u cho ph\u00f2ng ng\u1ee7 nh\u1ecf c\u1ee7a m\u00ecnh? V\u1eady th\u00ec \u0111\u1eebng b\u1ecf l\u1ee1 b\u00e0i vi\u1ebft d\u01b0\u1edbi \u0111\u00e2y nh\u00e9 b\u1edfi ch\u00fang t\u00f4i s\u1ebd cung c\u1ea5p cho b\u1ea1n m\u1ed9t combo n\u1ed9i th\u1ea5t ph\u00f2ng ng\u1ee7 si\u00eau ti\u1ec7n nghi, hi\u1ec7n \u0111\u1ea1i v\u00e0 sang tr\u1ecdng.<\/span><\/p>\n<h1 style=\"text-align: center;\"><span style=\"font-weight: 400; color: #000000; font-size: 130%;\"><span style=\"color: #0000ff;\">Thi\u1ebft k\u1ebf n\u1ed9i th\u1ea5t ph\u00f2ng ng\u1ee7 hi\u1ec7n \u0111\u1ea1i, sang tr\u1ecdng<\/span><\/span><\/h1>\n<p><span style=\"color: #000000;\"><b>Combo gi\u01b0\u1eddng ng\u1ee7 v\u00e0 b\u00e0n trang \u0111i\u1ec3m cho kh\u00f4ng gian ph\u00f2ng ng\u1ee7 nh\u1ecf:<\/b><\/span><\/p>\n<ul>\n<li style=\"font-weight: 400;\" aria-level=\"1\"><span style=\"font-weight: 400; color: #000000;\">01 Gi\u01b0\u1eddng ng\u1ee7: D\u00e0i 2m x R\u1ed9ng 1m6<\/span><\/li>\n<li style=\"font-weight: 400;\" aria-level=\"1\"><span style=\"font-weight: 400; color: #000000;\">01 B\u00e0n trang \u0111i\u1ec3m c\u00f3 g\u01b0\u01a1ng: D\u00e0i 0,8m x R\u1ed9ng 0,4m x Cao 1m5<\/span><\/li>\n<\/ul>\n<p><span style=\"font-weight: 400; color: #000000;\">*Kh\u00e1ch h\u00e0ng c\u00f3 th\u1ec3 t\u00f9y \u00fd thay \u0111\u1ed5i k\u00edch th\u01b0\u1edbc cho ph\u00f9 h\u1ee3p nhu c\u1ea7u<\/span><\/p>\n<p><span style=\"font-weight: 400; color: #000000;\">Ch\u1ea5t li\u1ec7u: G\u1ed7 MDF ph\u1ee7 Melamine ch\u1ea5t l\u01b0\u1ee3ng cao, ch\u1ed1ng cong v\u00eanh. Ch\u1ed1ng th\u1ea5m n\u01b0\u1edbc, b\u1ec1n b\u1ec9 theo th\u1eddi gian.<\/span><\/p>\n<p><span style=\"font-weight: 400; color: #000000;\">M\u00e0u s\u1eafc: Nh\u1eadn \u0111\u1eb7t m\u00e0u s\u1eafc theo y\u00eau c\u1ea7u.<\/span><\/p>\n<p><span style=\"color: #000000;\"><span style=\"font-weight: 400;\">Li\u00ean h\u1ec7 ngay v\u1edbi ch\u00fang t\u00f4i \u0111\u1ec3 nh\u1eadn t\u01b0 v\u1ea5n h\u1ed7 tr\u1ee3 l\u1eafp \u0111\u1eb7t t\u1ea1i s\u1ed1 hotline <\/span><span style=\"font-weight: 400;\">0983368623<\/span><\/span><\/p>\n<figure id=\"attachment_12918\" aria-describedby=\"caption-attachment-12918\" style=\"width: 400px\" class=\"wp-caption aligncenter\"><img loading=\"lazy\" decoding=\"async\" class=\"wp-image-12918 size-medium\" src=\"http:\/\/qghome.vn\/wp-content\/uploads\/2024\/11\/G19.1-1-510x510-1-400x400.jpg\" alt=\"\" width=\"400\" height=\"400\" srcset=\"https:\/\/luan.webrt.net\/qhome\/wp-content\/uploads\/2024\/11\/G19.1-1-510x510-1-400x400.jpg 400w, https:\/\/luan.webrt.net\/qhome\/wp-content\/uploads\/2024\/11\/G19.1-1-510x510-1-100x100.jpg 100w, https:\/\/luan.webrt.net\/qhome\/wp-content\/uploads\/2024\/11\/G19.1-1-510x510-1-280x280.jpg 280w, https:\/\/luan.webrt.net\/qhome\/wp-content\/uploads\/2024\/11\/G19.1-1-510x510-1.jpg 510w\" sizes=\"auto, (max-width: 400px) 100vw, 400px\" \/><figcaption id=\"caption-attachment-12918\" class=\"wp-caption-text\"><a href=\"https:\/\/qghome.vn\/giuong-ngu-kieu-nhat-gn19\/\">Gi\u01b0\u1eddng ng\u1ee7 ki\u1ec3u Nh\u1eadt-GN19<\/a><\/figcaption><\/figure>\n<figure id=\"attachment_12917\" aria-describedby=\"caption-attachment-12917\" style=\"width: 400px\" class=\"wp-caption aligncenter\"><img loading=\"lazy\" decoding=\"async\" class=\"wp-image-12917 size-medium\" src=\"http:\/\/qghome.vn\/wp-content\/uploads\/2024\/11\/BDT02-510x510-1-400x400.jpg\" alt=\"\" width=\"400\" height=\"400\" srcset=\"https:\/\/luan.webrt.net\/qhome\/wp-content\/uploads\/2024\/11\/BDT02-510x510-1-400x400.jpg 400w, https:\/\/luan.webrt.net\/qhome\/wp-content\/uploads\/2024\/11\/BDT02-510x510-1-100x100.jpg 100w, https:\/\/luan.webrt.net\/qhome\/wp-content\/uploads\/2024\/11\/BDT02-510x510-1-280x280.jpg 280w, https:\/\/luan.webrt.net\/qhome\/wp-content\/uploads\/2024\/11\/BDT02-510x510-1.jpg 510w\" sizes=\"auto, (max-width: 400px) 100vw, 400px\" \/><figcaption id=\"caption-attachment-12917\" class=\"wp-caption-text\"><a href=\"https:\/\/qghome.vn\/ban-trang-diem-btd02\/\">B\u00e0n trang \u0111i\u1ec3m gi\u00e1 r\u1ebb-BTD02<\/a><\/figcaption><\/figure>\n<h2><span style=\"color: #000000;\"><b>Nh\u1eefng l\u1ee3i \u00edch m\u00e0 b\u1ea1n s\u1ebd c\u00f3 \u0111\u01b0\u1ee3c khi l\u1ef1a ch\u1ecdn g\u00f3i thi\u1ebft k\u1ebf n\u1ed9i th\u1ea5t ph\u00f2ng ng\u1ee7 t\u1ea1i QG Home:<\/b><\/span><\/h2>\n<ul>\n<li style=\"font-weight: 400;\" aria-level=\"1\"><span style=\"font-weight: 400; color: #000000;\">S\u1ea3n ph\u1ea9m \u0111\u01b0\u1ee3c l\u00e0m t\u1eeb nguy\u00ean li\u1ec7u cao c\u1ea5p, b\u1ec1n b\u1ec9.<\/span><\/li>\n<li style=\"font-weight: 400;\" aria-level=\"1\"><span style=\"font-weight: 400; color: #000000;\">Ti\u1ebft ki\u1ec7m th\u1eddi gian t\u00ecm ki\u1ebfm.<\/span><\/li>\n<li style=\"font-weight: 400;\" aria-level=\"1\"><span style=\"font-weight: 400; color: #000000;\">Thi\u1ebft k\u1ebf hi\u1ec7n \u0111\u1ea1i, m\u1eabu m\u00e3 phong ph\u00fa v\u00e0 \u0111a c\u00f4ng n\u0103ng.<\/span><\/li>\n<li style=\"font-weight: 400;\" aria-level=\"1\"><span style=\"font-weight: 400; color: #000000;\">\u0110\u01b0\u1ee3c t\u01b0 v\u1ea5n h\u1ed7 tr\u1ee3 gi\u1ea3i \u0111\u00e1p th\u1eafc m\u1eafc ho\u00e0n to\u00e0n mi\u1ec5n ph\u00ed.<\/span><\/li>\n<\/ul>\n<p style=\"text-align: center;\">***<\/p>\n<p><span style=\"color: #000000;\">N\u1ebfu b\u1ea1n \u0111\u00e3 c\u1ea3m th\u1ea5y h\u00e0i l\u00f2ng v\u1ec1 tr\u1ecdn g\u00f3i ph\u00f2ng ng\u1ee7 g\u1ed3m gi\u01b0\u1eddng t\u1ee7 qu\u1ea7n \u00e1o v\u00e0 b\u00e0n trang \u0111i\u1ec3m n\u00e0y r\u1ed3i th\u00ec c\u00f2n ch\u1ea7n ch\u1edd g\u00ec n\u1eefa m\u00e0 h\u00e3y ch\u1ed1t \u0111\u01a1n ngay \u0111\u1ec3 nh\u1eadn \u0111\u01b0\u1ee3c nhi\u1ec1u \u01b0u \u0111\u00e3i \u0111\u1eb7c bi\u1ec7t v\u00e0 d\u1ecbch v\u1ee5 t\u01b0 v\u1ea5n mi\u1ec5n ph\u00ed t\u1eeb ch\u00fang t\u00f4i nh\u00e9!<\/span><\/p>\n<p><span style=\"color: #000000;\">H\u00e3y theo d\u00f5i ch\u00fang t\u00f4i \u0111\u1ec3 kh\u00e1m ph\u00e1 th\u00eam nhi\u1ec1u g\u00f3i thi\u1ebft k\u1ebf n\u1ed9i th\u1ea5t ph\u00f2ng ng\u1ee7 hi\u1ec7n \u0111\u1ea1i, \u0111\u1ea7y \u0111\u1ee7 v\u00e0 ti\u1ec7n nghi n\u1eefa nh\u00e9!<\/span><\/p>\n","protected":false},"excerpt":{"rendered":"<p>B\u1ea1n \u0111ang t\u00ecm ki\u1ebfm m\u1ed9t gi\u1ea3i ph\u00e1p hi\u1ec7u qu\u1ea3 v\u00e0 t\u1ed1i \u01b0u cho ph\u00f2ng ng\u1ee7 nh\u1ecf c\u1ee7a m\u00ecnh? V\u1eady th\u00ec \u0111\u1eebng b\u1ecf l\u1ee1 b\u00e0i vi\u1ebft d\u01b0\u1edbi \u0111\u00e2y nh\u00e9 b\u1edfi ch\u00fang t\u00f4i s\u1ebd cung c\u1ea5p cho b\u1ea1n m\u1ed9t combo n\u1ed9i th\u1ea5t ph\u00f2ng ng\u1ee7 si\u00eau ti\u1ec7n nghi, hi\u1ec7n \u0111\u1ea1i v\u00e0 sang tr\u1ecdng. Thi\u1ebft k\u1ebf n\u1ed9i th\u1ea5t ph\u00f2ng&#8230;<\/p>\n","protected":false},"featured_media":12918,"comment_status":"open","ping_status":"closed","template":"","meta":[],"product_cat":[631,685],"product_tag":[695,694,693,696],"class_list":["post-12916","product","type-product","status-publish","has-post-thumbnail","hentry","product_cat-tron-goi-noi-that-chung-cu","product_cat-tron-goi-noi-that-phong-ngu","product_tag-combo-noi-that-phong-ngu","product_tag-combo-phong-ngu-2-mon","product_tag-thiet-ke-noi-that-phong-ngu-gia-re","product_tag-thiet-ke-phong-ngu-hien-dai"],"yoast_head":"<!-- This site is optimized with the Yoast SEO plugin v19.9 - https:\/\/yoast.com\/wordpress\/plugins\/seo\/ -->\n<title>Thi\u1ebft k\u1ebf n\u1ed9i th\u1ea5t ph\u00f2ng ng\u1ee7 nh\u1ecf \u0111\u1eb9p\u00a0 - \u0111\u01a1n gi\u1ea3n - gi\u00e1 r\u1ebb - M\u1eabu web n\u1ed9i th\u1ea5t<\/title>\n<meta name=\"description\" content=\"Combo thi\u1ebft k\u1ebf n\u1ed9i th\u1ea5t ph\u00f2ng ng\u1ee7 g\u1ed3m 2 m\u00f3n gi\u01b0\u1eddng ng\u1ee7 v\u00e0 b\u00e0n trang \u0111i\u1ec3m g\u1ed7 mdf cao c\u1ea5p, \u0111em \u0111\u1ebfn b\u1ea1n s\u1ef1 sang tr\u1ecdng, hi\u1ec7n \u0111\u1ea1i v\u00e0 thanh l\u1ecbch.\" \/>\n<meta name=\"robots\" content=\"index, follow, max-snippet:-1, max-image-preview:large, max-video-preview:-1\" \/>\n<link rel=\"canonical\" href=\"https:\/\/luan.webrt.net\/qhome\/san-pham\/https-qghome-vn-noi-that-chung-cu-tron-goi-noi-that-chung-cu-tron-goi-noi-that-phong-ngu-2\/\" \/>\n<meta property=\"og:locale\" content=\"vi_VN\" \/>\n<meta property=\"og:type\" content=\"article\" \/>\n<meta property=\"og:title\" content=\"Thi\u1ebft k\u1ebf n\u1ed9i th\u1ea5t ph\u00f2ng ng\u1ee7 nh\u1ecf \u0111\u1eb9p\u00a0 - \u0111\u01a1n gi\u1ea3n - gi\u00e1 r\u1ebb - M\u1eabu web n\u1ed9i th\u1ea5t\" \/>\n<meta property=\"og:description\" content=\"Combo thi\u1ebft k\u1ebf n\u1ed9i th\u1ea5t ph\u00f2ng ng\u1ee7 g\u1ed3m 2 m\u00f3n gi\u01b0\u1eddng ng\u1ee7 v\u00e0 b\u00e0n trang \u0111i\u1ec3m g\u1ed7 mdf cao c\u1ea5p, \u0111em \u0111\u1ebfn b\u1ea1n s\u1ef1 sang tr\u1ecdng, hi\u1ec7n \u0111\u1ea1i v\u00e0 thanh l\u1ecbch.\" \/>\n<meta property=\"og:url\" content=\"https:\/\/luan.webrt.net\/qhome\/san-pham\/https-qghome-vn-noi-that-chung-cu-tron-goi-noi-that-chung-cu-tron-goi-noi-that-phong-ngu-2\/\" \/>\n<meta property=\"og:site_name\" content=\"M\u1eabu web n\u1ed9i th\u1ea5t\" \/>\n<meta property=\"article:publisher\" content=\"https:\/\/www.facebook.com\/noithatqghome\" \/>\n<meta property=\"og:image\" content=\"https:\/\/luan.webrt.net\/qhome\/wp-content\/uploads\/2024\/11\/G19.1-1-510x510-1.jpg\" \/>\n\t<meta property=\"og:image:width\" content=\"510\" \/>\n\t<meta property=\"og:image:height\" content=\"510\" \/>\n\t<meta property=\"og:image:type\" content=\"image\/jpeg\" \/>\n<meta name=\"twitter:card\" content=\"summary_large_image\" \/>\n<meta name=\"twitter:label1\" content=\"\u01af\u1edbc t\u00ednh th\u1eddi gian \u0111\u1ecdc\" \/>\n\t<meta name=\"twitter:data1\" content=\"3 ph\u00fat\" \/>\n<script type=\"application\/ld+json\" class=\"yoast-schema-graph\">{\"@context\":\"https:\/\/schema.org\",\"@graph\":[{\"@type\":\"WebPage\",\"@id\":\"https:\/\/luan.webrt.net\/qhome\/san-pham\/https-qghome-vn-noi-that-chung-cu-tron-goi-noi-that-chung-cu-tron-goi-noi-that-phong-ngu-2\/\",\"url\":\"https:\/\/luan.webrt.net\/qhome\/san-pham\/https-qghome-vn-noi-that-chung-cu-tron-goi-noi-that-chung-cu-tron-goi-noi-that-phong-ngu-2\/\",\"name\":\"Thi\u1ebft k\u1ebf n\u1ed9i th\u1ea5t ph\u00f2ng ng\u1ee7 nh\u1ecf \u0111\u1eb9p\u00a0 - \u0111\u01a1n gi\u1ea3n - gi\u00e1 r\u1ebb - M\u1eabu web n\u1ed9i th\u1ea5t\",\"isPartOf\":{\"@id\":\"https:\/\/luan.webrt.net\/qhome\/#website\"},\"datePublished\":\"2024-11-06T20:27:32+00:00\",\"dateModified\":\"2024-11-06T20:27:32+00:00\",\"description\":\"Combo thi\u1ebft k\u1ebf n\u1ed9i th\u1ea5t ph\u00f2ng ng\u1ee7 g\u1ed3m 2 m\u00f3n gi\u01b0\u1eddng ng\u1ee7 v\u00e0 b\u00e0n trang \u0111i\u1ec3m g\u1ed7 mdf cao c\u1ea5p, \u0111em \u0111\u1ebfn b\u1ea1n s\u1ef1 sang tr\u1ecdng, hi\u1ec7n \u0111\u1ea1i v\u00e0 thanh l\u1ecbch.\",\"breadcrumb\":{\"@id\":\"https:\/\/luan.webrt.net\/qhome\/san-pham\/https-qghome-vn-noi-that-chung-cu-tron-goi-noi-that-chung-cu-tron-goi-noi-that-phong-ngu-2\/#breadcrumb\"},\"inLanguage\":\"vi\",\"potentialAction\":[{\"@type\":\"ReadAction\",\"target\":[\"https:\/\/luan.webrt.net\/qhome\/san-pham\/https-qghome-vn-noi-that-chung-cu-tron-goi-noi-that-chung-cu-tron-goi-noi-that-phong-ngu-2\/\"]}]},{\"@type\":\"BreadcrumbList\",\"@id\":\"https:\/\/luan.webrt.net\/qhome\/san-pham\/https-qghome-vn-noi-that-chung-cu-tron-goi-noi-that-chung-cu-tron-goi-noi-that-phong-ngu-2\/#breadcrumb\",\"itemListElement\":[{\"@type\":\"ListItem\",\"position\":1,\"name\":\"Trang ch\u1ee7\",\"item\":\"https:\/\/luan.webrt.net\/qhome\/\"},{\"@type\":\"ListItem\",\"position\":2,\"name\":\"Shop\",\"item\":\"https:\/\/luan.webrt.net\/qhome\/shop\/\"},{\"@type\":\"ListItem\",\"position\":3,\"name\":\"Thi\u1ebft k\u1ebf n\u1ed9i th\u1ea5t ph\u00f2ng ng\u1ee7 nh\u1ecf \u0111\u1eb9p\u00a0\"}]},{\"@type\":\"WebSite\",\"@id\":\"https:\/\/luan.webrt.net\/qhome\/#website\",\"url\":\"https:\/\/luan.webrt.net\/qhome\/\",\"name\":\"M\u1eabu web n\u1ed9i th\u1ea5t\",\"description\":\"QGHome Vi\u1ec7t Nam\",\"publisher\":{\"@id\":\"https:\/\/luan.webrt.net\/qhome\/#organization\"},\"potentialAction\":[{\"@type\":\"SearchAction\",\"target\":{\"@type\":\"EntryPoint\",\"urlTemplate\":\"https:\/\/luan.webrt.net\/qhome\/?s={search_term_string}\"},\"query-input\":\"required name=search_term_string\"}],\"inLanguage\":\"vi\"},{\"@type\":\"Organization\",\"@id\":\"https:\/\/luan.webrt.net\/qhome\/#organization\",\"name\":\"QGHome\",\"url\":\"https:\/\/luan.webrt.net\/qhome\/\",\"logo\":{\"@type\":\"ImageObject\",\"inLanguage\":\"vi\",\"@id\":\"https:\/\/luan.webrt.net\/qhome\/#\/schema\/logo\/image\/\",\"url\":\"https:\/\/qghome.vn\/wp-content\/uploads\/2025\/08\/logo-mau-MauTH-21.png\",\"contentUrl\":\"https:\/\/qghome.vn\/wp-content\/uploads\/2025\/08\/logo-mau-MauTH-21.png\",\"width\":253,\"height\":99,\"caption\":\"QGHome\"},\"image\":{\"@id\":\"https:\/\/luan.webrt.net\/qhome\/#\/schema\/logo\/image\/\"},\"sameAs\":[\"https:\/\/www.tiktok.com\/@qghome.official\",\"https:\/\/www.youtube.com\/channel\/UCeVBuKTXkv-u94DS421cklw\",\"https:\/\/www.facebook.com\/noithatqghome\"]}]}<\/script>\n<!-- \/ Yoast SEO plugin. -->","yoast_head_json":{"title":"Thi\u1ebft k\u1ebf n\u1ed9i th\u1ea5t ph\u00f2ng ng\u1ee7 nh\u1ecf \u0111\u1eb9p\u00a0 - \u0111\u01a1n gi\u1ea3n - gi\u00e1 r\u1ebb - M\u1eabu web n\u1ed9i th\u1ea5t","description":"Combo thi\u1ebft k\u1ebf n\u1ed9i th\u1ea5t ph\u00f2ng ng\u1ee7 g\u1ed3m 2 m\u00f3n gi\u01b0\u1eddng ng\u1ee7 v\u00e0 b\u00e0n trang \u0111i\u1ec3m g\u1ed7 mdf cao c\u1ea5p, \u0111em \u0111\u1ebfn b\u1ea1n s\u1ef1 sang tr\u1ecdng, hi\u1ec7n \u0111\u1ea1i v\u00e0 thanh l\u1ecbch.","robots":{"index":"index","follow":"follow","max-snippet":"max-snippet:-1","max-image-preview":"max-image-preview:large","max-video-preview":"max-video-preview:-1"},"canonical":"https:\/\/luan.webrt.net\/qhome\/san-pham\/https-qghome-vn-noi-that-chung-cu-tron-goi-noi-that-chung-cu-tron-goi-noi-that-phong-ngu-2\/","og_locale":"vi_VN","og_type":"article","og_title":"Thi\u1ebft k\u1ebf n\u1ed9i th\u1ea5t ph\u00f2ng ng\u1ee7 nh\u1ecf \u0111\u1eb9p\u00a0 - \u0111\u01a1n gi\u1ea3n - gi\u00e1 r\u1ebb - M\u1eabu web n\u1ed9i th\u1ea5t","og_description":"Combo thi\u1ebft k\u1ebf n\u1ed9i th\u1ea5t ph\u00f2ng ng\u1ee7 g\u1ed3m 2 m\u00f3n gi\u01b0\u1eddng ng\u1ee7 v\u00e0 b\u00e0n trang \u0111i\u1ec3m g\u1ed7 mdf cao c\u1ea5p, \u0111em \u0111\u1ebfn b\u1ea1n s\u1ef1 sang tr\u1ecdng, hi\u1ec7n \u0111\u1ea1i v\u00e0 thanh l\u1ecbch.","og_url":"https:\/\/luan.webrt.net\/qhome\/san-pham\/https-qghome-vn-noi-that-chung-cu-tron-goi-noi-that-chung-cu-tron-goi-noi-that-phong-ngu-2\/","og_site_name":"M\u1eabu web n\u1ed9i th\u1ea5t","article_publisher":"https:\/\/www.facebook.com\/noithatqghome","og_image":[{"width":510,"height":510,"url":"https:\/\/luan.webrt.net\/qhome\/wp-content\/uploads\/2024\/11\/G19.1-1-510x510-1.jpg","type":"image\/jpeg"}],"twitter_card":"summary_large_image","twitter_misc":{"\u01af\u1edbc t\u00ednh th\u1eddi gian \u0111\u1ecdc":"3 ph\u00fat"},"schema":{"@context":"https:\/\/schema.org","@graph":[{"@type":"WebPage","@id":"https:\/\/luan.webrt.net\/qhome\/san-pham\/https-qghome-vn-noi-that-chung-cu-tron-goi-noi-that-chung-cu-tron-goi-noi-that-phong-ngu-2\/","url":"https:\/\/luan.webrt.net\/qhome\/san-pham\/https-qghome-vn-noi-that-chung-cu-tron-goi-noi-that-chung-cu-tron-goi-noi-that-phong-ngu-2\/","name":"Thi\u1ebft k\u1ebf n\u1ed9i th\u1ea5t ph\u00f2ng ng\u1ee7 nh\u1ecf \u0111\u1eb9p\u00a0 - \u0111\u01a1n gi\u1ea3n - gi\u00e1 r\u1ebb - M\u1eabu web n\u1ed9i th\u1ea5t","isPartOf":{"@id":"https:\/\/luan.webrt.net\/qhome\/#website"},"datePublished":"2024-11-06T20:27:32+00:00","dateModified":"2024-11-06T20:27:32+00:00","description":"Combo thi\u1ebft k\u1ebf n\u1ed9i th\u1ea5t ph\u00f2ng ng\u1ee7 g\u1ed3m 2 m\u00f3n gi\u01b0\u1eddng ng\u1ee7 v\u00e0 b\u00e0n trang \u0111i\u1ec3m g\u1ed7 mdf cao c\u1ea5p, \u0111em \u0111\u1ebfn b\u1ea1n s\u1ef1 sang tr\u1ecdng, hi\u1ec7n \u0111\u1ea1i v\u00e0 thanh l\u1ecbch.","breadcrumb":{"@id":"https:\/\/luan.webrt.net\/qhome\/san-pham\/https-qghome-vn-noi-that-chung-cu-tron-goi-noi-that-chung-cu-tron-goi-noi-that-phong-ngu-2\/#breadcrumb"},"inLanguage":"vi","potentialAction":[{"@type":"ReadAction","target":["https:\/\/luan.webrt.net\/qhome\/san-pham\/https-qghome-vn-noi-that-chung-cu-tron-goi-noi-that-chung-cu-tron-goi-noi-that-phong-ngu-2\/"]}]},{"@type":"BreadcrumbList","@id":"https:\/\/luan.webrt.net\/qhome\/san-pham\/https-qghome-vn-noi-that-chung-cu-tron-goi-noi-that-chung-cu-tron-goi-noi-that-phong-ngu-2\/#breadcrumb","itemListElement":[{"@type":"ListItem","position":1,"name":"Trang ch\u1ee7","item":"https:\/\/luan.webrt.net\/qhome\/"},{"@type":"ListItem","position":2,"name":"Shop","item":"https:\/\/luan.webrt.net\/qhome\/shop\/"},{"@type":"ListItem","position":3,"name":"Thi\u1ebft k\u1ebf n\u1ed9i th\u1ea5t ph\u00f2ng ng\u1ee7 nh\u1ecf \u0111\u1eb9p\u00a0"}]},{"@type":"WebSite","@id":"https:\/\/luan.webrt.net\/qhome\/#website","url":"https:\/\/luan.webrt.net\/qhome\/","name":"M\u1eabu web n\u1ed9i th\u1ea5t","description":"QGHome Vi\u1ec7t Nam","publisher":{"@id":"https:\/\/luan.webrt.net\/qhome\/#organization"},"potentialAction":[{"@type":"SearchAction","target":{"@type":"EntryPoint","urlTemplate":"https:\/\/luan.webrt.net\/qhome\/?s={search_term_string}"},"query-input":"required name=search_term_string"}],"inLanguage":"vi"},{"@type":"Organization","@id":"https:\/\/luan.webrt.net\/qhome\/#organization","name":"QGHome","url":"https:\/\/luan.webrt.net\/qhome\/","logo":{"@type":"ImageObject","inLanguage":"vi","@id":"https:\/\/luan.webrt.net\/qhome\/#\/schema\/logo\/image\/","url":"https:\/\/qghome.vn\/wp-content\/uploads\/2025\/08\/logo-mau-MauTH-21.png","contentUrl":"https:\/\/qghome.vn\/wp-content\/uploads\/2025\/08\/logo-mau-MauTH-21.png","width":253,"height":99,"caption":"QGHome"},"image":{"@id":"https:\/\/luan.webrt.net\/qhome\/#\/schema\/logo\/image\/"},"sameAs":["https:\/\/www.tiktok.com\/@qghome.official","https:\/\/www.youtube.com\/channel\/UCeVBuKTXkv-u94DS421cklw","https:\/\/www.facebook.com\/noithatqghome"]}]}},"_links":{"self":[{"href":"https:\/\/luan.webrt.net\/qhome\/wp-json\/wp\/v2\/product\/12916","targetHints":{"allow":["GET"]}}],"collection":[{"href":"https:\/\/luan.webrt.net\/qhome\/wp-json\/wp\/v2\/product"}],"about":[{"href":"https:\/\/luan.webrt.net\/qhome\/wp-json\/wp\/v2\/types\/product"}],"replies":[{"embeddable":true,"href":"https:\/\/luan.webrt.net\/qhome\/wp-json\/wp\/v2\/comments?post=12916"}],"wp:featuredmedia":[{"embeddable":true,"href":"https:\/\/luan.webrt.net\/qhome\/wp-json\/wp\/v2\/media\/12918"}],"wp:attachment":[{"href":"https:\/\/luan.webrt.net\/qhome\/wp-json\/wp\/v2\/media?parent=12916"}],"wp:term":[{"taxonomy":"product_cat","embeddable":true,"href":"https:\/\/luan.webrt.net\/qhome\/wp-json\/wp\/v2\/product_cat?post=12916"},{"taxonomy":"product_tag","embeddable":true,"href":"https:\/\/luan.webrt.net\/qhome\/wp-json\/wp\/v2\/product_tag?post=12916"}],"curies":[{"name":"wp","href":"https:\/\/api.w.org\/{rel}","templated":true}]}}