{"id":12908,"date":"2024-11-04T21:41:29","date_gmt":"2024-11-04T21:41:29","guid":{"rendered":"https:\/\/qghome.vn\/?post_type=product&#038;p=12908"},"modified":"2024-11-06T21:09:44","modified_gmt":"2024-11-06T21:09:44","slug":"combo-phong-ngu-dep","status":"publish","type":"product","link":"https:\/\/luan.webrt.net\/qhome\/san-pham\/combo-phong-ngu-dep\/","title":{"rendered":"Combo n\u1ed9i th\u1ea5t ph\u00f2ng ng\u1ee7 \u0111\u1eb9p"},"content":{"rendered":"<p><span style=\"font-weight: 400; color: #000000;\">H\u00e3y \u0111\u1ebfn v\u1edbi n\u1ed9i th\u1ea5t ph\u00f2ng ng\u1ee7 tr\u1ecdn g\u00f3i t\u1ea1i QG Home \u0111\u1ec3 bi\u1ebfn c\u0103n ph\u00f2ng c\u1ee7a b\u1ea1n th\u00e0nh n\u01a1i ngh\u1ec9 ng\u01a1i tuy\u1ec7t v\u1eddi nh\u1ea5t v\u1edbi nh\u1eefng thi\u1ebft k\u1ebf n\u1ed9i th\u1ea5t sang tr\u1ecdng v\u00e0 ti\u1ec7n nghi.<\/span><\/p>\n<h1 style=\"text-align: center;\"><span style=\"font-weight: 400; color: #3366ff; font-size: 110%;\">Tr\u1ecdn g\u00f3i n\u1ed9i th\u1ea5t ph\u00f2ng ng\u1ee7 10m2 gi\u00e1 r\u1ebb nh\u1ea5t<\/span><\/h1>\n<p><span style=\"font-weight: 400; color: #000000;\">B\u1ed9 n\u1ed9i th\u1ea5t ph\u00f2ng ng\u1ee7 10m2 bao g\u1ed3m 02 s\u1ea3n ph\u1ea9m c\u01a1 b\u1ea3n:<\/span><\/p>\n<ol>\n<li style=\"font-weight: 400;\" aria-level=\"1\"><span style=\"color: #000000;\"><span style=\"font-weight: 400;\">01 Gi\u01b0\u1eddng: <\/span><i><span style=\"font-weight: 400;\">D\u00e0i 2m x R\u1ed9ng 1m6<\/span><\/i><\/span><\/li>\n<li style=\"font-weight: 400;\" aria-level=\"1\"><span style=\"color: #000000;\"><span style=\"font-weight: 400;\">01 B\u00e0n trang \u0111i\u1ec3m: <\/span><i><span style=\"font-weight: 400;\">D\u00e0i 0,8m x R\u1ed9ng 0,4m x Cao 1,4m<\/span><\/i><\/span><\/li>\n<\/ol>\n<p><span style=\"font-weight: 400; color: #000000;\">*Kh\u00e1ch h\u00e0ng c\u00f3 th\u1ec3 t\u00f9y \u00fd thay \u0111\u1ed5i k\u00edch th\u01b0\u1edbc cho ph\u00f9 h\u1ee3p nhu c\u1ea7u<\/span><\/p>\n<ul>\n<li style=\"font-weight: 400;\" aria-level=\"1\"><span style=\"font-weight: 400; color: #000000;\">Ch\u1ea5t li\u1ec7u: G\u1ed7 c\u00f4ng nghi\u1ec7p MDF ph\u1ee7 melamine ch\u1ed1ng th\u1ea5m n\u01b0\u1edbc, ch\u1ed1ng m\u1ed1i m\u1ecdt. H\u1ea1n ch\u1ebf cong v\u00eanh, d\u1ec5 d\u00e0ng v\u1ec7 sinh lau ch\u00f9i.<\/span><\/li>\n<li style=\"font-weight: 400;\" aria-level=\"1\"><span style=\"font-weight: 400; color: #000000;\">M\u00e0u s\u1eafc:\u00a0 Nh\u1eadn \u0111\u1eb7t m\u00e0u s\u1eafc theo y\u00eau c\u1ea7u.<\/span><\/li>\n<li style=\"font-weight: 400;\" aria-level=\"1\"><span style=\"font-weight: 400; color: #000000;\">Li\u00ean h\u1ec7: T\u01b0 v\u1ea5n h\u1ed7 tr\u1ee3 l\u1eafp \u0111\u1eb7t 0983368623<\/span><\/li>\n<li style=\"font-weight: 400;\" aria-level=\"1\"><span style=\"font-weight: 400; color: #000000;\">Ch\u00fang t\u00f4i cam k\u1ebft mang \u0111\u1ebfn b\u1ea1n nh\u1eefng s\u1ea3n ph\u1ea9m kh\u00f4ng ch\u1ec9 \u0111\u1eb9p m\u00e0 c\u00f2n ch\u1ea5t l\u01b0\u1ee3ng, b\u1ec1n b\u1ec9 theo th\u1eddi gian.<\/span><\/li>\n<\/ul>\n<figure id=\"attachment_12909\" aria-describedby=\"caption-attachment-12909\" style=\"width: 510px\" class=\"wp-caption aligncenter\"><img loading=\"lazy\" decoding=\"async\" class=\"wp-image-12909 size-full\" src=\"http:\/\/qghome.vn\/wp-content\/uploads\/2024\/11\/GN07-510x342-2.jpg\" alt=\"\" width=\"510\" height=\"342\" srcset=\"https:\/\/luan.webrt.net\/qhome\/wp-content\/uploads\/2024\/11\/GN07-510x342-2.jpg 510w, https:\/\/luan.webrt.net\/qhome\/wp-content\/uploads\/2024\/11\/GN07-510x342-2-247x166.jpg 247w\" sizes=\"auto, (max-width: 510px) 100vw, 510px\" \/><figcaption id=\"caption-attachment-12909\" class=\"wp-caption-text\"><span style=\"text-decoration: underline;\"><a href=\"https:\/\/qghome.vn\/giuong-ngu-kieu-dang-basic-gn07\/\">Gi\u01b0\u1eddng ng\u1ee7 phong c\u00e1ch t\u1ed1i gi\u1ea3n &#8211; GN07 <\/a><\/span><\/figcaption><\/figure>\n<p><span style=\"font-weight: 400; color: #000000;\">Tr\u1ecdn b\u1ed9 combo n\u1ed9i th\u1ea5t ph\u00f2ng ng\u1ee7 2 m\u00f3n. G\u1ed3m gi\u01b0\u1eddng ng\u1ee7 v\u00e0 b\u00e0n trang \u0111i\u1ec3m \u0111\u01b0\u1ee3c thi\u1ebft k\u1ebf v\u1edbi phong c\u00e1ch hi\u1ec7n \u0111\u1ea1i, sang tr\u1ecdng. Gi\u00fap b\u1ea1n v\u00e0 c\u00e1c th\u00e0nh vi\u00ean trong gia \u0111\u00ecnh b\u1ea1n t\u1eadn h\u01b0\u1edfng kh\u00f4ng gian s\u1ed1ng tho\u1ea3i m\u00e1i v\u00e0 \u1ea5m c\u00fang. C\u00e1c s\u1ea3n ph\u1ea9m n\u1ed9i th\u1ea5t v\u1edbi m\u00e0u s\u1eafc v\u00e0 ki\u1ec3u d\u00e1ng linh ho\u1ea1t, ph\u00f9 h\u1ee3p v\u1edbi m\u1ecdi phong c\u00e1ch thi\u1ebft k\u1ebf ph\u00f2ng ng\u1ee7.<\/span><\/p>\n<p>&nbsp;<\/p>\n<figure id=\"attachment_12910\" aria-describedby=\"caption-attachment-12910\" style=\"width: 400px\" class=\"wp-caption aligncenter\"><img loading=\"lazy\" decoding=\"async\" class=\"wp-image-12910 size-medium\" src=\"http:\/\/qghome.vn\/wp-content\/uploads\/2024\/11\/BDT10-510x510-1-400x400.jpg\" alt=\"\" width=\"400\" height=\"400\" srcset=\"https:\/\/luan.webrt.net\/qhome\/wp-content\/uploads\/2024\/11\/BDT10-510x510-1-400x400.jpg 400w, https:\/\/luan.webrt.net\/qhome\/wp-content\/uploads\/2024\/11\/BDT10-510x510-1-100x100.jpg 100w, https:\/\/luan.webrt.net\/qhome\/wp-content\/uploads\/2024\/11\/BDT10-510x510-1-280x280.jpg 280w, https:\/\/luan.webrt.net\/qhome\/wp-content\/uploads\/2024\/11\/BDT10-510x510-1.jpg 510w\" sizes=\"auto, (max-width: 400px) 100vw, 400px\" \/><figcaption id=\"caption-attachment-12910\" class=\"wp-caption-text\"><span style=\"text-decoration: underline;\"><a href=\"https:\/\/qghome.vn\/ban-trang-diem-btd10\/\">B\u00e0n trang \u0111i\u1ec3m \u0111a n\u0103ng &#8211; BTD10<\/a><\/span><\/figcaption><\/figure>\n<p><span style=\"font-weight: 400; color: #000000;\">N\u1ebfu b\u1ea1n \u0111\u00e3 c\u1ea3m th\u1ea5y h\u00e0i l\u00f2ng v\u1ec1 tr\u1ecdn g\u00f3i ph\u00f2ng ng\u1ee7 g\u1ed3m gi\u01b0\u1eddng t\u1ee7 qu\u1ea7n \u00e1o v\u00e0 b\u00e0n trang \u0111i\u1ec3m n\u00e0y r\u1ed3i th\u00ec \u0111\u1eebng ch\u1ea7n ch\u1edd g\u00ec n\u1eefa m\u00e0 h\u00e3y ch\u1ed1t \u0111\u01a1n ngay \u0111\u1ec3 nh\u1eadn \u0111\u01b0\u1ee3c nhi\u1ec1u \u01b0u \u0111\u00e3i \u0111\u1eb7c bi\u1ec7t v\u00e0 d\u1ecbch v\u1ee5 t\u01b0 v\u1ea5n mi\u1ec5n ph\u00ed t\u1eeb ch\u00fang t\u00f4i nh\u00e9!\u00a0<\/span><\/p>\n<p><span style=\"font-weight: 400; color: #000000;\">H\u00e3y theo d\u00f5i ch\u00fang t\u00f4i \u0111\u1ec3 kh\u00e1m ph\u00e1 th\u00eam nhi\u1ec1u combo n\u1ed9i ph\u00f2ng ng\u1ee7 hi\u1ec7n \u0111\u1ea1i, \u0111\u1ea7y \u0111\u1ee7 v\u00e0 ti\u1ec7n nghi n\u1eefa nh\u00e9!<\/span><\/p>\n","protected":false},"excerpt":{"rendered":"<p>H\u00e3y \u0111\u1ebfn v\u1edbi n\u1ed9i th\u1ea5t ph\u00f2ng ng\u1ee7 tr\u1ecdn g\u00f3i t\u1ea1i QG Home \u0111\u1ec3 bi\u1ebfn c\u0103n ph\u00f2ng c\u1ee7a b\u1ea1n th\u00e0nh n\u01a1i ngh\u1ec9 ng\u01a1i tuy\u1ec7t v\u1eddi nh\u1ea5t v\u1edbi nh\u1eefng thi\u1ebft k\u1ebf n\u1ed9i th\u1ea5t sang tr\u1ecdng v\u00e0 ti\u1ec7n nghi. Tr\u1ecdn g\u00f3i n\u1ed9i th\u1ea5t ph\u00f2ng ng\u1ee7 10m2 gi\u00e1 r\u1ebb nh\u1ea5t B\u1ed9 n\u1ed9i th\u1ea5t ph\u00f2ng ng\u1ee7 10m2 bao g\u1ed3m 02&#8230;<\/p>\n","protected":false},"featured_media":12909,"comment_status":"open","ping_status":"closed","template":"","meta":[],"product_cat":[631,685],"product_tag":[],"class_list":["post-12908","product","type-product","status-publish","has-post-thumbnail","hentry","product_cat-tron-goi-noi-that-chung-cu","product_cat-tron-goi-noi-that-phong-ngu"],"yoast_head":"<!-- This site is optimized with the Yoast SEO plugin v19.9 - https:\/\/yoast.com\/wordpress\/plugins\/seo\/ -->\n<title>Combo n\u1ed9i th\u1ea5t ph\u00f2ng ng\u1ee7 \u0111\u1eb9p<\/title>\n<meta name=\"description\" content=\"Combo n\u1ed9i th\u1ea5t ph\u00f2ng ng\u1ee7 \u0111\u1eb9p g\u1ed3m Gi\u01b0\u1eddng ng\u1ee7 v\u00e0 B\u00e0n trang \u0111i\u1ec3m gi\u00fap n\u00e2ng c\u1ea5p kh\u00f4ng gian s\u1ed1ng v\u00e0 mang \u0111\u1ebfn cho b\u1ea1n nh\u1eefng tr\u1ea3i nghi\u1ec7m tuy\u1ec7t v\u1eddi.\" \/>\n<meta name=\"robots\" content=\"index, follow, max-snippet:-1, max-image-preview:large, max-video-preview:-1\" \/>\n<link rel=\"canonical\" href=\"https:\/\/luan.webrt.net\/qhome\/san-pham\/combo-phong-ngu-dep\/\" \/>\n<meta property=\"og:locale\" content=\"vi_VN\" \/>\n<meta property=\"og:type\" content=\"article\" \/>\n<meta property=\"og:title\" content=\"Combo n\u1ed9i th\u1ea5t ph\u00f2ng ng\u1ee7 \u0111\u1eb9p\" \/>\n<meta property=\"og:description\" content=\"Combo n\u1ed9i th\u1ea5t ph\u00f2ng ng\u1ee7 \u0111\u1eb9p g\u1ed3m Gi\u01b0\u1eddng ng\u1ee7 v\u00e0 B\u00e0n trang \u0111i\u1ec3m gi\u00fap n\u00e2ng c\u1ea5p kh\u00f4ng gian s\u1ed1ng v\u00e0 mang \u0111\u1ebfn cho b\u1ea1n nh\u1eefng tr\u1ea3i nghi\u1ec7m tuy\u1ec7t v\u1eddi.\" \/>\n<meta property=\"og:url\" content=\"https:\/\/luan.webrt.net\/qhome\/san-pham\/combo-phong-ngu-dep\/\" \/>\n<meta property=\"og:site_name\" content=\"M\u1eabu web n\u1ed9i th\u1ea5t\" \/>\n<meta property=\"article:publisher\" content=\"https:\/\/www.facebook.com\/noithatqghome\" \/>\n<meta property=\"article:modified_time\" content=\"2024-11-06T21:09:44+00:00\" \/>\n<meta property=\"og:image\" content=\"https:\/\/luan.webrt.net\/qhome\/wp-content\/uploads\/2024\/11\/GN07-510x342-2.jpg\" \/>\n\t<meta property=\"og:image:width\" content=\"510\" \/>\n\t<meta property=\"og:image:height\" content=\"342\" \/>\n\t<meta property=\"og:image:type\" content=\"image\/jpeg\" \/>\n<meta name=\"twitter:card\" content=\"summary_large_image\" \/>\n<meta name=\"twitter:label1\" content=\"\u01af\u1edbc t\u00ednh th\u1eddi gian \u0111\u1ecdc\" \/>\n\t<meta name=\"twitter:data1\" content=\"3 ph\u00fat\" \/>\n<script type=\"application\/ld+json\" class=\"yoast-schema-graph\">{\"@context\":\"https:\/\/schema.org\",\"@graph\":[{\"@type\":\"WebPage\",\"@id\":\"https:\/\/luan.webrt.net\/qhome\/san-pham\/combo-phong-ngu-dep\/\",\"url\":\"https:\/\/luan.webrt.net\/qhome\/san-pham\/combo-phong-ngu-dep\/\",\"name\":\"Combo n\u1ed9i th\u1ea5t ph\u00f2ng ng\u1ee7 \u0111\u1eb9p\",\"isPartOf\":{\"@id\":\"https:\/\/luan.webrt.net\/qhome\/#website\"},\"datePublished\":\"2024-11-04T21:41:29+00:00\",\"dateModified\":\"2024-11-06T21:09:44+00:00\",\"description\":\"Combo n\u1ed9i th\u1ea5t ph\u00f2ng ng\u1ee7 \u0111\u1eb9p g\u1ed3m Gi\u01b0\u1eddng ng\u1ee7 v\u00e0 B\u00e0n trang \u0111i\u1ec3m gi\u00fap n\u00e2ng c\u1ea5p kh\u00f4ng gian s\u1ed1ng v\u00e0 mang \u0111\u1ebfn cho b\u1ea1n nh\u1eefng tr\u1ea3i nghi\u1ec7m tuy\u1ec7t v\u1eddi.\",\"breadcrumb\":{\"@id\":\"https:\/\/luan.webrt.net\/qhome\/san-pham\/combo-phong-ngu-dep\/#breadcrumb\"},\"inLanguage\":\"vi\",\"potentialAction\":[{\"@type\":\"ReadAction\",\"target\":[\"https:\/\/luan.webrt.net\/qhome\/san-pham\/combo-phong-ngu-dep\/\"]}]},{\"@type\":\"BreadcrumbList\",\"@id\":\"https:\/\/luan.webrt.net\/qhome\/san-pham\/combo-phong-ngu-dep\/#breadcrumb\",\"itemListElement\":[{\"@type\":\"ListItem\",\"position\":1,\"name\":\"Trang ch\u1ee7\",\"item\":\"https:\/\/luan.webrt.net\/qhome\/\"},{\"@type\":\"ListItem\",\"position\":2,\"name\":\"Shop\",\"item\":\"https:\/\/luan.webrt.net\/qhome\/shop\/\"},{\"@type\":\"ListItem\",\"position\":3,\"name\":\"Combo n\u1ed9i th\u1ea5t ph\u00f2ng ng\u1ee7 \u0111\u1eb9p\"}]},{\"@type\":\"WebSite\",\"@id\":\"https:\/\/luan.webrt.net\/qhome\/#website\",\"url\":\"https:\/\/luan.webrt.net\/qhome\/\",\"name\":\"M\u1eabu web n\u1ed9i th\u1ea5t\",\"description\":\"QGHome Vi\u1ec7t Nam\",\"publisher\":{\"@id\":\"https:\/\/luan.webrt.net\/qhome\/#organization\"},\"potentialAction\":[{\"@type\":\"SearchAction\",\"target\":{\"@type\":\"EntryPoint\",\"urlTemplate\":\"https:\/\/luan.webrt.net\/qhome\/?s={search_term_string}\"},\"query-input\":\"required name=search_term_string\"}],\"inLanguage\":\"vi\"},{\"@type\":\"Organization\",\"@id\":\"https:\/\/luan.webrt.net\/qhome\/#organization\",\"name\":\"QGHome\",\"url\":\"https:\/\/luan.webrt.net\/qhome\/\",\"logo\":{\"@type\":\"ImageObject\",\"inLanguage\":\"vi\",\"@id\":\"https:\/\/luan.webrt.net\/qhome\/#\/schema\/logo\/image\/\",\"url\":\"https:\/\/qghome.vn\/wp-content\/uploads\/2025\/08\/logo-mau-MauTH-21.png\",\"contentUrl\":\"https:\/\/qghome.vn\/wp-content\/uploads\/2025\/08\/logo-mau-MauTH-21.png\",\"width\":253,\"height\":99,\"caption\":\"QGHome\"},\"image\":{\"@id\":\"https:\/\/luan.webrt.net\/qhome\/#\/schema\/logo\/image\/\"},\"sameAs\":[\"https:\/\/www.tiktok.com\/@qghome.official\",\"https:\/\/www.youtube.com\/channel\/UCeVBuKTXkv-u94DS421cklw\",\"https:\/\/www.facebook.com\/noithatqghome\"]}]}<\/script>\n<!-- \/ Yoast SEO plugin. -->","yoast_head_json":{"title":"Combo n\u1ed9i th\u1ea5t ph\u00f2ng ng\u1ee7 \u0111\u1eb9p","description":"Combo n\u1ed9i th\u1ea5t ph\u00f2ng ng\u1ee7 \u0111\u1eb9p g\u1ed3m Gi\u01b0\u1eddng ng\u1ee7 v\u00e0 B\u00e0n trang \u0111i\u1ec3m gi\u00fap n\u00e2ng c\u1ea5p kh\u00f4ng gian s\u1ed1ng v\u00e0 mang \u0111\u1ebfn cho b\u1ea1n nh\u1eefng tr\u1ea3i nghi\u1ec7m tuy\u1ec7t v\u1eddi.","robots":{"index":"index","follow":"follow","max-snippet":"max-snippet:-1","max-image-preview":"max-image-preview:large","max-video-preview":"max-video-preview:-1"},"canonical":"https:\/\/luan.webrt.net\/qhome\/san-pham\/combo-phong-ngu-dep\/","og_locale":"vi_VN","og_type":"article","og_title":"Combo n\u1ed9i th\u1ea5t ph\u00f2ng ng\u1ee7 \u0111\u1eb9p","og_description":"Combo n\u1ed9i th\u1ea5t ph\u00f2ng ng\u1ee7 \u0111\u1eb9p g\u1ed3m Gi\u01b0\u1eddng ng\u1ee7 v\u00e0 B\u00e0n trang \u0111i\u1ec3m gi\u00fap n\u00e2ng c\u1ea5p kh\u00f4ng gian s\u1ed1ng v\u00e0 mang \u0111\u1ebfn cho b\u1ea1n nh\u1eefng tr\u1ea3i nghi\u1ec7m tuy\u1ec7t v\u1eddi.","og_url":"https:\/\/luan.webrt.net\/qhome\/san-pham\/combo-phong-ngu-dep\/","og_site_name":"M\u1eabu web n\u1ed9i th\u1ea5t","article_publisher":"https:\/\/www.facebook.com\/noithatqghome","article_modified_time":"2024-11-06T21:09:44+00:00","og_image":[{"width":510,"height":342,"url":"https:\/\/luan.webrt.net\/qhome\/wp-content\/uploads\/2024\/11\/GN07-510x342-2.jpg","type":"image\/jpeg"}],"twitter_card":"summary_large_image","twitter_misc":{"\u01af\u1edbc t\u00ednh th\u1eddi gian \u0111\u1ecdc":"3 ph\u00fat"},"schema":{"@context":"https:\/\/schema.org","@graph":[{"@type":"WebPage","@id":"https:\/\/luan.webrt.net\/qhome\/san-pham\/combo-phong-ngu-dep\/","url":"https:\/\/luan.webrt.net\/qhome\/san-pham\/combo-phong-ngu-dep\/","name":"Combo n\u1ed9i th\u1ea5t ph\u00f2ng ng\u1ee7 \u0111\u1eb9p","isPartOf":{"@id":"https:\/\/luan.webrt.net\/qhome\/#website"},"datePublished":"2024-11-04T21:41:29+00:00","dateModified":"2024-11-06T21:09:44+00:00","description":"Combo n\u1ed9i th\u1ea5t ph\u00f2ng ng\u1ee7 \u0111\u1eb9p g\u1ed3m Gi\u01b0\u1eddng ng\u1ee7 v\u00e0 B\u00e0n trang \u0111i\u1ec3m gi\u00fap n\u00e2ng c\u1ea5p kh\u00f4ng gian s\u1ed1ng v\u00e0 mang \u0111\u1ebfn cho b\u1ea1n nh\u1eefng tr\u1ea3i nghi\u1ec7m tuy\u1ec7t v\u1eddi.","breadcrumb":{"@id":"https:\/\/luan.webrt.net\/qhome\/san-pham\/combo-phong-ngu-dep\/#breadcrumb"},"inLanguage":"vi","potentialAction":[{"@type":"ReadAction","target":["https:\/\/luan.webrt.net\/qhome\/san-pham\/combo-phong-ngu-dep\/"]}]},{"@type":"BreadcrumbList","@id":"https:\/\/luan.webrt.net\/qhome\/san-pham\/combo-phong-ngu-dep\/#breadcrumb","itemListElement":[{"@type":"ListItem","position":1,"name":"Trang ch\u1ee7","item":"https:\/\/luan.webrt.net\/qhome\/"},{"@type":"ListItem","position":2,"name":"Shop","item":"https:\/\/luan.webrt.net\/qhome\/shop\/"},{"@type":"ListItem","position":3,"name":"Combo n\u1ed9i th\u1ea5t ph\u00f2ng ng\u1ee7 \u0111\u1eb9p"}]},{"@type":"WebSite","@id":"https:\/\/luan.webrt.net\/qhome\/#website","url":"https:\/\/luan.webrt.net\/qhome\/","name":"M\u1eabu web n\u1ed9i th\u1ea5t","description":"QGHome Vi\u1ec7t Nam","publisher":{"@id":"https:\/\/luan.webrt.net\/qhome\/#organization"},"potentialAction":[{"@type":"SearchAction","target":{"@type":"EntryPoint","urlTemplate":"https:\/\/luan.webrt.net\/qhome\/?s={search_term_string}"},"query-input":"required name=search_term_string"}],"inLanguage":"vi"},{"@type":"Organization","@id":"https:\/\/luan.webrt.net\/qhome\/#organization","name":"QGHome","url":"https:\/\/luan.webrt.net\/qhome\/","logo":{"@type":"ImageObject","inLanguage":"vi","@id":"https:\/\/luan.webrt.net\/qhome\/#\/schema\/logo\/image\/","url":"https:\/\/qghome.vn\/wp-content\/uploads\/2025\/08\/logo-mau-MauTH-21.png","contentUrl":"https:\/\/qghome.vn\/wp-content\/uploads\/2025\/08\/logo-mau-MauTH-21.png","width":253,"height":99,"caption":"QGHome"},"image":{"@id":"https:\/\/luan.webrt.net\/qhome\/#\/schema\/logo\/image\/"},"sameAs":["https:\/\/www.tiktok.com\/@qghome.official","https:\/\/www.youtube.com\/channel\/UCeVBuKTXkv-u94DS421cklw","https:\/\/www.facebook.com\/noithatqghome"]}]}},"_links":{"self":[{"href":"https:\/\/luan.webrt.net\/qhome\/wp-json\/wp\/v2\/product\/12908","targetHints":{"allow":["GET"]}}],"collection":[{"href":"https:\/\/luan.webrt.net\/qhome\/wp-json\/wp\/v2\/product"}],"about":[{"href":"https:\/\/luan.webrt.net\/qhome\/wp-json\/wp\/v2\/types\/product"}],"replies":[{"embeddable":true,"href":"https:\/\/luan.webrt.net\/qhome\/wp-json\/wp\/v2\/comments?post=12908"}],"wp:featuredmedia":[{"embeddable":true,"href":"https:\/\/luan.webrt.net\/qhome\/wp-json\/wp\/v2\/media\/12909"}],"wp:attachment":[{"href":"https:\/\/luan.webrt.net\/qhome\/wp-json\/wp\/v2\/media?parent=12908"}],"wp:term":[{"taxonomy":"product_cat","embeddable":true,"href":"https:\/\/luan.webrt.net\/qhome\/wp-json\/wp\/v2\/product_cat?post=12908"},{"taxonomy":"product_tag","embeddable":true,"href":"https:\/\/luan.webrt.net\/qhome\/wp-json\/wp\/v2\/product_tag?post=12908"}],"curies":[{"name":"wp","href":"https:\/\/api.w.org\/{rel}","templated":true}]}}