{"id":12906,"date":"2024-11-04T21:10:55","date_gmt":"2024-11-04T21:10:55","guid":{"rendered":"https:\/\/qghome.vn\/?post_type=product&#038;p=12906"},"modified":"2024-11-06T19:05:45","modified_gmt":"2024-11-06T19:05:45","slug":"tron-goi-noi-that-phong-ngu","status":"publish","type":"product","link":"https:\/\/luan.webrt.net\/qhome\/san-pham\/tron-goi-noi-that-phong-ngu\/","title":{"rendered":"N\u1ed9i th\u1ea5t ph\u00f2ng ng\u1ee7 tr\u1ecdn g\u00f3i"},"content":{"rendered":"<p><span style=\"font-weight: 400;\">\u0110\u1eebng b\u1ecf qua b\u00e0i vi\u1ebft n\u00e0y n\u1ebfu b\u1ea1n \u0111ang mong mu\u1ed1n t\u00ecm ki\u1ebfm m\u1ed9t combo s\u1ea3n ph\u1ea9m n\u1ed9i th\u1ea5t ph\u00f2ng ng\u1ee7 t\u1ed1t nh\u1ea5t nh\u00e9!<\/span><\/p>\n<h1 style=\"text-align: center;\"><span style=\"font-weight: 400; color: #0000ff;\">Tr\u1ecdn g\u00f3i thi\u1ebft k\u1ebf n\u1ed9i th\u1ea5t ph\u00f2ng ng\u1ee7 10m2 &#8211; Combo trang tr\u00ed ph\u00f2ng ng\u1ee7 gi\u00e1 r\u1ebb<\/span><\/h1>\n<p><span style=\"font-weight: 400; color: #000000;\">Tr\u1ecdn g\u00f3i n\u1ed9i th\u1ea5t ph\u00f2ng ng\u1ee7 bao g\u1ed3m 03 s\u1ea3n ph\u1ea9m c\u01a1 b\u1ea3n:<\/span><\/p>\n<ol>\n<li style=\"font-weight: 400;\" aria-level=\"1\"><span style=\"font-weight: 400; color: #000000;\">01 T\u1ee7 qu\u1ea7n \u00e1o: D\u00e0i 1,6m x Cao 2m<\/span><\/li>\n<li style=\"font-weight: 400;\" aria-level=\"1\"><span style=\"font-weight: 400; color: #000000;\">01 Gi\u01b0\u1eddng: D\u00e0i 2m x R\u1ed9ng 1m6<\/span><\/li>\n<li style=\"font-weight: 400;\" aria-level=\"1\"><span style=\"font-weight: 400; color: #000000;\">01 B\u00e0n trang \u0111i\u1ec3m: D\u00e0i 0,8m x R\u1ed9ng 0,4m x Cao 1,5m<\/span><\/li>\n<\/ol>\n<ul>\n<li style=\"font-weight: 400;\" aria-level=\"1\"><span style=\"font-weight: 400; color: #000000;\">Ch\u1ea5t li\u1ec7u: G\u1ed7 c\u00f4ng nghi\u1ec7p MDF ph\u1ee7 melamine ch\u1ed1ng th\u1ea5m n\u01b0\u1edbc, ch\u1ed1ng m\u1ed1i m\u1ecdt. H\u1ea1n ch\u1ebf cong v\u00eanh, d\u1ec5 v\u1ec7 sinh lau ch\u00f9i.<\/span><\/li>\n<li style=\"font-weight: 400;\" aria-level=\"1\"><span style=\"font-weight: 400; color: #000000;\">M\u00e0u s\u1eafc:\u00a0 Nh\u1eadn \u0111\u1eb7t m\u00e0u s\u1eafc theo y\u00eau c\u1ea7u.<\/span><\/li>\n<li style=\"font-weight: 400;\" aria-level=\"1\"><span style=\"font-weight: 400; color: #000000;\">Li\u00ean h\u1ec7: t\u01b0 v\u1ea5n h\u1ed7 tr\u1ee3 l\u1eafp \u0111\u1eb7t 0983368623<\/span><\/li>\n<\/ul>\n<figure id=\"attachment_12903\" aria-describedby=\"caption-attachment-12903\" style=\"width: 543px\" class=\"wp-caption aligncenter\"><img loading=\"lazy\" decoding=\"async\" class=\"wp-image-12903 size-medium\" src=\"http:\/\/qghome.vn\/wp-content\/uploads\/2024\/11\/z4186570457760_71f711cddc80f053c9c7fcb0288c5f48-543x400.jpg\" alt=\"\" width=\"543\" height=\"400\" srcset=\"https:\/\/luan.webrt.net\/qhome\/wp-content\/uploads\/2024\/11\/z4186570457760_71f711cddc80f053c9c7fcb0288c5f48-543x400.jpg 543w, https:\/\/luan.webrt.net\/qhome\/wp-content\/uploads\/2024\/11\/z4186570457760_71f711cddc80f053c9c7fcb0288c5f48-510x376.jpg 510w, https:\/\/luan.webrt.net\/qhome\/wp-content\/uploads\/2024\/11\/z4186570457760_71f711cddc80f053c9c7fcb0288c5f48-768x566.jpg 768w, https:\/\/luan.webrt.net\/qhome\/wp-content\/uploads\/2024\/11\/z4186570457760_71f711cddc80f053c9c7fcb0288c5f48.jpg 871w\" sizes=\"auto, (max-width: 543px) 100vw, 543px\" \/><figcaption id=\"caption-attachment-12903\" class=\"wp-caption-text\">N\u1ed9i th\u1ea5t ph\u00f2ng ng\u1ee7 tr\u1ecdn g\u00f3i \u0111\u1ea7y \u0111\u1ee7, ti\u1ec7n nghi<\/figcaption><\/figure>\n<p>&nbsp;<\/p>\n<p><span style=\"font-weight: 400; color: #000000;\">M\u1eabu thi\u1ebft k\u1ebf ph\u00f2ng ng\u1ee7 tr\u1ecdn g\u00f3i n\u00e0y c\u00f3 \u0111\u1ea7y \u0111\u1ee7 c\u00e1c s\u1ea3n ph\u1ea9m c\u01a1 b\u1ea3n. \u0110\u01b0\u1ee3c thi\u1ebft k\u1ebf v\u1edbi ki\u1ec3u d\u00e1ng v\u00e0 m\u00e0u s\u1eafc \u0111\u1ed3ng nh\u1ea5t v\u1edbi nhau. Mang phong c\u00e1ch thi\u1ebft k\u1ebf ph\u00f2ng ng\u1ee7 hi\u1ec7n \u0111\u1ea1i, sang tr\u1ecdng, gi\u00fap \u0111\u01b0a gu th\u1ea9m m\u1ef9 c\u1ee7a b\u1ea1n l\u00ean m\u1ed9t t\u1ea7ng cao m\u1edbi.\u00a0<\/span><\/p>\n<p><span style=\"font-weight: 400; color: #000000;\">B\u00ean c\u1ea1nh gi\u00e1 tr\u1ecb th\u1ea9m m\u1ef9 xu\u1ea5t s\u1eafc, b\u1ed9 s\u1ea3n ph\u1ea9m gi\u01b0\u1eddng ng\u1ee7 t\u1ee7 qu\u1ea7n \u00e1o v\u00e0 b\u00e0n trang \u0111i\u1ec3m ph\u00f2ng ng\u1ee7 c\u00f2n \u0111em \u0111\u1ebfn nh\u1eefng tr\u1ea3i nghi\u1ec7m v\u00f4 c\u00f9ng tuy\u1ec7t v\u1eddi \u0111\u1ed1i v\u1edbi ng\u01b0\u1eddi s\u1eed d\u1ee5ng nh\u1edd ch\u1ea5t li\u1ec7u cao c\u1ea5p v\u00e0 thi\u1ebft k\u1ebf th\u00f4ng minh.<\/span><\/p>\n<figure id=\"attachment_12902\" aria-describedby=\"caption-attachment-12902\" style=\"width: 510px\" class=\"wp-caption aligncenter\"><img loading=\"lazy\" decoding=\"async\" class=\"wp-image-12902 size-full\" src=\"http:\/\/qghome.vn\/wp-content\/uploads\/2024\/11\/GN07-510x342-1.jpg\" alt=\"\" width=\"510\" height=\"342\" srcset=\"https:\/\/luan.webrt.net\/qhome\/wp-content\/uploads\/2024\/11\/GN07-510x342-1.jpg 510w, https:\/\/luan.webrt.net\/qhome\/wp-content\/uploads\/2024\/11\/GN07-510x342-1-247x166.jpg 247w\" sizes=\"auto, (max-width: 510px) 100vw, 510px\" \/><figcaption id=\"caption-attachment-12902\" class=\"wp-caption-text\"><span style=\"color: #3366ff;\"><a style=\"color: #3366ff;\" href=\"https:\/\/qghome.vn\/giuong-ngu-kieu-dang-basic-gn07\/\">Gi\u01b0\u1eddng ng\u1ee7 phong c\u00e1ch t\u1ed1i gi\u1ea3n &#8211; GN07 <\/a><\/span><\/figcaption><\/figure>\n<p>&nbsp;<\/p>\n<figure id=\"attachment_12904\" aria-describedby=\"caption-attachment-12904\" style=\"width: 400px\" class=\"wp-caption aligncenter\"><img loading=\"lazy\" decoding=\"async\" class=\"wp-image-12904 size-medium\" src=\"http:\/\/qghome.vn\/wp-content\/uploads\/2024\/11\/TQA06-510x510-1-400x400.jpg\" alt=\"\" width=\"400\" height=\"400\" srcset=\"https:\/\/luan.webrt.net\/qhome\/wp-content\/uploads\/2024\/11\/TQA06-510x510-1-400x400.jpg 400w, https:\/\/luan.webrt.net\/qhome\/wp-content\/uploads\/2024\/11\/TQA06-510x510-1-100x100.jpg 100w, https:\/\/luan.webrt.net\/qhome\/wp-content\/uploads\/2024\/11\/TQA06-510x510-1-280x280.jpg 280w, https:\/\/luan.webrt.net\/qhome\/wp-content\/uploads\/2024\/11\/TQA06-510x510-1.jpg 510w\" sizes=\"auto, (max-width: 400px) 100vw, 400px\" \/><figcaption id=\"caption-attachment-12904\" class=\"wp-caption-text\"><span style=\"color: #3366ff;\"><a style=\"color: #3366ff;\" href=\"https:\/\/qghome.vn\/tu-quan-ao-5-canh-mo-2mx2m-tqa06\/\">T\u1ee7 qu\u1ea7n \u00e1o th\u00f4ng minh -T\u1ee7 qu\u1ea7n \u00e1o sinh vi\u00ean gi\u00e1 r\u1ebb<\/a><\/span><\/figcaption><\/figure>\n<div class=\"mceTemp\"><\/div>\n<figure id=\"attachment_12901\" aria-describedby=\"caption-attachment-12901\" style=\"width: 400px\" class=\"wp-caption aligncenter\"><img loading=\"lazy\" decoding=\"async\" class=\"wp-image-12901 size-medium\" src=\"http:\/\/qghome.vn\/wp-content\/uploads\/2024\/11\/BDT02.1-510x510-1-400x400.jpg\" alt=\"\" width=\"400\" height=\"400\" srcset=\"https:\/\/luan.webrt.net\/qhome\/wp-content\/uploads\/2024\/11\/BDT02.1-510x510-1-400x400.jpg 400w, https:\/\/luan.webrt.net\/qhome\/wp-content\/uploads\/2024\/11\/BDT02.1-510x510-1-100x100.jpg 100w, https:\/\/luan.webrt.net\/qhome\/wp-content\/uploads\/2024\/11\/BDT02.1-510x510-1-280x280.jpg 280w, https:\/\/luan.webrt.net\/qhome\/wp-content\/uploads\/2024\/11\/BDT02.1-510x510-1.jpg 510w\" sizes=\"auto, (max-width: 400px) 100vw, 400px\" \/><figcaption id=\"caption-attachment-12901\" class=\"wp-caption-text\"><span style=\"color: #3366ff;\"><a style=\"color: #3366ff;\" href=\"https:\/\/qghome.vn\/ban-trang-diem-btd02\/\">B\u00e0n trang \u0111i\u1ec3m \u0111a n\u0103ng<\/a><\/span><\/figcaption><\/figure>\n<p>&nbsp;<\/p>\n<p><span style=\"font-weight: 400; color: #000000;\">N\u1ebfu b\u1ea1n \u0111\u00e3 c\u1ea3m th\u1ea5y h\u00e0i l\u00f2ng v\u1ec1 tr\u1ecdn g\u00f3i ph\u00f2ng ng\u1ee7 g\u1ed3m gi\u01b0\u1eddng t\u1ee7 qu\u1ea7n \u00e1o v\u00e0 b\u00e0n trang \u0111i\u1ec3m n\u00e0y r\u1ed3i th\u00ec \u0111\u1eebng ch\u1ea7n ch\u1edd g\u00ec n\u1eefa m\u00e0 h\u00e3y ch\u1ed1t \u0111\u01a1n ngay \u0111\u1ec3 nh\u1eadn \u0111\u01b0\u1ee3c nhi\u1ec1u \u01b0u \u0111\u00e3i \u0111\u1eb7c bi\u1ec7t v\u00e0 d\u1ecbch v\u1ee5 t\u01b0 v\u1ea5n mi\u1ec5n ph\u00ed t\u1eeb ch\u00fang t\u00f4i nh\u00e9!\u00a0<\/span><\/p>\n<p><span style=\"font-weight: 400; color: #000000;\">H\u00e3y theo d\u00f5i ch\u00fang t\u00f4i \u0111\u1ec3 kh\u00e1m ph\u00e1 th\u00eam nhi\u1ec1u combo n\u1ed9i ph\u00f2ng ng\u1ee7 hi\u1ec7n \u0111\u1ea1i, \u0111\u1ea7y \u0111\u1ee7 v\u00e0 ti\u1ec7n nghi n\u1eefa nha!<\/span><\/p>\n","protected":false},"excerpt":{"rendered":"<p>\u0110\u1eebng b\u1ecf qua b\u00e0i vi\u1ebft n\u00e0y n\u1ebfu b\u1ea1n \u0111ang mong mu\u1ed1n t\u00ecm ki\u1ebfm m\u1ed9t combo s\u1ea3n ph\u1ea9m n\u1ed9i th\u1ea5t ph\u00f2ng ng\u1ee7 t\u1ed1t nh\u1ea5t nh\u00e9! Tr\u1ecdn g\u00f3i thi\u1ebft k\u1ebf n\u1ed9i th\u1ea5t ph\u00f2ng ng\u1ee7 10m2 &#8211; Combo trang tr\u00ed ph\u00f2ng ng\u1ee7 gi\u00e1 r\u1ebb Tr\u1ecdn g\u00f3i n\u1ed9i th\u1ea5t ph\u00f2ng ng\u1ee7 bao g\u1ed3m 03 s\u1ea3n ph\u1ea9m c\u01a1 b\u1ea3n: 01&#8230;<\/p>\n","protected":false},"featured_media":12903,"comment_status":"open","ping_status":"closed","template":"","meta":[],"product_cat":[631,685],"product_tag":[692,690,691,686,689],"class_list":["post-12906","product","type-product","status-publish","has-post-thumbnail","hentry","product_cat-tron-goi-noi-that-chung-cu","product_cat-tron-goi-noi-that-phong-ngu","product_tag-ban-trang-diem-dep","product_tag-combo-noi-that-phong-ngu-3-mon","product_tag-giuong-ngu-hien-dai-gia-re","product_tag-tron-goi-noi-that-phong-ngu","product_tag-tu-quan-ao-sinh-vien"],"yoast_head":"<!-- This site is optimized with the Yoast SEO plugin v19.9 - https:\/\/yoast.com\/wordpress\/plugins\/seo\/ -->\n<title>N\u1ed9i th\u1ea5t ph\u00f2ng ng\u1ee7 tr\u1ecdn g\u00f3i hi\u1ec7n \u0111\u1ea1i, gi\u00e1 r\u1ebb - M\u1eabu web n\u1ed9i th\u1ea5t<\/title>\n<meta name=\"description\" content=\"Tr\u1ecdn g\u00f3i n\u1ed9i th\u1ea5t ph\u00f2ng ng\u1ee7 g\u1ed3m gi\u01b0\u1eddng ng\u1ee7, t\u1ee7 qu\u1ea7n \u00e1o v\u00e0 b\u00e0n trang \u0111i\u1ec3m gi\u00fap mang \u0111\u1ebfn s\u1ef1 \u0111\u1ea7y \u0111\u1ee7, ti\u1ec7n nghi cho kh\u00f4ng gian s\u1ed1ng c\u1ee7a b\u1ea1n.\" \/>\n<meta name=\"robots\" content=\"index, follow, max-snippet:-1, max-image-preview:large, max-video-preview:-1\" \/>\n<link rel=\"canonical\" href=\"https:\/\/luan.webrt.net\/qhome\/san-pham\/tron-goi-noi-that-phong-ngu\/\" \/>\n<meta property=\"og:locale\" content=\"vi_VN\" \/>\n<meta property=\"og:type\" content=\"article\" \/>\n<meta property=\"og:title\" content=\"N\u1ed9i th\u1ea5t ph\u00f2ng ng\u1ee7 tr\u1ecdn g\u00f3i hi\u1ec7n \u0111\u1ea1i, gi\u00e1 r\u1ebb - M\u1eabu web n\u1ed9i th\u1ea5t\" \/>\n<meta property=\"og:description\" content=\"Tr\u1ecdn g\u00f3i n\u1ed9i th\u1ea5t ph\u00f2ng ng\u1ee7 g\u1ed3m gi\u01b0\u1eddng ng\u1ee7, t\u1ee7 qu\u1ea7n \u00e1o v\u00e0 b\u00e0n trang \u0111i\u1ec3m gi\u00fap mang \u0111\u1ebfn s\u1ef1 \u0111\u1ea7y \u0111\u1ee7, ti\u1ec7n nghi cho kh\u00f4ng gian s\u1ed1ng c\u1ee7a b\u1ea1n.\" \/>\n<meta property=\"og:url\" content=\"https:\/\/luan.webrt.net\/qhome\/san-pham\/tron-goi-noi-that-phong-ngu\/\" \/>\n<meta property=\"og:site_name\" content=\"M\u1eabu web n\u1ed9i th\u1ea5t\" \/>\n<meta property=\"article:publisher\" content=\"https:\/\/www.facebook.com\/noithatqghome\" \/>\n<meta property=\"article:modified_time\" content=\"2024-11-06T19:05:45+00:00\" \/>\n<meta property=\"og:image\" content=\"https:\/\/luan.webrt.net\/qhome\/wp-content\/uploads\/2024\/11\/z4186570457760_71f711cddc80f053c9c7fcb0288c5f48.jpg\" \/>\n\t<meta property=\"og:image:width\" content=\"871\" \/>\n\t<meta property=\"og:image:height\" content=\"642\" \/>\n\t<meta property=\"og:image:type\" content=\"image\/jpeg\" \/>\n<meta name=\"twitter:card\" content=\"summary_large_image\" \/>\n<meta name=\"twitter:label1\" content=\"\u01af\u1edbc t\u00ednh th\u1eddi gian \u0111\u1ecdc\" \/>\n\t<meta name=\"twitter:data1\" content=\"3 ph\u00fat\" \/>\n<script type=\"application\/ld+json\" class=\"yoast-schema-graph\">{\"@context\":\"https:\/\/schema.org\",\"@graph\":[{\"@type\":\"WebPage\",\"@id\":\"https:\/\/luan.webrt.net\/qhome\/san-pham\/tron-goi-noi-that-phong-ngu\/\",\"url\":\"https:\/\/luan.webrt.net\/qhome\/san-pham\/tron-goi-noi-that-phong-ngu\/\",\"name\":\"N\u1ed9i th\u1ea5t ph\u00f2ng ng\u1ee7 tr\u1ecdn g\u00f3i hi\u1ec7n \u0111\u1ea1i, gi\u00e1 r\u1ebb - M\u1eabu web n\u1ed9i th\u1ea5t\",\"isPartOf\":{\"@id\":\"https:\/\/luan.webrt.net\/qhome\/#website\"},\"datePublished\":\"2024-11-04T21:10:55+00:00\",\"dateModified\":\"2024-11-06T19:05:45+00:00\",\"description\":\"Tr\u1ecdn g\u00f3i n\u1ed9i th\u1ea5t ph\u00f2ng ng\u1ee7 g\u1ed3m gi\u01b0\u1eddng ng\u1ee7, t\u1ee7 qu\u1ea7n \u00e1o v\u00e0 b\u00e0n trang \u0111i\u1ec3m gi\u00fap mang \u0111\u1ebfn s\u1ef1 \u0111\u1ea7y \u0111\u1ee7, ti\u1ec7n nghi cho kh\u00f4ng gian s\u1ed1ng c\u1ee7a b\u1ea1n.\",\"breadcrumb\":{\"@id\":\"https:\/\/luan.webrt.net\/qhome\/san-pham\/tron-goi-noi-that-phong-ngu\/#breadcrumb\"},\"inLanguage\":\"vi\",\"potentialAction\":[{\"@type\":\"ReadAction\",\"target\":[\"https:\/\/luan.webrt.net\/qhome\/san-pham\/tron-goi-noi-that-phong-ngu\/\"]}]},{\"@type\":\"BreadcrumbList\",\"@id\":\"https:\/\/luan.webrt.net\/qhome\/san-pham\/tron-goi-noi-that-phong-ngu\/#breadcrumb\",\"itemListElement\":[{\"@type\":\"ListItem\",\"position\":1,\"name\":\"Trang ch\u1ee7\",\"item\":\"https:\/\/luan.webrt.net\/qhome\/\"},{\"@type\":\"ListItem\",\"position\":2,\"name\":\"Shop\",\"item\":\"https:\/\/luan.webrt.net\/qhome\/shop\/\"},{\"@type\":\"ListItem\",\"position\":3,\"name\":\"N\u1ed9i th\u1ea5t ph\u00f2ng ng\u1ee7 tr\u1ecdn g\u00f3i\"}]},{\"@type\":\"WebSite\",\"@id\":\"https:\/\/luan.webrt.net\/qhome\/#website\",\"url\":\"https:\/\/luan.webrt.net\/qhome\/\",\"name\":\"M\u1eabu web n\u1ed9i th\u1ea5t\",\"description\":\"QGHome Vi\u1ec7t Nam\",\"publisher\":{\"@id\":\"https:\/\/luan.webrt.net\/qhome\/#organization\"},\"potentialAction\":[{\"@type\":\"SearchAction\",\"target\":{\"@type\":\"EntryPoint\",\"urlTemplate\":\"https:\/\/luan.webrt.net\/qhome\/?s={search_term_string}\"},\"query-input\":\"required name=search_term_string\"}],\"inLanguage\":\"vi\"},{\"@type\":\"Organization\",\"@id\":\"https:\/\/luan.webrt.net\/qhome\/#organization\",\"name\":\"QGHome\",\"url\":\"https:\/\/luan.webrt.net\/qhome\/\",\"logo\":{\"@type\":\"ImageObject\",\"inLanguage\":\"vi\",\"@id\":\"https:\/\/luan.webrt.net\/qhome\/#\/schema\/logo\/image\/\",\"url\":\"https:\/\/qghome.vn\/wp-content\/uploads\/2025\/08\/logo-mau-MauTH-21.png\",\"contentUrl\":\"https:\/\/qghome.vn\/wp-content\/uploads\/2025\/08\/logo-mau-MauTH-21.png\",\"width\":253,\"height\":99,\"caption\":\"QGHome\"},\"image\":{\"@id\":\"https:\/\/luan.webrt.net\/qhome\/#\/schema\/logo\/image\/\"},\"sameAs\":[\"https:\/\/www.tiktok.com\/@qghome.official\",\"https:\/\/www.youtube.com\/channel\/UCeVBuKTXkv-u94DS421cklw\",\"https:\/\/www.facebook.com\/noithatqghome\"]}]}<\/script>\n<!-- \/ Yoast SEO plugin. -->","yoast_head_json":{"title":"N\u1ed9i th\u1ea5t ph\u00f2ng ng\u1ee7 tr\u1ecdn g\u00f3i hi\u1ec7n \u0111\u1ea1i, gi\u00e1 r\u1ebb - M\u1eabu web n\u1ed9i th\u1ea5t","description":"Tr\u1ecdn g\u00f3i n\u1ed9i th\u1ea5t ph\u00f2ng ng\u1ee7 g\u1ed3m gi\u01b0\u1eddng ng\u1ee7, t\u1ee7 qu\u1ea7n \u00e1o v\u00e0 b\u00e0n trang \u0111i\u1ec3m gi\u00fap mang \u0111\u1ebfn s\u1ef1 \u0111\u1ea7y \u0111\u1ee7, ti\u1ec7n nghi cho kh\u00f4ng gian s\u1ed1ng c\u1ee7a b\u1ea1n.","robots":{"index":"index","follow":"follow","max-snippet":"max-snippet:-1","max-image-preview":"max-image-preview:large","max-video-preview":"max-video-preview:-1"},"canonical":"https:\/\/luan.webrt.net\/qhome\/san-pham\/tron-goi-noi-that-phong-ngu\/","og_locale":"vi_VN","og_type":"article","og_title":"N\u1ed9i th\u1ea5t ph\u00f2ng ng\u1ee7 tr\u1ecdn g\u00f3i hi\u1ec7n \u0111\u1ea1i, gi\u00e1 r\u1ebb - M\u1eabu web n\u1ed9i th\u1ea5t","og_description":"Tr\u1ecdn g\u00f3i n\u1ed9i th\u1ea5t ph\u00f2ng ng\u1ee7 g\u1ed3m gi\u01b0\u1eddng ng\u1ee7, t\u1ee7 qu\u1ea7n \u00e1o v\u00e0 b\u00e0n trang \u0111i\u1ec3m gi\u00fap mang \u0111\u1ebfn s\u1ef1 \u0111\u1ea7y \u0111\u1ee7, ti\u1ec7n nghi cho kh\u00f4ng gian s\u1ed1ng c\u1ee7a b\u1ea1n.","og_url":"https:\/\/luan.webrt.net\/qhome\/san-pham\/tron-goi-noi-that-phong-ngu\/","og_site_name":"M\u1eabu web n\u1ed9i th\u1ea5t","article_publisher":"https:\/\/www.facebook.com\/noithatqghome","article_modified_time":"2024-11-06T19:05:45+00:00","og_image":[{"width":871,"height":642,"url":"https:\/\/luan.webrt.net\/qhome\/wp-content\/uploads\/2024\/11\/z4186570457760_71f711cddc80f053c9c7fcb0288c5f48.jpg","type":"image\/jpeg"}],"twitter_card":"summary_large_image","twitter_misc":{"\u01af\u1edbc t\u00ednh th\u1eddi gian \u0111\u1ecdc":"3 ph\u00fat"},"schema":{"@context":"https:\/\/schema.org","@graph":[{"@type":"WebPage","@id":"https:\/\/luan.webrt.net\/qhome\/san-pham\/tron-goi-noi-that-phong-ngu\/","url":"https:\/\/luan.webrt.net\/qhome\/san-pham\/tron-goi-noi-that-phong-ngu\/","name":"N\u1ed9i th\u1ea5t ph\u00f2ng ng\u1ee7 tr\u1ecdn g\u00f3i hi\u1ec7n \u0111\u1ea1i, gi\u00e1 r\u1ebb - M\u1eabu web n\u1ed9i th\u1ea5t","isPartOf":{"@id":"https:\/\/luan.webrt.net\/qhome\/#website"},"datePublished":"2024-11-04T21:10:55+00:00","dateModified":"2024-11-06T19:05:45+00:00","description":"Tr\u1ecdn g\u00f3i n\u1ed9i th\u1ea5t ph\u00f2ng ng\u1ee7 g\u1ed3m gi\u01b0\u1eddng ng\u1ee7, t\u1ee7 qu\u1ea7n \u00e1o v\u00e0 b\u00e0n trang \u0111i\u1ec3m gi\u00fap mang \u0111\u1ebfn s\u1ef1 \u0111\u1ea7y \u0111\u1ee7, ti\u1ec7n nghi cho kh\u00f4ng gian s\u1ed1ng c\u1ee7a b\u1ea1n.","breadcrumb":{"@id":"https:\/\/luan.webrt.net\/qhome\/san-pham\/tron-goi-noi-that-phong-ngu\/#breadcrumb"},"inLanguage":"vi","potentialAction":[{"@type":"ReadAction","target":["https:\/\/luan.webrt.net\/qhome\/san-pham\/tron-goi-noi-that-phong-ngu\/"]}]},{"@type":"BreadcrumbList","@id":"https:\/\/luan.webrt.net\/qhome\/san-pham\/tron-goi-noi-that-phong-ngu\/#breadcrumb","itemListElement":[{"@type":"ListItem","position":1,"name":"Trang ch\u1ee7","item":"https:\/\/luan.webrt.net\/qhome\/"},{"@type":"ListItem","position":2,"name":"Shop","item":"https:\/\/luan.webrt.net\/qhome\/shop\/"},{"@type":"ListItem","position":3,"name":"N\u1ed9i th\u1ea5t ph\u00f2ng ng\u1ee7 tr\u1ecdn g\u00f3i"}]},{"@type":"WebSite","@id":"https:\/\/luan.webrt.net\/qhome\/#website","url":"https:\/\/luan.webrt.net\/qhome\/","name":"M\u1eabu web n\u1ed9i th\u1ea5t","description":"QGHome Vi\u1ec7t Nam","publisher":{"@id":"https:\/\/luan.webrt.net\/qhome\/#organization"},"potentialAction":[{"@type":"SearchAction","target":{"@type":"EntryPoint","urlTemplate":"https:\/\/luan.webrt.net\/qhome\/?s={search_term_string}"},"query-input":"required name=search_term_string"}],"inLanguage":"vi"},{"@type":"Organization","@id":"https:\/\/luan.webrt.net\/qhome\/#organization","name":"QGHome","url":"https:\/\/luan.webrt.net\/qhome\/","logo":{"@type":"ImageObject","inLanguage":"vi","@id":"https:\/\/luan.webrt.net\/qhome\/#\/schema\/logo\/image\/","url":"https:\/\/qghome.vn\/wp-content\/uploads\/2025\/08\/logo-mau-MauTH-21.png","contentUrl":"https:\/\/qghome.vn\/wp-content\/uploads\/2025\/08\/logo-mau-MauTH-21.png","width":253,"height":99,"caption":"QGHome"},"image":{"@id":"https:\/\/luan.webrt.net\/qhome\/#\/schema\/logo\/image\/"},"sameAs":["https:\/\/www.tiktok.com\/@qghome.official","https:\/\/www.youtube.com\/channel\/UCeVBuKTXkv-u94DS421cklw","https:\/\/www.facebook.com\/noithatqghome"]}]}},"_links":{"self":[{"href":"https:\/\/luan.webrt.net\/qhome\/wp-json\/wp\/v2\/product\/12906","targetHints":{"allow":["GET"]}}],"collection":[{"href":"https:\/\/luan.webrt.net\/qhome\/wp-json\/wp\/v2\/product"}],"about":[{"href":"https:\/\/luan.webrt.net\/qhome\/wp-json\/wp\/v2\/types\/product"}],"replies":[{"embeddable":true,"href":"https:\/\/luan.webrt.net\/qhome\/wp-json\/wp\/v2\/comments?post=12906"}],"wp:featuredmedia":[{"embeddable":true,"href":"https:\/\/luan.webrt.net\/qhome\/wp-json\/wp\/v2\/media\/12903"}],"wp:attachment":[{"href":"https:\/\/luan.webrt.net\/qhome\/wp-json\/wp\/v2\/media?parent=12906"}],"wp:term":[{"taxonomy":"product_cat","embeddable":true,"href":"https:\/\/luan.webrt.net\/qhome\/wp-json\/wp\/v2\/product_cat?post=12906"},{"taxonomy":"product_tag","embeddable":true,"href":"https:\/\/luan.webrt.net\/qhome\/wp-json\/wp\/v2\/product_tag?post=12906"}],"curies":[{"name":"wp","href":"https:\/\/api.w.org\/{rel}","templated":true}]}}