{"id":12603,"date":"2024-09-16T20:15:32","date_gmt":"2024-09-16T20:15:32","guid":{"rendered":"https:\/\/qghome.vn\/?post_type=product&#038;p=12603"},"modified":"2024-09-16T20:15:33","modified_gmt":"2024-09-16T20:15:33","slug":"tu-tivi-phong-khach-ttvg17","status":"publish","type":"product","link":"https:\/\/luan.webrt.net\/qhome\/san-pham\/tu-tivi-phong-khach-ttvg17\/","title":{"rendered":"T\u1ee7 tivi ph\u00f2ng kh\u00e1ch TTVG17"},"content":{"rendered":"<p><span style=\"font-weight: 400;\">N\u1ebfu nh\u01b0 b\u1ea1n l\u00e0 ng\u01b0\u1eddi \u0111ang mu\u1ed1n t\u00ecm ki\u1ebfm m\u1ed9t s\u1ea3n ph\u1ea9m t\u1ee7 tivi v\u1eeba \u0111\u1eb9p, ch\u1ea5t l\u01b0\u1ee3ng m\u00e0 l\u1ea1i c\u00f3 gi\u00e1 c\u1ea3 h\u1ee3p l\u00fd th\u00ec b\u1ea1n \u0111\u1eebng n\u00ean b\u1ecf qua b\u00e0i vi\u1ebft n\u00e0y nh\u00e9!<\/span><\/p>\n<h1><span style=\"color: #333399;\"><b>T\u1ee7 tivi ph\u00f2ng kh\u00e1ch TTVG17<\/b><\/span><\/h1>\n<p><span style=\"font-weight: 400;\">M\u1eabu t\u1ee7 tivi <\/span><b>TTVG17<\/b><span style=\"font-weight: 400;\"> \u0111\u01b0\u1ee3c t\u1ed5 ch\u1ee9c s\u1ea3n xu\u1ea5t v\u00e0 ph\u00e2n ph\u1ed1i b\u1edfi <\/span><span style=\"color: #008080;\"><a style=\"color: #008080;\" href=\"https:\/\/qghome.vn\/\"><i><span style=\"font-weight: 400;\">N\u1ed9i th\u1ea5t QG Home Vi\u1ec7t Nam<\/span><\/i><\/a><\/span><span style=\"font-weight: 400;\"><span style=\"color: #008080;\">,<\/span> tr\u1ea3i qua nhi\u1ec1u c\u00f4ng \u0111o\u1ea1n t\u1eeb b\u1ea3n thi\u1ebft k\u1ebf tr\u00ean gi\u1ea5y \u0111\u1ebfn nh\u1eefng nguy\u00ean v\u1eadt li\u1ec7u th\u00f4 s\u01a1 \u0111\u01b0\u1ee3c gia c\u00f4ng d\u01b0\u1edbi \u0111\u00f4i b\u00e0n tay kh\u00e9o l\u00e9o c\u1ee7a nh\u1eefng ng\u01b0\u1eddi th\u1ee3 l\u00e0nh ngh\u1ec1 \u0111\u00e3 t\u1ea1o n\u00ean m\u1eabu s\u1ea3n ph\u1ea9m v\u1eeba \u0111em l\u1ea1i gi\u00e1 tr\u1ecb th\u1ea9m m\u1ef9, v\u1eeba mang \u0111\u1ebfn nh\u1eefng c\u00f4ng d\u1ee5ng tuy\u1ec7t v\u1eddi cho ng\u01b0\u1eddi s\u1eed d\u1ee5ng.<\/span><\/p>\n<p><span style=\"font-weight: 400;\">\u0110\u1ec3 bi\u1ebft th\u00eam th\u00f4ng tin chi ti\u1ebft v\u1ec1 s\u1ea3n ph\u1ea9m, m\u1eddi b\u1ea1n tham kh\u1ea3o nh\u1eefng chia s\u1ebb d\u01b0\u1edbi \u0111\u00e2y.<\/span><\/p>\n<h2><b>Th\u00f4ng s\u1ed1 s\u1ea3n ph\u1ea9m<\/b><\/h2>\n<table style=\"width: 100%;\">\n<tbody>\n<tr>\n<td style=\"width: 8.93953%;\"><span style=\"font-weight: 400;\">K\u00edch th\u01b0\u1edbc<\/span><\/p>\n<p><span style=\"font-weight: 400;\">(D x R x C)<\/span><\/p>\n<p>&nbsp;<\/td>\n<td style=\"width: 90.447%;\">\n<ul>\n<li style=\"font-weight: 400;\" aria-level=\"1\"><span style=\"font-weight: 400;\">D\u00e0i 2850mm x R\u1ed9ng 380mm x Cao 2200mm<\/span><\/li>\n<\/ul>\n<\/td>\n<\/tr>\n<tr>\n<td style=\"width: 8.93953%;\"><span style=\"font-weight: 400;\">Ch\u1ea5t li\u1ec7u<\/span><\/td>\n<td style=\"width: 90.447%;\">\n<ul>\n<li style=\"font-weight: 400;\" aria-level=\"1\"><span style=\"font-weight: 400;\">V\u00e1n g\u1ed7 MDF ph\u1ee7 melamine ch\u1ea5t l\u01b0\u1ee3ng cao, h\u1ea1n ch\u1ebf t\u1ed1i \u0111a t\u00ecnh tr\u1ea1ng cong v\u00eanh, bi\u1ebfn d\u1ea1ng. Th\u00e2n thi\u1ec7n v\u1edbi m\u00f4i tr\u01b0\u1eddng v\u00e0 an to\u00e0n v\u1edbi s\u1ee9c kh\u1ecfe ng\u01b0\u1eddi s\u1eed d\u1ee5ng.\u00a0<\/span><\/li>\n<li style=\"font-weight: 400;\" aria-level=\"1\"><span style=\"font-weight: 400;\">Ch\u1ed1ng tr\u1ea7y x\u01b0\u1edbc khi va ch\u1ea1m nh\u1eb9, b\u1ec1n \u0111\u1eb9p v\u00e0 t\u0103ng t\u00ednh th\u1ea9m m\u1ef9, c\u00f3 kh\u1ea3 n\u0103ng ch\u1ed1ng th\u1ea5m n\u01b0\u1edbc cao v\u00e0 d\u1ec5 lau ch\u00f9i.<\/span><\/li>\n<li style=\"font-weight: 400;\" aria-level=\"1\"><span style=\"font-weight: 400;\">Ch\u1ed1ng co ng\u00f3t, m\u1ed1i m\u1ecdt.<\/span><\/li>\n<li style=\"font-weight: 400;\" aria-level=\"1\"><span style=\"font-weight: 400;\">S\u01a1n s\u1eed d\u1ee5ng l\u00e0 lo\u1ea1i s\u01a1n qu\u1ed1c t\u1ebf th\u00e2n thi\u1ec7n v\u1edbi m\u00f4i tr\u01b0\u1eddng.<\/span><\/li>\n<\/ul>\n<\/td>\n<\/tr>\n<tr>\n<td style=\"width: 8.93953%;\"><span style=\"font-weight: 400;\">Quy c\u00e1ch<\/span><\/td>\n<td style=\"width: 90.447%;\">\n<ul>\n<li style=\"font-weight: 400;\" aria-level=\"1\"><span style=\"font-weight: 400;\">T\u1ed5ng th\u1ec3 t\u1ee7 l\u00e0 khung ch\u1eef nh\u1eadt k\u00edn<\/span><\/li>\n<li style=\"font-weight: 400;\" aria-level=\"1\"><span style=\"font-weight: 400;\">G\u1ed3m: 12 t\u1ee7 c\u00e1nh m\u1edf, 02 ng\u0103n k\u00e9o, 02 h\u1ed9c t\u1ee7 m\u1edf.<\/span><\/li>\n<\/ul>\n<\/td>\n<\/tr>\n<tr>\n<td style=\"width: 8.93953%;\"><span style=\"font-weight: 400;\">M\u00e0u s\u1eafc<\/span><\/td>\n<td style=\"width: 90.447%;\">\n<ul>\n<li style=\"font-weight: 400;\" aria-level=\"1\"><span style=\"font-weight: 400;\">M\u00e0u tr\u1eafng \u0111\u1ee5c tinh t\u1ebf.<\/span><\/li>\n<li style=\"font-weight: 400;\" aria-level=\"1\"><span style=\"font-weight: 400;\">B\u1ea1n c\u00f3 th\u1ec3 t\u00f9y \u00fd l\u1ef1a ch\u1ecdn m\u00e0u s\u1eafc y\u00eau th\u00edch.<\/span><\/li>\n<\/ul>\n<\/td>\n<\/tr>\n<\/tbody>\n<\/table>\n<p>&nbsp;<\/p>\n<h2><img loading=\"lazy\" decoding=\"async\" class=\"size-medium wp-image-12604 aligncenter\" src=\"http:\/\/qghome.vn\/wp-content\/uploads\/2024\/09\/G17.1-400x400.jpg\" alt=\"\" width=\"400\" height=\"400\" srcset=\"https:\/\/luan.webrt.net\/qhome\/wp-content\/uploads\/2024\/09\/G17.1-400x400.jpg 400w, https:\/\/luan.webrt.net\/qhome\/wp-content\/uploads\/2024\/09\/G17.1-100x100.jpg 100w, https:\/\/luan.webrt.net\/qhome\/wp-content\/uploads\/2024\/09\/G17.1-510x510.jpg 510w, https:\/\/luan.webrt.net\/qhome\/wp-content\/uploads\/2024\/09\/G17.1-280x280.jpg 280w, https:\/\/luan.webrt.net\/qhome\/wp-content\/uploads\/2024\/09\/G17.1.jpg 600w\" sizes=\"auto, (max-width: 400px) 100vw, 400px\" \/><\/h2>\n<h2><b>\u0110\u00f4i n\u00e9t t\u1ed5ng quan v\u1ec1 s\u1ea3n ph\u1ea9m<\/b><\/h2>\n<p><span style=\"font-weight: 400;\">Kh\u00f4ng gian ph\u00f2ng kh\u00e1ch nh\u00e0 b\u1ea1n s\u1ebd tr\u1edf n\u00ean hi\u1ec7n \u0111\u1ea1i, phong c\u00e1ch v\u00e0 trang tr\u1ecdng h\u01a1n khi c\u00f3 s\u1ef1 xu\u1ea5t hi\u1ec7n c\u1ee7a m\u1ed9t chi\u1ebfc t\u1ee7 tivi. Vi\u1ec7c l\u1ef1a ch\u1ecdn m\u1ed9t chi\u1ebfc t\u1ee7 tivi v\u1edbi thi\u1ebft k\u1ebf ph\u00f9 h\u1ee3p v\u1edbi c\u0103n ph\u00f2ng l\u00e0 m\u1ed9t \u0111i\u1ec1u h\u1ebft s\u1ee9c quan tr\u1ecdng b\u1edfi n\u00f3 kh\u00f4ng ch\u1ec9 th\u1ec3 hi\u1ec7n phong c\u00e1ch v\u00e0 gu th\u1ea9m m\u1ef9 ri\u00eang c\u1ee7a gia ch\u1ee7 m\u00e0 c\u00f2n \u0111em \u0111\u1ebfn nh\u1eefng gi\u00e1 tr\u1ecb s\u1eed d\u1ee5ng tuy\u1ec7t v\u1eddi.\u00a0<\/span><\/p>\n<p><span style=\"font-weight: 400;\">\u0110\u1ebfn v\u1edbi gian h\u00e0ng c\u1ee7a N\u1ed9i th\u1ea5t QG Home ch\u00fang t\u00f4i, n\u01a1i \u0111em \u0111\u1ebfn b\u1ea1n nh\u1eefng m\u1eabu t\u1ee7 tivi kh\u00f4ng ch\u1ec9 \u0111\u1eb9p v\u1ec1 m\u1eb7t m\u1eabu m\u00e3 m\u00e0 c\u00f2n tinh t\u1ebf v\u1ec1 m\u1eb7t c\u00f4ng d\u1ee5ng. M\u1ed9t trong s\u1ed1 \u0111\u00f3 nh\u1ea5t \u0111\u1ecbnh ph\u1ea3i k\u1ec3 \u0111\u1ebfn m\u1eabu s\u1ea3n ph\u1ea9m <\/span><b>t\u1ee7 tivi\u00a0 TTVG17 <\/b><span style=\"font-weight: 400;\">v\u1edbi thi\u1ebft k\u1ebf \u0111\u01a1n gi\u1ea3n m\u00e0 sang tr\u1ecdng, hi\u1ec7n \u0111\u1ea1i.<\/span><\/p>\n<h2><b>Ki\u1ec3u d\u00e1ng hi\u1ec7n \u0111\u1ea1i, sang tr\u1ecdng<\/b><\/h2>\n<p><b>M\u1eabu t\u1ee7 k\u1ec7 tivi TTVG17<\/b><span style=\"font-weight: 400;\"> v\u1edbi thi\u1ebft k\u1ebf \u0111\u01a1n gi\u1ea3n nh\u01b0ng l\u1ea1i r\u1ea5t hi\u1ec7n \u0111\u1ea1i. T\u1ed5ng th\u1ec3 chi\u1ebfc t\u1ee7 l\u00e0 m\u1ed9t khung ch\u1eef nh\u1eadt, ph\u1ea7n gi\u1eefa \u0111\u1ec3 tivi.<\/span><\/p>\n<p><span style=\"font-weight: 400;\">T\u1ee7 g\u1ed3m nhi\u1ec1u h\u1ed9c t\u1ee7, ng\u0103n k\u00e9o, t\u1ee7 c\u00e1nh g\u1ed7 k\u1ebft h\u1ee3p k\u00ednh t\u1ea1o n\u00ean s\u1ef1 \u0111a d\u1ea1ng trong thi\u1ebft k\u1ebf.\u00a0<\/span><\/p>\n<p><span style=\"font-weight: 400;\">B\u1edfi h\u00ecnh d\u00e1ng v\u00e0 th\u00f4ng s\u1ed1 k\u00edch th\u01b0\u1edbc c\u00e2n \u0111\u1ed1i v\u00e0 h\u1ee3p l\u00fd n\u00ean m\u1eabu t\u1ee7 tivi n\u00e0y gi\u00fap t\u1ed1i \u01b0u h\u00f3a kh\u00f4ng gian trong ph\u00f2ng kh\u00e1ch c\u1ee7a b\u1ea1n, v\u1eeba ti\u1ebft ki\u1ec7m \u0111\u01b0\u1ee3c r\u1ea5t nhi\u1ec1u di\u1ec7n t\u00edch m\u00e0 l\u1ea1i c\u00f3 th\u1ec3 l\u01b0u tr\u1eef \u0111\u01b0\u1ee3c nhi\u1ec1u v\u1eadt d\u1ee5ng.<\/span><\/p>\n<h2><img loading=\"lazy\" decoding=\"async\" class=\"size-medium wp-image-12605 aligncenter\" src=\"http:\/\/qghome.vn\/wp-content\/uploads\/2024\/09\/G17.2-572x400.jpg\" alt=\"\" width=\"572\" height=\"400\" srcset=\"https:\/\/luan.webrt.net\/qhome\/wp-content\/uploads\/2024\/09\/G17.2-572x400.jpg 572w, https:\/\/luan.webrt.net\/qhome\/wp-content\/uploads\/2024\/09\/G17.2-510x356.jpg 510w, https:\/\/luan.webrt.net\/qhome\/wp-content\/uploads\/2024\/09\/G17.2-768x537.jpg 768w, https:\/\/luan.webrt.net\/qhome\/wp-content\/uploads\/2024\/09\/G17.2.jpg 880w\" sizes=\"auto, (max-width: 572px) 100vw, 572px\" \/><\/h2>\n<h2><b>M\u00e0u s\u1eafc h\u00e0i h\u00f2a, tinh t\u1ebf<\/b><\/h2>\n<p><span style=\"font-weight: 400;\">M\u00e0u s\u1eafc lu\u00f4n l\u00e0 m\u1ed9t trong nh\u1eefng ti\u00eau ch\u00ed quan tr\u1ecdng khi l\u1ef1a ch\u1ecdn m\u1ed9t s\u1ea3n ph\u1ea9m n\u1ed9i th\u1ea5t n\u00e0o \u0111\u00f3 v\u00e0 \u0111\u1ed1i v\u1edbi m\u1eabu t\u1ee7 k\u1ec7 tivi c\u0169ng v\u1eady.<\/span><\/p>\n<p><span style=\"font-weight: 400;\">M\u00e0u tr\u1eafng \u0111\u1ee5c lu\u00f4n l\u00e0 m\u1ed9t \u0111i\u1ec3m nh\u1ea5n \u1ea5n t\u01b0\u1ee3ng trong n\u1ed9i th\u1ea5t. N\u00f3 lu\u00f4n to\u00e1t l\u00ean m\u1ed9t v\u1ebb \u0111\u1eb9p thu\u1ea7n khi\u1ebft, h\u00e0i h\u00f2a, t\u01b0\u01a1i s\u00e1ng m\u00e0 l\u1ea1i r\u1ea5t hi\u1ec7n \u0111\u1ea1i. Kh\u00f4ng nh\u1eefng th\u1ebf, t\u00f4ng m\u00e0u n\u00e0y c\u00f2n r\u1ea5t d\u1ec5 ph\u1ed1i v\u1edbi c\u00e1c m\u00e0u kh\u00e1c.\u00a0\u00a0<\/span><\/p>\n<p><span style=\"font-weight: 400;\">\u00a0Kh\u00f4ng gian ph\u00f2ng kh\u00e1ch nh\u00e0 b\u1ea1n d\u00f9 l\u00e0 v\u1edbi phong c\u00e1ch c\u1ed5 \u0111i\u1ec3n hay hi\u1ec7n \u0111\u1ea1i th\u00ec s\u1ef1 g\u00f3p m\u1eb7t c\u1ee7a m\u00e0u tr\u1eafng \u0111\u1ee5c lu\u00f4n l\u00e0m n\u1ed5i b\u1eadt m\u1ecdi th\u1ee9 xung quanh.<\/span><\/p>\n<h2><b>C\u00f4ng d\u1ee5ng t\u1ed1i \u01b0u<\/b><\/h2>\n<p><span style=\"font-weight: 400;\">\u0110\u1ed1i v\u1edbi ph\u1ea7n k\u1ec7 tivi, v\u1edbi k\u00edch th\u01b0\u1edbc h\u1ee3p l\u00fd th\u00ec tivi d\u00f9 l\u00e0 m\u00e0n h\u00ecnh l\u1edbn hay nh\u1ecf c\u0169ng \u0111\u1ec1u c\u00f3 th\u1ec3 tho\u1ea3i m\u00e1i \u0111\u1eb7t v\u00e0o. M\u1eb7t kh\u00e1c, n\u1ebfu b\u1ea1n s\u1eed d\u1ee5ng tivi treo t\u01b0\u1eddng th\u00ec ph\u1ea7n m\u1eb7t k\u1ec7 c\u0169ng c\u00f3 th\u1ec3 d\u00f9ng \u0111\u1ec3 \u0111\u1eb7t \u0111\u1ed3 trang tr\u00ed l\u00ean \u0111\u00f3.<\/span><\/p>\n<p><span style=\"font-weight: 400;\">B\u1ed9 t\u1ee7 tivi n\u00e0y g\u1ed3m nhi\u1ec1u h\u1ed9c t\u1ee7 kh\u00e1c nhau gi\u00fap b\u1ea1n c\u00f3 th\u1ec3 thu\u1eadn ti\u1ec7n l\u01b0u tr\u1eef r\u1ea5t nhi\u1ec1u v\u1eadt d\u1ee5ng. Kh\u00f4ng gian b\u00ean trong c\u1ee7a c\u00e1c ng\u0103n t\u1ee7 v\u00e0 c\u00e1nh t\u1ee7 s\u00e2u r\u1ed9ng, b\u1ea1n c\u00f3 th\u1ec3 tho\u1ea3i m\u00e1i \u0111\u1ec3 c\u00e1c lo\u1ea1i \u0111\u1ed3 d\u00f9ng li\u00ean quan nh\u01b0 s\u00e1ch b\u00e1o, t\u1ea1p ch\u00ed, \u0111\u1ea7u thu, remote,&#8230;..Ri\u00eang \u0111\u1ed1i v\u1edbi ph\u1ea7n t\u1ee7 c\u00e1nh k\u00ednh th\u00ec b\u1ea1n c\u00f3 th\u1ec3 \u0111\u1eb7t v\u00e0o \u0111\u00f3 nh\u1eefng \u0111\u1ed3 d\u00f9ng trang tr\u00ed nh\u01b0 \u0111\u00e8n led, hoa, chai r\u01b0\u1ee3u, \u0111\u1ed3 l\u01b0u ni\u1ec7m,&#8230;<\/span><\/p>\n<p><span style=\"font-weight: 400;\">Ng\u0103n t\u1ee7 v\u00e0 c\u00e1c h\u1ed9c t\u1ee7 c\u00f3 c\u00e1nh r\u1ea5t k\u00edn \u0111\u00e1o, tr\u00e1nh b\u1ee5i b\u1eb7m, v\u00e0 r\u1ea5t an to\u00e0n cho \u0111\u1ed3 v\u1eadt b\u00ean trong.<\/span><\/p>\n<h3><b>V\u00e1n g\u1ed7 MDF &#8211; Ch\u1ea5t li\u1ec7u g\u1ed7 c\u00f4ng nghi\u1ec7p b\u1ec1n b\u1ec9, hi\u1ec7n \u0111\u1ea1i<\/b><\/h3>\n<p><b>T\u1ee7 tivi TTVG17 <\/b><span style=\"font-weight: 400;\">\u0111\u01b0\u1ee3c l\u00e0m t\u1eeb v\u00e1n g\u1ed7 c\u00f4ng nghi\u1ec7p MDF ph\u1ee7 melamine.<\/span><\/p>\n<p><img loading=\"lazy\" decoding=\"async\" class=\"size-full wp-image-12554 aligncenter\" src=\"http:\/\/qghome.vn\/wp-content\/uploads\/2024\/09\/go-mdf-2.jpg\" alt=\"\" width=\"254\" height=\"198\" \/><\/p>\n<p><span style=\"font-weight: 400;\">Ch\u1ea5t li\u1ec7u \u0111\u1eb7c bi\u1ec7t n\u00e0y c\u00f3 \u0111\u1ed9 b\u1ec1n cao, kh\u1eafc ph\u1ee5c \u0111\u01b0\u1ee3c m\u1ed9t s\u1ed1 nh\u01b0\u1ee3c \u0111i\u1ec3m c\u1ee7a g\u1ed7 t\u1ef1 nhi\u00ean b\u1edfi n\u00f3 kh\u00f4ng b\u1ecb co ng\u00f3t, cong v\u00eanh hay n\u1ee9t n\u1ebb. Gi\u00fap \u0111\u1ea3m b\u1ea3o \u0111\u01b0\u1ee3c v\u1ec1 ch\u1ea5t l\u01b0\u1ee3ng g\u1ed7 c\u0169ng nh\u01b0 l\u00e0 v\u1ebb \u0111\u1eb9p th\u1ea9m m\u1ef9 theo th\u1eddi gian.\u00a0<\/span><\/p>\n<p><span style=\"font-weight: 400;\">G\u1ed7 MDF \u0111\u01b0\u1ee3c s\u1ea3n xu\u1ea5t trong quy tr\u00ecnh nhi\u1ec7t \u0111\u1ed9 cao v\u00e0 keo ch\u1ecbu n\u01b0\u1edbc, n\u00ean kh\u1ea3 n\u0103ng ch\u1ed1ng th\u1ea5m n\u01b0\u1edbc cao, ch\u1ed1ng m\u1ed1i m\u1ecdt v\u00e0 \u1ea9m m\u1ed1c r\u1ea5t t\u1ed1t. Gi\u00fap b\u1ea1n d\u1ec5 d\u00e0ng v\u1ec7 sinh lau ch\u00f9i v\u00e0 y\u00ean t\u00e2m tuy\u1ec7t \u0111\u1ed1i trong qu\u00e1 tr\u00ecnh s\u1eed d\u1ee5ng.<\/span><\/p>\n<p><span style=\"font-weight: 400;\">Vi\u1ec7c s\u1eed d\u1ee5ng v\u00e1n g\u1ed7 MDF trong n\u1ed9i th\u1ea5t c\u0169ng g\u00f3p ph\u1ea7n kh\u00f4ng nh\u1ecf \u0111\u1ebfn vi\u1ec7c b\u1ea3o v\u1ec7 m\u00f4i tr\u01b0\u1eddng.<\/span><\/p>\n<p><span style=\"font-weight: 400;\">C\u00e1c s\u1ea3n ph\u1ea9m \u0111\u01b0\u1ee3c l\u00e0m t\u1eeb v\u00e1n g\u1ed7 mdf lu\u00f4n c\u00f3 gi\u00e1 th\u00e0nh v\u1eeba ph\u1ea3i v\u00e0 th\u1ea5p h\u01a1n so v\u1edbi g\u1ed7 t\u1ef1 nhi\u00ean, m\u00e0 m\u1eabu m\u00e3 l\u1ea1i r\u1ea5t \u0111a d\u1ea1ng, hi\u1ec7n \u0111\u1ea1i.<\/span><\/p>\n<p><img loading=\"lazy\" decoding=\"async\" class=\"wp-image-12553 aligncenter\" src=\"http:\/\/qghome.vn\/wp-content\/uploads\/2024\/09\/go-mdf.1-2.jpg\" alt=\"\" width=\"347\" height=\"197\" srcset=\"https:\/\/luan.webrt.net\/qhome\/wp-content\/uploads\/2024\/09\/go-mdf.1-2.jpg 298w, https:\/\/luan.webrt.net\/qhome\/wp-content\/uploads\/2024\/09\/go-mdf.1-2-247x140.jpg 247w\" sizes=\"auto, (max-width: 347px) 100vw, 347px\" \/><\/p>\n<h4><span style=\"font-weight: 400;\">Sau khi \u0111\u00e3 \u0111\u1ecdc nh\u1eefng d\u00f2ng chia s\u1ebb v\u1eeba r\u1ed3i, ch\u1eafc h\u1eb3n b\u1ea1n c\u0169ng \u0111\u00e3 ph\u1ea7n n\u00e0o hi\u1ec3u \u0111\u01b0\u1ee3c nh\u1eefng th\u00f4ng tin c\u1ea7n thi\u1ebft v\u1ec1 s\u1ea3n ph\u1ea9m. V\u1eady n\u1ebfu b\u1ea1n c\u00f2n nh\u1eefng kh\u00f3 kh\u0103n v\u01b0\u1edbng m\u1eafc n\u00e0o c\u1ea7n \u0111\u01b0\u1ee3c h\u1ed7 tr\u1ee3 t\u01b0 v\u1ea5n th\u00ec \u0111\u1eebng ng\u1ea7n ng\u1ea1i g\u00ec m\u00e0 h\u00e3y li\u00ean h\u1ec7 ngay v\u1edbi ch\u00fang t\u00f4i ngay nh\u00e9.\u00a0<\/span><\/h4>\n<p><span style=\"font-weight: 400;\">V\u1edbi m\u1eabu m\u00e3 \u0111\u1eb9p, ch\u1ea5t l\u01b0\u1ee3ng b\u1ec1n b\u1ec9 c\u00f9ng gi\u00e1 c\u1ea3 h\u1ee3p l\u00fd th\u00ec m\u1ed9t chi\u1ebfc<\/span><b> t\u1ee7 k\u1ec7 tivi TTVG17<\/b><span style=\"font-weight: 400;\"> nh\u01b0 th\u1ebf n\u00e0y r\u1ea5t x\u1ee9ng \u0111\u00e1ng c\u00f3 m\u1eb7t trong kh\u00f4ng gian ph\u00f2ng kh\u00e1ch nh\u00e0 b\u1ea1n.<\/span><\/p>\n<p><span style=\"font-weight: 400;\">Ngo\u00e0i ra, n\u1ebfu b\u1ea1n v\u1eabn c\u00f2n ch\u01b0a \u01b0ng \u00fd v\u1ec1 m\u1eabu s\u1ea3n ph\u1ea9m n\u00e0y th\u00ec \u0111\u1eebng v\u1ed9i r\u1eddi \u0111i b\u1edfi gian h\u00e0ng QG Home ch\u00fang t\u00f4i v\u1eabn c\u00f2n r\u1ea5t nhi\u1ec1u nh\u1eefng m\u1eabu m\u00e3 kh\u00e1c thu\u1ed9c <\/span><a href=\"https:\/\/qghome.vn\/noi-that-chung-cu\/\"><span style=\"font-weight: 400;\">d\u00f2ng t\u1ee7 k\u1ec7 tivi<\/span><\/a><span style=\"font-weight: 400;\"> m\u00e0 b\u1ea1n c\u00f3 th\u1ec3 tham kh\u1ea3o th\u00eam nh\u00e9!<\/span><\/p>\n<p><span style=\"font-weight: 400;\">Ch\u00fang t\u00f4i lu\u00f4n tr\u00e2n tr\u1ecdng th\u1eddi gian v\u00e0 s\u1ef1 quan t\u00e2m c\u1ee7a b\u1ea1n \u0111\u1ebfn v\u1edbi s\u1ea3n ph\u1ea9m c\u1ee7a m\u00ecnh. B\u1eb1ng s\u1ef1 t\u1eadn t\u00e2m v\u1edbi ngh\u1ec1 nghi\u1ec7p v\u00e0 tr\u00e2n qu\u00fd \u0111\u1ed1i v\u1edbi kh\u00e1ch h\u00e0ng, ch\u00fang t\u00f4i s\u1ebd lu\u00f4n \u0111em \u0111\u1ebfn b\u1ea1n nh\u1eefng s\u1ea3n ph\u1ea9m ch\u1ea5t l\u01b0\u1ee3ng v\u1edbi d\u1ecbch v\u1ee5 t\u1ed1t nh\u1ea5t.<\/span><\/p>\n","protected":false},"excerpt":{"rendered":"<p><span style=\"color: #333399;\"><i><span style=\"font-weight: 400;\">M\u1eabu t\u1ee7 tivi ph\u00f2ng kh\u00e1ch hi\u1ec7n \u0111\u1ea1i TTVG17 \u0111\u01b0\u1ee3c l\u00e0m t\u1eeb v\u00e1n g\u1ed7 MDF ch\u1ea5t l\u01b0\u1ee3ng cao, thi\u1ebft k\u1ebf sang tr\u1ecdng, thanh l\u1ecbch gi\u00fap \u0111em \u0111\u1ebfn nh\u1eefng c\u00f4ng d\u1ee5ng tuy\u1ec7t v\u1eddi \u0111\u1ed1i v\u1edbi ng\u01b0\u1eddi s\u1eed d\u1ee5ng.<\/span><\/i><\/span><\/p>\n","protected":false},"featured_media":12604,"comment_status":"open","ping_status":"closed","template":"","meta":[],"product_cat":[569,665,119],"product_tag":[],"class_list":["post-12603","product","type-product","status-publish","has-post-thumbnail","hentry","product_cat-noi-that-chung-cu","product_cat-tu-tivi-qg","product_cat-san-pham"],"yoast_head":"<!-- This site is optimized with the Yoast SEO plugin v19.9 - https:\/\/yoast.com\/wordpress\/plugins\/seo\/ -->\n<title>T\u1ee7 tivi ph\u00f2ng kh\u00e1ch TTVG17<\/title>\n<meta name=\"description\" content=\"T\u1ee7 tivi ph\u00f2ng kh\u00e1ch TTVG17 \u0111\u01b0\u1ee3c s\u1ea3n xu\u1ea5t t\u1eeb v\u00e1n g\u1ed7 c\u00f4ng nghi\u1ec7p MDF ch\u1ea5t l\u01b0\u1ee3ng cao, \u0111\u01b0\u1ee3c thi\u1ebft k\u1ebf v\u1edbi phong c\u00e1ch sang tr\u1ecdng, thanh l\u1ecbch.\" \/>\n<meta name=\"robots\" content=\"index, follow, max-snippet:-1, max-image-preview:large, max-video-preview:-1\" \/>\n<link rel=\"canonical\" href=\"https:\/\/luan.webrt.net\/qhome\/san-pham\/tu-tivi-phong-khach-ttvg17\/\" \/>\n<meta property=\"og:locale\" content=\"vi_VN\" \/>\n<meta property=\"og:type\" content=\"article\" \/>\n<meta property=\"og:title\" content=\"T\u1ee7 tivi ph\u00f2ng kh\u00e1ch TTVG17\" \/>\n<meta property=\"og:description\" content=\"T\u1ee7 tivi ph\u00f2ng kh\u00e1ch TTVG17 \u0111\u01b0\u1ee3c s\u1ea3n xu\u1ea5t t\u1eeb v\u00e1n g\u1ed7 c\u00f4ng nghi\u1ec7p MDF ch\u1ea5t l\u01b0\u1ee3ng cao, \u0111\u01b0\u1ee3c thi\u1ebft k\u1ebf v\u1edbi phong c\u00e1ch sang tr\u1ecdng, thanh l\u1ecbch.\" \/>\n<meta property=\"og:url\" content=\"https:\/\/luan.webrt.net\/qhome\/san-pham\/tu-tivi-phong-khach-ttvg17\/\" \/>\n<meta property=\"og:site_name\" content=\"M\u1eabu web n\u1ed9i th\u1ea5t\" \/>\n<meta property=\"article:publisher\" content=\"https:\/\/www.facebook.com\/noithatqghome\" \/>\n<meta property=\"article:modified_time\" content=\"2024-09-16T20:15:33+00:00\" \/>\n<meta property=\"og:image\" content=\"https:\/\/luan.webrt.net\/qhome\/wp-content\/uploads\/2024\/09\/G17.1.jpg\" \/>\n\t<meta property=\"og:image:width\" content=\"600\" \/>\n\t<meta property=\"og:image:height\" content=\"600\" \/>\n\t<meta property=\"og:image:type\" content=\"image\/jpeg\" \/>\n<meta name=\"twitter:card\" content=\"summary_large_image\" \/>\n<meta name=\"twitter:label1\" content=\"\u01af\u1edbc t\u00ednh th\u1eddi gian \u0111\u1ecdc\" \/>\n\t<meta name=\"twitter:data1\" content=\"8 ph\u00fat\" \/>\n<script type=\"application\/ld+json\" class=\"yoast-schema-graph\">{\"@context\":\"https:\/\/schema.org\",\"@graph\":[{\"@type\":\"WebPage\",\"@id\":\"https:\/\/luan.webrt.net\/qhome\/san-pham\/tu-tivi-phong-khach-ttvg17\/\",\"url\":\"https:\/\/luan.webrt.net\/qhome\/san-pham\/tu-tivi-phong-khach-ttvg17\/\",\"name\":\"T\u1ee7 tivi ph\u00f2ng kh\u00e1ch TTVG17\",\"isPartOf\":{\"@id\":\"https:\/\/luan.webrt.net\/qhome\/#website\"},\"datePublished\":\"2024-09-16T20:15:32+00:00\",\"dateModified\":\"2024-09-16T20:15:33+00:00\",\"description\":\"T\u1ee7 tivi ph\u00f2ng kh\u00e1ch TTVG17 \u0111\u01b0\u1ee3c s\u1ea3n xu\u1ea5t t\u1eeb v\u00e1n g\u1ed7 c\u00f4ng nghi\u1ec7p MDF ch\u1ea5t l\u01b0\u1ee3ng cao, \u0111\u01b0\u1ee3c thi\u1ebft k\u1ebf v\u1edbi phong c\u00e1ch sang tr\u1ecdng, thanh l\u1ecbch.\",\"breadcrumb\":{\"@id\":\"https:\/\/luan.webrt.net\/qhome\/san-pham\/tu-tivi-phong-khach-ttvg17\/#breadcrumb\"},\"inLanguage\":\"vi\",\"potentialAction\":[{\"@type\":\"ReadAction\",\"target\":[\"https:\/\/luan.webrt.net\/qhome\/san-pham\/tu-tivi-phong-khach-ttvg17\/\"]}]},{\"@type\":\"BreadcrumbList\",\"@id\":\"https:\/\/luan.webrt.net\/qhome\/san-pham\/tu-tivi-phong-khach-ttvg17\/#breadcrumb\",\"itemListElement\":[{\"@type\":\"ListItem\",\"position\":1,\"name\":\"Trang ch\u1ee7\",\"item\":\"https:\/\/luan.webrt.net\/qhome\/\"},{\"@type\":\"ListItem\",\"position\":2,\"name\":\"Shop\",\"item\":\"https:\/\/luan.webrt.net\/qhome\/shop\/\"},{\"@type\":\"ListItem\",\"position\":3,\"name\":\"T\u1ee7 tivi ph\u00f2ng kh\u00e1ch TTVG17\"}]},{\"@type\":\"WebSite\",\"@id\":\"https:\/\/luan.webrt.net\/qhome\/#website\",\"url\":\"https:\/\/luan.webrt.net\/qhome\/\",\"name\":\"M\u1eabu web n\u1ed9i th\u1ea5t\",\"description\":\"QGHome Vi\u1ec7t Nam\",\"publisher\":{\"@id\":\"https:\/\/luan.webrt.net\/qhome\/#organization\"},\"potentialAction\":[{\"@type\":\"SearchAction\",\"target\":{\"@type\":\"EntryPoint\",\"urlTemplate\":\"https:\/\/luan.webrt.net\/qhome\/?s={search_term_string}\"},\"query-input\":\"required name=search_term_string\"}],\"inLanguage\":\"vi\"},{\"@type\":\"Organization\",\"@id\":\"https:\/\/luan.webrt.net\/qhome\/#organization\",\"name\":\"QGHome\",\"url\":\"https:\/\/luan.webrt.net\/qhome\/\",\"logo\":{\"@type\":\"ImageObject\",\"inLanguage\":\"vi\",\"@id\":\"https:\/\/luan.webrt.net\/qhome\/#\/schema\/logo\/image\/\",\"url\":\"https:\/\/qghome.vn\/wp-content\/uploads\/2025\/08\/logo-mau-MauTH-21.png\",\"contentUrl\":\"https:\/\/qghome.vn\/wp-content\/uploads\/2025\/08\/logo-mau-MauTH-21.png\",\"width\":253,\"height\":99,\"caption\":\"QGHome\"},\"image\":{\"@id\":\"https:\/\/luan.webrt.net\/qhome\/#\/schema\/logo\/image\/\"},\"sameAs\":[\"https:\/\/www.tiktok.com\/@qghome.official\",\"https:\/\/www.youtube.com\/channel\/UCeVBuKTXkv-u94DS421cklw\",\"https:\/\/www.facebook.com\/noithatqghome\"]}]}<\/script>\n<!-- \/ Yoast SEO plugin. -->","yoast_head_json":{"title":"T\u1ee7 tivi ph\u00f2ng kh\u00e1ch TTVG17","description":"T\u1ee7 tivi ph\u00f2ng kh\u00e1ch TTVG17 \u0111\u01b0\u1ee3c s\u1ea3n xu\u1ea5t t\u1eeb v\u00e1n g\u1ed7 c\u00f4ng nghi\u1ec7p MDF ch\u1ea5t l\u01b0\u1ee3ng cao, \u0111\u01b0\u1ee3c thi\u1ebft k\u1ebf v\u1edbi phong c\u00e1ch sang tr\u1ecdng, thanh l\u1ecbch.","robots":{"index":"index","follow":"follow","max-snippet":"max-snippet:-1","max-image-preview":"max-image-preview:large","max-video-preview":"max-video-preview:-1"},"canonical":"https:\/\/luan.webrt.net\/qhome\/san-pham\/tu-tivi-phong-khach-ttvg17\/","og_locale":"vi_VN","og_type":"article","og_title":"T\u1ee7 tivi ph\u00f2ng kh\u00e1ch TTVG17","og_description":"T\u1ee7 tivi ph\u00f2ng kh\u00e1ch TTVG17 \u0111\u01b0\u1ee3c s\u1ea3n xu\u1ea5t t\u1eeb v\u00e1n g\u1ed7 c\u00f4ng nghi\u1ec7p MDF ch\u1ea5t l\u01b0\u1ee3ng cao, \u0111\u01b0\u1ee3c thi\u1ebft k\u1ebf v\u1edbi phong c\u00e1ch sang tr\u1ecdng, thanh l\u1ecbch.","og_url":"https:\/\/luan.webrt.net\/qhome\/san-pham\/tu-tivi-phong-khach-ttvg17\/","og_site_name":"M\u1eabu web n\u1ed9i th\u1ea5t","article_publisher":"https:\/\/www.facebook.com\/noithatqghome","article_modified_time":"2024-09-16T20:15:33+00:00","og_image":[{"width":600,"height":600,"url":"https:\/\/luan.webrt.net\/qhome\/wp-content\/uploads\/2024\/09\/G17.1.jpg","type":"image\/jpeg"}],"twitter_card":"summary_large_image","twitter_misc":{"\u01af\u1edbc t\u00ednh th\u1eddi gian \u0111\u1ecdc":"8 ph\u00fat"},"schema":{"@context":"https:\/\/schema.org","@graph":[{"@type":"WebPage","@id":"https:\/\/luan.webrt.net\/qhome\/san-pham\/tu-tivi-phong-khach-ttvg17\/","url":"https:\/\/luan.webrt.net\/qhome\/san-pham\/tu-tivi-phong-khach-ttvg17\/","name":"T\u1ee7 tivi ph\u00f2ng kh\u00e1ch TTVG17","isPartOf":{"@id":"https:\/\/luan.webrt.net\/qhome\/#website"},"datePublished":"2024-09-16T20:15:32+00:00","dateModified":"2024-09-16T20:15:33+00:00","description":"T\u1ee7 tivi ph\u00f2ng kh\u00e1ch TTVG17 \u0111\u01b0\u1ee3c s\u1ea3n xu\u1ea5t t\u1eeb v\u00e1n g\u1ed7 c\u00f4ng nghi\u1ec7p MDF ch\u1ea5t l\u01b0\u1ee3ng cao, \u0111\u01b0\u1ee3c thi\u1ebft k\u1ebf v\u1edbi phong c\u00e1ch sang tr\u1ecdng, thanh l\u1ecbch.","breadcrumb":{"@id":"https:\/\/luan.webrt.net\/qhome\/san-pham\/tu-tivi-phong-khach-ttvg17\/#breadcrumb"},"inLanguage":"vi","potentialAction":[{"@type":"ReadAction","target":["https:\/\/luan.webrt.net\/qhome\/san-pham\/tu-tivi-phong-khach-ttvg17\/"]}]},{"@type":"BreadcrumbList","@id":"https:\/\/luan.webrt.net\/qhome\/san-pham\/tu-tivi-phong-khach-ttvg17\/#breadcrumb","itemListElement":[{"@type":"ListItem","position":1,"name":"Trang ch\u1ee7","item":"https:\/\/luan.webrt.net\/qhome\/"},{"@type":"ListItem","position":2,"name":"Shop","item":"https:\/\/luan.webrt.net\/qhome\/shop\/"},{"@type":"ListItem","position":3,"name":"T\u1ee7 tivi ph\u00f2ng kh\u00e1ch TTVG17"}]},{"@type":"WebSite","@id":"https:\/\/luan.webrt.net\/qhome\/#website","url":"https:\/\/luan.webrt.net\/qhome\/","name":"M\u1eabu web n\u1ed9i th\u1ea5t","description":"QGHome Vi\u1ec7t Nam","publisher":{"@id":"https:\/\/luan.webrt.net\/qhome\/#organization"},"potentialAction":[{"@type":"SearchAction","target":{"@type":"EntryPoint","urlTemplate":"https:\/\/luan.webrt.net\/qhome\/?s={search_term_string}"},"query-input":"required name=search_term_string"}],"inLanguage":"vi"},{"@type":"Organization","@id":"https:\/\/luan.webrt.net\/qhome\/#organization","name":"QGHome","url":"https:\/\/luan.webrt.net\/qhome\/","logo":{"@type":"ImageObject","inLanguage":"vi","@id":"https:\/\/luan.webrt.net\/qhome\/#\/schema\/logo\/image\/","url":"https:\/\/qghome.vn\/wp-content\/uploads\/2025\/08\/logo-mau-MauTH-21.png","contentUrl":"https:\/\/qghome.vn\/wp-content\/uploads\/2025\/08\/logo-mau-MauTH-21.png","width":253,"height":99,"caption":"QGHome"},"image":{"@id":"https:\/\/luan.webrt.net\/qhome\/#\/schema\/logo\/image\/"},"sameAs":["https:\/\/www.tiktok.com\/@qghome.official","https:\/\/www.youtube.com\/channel\/UCeVBuKTXkv-u94DS421cklw","https:\/\/www.facebook.com\/noithatqghome"]}]}},"_links":{"self":[{"href":"https:\/\/luan.webrt.net\/qhome\/wp-json\/wp\/v2\/product\/12603","targetHints":{"allow":["GET"]}}],"collection":[{"href":"https:\/\/luan.webrt.net\/qhome\/wp-json\/wp\/v2\/product"}],"about":[{"href":"https:\/\/luan.webrt.net\/qhome\/wp-json\/wp\/v2\/types\/product"}],"replies":[{"embeddable":true,"href":"https:\/\/luan.webrt.net\/qhome\/wp-json\/wp\/v2\/comments?post=12603"}],"wp:featuredmedia":[{"embeddable":true,"href":"https:\/\/luan.webrt.net\/qhome\/wp-json\/wp\/v2\/media\/12604"}],"wp:attachment":[{"href":"https:\/\/luan.webrt.net\/qhome\/wp-json\/wp\/v2\/media?parent=12603"}],"wp:term":[{"taxonomy":"product_cat","embeddable":true,"href":"https:\/\/luan.webrt.net\/qhome\/wp-json\/wp\/v2\/product_cat?post=12603"},{"taxonomy":"product_tag","embeddable":true,"href":"https:\/\/luan.webrt.net\/qhome\/wp-json\/wp\/v2\/product_tag?post=12603"}],"curies":[{"name":"wp","href":"https:\/\/api.w.org\/{rel}","templated":true}]}}