{"id":12475,"date":"2024-09-04T10:50:31","date_gmt":"2024-09-04T10:50:31","guid":{"rendered":"https:\/\/qghome.vn\/?post_type=product&#038;p=12475"},"modified":"2025-11-11T09:18:57","modified_gmt":"2025-11-11T09:18:57","slug":"tron-goi-thiet-ke-phong-khach-35m2-chi-voi","status":"publish","type":"product","link":"https:\/\/luan.webrt.net\/qhome\/san-pham\/tron-goi-thiet-ke-phong-khach-35m2-chi-voi\/","title":{"rendered":"Tr\u1ecdn g\u00f3i thi\u1ebft k\u1ebf ph\u00f2ng kh\u00e1ch 35m2 ch\u1ec9 v\u1edbi"},"content":{"rendered":"<h2 style=\"text-align: center;\"><strong>THI\u1ebeT K\u1ebe L\u1eaeP \u0110\u1eb6T TR\u1eccN G\u00d3I CAM K\u1ebeT CH\u1ea4T L\u01af\u1ee2NG GI\u00c1 T\u1ed0T NH\u1ea4T<\/strong><\/h2>\n<p style=\"text-align: center;\"><strong>Giao h\u00e0ng to\u00e0n qu\u1ed1c l\u1eafp \u0111\u1eb7t trong ng\u00e0y<\/strong><\/p>\n<p style=\"text-align: center;\"><strong>G\u1ecdi ngay:<span style=\"color: #ed1c24;\">\u00a0<a style=\"color: #ed1c24;\" href=\"tel:0983368623\">0983 368 623<\/a><\/span><\/strong><\/p>\n<p style=\"text-align: left;\">Ti\u1ec7n \u00edch bao g\u1ed3m: 1 t\u1ee7 ti vi ph\u00f2ng kh\u00e1ch TTV01, v\u00e1ch sofa VSFA01<\/p>\n<h2><strong>1 T\u1ee7 tivi ph\u00f2ng kh\u00e1ch\u00a0 \u2013 Thi\u1ebft k\u1ebf tr\u1ecdn g\u00f3i ph\u00f2ng kh\u00e1ch 35m2 hi\u1ec7n \u0111\u1ea1i<\/strong><\/h2>\n<p><span style=\"font-weight: 400;\">M\u1eabu t\u1ee7 k\u1ec7 g\u1ed7 \u0111\u1ec3 tivi <\/span><b>TTVG01 <\/b><span style=\"font-weight: 400;\">\u0111\u01b0\u1ee3c t\u1ed5 ch\u1ee9c s\u1ea3n xu\u1ea5t v\u00e0 ph\u00e2n ph\u1ed1i b\u1edfi <\/span><a href=\"https:\/\/qghome.vn\/\"><i><span style=\"font-weight: 400;\">N\u1ed9i th\u1ea5t QG Home Vi\u1ec7t Nam<\/span><\/i><\/a><span style=\"font-weight: 400;\">. M\u1eabu s\u1ea3n ph\u1ea9m n\u00e0y l\u00e0 k\u1ebft tinh c\u1ee7a s\u1ef1 ho\u00e0n h\u1ea3o t\u1eeb ch\u1ea5t li\u1ec7u b\u1ec1n b\u1ec9 v\u00e0 phong c\u00e1ch hi\u1ec7n \u0111\u1ea1i, sang tr\u1ecdng, \u0111\u1eb3ng c\u1ea5p. \u0110\u1ec3 bi\u1ebft th\u00eam th\u00f4ng tin chi ti\u1ebft v\u1ec1 s\u1ea3n ph\u1ea9m, m\u1eddi b\u1ea1n tham kh\u1ea3o nh\u1eefng chia s\u1ebb d\u01b0\u1edbi \u0111\u00e2y.<\/span><\/p>\n<h2><b>Th\u00f4ng s\u1ed1 s\u1ea3n ph\u1ea9m<\/b><\/h2>\n<table>\n<tbody>\n<tr>\n<td><span style=\"font-weight: 400;\">K\u00edch th\u01b0\u1edbc<\/span><\/td>\n<td><span style=\"font-weight: 400;\"> &#8211;\u00a0 \u00a0 T\u1ee7: D\u00e0i 800mm x R\u1ed9ng 400mm x Cao 200mm<\/span><\/p>\n<p><span style=\"font-weight: 400;\">\u00a0&#8211; \u00a0 \u00a0 K\u1ec7 tivi: D\u00e0i 1800mm x R\u1ed9ng 400mm x Cao 460mm<\/span><\/td>\n<\/tr>\n<tr>\n<td><span style=\"font-weight: 400;\">Ch\u1ea5t li\u1ec7u<\/span><\/td>\n<td>\n<ul>\n<li style=\"font-weight: 400;\" aria-level=\"1\"><span style=\"font-weight: 400;\">V\u00e1n g\u1ed7 MDF l\u00f5i xanh ph\u1ee7 melamine ch\u1ea5t l\u01b0\u1ee3ng cao, h\u1ea1n ch\u1ebf t\u1ed1i \u0111a t\u00ecnh tr\u1ea1ng cong v\u00eanh, bi\u1ebfn d\u1ea1ng, th\u00e2n thi\u1ec7n v\u1edbi m\u00f4i tr\u01b0\u1eddng v\u00e0 an to\u00e0n v\u1edbi s\u1ee9c kh\u1ecfe ng\u01b0\u1eddi s\u1eed d\u1ee5ng.\u00a0<\/span><\/li>\n<li style=\"font-weight: 400;\" aria-level=\"1\"><span style=\"font-weight: 400;\">Ch\u1ed1ng tr\u1ea7y x\u01b0\u1edbc khi va ch\u1ea1m nh\u1eb9, b\u1ec1n \u0111\u1eb9p v\u00e0 t\u0103ng t\u00ednh th\u1ea9m m\u1ef9, c\u00f3 kh\u1ea3 n\u0103ng ch\u1ed1ng th\u1ea5m n\u01b0\u1edbc cao v\u00e0 d\u1ec5 lau ch\u00f9i.<\/span><\/li>\n<li style=\"font-weight: 400;\" aria-level=\"1\"><span style=\"font-weight: 400;\">S\u01a1n s\u1eed d\u1ee5ng l\u00e0 lo\u1ea1i s\u01a1n qu\u1ed1c t\u1ebf th\u00e2n thi\u1ec7n v\u1edbi m\u00f4i tr\u01b0\u1eddng.<\/span><\/li>\n<\/ul>\n<\/td>\n<\/tr>\n<tr>\n<td><span style=\"font-weight: 400;\">Quy c\u00e1ch<\/span><\/td>\n<td>\n<ul>\n<li style=\"font-weight: 400;\" aria-level=\"1\"><span style=\"font-weight: 400;\">04 ng\u0103n k\u00e9o, 04 t\u1ee7 c\u00e1nh k\u00ednh.<\/span><\/li>\n<\/ul>\n<\/td>\n<\/tr>\n<tr>\n<td><span style=\"font-weight: 400;\">M\u00e0u s\u1eafc<\/span><\/td>\n<td>\n<ul>\n<li style=\"font-weight: 400;\" aria-level=\"1\"><span style=\"font-weight: 400;\">M\u00e0u tr\u1eafng \u0111\u1ee5c sang tr\u1ecdng, thanh l\u1ecbch.<\/span><\/li>\n<li style=\"font-weight: 400;\" aria-level=\"1\"><span style=\"font-weight: 400;\">\u00a0Kh\u00e1ch h\u00e0ng c\u00f3 th\u1ec3 l\u1ef1a ch\u1ecdn m\u00e0u s\u1eafc y\u00eau th\u00edch.<\/span><\/li>\n<\/ul>\n<\/td>\n<\/tr>\n<\/tbody>\n<\/table>\n<figure id=\"attachment_12477\" aria-describedby=\"caption-attachment-12477\" style=\"width: 800px\" class=\"wp-caption aligncenter\"><img loading=\"lazy\" decoding=\"async\" class=\"wp-image-12477 size-large\" src=\"http:\/\/qghome.vn\/wp-content\/uploads\/2024\/09\/Tu-ti-vi-TTVG01-800x800.png\" alt=\"T\u1ee7 ti vi TTVG01\" width=\"800\" height=\"800\" srcset=\"https:\/\/luan.webrt.net\/qhome\/wp-content\/uploads\/2024\/09\/Tu-ti-vi-TTVG01-800x800.png 800w, https:\/\/luan.webrt.net\/qhome\/wp-content\/uploads\/2024\/09\/Tu-ti-vi-TTVG01-100x100.png 100w, https:\/\/luan.webrt.net\/qhome\/wp-content\/uploads\/2024\/09\/Tu-ti-vi-TTVG01-510x510.png 510w, https:\/\/luan.webrt.net\/qhome\/wp-content\/uploads\/2024\/09\/Tu-ti-vi-TTVG01-400x400.png 400w, https:\/\/luan.webrt.net\/qhome\/wp-content\/uploads\/2024\/09\/Tu-ti-vi-TTVG01-280x280.png 280w, https:\/\/luan.webrt.net\/qhome\/wp-content\/uploads\/2024\/09\/Tu-ti-vi-TTVG01-768x768.png 768w, https:\/\/luan.webrt.net\/qhome\/wp-content\/uploads\/2024\/09\/Tu-ti-vi-TTVG01.png 900w\" sizes=\"auto, (max-width: 800px) 100vw, 800px\" \/><figcaption id=\"caption-attachment-12477\" class=\"wp-caption-text\">T\u1ee7 ti vi TTVG01<\/figcaption><\/figure>\n<p><span style=\"font-weight: 400;\">M\u1ed9t kh\u00f4ng gian ph\u00f2ng kh\u00e1ch hi\u1ec7n \u0111\u1ea1i, ti\u1ec7n nghi v\u00e0 th\u1eadt phong c\u00e1ch th\u01b0\u1eddng g\u1ed3m nhi\u1ec1u s\u1ea3n ph\u1ea9m n\u1ed9i th\u1ea5t v\u00e0 \u0111\u1ed3 trang tr\u00ed kh\u00e1c nhau, nh\u01b0ng trong s\u1ed1 \u0111\u00f3 kh\u00f4ng th\u1ec3 thi\u1ebfu \u0111\u01b0\u1ee3c s\u1ef1 g\u00f3p m\u1eb7t c\u1ee7a m\u1ed9t chi\u1ebfc t\u1ee7 k\u1ec7 tivi. B\u1edfi n\u00f3 kh\u00f4ng ch\u1ec9 mang \u0111\u1ebfn cho b\u1ea1n nh\u1eefng c\u00f4ng d\u1ee5ng h\u1eefu \u00edch m\u00e0 c\u00f2n g\u00f3p ph\u1ea7n l\u00e0m t\u0103ng th\u00eam gi\u00e1 tr\u1ecb th\u1ea9m m\u1ef9 cho kh\u00f4ng gian ph\u00f2ng kh\u00e1ch.<\/span><\/p>\n<h2><strong>2. V\u00e1ch sofa\u00a0 \u2013 Thi\u1ebft k\u1ebf tr\u1ecdn g\u00f3i ph\u00f2ng kh\u00e1ch 35m2 hi\u1ec7n \u0111\u1ea1i<\/strong><\/h2>\n<p>V\u00e1ch tivi c\u1ee7a QGHome \u0111\u01b0\u1ee3c thi\u1ebft k\u1ebf theo phong c\u00e1ch hi\u1ec7n \u0111\u1ea1i, tinh t\u1ebf, gi\u00fap t\u00f4n l\u00ean v\u1ebb \u0111\u1eb9p cho kh\u00f4ng gian s\u1ed1ng. C\u00e1c m\u1eabu v\u00e1ch \u0111\u01b0\u1ee3c ch\u0103m ch\u00fat t\u1eebng chi ti\u1ebft, t\u1eeb m\u00e0u s\u1eafc, ch\u1ea5t li\u1ec7u cho \u0111\u1ebfn ki\u1ec3u d\u00e1ng, mang l\u1ea1i s\u1ef1 \u0111\u1eb3ng c\u1ea5p cho ng\u00f4i nh\u00e0 c\u1ee7a b\u1ea1n.<\/p>\n<figure id=\"attachment_12476\" aria-describedby=\"caption-attachment-12476\" style=\"width: 800px\" class=\"wp-caption aligncenter\"><img loading=\"lazy\" decoding=\"async\" class=\"wp-image-12476 size-large\" src=\"http:\/\/qghome.vn\/wp-content\/uploads\/2024\/09\/Vach-sofa-VSFA01-800x800.png\" alt=\"V\u00e1ch sofa VSFA01\" width=\"800\" height=\"800\" srcset=\"https:\/\/luan.webrt.net\/qhome\/wp-content\/uploads\/2024\/09\/Vach-sofa-VSFA01-800x800.png 800w, https:\/\/luan.webrt.net\/qhome\/wp-content\/uploads\/2024\/09\/Vach-sofa-VSFA01-100x100.png 100w, https:\/\/luan.webrt.net\/qhome\/wp-content\/uploads\/2024\/09\/Vach-sofa-VSFA01-510x510.png 510w, https:\/\/luan.webrt.net\/qhome\/wp-content\/uploads\/2024\/09\/Vach-sofa-VSFA01-400x400.png 400w, https:\/\/luan.webrt.net\/qhome\/wp-content\/uploads\/2024\/09\/Vach-sofa-VSFA01-280x280.png 280w, https:\/\/luan.webrt.net\/qhome\/wp-content\/uploads\/2024\/09\/Vach-sofa-VSFA01-768x768.png 768w, https:\/\/luan.webrt.net\/qhome\/wp-content\/uploads\/2024\/09\/Vach-sofa-VSFA01.png 900w\" sizes=\"auto, (max-width: 800px) 100vw, 800px\" \/><figcaption id=\"caption-attachment-12476\" class=\"wp-caption-text\">V\u00e1ch sofa VSFA01<\/figcaption><\/figure>\n<p>K\u00edch th\u01b0\u1edbc:<\/p>\n<ul>\n<li>Cao 2800mm x D\u00e0i 2000mm<\/li>\n<li>Cao 2800mm x D\u00e0i 2200mm<\/li>\n<li>Cao 2800mm x D\u00e0i 2400mm<\/li>\n<li>Cao 3000mm x D\u00e0i 2400mm<\/li>\n<\/ul>\n<p>V\u1edbi s\u1ef1 \u0111a d\u1ea1ng v\u1ec1 m\u1eabu m\u00e3 v\u00e0 ch\u1ea5t li\u1ec7u, QGHome cung c\u1ea5p c\u00e1c s\u1ea3n ph\u1ea9m v\u00e1ch tivi v\u1edbi nhi\u1ec1u m\u1ee9c gi\u00e1 kh\u00e1c nhau, ph\u00f9 h\u1ee3p v\u1edbi ng\u00e2n s\u00e1ch c\u1ee7a nhi\u1ec1u \u0111\u1ed1i t\u01b0\u1ee3ng kh\u00e1ch h\u00e0ng. B\u1ea1n c\u00f3 th\u1ec3 s\u1edf h\u1eefu m\u1ed9t s\u1ea3n ph\u1ea9m ch\u1ea5t l\u01b0\u1ee3ng m\u00e0 kh\u00f4ng ph\u1ea3i lo l\u1eafng v\u1ec1 chi ph\u00ed.<\/p>\n<h2><strong>N\u1ed9i th\u1ea5t QGHOME \u2013 \u0110\u01a1n v\u1ecb thi\u1ebft k\u1ebf n\u1ed9i th\u1ea5t uy t\u00edn<\/strong><\/h2>\n<p>H\u00e3y \u0111\u1ec3 ch\u00fang t\u00f4i c\u00f9ng b\u1ea1n t\u1ea1o ra m\u1ed9t kh\u00f4ng gian s\u1ed1ng hi\u1ec7n \u0111\u1ea1i v\u00e0 ti\u1ec7n nghi nh\u1ea5t. Li\u00ean h\u1ec7 v\u1edbi QGHome ngay h\u00f4m nay \u0111\u1ec3 bi\u1ebft th\u00eam th\u00f4ng tin v\u00e0 nh\u1eadn \u0111\u01b0\u1ee3c s\u1ef1 t\u01b0 v\u1ea5n chuy\u00ean nghi\u1ec7p t\u1eeb \u0111\u1ed9i ng\u0169 c\u1ee7a ch\u00fang t\u00f4i<\/p>\n<p><span style=\"vertical-align: inherit;\"><span style=\"vertical-align: inherit;\">\u2014\u2014\u2014\u2014\u2014\u2014\u2014\u2014\u2014\u2014\u2014\u2014\u2014\u2014\u2014\u2014\u2014\u2014<\/span><\/span><\/p>\n<p>Khu v\u1ef1c H\u00e0 N\u1ed9i: S\u1ed1 72\/70 Xu\u00e2n Ph\u01b0\u01a1ng, Qu\u1eadn Nam T\u1eeb Li\u00eam, H\u00e0 N\u1ed9i<\/p>\n<p>Khu v\u1ef1c H\u1ed3 Ch\u00ed Minh: 299 TL8, T\u00e2n Th\u1ea1nh T\u00e2y, C\u1ee7 Chi, Th\u00e0nh ph\u1ed1 H\u1ed3 Ch\u00ed Minh<\/p>\n<p>Khu v\u1ef1c B\u1eafc Giang: \u0110\u01b0\u1eddng 276, H. Hi\u1ec7p Ho\u00e0, B\u1eafc Giang<\/p>\n<p><span style=\"vertical-align: inherit;\"><span style=\"vertical-align: inherit;\">\ud83d\udcde \u0110\u01b0\u1eddng d\u00e2y n\u00f3ng: 0983.368.623<\/span><\/span><\/p>\n<p><span style=\"vertical-align: inherit;\"><span style=\"vertical-align: inherit;\">\ud83c\udf0fTrang web: https:\/\/qghome.vn<\/span><\/span><\/p>\n<p><span style=\"vertical-align: inherit;\"><span style=\"vertical-align: inherit;\">\ud83d\udccd Facebook: https:\/\/www.facebook.com\/noithatqghome<\/span><\/span><\/p>\n<p><span style=\"vertical-align: inherit;\"><span style=\"vertical-align: inherit;\">\ud83d\udc8c Email: qghome.official@gmail.com<\/span><\/span><\/p>\n<div class=\"host-bincmiainjofjnhchmcalkanjebghoen\" style=\"position: relative; z-index: 2147483647;\"><\/div>\n","protected":false},"excerpt":{"rendered":"<p>&nbsp;<\/p>\n<div class=\"host-bincmiainjofjnhchmcalkanjebghoen\" style=\"position: relative; z-index: 2147483647;\"><\/div>\n","protected":false},"featured_media":12476,"comment_status":"open","ping_status":"closed","template":"","meta":[],"product_cat":[631,684],"product_tag":[],"class_list":["post-12475","product","type-product","status-publish","has-post-thumbnail","hentry","product_cat-tron-goi-noi-that-chung-cu","product_cat-tron-goi-noi-that-phong-khach"],"yoast_head":"<!-- This site is optimized with the Yoast SEO plugin v19.9 - https:\/\/yoast.com\/wordpress\/plugins\/seo\/ -->\n<title>Tr\u1ecdn g\u00f3i thi\u1ebft k\u1ebf ph\u00f2ng kh\u00e1ch 35m2 ch\u1ec9 v\u1edbi<\/title>\n<meta name=\"description\" content=\"QGHome \u0111\u01a1n v\u1ecb uy t\u00edn chuy\u00ean thi\u1ebft k\u1ebf v\u00e0 thi c\u00f4ng n\u1ed9i th\u1ea5t chung c\u01b0, n\u1ed9i th\u1ea5t ph\u00f2ng kh\u00e1ch, ph\u00f2ng ng\u1ee7 , ph\u00f2ng b\u1ebfp hi\u1ec7n \u0111\u1ea1i v\u00e0 ti\u1ec7n nghi.\" \/>\n<meta name=\"robots\" content=\"index, follow, max-snippet:-1, max-image-preview:large, max-video-preview:-1\" \/>\n<link rel=\"canonical\" href=\"https:\/\/luan.webrt.net\/qhome\/san-pham\/tron-goi-thiet-ke-phong-khach-35m2-chi-voi\/\" \/>\n<meta property=\"og:locale\" content=\"vi_VN\" \/>\n<meta property=\"og:type\" content=\"article\" \/>\n<meta property=\"og:title\" content=\"Tr\u1ecdn g\u00f3i thi\u1ebft k\u1ebf ph\u00f2ng kh\u00e1ch 35m2 ch\u1ec9 v\u1edbi\" \/>\n<meta property=\"og:description\" content=\"QGHome \u0111\u01a1n v\u1ecb uy t\u00edn chuy\u00ean thi\u1ebft k\u1ebf v\u00e0 thi c\u00f4ng n\u1ed9i th\u1ea5t chung c\u01b0, n\u1ed9i th\u1ea5t ph\u00f2ng kh\u00e1ch, ph\u00f2ng ng\u1ee7 , ph\u00f2ng b\u1ebfp hi\u1ec7n \u0111\u1ea1i v\u00e0 ti\u1ec7n nghi.\" \/>\n<meta property=\"og:url\" content=\"https:\/\/luan.webrt.net\/qhome\/san-pham\/tron-goi-thiet-ke-phong-khach-35m2-chi-voi\/\" \/>\n<meta property=\"og:site_name\" content=\"M\u1eabu web n\u1ed9i th\u1ea5t\" \/>\n<meta property=\"article:publisher\" content=\"https:\/\/www.facebook.com\/noithatqghome\" \/>\n<meta property=\"article:modified_time\" content=\"2025-11-11T09:18:57+00:00\" \/>\n<meta property=\"og:image\" content=\"https:\/\/luan.webrt.net\/qhome\/wp-content\/uploads\/2024\/09\/Vach-sofa-VSFA01.png\" \/>\n\t<meta property=\"og:image:width\" content=\"900\" \/>\n\t<meta property=\"og:image:height\" content=\"900\" \/>\n\t<meta property=\"og:image:type\" content=\"image\/png\" \/>\n<meta name=\"twitter:card\" content=\"summary_large_image\" \/>\n<meta name=\"twitter:label1\" content=\"\u01af\u1edbc t\u00ednh th\u1eddi gian \u0111\u1ecdc\" \/>\n\t<meta name=\"twitter:data1\" content=\"4 ph\u00fat\" \/>\n<script type=\"application\/ld+json\" class=\"yoast-schema-graph\">{\"@context\":\"https:\/\/schema.org\",\"@graph\":[{\"@type\":\"WebPage\",\"@id\":\"https:\/\/luan.webrt.net\/qhome\/san-pham\/tron-goi-thiet-ke-phong-khach-35m2-chi-voi\/\",\"url\":\"https:\/\/luan.webrt.net\/qhome\/san-pham\/tron-goi-thiet-ke-phong-khach-35m2-chi-voi\/\",\"name\":\"Tr\u1ecdn g\u00f3i thi\u1ebft k\u1ebf ph\u00f2ng kh\u00e1ch 35m2 ch\u1ec9 v\u1edbi\",\"isPartOf\":{\"@id\":\"https:\/\/luan.webrt.net\/qhome\/#website\"},\"datePublished\":\"2024-09-04T10:50:31+00:00\",\"dateModified\":\"2025-11-11T09:18:57+00:00\",\"description\":\"QGHome \u0111\u01a1n v\u1ecb uy t\u00edn chuy\u00ean thi\u1ebft k\u1ebf v\u00e0 thi c\u00f4ng n\u1ed9i th\u1ea5t chung c\u01b0, n\u1ed9i th\u1ea5t ph\u00f2ng kh\u00e1ch, ph\u00f2ng ng\u1ee7 , ph\u00f2ng b\u1ebfp hi\u1ec7n \u0111\u1ea1i v\u00e0 ti\u1ec7n nghi.\",\"breadcrumb\":{\"@id\":\"https:\/\/luan.webrt.net\/qhome\/san-pham\/tron-goi-thiet-ke-phong-khach-35m2-chi-voi\/#breadcrumb\"},\"inLanguage\":\"vi\",\"potentialAction\":[{\"@type\":\"ReadAction\",\"target\":[\"https:\/\/luan.webrt.net\/qhome\/san-pham\/tron-goi-thiet-ke-phong-khach-35m2-chi-voi\/\"]}]},{\"@type\":\"BreadcrumbList\",\"@id\":\"https:\/\/luan.webrt.net\/qhome\/san-pham\/tron-goi-thiet-ke-phong-khach-35m2-chi-voi\/#breadcrumb\",\"itemListElement\":[{\"@type\":\"ListItem\",\"position\":1,\"name\":\"Trang ch\u1ee7\",\"item\":\"https:\/\/luan.webrt.net\/qhome\/\"},{\"@type\":\"ListItem\",\"position\":2,\"name\":\"Shop\",\"item\":\"https:\/\/luan.webrt.net\/qhome\/shop\/\"},{\"@type\":\"ListItem\",\"position\":3,\"name\":\"Tr\u1ecdn g\u00f3i thi\u1ebft k\u1ebf ph\u00f2ng kh\u00e1ch 35m2 ch\u1ec9 v\u1edbi\"}]},{\"@type\":\"WebSite\",\"@id\":\"https:\/\/luan.webrt.net\/qhome\/#website\",\"url\":\"https:\/\/luan.webrt.net\/qhome\/\",\"name\":\"M\u1eabu web n\u1ed9i th\u1ea5t\",\"description\":\"QGHome Vi\u1ec7t Nam\",\"publisher\":{\"@id\":\"https:\/\/luan.webrt.net\/qhome\/#organization\"},\"potentialAction\":[{\"@type\":\"SearchAction\",\"target\":{\"@type\":\"EntryPoint\",\"urlTemplate\":\"https:\/\/luan.webrt.net\/qhome\/?s={search_term_string}\"},\"query-input\":\"required name=search_term_string\"}],\"inLanguage\":\"vi\"},{\"@type\":\"Organization\",\"@id\":\"https:\/\/luan.webrt.net\/qhome\/#organization\",\"name\":\"QGHome\",\"url\":\"https:\/\/luan.webrt.net\/qhome\/\",\"logo\":{\"@type\":\"ImageObject\",\"inLanguage\":\"vi\",\"@id\":\"https:\/\/luan.webrt.net\/qhome\/#\/schema\/logo\/image\/\",\"url\":\"https:\/\/qghome.vn\/wp-content\/uploads\/2025\/08\/logo-mau-MauTH-21.png\",\"contentUrl\":\"https:\/\/qghome.vn\/wp-content\/uploads\/2025\/08\/logo-mau-MauTH-21.png\",\"width\":253,\"height\":99,\"caption\":\"QGHome\"},\"image\":{\"@id\":\"https:\/\/luan.webrt.net\/qhome\/#\/schema\/logo\/image\/\"},\"sameAs\":[\"https:\/\/www.tiktok.com\/@qghome.official\",\"https:\/\/www.youtube.com\/channel\/UCeVBuKTXkv-u94DS421cklw\",\"https:\/\/www.facebook.com\/noithatqghome\"]}]}<\/script>\n<!-- \/ Yoast SEO plugin. -->","yoast_head_json":{"title":"Tr\u1ecdn g\u00f3i thi\u1ebft k\u1ebf ph\u00f2ng kh\u00e1ch 35m2 ch\u1ec9 v\u1edbi","description":"QGHome \u0111\u01a1n v\u1ecb uy t\u00edn chuy\u00ean thi\u1ebft k\u1ebf v\u00e0 thi c\u00f4ng n\u1ed9i th\u1ea5t chung c\u01b0, n\u1ed9i th\u1ea5t ph\u00f2ng kh\u00e1ch, ph\u00f2ng ng\u1ee7 , ph\u00f2ng b\u1ebfp hi\u1ec7n \u0111\u1ea1i v\u00e0 ti\u1ec7n nghi.","robots":{"index":"index","follow":"follow","max-snippet":"max-snippet:-1","max-image-preview":"max-image-preview:large","max-video-preview":"max-video-preview:-1"},"canonical":"https:\/\/luan.webrt.net\/qhome\/san-pham\/tron-goi-thiet-ke-phong-khach-35m2-chi-voi\/","og_locale":"vi_VN","og_type":"article","og_title":"Tr\u1ecdn g\u00f3i thi\u1ebft k\u1ebf ph\u00f2ng kh\u00e1ch 35m2 ch\u1ec9 v\u1edbi","og_description":"QGHome \u0111\u01a1n v\u1ecb uy t\u00edn chuy\u00ean thi\u1ebft k\u1ebf v\u00e0 thi c\u00f4ng n\u1ed9i th\u1ea5t chung c\u01b0, n\u1ed9i th\u1ea5t ph\u00f2ng kh\u00e1ch, ph\u00f2ng ng\u1ee7 , ph\u00f2ng b\u1ebfp hi\u1ec7n \u0111\u1ea1i v\u00e0 ti\u1ec7n nghi.","og_url":"https:\/\/luan.webrt.net\/qhome\/san-pham\/tron-goi-thiet-ke-phong-khach-35m2-chi-voi\/","og_site_name":"M\u1eabu web n\u1ed9i th\u1ea5t","article_publisher":"https:\/\/www.facebook.com\/noithatqghome","article_modified_time":"2025-11-11T09:18:57+00:00","og_image":[{"width":900,"height":900,"url":"https:\/\/luan.webrt.net\/qhome\/wp-content\/uploads\/2024\/09\/Vach-sofa-VSFA01.png","type":"image\/png"}],"twitter_card":"summary_large_image","twitter_misc":{"\u01af\u1edbc t\u00ednh th\u1eddi gian \u0111\u1ecdc":"4 ph\u00fat"},"schema":{"@context":"https:\/\/schema.org","@graph":[{"@type":"WebPage","@id":"https:\/\/luan.webrt.net\/qhome\/san-pham\/tron-goi-thiet-ke-phong-khach-35m2-chi-voi\/","url":"https:\/\/luan.webrt.net\/qhome\/san-pham\/tron-goi-thiet-ke-phong-khach-35m2-chi-voi\/","name":"Tr\u1ecdn g\u00f3i thi\u1ebft k\u1ebf ph\u00f2ng kh\u00e1ch 35m2 ch\u1ec9 v\u1edbi","isPartOf":{"@id":"https:\/\/luan.webrt.net\/qhome\/#website"},"datePublished":"2024-09-04T10:50:31+00:00","dateModified":"2025-11-11T09:18:57+00:00","description":"QGHome \u0111\u01a1n v\u1ecb uy t\u00edn chuy\u00ean thi\u1ebft k\u1ebf v\u00e0 thi c\u00f4ng n\u1ed9i th\u1ea5t chung c\u01b0, n\u1ed9i th\u1ea5t ph\u00f2ng kh\u00e1ch, ph\u00f2ng ng\u1ee7 , ph\u00f2ng b\u1ebfp hi\u1ec7n \u0111\u1ea1i v\u00e0 ti\u1ec7n nghi.","breadcrumb":{"@id":"https:\/\/luan.webrt.net\/qhome\/san-pham\/tron-goi-thiet-ke-phong-khach-35m2-chi-voi\/#breadcrumb"},"inLanguage":"vi","potentialAction":[{"@type":"ReadAction","target":["https:\/\/luan.webrt.net\/qhome\/san-pham\/tron-goi-thiet-ke-phong-khach-35m2-chi-voi\/"]}]},{"@type":"BreadcrumbList","@id":"https:\/\/luan.webrt.net\/qhome\/san-pham\/tron-goi-thiet-ke-phong-khach-35m2-chi-voi\/#breadcrumb","itemListElement":[{"@type":"ListItem","position":1,"name":"Trang ch\u1ee7","item":"https:\/\/luan.webrt.net\/qhome\/"},{"@type":"ListItem","position":2,"name":"Shop","item":"https:\/\/luan.webrt.net\/qhome\/shop\/"},{"@type":"ListItem","position":3,"name":"Tr\u1ecdn g\u00f3i thi\u1ebft k\u1ebf ph\u00f2ng kh\u00e1ch 35m2 ch\u1ec9 v\u1edbi"}]},{"@type":"WebSite","@id":"https:\/\/luan.webrt.net\/qhome\/#website","url":"https:\/\/luan.webrt.net\/qhome\/","name":"M\u1eabu web n\u1ed9i th\u1ea5t","description":"QGHome Vi\u1ec7t Nam","publisher":{"@id":"https:\/\/luan.webrt.net\/qhome\/#organization"},"potentialAction":[{"@type":"SearchAction","target":{"@type":"EntryPoint","urlTemplate":"https:\/\/luan.webrt.net\/qhome\/?s={search_term_string}"},"query-input":"required name=search_term_string"}],"inLanguage":"vi"},{"@type":"Organization","@id":"https:\/\/luan.webrt.net\/qhome\/#organization","name":"QGHome","url":"https:\/\/luan.webrt.net\/qhome\/","logo":{"@type":"ImageObject","inLanguage":"vi","@id":"https:\/\/luan.webrt.net\/qhome\/#\/schema\/logo\/image\/","url":"https:\/\/qghome.vn\/wp-content\/uploads\/2025\/08\/logo-mau-MauTH-21.png","contentUrl":"https:\/\/qghome.vn\/wp-content\/uploads\/2025\/08\/logo-mau-MauTH-21.png","width":253,"height":99,"caption":"QGHome"},"image":{"@id":"https:\/\/luan.webrt.net\/qhome\/#\/schema\/logo\/image\/"},"sameAs":["https:\/\/www.tiktok.com\/@qghome.official","https:\/\/www.youtube.com\/channel\/UCeVBuKTXkv-u94DS421cklw","https:\/\/www.facebook.com\/noithatqghome"]}]}},"_links":{"self":[{"href":"https:\/\/luan.webrt.net\/qhome\/wp-json\/wp\/v2\/product\/12475","targetHints":{"allow":["GET"]}}],"collection":[{"href":"https:\/\/luan.webrt.net\/qhome\/wp-json\/wp\/v2\/product"}],"about":[{"href":"https:\/\/luan.webrt.net\/qhome\/wp-json\/wp\/v2\/types\/product"}],"replies":[{"embeddable":true,"href":"https:\/\/luan.webrt.net\/qhome\/wp-json\/wp\/v2\/comments?post=12475"}],"wp:featuredmedia":[{"embeddable":true,"href":"https:\/\/luan.webrt.net\/qhome\/wp-json\/wp\/v2\/media\/12476"}],"wp:attachment":[{"href":"https:\/\/luan.webrt.net\/qhome\/wp-json\/wp\/v2\/media?parent=12475"}],"wp:term":[{"taxonomy":"product_cat","embeddable":true,"href":"https:\/\/luan.webrt.net\/qhome\/wp-json\/wp\/v2\/product_cat?post=12475"},{"taxonomy":"product_tag","embeddable":true,"href":"https:\/\/luan.webrt.net\/qhome\/wp-json\/wp\/v2\/product_tag?post=12475"}],"curies":[{"name":"wp","href":"https:\/\/api.w.org\/{rel}","templated":true}]}}