{"id":12465,"date":"2024-09-04T09:07:44","date_gmt":"2024-09-04T09:07:44","guid":{"rendered":"https:\/\/qghome.vn\/?post_type=product&#038;p=12465"},"modified":"2024-09-04T09:21:26","modified_gmt":"2024-09-04T09:21:26","slug":"tron-go-thiet-ke-phong-bep-35m2-chi-voi","status":"publish","type":"product","link":"https:\/\/luan.webrt.net\/qhome\/san-pham\/tron-go-thiet-ke-phong-bep-35m2-chi-voi\/","title":{"rendered":"Tr\u1ecdn g\u00f3i thi\u1ebft k\u1ebf ph\u00f2ng b\u1ebfp 35m2 ch\u1ec9 v\u1edbi"},"content":{"rendered":"<h2 style=\"text-align: center;\"><strong>THI\u1ebeT K\u1ebe L\u1eaeP \u0110\u1eb6T TR\u1eccN G\u00d3I CAM K\u1ebeT CH\u1ea4T L\u01af\u1ee2NG GI\u00c1 T\u1ed0T NH\u1ea4T<\/strong><\/h2>\n<p style=\"text-align: center;\"><strong>Giao h\u00e0ng to\u00e0n qu\u1ed1c l\u1eafp \u0111\u1eb7t trong ng\u00e0y<\/strong><\/p>\n<p style=\"text-align: center;\"><strong>G\u1ecdi ngay:\u00a0<span style=\"color: #ed1c24;\"><a style=\"color: #ed1c24;\" href=\"tel:0983368623\">0983 368 623<\/a><\/span><\/strong><\/p>\n<p>Ti\u1ec7n \u00edch tr\u1ecdn g\u00f3i ph\u00f2ng b\u1ebfp bao g\u1ed3m: <a href=\"https:\/\/qghome.vn\/tu-bep-go-mdf-chu-u-sang-trong-tb05\/\">Tron g\u00f3i t\u1ee7 b\u1ebfp TB05<\/a>, 1 <a href=\"https:\/\/qghome.vn\/bo-ban-an-ban10\/\">b\u00e0n \u0103n BAN10<\/a><\/p>\n<h2><strong>1. T\u1ee7 b\u1ebfp &#8211; Thi\u1ebft k\u1ebf tr\u1ecdn g\u00f3i ph\u00f2ng b\u1ebfp 35m2 hi\u1ec7n \u0111\u1ea1i<\/strong><\/h2>\n<p>L\u1ea5y c\u1ea3m h\u1ee9ng t\u1eeb phong c\u00e1ch s\u1ed1ng hi\u1ec7n \u0111\u1ea1i v\u00e0 tinh t\u1ebf, t\u1ee7 b\u1ebfp g\u1ed7 MDF ch\u1eef L 2mx2m TB05 \u0111\u01b0\u1ee3c QGHome thi\u1ebft k\u1ebf mang \u0111\u1ebfn s\u1ef1 ho\u00e0n h\u1ea3o cho m\u1ecdi kh\u00f4ng gian b\u1ebfp, t\u1eeb nh\u1eefng c\u0103n h\u1ed9 chung c\u01b0 \u0111\u1ebfn nh\u00e0 ph\u1ed1. V\u1edbi ki\u1ec3u d\u00e1ng g\u1ecdn g\u00e0ng v\u00e0 \u0111\u01b0\u1eddng n\u00e9t thanh l\u1ecbch, t\u1ee7 b\u1ebfp ch\u1eef L kh\u00f4ng ch\u1ec9 ch\u00fa tr\u1ecdng \u0111\u1ebfn t\u00ednh th\u1ea9m m\u1ef9 m\u00e0 c\u00f2n t\u1ed1i \u01b0u h\u00f3a c\u00f4ng n\u0103ng s\u1eed d\u1ee5ng.<\/p>\n<div class=\"vc_row row vc_custom_1627481168924\">\n<div class=\"vc_ col-sm-12\">\n<div class=\"vc_column-inner \">\n<div class=\"wpb_wrapper\">\n<div class=\"wpb_text_column wpb_content_element \">\n<div class=\"wpb_wrapper\">\n<h2><b>Th\u00f4ng s\u1ed1 s\u1ea3n ph\u1ea9m<\/b><\/h2>\n<table>\n<tbody>\n<tr>\n<td>K\u00edch th\u01b0\u1edbc<\/td>\n<td>\n<ul>\n<li aria-level=\"1\">T\u1ee7 b\u1ebfp tr\u00ean: (R) 2000 x ( C) 700 x (D) 2000 mm<\/li>\n<li aria-level=\"1\">T\u1ee7 b\u1ebfp d\u01b0\u1edbi: (R) 2000 x ( C) 810 x (D) 2000 mm<\/li>\n<li aria-level=\"1\">T\u1ee7 b\u1ebfp k\u1ecbch tr\u1ea7n: (R) 2000 x ( C) 400 x (D) 2000 mm<\/li>\n<\/ul>\n<\/td>\n<\/tr>\n<tr>\n<td>Ch\u1ea5t li\u1ec7u<\/td>\n<td>\n<ul>\n<li aria-level=\"1\">V\u00e1n g\u1ed7 MDF ch\u1ea5t l\u01b0\u1ee3ng cao, h\u1ea1n ch\u1ebf t\u1ed1i \u0111a t\u00ecnh tr\u1ea1ng cong v\u00eanh, bi\u1ebfn d\u1ea1ng, th\u00e2n thi\u1ec7n v\u1edbi m\u00f4i tr\u01b0\u1eddng v\u00e0 an to\u00e0n v\u1edbi s\u1ee9c kh\u1ecfe ng\u01b0\u1eddi s\u1eed d\u1ee5ng.<\/li>\n<li aria-level=\"1\">Thi\u1ebft k\u1ebf d\u00e0y 18mm, vi\u1ec1n t\u1ee7 s\u1eed d\u1ee5ng n\u1eb9p bao quanh, ch\u1ed1ng tr\u1ea7y x\u01b0\u1edbc khi va ch\u1ea1m nh\u1eb9, b\u1ec1n \u0111\u1eb9p v\u00e0 t\u0103ng t\u00ednh th\u1ea9m m\u1ef9.<\/li>\n<\/ul>\n<\/td>\n<\/tr>\n<tr>\n<td>Ph\u1ee5 ki\u1ec7n<\/td>\n<td>\n<ul>\n<li aria-level=\"1\">B\u1ebfp t\u1eeb v\u00e0 \u0111\u00e1 b\u00e0n b\u1ebfp.<\/li>\n<li aria-level=\"1\">M\u00e1y h\u00fat m\u00f9i v\u00e0 m\u00e1y r\u1eeda b\u00e1t.<\/li>\n<li aria-level=\"1\">K\u00ednh b\u1ebfp v\u00e0 \u0111\u00e1 b\u00e0n b\u1ebfp.<\/li>\n<li aria-level=\"1\">Ch\u1eadu + v\u00f2i r\u1eeda b\u00e1t.<\/li>\n<li aria-level=\"1\">\u0110\u00e8n led c\u1ea3m bi\u1ebfn t\u1eaft m\u1edf khu v\u1ef1c b\u1ebfp.<\/li>\n<li aria-level=\"1\">Gi\u00e1 xoong n\u1ed3i h\u1ec7 t\u1ee7 d\u01b0\u1edbi.<\/li>\n<li aria-level=\"1\">Gi\u00e1 b\u00e1t \u0111\u0129a n\u00e2ng h\u1ea1 ho\u1eb7c gi\u00e1 b\u00e1t c\u01a1 b\u1ea3n.<\/li>\n<li aria-level=\"1\">Gi\u00e1 dao th\u1edbt + gia v\u1ecb.<\/li>\n<li aria-level=\"1\">Th\u00f9ng \u0111\u1ef1ng g\u1ea1o \u00e2m t\u1ee7.<\/li>\n<li aria-level=\"1\">Th\u00f9ng \u0111\u1ef1ng r\u00e1c \u00e2m t\u1ee7.<\/li>\n<\/ul>\n<p>(Tu\u1ef3 thu\u1ed9c v\u00e0o t\u1eebng kh\u00f4ng gian v\u00e0 mong mu\u1ed1n thi\u1ebft k\u1ebf c\u1ee7a gia ch\u1ee7 s\u1ebd c\u00f3 t\u1eebng ph\u1ee5 ki\u1ec7n kh\u00e1c nhau)<\/td>\n<\/tr>\n<tr>\n<td>Ch\u1ea5t Li\u1ec7u<\/td>\n<td>\n<ul>\n<li aria-level=\"1\">S\u1eed d\u1ee5ng ch\u1ea5t li\u1ec7u kim lo\u1ea1i cao c\u1ea5p, ch\u1eafc ch\u1eafn, \u0111\u1ed9 b\u1ec1n cao, \u0111\u00e3 \u0111\u01b0\u1ee3c x\u1eed l\u00fd ch\u1ed1ng \u0103n m\u00f2n, ch\u1ed1ng g\u1ec9 s\u00e9t.<\/li>\n<\/ul>\n<\/td>\n<\/tr>\n<tr>\n<td>M\u00e0u s\u1eafc<\/td>\n<td>\n<ul>\n<li aria-level=\"1\">Ph\u1ed1i m\u00e0u g\u1ed7 \u0111en, tr\u1eafng, n\u00e2u,\u2026v\u00e0 v\u00e2n g\u1ed7 sang tr\u1ecdng.<\/li>\n<\/ul>\n<\/td>\n<\/tr>\n<\/tbody>\n<\/table>\n<\/div>\n<\/div>\n<\/div>\n<\/div>\n<\/div>\n<\/div>\n<figure id=\"attachment_12468\" aria-describedby=\"caption-attachment-12468\" style=\"width: 800px\" class=\"wp-caption aligncenter\"><img loading=\"lazy\" decoding=\"async\" class=\"wp-image-12468 size-large\" src=\"http:\/\/qghome.vn\/wp-content\/uploads\/2024\/09\/Tron-goi-tu-bep-TB05-800x800.png\" alt=\"Tron g\u00f3i t\u1ee7 b\u1ebfp TB05\" width=\"800\" height=\"800\" srcset=\"https:\/\/luan.webrt.net\/qhome\/wp-content\/uploads\/2024\/09\/Tron-goi-tu-bep-TB05-800x800.png 800w, https:\/\/luan.webrt.net\/qhome\/wp-content\/uploads\/2024\/09\/Tron-goi-tu-bep-TB05-100x100.png 100w, https:\/\/luan.webrt.net\/qhome\/wp-content\/uploads\/2024\/09\/Tron-goi-tu-bep-TB05-510x510.png 510w, https:\/\/luan.webrt.net\/qhome\/wp-content\/uploads\/2024\/09\/Tron-goi-tu-bep-TB05-400x400.png 400w, https:\/\/luan.webrt.net\/qhome\/wp-content\/uploads\/2024\/09\/Tron-goi-tu-bep-TB05-280x280.png 280w, https:\/\/luan.webrt.net\/qhome\/wp-content\/uploads\/2024\/09\/Tron-goi-tu-bep-TB05-768x768.png 768w, https:\/\/luan.webrt.net\/qhome\/wp-content\/uploads\/2024\/09\/Tron-goi-tu-bep-TB05.png 900w\" sizes=\"auto, (max-width: 800px) 100vw, 800px\" \/><figcaption id=\"caption-attachment-12468\" class=\"wp-caption-text\">Tron g\u00f3i t\u1ee7 b\u1ebfp TB05<\/figcaption><\/figure>\n<p>T\u1ee7 b\u1ebfp g\u1ed7 MDF ch\u1eef L 2mx2m TB05 \u0111\u01b0\u1ee3c ch\u1ebf t\u00e1c t\u1eeb g\u1ed7 MDF cao c\u1ea5p, \u0111\u1ea3m b\u1ea3o \u0111\u1ed9 b\u1ec1n b\u1ec9 v\u00e0 ch\u1eafc ch\u1eafn, ph\u1ee7 l\u1edbp melamine ch\u1ea5t l\u01b0\u1ee3ng cao gi\u00fap b\u1ec1 m\u1eb7t t\u1ee7 ch\u1ed1ng tr\u1ea7y x\u01b0\u1edbc, ch\u1ed1ng \u1ea9m v\u00e0 d\u1ec5 d\u00e0ng v\u1ec7 sinh. Thi\u1ebft k\u1ebf t\u1ee7 b\u1ebfp ch\u1eef L ph\u00f9 h\u1ee3p v\u1edbi c\u00e1c c\u0103n b\u1ebfp c\u00f3 di\u1ec7n t\u00edch l\u1edbn, t\u1ea1o n\u00ean s\u1ef1 li\u1ec1n m\u1ea1ch v\u00e0 ti\u1ec7n d\u1ee5ng trong qu\u00e1 tr\u00ecnh n\u1ea5u n\u01b0\u1edbng.<\/p>\n<h2><strong>2. B\u00e0n \u0103n<\/strong> &#8211; <strong>Thi\u1ebft k\u1ebf tr\u1ecdn g\u00f3i ph\u00f2ng b\u1ebfp 35m2 hi\u1ec7n \u0111\u1ea1i<\/strong><\/h2>\n<div class=\"vc_row row vc_custom_1627481168924\">\n<div class=\"vc_ col-sm-12\">\n<div class=\"vc_column-inner \">\n<div class=\"wpb_wrapper\">\n<div class=\"wpb_text_column wpb_content_element \">\n<div class=\"wpb_wrapper\">\n<div class=\"vc_row row vc_custom_1627481168924\">\n<div class=\"vc_ col-sm-12\">\n<div class=\"vc_column-inner \">\n<div class=\"wpb_wrapper\">\n<div class=\"wpb_text_column wpb_content_element \">\n<div class=\"wpb_wrapper\">\n<div class=\"vc_row row vc_custom_1627481168924\">\n<div class=\"vc_ col-sm-12\">\n<div class=\"vc_column-inner \">\n<div class=\"wpb_wrapper\">\n<div class=\"wpb_text_column wpb_content_element \">\n<div class=\"wpb_wrapper\">\n<div class=\"flex max-w-full flex-col flex-grow\">\n<div class=\"min-h-[20px] text-message flex w-full flex-col items-end gap-2 break-words [.text-message+&amp;]:mt-5 overflow-x-auto whitespace-normal\" dir=\"auto\" data-message-author-role=\"assistant\" data-message-id=\"63c33afd-de73-48a0-9fa5-30ed3dbda344\">\n<div class=\"flex w-full flex-col gap-1 empty:hidden first:pt-[3px]\">\n<div class=\"markdown prose w-full break-words dark:prose-invert light\">\n<p>M\u1ed7i chi ti\u1ebft c\u1ee7a b\u1ed9 b\u00e0n \u0103n BAN10 \u0103n \u0111\u1ec1u \u0111\u01b0\u1ee3c ch\u0103m ch\u00fat t\u1ec9 m\u1ec9, mang \u0111\u1ebfn s\u1ef1 h\u00e0i h\u00f2a cho kh\u00f4ng gian s\u1ed1ng c\u1ee7a b\u1ea1n. V\u1edbi k\u00edch th\u01b0\u1edbc \u0111\u01b0\u1ee3c t\u00ednh to\u00e1n k\u1ef9 l\u01b0\u1ee1ng, s\u1ea3n ph\u1ea9m kh\u00f4ng ch\u1ec9 t\u1ed1i \u01b0u di\u1ec7n t\u00edch m\u00e0 c\u00f2n mang l\u1ea1i s\u1ef1 linh ho\u1ea1t trong vi\u1ec7c s\u1eafp x\u1ebfp n\u1ed9i th\u1ea5t. D\u00f9 b\u1ea1n mu\u1ed1n di chuy\u1ec3n hay b\u1ed1 tr\u00ed \u1edf b\u1ea5t k\u1ef3 g\u00f3c n\u00e0o trong ng\u00f4i nh\u00e0, b\u00e0n \u0103n BAN10 v\u1eabn \u0111\u1ea3m b\u1ea3o s\u1ef1 ti\u1ec7n nghi v\u00e0 th\u1ea9m m\u1ef9, gi\u00fap c\u0103n nh\u00e0 c\u1ee7a b\u1ea1n lu\u00f4n g\u1ecdn g\u00e0ng v\u00e0 \u1ea5m c\u00fang.<\/p>\n<\/div>\n<\/div>\n<\/div>\n<\/div>\n<div class=\"vc_row row vc_custom_1627481168924\">\n<div class=\"vc_ col-sm-12\">\n<div class=\"vc_column-inner \">\n<div class=\"wpb_wrapper\">\n<div class=\"wpb_text_column wpb_content_element \">\n<div class=\"wpb_wrapper\">\n<h2><b>Th\u00f4ng s\u1ed1 s\u1ea3n ph\u1ea9m<\/b><\/h2>\n<table>\n<tbody>\n<tr>\n<td>K\u00edch th\u01b0\u1edbc<\/td>\n<td>\n<ul>\n<li aria-level=\"1\">W1200 x H750 mm<\/li>\n<li aria-level=\"1\">W1400 x H750 mm<\/li>\n<li aria-level=\"1\">W1500 x H750 mm<\/li>\n<li aria-level=\"1\">W1600 x H750 mm<\/li>\n<\/ul>\n<\/td>\n<\/tr>\n<tr>\n<td>Ch\u1ea5t li\u1ec7u<\/td>\n<td>\n<ul>\n<li aria-level=\"1\">S\u1eed d\u1ee5ng v\u00e1n g\u1ed7 MDF ch\u1ea5t l\u01b0\u1ee3ng cao, \u0111\u1ea3m b\u1ea3o h\u1ea1n ch\u1ebf t\u1ed1i \u0111a t\u00ecnh tr\u1ea1ng cong v\u00eanh v\u00e0 bi\u1ebfn d\u1ea1ng, \u0111\u1ed3ng th\u1eddi th\u00e2n thi\u1ec7n v\u1edbi m\u00f4i tr\u01b0\u1eddng v\u00e0 an to\u00e0n cho s\u1ee9c kh\u1ecfe ng\u01b0\u1eddi s\u1eed d\u1ee5ng.<\/li>\n<li aria-level=\"1\">M\u1eb7t b\u00e0n \u0103n \u0111\u01b0\u1ee3c thi\u1ebft k\u1ebf v\u00e1t c\u1ea1nh, c\u00f3 \u0111\u1ed9 d\u00e0y 18mm, mang l\u1ea1i s\u1ef1 ch\u1eafc ch\u1eafn v\u00e0 th\u1ea9m m\u1ef9.<\/li>\n<li aria-level=\"1\">Vi\u1ec1n bao quanh m\u1eb7t b\u00e0n \u0103n \u0111\u01b0\u1ee3c l\u00e0m t\u1eeb ch\u1ea5t li\u1ec7u PVC, gi\u00fap ch\u1ed1ng tr\u1ea7y x\u01b0\u1edbc khi va ch\u1ea1m nh\u1eb9, b\u1ec1n \u0111\u1eb9p v\u00e0 t\u0103ng t\u00ednh th\u1ea9m m\u1ef9 cho s\u1ea3n ph\u1ea9m.<\/li>\n<li aria-level=\"1\">S\u1ea3n ph\u1ea9m c\u00f3 kh\u1ea3 n\u0103ng ch\u1ed1ng th\u1ea5m n\u01b0\u1edbc cao, d\u1ec5 d\u00e0ng lau ch\u00f9i, gi\u1eef cho b\u1ec1 m\u1eb7t lu\u00f4n s\u1ea1ch s\u1ebd v\u00e0 b\u1ec1n b\u1ec9.<\/li>\n<\/ul>\n<\/td>\n<\/tr>\n<tr>\n<td>Ph\u1ee5 ki\u1ec7n<\/td>\n<td>\n<ul>\n<li aria-level=\"1\">Ph\u1ee5 ki\u1ec7n s\u1eed d\u1ee5ng ch\u1ea5t li\u1ec7u kim lo\u1ea1i cao c\u1ea5p, ch\u1eafc ch\u1eafn, \u0111\u1ed9 b\u1ec1n cao, \u0111\u00e3 \u0111\u01b0\u1ee3c x\u1eed l\u00fd ch\u1ed1ng \u0103n m\u00f2n, ch\u1ed1ng g\u1ec9 s\u00e9t.<\/li>\n<\/ul>\n<\/td>\n<\/tr>\n<tr>\n<td>M\u00e0u s\u1eafc<\/td>\n<td>\n<ul>\n<li aria-level=\"1\">Ph\u1ed1i m\u00e0u g\u1ed7 \u0111en, tr\u1eafng, n\u00e2u v\u00e0 v\u00e2n g\u1ed7 sang tr\u1ecdng.<\/li>\n<\/ul>\n<\/td>\n<\/tr>\n<\/tbody>\n<\/table>\n<figure id=\"attachment_12467\" aria-describedby=\"caption-attachment-12467\" style=\"width: 800px\" class=\"wp-caption aligncenter\"><img loading=\"lazy\" decoding=\"async\" class=\"wp-image-12467 size-large\" src=\"http:\/\/qghome.vn\/wp-content\/uploads\/2024\/09\/Ban-an-BAN10-800x800.png\" alt=\"B\u00e0n \u0103n BAN10\" width=\"800\" height=\"800\" srcset=\"https:\/\/luan.webrt.net\/qhome\/wp-content\/uploads\/2024\/09\/Ban-an-BAN10-800x800.png 800w, https:\/\/luan.webrt.net\/qhome\/wp-content\/uploads\/2024\/09\/Ban-an-BAN10-100x100.png 100w, https:\/\/luan.webrt.net\/qhome\/wp-content\/uploads\/2024\/09\/Ban-an-BAN10-510x510.png 510w, https:\/\/luan.webrt.net\/qhome\/wp-content\/uploads\/2024\/09\/Ban-an-BAN10-400x400.png 400w, https:\/\/luan.webrt.net\/qhome\/wp-content\/uploads\/2024\/09\/Ban-an-BAN10-280x280.png 280w, https:\/\/luan.webrt.net\/qhome\/wp-content\/uploads\/2024\/09\/Ban-an-BAN10-768x768.png 768w, https:\/\/luan.webrt.net\/qhome\/wp-content\/uploads\/2024\/09\/Ban-an-BAN10.png 900w\" sizes=\"auto, (max-width: 800px) 100vw, 800px\" \/><figcaption id=\"caption-attachment-12467\" class=\"wp-caption-text\">B\u00e0n \u0103n BAN10<\/figcaption><\/figure>\n<p>B\u1ed9 b\u00e0n \u0103n BAN10\u00a0l\u00e0 s\u1ef1 l\u1ef1a ch\u1ecdn l\u00fd t\u01b0\u1edfng cho nh\u1eefng ai y\u00eau th\u00edch thi\u1ebft k\u1ebf t\u1ed1i gi\u1ea3n v\u00e0 s\u1ef1 sang tr\u1ecdng trong kh\u00f4ng gian s\u1ed1ng c\u1ee7a m\u00ecnh. V\u1edbi k\u00edch th\u01b0\u1edbc 1200mm x 750mm x 750mm, r\u1ea5t ph\u00f9 h\u1ee3p cho c\u1ea3 nh\u1eefng c\u0103n b\u1ebfo nh\u1ecf v\u00e0 nh\u1eefng kh\u00f4ng gian r\u1ed9ng r\u00e3i h\u01a1n. \u0110\u01b0\u1ee3c ch\u1ebf t\u00e1c t\u1eeb g\u1ed7 MDF c\u00f9ng l\u1edbp ph\u1ee7 melamine, kh\u00f4ng ch\u1ec9 \u0111\u1ea3m b\u1ea3o t\u00ednh th\u1ea9m m\u1ef9 m\u00e0 c\u00f2n mang l\u1ea1i s\u1ef1 b\u1ec1n b\u1ec9 v\u00e0 d\u1ec5 b\u1ea3o tr\u00ec.<\/p>\n<\/div>\n<\/div>\n<\/div>\n<\/div>\n<\/div>\n<\/div>\n<\/div>\n<\/div>\n<\/div>\n<\/div>\n<\/div>\n<\/div>\n<\/div>\n<\/div>\n<\/div>\n<\/div>\n<\/div>\n<\/div>\n<\/div>\n<\/div>\n<\/div>\n<\/div>\n<\/div>\n<\/div>\n<h2><strong>N\u1ed9i th\u1ea5t QGHOME \u2013 \u0110\u01a1n v\u1ecb thi\u1ebft k\u1ebf n\u1ed9i th\u1ea5t uy t\u00edn<\/strong><\/h2>\n<p>H\u00e3y \u0111\u1ec3 ch\u00fang t\u00f4i c\u00f9ng b\u1ea1n t\u1ea1o ra m\u1ed9t kh\u00f4ng gian s\u1ed1ng hi\u1ec7n \u0111\u1ea1i v\u00e0 ti\u1ec7n nghi nh\u1ea5t. Li\u00ean h\u1ec7 v\u1edbi QGHome ngay h\u00f4m nay \u0111\u1ec3 bi\u1ebft th\u00eam th\u00f4ng tin v\u00e0 nh\u1eadn \u0111\u01b0\u1ee3c s\u1ef1 t\u01b0 v\u1ea5n chuy\u00ean nghi\u1ec7p t\u1eeb \u0111\u1ed9i ng\u0169 c\u1ee7a ch\u00fang t\u00f4i<\/p>\n<p>\u2014\u2014\u2014\u2014\u2014\u2014\u2014\u2014\u2014\u2014\u2014\u2014\u2014\u2014\u2014\u2014\u2013<\/p>\n<p>Khu v\u1ef1c H\u00e0 N\u1ed9i: S\u1ed1 72\/70 Xu\u00e2n Ph\u01b0\u01a1ng, Qu\u1eadn Nam T\u1eeb Li\u00eam, H\u00e0 N\u1ed9i<\/p>\n<p>Khu v\u1ef1c H\u1ed3 Ch\u00ed Minh: 299 TL8, T\u00e2n Th\u1ea1nh T\u00e2y, C\u1ee7 Chi, Th\u00e0nh ph\u1ed1 H\u1ed3 Ch\u00ed Minh<\/p>\n<p>Khu v\u1ef1c B\u1eafc Giang: \u0110\u01b0\u1eddng 276, H. Hi\u1ec7p Ho\u00e0, B\u1eafc Giang<\/p>\n<p>\ud83d\udcde Hotline: 0983.368.623<\/p>\n<p>\ud83c\udf0fWebsite: https:\/\/qghome.vn<\/p>\n<p>\ud83d\udccd Facebook: https:\/\/www.facebook.com\/noithatqghome<\/p>\n<p>\ud83d\udc8c Email: qghome.official@gmail.com<\/p>\n","protected":false},"excerpt":{"rendered":"<p><strong>Thi\u1ebft k\u1ebf ph\u00f9 h\u1ee3p phong c\u00e1ch kh\u1eb3ng \u0111\u1ecbnh ch\u1ea5t ri\u00eang<\/strong><\/p>\n<p>Ti\u1ec7n \u00edch tr\u1ecdn g\u00f3i ph\u00f2ng b\u1ebfp bao g\u1ed3m: <a href=\"https:\/\/qghome.vn\/tu-bep-go-mdf-chu-u-sang-trong-tb05\/\">Tron g\u00f3i t\u1ee7 b\u1ebfp TB05<\/a>, 1 <a href=\"https:\/\/qghome.vn\/bo-ban-an-ban10\/\">b\u00e0n \u0103n BAN10<\/a><\/p>\n","protected":false},"featured_media":12468,"comment_status":"open","ping_status":"closed","template":"","meta":[],"product_cat":[631,632],"product_tag":[],"class_list":["post-12465","product","type-product","status-publish","has-post-thumbnail","hentry","product_cat-tron-goi-noi-that-chung-cu","product_cat-tron-goi-noi-that-phong-bep"],"yoast_head":"<!-- This site is optimized with the Yoast SEO plugin v19.9 - https:\/\/yoast.com\/wordpress\/plugins\/seo\/ -->\n<title>Tr\u1ecdn g\u00f3i thi\u1ebft k\u1ebf ph\u00f2ng b\u1ebfp 35m2 ch\u1ec9 v\u1edbi<\/title>\n<meta name=\"description\" content=\"QGHome \u0111\u01a1n v\u1ecb uy t\u00edn chuy\u00ean thi\u1ebft k\u1ebf v\u00e0 thi c\u00f4ng n\u1ed9i th\u1ea5t chung c\u01b0, n\u1ed9i th\u1ea5t ph\u00f2ng kh\u00e1ch, ph\u00f2ng ng\u1ee7 , ph\u00f2ng b\u1ebfp hi\u1ec7n \u0111\u1ea1i v\u00e0 ti\u1ec7n nghi.\" \/>\n<meta name=\"robots\" content=\"index, follow, max-snippet:-1, max-image-preview:large, max-video-preview:-1\" \/>\n<link rel=\"canonical\" href=\"https:\/\/luan.webrt.net\/qhome\/san-pham\/tron-go-thiet-ke-phong-bep-35m2-chi-voi\/\" \/>\n<meta property=\"og:locale\" content=\"vi_VN\" \/>\n<meta property=\"og:type\" content=\"article\" \/>\n<meta property=\"og:title\" content=\"Tr\u1ecdn g\u00f3i thi\u1ebft k\u1ebf ph\u00f2ng b\u1ebfp 35m2 ch\u1ec9 v\u1edbi\" \/>\n<meta property=\"og:description\" content=\"QGHome \u0111\u01a1n v\u1ecb uy t\u00edn chuy\u00ean thi\u1ebft k\u1ebf v\u00e0 thi c\u00f4ng n\u1ed9i th\u1ea5t chung c\u01b0, n\u1ed9i th\u1ea5t ph\u00f2ng kh\u00e1ch, ph\u00f2ng ng\u1ee7 , ph\u00f2ng b\u1ebfp hi\u1ec7n \u0111\u1ea1i v\u00e0 ti\u1ec7n nghi.\" \/>\n<meta property=\"og:url\" content=\"https:\/\/luan.webrt.net\/qhome\/san-pham\/tron-go-thiet-ke-phong-bep-35m2-chi-voi\/\" \/>\n<meta property=\"og:site_name\" content=\"M\u1eabu web n\u1ed9i th\u1ea5t\" \/>\n<meta property=\"article:publisher\" content=\"https:\/\/www.facebook.com\/noithatqghome\" \/>\n<meta property=\"article:modified_time\" content=\"2024-09-04T09:21:26+00:00\" \/>\n<meta property=\"og:image\" content=\"https:\/\/luan.webrt.net\/qhome\/wp-content\/uploads\/2024\/09\/Tron-goi-tu-bep-TB05.png\" \/>\n\t<meta property=\"og:image:width\" content=\"900\" \/>\n\t<meta property=\"og:image:height\" content=\"900\" \/>\n\t<meta property=\"og:image:type\" content=\"image\/png\" \/>\n<meta name=\"twitter:card\" content=\"summary_large_image\" \/>\n<meta name=\"twitter:label1\" content=\"\u01af\u1edbc t\u00ednh th\u1eddi gian \u0111\u1ecdc\" \/>\n\t<meta name=\"twitter:data1\" content=\"6 ph\u00fat\" \/>\n<script type=\"application\/ld+json\" class=\"yoast-schema-graph\">{\"@context\":\"https:\/\/schema.org\",\"@graph\":[{\"@type\":\"WebPage\",\"@id\":\"https:\/\/luan.webrt.net\/qhome\/san-pham\/tron-go-thiet-ke-phong-bep-35m2-chi-voi\/\",\"url\":\"https:\/\/luan.webrt.net\/qhome\/san-pham\/tron-go-thiet-ke-phong-bep-35m2-chi-voi\/\",\"name\":\"Tr\u1ecdn g\u00f3i thi\u1ebft k\u1ebf ph\u00f2ng b\u1ebfp 35m2 ch\u1ec9 v\u1edbi\",\"isPartOf\":{\"@id\":\"https:\/\/luan.webrt.net\/qhome\/#website\"},\"datePublished\":\"2024-09-04T09:07:44+00:00\",\"dateModified\":\"2024-09-04T09:21:26+00:00\",\"description\":\"QGHome \u0111\u01a1n v\u1ecb uy t\u00edn chuy\u00ean thi\u1ebft k\u1ebf v\u00e0 thi c\u00f4ng n\u1ed9i th\u1ea5t chung c\u01b0, n\u1ed9i th\u1ea5t ph\u00f2ng kh\u00e1ch, ph\u00f2ng ng\u1ee7 , ph\u00f2ng b\u1ebfp hi\u1ec7n \u0111\u1ea1i v\u00e0 ti\u1ec7n nghi.\",\"breadcrumb\":{\"@id\":\"https:\/\/luan.webrt.net\/qhome\/san-pham\/tron-go-thiet-ke-phong-bep-35m2-chi-voi\/#breadcrumb\"},\"inLanguage\":\"vi\",\"potentialAction\":[{\"@type\":\"ReadAction\",\"target\":[\"https:\/\/luan.webrt.net\/qhome\/san-pham\/tron-go-thiet-ke-phong-bep-35m2-chi-voi\/\"]}]},{\"@type\":\"BreadcrumbList\",\"@id\":\"https:\/\/luan.webrt.net\/qhome\/san-pham\/tron-go-thiet-ke-phong-bep-35m2-chi-voi\/#breadcrumb\",\"itemListElement\":[{\"@type\":\"ListItem\",\"position\":1,\"name\":\"Trang ch\u1ee7\",\"item\":\"https:\/\/luan.webrt.net\/qhome\/\"},{\"@type\":\"ListItem\",\"position\":2,\"name\":\"Shop\",\"item\":\"https:\/\/luan.webrt.net\/qhome\/shop\/\"},{\"@type\":\"ListItem\",\"position\":3,\"name\":\"Tr\u1ecdn g\u00f3i thi\u1ebft k\u1ebf ph\u00f2ng b\u1ebfp 35m2 ch\u1ec9 v\u1edbi\"}]},{\"@type\":\"WebSite\",\"@id\":\"https:\/\/luan.webrt.net\/qhome\/#website\",\"url\":\"https:\/\/luan.webrt.net\/qhome\/\",\"name\":\"M\u1eabu web n\u1ed9i th\u1ea5t\",\"description\":\"QGHome Vi\u1ec7t Nam\",\"publisher\":{\"@id\":\"https:\/\/luan.webrt.net\/qhome\/#organization\"},\"potentialAction\":[{\"@type\":\"SearchAction\",\"target\":{\"@type\":\"EntryPoint\",\"urlTemplate\":\"https:\/\/luan.webrt.net\/qhome\/?s={search_term_string}\"},\"query-input\":\"required name=search_term_string\"}],\"inLanguage\":\"vi\"},{\"@type\":\"Organization\",\"@id\":\"https:\/\/luan.webrt.net\/qhome\/#organization\",\"name\":\"QGHome\",\"url\":\"https:\/\/luan.webrt.net\/qhome\/\",\"logo\":{\"@type\":\"ImageObject\",\"inLanguage\":\"vi\",\"@id\":\"https:\/\/luan.webrt.net\/qhome\/#\/schema\/logo\/image\/\",\"url\":\"https:\/\/qghome.vn\/wp-content\/uploads\/2025\/08\/logo-mau-MauTH-21.png\",\"contentUrl\":\"https:\/\/qghome.vn\/wp-content\/uploads\/2025\/08\/logo-mau-MauTH-21.png\",\"width\":253,\"height\":99,\"caption\":\"QGHome\"},\"image\":{\"@id\":\"https:\/\/luan.webrt.net\/qhome\/#\/schema\/logo\/image\/\"},\"sameAs\":[\"https:\/\/www.tiktok.com\/@qghome.official\",\"https:\/\/www.youtube.com\/channel\/UCeVBuKTXkv-u94DS421cklw\",\"https:\/\/www.facebook.com\/noithatqghome\"]}]}<\/script>\n<!-- \/ Yoast SEO plugin. -->","yoast_head_json":{"title":"Tr\u1ecdn g\u00f3i thi\u1ebft k\u1ebf ph\u00f2ng b\u1ebfp 35m2 ch\u1ec9 v\u1edbi","description":"QGHome \u0111\u01a1n v\u1ecb uy t\u00edn chuy\u00ean thi\u1ebft k\u1ebf v\u00e0 thi c\u00f4ng n\u1ed9i th\u1ea5t chung c\u01b0, n\u1ed9i th\u1ea5t ph\u00f2ng kh\u00e1ch, ph\u00f2ng ng\u1ee7 , ph\u00f2ng b\u1ebfp hi\u1ec7n \u0111\u1ea1i v\u00e0 ti\u1ec7n nghi.","robots":{"index":"index","follow":"follow","max-snippet":"max-snippet:-1","max-image-preview":"max-image-preview:large","max-video-preview":"max-video-preview:-1"},"canonical":"https:\/\/luan.webrt.net\/qhome\/san-pham\/tron-go-thiet-ke-phong-bep-35m2-chi-voi\/","og_locale":"vi_VN","og_type":"article","og_title":"Tr\u1ecdn g\u00f3i thi\u1ebft k\u1ebf ph\u00f2ng b\u1ebfp 35m2 ch\u1ec9 v\u1edbi","og_description":"QGHome \u0111\u01a1n v\u1ecb uy t\u00edn chuy\u00ean thi\u1ebft k\u1ebf v\u00e0 thi c\u00f4ng n\u1ed9i th\u1ea5t chung c\u01b0, n\u1ed9i th\u1ea5t ph\u00f2ng kh\u00e1ch, ph\u00f2ng ng\u1ee7 , ph\u00f2ng b\u1ebfp hi\u1ec7n \u0111\u1ea1i v\u00e0 ti\u1ec7n nghi.","og_url":"https:\/\/luan.webrt.net\/qhome\/san-pham\/tron-go-thiet-ke-phong-bep-35m2-chi-voi\/","og_site_name":"M\u1eabu web n\u1ed9i th\u1ea5t","article_publisher":"https:\/\/www.facebook.com\/noithatqghome","article_modified_time":"2024-09-04T09:21:26+00:00","og_image":[{"width":900,"height":900,"url":"https:\/\/luan.webrt.net\/qhome\/wp-content\/uploads\/2024\/09\/Tron-goi-tu-bep-TB05.png","type":"image\/png"}],"twitter_card":"summary_large_image","twitter_misc":{"\u01af\u1edbc t\u00ednh th\u1eddi gian \u0111\u1ecdc":"6 ph\u00fat"},"schema":{"@context":"https:\/\/schema.org","@graph":[{"@type":"WebPage","@id":"https:\/\/luan.webrt.net\/qhome\/san-pham\/tron-go-thiet-ke-phong-bep-35m2-chi-voi\/","url":"https:\/\/luan.webrt.net\/qhome\/san-pham\/tron-go-thiet-ke-phong-bep-35m2-chi-voi\/","name":"Tr\u1ecdn g\u00f3i thi\u1ebft k\u1ebf ph\u00f2ng b\u1ebfp 35m2 ch\u1ec9 v\u1edbi","isPartOf":{"@id":"https:\/\/luan.webrt.net\/qhome\/#website"},"datePublished":"2024-09-04T09:07:44+00:00","dateModified":"2024-09-04T09:21:26+00:00","description":"QGHome \u0111\u01a1n v\u1ecb uy t\u00edn chuy\u00ean thi\u1ebft k\u1ebf v\u00e0 thi c\u00f4ng n\u1ed9i th\u1ea5t chung c\u01b0, n\u1ed9i th\u1ea5t ph\u00f2ng kh\u00e1ch, ph\u00f2ng ng\u1ee7 , ph\u00f2ng b\u1ebfp hi\u1ec7n \u0111\u1ea1i v\u00e0 ti\u1ec7n nghi.","breadcrumb":{"@id":"https:\/\/luan.webrt.net\/qhome\/san-pham\/tron-go-thiet-ke-phong-bep-35m2-chi-voi\/#breadcrumb"},"inLanguage":"vi","potentialAction":[{"@type":"ReadAction","target":["https:\/\/luan.webrt.net\/qhome\/san-pham\/tron-go-thiet-ke-phong-bep-35m2-chi-voi\/"]}]},{"@type":"BreadcrumbList","@id":"https:\/\/luan.webrt.net\/qhome\/san-pham\/tron-go-thiet-ke-phong-bep-35m2-chi-voi\/#breadcrumb","itemListElement":[{"@type":"ListItem","position":1,"name":"Trang ch\u1ee7","item":"https:\/\/luan.webrt.net\/qhome\/"},{"@type":"ListItem","position":2,"name":"Shop","item":"https:\/\/luan.webrt.net\/qhome\/shop\/"},{"@type":"ListItem","position":3,"name":"Tr\u1ecdn g\u00f3i thi\u1ebft k\u1ebf ph\u00f2ng b\u1ebfp 35m2 ch\u1ec9 v\u1edbi"}]},{"@type":"WebSite","@id":"https:\/\/luan.webrt.net\/qhome\/#website","url":"https:\/\/luan.webrt.net\/qhome\/","name":"M\u1eabu web n\u1ed9i th\u1ea5t","description":"QGHome Vi\u1ec7t Nam","publisher":{"@id":"https:\/\/luan.webrt.net\/qhome\/#organization"},"potentialAction":[{"@type":"SearchAction","target":{"@type":"EntryPoint","urlTemplate":"https:\/\/luan.webrt.net\/qhome\/?s={search_term_string}"},"query-input":"required name=search_term_string"}],"inLanguage":"vi"},{"@type":"Organization","@id":"https:\/\/luan.webrt.net\/qhome\/#organization","name":"QGHome","url":"https:\/\/luan.webrt.net\/qhome\/","logo":{"@type":"ImageObject","inLanguage":"vi","@id":"https:\/\/luan.webrt.net\/qhome\/#\/schema\/logo\/image\/","url":"https:\/\/qghome.vn\/wp-content\/uploads\/2025\/08\/logo-mau-MauTH-21.png","contentUrl":"https:\/\/qghome.vn\/wp-content\/uploads\/2025\/08\/logo-mau-MauTH-21.png","width":253,"height":99,"caption":"QGHome"},"image":{"@id":"https:\/\/luan.webrt.net\/qhome\/#\/schema\/logo\/image\/"},"sameAs":["https:\/\/www.tiktok.com\/@qghome.official","https:\/\/www.youtube.com\/channel\/UCeVBuKTXkv-u94DS421cklw","https:\/\/www.facebook.com\/noithatqghome"]}]}},"_links":{"self":[{"href":"https:\/\/luan.webrt.net\/qhome\/wp-json\/wp\/v2\/product\/12465","targetHints":{"allow":["GET"]}}],"collection":[{"href":"https:\/\/luan.webrt.net\/qhome\/wp-json\/wp\/v2\/product"}],"about":[{"href":"https:\/\/luan.webrt.net\/qhome\/wp-json\/wp\/v2\/types\/product"}],"replies":[{"embeddable":true,"href":"https:\/\/luan.webrt.net\/qhome\/wp-json\/wp\/v2\/comments?post=12465"}],"wp:featuredmedia":[{"embeddable":true,"href":"https:\/\/luan.webrt.net\/qhome\/wp-json\/wp\/v2\/media\/12468"}],"wp:attachment":[{"href":"https:\/\/luan.webrt.net\/qhome\/wp-json\/wp\/v2\/media?parent=12465"}],"wp:term":[{"taxonomy":"product_cat","embeddable":true,"href":"https:\/\/luan.webrt.net\/qhome\/wp-json\/wp\/v2\/product_cat?post=12465"},{"taxonomy":"product_tag","embeddable":true,"href":"https:\/\/luan.webrt.net\/qhome\/wp-json\/wp\/v2\/product_tag?post=12465"}],"curies":[{"name":"wp","href":"https:\/\/api.w.org\/{rel}","templated":true}]}}