{"id":12047,"date":"2024-08-24T10:29:50","date_gmt":"2024-08-24T10:29:50","guid":{"rendered":"https:\/\/qghome.vn\/?post_type=product&#038;p=12047"},"modified":"2025-11-12T03:06:13","modified_gmt":"2025-11-12T03:06:13","slug":"tron-goi-thiet-ke-phong-khach-20m2-chi-voi","status":"publish","type":"product","link":"https:\/\/luan.webrt.net\/qhome\/san-pham\/tron-goi-thiet-ke-phong-khach-20m2-chi-voi\/","title":{"rendered":"Tr\u1ecdn g\u00f3i thi\u1ebft k\u1ebf ph\u00f2ng kh\u00e1ch 20m2 ch\u1ec9 v\u1edbi"},"content":{"rendered":"<h2 style=\"text-align: center;\"><strong>THI\u1ebeT K\u1ebe L\u1eaeP \u0110\u1eb6T TR\u1eccN G\u00d3I CAM K\u1ebeT CH\u1ea4T L\u01af\u1ee2NG GI\u00c1 T\u1ed0T NH\u1ea4T<\/strong><\/h2>\n<p style=\"text-align: center;\"><strong>Giao h\u00e0ng to\u00e0n qu\u1ed1c l\u1eafp \u0111\u1eb7t trong ng\u00e0y<\/strong><\/p>\n<p style=\"text-align: center;\"><strong>G\u1ecdi ngay:\u00a0<span style=\"color: #ed1c24;\"><a style=\"color: #ed1c24;\" href=\"tel:0983368623\">0983 368 623<\/a><\/span><\/strong><\/p>\n<p>Ti\u1ec7n \u00edch tr\u1ecdn g\u00f3i ph\u00f2ng kh\u00e1ch bao g\u1ed3m: 1 V\u00e1ch tivi VTVQ01, 1 K\u1ec7 ti vi KTV11<\/p>\n<h2><strong>1 V\u00e1ch tivi &#8211; Thi\u1ebft k\u1ebf tr\u1ecdn g\u00f3i ph\u00f2ng kh\u00e1ch 20m2 hi\u1ec7n \u0111\u1ea1i<\/strong><\/h2>\n<p>V\u00e1ch tivi VTVQ1 l\u00e0 m\u1ed9t s\u1ea3n ph\u1ea9m n\u1ed5i b\u1eadt trong l\u0129nh v\u1ef1c n\u1ed9i th\u1ea5t, \u0111\u01b0\u1ee3c thi\u1ebft k\u1ebf \u0111\u1ec3 ph\u1ee5c v\u1ee5 nhu c\u1ea7u l\u1eafp \u0111\u1eb7t v\u00e0 trang tr\u00ed tivi trong kh\u00f4ng gian s\u1ed1ng hi\u1ec7n \u0111\u1ea1i. V\u1edbi s\u1ef1 ph\u00e1t tri\u1ec3n c\u1ee7a c\u00f4ng ngh\u1ec7 v\u00e0 xu h\u01b0\u1edbng thi\u1ebft k\u1ebf, c\u00e1c lo\u1ea1i v\u00e1ch tivi nh\u01b0 VTVQ1 kh\u00f4ng ch\u1ec9 mang t\u00ednh th\u1ea9m m\u1ef9 cao m\u00e0 c\u00f2n t\u00edch h\u1ee3p nhi\u1ec1u t\u00ednh n\u0103ng ti\u1ec7n \u00edch, gi\u00fap t\u1ed1i \u01b0u h\u00f3a kh\u00f4ng gian v\u00e0 tr\u1ea3i nghi\u1ec7m ng\u01b0\u1eddi d\u00f9ng.<\/p>\n<p>K\u00edch th\u01b0\u1edbc:<\/p>\n<ul>\n<li>Cao 2800mm x D\u00e0i 2000mm<\/li>\n<li>Cao 2800mm x D\u00e0i 2200mm<\/li>\n<li>Cao 2800mm x D\u00e0i 2400mm<\/li>\n<li>Cao 3000mm x D\u00e0i 2400mm<\/li>\n<\/ul>\n<div class=\"mceTemp\"><\/div>\n<div class=\"mceTemp\"><\/div>\n<figure id=\"attachment_12046\" aria-describedby=\"caption-attachment-12046\" style=\"width: 800px\" class=\"wp-caption aligncenter\"><img loading=\"lazy\" decoding=\"async\" class=\"wp-image-12046 size-large\" src=\"http:\/\/qghome.vn\/wp-content\/uploads\/2024\/08\/Vach-ti-vi-VTVQ1-800x800.png\" alt=\"V\u00e1ch ti vi VTVQ1\" width=\"800\" height=\"800\" srcset=\"https:\/\/luan.webrt.net\/qhome\/wp-content\/uploads\/2024\/08\/Vach-ti-vi-VTVQ1-800x800.png 800w, https:\/\/luan.webrt.net\/qhome\/wp-content\/uploads\/2024\/08\/Vach-ti-vi-VTVQ1-100x100.png 100w, https:\/\/luan.webrt.net\/qhome\/wp-content\/uploads\/2024\/08\/Vach-ti-vi-VTVQ1-510x510.png 510w, https:\/\/luan.webrt.net\/qhome\/wp-content\/uploads\/2024\/08\/Vach-ti-vi-VTVQ1-400x400.png 400w, https:\/\/luan.webrt.net\/qhome\/wp-content\/uploads\/2024\/08\/Vach-ti-vi-VTVQ1-280x280.png 280w, https:\/\/luan.webrt.net\/qhome\/wp-content\/uploads\/2024\/08\/Vach-ti-vi-VTVQ1-768x768.png 768w, https:\/\/luan.webrt.net\/qhome\/wp-content\/uploads\/2024\/08\/Vach-ti-vi-VTVQ1.png 900w\" sizes=\"auto, (max-width: 800px) 100vw, 800px\" \/><figcaption id=\"caption-attachment-12046\" class=\"wp-caption-text\">V\u00e1ch ti vi VTVQ1<\/figcaption><\/figure>\n<h2><strong>2 K\u1ec7 ti vi &#8211; Thi\u1ebft k\u1ebf tr\u1ecdn g\u00f3i <\/strong><strong>ph\u00f2ng kh\u00e1ch 20m2 <\/strong><strong>hi\u1ec7n \u0111\u1ea1i<\/strong><\/h2>\n<p><strong>K\u1ec7 Tivi KTV11<\/strong>\u00a0\u0111\u01b0\u1ee3c s\u1ea3n xu\u1ea5t v\u00e0 ph\u00e2n ph\u1ed1i b\u1edfi\u00a0<a href=\"https:\/\/qghome.vn\/\">QGHome Vi\u1ec7t Nam<\/a>. M\u1eabu k\u1ec7 \u0111\u01b0\u1ee3c thi\u1ebft k\u1ebf v\u1edbi phong c\u00e1ch hi\u1ec7n \u0111\u1ea1i, th\u1eddi th\u01b0\u1ee3ng v\u00e0 \u0111em \u0111\u1ebfn nh\u1eefng c\u00f4ng d\u1ee5ng tuy\u1ec7t v\u1eddi cho ng\u01b0\u1eddi s\u1eed d\u1ee5ng.<\/p>\n<h2><b>Th\u00f4ng s\u1ed1 s\u1ea3n ph\u1ea9m<\/b><\/h2>\n<table>\n<tbody>\n<tr>\n<td>K\u00edch th\u01b0\u1edbc<\/td>\n<td>\u2013 D\u00e0i 1300 x Cao 500mm x S\u00e2u 400mm\u00a0\u2013 D\u00e0i 1600 x Cao 500mm x S\u00e2u 400mm<\/p>\n<p>\u2013 D\u00e0i 1800 x Cao 500mm x S\u00e2u 400mm<\/p>\n<p>\u2013 D\u00e0i 2400 x Cao 500mm x S\u00e2u 400mm<\/td>\n<\/tr>\n<tr>\n<td>Ch\u1ea5t li\u1ec7u<\/td>\n<td>\n<ul>\n<li aria-level=\"1\">V\u00e1n g\u1ed7 MDF ph\u1ee7 melamine ch\u1ea5t l\u01b0\u1ee3ng cao, h\u1ea1n ch\u1ebf t\u1ed1i \u0111a t\u00ecnh tr\u1ea1ng cong v\u00eanh, bi\u1ebfn d\u1ea1ng, th\u00e2n thi\u1ec7n v\u1edbi m\u00f4i tr\u01b0\u1eddng v\u00e0 an to\u00e0n v\u1edbi s\u1ee9c kh\u1ecfe ng\u01b0\u1eddi s\u1eed d\u1ee5ng.<\/li>\n<li aria-level=\"1\">Ch\u1ed1ng tr\u1ea7y x\u01b0\u1edbc khi va ch\u1ea1m nh\u1eb9, b\u1ec1n \u0111\u1eb9p v\u00e0 t\u0103ng t\u00ednh th\u1ea9m m\u1ef9, c\u00f3 kh\u1ea3 n\u0103ng ch\u1ed1ng th\u1ea5m n\u01b0\u1edbc cao v\u00e0 d\u1ec5 lau ch\u00f9i.<\/li>\n<\/ul>\n<\/td>\n<\/tr>\n<tr>\n<td>Quy c\u00e1ch<\/td>\n<td>\n<ul>\n<li aria-level=\"1\">04 ng\u0103n t\u1ee7 m\u1edf, 03 ng\u0103n k\u00e9o, k\u00e8m 05 ch\u00e2n g\u1ed7 ch\u1ecbu l\u1ef1c ph\u00eda d\u01b0\u1edbi \u0111\u00e1y k\u1ec7.<\/li>\n<li aria-level=\"1\">Ph\u1ee5 ki\u1ec7n s\u1eed d\u1ee5ng ch\u1ea5t li\u1ec7u kim lo\u1ea1i cao c\u1ea5p, ch\u1eafc ch\u1eafn, \u0111\u1ed9 b\u1ec1n cao, \u0111\u00e3 \u0111\u01b0\u1ee3c x\u1eed l\u00fd ch\u1ed1ng \u0103n m\u00f2n, ch\u1ed1ng g\u1ec9 s\u00e9t.<\/li>\n<\/ul>\n<\/td>\n<\/tr>\n<tr>\n<td>M\u00e0u s\u1eafc<\/td>\n<td>\n<ul>\n<li aria-level=\"1\">M\u00e0u v\u00e2n g\u1ed7 k\u1ebft h\u1ee3p m\u00e0u tr\u1eafng \u0111\u1ee5c sang tr\u1ecdng, hi\u1ec7n \u0111\u1ea1i.<\/li>\n<li aria-level=\"1\">\u00a0Kh\u00e1ch h\u00e0ng c\u00f3 th\u1ec3 l\u1ef1a ch\u1ecdn m\u00e0u s\u1eafc y\u00eau th\u00edch.<\/li>\n<\/ul>\n<\/td>\n<\/tr>\n<\/tbody>\n<\/table>\n<figure id=\"attachment_12048\" aria-describedby=\"caption-attachment-12048\" style=\"width: 800px\" class=\"wp-caption aligncenter\"><img loading=\"lazy\" decoding=\"async\" class=\"wp-image-12048 size-large\" src=\"http:\/\/qghome.vn\/wp-content\/uploads\/2024\/08\/Ke-ti-vi-KTV11-800x800.png\" alt=\"K\u1ec7 ti vi KTV11\" width=\"800\" height=\"800\" srcset=\"https:\/\/luan.webrt.net\/qhome\/wp-content\/uploads\/2024\/08\/Ke-ti-vi-KTV11-800x800.png 800w, https:\/\/luan.webrt.net\/qhome\/wp-content\/uploads\/2024\/08\/Ke-ti-vi-KTV11-100x100.png 100w, https:\/\/luan.webrt.net\/qhome\/wp-content\/uploads\/2024\/08\/Ke-ti-vi-KTV11-510x510.png 510w, https:\/\/luan.webrt.net\/qhome\/wp-content\/uploads\/2024\/08\/Ke-ti-vi-KTV11-400x400.png 400w, https:\/\/luan.webrt.net\/qhome\/wp-content\/uploads\/2024\/08\/Ke-ti-vi-KTV11-280x280.png 280w, https:\/\/luan.webrt.net\/qhome\/wp-content\/uploads\/2024\/08\/Ke-ti-vi-KTV11-768x768.png 768w, https:\/\/luan.webrt.net\/qhome\/wp-content\/uploads\/2024\/08\/Ke-ti-vi-KTV11.png 900w\" sizes=\"auto, (max-width: 800px) 100vw, 800px\" \/><figcaption id=\"caption-attachment-12048\" class=\"wp-caption-text\">K\u1ec7 ti vi KTV11<\/figcaption><\/figure>\n<p>K\u1ec7 Tivi l\u00e0 m\u1ed9t trong nh\u1eefng s\u1ea3n ph\u1ea9m n\u1ed9i th\u1ea5t kh\u00f4ng th\u1ec3 thi\u1ebfu \u0111\u1ed1i v\u1edbi m\u1ed7i h\u1ed9 gia \u0111\u00ecnh ho\u1eb7c v\u0103n ph\u00f2ng, ph\u00f2ng kh\u00e1ch s\u1ea1n, nh\u00e0 h\u00e0ng,\u2026 G\u00f3p ph\u1ea7n l\u00e0m n\u1ed5i b\u1eadt v\u1ebb \u0111\u1eb9p c\u1ee7a c\u0103n ph\u00f2ng. K\u1ec7 tivi th\u01b0\u1eddng \u0111\u01b0\u1ee3c \u0111\u1eb7t \u1edf ph\u00f2ng kh\u00e1ch \u2013 tr\u00e1i tim trong ng\u00f4i nh\u00e0, \u0111\u00e2y m\u1ed9t n\u01a1i r\u1ea5t trang tr\u1ecdng \u0111\u1ec3 b\u1ea1n ti\u1ebfp \u0111\u00f3n kh\u00e1ch \u0111\u1ebfn ch\u01a1i v\u00e0 c\u0169ng l\u00e0 kh\u00f4ng gian sinh ho\u1ea1t chung c\u1ee7a c\u1ea3 gia \u0111\u00ecnh.<\/p>\n<h2><strong>N\u1ed9i th\u1ea5t QGHOME \u2013 \u0110\u01a1n v\u1ecb thi\u1ebft k\u1ebf n\u1ed9i th\u1ea5t uy t\u00edn<\/strong><\/h2>\n<p>H\u00e3y \u0111\u1ec3 ch\u00fang t\u00f4i c\u00f9ng b\u1ea1n t\u1ea1o ra m\u1ed9t kh\u00f4ng gian s\u1ed1ng hi\u1ec7n \u0111\u1ea1i v\u00e0 ti\u1ec7n nghi nh\u1ea5t. Li\u00ean h\u1ec7 v\u1edbi QGHome ngay h\u00f4m nay \u0111\u1ec3 bi\u1ebft th\u00eam th\u00f4ng tin v\u00e0 nh\u1eadn \u0111\u01b0\u1ee3c s\u1ef1 t\u01b0 v\u1ea5n chuy\u00ean nghi\u1ec7p t\u1eeb \u0111\u1ed9i ng\u0169 c\u1ee7a ch\u00fang t\u00f4i<\/p>\n<p>\u2014\u2014\u2014\u2014\u2014\u2014\u2014\u2014\u2014\u2014\u2014\u2014\u2014\u2014\u2014\u2014\u2013<\/p>\n<p>Khu v\u1ef1c H\u00e0 N\u1ed9i: S\u1ed1 72\/70 Xu\u00e2n Ph\u01b0\u01a1ng, Qu\u1eadn Nam T\u1eeb Li\u00eam, H\u00e0 N\u1ed9i<\/p>\n<p>Khu v\u1ef1c H\u1ed3 Ch\u00ed Minh: 299 TL8, T\u00e2n Th\u1ea1nh T\u00e2y, C\u1ee7 Chi, Th\u00e0nh ph\u1ed1 H\u1ed3 Ch\u00ed Minh<\/p>\n<p>Khu v\u1ef1c B\u1eafc Giang: \u0110\u01b0\u1eddng 276, H. Hi\u1ec7p Ho\u00e0, B\u1eafc Giang<\/p>\n<p>\ud83d\udcde Hotline: 0983.368.623<\/p>\n<p>\ud83c\udf0fWebsite: https:\/\/qghome.vn<\/p>\n<p>\ud83d\udccd Facebook: https:\/\/www.facebook.com\/noithatqghome<\/p>\n<p>\ud83d\udc8c Email: qghome.official@gmail.com<\/p>\n<div class=\"host-bincmiainjofjnhchmcalkanjebghoen\" style=\"position: relative; z-index: 2147483647;\"><\/div>\n","protected":false},"excerpt":{"rendered":"<p><strong>Thi\u1ebft k\u1ebf ph\u00f9 h\u1ee3p phong c\u00e1ch kh\u1eb3ng \u0111\u1ecbnh ch\u1ea5t ri\u00eang<\/strong><\/p>\n<p>Ti\u1ec7n \u00edch tr\u1ecdn g\u00f3i ph\u00f2ng kh\u00e1ch bao g\u1ed3m: 1 V\u00e1ch tivi VTVQ01, 1 K\u1ec7 ti vi KTV11<\/p>\n<div class=\"host-bincmiainjofjnhchmcalkanjebghoen\" style=\"position: relative; z-index: 2147483647;\"><\/div>\n","protected":false},"featured_media":17215,"comment_status":"open","ping_status":"closed","template":"","meta":[],"product_cat":[631],"product_tag":[],"class_list":["post-12047","product","type-product","status-publish","has-post-thumbnail","hentry","product_cat-tron-goi-noi-that-chung-cu"],"yoast_head":"<!-- This site is optimized with the Yoast SEO plugin v19.9 - https:\/\/yoast.com\/wordpress\/plugins\/seo\/ -->\n<title>Tr\u1ecdn g\u00f3i thi\u1ebft k\u1ebf ph\u00f2ng kh\u00e1ch 20m2 ch\u1ec9 v\u1edbi<\/title>\n<meta name=\"description\" content=\"QGHome \u0111\u01a1n v\u1ecb uy t\u00edn chuy\u00ean thi\u1ebft k\u1ebf v\u00e0 thi c\u00f4ng n\u1ed9i th\u1ea5t chung c\u01b0, n\u1ed9i th\u1ea5t ph\u00f2ng kh\u00e1ch, ph\u00f2ng ng\u1ee7 , ph\u00f2ng b\u1ebfp hi\u1ec7n \u0111\u1ea1i v\u00e0 ti\u1ec7n nghi.\" \/>\n<meta name=\"robots\" content=\"index, follow, max-snippet:-1, max-image-preview:large, max-video-preview:-1\" \/>\n<link rel=\"canonical\" href=\"https:\/\/luan.webrt.net\/qhome\/san-pham\/tron-goi-thiet-ke-phong-khach-20m2-chi-voi\/\" \/>\n<meta property=\"og:locale\" content=\"vi_VN\" \/>\n<meta property=\"og:type\" content=\"article\" \/>\n<meta property=\"og:title\" content=\"Tr\u1ecdn g\u00f3i thi\u1ebft k\u1ebf ph\u00f2ng kh\u00e1ch 20m2 ch\u1ec9 v\u1edbi\" \/>\n<meta property=\"og:description\" content=\"QGHome \u0111\u01a1n v\u1ecb uy t\u00edn chuy\u00ean thi\u1ebft k\u1ebf v\u00e0 thi c\u00f4ng n\u1ed9i th\u1ea5t chung c\u01b0, n\u1ed9i th\u1ea5t ph\u00f2ng kh\u00e1ch, ph\u00f2ng ng\u1ee7 , ph\u00f2ng b\u1ebfp hi\u1ec7n \u0111\u1ea1i v\u00e0 ti\u1ec7n nghi.\" \/>\n<meta property=\"og:url\" content=\"https:\/\/luan.webrt.net\/qhome\/san-pham\/tron-goi-thiet-ke-phong-khach-20m2-chi-voi\/\" \/>\n<meta property=\"og:site_name\" content=\"M\u1eabu web n\u1ed9i th\u1ea5t\" \/>\n<meta property=\"article:publisher\" content=\"https:\/\/www.facebook.com\/noithatqghome\" \/>\n<meta property=\"article:modified_time\" content=\"2025-11-12T03:06:13+00:00\" \/>\n<meta property=\"og:image\" content=\"https:\/\/luan.webrt.net\/qhome\/wp-content\/uploads\/2024\/08\/thiet-ke-phong-khach.jpg\" \/>\n\t<meta property=\"og:image:width\" content=\"1200\" \/>\n\t<meta property=\"og:image:height\" content=\"1200\" \/>\n\t<meta property=\"og:image:type\" content=\"image\/jpeg\" \/>\n<meta name=\"twitter:card\" content=\"summary_large_image\" \/>\n<meta name=\"twitter:label1\" content=\"\u01af\u1edbc t\u00ednh th\u1eddi gian \u0111\u1ecdc\" \/>\n\t<meta name=\"twitter:data1\" content=\"4 ph\u00fat\" \/>\n<script type=\"application\/ld+json\" class=\"yoast-schema-graph\">{\"@context\":\"https:\/\/schema.org\",\"@graph\":[{\"@type\":\"WebPage\",\"@id\":\"https:\/\/luan.webrt.net\/qhome\/san-pham\/tron-goi-thiet-ke-phong-khach-20m2-chi-voi\/\",\"url\":\"https:\/\/luan.webrt.net\/qhome\/san-pham\/tron-goi-thiet-ke-phong-khach-20m2-chi-voi\/\",\"name\":\"Tr\u1ecdn g\u00f3i thi\u1ebft k\u1ebf ph\u00f2ng kh\u00e1ch 20m2 ch\u1ec9 v\u1edbi\",\"isPartOf\":{\"@id\":\"https:\/\/luan.webrt.net\/qhome\/#website\"},\"datePublished\":\"2024-08-24T10:29:50+00:00\",\"dateModified\":\"2025-11-12T03:06:13+00:00\",\"description\":\"QGHome \u0111\u01a1n v\u1ecb uy t\u00edn chuy\u00ean thi\u1ebft k\u1ebf v\u00e0 thi c\u00f4ng n\u1ed9i th\u1ea5t chung c\u01b0, n\u1ed9i th\u1ea5t ph\u00f2ng kh\u00e1ch, ph\u00f2ng ng\u1ee7 , ph\u00f2ng b\u1ebfp hi\u1ec7n \u0111\u1ea1i v\u00e0 ti\u1ec7n nghi.\",\"breadcrumb\":{\"@id\":\"https:\/\/luan.webrt.net\/qhome\/san-pham\/tron-goi-thiet-ke-phong-khach-20m2-chi-voi\/#breadcrumb\"},\"inLanguage\":\"vi\",\"potentialAction\":[{\"@type\":\"ReadAction\",\"target\":[\"https:\/\/luan.webrt.net\/qhome\/san-pham\/tron-goi-thiet-ke-phong-khach-20m2-chi-voi\/\"]}]},{\"@type\":\"BreadcrumbList\",\"@id\":\"https:\/\/luan.webrt.net\/qhome\/san-pham\/tron-goi-thiet-ke-phong-khach-20m2-chi-voi\/#breadcrumb\",\"itemListElement\":[{\"@type\":\"ListItem\",\"position\":1,\"name\":\"Trang ch\u1ee7\",\"item\":\"https:\/\/luan.webrt.net\/qhome\/\"},{\"@type\":\"ListItem\",\"position\":2,\"name\":\"Shop\",\"item\":\"https:\/\/luan.webrt.net\/qhome\/shop\/\"},{\"@type\":\"ListItem\",\"position\":3,\"name\":\"Tr\u1ecdn g\u00f3i thi\u1ebft k\u1ebf ph\u00f2ng kh\u00e1ch 20m2 ch\u1ec9 v\u1edbi\"}]},{\"@type\":\"WebSite\",\"@id\":\"https:\/\/luan.webrt.net\/qhome\/#website\",\"url\":\"https:\/\/luan.webrt.net\/qhome\/\",\"name\":\"M\u1eabu web n\u1ed9i th\u1ea5t\",\"description\":\"QGHome Vi\u1ec7t Nam\",\"publisher\":{\"@id\":\"https:\/\/luan.webrt.net\/qhome\/#organization\"},\"potentialAction\":[{\"@type\":\"SearchAction\",\"target\":{\"@type\":\"EntryPoint\",\"urlTemplate\":\"https:\/\/luan.webrt.net\/qhome\/?s={search_term_string}\"},\"query-input\":\"required name=search_term_string\"}],\"inLanguage\":\"vi\"},{\"@type\":\"Organization\",\"@id\":\"https:\/\/luan.webrt.net\/qhome\/#organization\",\"name\":\"QGHome\",\"url\":\"https:\/\/luan.webrt.net\/qhome\/\",\"logo\":{\"@type\":\"ImageObject\",\"inLanguage\":\"vi\",\"@id\":\"https:\/\/luan.webrt.net\/qhome\/#\/schema\/logo\/image\/\",\"url\":\"https:\/\/qghome.vn\/wp-content\/uploads\/2025\/08\/logo-mau-MauTH-21.png\",\"contentUrl\":\"https:\/\/qghome.vn\/wp-content\/uploads\/2025\/08\/logo-mau-MauTH-21.png\",\"width\":253,\"height\":99,\"caption\":\"QGHome\"},\"image\":{\"@id\":\"https:\/\/luan.webrt.net\/qhome\/#\/schema\/logo\/image\/\"},\"sameAs\":[\"https:\/\/www.tiktok.com\/@qghome.official\",\"https:\/\/www.youtube.com\/channel\/UCeVBuKTXkv-u94DS421cklw\",\"https:\/\/www.facebook.com\/noithatqghome\"]}]}<\/script>\n<!-- \/ Yoast SEO plugin. -->","yoast_head_json":{"title":"Tr\u1ecdn g\u00f3i thi\u1ebft k\u1ebf ph\u00f2ng kh\u00e1ch 20m2 ch\u1ec9 v\u1edbi","description":"QGHome \u0111\u01a1n v\u1ecb uy t\u00edn chuy\u00ean thi\u1ebft k\u1ebf v\u00e0 thi c\u00f4ng n\u1ed9i th\u1ea5t chung c\u01b0, n\u1ed9i th\u1ea5t ph\u00f2ng kh\u00e1ch, ph\u00f2ng ng\u1ee7 , ph\u00f2ng b\u1ebfp hi\u1ec7n \u0111\u1ea1i v\u00e0 ti\u1ec7n nghi.","robots":{"index":"index","follow":"follow","max-snippet":"max-snippet:-1","max-image-preview":"max-image-preview:large","max-video-preview":"max-video-preview:-1"},"canonical":"https:\/\/luan.webrt.net\/qhome\/san-pham\/tron-goi-thiet-ke-phong-khach-20m2-chi-voi\/","og_locale":"vi_VN","og_type":"article","og_title":"Tr\u1ecdn g\u00f3i thi\u1ebft k\u1ebf ph\u00f2ng kh\u00e1ch 20m2 ch\u1ec9 v\u1edbi","og_description":"QGHome \u0111\u01a1n v\u1ecb uy t\u00edn chuy\u00ean thi\u1ebft k\u1ebf v\u00e0 thi c\u00f4ng n\u1ed9i th\u1ea5t chung c\u01b0, n\u1ed9i th\u1ea5t ph\u00f2ng kh\u00e1ch, ph\u00f2ng ng\u1ee7 , ph\u00f2ng b\u1ebfp hi\u1ec7n \u0111\u1ea1i v\u00e0 ti\u1ec7n nghi.","og_url":"https:\/\/luan.webrt.net\/qhome\/san-pham\/tron-goi-thiet-ke-phong-khach-20m2-chi-voi\/","og_site_name":"M\u1eabu web n\u1ed9i th\u1ea5t","article_publisher":"https:\/\/www.facebook.com\/noithatqghome","article_modified_time":"2025-11-12T03:06:13+00:00","og_image":[{"width":1200,"height":1200,"url":"https:\/\/luan.webrt.net\/qhome\/wp-content\/uploads\/2024\/08\/thiet-ke-phong-khach.jpg","type":"image\/jpeg"}],"twitter_card":"summary_large_image","twitter_misc":{"\u01af\u1edbc t\u00ednh th\u1eddi gian \u0111\u1ecdc":"4 ph\u00fat"},"schema":{"@context":"https:\/\/schema.org","@graph":[{"@type":"WebPage","@id":"https:\/\/luan.webrt.net\/qhome\/san-pham\/tron-goi-thiet-ke-phong-khach-20m2-chi-voi\/","url":"https:\/\/luan.webrt.net\/qhome\/san-pham\/tron-goi-thiet-ke-phong-khach-20m2-chi-voi\/","name":"Tr\u1ecdn g\u00f3i thi\u1ebft k\u1ebf ph\u00f2ng kh\u00e1ch 20m2 ch\u1ec9 v\u1edbi","isPartOf":{"@id":"https:\/\/luan.webrt.net\/qhome\/#website"},"datePublished":"2024-08-24T10:29:50+00:00","dateModified":"2025-11-12T03:06:13+00:00","description":"QGHome \u0111\u01a1n v\u1ecb uy t\u00edn chuy\u00ean thi\u1ebft k\u1ebf v\u00e0 thi c\u00f4ng n\u1ed9i th\u1ea5t chung c\u01b0, n\u1ed9i th\u1ea5t ph\u00f2ng kh\u00e1ch, ph\u00f2ng ng\u1ee7 , ph\u00f2ng b\u1ebfp hi\u1ec7n \u0111\u1ea1i v\u00e0 ti\u1ec7n nghi.","breadcrumb":{"@id":"https:\/\/luan.webrt.net\/qhome\/san-pham\/tron-goi-thiet-ke-phong-khach-20m2-chi-voi\/#breadcrumb"},"inLanguage":"vi","potentialAction":[{"@type":"ReadAction","target":["https:\/\/luan.webrt.net\/qhome\/san-pham\/tron-goi-thiet-ke-phong-khach-20m2-chi-voi\/"]}]},{"@type":"BreadcrumbList","@id":"https:\/\/luan.webrt.net\/qhome\/san-pham\/tron-goi-thiet-ke-phong-khach-20m2-chi-voi\/#breadcrumb","itemListElement":[{"@type":"ListItem","position":1,"name":"Trang ch\u1ee7","item":"https:\/\/luan.webrt.net\/qhome\/"},{"@type":"ListItem","position":2,"name":"Shop","item":"https:\/\/luan.webrt.net\/qhome\/shop\/"},{"@type":"ListItem","position":3,"name":"Tr\u1ecdn g\u00f3i thi\u1ebft k\u1ebf ph\u00f2ng kh\u00e1ch 20m2 ch\u1ec9 v\u1edbi"}]},{"@type":"WebSite","@id":"https:\/\/luan.webrt.net\/qhome\/#website","url":"https:\/\/luan.webrt.net\/qhome\/","name":"M\u1eabu web n\u1ed9i th\u1ea5t","description":"QGHome Vi\u1ec7t Nam","publisher":{"@id":"https:\/\/luan.webrt.net\/qhome\/#organization"},"potentialAction":[{"@type":"SearchAction","target":{"@type":"EntryPoint","urlTemplate":"https:\/\/luan.webrt.net\/qhome\/?s={search_term_string}"},"query-input":"required name=search_term_string"}],"inLanguage":"vi"},{"@type":"Organization","@id":"https:\/\/luan.webrt.net\/qhome\/#organization","name":"QGHome","url":"https:\/\/luan.webrt.net\/qhome\/","logo":{"@type":"ImageObject","inLanguage":"vi","@id":"https:\/\/luan.webrt.net\/qhome\/#\/schema\/logo\/image\/","url":"https:\/\/qghome.vn\/wp-content\/uploads\/2025\/08\/logo-mau-MauTH-21.png","contentUrl":"https:\/\/qghome.vn\/wp-content\/uploads\/2025\/08\/logo-mau-MauTH-21.png","width":253,"height":99,"caption":"QGHome"},"image":{"@id":"https:\/\/luan.webrt.net\/qhome\/#\/schema\/logo\/image\/"},"sameAs":["https:\/\/www.tiktok.com\/@qghome.official","https:\/\/www.youtube.com\/channel\/UCeVBuKTXkv-u94DS421cklw","https:\/\/www.facebook.com\/noithatqghome"]}]}},"_links":{"self":[{"href":"https:\/\/luan.webrt.net\/qhome\/wp-json\/wp\/v2\/product\/12047","targetHints":{"allow":["GET"]}}],"collection":[{"href":"https:\/\/luan.webrt.net\/qhome\/wp-json\/wp\/v2\/product"}],"about":[{"href":"https:\/\/luan.webrt.net\/qhome\/wp-json\/wp\/v2\/types\/product"}],"replies":[{"embeddable":true,"href":"https:\/\/luan.webrt.net\/qhome\/wp-json\/wp\/v2\/comments?post=12047"}],"wp:featuredmedia":[{"embeddable":true,"href":"https:\/\/luan.webrt.net\/qhome\/wp-json\/wp\/v2\/media\/17215"}],"wp:attachment":[{"href":"https:\/\/luan.webrt.net\/qhome\/wp-json\/wp\/v2\/media?parent=12047"}],"wp:term":[{"taxonomy":"product_cat","embeddable":true,"href":"https:\/\/luan.webrt.net\/qhome\/wp-json\/wp\/v2\/product_cat?post=12047"},{"taxonomy":"product_tag","embeddable":true,"href":"https:\/\/luan.webrt.net\/qhome\/wp-json\/wp\/v2\/product_tag?post=12047"}],"curies":[{"name":"wp","href":"https:\/\/api.w.org\/{rel}","templated":true}]}}