{"id":11583,"date":"2024-08-21T03:47:46","date_gmt":"2024-08-21T03:47:46","guid":{"rendered":"https:\/\/qghome.vn\/?post_type=product&#038;p=11583"},"modified":"2025-12-18T09:13:28","modified_gmt":"2025-12-18T09:13:28","slug":"ke-tivi-ktv12","status":"publish","type":"product","link":"https:\/\/luan.webrt.net\/qhome\/san-pham\/ke-tivi-ktv12\/","title":{"rendered":"K\u1ec7 Tivi KTV12"},"content":{"rendered":"<h1><span style=\"color: #333399;\"><b>K\u1ec6 TIVI TREO T\u01af\u1edcNG KTV12<\/b><\/span><\/h1>\n<p><span style=\"font-weight: 400;\"><strong>K\u1ec7 Tivi KTV12<\/strong> \u0111\u01b0\u1ee3c s\u1ea3n xu\u1ea5t v\u00e0 ph\u00e2n ph\u1ed1i b\u1edfi <span style=\"color: #33cccc;\">QGHome Vi\u1ec7t Nam<\/span>. M\u1eabu k\u1ec7 \u0111\u01b0\u1ee3c thi\u1ebft k\u1ebf v\u1edbi phong c\u00e1ch hi\u1ec7n \u0111\u1ea1i, th\u1eddi th\u01b0\u1ee3ng v\u00e0 \u0111em \u0111\u1ebfn nh\u1eefng c\u00f4ng d\u1ee5ng tuy\u1ec7t v\u1eddi cho ng\u01b0\u1eddi s\u1eed d\u1ee5ng.\u00a0<\/span><\/p>\n<h2><b>Th\u00f4ng s\u1ed1 s\u1ea3n ph\u1ea9m<\/b><\/h2>\n<table style=\"width: 100%;\">\n<tbody>\n<tr>\n<td style=\"width: 7.5846%;\"><span style=\"font-weight: 400;\">K\u00edch th\u01b0\u1edbc<\/span><\/td>\n<td style=\"width: 91.7153%;\"><span style=\"font-weight: 400;\"> &#8211; D\u00e0i 1200mm x Cao 200mm x S\u00e2u 300mm<\/span><\/p>\n<p><span style=\"font-weight: 400;\">\u00a0&#8211; D\u00e0i 1400mm x Cao 200mm x S\u00e2u 300mm<\/span><\/p>\n<p><span style=\"font-weight: 400;\">\u00a0&#8211; D\u00e0i 1500mm x Cao 200mm x S\u00e2u 300mm<\/span><\/p>\n<p><span style=\"font-weight: 400;\">\u00a0&#8211; D\u00e0i 1600mm x Cao 200mm x S\u00e2u 300mm<\/span><\/p>\n<p><span style=\"font-weight: 400;\">\u00a0&#8211; D\u00e0i 1800mm x Cao 200mm x S\u00e2u 300mm<\/span><\/td>\n<\/tr>\n<tr>\n<td style=\"width: 7.5846%;\"><span style=\"font-weight: 400;\">Ch\u1ea5t li\u1ec7u<\/span><\/td>\n<td style=\"width: 91.7153%;\">\n<ul>\n<li style=\"font-weight: 400;\" aria-level=\"1\"><span style=\"font-weight: 400;\">V\u00e1n g\u1ed7 MDF ph\u1ee7 melamine ch\u1ea5t l\u01b0\u1ee3ng cao, h\u1ea1n ch\u1ebf t\u1ed1i \u0111a t\u00ecnh tr\u1ea1ng cong v\u00eanh, bi\u1ebfn d\u1ea1ng, th\u00e2n thi\u1ec7n v\u1edbi m\u00f4i tr\u01b0\u1eddng v\u00e0 an to\u00e0n v\u1edbi s\u1ee9c kh\u1ecfe ng\u01b0\u1eddi s\u1eed d\u1ee5ng.\u00a0<\/span><\/li>\n<li style=\"font-weight: 400;\" aria-level=\"1\"><span style=\"font-weight: 400;\">Ch\u1ed1ng tr\u1ea7y x\u01b0\u1edbc khi va ch\u1ea1m nh\u1eb9, b\u1ec1n \u0111\u1eb9p v\u00e0 t\u0103ng t\u00ednh th\u1ea9m m\u1ef9, c\u00f3 kh\u1ea3 n\u0103ng ch\u1ed1ng th\u1ea5m n\u01b0\u1edbc cao v\u00e0 d\u1ec5 lau ch\u00f9i.<\/span><\/li>\n<\/ul>\n<\/td>\n<\/tr>\n<tr>\n<td style=\"width: 7.5846%;\"><span style=\"font-weight: 400;\">Quy c\u00e1ch<\/span><\/td>\n<td style=\"width: 91.7153%;\">\n<ul>\n<li style=\"font-weight: 400;\" aria-level=\"1\"><span style=\"font-weight: 400;\"> 03 ng\u0103n k\u00e9o.<\/span><\/li>\n<li style=\"font-weight: 400;\" aria-level=\"1\"><span style=\"font-weight: 400;\">Ph\u1ee5 ki\u1ec7n s\u1eed d\u1ee5ng ch\u1ea5t li\u1ec7u kim lo\u1ea1i cao c\u1ea5p, ch\u1eafc ch\u1eafn, \u0111\u1ed9 b\u1ec1n cao, \u0111\u00e3 \u0111\u01b0\u1ee3c x\u1eed l\u00fd ch\u1ed1ng \u0103n m\u00f2n, ch\u1ed1ng g\u1ec9 s\u00e9t.<\/span><\/li>\n<\/ul>\n<\/td>\n<\/tr>\n<tr>\n<td style=\"width: 7.5846%;\"><span style=\"font-weight: 400;\">M\u00e0u s\u1eafc<\/span><\/td>\n<td style=\"width: 91.7153%;\">\n<ul>\n<li style=\"font-weight: 400;\" aria-level=\"1\"><span style=\"font-weight: 400;\">M\u00e0u tr\u1eafng \u0111\u1ee5c k\u1ebft h\u1ee3p m\u00e0u v\u00e2n g\u1ed7\/ m\u00e0u \u0111en sang tr\u1ecdng, hi\u1ec7n \u0111\u1ea1i.<\/span><\/li>\n<li style=\"font-weight: 400;\" aria-level=\"1\"><span style=\"font-weight: 400;\">\u00a0Kh\u00e1ch h\u00e0ng c\u00f3 th\u1ec3 l\u1ef1a ch\u1ecdn m\u00e0u s\u1eafc y\u00eau th\u00edch.<\/span><\/li>\n<\/ul>\n<\/td>\n<\/tr>\n<\/tbody>\n<\/table>\n<h2><b>T\u1ed5ng quan v\u1ec1 s\u1ea3n ph\u1ea9m<\/b><\/h2>\n<p><span style=\"font-weight: 400;\"><a href=\"https:\/\/qghome.vn\/noi-that-chung-cu\/noi-that-phong-khach\/ke-tivi-qg\/\">K\u1ec7 Tivi<\/a> l\u00e0 m\u1ed9t trong nh\u1eefng s\u1ea3n ph\u1ea9m n\u1ed9i th\u1ea5t kh\u00f4ng th\u1ec3 thi\u1ebfu \u0111\u1ed1i v\u1edbi m\u1ed7i h\u1ed9 gia \u0111\u00ecnh ho\u1eb7c v\u0103n ph\u00f2ng, ph\u00f2ng kh\u00e1ch s\u1ea1n, nh\u00e0 h\u00e0ng,&#8230; G\u00f3p ph\u1ea7n l\u00e0m n\u1ed5i b\u1eadt v\u1ebb \u0111\u1eb9p c\u1ee7a c\u0103n ph\u00f2ng. K\u1ec7 tivi th\u01b0\u1eddng \u0111\u01b0\u1ee3c \u0111\u1eb7t \u1edf ph\u00f2ng kh\u00e1ch &#8211; tr\u00e1i tim trong ng\u00f4i nh\u00e0, \u0111\u00e2y m\u1ed9t n\u01a1i r\u1ea5t trang tr\u1ecdng \u0111\u1ec3 b\u1ea1n ti\u1ebfp \u0111\u00f3n kh\u00e1ch \u0111\u1ebfn ch\u01a1i v\u00e0 c\u0169ng l\u00e0 kh\u00f4ng gian sinh ho\u1ea1t chung c\u1ee7a c\u1ea3 gia \u0111\u00ecnh.\u00a0<\/span><\/p>\n<p><span style=\"font-weight: 400;\">Ch\u00ednh v\u00ec v\u1eady m\u00e0 vi\u1ec7c l\u1ef1a ch\u1ecdn m\u1ed9t chi\u1ebfc k\u1ec7 tivi v\u1edbi m\u00e0u s\u1eafc v\u00e0 m\u1eabu m\u00e3 ph\u00f9 h\u1ee3p v\u1edbi phong th\u1ee7y c\u1ee7a c\u0103n ph\u00f2ng l\u00e0 m\u1ed9t \u0111i\u1ec1u h\u1ebft s\u1ee9c quan tr\u1ecdng \u0111\u1ed1i v\u1edbi gia ch\u1ee7.<\/span><\/p>\n<p><span style=\"font-weight: 400;\">Hi\u1ec3u \u0111\u01b0\u1ee3c \u0111i\u1ec1u \u0111\u00f3, N\u1ed9i th\u1ea5t QG Home Vi\u1ec7t Nam ch\u00fang t\u00f4i \u0111\u00e3 cho ra m\u1eaft s\u1ea3n ph\u1ea9m <strong>k\u1ec7 tivi KTV12<\/strong>, m\u1ed9t trong nh\u1eefng m\u1eabu k\u1ec7 tivi \u0111\u01b0\u1ee3c \u01b0a chu\u1ed9ng nh\u1ea5t hi\u1ec7n nay. V\u1edbi thi\u1ebft k\u1ebf kh\u00f4ng ch\u1ec9 trang tr\u1ecdng, l\u1ecbch s\u1ef1 v\u1ec1 m\u1eb7t m\u1eabu m\u00e3 m\u00e0 c\u00f2n tinh t\u1ebf v\u1ec1 m\u1eb7t c\u00f4ng d\u1ee5ng th\u00ec ch\u1eafc ch\u1eafn s\u1ebd kh\u00f4ng th\u1ec3 l\u00e0m b\u1ea1n th\u1ea5t v\u1ecdng.<\/span><\/p>\n<p><img loading=\"lazy\" decoding=\"async\" class=\"size-medium wp-image-11585 aligncenter\" src=\"http:\/\/qghome.vn\/wp-content\/uploads\/2024\/08\/KTV12.1-533x400.jpg\" alt=\"\" width=\"533\" height=\"400\" srcset=\"https:\/\/luan.webrt.net\/qhome\/wp-content\/uploads\/2024\/08\/KTV12.1-533x400.jpg 533w, https:\/\/luan.webrt.net\/qhome\/wp-content\/uploads\/2024\/08\/KTV12.1-510x383.jpg 510w, https:\/\/luan.webrt.net\/qhome\/wp-content\/uploads\/2024\/08\/KTV12.1-768x576.jpg 768w, https:\/\/luan.webrt.net\/qhome\/wp-content\/uploads\/2024\/08\/KTV12.1.jpg 960w\" sizes=\"auto, (max-width: 533px) 100vw, 533px\" \/><\/p>\n<h2><b>Thi\u1ebft k\u1ebf sang tr\u1ecdng, \u0111\u1eb3ng c\u1ea5p<\/b><\/h2>\n<p><span style=\"font-weight: 400;\">M\u1eabu k\u1ec7 \u0111\u01b0\u1ee3c thi\u1ebft k\u1ebf v\u1edbi ki\u1ec3u d\u00e1ng tuy \u0111\u01a1n gi\u1ea3n nh\u01b0ng l\u1ea1i r\u1ea5t hi\u1ec7n \u0111\u1ea1i v\u00e0 phong c\u00e1ch. L\u00e0 m\u1eabu k\u1ec7 tivi treo t\u01b0\u1eddng n\u00ean di\u1ec7n t\u00edch v\u00e0 tr\u1ecdng l\u01b0\u1ee3ng c\u1ee7a s\u1ea3n ph\u1ea9m r\u1ea5t g\u1ecdn nh\u1eb9 \u0111\u1ec3 c\u00f3 th\u1ec3 gi\u1ea3m \u0111\u01b0\u1ee3c tr\u1ecdng l\u1ef1c khi treo l\u00ean t\u01b0\u1eddng nh\u00e0.<\/span><\/p>\n<p><img loading=\"lazy\" decoding=\"async\" class=\"size-medium wp-image-11586 aligncenter\" src=\"http:\/\/qghome.vn\/wp-content\/uploads\/2024\/08\/KTV12.2.jpg\" alt=\"\" width=\"290\" height=\"174\" srcset=\"https:\/\/luan.webrt.net\/qhome\/wp-content\/uploads\/2024\/08\/KTV12.2.jpg 290w, https:\/\/luan.webrt.net\/qhome\/wp-content\/uploads\/2024\/08\/KTV12.2-247x148.jpg 247w\" sizes=\"auto, (max-width: 290px) 100vw, 290px\" \/><\/p>\n<p><span style=\"font-weight: 400;\">T\u1eebng \u0111\u01b0\u1eddng n\u00e9t g\u00f3c c\u1ea1nh c\u1ee7a chi\u1ebfc k\u1ec7 \u0111\u01b0\u1ee3c c\u1eaft g\u1ecdt gia c\u00f4ng t\u1ec9 m\u1ec9 v\u00e0 chu\u1ea9n x\u00e1c, t\u1ea1o s\u1ef1 trang tr\u1ecdng l\u1ecbch s\u1ef1 trong t\u1ed5ng th\u1ec3 thi\u1ebft k\u1ebf c\u1ee7a s\u1ea3n ph\u1ea9m.\u00a0<\/span><\/p>\n<h2><strong>M\u00e0u s\u1eafc t\u1ef1 nhi\u00ean, thanh l\u1ecbch<\/strong><\/h2>\n<p><span style=\"font-weight: 400;\">M\u00e0u s\u1eafc h\u00e0i h\u00f2a, sang tr\u1ecdng trong s\u1ef1 k\u1ebft h\u1ee3p gi\u1eefa m\u00e0u tr\u1eafng \u0111\u1ee5c v\u00e0 m\u00e0u v\u00e2n g\u1ed7 \u0111\u1eb7c tr\u01b0ng c\u1ee7a d\u00f2ng g\u1ed7 c\u00f4ng nghi\u1ec7p. V\u1edbi m\u00e0u v\u00e2n g\u1ed7 n\u00e2u \u1edf ph\u00eda tr\u00ean s\u1ebd gi\u00fap b\u1ea1n tr\u00e1nh \u0111\u1ec3 l\u1ed9 nh\u1eefng v\u1ebft b\u1ea9n do \u0111\u00e2y l\u00e0 b\u1ec1 m\u1eb7t \u0111\u01b0\u1ee3c ti\u1ebfp x\u00fac kh\u00e1 nhi\u1ec1u.\u00a0<\/span><\/p>\n<p><img loading=\"lazy\" decoding=\"async\" class=\"size-medium wp-image-11587 aligncenter\" src=\"http:\/\/qghome.vn\/wp-content\/uploads\/2024\/08\/KTV12.3.jpg\" alt=\"\" width=\"225\" height=\"225\" srcset=\"https:\/\/luan.webrt.net\/qhome\/wp-content\/uploads\/2024\/08\/KTV12.3.jpg 225w, https:\/\/luan.webrt.net\/qhome\/wp-content\/uploads\/2024\/08\/KTV12.3-100x100.jpg 100w\" sizes=\"auto, (max-width: 225px) 100vw, 225px\" \/><\/p>\n<h4><strong>\u00dd ngh\u0129a c\u1ee7a m\u00e0u v\u00e2n g\u1ed7:<\/strong><\/h4>\n<p>M\u00e0u v\u00e2n g\u1ed7 mang \u0111\u1ebfn v\u1ebb \u0111\u1eb9p t\u1ef1 nhi\u00ean v\u00e0 \u1ea5m \u00e1p cho kh\u00f4ng gian xung quanh v\u00e0 n\u00f3 ph\u00f9 h\u1ee3p v\u1edbi nhi\u1ec1u phong c\u00e1ch ki\u1ebfn tr\u00fac. V\u1edbi m\u00e0u v\u00e2n g\u1ed7 n\u00e2u tr\u1ea7m \u1edf ph\u00eda tr\u00ean s\u1ebd gi\u00fap b\u1ea1n tr\u00e1nh \u0111\u1ec3 l\u1ed9 nh\u1eefng v\u1ebft b\u1ea9n do \u0111\u00e2y l\u00e0 b\u1ec1 m\u1eb7t \u0111\u01b0\u1ee3c ti\u1ebfp x\u00fac kh\u00e1 nhi\u1ec1u.<\/p>\n<h4><strong>\u00dd ngh\u0129a c\u1ee7a m\u00e0u tr\u1eafng \u0111\u1ee5c:<\/strong><\/h4>\n<p>M\u00e0u tr\u1eafng \u0111\u1ee5c t\u01b0\u1ee3ng tr\u01b0ng cho s\u1ef1 thanh l\u1ecbch v\u00e0 tinh kh\u00f4i, t\u1ea1o ra v\u1ebb \u0111\u1eb9p m\u1ec1m m\u1ea1i v\u00e0 tinh t\u1ebf cho s\u1ea3n ph\u1ea9m. Mang \u0111\u1ebfn s\u1ef1 s\u00e1ng s\u1ee7a c\u00f9ng phong c\u00e1ch hi\u1ec7n \u0111\u1ea1i cho gian ph\u00f2ng.<\/p>\n<p>Kh\u00f4ng nh\u1eefng v\u1eady, g\u1ed7 \u00e9p m\u00e0u tr\u1eafng \u0111\u1ee5c c\u00f2n l\u00e0 m\u1ed9t \u0111i\u1ec3m nh\u1ea5n \u1ea5n t\u01b0\u1ee3ng trong trang tr\u00ed n\u1ed9i th\u1ea5t. V\u1eady n\u00ean c\u00e1nh t\u1ee7 c\u1ee7a chi\u1ebfc k\u1ec7 \u0111\u00e3 \u0111\u01b0\u1ee3c ph\u1ed1i t\u00f4ng m\u00e0u sang ch\u1ea3nh n\u00e0y \u0111\u1ec3 t\u1ea1o n\u00ean s\u1ef1 \u0111\u1ed9c \u0111\u00e1o v\u00e0 ph\u00e1 c\u00e1ch.<\/p>\n<h2><b>C\u00f4ng d\u1ee5ng tuy\u1ec7t v\u1eddi<\/b><\/h2>\n<p><span style=\"font-weight: 400;\">M\u1eb7t tr\u00ean \u0111\u1ec3 tivi c\u1ee7a chi\u1ebfc k\u1ec7 b\u1eb1ng ph\u1eb3ng v\u00e0 r\u1ed9ng r\u00e3i gi\u00fap b\u1ea1n c\u00f3 th\u1ec3 tho\u1ea3i m\u00e1i \u0111\u1eb7t tivi v\u1edbi m\u1ecdi k\u00edch th\u01b0\u1edbc l\u00ean \u0111\u00f3, n\u1ebfu v\u1eabn c\u00f2n di\u1ec7n t\u00edch th\u00ec b\u1ea1n c\u0169ng c\u00f3 th\u1ec3 \u0111\u1ec3 \u0111\u1ed3 ho\u1eb7c \u0111\u1eb7t v\u00e0o \u0111\u00f3 m\u1ed9t ch\u1eadu hoa ho\u1eb7c ch\u1eadu c\u00e2y nho nh\u1ecf \u0111\u1ec3 trang tr\u00ed cho chi\u1ebfc k\u1ec7 th\u00eam sinh \u0111\u1ed9ng h\u01a1n .<\/span><\/p>\n<p><span style=\"font-weight: 400;\"> K\u1ec7 g\u1ed3m 03 ng\u0103n k\u00e9o t\u1ee7. Kh\u00f4ng gian b\u00ean trong c\u00e1c ng\u0103n t\u1ee7 kh\u00e1 s\u00e2u r\u1ed9ng n\u00ean b\u1ea1n c\u00f3 th\u1ec3 l\u01b0u tr\u1eef th\u00eam v\u00e0o \u0111\u00f3 nh\u1eefng \u0111\u1ed3 d\u00f9ng c\u1ea7n thi\u1ebft kh\u00e1c nh\u01b0 b\u1ed9 loa \u0111\u00e0i, \u0111\u1ea7u thu, remote, s\u00e1ch, b\u00e1o, t\u1ea1p ch\u00ed,&#8230;.<\/span><\/p>\n<p><img loading=\"lazy\" decoding=\"async\" class=\"size-medium wp-image-11589 aligncenter\" src=\"http:\/\/qghome.vn\/wp-content\/uploads\/2024\/08\/KTV12.5-400x400.jpg\" alt=\"\" width=\"400\" height=\"400\" srcset=\"https:\/\/luan.webrt.net\/qhome\/wp-content\/uploads\/2024\/08\/KTV12.5-400x400.jpg 400w, https:\/\/luan.webrt.net\/qhome\/wp-content\/uploads\/2024\/08\/KTV12.5-100x100.jpg 100w, https:\/\/luan.webrt.net\/qhome\/wp-content\/uploads\/2024\/08\/KTV12.5-510x510.jpg 510w, https:\/\/luan.webrt.net\/qhome\/wp-content\/uploads\/2024\/08\/KTV12.5-280x280.jpg 280w, https:\/\/luan.webrt.net\/qhome\/wp-content\/uploads\/2024\/08\/KTV12.5.jpg 600w\" sizes=\"auto, (max-width: 400px) 100vw, 400px\" \/><\/p>\n<h2><b>Ch\u1ea5t li\u1ec7u cao c\u1ea5p, b\u1ec1n b\u1ec9<\/b><\/h2>\n<p><span style=\"font-weight: 400;\"><strong>K\u1ec7 tivi KTV12<\/strong> \u0111\u01b0\u1ee3c l\u00e0m t\u1eeb ch\u1ea5t li\u1ec7u v\u00e1n g\u1ed7 MDF ph\u1ee7 melamine, \u0111\u1ea1t ti\u00eau chu\u1ea9n E1, th\u00e2n thi\u1ec7n v\u1edbi m\u00f4i tr\u01b0\u1eddng, an to\u00e0n cho s\u1ee9c kh\u1ecfe ng\u01b0\u1eddi s\u1eed d\u1ee5ng. Ch\u1ea5t li\u1ec7u c\u00f3 \u01b0u \u0111i\u1ec3m \u0111\u1ed9 b\u1ec1n cao, ch\u1eafc ch\u1eafn, c\u00f3 kh\u1ea3 n\u0103ng ch\u1ecbu l\u1ef1c t\u1ed1t gi\u1eef \u0111\u01b0\u1ee3c v\u1ebb \u0111\u1eb9p th\u1ea9m m\u1ef9 theo th\u1eddi gian. Kh\u00f4ng nh\u1eefng v\u1eady, ch\u1ea5t li\u1ec7u \u0111\u1eb7c bi\u1ec7t n\u00e0y c\u00f2n gi\u00fap b\u1ec1 m\u1eb7t t\u1ee7 ch\u1ed1ng th\u1ea5m n\u01b0\u1edbc, tr\u00e1nh \u0111\u01b0\u1ee3c vi\u1ec7c b\u1ecb \u1ea9m m\u1ed1c v\u00e0 r\u1ea5t d\u1ec5 \u0111\u1ec3 v\u1ec7 sinh lau ch\u00f9i trong qu\u00e1 tr\u00ecnh s\u1eed d\u1ee5ng. V\u00e1n g\u1ed7 kh\u00e1 c\u1ee9ng c\u00e1p n\u00ean b\u1ea1n c\u00f3 th\u1ec3 y\u00ean t\u00e2m v\u1edbi nh\u1eefng s\u1ef1 va \u0111\u1eadp v\u00e0 tr\u1ea7y x\u01b0\u1edbc th\u00f4ng th\u01b0\u1eddng.<\/span><\/p>\n<p><img loading=\"lazy\" decoding=\"async\" class=\"alignnone wp-image-11551\" src=\"http:\/\/qghome.vn\/wp-content\/uploads\/2024\/08\/2e86420ed952cd081c6774d5c3f6ec37-1.jpg\" alt=\"\" width=\"334\" height=\"275\" \/> <img loading=\"lazy\" decoding=\"async\" class=\"alignnone wp-image-11552\" src=\"http:\/\/qghome.vn\/wp-content\/uploads\/2024\/08\/mdf-phu-melamine-1.jpg\" alt=\"\" width=\"379\" height=\"272\" \/><\/p>\n<p>&nbsp;<\/p>\n<div class=\"host-bincmiainjofjnhchmcalkanjebghoen\" style=\"position: relative; z-index: 2147483647;\"><\/div>\n<div class=\"host-bincmiainjofjnhchmcalkanjebghoen\" style=\"position: relative; z-index: 2147483647;\"><\/div>\n","protected":false},"excerpt":{"rendered":"<p><span style=\"color: #3366ff;\"><em>K\u1ec7 Tivi KTV12 \u0111\u01b0\u1ee3c l\u00e0m t\u1eeb v\u00e1n g\u1ed7 \u00e9p c\u00f4ng nghi\u1ec7p MDF ph\u1ee7 melamine cao c\u1ea5p. V\u1edbi thi\u1ebft k\u1ebf v\u1eeba sang tr\u1ecdng, hi\u1ec7n \u0111\u1ea1i l\u1ea1i v\u00f4 c\u00f9ng tinh t\u1ebf gi\u00fap \u0111em \u0111\u1ebfn nh\u1eefng tr\u1ea3i nghi\u1ec7m tuy\u1ec7t v\u1eddi cho ng\u01b0\u1eddi s\u1eed d\u1ee5ng.<\/em><\/span><\/p>\n<div class=\"host-bincmiainjofjnhchmcalkanjebghoen\" style=\"position: relative; z-index: 2147483647;\"><\/div>\n<div class=\"host-bincmiainjofjnhchmcalkanjebghoen\" style=\"position: relative; z-index: 2147483647;\"><\/div>\n","protected":false},"featured_media":11589,"comment_status":"open","ping_status":"closed","template":"","meta":[],"product_cat":[573,569,119],"product_tag":[582,594,598,599,597,596],"class_list":["post-11583","product","type-product","status-publish","has-post-thumbnail","hentry","product_cat-ke-tivi-qg","product_cat-noi-that-chung-cu","product_cat-san-pham","product_tag-ke-tivi-don-gian","product_tag-ke-tivi-hien-dai","product_tag-ke-tivi-ktv12","product_tag-ke-tivi-nho-gon","product_tag-ke-tivi-treo-tuong","product_tag-ke-tivi-treo-tuong-giia-re"],"yoast_head":"<!-- This site is optimized with the Yoast SEO plugin v19.9 - https:\/\/yoast.com\/wordpress\/plugins\/seo\/ -->\n<title>K\u1ec7 Tivi KTV12 - M\u1eabu web n\u1ed9i th\u1ea5t - K\u1ec7 tivi b\u1ec1n \u0111\u1eb9p, gi\u00e1 r\u1ebb, phong c\u00e1ch<\/title>\n<meta name=\"description\" content=\"K\u1ec7 \u0111\u1ec3 Tivi g\u1ed7 c\u00f4ng nghi\u1ec7p MDF cao c\u1ea5p v\u1edbi phong c\u00e1ch sang tr\u1ecdng, thanh l\u1ecbch, chu\u1ea9n gu cho kh\u00f4ng gian ph\u00f2ng kh\u00e1ch hi\u1ec7n \u0111\u1ea1i - K\u1ec7 Tivi KTV12 - M\u1eabu web n\u1ed9i th\u1ea5t\" \/>\n<meta name=\"robots\" content=\"index, follow, max-snippet:-1, max-image-preview:large, max-video-preview:-1\" \/>\n<link rel=\"canonical\" href=\"https:\/\/luan.webrt.net\/qhome\/san-pham\/ke-tivi-ktv12\/\" \/>\n<meta property=\"og:locale\" content=\"vi_VN\" \/>\n<meta property=\"og:type\" content=\"article\" \/>\n<meta property=\"og:title\" content=\"K\u1ec7 Tivi KTV12 - M\u1eabu web n\u1ed9i th\u1ea5t - K\u1ec7 tivi b\u1ec1n \u0111\u1eb9p, gi\u00e1 r\u1ebb, phong c\u00e1ch\" \/>\n<meta property=\"og:description\" content=\"K\u1ec7 \u0111\u1ec3 Tivi g\u1ed7 c\u00f4ng nghi\u1ec7p MDF cao c\u1ea5p v\u1edbi phong c\u00e1ch sang tr\u1ecdng, thanh l\u1ecbch, chu\u1ea9n gu cho kh\u00f4ng gian ph\u00f2ng kh\u00e1ch hi\u1ec7n \u0111\u1ea1i - K\u1ec7 Tivi KTV12 - M\u1eabu web n\u1ed9i th\u1ea5t\" \/>\n<meta property=\"og:url\" content=\"https:\/\/luan.webrt.net\/qhome\/san-pham\/ke-tivi-ktv12\/\" \/>\n<meta property=\"og:site_name\" content=\"M\u1eabu web n\u1ed9i th\u1ea5t\" \/>\n<meta property=\"article:publisher\" content=\"https:\/\/www.facebook.com\/noithatqghome\" \/>\n<meta property=\"article:modified_time\" content=\"2025-12-18T09:13:28+00:00\" \/>\n<meta property=\"og:image\" content=\"https:\/\/luan.webrt.net\/qhome\/wp-content\/uploads\/2024\/08\/KTV12.5.jpg\" \/>\n\t<meta property=\"og:image:width\" content=\"600\" \/>\n\t<meta property=\"og:image:height\" content=\"600\" \/>\n\t<meta property=\"og:image:type\" content=\"image\/jpeg\" \/>\n<meta name=\"twitter:card\" content=\"summary_large_image\" \/>\n<meta name=\"twitter:label1\" content=\"\u01af\u1edbc t\u00ednh th\u1eddi gian \u0111\u1ecdc\" \/>\n\t<meta name=\"twitter:data1\" content=\"7 ph\u00fat\" \/>\n<script type=\"application\/ld+json\" class=\"yoast-schema-graph\">{\"@context\":\"https:\/\/schema.org\",\"@graph\":[{\"@type\":\"WebPage\",\"@id\":\"https:\/\/luan.webrt.net\/qhome\/san-pham\/ke-tivi-ktv12\/\",\"url\":\"https:\/\/luan.webrt.net\/qhome\/san-pham\/ke-tivi-ktv12\/\",\"name\":\"K\u1ec7 Tivi KTV12 - M\u1eabu web n\u1ed9i th\u1ea5t - K\u1ec7 tivi b\u1ec1n \u0111\u1eb9p, gi\u00e1 r\u1ebb, phong c\u00e1ch\",\"isPartOf\":{\"@id\":\"https:\/\/luan.webrt.net\/qhome\/#website\"},\"datePublished\":\"2024-08-21T03:47:46+00:00\",\"dateModified\":\"2025-12-18T09:13:28+00:00\",\"description\":\"K\u1ec7 \u0111\u1ec3 Tivi g\u1ed7 c\u00f4ng nghi\u1ec7p MDF cao c\u1ea5p v\u1edbi phong c\u00e1ch sang tr\u1ecdng, thanh l\u1ecbch, chu\u1ea9n gu cho kh\u00f4ng gian ph\u00f2ng kh\u00e1ch hi\u1ec7n \u0111\u1ea1i - K\u1ec7 Tivi KTV12 - M\u1eabu web n\u1ed9i th\u1ea5t\",\"breadcrumb\":{\"@id\":\"https:\/\/luan.webrt.net\/qhome\/san-pham\/ke-tivi-ktv12\/#breadcrumb\"},\"inLanguage\":\"vi\",\"potentialAction\":[{\"@type\":\"ReadAction\",\"target\":[\"https:\/\/luan.webrt.net\/qhome\/san-pham\/ke-tivi-ktv12\/\"]}]},{\"@type\":\"BreadcrumbList\",\"@id\":\"https:\/\/luan.webrt.net\/qhome\/san-pham\/ke-tivi-ktv12\/#breadcrumb\",\"itemListElement\":[{\"@type\":\"ListItem\",\"position\":1,\"name\":\"Trang ch\u1ee7\",\"item\":\"https:\/\/luan.webrt.net\/qhome\/\"},{\"@type\":\"ListItem\",\"position\":2,\"name\":\"Shop\",\"item\":\"https:\/\/luan.webrt.net\/qhome\/shop\/\"},{\"@type\":\"ListItem\",\"position\":3,\"name\":\"K\u1ec7 Tivi KTV12\"}]},{\"@type\":\"WebSite\",\"@id\":\"https:\/\/luan.webrt.net\/qhome\/#website\",\"url\":\"https:\/\/luan.webrt.net\/qhome\/\",\"name\":\"M\u1eabu web n\u1ed9i th\u1ea5t\",\"description\":\"QGHome Vi\u1ec7t Nam\",\"publisher\":{\"@id\":\"https:\/\/luan.webrt.net\/qhome\/#organization\"},\"potentialAction\":[{\"@type\":\"SearchAction\",\"target\":{\"@type\":\"EntryPoint\",\"urlTemplate\":\"https:\/\/luan.webrt.net\/qhome\/?s={search_term_string}\"},\"query-input\":\"required name=search_term_string\"}],\"inLanguage\":\"vi\"},{\"@type\":\"Organization\",\"@id\":\"https:\/\/luan.webrt.net\/qhome\/#organization\",\"name\":\"QGHome\",\"url\":\"https:\/\/luan.webrt.net\/qhome\/\",\"logo\":{\"@type\":\"ImageObject\",\"inLanguage\":\"vi\",\"@id\":\"https:\/\/luan.webrt.net\/qhome\/#\/schema\/logo\/image\/\",\"url\":\"https:\/\/qghome.vn\/wp-content\/uploads\/2025\/08\/logo-mau-MauTH-21.png\",\"contentUrl\":\"https:\/\/qghome.vn\/wp-content\/uploads\/2025\/08\/logo-mau-MauTH-21.png\",\"width\":253,\"height\":99,\"caption\":\"QGHome\"},\"image\":{\"@id\":\"https:\/\/luan.webrt.net\/qhome\/#\/schema\/logo\/image\/\"},\"sameAs\":[\"https:\/\/www.tiktok.com\/@qghome.official\",\"https:\/\/www.youtube.com\/channel\/UCeVBuKTXkv-u94DS421cklw\",\"https:\/\/www.facebook.com\/noithatqghome\"]}]}<\/script>\n<!-- \/ Yoast SEO plugin. -->","yoast_head_json":{"title":"K\u1ec7 Tivi KTV12 - M\u1eabu web n\u1ed9i th\u1ea5t - K\u1ec7 tivi b\u1ec1n \u0111\u1eb9p, gi\u00e1 r\u1ebb, phong c\u00e1ch","description":"K\u1ec7 \u0111\u1ec3 Tivi g\u1ed7 c\u00f4ng nghi\u1ec7p MDF cao c\u1ea5p v\u1edbi phong c\u00e1ch sang tr\u1ecdng, thanh l\u1ecbch, chu\u1ea9n gu cho kh\u00f4ng gian ph\u00f2ng kh\u00e1ch hi\u1ec7n \u0111\u1ea1i - K\u1ec7 Tivi KTV12 - M\u1eabu web n\u1ed9i th\u1ea5t","robots":{"index":"index","follow":"follow","max-snippet":"max-snippet:-1","max-image-preview":"max-image-preview:large","max-video-preview":"max-video-preview:-1"},"canonical":"https:\/\/luan.webrt.net\/qhome\/san-pham\/ke-tivi-ktv12\/","og_locale":"vi_VN","og_type":"article","og_title":"K\u1ec7 Tivi KTV12 - M\u1eabu web n\u1ed9i th\u1ea5t - K\u1ec7 tivi b\u1ec1n \u0111\u1eb9p, gi\u00e1 r\u1ebb, phong c\u00e1ch","og_description":"K\u1ec7 \u0111\u1ec3 Tivi g\u1ed7 c\u00f4ng nghi\u1ec7p MDF cao c\u1ea5p v\u1edbi phong c\u00e1ch sang tr\u1ecdng, thanh l\u1ecbch, chu\u1ea9n gu cho kh\u00f4ng gian ph\u00f2ng kh\u00e1ch hi\u1ec7n \u0111\u1ea1i - K\u1ec7 Tivi KTV12 - M\u1eabu web n\u1ed9i th\u1ea5t","og_url":"https:\/\/luan.webrt.net\/qhome\/san-pham\/ke-tivi-ktv12\/","og_site_name":"M\u1eabu web n\u1ed9i th\u1ea5t","article_publisher":"https:\/\/www.facebook.com\/noithatqghome","article_modified_time":"2025-12-18T09:13:28+00:00","og_image":[{"width":600,"height":600,"url":"https:\/\/luan.webrt.net\/qhome\/wp-content\/uploads\/2024\/08\/KTV12.5.jpg","type":"image\/jpeg"}],"twitter_card":"summary_large_image","twitter_misc":{"\u01af\u1edbc t\u00ednh th\u1eddi gian \u0111\u1ecdc":"7 ph\u00fat"},"schema":{"@context":"https:\/\/schema.org","@graph":[{"@type":"WebPage","@id":"https:\/\/luan.webrt.net\/qhome\/san-pham\/ke-tivi-ktv12\/","url":"https:\/\/luan.webrt.net\/qhome\/san-pham\/ke-tivi-ktv12\/","name":"K\u1ec7 Tivi KTV12 - M\u1eabu web n\u1ed9i th\u1ea5t - K\u1ec7 tivi b\u1ec1n \u0111\u1eb9p, gi\u00e1 r\u1ebb, phong c\u00e1ch","isPartOf":{"@id":"https:\/\/luan.webrt.net\/qhome\/#website"},"datePublished":"2024-08-21T03:47:46+00:00","dateModified":"2025-12-18T09:13:28+00:00","description":"K\u1ec7 \u0111\u1ec3 Tivi g\u1ed7 c\u00f4ng nghi\u1ec7p MDF cao c\u1ea5p v\u1edbi phong c\u00e1ch sang tr\u1ecdng, thanh l\u1ecbch, chu\u1ea9n gu cho kh\u00f4ng gian ph\u00f2ng kh\u00e1ch hi\u1ec7n \u0111\u1ea1i - K\u1ec7 Tivi KTV12 - M\u1eabu web n\u1ed9i th\u1ea5t","breadcrumb":{"@id":"https:\/\/luan.webrt.net\/qhome\/san-pham\/ke-tivi-ktv12\/#breadcrumb"},"inLanguage":"vi","potentialAction":[{"@type":"ReadAction","target":["https:\/\/luan.webrt.net\/qhome\/san-pham\/ke-tivi-ktv12\/"]}]},{"@type":"BreadcrumbList","@id":"https:\/\/luan.webrt.net\/qhome\/san-pham\/ke-tivi-ktv12\/#breadcrumb","itemListElement":[{"@type":"ListItem","position":1,"name":"Trang ch\u1ee7","item":"https:\/\/luan.webrt.net\/qhome\/"},{"@type":"ListItem","position":2,"name":"Shop","item":"https:\/\/luan.webrt.net\/qhome\/shop\/"},{"@type":"ListItem","position":3,"name":"K\u1ec7 Tivi KTV12"}]},{"@type":"WebSite","@id":"https:\/\/luan.webrt.net\/qhome\/#website","url":"https:\/\/luan.webrt.net\/qhome\/","name":"M\u1eabu web n\u1ed9i th\u1ea5t","description":"QGHome Vi\u1ec7t Nam","publisher":{"@id":"https:\/\/luan.webrt.net\/qhome\/#organization"},"potentialAction":[{"@type":"SearchAction","target":{"@type":"EntryPoint","urlTemplate":"https:\/\/luan.webrt.net\/qhome\/?s={search_term_string}"},"query-input":"required name=search_term_string"}],"inLanguage":"vi"},{"@type":"Organization","@id":"https:\/\/luan.webrt.net\/qhome\/#organization","name":"QGHome","url":"https:\/\/luan.webrt.net\/qhome\/","logo":{"@type":"ImageObject","inLanguage":"vi","@id":"https:\/\/luan.webrt.net\/qhome\/#\/schema\/logo\/image\/","url":"https:\/\/qghome.vn\/wp-content\/uploads\/2025\/08\/logo-mau-MauTH-21.png","contentUrl":"https:\/\/qghome.vn\/wp-content\/uploads\/2025\/08\/logo-mau-MauTH-21.png","width":253,"height":99,"caption":"QGHome"},"image":{"@id":"https:\/\/luan.webrt.net\/qhome\/#\/schema\/logo\/image\/"},"sameAs":["https:\/\/www.tiktok.com\/@qghome.official","https:\/\/www.youtube.com\/channel\/UCeVBuKTXkv-u94DS421cklw","https:\/\/www.facebook.com\/noithatqghome"]}]}},"_links":{"self":[{"href":"https:\/\/luan.webrt.net\/qhome\/wp-json\/wp\/v2\/product\/11583","targetHints":{"allow":["GET"]}}],"collection":[{"href":"https:\/\/luan.webrt.net\/qhome\/wp-json\/wp\/v2\/product"}],"about":[{"href":"https:\/\/luan.webrt.net\/qhome\/wp-json\/wp\/v2\/types\/product"}],"replies":[{"embeddable":true,"href":"https:\/\/luan.webrt.net\/qhome\/wp-json\/wp\/v2\/comments?post=11583"}],"wp:featuredmedia":[{"embeddable":true,"href":"https:\/\/luan.webrt.net\/qhome\/wp-json\/wp\/v2\/media\/11589"}],"wp:attachment":[{"href":"https:\/\/luan.webrt.net\/qhome\/wp-json\/wp\/v2\/media?parent=11583"}],"wp:term":[{"taxonomy":"product_cat","embeddable":true,"href":"https:\/\/luan.webrt.net\/qhome\/wp-json\/wp\/v2\/product_cat?post=11583"},{"taxonomy":"product_tag","embeddable":true,"href":"https:\/\/luan.webrt.net\/qhome\/wp-json\/wp\/v2\/product_tag?post=11583"}],"curies":[{"name":"wp","href":"https:\/\/api.w.org\/{rel}","templated":true}]}}