{"id":11518,"date":"2024-08-20T09:10:45","date_gmt":"2024-08-20T09:10:45","guid":{"rendered":"https:\/\/qghome.vn\/?post_type=product&#038;p=11518"},"modified":"2024-11-16T18:52:35","modified_gmt":"2024-11-16T18:52:35","slug":"thiet-ke-chung-cu-dep","status":"publish","type":"product","link":"https:\/\/luan.webrt.net\/qhome\/san-pham\/thiet-ke-chung-cu-dep\/","title":{"rendered":"Thi\u1ebft k\u1ebf chung c\u01b0 \u0111\u1eb9p"},"content":{"rendered":"","protected":false},"excerpt":{"rendered":"","protected":false},"featured_media":11524,"comment_status":"open","ping_status":"closed","template":"","meta":[],"product_cat":[570],"product_tag":[610,616,618,611,609,612,613,619,615],"class_list":["post-11518","product","type-product","status-publish","has-post-thumbnail","hentry","product_cat-giuong-ngu","product_tag-giuong-ngu","product_tag-giuong-ngu-cho-be","product_tag-giuong-ngu-gia-re","product_tag-giuong-ngu-go","product_tag-giuong-ngu-go-cong-nghiep","product_tag-giuong-ngu-go-gia-re","product_tag-giuong-ngu-go-gia-tot","product_tag-giuong-ngu-go-mdf","product_tag-giuong-ngu-nhat-ban"],"yoast_head":"<!-- This site is optimized with the Yoast SEO plugin v19.9 - https:\/\/yoast.com\/wordpress\/plugins\/seo\/ -->\n<title>[S\u1ea3n ph\u1ea9m] Thi\u1ebft k\u1ebf chung c\u01b0 \u0111\u1eb9p - N\u1ed9i th\u1ea5t QGHome<\/title>\n<meta name=\"description\" content=\"S\u1ea3n ph\u1ea9m gi\u01b0\u1eddng ng\u1ee7 b\u1ec7t c\u00f3 k\u1ec7 \u0111\u1ea7u gi\u01b0\u1eddng GN09 thu\u1ed9c chu\u1ed7i s\u1ea3n ph\u1ea9m b\u00e0n h\u1ecdp ch\u1ea5t l\u01b0\u1ee3ng cao. \u0110\u01b0\u1ee3c QGHome thi\u1ebft k\u1ebf, l\u1eafp r\u00e1p v\u00e0 giao h\u00e0ng t\u1eadn n\u01a1i 24\/24.\" \/>\n<meta name=\"robots\" content=\"index, follow, max-snippet:-1, max-image-preview:large, max-video-preview:-1\" \/>\n<link rel=\"canonical\" href=\"https:\/\/luan.webrt.net\/qhome\/san-pham\/thiet-ke-chung-cu-dep\/\" \/>\n<meta property=\"og:locale\" content=\"vi_VN\" \/>\n<meta property=\"og:type\" content=\"article\" \/>\n<meta property=\"og:title\" content=\"[S\u1ea3n ph\u1ea9m] Thi\u1ebft k\u1ebf chung c\u01b0 \u0111\u1eb9p - N\u1ed9i th\u1ea5t QGHome\" \/>\n<meta property=\"og:description\" content=\"S\u1ea3n ph\u1ea9m gi\u01b0\u1eddng ng\u1ee7 b\u1ec7t c\u00f3 k\u1ec7 \u0111\u1ea7u gi\u01b0\u1eddng GN09 thu\u1ed9c chu\u1ed7i s\u1ea3n ph\u1ea9m b\u00e0n h\u1ecdp ch\u1ea5t l\u01b0\u1ee3ng cao. \u0110\u01b0\u1ee3c QGHome thi\u1ebft k\u1ebf, l\u1eafp r\u00e1p v\u00e0 giao h\u00e0ng t\u1eadn n\u01a1i 24\/24.\" \/>\n<meta property=\"og:url\" content=\"https:\/\/luan.webrt.net\/qhome\/san-pham\/thiet-ke-chung-cu-dep\/\" \/>\n<meta property=\"og:site_name\" content=\"M\u1eabu web n\u1ed9i th\u1ea5t\" \/>\n<meta property=\"article:publisher\" content=\"https:\/\/www.facebook.com\/noithatqghome\" \/>\n<meta property=\"article:modified_time\" content=\"2024-11-16T18:52:35+00:00\" \/>\n<meta property=\"og:image\" content=\"https:\/\/luan.webrt.net\/qhome\/wp-content\/uploads\/2024\/08\/GN09-1.jpg\" \/>\n\t<meta property=\"og:image:width\" content=\"900\" \/>\n\t<meta property=\"og:image:height\" content=\"900\" \/>\n\t<meta property=\"og:image:type\" content=\"image\/jpeg\" \/>\n<meta name=\"twitter:card\" content=\"summary_large_image\" \/>\n<meta name=\"twitter:label1\" content=\"\u01af\u1edbc t\u00ednh th\u1eddi gian \u0111\u1ecdc\" \/>\n\t<meta name=\"twitter:data1\" content=\"5 ph\u00fat\" \/>\n<script type=\"application\/ld+json\" class=\"yoast-schema-graph\">{\"@context\":\"https:\/\/schema.org\",\"@graph\":[{\"@type\":\"WebPage\",\"@id\":\"https:\/\/luan.webrt.net\/qhome\/san-pham\/thiet-ke-chung-cu-dep\/\",\"url\":\"https:\/\/luan.webrt.net\/qhome\/san-pham\/thiet-ke-chung-cu-dep\/\",\"name\":\"[S\u1ea3n ph\u1ea9m] Thi\u1ebft k\u1ebf chung c\u01b0 \u0111\u1eb9p - N\u1ed9i th\u1ea5t QGHome\",\"isPartOf\":{\"@id\":\"https:\/\/luan.webrt.net\/qhome\/#website\"},\"datePublished\":\"2024-08-20T09:10:45+00:00\",\"dateModified\":\"2024-11-16T18:52:35+00:00\",\"description\":\"S\u1ea3n ph\u1ea9m gi\u01b0\u1eddng ng\u1ee7 b\u1ec7t c\u00f3 k\u1ec7 \u0111\u1ea7u gi\u01b0\u1eddng GN09 thu\u1ed9c chu\u1ed7i s\u1ea3n ph\u1ea9m b\u00e0n h\u1ecdp ch\u1ea5t l\u01b0\u1ee3ng cao. \u0110\u01b0\u1ee3c QGHome thi\u1ebft k\u1ebf, l\u1eafp r\u00e1p v\u00e0 giao h\u00e0ng t\u1eadn n\u01a1i 24\/24.\",\"breadcrumb\":{\"@id\":\"https:\/\/luan.webrt.net\/qhome\/san-pham\/thiet-ke-chung-cu-dep\/#breadcrumb\"},\"inLanguage\":\"vi\",\"potentialAction\":[{\"@type\":\"ReadAction\",\"target\":[\"https:\/\/luan.webrt.net\/qhome\/san-pham\/thiet-ke-chung-cu-dep\/\"]}]},{\"@type\":\"BreadcrumbList\",\"@id\":\"https:\/\/luan.webrt.net\/qhome\/san-pham\/thiet-ke-chung-cu-dep\/#breadcrumb\",\"itemListElement\":[{\"@type\":\"ListItem\",\"position\":1,\"name\":\"Trang ch\u1ee7\",\"item\":\"https:\/\/luan.webrt.net\/qhome\/\"},{\"@type\":\"ListItem\",\"position\":2,\"name\":\"Shop\",\"item\":\"https:\/\/luan.webrt.net\/qhome\/shop\/\"},{\"@type\":\"ListItem\",\"position\":3,\"name\":\"Thi\u1ebft k\u1ebf chung c\u01b0 \u0111\u1eb9p\"}]},{\"@type\":\"WebSite\",\"@id\":\"https:\/\/luan.webrt.net\/qhome\/#website\",\"url\":\"https:\/\/luan.webrt.net\/qhome\/\",\"name\":\"M\u1eabu web n\u1ed9i th\u1ea5t\",\"description\":\"QGHome Vi\u1ec7t Nam\",\"publisher\":{\"@id\":\"https:\/\/luan.webrt.net\/qhome\/#organization\"},\"potentialAction\":[{\"@type\":\"SearchAction\",\"target\":{\"@type\":\"EntryPoint\",\"urlTemplate\":\"https:\/\/luan.webrt.net\/qhome\/?s={search_term_string}\"},\"query-input\":\"required name=search_term_string\"}],\"inLanguage\":\"vi\"},{\"@type\":\"Organization\",\"@id\":\"https:\/\/luan.webrt.net\/qhome\/#organization\",\"name\":\"QGHome\",\"url\":\"https:\/\/luan.webrt.net\/qhome\/\",\"logo\":{\"@type\":\"ImageObject\",\"inLanguage\":\"vi\",\"@id\":\"https:\/\/luan.webrt.net\/qhome\/#\/schema\/logo\/image\/\",\"url\":\"https:\/\/qghome.vn\/wp-content\/uploads\/2025\/08\/logo-mau-MauTH-21.png\",\"contentUrl\":\"https:\/\/qghome.vn\/wp-content\/uploads\/2025\/08\/logo-mau-MauTH-21.png\",\"width\":253,\"height\":99,\"caption\":\"QGHome\"},\"image\":{\"@id\":\"https:\/\/luan.webrt.net\/qhome\/#\/schema\/logo\/image\/\"},\"sameAs\":[\"https:\/\/www.tiktok.com\/@qghome.official\",\"https:\/\/www.youtube.com\/channel\/UCeVBuKTXkv-u94DS421cklw\",\"https:\/\/www.facebook.com\/noithatqghome\"]}]}<\/script>\n<!-- \/ Yoast SEO plugin. -->","yoast_head_json":{"title":"[S\u1ea3n ph\u1ea9m] Thi\u1ebft k\u1ebf chung c\u01b0 \u0111\u1eb9p - N\u1ed9i th\u1ea5t QGHome","description":"S\u1ea3n ph\u1ea9m gi\u01b0\u1eddng ng\u1ee7 b\u1ec7t c\u00f3 k\u1ec7 \u0111\u1ea7u gi\u01b0\u1eddng GN09 thu\u1ed9c chu\u1ed7i s\u1ea3n ph\u1ea9m b\u00e0n h\u1ecdp ch\u1ea5t l\u01b0\u1ee3ng cao. \u0110\u01b0\u1ee3c QGHome thi\u1ebft k\u1ebf, l\u1eafp r\u00e1p v\u00e0 giao h\u00e0ng t\u1eadn n\u01a1i 24\/24.","robots":{"index":"index","follow":"follow","max-snippet":"max-snippet:-1","max-image-preview":"max-image-preview:large","max-video-preview":"max-video-preview:-1"},"canonical":"https:\/\/luan.webrt.net\/qhome\/san-pham\/thiet-ke-chung-cu-dep\/","og_locale":"vi_VN","og_type":"article","og_title":"[S\u1ea3n ph\u1ea9m] Thi\u1ebft k\u1ebf chung c\u01b0 \u0111\u1eb9p - N\u1ed9i th\u1ea5t QGHome","og_description":"S\u1ea3n ph\u1ea9m gi\u01b0\u1eddng ng\u1ee7 b\u1ec7t c\u00f3 k\u1ec7 \u0111\u1ea7u gi\u01b0\u1eddng GN09 thu\u1ed9c chu\u1ed7i s\u1ea3n ph\u1ea9m b\u00e0n h\u1ecdp ch\u1ea5t l\u01b0\u1ee3ng cao. \u0110\u01b0\u1ee3c QGHome thi\u1ebft k\u1ebf, l\u1eafp r\u00e1p v\u00e0 giao h\u00e0ng t\u1eadn n\u01a1i 24\/24.","og_url":"https:\/\/luan.webrt.net\/qhome\/san-pham\/thiet-ke-chung-cu-dep\/","og_site_name":"M\u1eabu web n\u1ed9i th\u1ea5t","article_publisher":"https:\/\/www.facebook.com\/noithatqghome","article_modified_time":"2024-11-16T18:52:35+00:00","og_image":[{"width":900,"height":900,"url":"https:\/\/luan.webrt.net\/qhome\/wp-content\/uploads\/2024\/08\/GN09-1.jpg","type":"image\/jpeg"}],"twitter_card":"summary_large_image","twitter_misc":{"\u01af\u1edbc t\u00ednh th\u1eddi gian \u0111\u1ecdc":"5 ph\u00fat"},"schema":{"@context":"https:\/\/schema.org","@graph":[{"@type":"WebPage","@id":"https:\/\/luan.webrt.net\/qhome\/san-pham\/thiet-ke-chung-cu-dep\/","url":"https:\/\/luan.webrt.net\/qhome\/san-pham\/thiet-ke-chung-cu-dep\/","name":"[S\u1ea3n ph\u1ea9m] Thi\u1ebft k\u1ebf chung c\u01b0 \u0111\u1eb9p - N\u1ed9i th\u1ea5t QGHome","isPartOf":{"@id":"https:\/\/luan.webrt.net\/qhome\/#website"},"datePublished":"2024-08-20T09:10:45+00:00","dateModified":"2024-11-16T18:52:35+00:00","description":"S\u1ea3n ph\u1ea9m gi\u01b0\u1eddng ng\u1ee7 b\u1ec7t c\u00f3 k\u1ec7 \u0111\u1ea7u gi\u01b0\u1eddng GN09 thu\u1ed9c chu\u1ed7i s\u1ea3n ph\u1ea9m b\u00e0n h\u1ecdp ch\u1ea5t l\u01b0\u1ee3ng cao. \u0110\u01b0\u1ee3c QGHome thi\u1ebft k\u1ebf, l\u1eafp r\u00e1p v\u00e0 giao h\u00e0ng t\u1eadn n\u01a1i 24\/24.","breadcrumb":{"@id":"https:\/\/luan.webrt.net\/qhome\/san-pham\/thiet-ke-chung-cu-dep\/#breadcrumb"},"inLanguage":"vi","potentialAction":[{"@type":"ReadAction","target":["https:\/\/luan.webrt.net\/qhome\/san-pham\/thiet-ke-chung-cu-dep\/"]}]},{"@type":"BreadcrumbList","@id":"https:\/\/luan.webrt.net\/qhome\/san-pham\/thiet-ke-chung-cu-dep\/#breadcrumb","itemListElement":[{"@type":"ListItem","position":1,"name":"Trang ch\u1ee7","item":"https:\/\/luan.webrt.net\/qhome\/"},{"@type":"ListItem","position":2,"name":"Shop","item":"https:\/\/luan.webrt.net\/qhome\/shop\/"},{"@type":"ListItem","position":3,"name":"Thi\u1ebft k\u1ebf chung c\u01b0 \u0111\u1eb9p"}]},{"@type":"WebSite","@id":"https:\/\/luan.webrt.net\/qhome\/#website","url":"https:\/\/luan.webrt.net\/qhome\/","name":"M\u1eabu web n\u1ed9i th\u1ea5t","description":"QGHome Vi\u1ec7t Nam","publisher":{"@id":"https:\/\/luan.webrt.net\/qhome\/#organization"},"potentialAction":[{"@type":"SearchAction","target":{"@type":"EntryPoint","urlTemplate":"https:\/\/luan.webrt.net\/qhome\/?s={search_term_string}"},"query-input":"required name=search_term_string"}],"inLanguage":"vi"},{"@type":"Organization","@id":"https:\/\/luan.webrt.net\/qhome\/#organization","name":"QGHome","url":"https:\/\/luan.webrt.net\/qhome\/","logo":{"@type":"ImageObject","inLanguage":"vi","@id":"https:\/\/luan.webrt.net\/qhome\/#\/schema\/logo\/image\/","url":"https:\/\/qghome.vn\/wp-content\/uploads\/2025\/08\/logo-mau-MauTH-21.png","contentUrl":"https:\/\/qghome.vn\/wp-content\/uploads\/2025\/08\/logo-mau-MauTH-21.png","width":253,"height":99,"caption":"QGHome"},"image":{"@id":"https:\/\/luan.webrt.net\/qhome\/#\/schema\/logo\/image\/"},"sameAs":["https:\/\/www.tiktok.com\/@qghome.official","https:\/\/www.youtube.com\/channel\/UCeVBuKTXkv-u94DS421cklw","https:\/\/www.facebook.com\/noithatqghome"]}]}},"_links":{"self":[{"href":"https:\/\/luan.webrt.net\/qhome\/wp-json\/wp\/v2\/product\/11518","targetHints":{"allow":["GET"]}}],"collection":[{"href":"https:\/\/luan.webrt.net\/qhome\/wp-json\/wp\/v2\/product"}],"about":[{"href":"https:\/\/luan.webrt.net\/qhome\/wp-json\/wp\/v2\/types\/product"}],"replies":[{"embeddable":true,"href":"https:\/\/luan.webrt.net\/qhome\/wp-json\/wp\/v2\/comments?post=11518"}],"wp:featuredmedia":[{"embeddable":true,"href":"https:\/\/luan.webrt.net\/qhome\/wp-json\/wp\/v2\/media\/11524"}],"wp:attachment":[{"href":"https:\/\/luan.webrt.net\/qhome\/wp-json\/wp\/v2\/media?parent=11518"}],"wp:term":[{"taxonomy":"product_cat","embeddable":true,"href":"https:\/\/luan.webrt.net\/qhome\/wp-json\/wp\/v2\/product_cat?post=11518"},{"taxonomy":"product_tag","embeddable":true,"href":"https:\/\/luan.webrt.net\/qhome\/wp-json\/wp\/v2\/product_tag?post=11518"}],"curies":[{"name":"wp","href":"https:\/\/api.w.org\/{rel}","templated":true}]}}