{"id":11474,"date":"2024-08-20T04:15:33","date_gmt":"2024-08-20T04:15:33","guid":{"rendered":"https:\/\/qghome.vn\/?post_type=product&#038;p=11474"},"modified":"2025-11-12T02:46:58","modified_gmt":"2025-11-12T02:46:58","slug":"giuong-ngu-da-nang-gn02","status":"publish","type":"product","link":"https:\/\/luan.webrt.net\/qhome\/san-pham\/giuong-ngu-da-nang-gn02\/","title":{"rendered":"Gi\u01b0\u1eddng ng\u1ee7 \u0111a n\u0103ng GN02"},"content":{"rendered":"\r\n<h2 class=\"wp-block-heading\">Gi\u01b0\u1eddng ng\u1ee7 \u0111a n\u0103ng GN02<\/h2>\r\n<p><strong>Gi\u01b0\u1eddng ng\u1ee7 \u0111a n\u0103ng GN02<\/strong> l\u00e0 m\u1ed9t gi\u1ea3i ph\u00e1p th\u00f4ng minh v\u00e0 ti\u1ec7n \u00edch cho kh\u00f4ng gian s\u1ed1ng hi\u1ec7n \u0111\u1ea1i. Gi\u01b0\u1eddng ng\u1ee7 th\u00f4ng minh \u0111\u01b0\u1ee3c thi\u1ebft k\u1ebf \u0111\u1ec3 t\u1ed1i \u01b0u h\u00f3a kh\u00f4ng gian, t\u00edch h\u1ee3p ng\u0103n ch\u1ee9a \u0111\u1ed3 ti\u1ec7n l\u1ee3i ph\u00f9 h\u1ee3p cho kh\u00f4ng gian ph\u00f2ng ng\u1ee7 h\u1eb9p.<\/p>\r\n<p><strong>Thi\u1ebft k\u1ebf<\/strong> gi\u01b0\u1eddng b\u1ec7t \u0111\u01a1n gi\u1ea3n, gi\u00e1t ph\u1ea3n g\u1ed7 t\u1ea5m, t\u00edch h\u1ee3p h\u1ed9p t\u1ee7 \u0111\u00eat \u0111\u1ed3, 2-3 ng\u0103n k\u00e9o l\u1edbn c\u1ea1nh gi\u01b0\u1eddng \u0111\u1ec3 l\u01b0u tr\u1eef \u0111\u1ed3 d\u00f9ng, qu\u1ea7n \u00e1o, ch\u0103n m\u00e0n<\/p>\r\n<p><strong>Ch\u1ea5t li\u1ec7u:<\/strong> g\u1ed7 MDF ph\u1ee7 Melamine d\u00e0y 18mm ch\u1ed1ng ch\u00e0y x\u01b0\u1edbc\u00a0<\/p>\r\n<p><strong>K\u00edch th\u01b0\u1edbc gi\u01b0\u1eddng ng\u1ee7:<\/strong> R1800m x D2000mm x C350mm (c\u00f3 th\u1ec3 \u0111i\u1ec1u ch\u1ec9nh theo nhu c\u1ea7u)<\/p>\r\n<p><strong>M\u00e0u s\u1eafc gi\u01b0\u1eddng ng\u1ee7<\/strong>: Kh\u00e1ch h\u00e0ng l\u1ef1a ch\u1ecdn m\u00e3 m\u00e0u theo y\u00eau c\u1ea7u<\/p>\r\n<p>&nbsp;<\/p>\r\n<p>&nbsp;<\/p>\r\n<h3 style=\"text-align: center;\"><em>Li\u00ean h\u1ec7 ngay v\u1edbi ch\u00fang t\u00f4i <strong>Hotline: <a href=\"tel:0983368623.&quot;\"><span style=\"color: #ed1c24;\">0983 368 623<\/span><\/a><\/strong><span style=\"color: #ed1c24;\">\u00a0<\/span>\u0110\u1ec3 mua s\u1ea3n ph\u1ea9m v\u1edbi gi\u00e1 t\u1ed1t nh\u1ea5t, v\u00e0 nh\u1eadn nh\u1eefng \u01b0u \u0111\u00e3i h\u1ea5p d\u1eabn t\u1eeb ch\u00fang t\u00f4i<\/em><\/h3>\r\n<figure id=\"attachment_12690\" aria-describedby=\"caption-attachment-12690\" style=\"width: 800px\" class=\"wp-caption aligncenter\"><img loading=\"lazy\" decoding=\"async\" class=\"wp-image-12690 size-large\" title=\"giuong-ngu-da-nang-gn02\" src=\"http:\/\/qghome.vn\/wp-content\/uploads\/2024\/09\/M12.3-1-800x800.jpg\" alt=\"Gi\u01b0\u1eddng ng\u1ee7 \u0111a n\u0103ng GN02\" width=\"800\" height=\"800\" srcset=\"https:\/\/luan.webrt.net\/qhome\/wp-content\/uploads\/2024\/09\/M12.3-1-800x800.jpg 800w, https:\/\/luan.webrt.net\/qhome\/wp-content\/uploads\/2024\/09\/M12.3-1-100x100.jpg 100w, https:\/\/luan.webrt.net\/qhome\/wp-content\/uploads\/2024\/09\/M12.3-1-510x510.jpg 510w, https:\/\/luan.webrt.net\/qhome\/wp-content\/uploads\/2024\/09\/M12.3-1-400x400.jpg 400w, https:\/\/luan.webrt.net\/qhome\/wp-content\/uploads\/2024\/09\/M12.3-1-280x280.jpg 280w, https:\/\/luan.webrt.net\/qhome\/wp-content\/uploads\/2024\/09\/M12.3-1-768x768.jpg 768w, https:\/\/luan.webrt.net\/qhome\/wp-content\/uploads\/2024\/09\/M12.3-1.jpg 880w\" sizes=\"auto, (max-width: 800px) 100vw, 800px\" \/><figcaption id=\"caption-attachment-12690\" class=\"wp-caption-text\">Gi\u01b0\u1eddng ng\u1ee7 \u0111a n\u0103ng thi\u1ebft k\u1ebf t\u00edch h\u1ee3p h\u1ed9p t\u1ee7 \u0111\u1ec3 \u0111\u1ed3, ng\u0103n k\u00e9o t\u1ee7 qu\u1ea7n \u00e1o<\/figcaption><\/figure>\r\n<figure id=\"attachment_12692\" aria-describedby=\"caption-attachment-12692\" style=\"width: 800px\" class=\"wp-caption aligncenter\"><img loading=\"lazy\" decoding=\"async\" class=\"size-large wp-image-12692\" src=\"http:\/\/qghome.vn\/wp-content\/uploads\/2024\/09\/M12.5-800x800.jpg\" alt=\"Gi\u01b0\u1eddng ng\u1ee7 \u0111a n\u0103ng GN02\" width=\"800\" height=\"800\" srcset=\"https:\/\/luan.webrt.net\/qhome\/wp-content\/uploads\/2024\/09\/M12.5-800x800.jpg 800w, https:\/\/luan.webrt.net\/qhome\/wp-content\/uploads\/2024\/09\/M12.5-100x100.jpg 100w, https:\/\/luan.webrt.net\/qhome\/wp-content\/uploads\/2024\/09\/M12.5-510x510.jpg 510w, https:\/\/luan.webrt.net\/qhome\/wp-content\/uploads\/2024\/09\/M12.5-400x400.jpg 400w, https:\/\/luan.webrt.net\/qhome\/wp-content\/uploads\/2024\/09\/M12.5-280x280.jpg 280w, https:\/\/luan.webrt.net\/qhome\/wp-content\/uploads\/2024\/09\/M12.5-768x768.jpg 768w, https:\/\/luan.webrt.net\/qhome\/wp-content\/uploads\/2024\/09\/M12.5.jpg 880w\" sizes=\"auto, (max-width: 800px) 100vw, 800px\" \/><figcaption id=\"caption-attachment-12692\" class=\"wp-caption-text\"><span style=\"vertical-align: inherit;\"><span style=\"vertical-align: inherit;\">Gi\u01b0\u1eddng ng\u1ee7 \u0111a n\u0103ng GN02<\/span><\/span><\/figcaption><\/figure>\r\n<h2 style=\"text-align: center;\">Xem th\u00eam: <span style=\"color: #0000ff;\">GI\u01af\u1edcNG NG\u1ee6 QGHONME<\/span><\/h2>\r\n<p>&nbsp;<\/p>\r\n\r\n\r\n\r\n\r\n\r\n<h2 style=\"text-align: center;\">\u0110\u01a0N V\u1eca H\u00c0NG \u0110\u1ea6U THI\u1ebeT K\u1ebe, THI C\u00d4NG, S\u1ea2N XU\u1ea4T N\u1ed8I TH\u1ea4T V\u0102N PH\u00d2NG, N\u1ed8I TH\u1ea4T GIA \u0110\u00ccNH<\/h2>\r\n<div style=\"text-align: center;\">\u00a0<\/div>\r\n<div style=\"text-align: center;\">QG l\u00e0 \u0111\u01a1n v\u1ecb chuy\u00ean t\u01b0 v\u1ea5n thi\u1ebft k\u1ebf thi c\u00f4ng tr\u1ecdn g\u00f3i V\u0102N PH\u00d2NG, C\u0102N H\u1ed8 CHUNG C\u01af, NH\u00c0 M\u1eb6T PH\u1ed0,\u2026 V\u1edbi h\u01a1n 10 n\u0103m kinh nghi\u1ec7m. \u0110\u1ed9i ng\u0169 K\u1ef9 s\u01b0,\u00a0 ki\u1ebfn tr\u00fac s\u01b0, c\u00f9ng \u0111\u1ed9i ng\u0169 c\u00f4ng nh\u00e2n tay ngh\u1ec1 cao, c\u00f4ng ngh\u1ec7 hi\u1ec7n \u0111\u1ea1i. Ch\u00fang t\u00f4i lu\u00f4n t\u1ea1o ra m\u1ed9t chu tr\u00ecnh d\u1ecbch v\u1ee5 chuy\u00ean nghi\u1ec7p.<\/div>\r\n\r\n<div class=\"host-bincmiainjofjnhchmcalkanjebghoen\" style=\"position: relative; z-index: 2147483647;\">\u00a0<\/div>","protected":false},"excerpt":{"rendered":"<p>&nbsp;<\/p>\n<div class=\"host-bincmiainjofjnhchmcalkanjebghoen\" style=\"position: relative; z-index: 2147483647;\">\u00a0<\/div>\n","protected":false},"featured_media":17209,"comment_status":"open","ping_status":"closed","template":"","meta":[],"product_cat":[570],"product_tag":[610,616,618,611,609,619,617],"class_list":["post-11474","product","type-product","status-publish","has-post-thumbnail","hentry","product_cat-giuong-ngu","product_tag-giuong-ngu","product_tag-giuong-ngu-cho-be","product_tag-giuong-ngu-gia-re","product_tag-giuong-ngu-go","product_tag-giuong-ngu-go-cong-nghiep","product_tag-giuong-ngu-go-mdf","product_tag-giuong-ngu-hien-dai"],"yoast_head":"<!-- This site is optimized with the Yoast SEO plugin v19.9 - https:\/\/yoast.com\/wordpress\/plugins\/seo\/ -->\n<title>[S\u1ea3n ph\u1ea9m] Gi\u01b0\u1eddng ng\u1ee7 \u0111a n\u0103ng GN02 - N\u1ed9i th\u1ea5t QGHome<\/title>\n<meta name=\"description\" content=\"Gi\u01b0\u1eddng ng\u1ee7 \u0111a n\u0103ng GN02 v\u1edbi thi\u1ebft k\u1ebf th\u00f4ng minh k\u1ebft h\u1ee3p t\u1ee7 qu\u1ea7n \u00e1o gi\u00fap ti\u1ebft ki\u1ec7m kh\u00f4ng gian. Thi\u1ebft k\u1ebf theo m\u1eabu Mi\u1ec5n Ph\u00ed, V\u1eadn chuy\u1ec3n - l\u1eb7p \u0111\u1eb7t t\u1ea1i nh\u00e0\" \/>\n<meta name=\"robots\" content=\"index, follow, max-snippet:-1, max-image-preview:large, max-video-preview:-1\" \/>\n<link rel=\"canonical\" href=\"https:\/\/luan.webrt.net\/qhome\/san-pham\/giuong-ngu-da-nang-gn02\/\" \/>\n<meta property=\"og:locale\" content=\"vi_VN\" \/>\n<meta property=\"og:type\" content=\"article\" \/>\n<meta property=\"og:title\" content=\"[S\u1ea3n ph\u1ea9m] Gi\u01b0\u1eddng ng\u1ee7 \u0111a n\u0103ng GN02 - N\u1ed9i th\u1ea5t QGHome\" \/>\n<meta property=\"og:description\" content=\"Gi\u01b0\u1eddng ng\u1ee7 \u0111a n\u0103ng GN02 v\u1edbi thi\u1ebft k\u1ebf th\u00f4ng minh k\u1ebft h\u1ee3p t\u1ee7 qu\u1ea7n \u00e1o gi\u00fap ti\u1ebft ki\u1ec7m kh\u00f4ng gian. Thi\u1ebft k\u1ebf theo m\u1eabu Mi\u1ec5n Ph\u00ed, V\u1eadn chuy\u1ec3n - l\u1eb7p \u0111\u1eb7t t\u1ea1i nh\u00e0\" \/>\n<meta property=\"og:url\" content=\"https:\/\/luan.webrt.net\/qhome\/san-pham\/giuong-ngu-da-nang-gn02\/\" \/>\n<meta property=\"og:site_name\" content=\"M\u1eabu web n\u1ed9i th\u1ea5t\" \/>\n<meta property=\"article:publisher\" content=\"https:\/\/www.facebook.com\/noithatqghome\" \/>\n<meta property=\"article:modified_time\" content=\"2025-11-12T02:46:58+00:00\" \/>\n<meta property=\"og:image\" content=\"https:\/\/luan.webrt.net\/qhome\/wp-content\/uploads\/2024\/08\/giuong-ngu-go-mdf.jpg\" \/>\n\t<meta property=\"og:image:width\" content=\"1200\" \/>\n\t<meta property=\"og:image:height\" content=\"1200\" \/>\n\t<meta property=\"og:image:type\" content=\"image\/jpeg\" \/>\n<meta name=\"twitter:card\" content=\"summary_large_image\" \/>\n<meta name=\"twitter:label1\" content=\"\u01af\u1edbc t\u00ednh th\u1eddi gian \u0111\u1ecdc\" \/>\n\t<meta name=\"twitter:data1\" content=\"3 ph\u00fat\" \/>\n<script type=\"application\/ld+json\" class=\"yoast-schema-graph\">{\"@context\":\"https:\/\/schema.org\",\"@graph\":[{\"@type\":\"WebPage\",\"@id\":\"https:\/\/luan.webrt.net\/qhome\/san-pham\/giuong-ngu-da-nang-gn02\/\",\"url\":\"https:\/\/luan.webrt.net\/qhome\/san-pham\/giuong-ngu-da-nang-gn02\/\",\"name\":\"[S\u1ea3n ph\u1ea9m] Gi\u01b0\u1eddng ng\u1ee7 \u0111a n\u0103ng GN02 - N\u1ed9i th\u1ea5t QGHome\",\"isPartOf\":{\"@id\":\"https:\/\/luan.webrt.net\/qhome\/#website\"},\"datePublished\":\"2024-08-20T04:15:33+00:00\",\"dateModified\":\"2025-11-12T02:46:58+00:00\",\"description\":\"Gi\u01b0\u1eddng ng\u1ee7 \u0111a n\u0103ng GN02 v\u1edbi thi\u1ebft k\u1ebf th\u00f4ng minh k\u1ebft h\u1ee3p t\u1ee7 qu\u1ea7n \u00e1o gi\u00fap ti\u1ebft ki\u1ec7m kh\u00f4ng gian. Thi\u1ebft k\u1ebf theo m\u1eabu Mi\u1ec5n Ph\u00ed, V\u1eadn chuy\u1ec3n - l\u1eb7p \u0111\u1eb7t t\u1ea1i nh\u00e0\",\"breadcrumb\":{\"@id\":\"https:\/\/luan.webrt.net\/qhome\/san-pham\/giuong-ngu-da-nang-gn02\/#breadcrumb\"},\"inLanguage\":\"vi\",\"potentialAction\":[{\"@type\":\"ReadAction\",\"target\":[\"https:\/\/luan.webrt.net\/qhome\/san-pham\/giuong-ngu-da-nang-gn02\/\"]}]},{\"@type\":\"BreadcrumbList\",\"@id\":\"https:\/\/luan.webrt.net\/qhome\/san-pham\/giuong-ngu-da-nang-gn02\/#breadcrumb\",\"itemListElement\":[{\"@type\":\"ListItem\",\"position\":1,\"name\":\"Trang ch\u1ee7\",\"item\":\"https:\/\/luan.webrt.net\/qhome\/\"},{\"@type\":\"ListItem\",\"position\":2,\"name\":\"Shop\",\"item\":\"https:\/\/luan.webrt.net\/qhome\/shop\/\"},{\"@type\":\"ListItem\",\"position\":3,\"name\":\"Gi\u01b0\u1eddng ng\u1ee7 \u0111a n\u0103ng GN02\"}]},{\"@type\":\"WebSite\",\"@id\":\"https:\/\/luan.webrt.net\/qhome\/#website\",\"url\":\"https:\/\/luan.webrt.net\/qhome\/\",\"name\":\"M\u1eabu web n\u1ed9i th\u1ea5t\",\"description\":\"QGHome Vi\u1ec7t Nam\",\"publisher\":{\"@id\":\"https:\/\/luan.webrt.net\/qhome\/#organization\"},\"potentialAction\":[{\"@type\":\"SearchAction\",\"target\":{\"@type\":\"EntryPoint\",\"urlTemplate\":\"https:\/\/luan.webrt.net\/qhome\/?s={search_term_string}\"},\"query-input\":\"required name=search_term_string\"}],\"inLanguage\":\"vi\"},{\"@type\":\"Organization\",\"@id\":\"https:\/\/luan.webrt.net\/qhome\/#organization\",\"name\":\"QGHome\",\"url\":\"https:\/\/luan.webrt.net\/qhome\/\",\"logo\":{\"@type\":\"ImageObject\",\"inLanguage\":\"vi\",\"@id\":\"https:\/\/luan.webrt.net\/qhome\/#\/schema\/logo\/image\/\",\"url\":\"https:\/\/qghome.vn\/wp-content\/uploads\/2025\/08\/logo-mau-MauTH-21.png\",\"contentUrl\":\"https:\/\/qghome.vn\/wp-content\/uploads\/2025\/08\/logo-mau-MauTH-21.png\",\"width\":253,\"height\":99,\"caption\":\"QGHome\"},\"image\":{\"@id\":\"https:\/\/luan.webrt.net\/qhome\/#\/schema\/logo\/image\/\"},\"sameAs\":[\"https:\/\/www.tiktok.com\/@qghome.official\",\"https:\/\/www.youtube.com\/channel\/UCeVBuKTXkv-u94DS421cklw\",\"https:\/\/www.facebook.com\/noithatqghome\"]}]}<\/script>\n<!-- \/ Yoast SEO plugin. -->","yoast_head_json":{"title":"[S\u1ea3n ph\u1ea9m] Gi\u01b0\u1eddng ng\u1ee7 \u0111a n\u0103ng GN02 - N\u1ed9i th\u1ea5t QGHome","description":"Gi\u01b0\u1eddng ng\u1ee7 \u0111a n\u0103ng GN02 v\u1edbi thi\u1ebft k\u1ebf th\u00f4ng minh k\u1ebft h\u1ee3p t\u1ee7 qu\u1ea7n \u00e1o gi\u00fap ti\u1ebft ki\u1ec7m kh\u00f4ng gian. Thi\u1ebft k\u1ebf theo m\u1eabu Mi\u1ec5n Ph\u00ed, V\u1eadn chuy\u1ec3n - l\u1eb7p \u0111\u1eb7t t\u1ea1i nh\u00e0","robots":{"index":"index","follow":"follow","max-snippet":"max-snippet:-1","max-image-preview":"max-image-preview:large","max-video-preview":"max-video-preview:-1"},"canonical":"https:\/\/luan.webrt.net\/qhome\/san-pham\/giuong-ngu-da-nang-gn02\/","og_locale":"vi_VN","og_type":"article","og_title":"[S\u1ea3n ph\u1ea9m] Gi\u01b0\u1eddng ng\u1ee7 \u0111a n\u0103ng GN02 - N\u1ed9i th\u1ea5t QGHome","og_description":"Gi\u01b0\u1eddng ng\u1ee7 \u0111a n\u0103ng GN02 v\u1edbi thi\u1ebft k\u1ebf th\u00f4ng minh k\u1ebft h\u1ee3p t\u1ee7 qu\u1ea7n \u00e1o gi\u00fap ti\u1ebft ki\u1ec7m kh\u00f4ng gian. Thi\u1ebft k\u1ebf theo m\u1eabu Mi\u1ec5n Ph\u00ed, V\u1eadn chuy\u1ec3n - l\u1eb7p \u0111\u1eb7t t\u1ea1i nh\u00e0","og_url":"https:\/\/luan.webrt.net\/qhome\/san-pham\/giuong-ngu-da-nang-gn02\/","og_site_name":"M\u1eabu web n\u1ed9i th\u1ea5t","article_publisher":"https:\/\/www.facebook.com\/noithatqghome","article_modified_time":"2025-11-12T02:46:58+00:00","og_image":[{"width":1200,"height":1200,"url":"https:\/\/luan.webrt.net\/qhome\/wp-content\/uploads\/2024\/08\/giuong-ngu-go-mdf.jpg","type":"image\/jpeg"}],"twitter_card":"summary_large_image","twitter_misc":{"\u01af\u1edbc t\u00ednh th\u1eddi gian \u0111\u1ecdc":"3 ph\u00fat"},"schema":{"@context":"https:\/\/schema.org","@graph":[{"@type":"WebPage","@id":"https:\/\/luan.webrt.net\/qhome\/san-pham\/giuong-ngu-da-nang-gn02\/","url":"https:\/\/luan.webrt.net\/qhome\/san-pham\/giuong-ngu-da-nang-gn02\/","name":"[S\u1ea3n ph\u1ea9m] Gi\u01b0\u1eddng ng\u1ee7 \u0111a n\u0103ng GN02 - N\u1ed9i th\u1ea5t QGHome","isPartOf":{"@id":"https:\/\/luan.webrt.net\/qhome\/#website"},"datePublished":"2024-08-20T04:15:33+00:00","dateModified":"2025-11-12T02:46:58+00:00","description":"Gi\u01b0\u1eddng ng\u1ee7 \u0111a n\u0103ng GN02 v\u1edbi thi\u1ebft k\u1ebf th\u00f4ng minh k\u1ebft h\u1ee3p t\u1ee7 qu\u1ea7n \u00e1o gi\u00fap ti\u1ebft ki\u1ec7m kh\u00f4ng gian. Thi\u1ebft k\u1ebf theo m\u1eabu Mi\u1ec5n Ph\u00ed, V\u1eadn chuy\u1ec3n - l\u1eb7p \u0111\u1eb7t t\u1ea1i nh\u00e0","breadcrumb":{"@id":"https:\/\/luan.webrt.net\/qhome\/san-pham\/giuong-ngu-da-nang-gn02\/#breadcrumb"},"inLanguage":"vi","potentialAction":[{"@type":"ReadAction","target":["https:\/\/luan.webrt.net\/qhome\/san-pham\/giuong-ngu-da-nang-gn02\/"]}]},{"@type":"BreadcrumbList","@id":"https:\/\/luan.webrt.net\/qhome\/san-pham\/giuong-ngu-da-nang-gn02\/#breadcrumb","itemListElement":[{"@type":"ListItem","position":1,"name":"Trang ch\u1ee7","item":"https:\/\/luan.webrt.net\/qhome\/"},{"@type":"ListItem","position":2,"name":"Shop","item":"https:\/\/luan.webrt.net\/qhome\/shop\/"},{"@type":"ListItem","position":3,"name":"Gi\u01b0\u1eddng ng\u1ee7 \u0111a n\u0103ng GN02"}]},{"@type":"WebSite","@id":"https:\/\/luan.webrt.net\/qhome\/#website","url":"https:\/\/luan.webrt.net\/qhome\/","name":"M\u1eabu web n\u1ed9i th\u1ea5t","description":"QGHome Vi\u1ec7t Nam","publisher":{"@id":"https:\/\/luan.webrt.net\/qhome\/#organization"},"potentialAction":[{"@type":"SearchAction","target":{"@type":"EntryPoint","urlTemplate":"https:\/\/luan.webrt.net\/qhome\/?s={search_term_string}"},"query-input":"required name=search_term_string"}],"inLanguage":"vi"},{"@type":"Organization","@id":"https:\/\/luan.webrt.net\/qhome\/#organization","name":"QGHome","url":"https:\/\/luan.webrt.net\/qhome\/","logo":{"@type":"ImageObject","inLanguage":"vi","@id":"https:\/\/luan.webrt.net\/qhome\/#\/schema\/logo\/image\/","url":"https:\/\/qghome.vn\/wp-content\/uploads\/2025\/08\/logo-mau-MauTH-21.png","contentUrl":"https:\/\/qghome.vn\/wp-content\/uploads\/2025\/08\/logo-mau-MauTH-21.png","width":253,"height":99,"caption":"QGHome"},"image":{"@id":"https:\/\/luan.webrt.net\/qhome\/#\/schema\/logo\/image\/"},"sameAs":["https:\/\/www.tiktok.com\/@qghome.official","https:\/\/www.youtube.com\/channel\/UCeVBuKTXkv-u94DS421cklw","https:\/\/www.facebook.com\/noithatqghome"]}]}},"_links":{"self":[{"href":"https:\/\/luan.webrt.net\/qhome\/wp-json\/wp\/v2\/product\/11474","targetHints":{"allow":["GET"]}}],"collection":[{"href":"https:\/\/luan.webrt.net\/qhome\/wp-json\/wp\/v2\/product"}],"about":[{"href":"https:\/\/luan.webrt.net\/qhome\/wp-json\/wp\/v2\/types\/product"}],"replies":[{"embeddable":true,"href":"https:\/\/luan.webrt.net\/qhome\/wp-json\/wp\/v2\/comments?post=11474"}],"wp:featuredmedia":[{"embeddable":true,"href":"https:\/\/luan.webrt.net\/qhome\/wp-json\/wp\/v2\/media\/17209"}],"wp:attachment":[{"href":"https:\/\/luan.webrt.net\/qhome\/wp-json\/wp\/v2\/media?parent=11474"}],"wp:term":[{"taxonomy":"product_cat","embeddable":true,"href":"https:\/\/luan.webrt.net\/qhome\/wp-json\/wp\/v2\/product_cat?post=11474"},{"taxonomy":"product_tag","embeddable":true,"href":"https:\/\/luan.webrt.net\/qhome\/wp-json\/wp\/v2\/product_tag?post=11474"}],"curies":[{"name":"wp","href":"https:\/\/api.w.org\/{rel}","templated":true}]}}