{"id":11460,"date":"2024-08-20T03:30:50","date_gmt":"2024-08-20T03:30:50","guid":{"rendered":"https:\/\/qghome.vn\/?post_type=product&#038;p=11460"},"modified":"2025-12-18T09:13:36","modified_gmt":"2025-12-18T09:13:36","slug":"ke-tivi-go-cong-nghiep-ktv06","status":"publish","type":"product","link":"https:\/\/luan.webrt.net\/qhome\/san-pham\/ke-tivi-go-cong-nghiep-ktv06\/","title":{"rendered":"K\u1ec7 Tivi g\u1ed7 c\u00f4ng nghi\u1ec7p &#8211; KTV06"},"content":{"rendered":"<p style=\"text-align: justify;\"><span style=\"font-size: 120%; color: #333399;\"><b>K\u1ec6 \u0110\u1ec2 TIVI KTV06<\/b><\/span><\/p>\n<p style=\"text-align: justify;\"><span style=\"font-weight: 400;\"><strong>K\u1ec7 Tivi KTV06<\/strong> \u0111\u01b0\u1ee3c s\u1ea3n xu\u1ea5t v\u00e0 ph\u00e2n ph\u1ed1i b\u1edfi <span style=\"color: #333399;\"><a style=\"color: #333399;\" href=\"https:\/\/qghome.vn\/\">QGHome Vi\u1ec7t Nam<\/a><\/span>. M\u1eabu k\u1ec7 \u0111\u01b0\u1ee3c thi\u1ebft k\u1ebf v\u1edbi phong c\u00e1ch hi\u1ec7n \u0111\u1ea1i, th\u1eddi th\u01b0\u1ee3ng v\u00e0 \u0111em \u0111\u1ebfn nh\u1eefng c\u00f4ng d\u1ee5ng tuy\u1ec7t v\u1eddi cho ng\u01b0\u1eddi s\u1eed d\u1ee5ng.\u00a0<\/span><\/p>\n<h2 style=\"text-align: justify;\"><b>Th\u00f4ng s\u1ed1 s\u1ea3n ph\u1ea9m<\/b><\/h2>\n<table>\n<tbody>\n<tr>\n<td><span style=\"font-weight: 400;\">K\u00edch th\u01b0\u1edbc<\/span><\/td>\n<td><span style=\"font-weight: 400;\"> &#8211; D\u00e0i 1300 x Cao 500mm x S\u00e2u 400mm<\/span><\/p>\n<p><span style=\"font-weight: 400;\">\u00a0&#8211; D\u00e0i 1600 x Cao 500mm x S\u00e2u 400mm<\/span><\/p>\n<p><span style=\"font-weight: 400;\">\u00a0&#8211; D\u00e0i 1800 x Cao 500mm x S\u00e2u 400mm<\/span><\/p>\n<p><span style=\"font-weight: 400;\">\u00a0&#8211; D\u00e0i 2400 x Cao 500mm x S\u00e2u 400mm<\/span><\/td>\n<\/tr>\n<tr>\n<td><span style=\"font-weight: 400;\">Ch\u1ea5t li\u1ec7u<\/span><\/td>\n<td>\n<ul>\n<li style=\"font-weight: 400;\" aria-level=\"1\"><span style=\"font-weight: 400;\">V\u00e1n g\u1ed7 MDF ph\u1ee7 melamine ch\u1ea5t l\u01b0\u1ee3ng cao, h\u1ea1n ch\u1ebf t\u1ed1i \u0111a t\u00ecnh tr\u1ea1ng cong v\u00eanh, bi\u1ebfn d\u1ea1ng. Th\u00e2n thi\u1ec7n v\u1edbi m\u00f4i tr\u01b0\u1eddng v\u00e0 an to\u00e0n v\u1edbi s\u1ee9c kh\u1ecfe ng\u01b0\u1eddi s\u1eed d\u1ee5ng.\u00a0<\/span><\/li>\n<li style=\"font-weight: 400;\" aria-level=\"1\"><span style=\"font-weight: 400;\">Ch\u1ed1ng tr\u1ea7y x\u01b0\u1edbc khi va ch\u1ea1m nh\u1eb9, b\u1ec1n \u0111\u1eb9p v\u00e0 t\u0103ng t\u00ednh th\u1ea9m m\u1ef9. c\u00f3 kh\u1ea3 n\u0103ng ch\u1ed1ng th\u1ea5m n\u01b0\u1edbc cao v\u00e0 d\u1ec5 lau ch\u00f9i.<\/span><\/li>\n<\/ul>\n<\/td>\n<\/tr>\n<tr>\n<td><span style=\"font-weight: 400;\">Quy c\u00e1ch<\/span><\/td>\n<td>\n<ul>\n<li style=\"font-weight: 400;\" aria-level=\"1\"><span style=\"font-weight: 400;\">02 ng\u0103n k\u00e9o, 03 h\u1ed9c t\u1ee7 kh\u00f4ng c\u00e1nh, ch\u00e2n nh\u1ef1a ch\u1ecbu l\u1ef1c ph\u00eda d\u01b0\u1edbi \u0111\u00e1y k\u1ec7.<\/span><\/li>\n<li style=\"font-weight: 400;\" aria-level=\"1\"><span style=\"font-weight: 400;\">Ph\u1ee5 ki\u1ec7n s\u1eed d\u1ee5ng ch\u1ea5t li\u1ec7u kim lo\u1ea1i cao c\u1ea5p, ch\u1eafc ch\u1eafn, \u0111\u1ed9 b\u1ec1n cao, \u0111\u00e3 \u0111\u01b0\u1ee3c x\u1eed l\u00fd ch\u1ed1ng \u0103n m\u00f2n, ch\u1ed1ng g\u1ec9 s\u00e9t.<\/span><\/li>\n<\/ul>\n<\/td>\n<\/tr>\n<tr>\n<td><span style=\"font-weight: 400;\">M\u00e0u s\u1eafc<\/span><\/td>\n<td>\n<ul>\n<li style=\"font-weight: 400;\" aria-level=\"1\"><span style=\"font-weight: 400;\">M\u00e0u v\u00e2n g\u1ed7 k\u1ebft h\u1ee3p m\u00e0u tr\u1eafng \u0111\u1ee5c sang tr\u1ecdng, hi\u1ec7n \u0111\u1ea1i.<\/span><\/li>\n<li style=\"font-weight: 400;\" aria-level=\"1\"><span style=\"font-weight: 400;\">\u00a0Kh\u00e1ch h\u00e0ng c\u00f3 th\u1ec3 l\u1ef1a ch\u1ecdn m\u00e0u s\u1eafc y\u00eau th\u00edch.<\/span><\/li>\n<\/ul>\n<\/td>\n<\/tr>\n<\/tbody>\n<\/table>\n<h2 style=\"text-align: justify;\"><b>T\u1ed5ng quan v\u1ec1 s\u1ea3n ph\u1ea9m<\/b><\/h2>\n<p style=\"text-align: justify;\"><span style=\"font-weight: 400;\"><strong>T\u1ea7m quan tr\u1ecdng c\u1ee7a k\u1ec7 tivi: <\/strong>K\u1ec7 Tivi l\u00e0 m\u1ed9t trong nh\u1eefng s\u1ea3n ph\u1ea9m n\u1ed9i th\u1ea5t kh\u00f4ng th\u1ec3 thi\u1ebfu \u0111\u1ed1i v\u1edbi m\u1ed7i h\u1ed9 gia \u0111\u00ecnh ho\u1eb7c v\u0103n ph\u00f2ng, ph\u00f2ng kh\u00e1ch s\u1ea1n, nh\u00e0 h\u00e0ng,&#8230; g\u00f3p ph\u1ea7n l\u00e0m n\u1ed5i b\u1eadt v\u1ebb \u0111\u1eb9p c\u1ee7a c\u0103n ph\u00f2ng.<\/span><\/p>\n<p style=\"text-align: justify;\"><span style=\"font-weight: 400;\"> K\u1ec7 tivi th\u01b0\u1eddng \u0111\u01b0\u1ee3c \u0111\u1eb7t \u1edf ph\u00f2ng kh\u00e1ch &#8211; tr\u00e1i tim trong ng\u00f4i nh\u00e0, \u0111\u00e2y m\u1ed9t n\u01a1i r\u1ea5t trang tr\u1ecdng \u0111\u1ec3 b\u1ea1n ti\u1ebfp \u0111\u00f3n kh\u00e1ch \u0111\u1ebfn ch\u01a1i v\u00e0 c\u0169ng l\u00e0 kh\u00f4ng gian sinh ho\u1ea1t chung c\u1ee7a c\u1ea3 gia \u0111\u00ecnh.\u00a0<\/span><\/p>\n<p style=\"text-align: justify;\"><span style=\"font-weight: 400;\">Ch\u00ednh v\u00ec v\u1eady m\u00e0 vi\u1ec7c l\u1ef1a ch\u1ecdn m\u1ed9t chi\u1ebfc k\u1ec7 tivi v\u1edbi m\u00e0u s\u1eafc v\u00e0 m\u1eabu m\u00e3 ph\u00f9 h\u1ee3p v\u1edbi phong th\u1ee7y c\u1ee7a c\u0103n ph\u00f2ng l\u00e0 m\u1ed9t \u0111i\u1ec1u h\u1ebft s\u1ee9c quan tr\u1ecdng \u0111\u1ed1i v\u1edbi gia ch\u1ee7.<\/span><\/p>\n<p style=\"text-align: justify;\"><span style=\"font-weight: 400;\">Hi\u1ec3u \u0111\u01b0\u1ee3c \u0111i\u1ec1u \u0111\u00f3, N\u1ed9i th\u1ea5t QG Home Vi\u1ec7t Nam ch\u00fang t\u00f4i \u0111\u00e3 cho ra m\u1eaft s\u1ea3n ph\u1ea9m k\u1ec7 tivi KTV06, m\u1ed9t trong nh\u1eefng m\u1eabu k\u1ec7 tivi \u0111\u01b0\u1ee3c \u01b0a chu\u1ed9ng nh\u1ea5t hi\u1ec7n nay. V\u1edbi thi\u1ebft k\u1ebf kh\u00f4ng ch\u1ec9 trang tr\u1ecdng, l\u1ecbch s\u1ef1 v\u1ec1 m\u1eb7t m\u1eabu m\u00e3 m\u00e0 c\u00f2n tinh t\u1ebf v\u1ec1 m\u1eb7t c\u00f4ng d\u1ee5ng th\u00ec ch\u1eafc ch\u1eafn s\u1ebd kh\u00f4ng th\u1ec3 l\u00e0m b\u1ea1n th\u1ea5t v\u1ecdng.<\/span><\/p>\n<p style=\"text-align: justify;\"><img loading=\"lazy\" decoding=\"async\" class=\"size-medium wp-image-11466 alignnone\" src=\"http:\/\/qghome.vn\/wp-content\/uploads\/2024\/08\/KTV06.1-300x400.jpg\" alt=\"\" width=\"300\" height=\"400\" srcset=\"https:\/\/luan.webrt.net\/qhome\/wp-content\/uploads\/2024\/08\/KTV06.1-300x400.jpg 300w, https:\/\/luan.webrt.net\/qhome\/wp-content\/uploads\/2024\/08\/KTV06.1-510x680.jpg 510w, https:\/\/luan.webrt.net\/qhome\/wp-content\/uploads\/2024\/08\/KTV06.1-600x800.jpg 600w, https:\/\/luan.webrt.net\/qhome\/wp-content\/uploads\/2024\/08\/KTV06.1.jpg 720w\" sizes=\"auto, (max-width: 300px) 100vw, 300px\" \/><img loading=\"lazy\" decoding=\"async\" class=\"alignnone size-medium wp-image-11467\" src=\"http:\/\/qghome.vn\/wp-content\/uploads\/2024\/08\/KTV06.2-400x400.jpg\" alt=\"\" width=\"400\" height=\"400\" srcset=\"https:\/\/luan.webrt.net\/qhome\/wp-content\/uploads\/2024\/08\/KTV06.2-400x400.jpg 400w, https:\/\/luan.webrt.net\/qhome\/wp-content\/uploads\/2024\/08\/KTV06.2-100x100.jpg 100w, https:\/\/luan.webrt.net\/qhome\/wp-content\/uploads\/2024\/08\/KTV06.2-280x280.jpg 280w, https:\/\/luan.webrt.net\/qhome\/wp-content\/uploads\/2024\/08\/KTV06.2.jpg 500w\" sizes=\"auto, (max-width: 400px) 100vw, 400px\" \/><\/p>\n<p style=\"text-align: justify;\"><span style=\"font-size: 150%; color: #000000;\"><b>Thi\u1ebft k\u1ebf sang tr\u1ecdng, \u0111\u1eb3ng c\u1ea5p<\/b><\/span><\/p>\n<p style=\"text-align: justify;\"><span style=\"font-weight: 400;\">M\u1eabu k\u1ec7 \u0111\u01b0\u1ee3c thi\u1ebft k\u1ebf v\u1edbi ki\u1ec3u d\u00e1ng tuy \u0111\u01a1n gi\u1ea3n nh\u01b0ng l\u1ea1i r\u1ea5t hi\u1ec7n \u0111\u1ea1i v\u00e0 phong c\u00e1ch. T\u1eebng \u0111\u01b0\u1eddng n\u00e9t g\u00f3c c\u1ea1nh c\u1ee7a chi\u1ebfc k\u1ec7 \u0111\u01b0\u1ee3c c\u1eaft g\u1ecdt gia c\u00f4ng t\u1ec9 m\u1ec9 v\u00e0 chu\u1ea9n x\u00e1c, t\u1ea1o s\u1ef1 trang tr\u1ecdng l\u1ecbch s\u1ef1 trong t\u1ed5ng th\u1ec3 thi\u1ebft k\u1ebf c\u1ee7a s\u1ea3n ph\u1ea9m.\u00a0<\/span><\/p>\n<p style=\"text-align: justify;\"><span style=\"color: #000000;\"><strong><span style=\"font-size: 140%;\">M\u00e0u s\u1eafc t\u1ef1 nhi\u00ean, thanh l\u1ecbch<\/span><\/strong><\/span><\/p>\n<p style=\"text-align: justify;\"><span style=\"font-weight: 400;\">M\u00e0u s\u1eafc h\u00e0i h\u00f2a, sang tr\u1ecdng trong s\u1ef1 k\u1ebft h\u1ee3p gi\u1eefa m\u00e0u tr\u1eafng \u0111\u1ee5c v\u00e0 m\u00e0u v\u00e2n g\u1ed7 \u0111\u1eb7c tr\u01b0ng c\u1ee7a d\u00f2ng g\u1ed7 c\u00f4ng nghi\u1ec7p. V\u1edbi m\u00e0u v\u00e2n g\u1ed7 n\u00e2u tr\u1ea7m \u1edf ph\u00eda tr\u00ean s\u1ebd gi\u00fap b\u1ea1n tr\u00e1nh \u0111\u1ec3 l\u1ed9 nh\u1eefng v\u1ebft b\u1ea9n do \u0111\u00e2y l\u00e0 b\u1ec1 m\u1eb7t \u0111\u01b0\u1ee3c ti\u1ebfp x\u00fac kh\u00e1 nhi\u1ec1u.\u00a0<\/span><\/p>\n<p style=\"text-align: justify;\"><img loading=\"lazy\" decoding=\"async\" class=\"size-medium wp-image-11467 aligncenter\" src=\"http:\/\/qghome.vn\/wp-content\/uploads\/2024\/08\/KTV06.2-400x400.jpg\" alt=\"\" width=\"400\" height=\"400\" srcset=\"https:\/\/luan.webrt.net\/qhome\/wp-content\/uploads\/2024\/08\/KTV06.2-400x400.jpg 400w, https:\/\/luan.webrt.net\/qhome\/wp-content\/uploads\/2024\/08\/KTV06.2-100x100.jpg 100w, https:\/\/luan.webrt.net\/qhome\/wp-content\/uploads\/2024\/08\/KTV06.2-280x280.jpg 280w, https:\/\/luan.webrt.net\/qhome\/wp-content\/uploads\/2024\/08\/KTV06.2.jpg 500w\" sizes=\"auto, (max-width: 400px) 100vw, 400px\" \/><\/p>\n<p style=\"text-align: justify;\"><span style=\"font-size: 160%; color: #000000;\"><b>C\u00f4ng d\u1ee5ng tuy\u1ec7t v\u1eddi<\/b><\/span><\/p>\n<p style=\"text-align: justify;\"><span style=\"font-weight: 400;\">M\u1eb7t \u0111\u1ec3 tivi c\u1ee7a chi\u1ebfc k\u1ec7 b\u1eb1ng ph\u1eb3ng v\u00e0 r\u1ed9ng r\u00e3i gi\u00fap b\u1ea1n c\u00f3 th\u1ec3 tho\u1ea3i m\u00e1i \u0111\u1eb7t tivi v\u1edbi m\u1ecdi k\u00edch th\u01b0\u1edbc l\u00ean \u0111\u00f3. <\/span><\/p>\n<p style=\"text-align: justify;\"><span style=\"font-weight: 400;\">K\u1ec7 g\u1ed3m 02 ng\u0103n k\u00e9o t\u1ee7 v\u00e0 03 h\u1ed9c t\u1ee7 m\u1edf. Kh\u00f4ng gian b\u00ean trong c\u00e1c ng\u0103n t\u1ee7 kh\u00e1 s\u00e2u r\u1ed9ng n\u00ean b\u1ea1n c\u00f3 th\u1ec3 l\u01b0u tr\u1eef th\u00eam v\u00e0o \u0111\u00f3 nh\u1eefng \u0111\u1ed3 d\u00f9ng c\u1ea7n thi\u1ebft kh\u00e1c nh\u01b0 b\u1ed9 loa \u0111\u00e0i, \u0111\u1ea7u thu, remote, s\u00e1ch, b\u00e1o, t\u1ea1p ch\u00ed,&#8230;.<\/span><\/p>\n<p style=\"text-align: justify;\"><img loading=\"lazy\" decoding=\"async\" class=\"size-medium wp-image-11468 aligncenter\" src=\"http:\/\/qghome.vn\/wp-content\/uploads\/2024\/08\/KTV06.3-400x400.jpg\" alt=\"\" width=\"400\" height=\"400\" srcset=\"https:\/\/luan.webrt.net\/qhome\/wp-content\/uploads\/2024\/08\/KTV06.3-400x400.jpg 400w, https:\/\/luan.webrt.net\/qhome\/wp-content\/uploads\/2024\/08\/KTV06.3-100x100.jpg 100w, https:\/\/luan.webrt.net\/qhome\/wp-content\/uploads\/2024\/08\/KTV06.3-280x280.jpg 280w, https:\/\/luan.webrt.net\/qhome\/wp-content\/uploads\/2024\/08\/KTV06.3.jpg 500w\" sizes=\"auto, (max-width: 400px) 100vw, 400px\" \/><\/p>\n<h3 style=\"text-align: justify;\"><span style=\"font-size: 130%;\"><b>Ch\u1ea5t li\u1ec7u cao c\u1ea5p, b\u1ec1n b\u1ec9<\/b><\/span><\/h3>\n<p style=\"text-align: justify;\"><span style=\"font-weight: 400;\"><strong>K\u1ec7 tivi KTV06<\/strong> \u0111\u01b0\u1ee3c l\u00e0m t\u1eeb ch\u1ea5t li\u1ec7u v\u00e1n g\u1ed7 MDF ph\u1ee7 melamine, \u0111\u1ea1t ti\u00eau chu\u1ea9n E1. Th\u00e2n thi\u1ec7n v\u1edbi m\u00f4i tr\u01b0\u1eddng, an to\u00e0n cho s\u1ee9c kh\u1ecfe ng\u01b0\u1eddi s\u1eed d\u1ee5ng. <\/span><\/p>\n<p style=\"text-align: justify;\"><span style=\"font-weight: 400;\"><strong>\u01afu \u0111i\u1ec3m: <\/strong>Ch\u1ea5t li\u1ec7u c\u00f3 \u01b0u \u0111i\u1ec3m \u0111\u1ed9 b\u1ec1n cao, ch\u1eafc ch\u1eafn, c\u00f3 kh\u1ea3 n\u0103ng ch\u1ecbu l\u1ef1c t\u1ed1t gi\u1eef \u0111\u01b0\u1ee3c v\u1ebb \u0111\u1eb9p th\u1ea9m m\u1ef9 theo th\u1eddi gian. <\/span><\/p>\n<p style=\"text-align: justify;\"><span style=\"font-weight: 400;\">Kh\u00f4ng nh\u1eefng v\u1eady, ch\u1ea5t li\u1ec7u \u0111\u1eb7c bi\u1ec7t n\u00e0y c\u00f2n gi\u00fap b\u1ec1 m\u1eb7t k\u1ec7 ch\u1ed1ng th\u1ea5m n\u01b0\u1edbc, tr\u00e1nh \u0111\u01b0\u1ee3c vi\u1ec7c b\u1ecb \u1ea9m m\u1ed1c v\u00e0 r\u1ea5t d\u1ec5 \u0111\u1ec3 v\u1ec7 sinh lau ch\u00f9i trong qu\u00e1 tr\u00ecnh s\u1eed d\u1ee5ng. V\u00e1n g\u1ed7 kh\u00e1 c\u1ee9ng c\u00e1p n\u00ean b\u1ea1n c\u00f3 th\u1ec3 y\u00ean t\u00e2m v\u1edbi nh\u1eefng s\u1ef1 va \u0111\u1eadp v\u00e0 tr\u1ea7y x\u01b0\u1edbc th\u00f4ng th\u01b0\u1eddng.<\/span><\/p>\n<p style=\"text-align: justify;\"><img loading=\"lazy\" decoding=\"async\" class=\"size-medium wp-image-11469 aligncenter\" src=\"http:\/\/qghome.vn\/wp-content\/uploads\/2024\/08\/KTV06.4-400x400.jpg\" alt=\"\" width=\"400\" height=\"400\" srcset=\"https:\/\/luan.webrt.net\/qhome\/wp-content\/uploads\/2024\/08\/KTV06.4-400x400.jpg 400w, https:\/\/luan.webrt.net\/qhome\/wp-content\/uploads\/2024\/08\/KTV06.4-100x100.jpg 100w, https:\/\/luan.webrt.net\/qhome\/wp-content\/uploads\/2024\/08\/KTV06.4-280x280.jpg 280w, https:\/\/luan.webrt.net\/qhome\/wp-content\/uploads\/2024\/08\/KTV06.4.jpg 500w\" sizes=\"auto, (max-width: 400px) 100vw, 400px\" \/><\/p>\n<hr \/>\n<p style=\"text-align: justify;\"><span style=\"font-weight: 400;\">S\u1ef1 xu\u1ea5t hi\u1ec7n c\u1ee7a m\u1ed9t chi\u1ebfc k\u1ec7 tivi s\u1ebd gi\u00fap cho kh\u00f4ng gian c\u1ee7a c\u0103n ph\u00f2ng tr\u1edf n\u00ean trang tr\u1ecdng, hi\u1ec7n \u0111\u1ea1i v\u00e0 l\u1ecbch s\u1ef1 h\u01a1n, mang \u0111\u1ebfn nh\u1eefng tr\u1ea3i nghi\u1ec7m c\u00f3 m\u1ed9t kh\u00f4ng hai cho b\u1ea1n v\u00e0 c\u00e1c th\u00e0nh vi\u00ean trong gia \u0111\u00ecnh b\u1ea1n.<\/span><\/p>\n<p style=\"text-align: justify;\"><span style=\"font-weight: 400;\">V\u1edbi t\u1ea5t c\u1ea3 nh\u1eefng chia s\u1ebb \u1edf tr\u00ean v\u1ec1 k\u00edch th\u01b0\u1edbc, m\u00e0u s\u1eafc, m\u1eabu m\u00e3 v\u00e0 c\u00f4ng d\u1ee5ng c\u1ee7a s\u1ea3n ph\u1ea9m th\u00ec ch\u1eafc h\u1eb3n b\u1ea1n \u0111\u00e3 c\u00f3 \u0111\u00e1p \u00e1n c\u1ee7a ri\u00eang m\u00ecnh. V\u1eady n\u1ebfu b\u1ea1n c\u1ea3m th\u1ea5y \u01b0ng \u00fd v\u1ec1 s\u1ea3n ph\u1ea9m n\u00e0y th\u00ec c\u00f2n ch\u1ea7n ch\u1eeb g\u00ec n\u1eefa m\u00e0 kh\u00f4ng click ngay v\u00e0o gi\u1ecf h\u00e0ng c\u1ee7a m\u00ecnh \u0111\u1ec3 c\u00f3 nh\u1eefng tr\u1ea3i nghi\u1ec7m t\u1ed1t nh\u1ea5t v\u1ec1 s\u1ea3n ph\u1ea9m c\u0169ng nh\u01b0 l\u00e0 d\u1ecbch v\u1ee5 c\u1ee7a ch\u00fang t\u00f4i. B\u00ean c\u1ea1nh m\u1eabu s\u1ea3n ph\u1ea9m <strong>K\u1ec7 tivi KTV06<\/strong> th\u00ec ch\u00fang t\u00f4i v\u1eabn c\u00f2n r\u1ea5t nhi\u1ec1u m\u1eabu m\u00e3 kh\u00e1c thu\u1ed9c <a href=\"https:\/\/qghome.vn\/noi-that-chung-cu\/noi-that-phong-khach\/ke-tivi-qg-2\/\">d\u00f2ng s\u1ea3n ph\u1ea9m n\u00e0y<\/a> \u0111ang ch\u1edd b\u1ea1n kh\u00e1m ph\u00e1,\u00a0<\/span><\/p>\n<p style=\"text-align: justify;\"><span style=\"font-weight: 400;\">Ch\u00fang t\u00f4i r\u1ea5t h\u00e2n h\u1ea1nh khi nh\u1eadn \u0111\u01b0\u1ee3c s\u1ef1 quan t\u00e2m t\u1eeb b\u1ea1n v\u1ec1 s\u1ea3n ph\u1ea9m c\u1ee7a m\u00ecnh. V\u00e0 c\u00f2n g\u00ec tuy\u1ec7t v\u1eddi h\u01a1n khi c\u00f3 th\u1ec3 gi\u00fap \u0111\u1ee1 v\u00e0 l\u00e0m h\u00e0i l\u00f2ng b\u1ea1n! Xin ch\u00e2n th\u00e0nh c\u1ea3m \u01a1n.<\/span><\/p>\n<div class=\"host-bincmiainjofjnhchmcalkanjebghoen\" style=\"position: relative; z-index: 2147483647;\"><\/div>\n<div class=\"host-bincmiainjofjnhchmcalkanjebghoen\" style=\"position: relative; z-index: 2147483647;\"><\/div>\n","protected":false},"excerpt":{"rendered":"<p><span style=\"color: #333399;\"><em>K\u1ec7 Tivi KTV06 \u0111\u01b0\u1ee3c l\u00e0m t\u1eeb v\u00e1n g\u1ed7 \u00e9p c\u00f4ng nghi\u1ec7p MDF ph\u1ee7 melamine cao c\u1ea5p. V\u1edbi thi\u1ebft k\u1ebf v\u1eeba sang tr\u1ecdng, hi\u1ec7n \u0111\u1ea1i l\u1ea1i v\u00f4 c\u00f9ng tinh t\u1ebf gi\u00fap \u0111em \u0111\u1ebfn nh\u1eefng tr\u1ea3i nghi\u1ec7m tuy\u1ec7t v\u1eddi cho ng\u01b0\u1eddi s\u1eed d\u1ee5ng.<\/em><\/span><\/p>\n<div class=\"host-bincmiainjofjnhchmcalkanjebghoen\" style=\"position: relative; z-index: 2147483647;\"><\/div>\n<div class=\"host-bincmiainjofjnhchmcalkanjebghoen\" style=\"position: relative; z-index: 2147483647;\"><\/div>\n","protected":false},"featured_media":11467,"comment_status":"open","ping_status":"closed","template":"","meta":[],"product_cat":[573,569,119],"product_tag":[580,582,577,583,581],"class_list":["post-11460","product","type-product","status-publish","has-post-thumbnail","hentry","product_cat-ke-tivi-qg","product_cat-noi-that-chung-cu","product_cat-san-pham","product_tag-ke-de-tivi-gia-re","product_tag-ke-tivi-don-gian","product_tag-ke-tivi-go-mdf","product_tag-ke-tivi-van-go","product_tag-mau-ke-de-tivi-hot-nhat-nam"],"yoast_head":"<!-- This site is optimized with the Yoast SEO plugin v19.9 - https:\/\/yoast.com\/wordpress\/plugins\/seo\/ -->\n<title>K\u1ec7 Tivi g\u1ed7 c\u00f4ng nghi\u1ec7p - KTV06<\/title>\n<meta name=\"description\" content=\"K\u1ec7 \u0111\u1ec3 Tivi g\u1ed7 c\u00f4ng nghi\u1ec7p MDF cao c\u1ea5p v\u1edbi phong c\u00e1ch sang tr\u1ecdng, hi\u1ec7n \u0111\u1ea1i - K\u1ec7 Tivi g\u1ed7 c\u00f4ng nghi\u1ec7p - KTV06 - M\u1eabu web n\u1ed9i th\u1ea5t\" \/>\n<meta name=\"robots\" content=\"index, follow, max-snippet:-1, max-image-preview:large, max-video-preview:-1\" \/>\n<link rel=\"canonical\" href=\"https:\/\/luan.webrt.net\/qhome\/san-pham\/ke-tivi-go-cong-nghiep-ktv06\/\" \/>\n<meta property=\"og:locale\" content=\"vi_VN\" \/>\n<meta property=\"og:type\" content=\"article\" \/>\n<meta property=\"og:title\" content=\"K\u1ec7 Tivi g\u1ed7 c\u00f4ng nghi\u1ec7p - KTV06\" \/>\n<meta property=\"og:description\" content=\"K\u1ec7 \u0111\u1ec3 Tivi g\u1ed7 c\u00f4ng nghi\u1ec7p MDF cao c\u1ea5p v\u1edbi phong c\u00e1ch sang tr\u1ecdng, hi\u1ec7n \u0111\u1ea1i - K\u1ec7 Tivi g\u1ed7 c\u00f4ng nghi\u1ec7p - KTV06 - M\u1eabu web n\u1ed9i th\u1ea5t\" \/>\n<meta property=\"og:url\" content=\"https:\/\/luan.webrt.net\/qhome\/san-pham\/ke-tivi-go-cong-nghiep-ktv06\/\" \/>\n<meta property=\"og:site_name\" content=\"M\u1eabu web n\u1ed9i th\u1ea5t\" \/>\n<meta property=\"article:publisher\" content=\"https:\/\/www.facebook.com\/noithatqghome\" \/>\n<meta property=\"article:modified_time\" content=\"2025-12-18T09:13:36+00:00\" \/>\n<meta property=\"og:image\" content=\"https:\/\/luan.webrt.net\/qhome\/wp-content\/uploads\/2024\/08\/KTV06.2.jpg\" \/>\n\t<meta property=\"og:image:width\" content=\"500\" \/>\n\t<meta property=\"og:image:height\" content=\"500\" \/>\n\t<meta property=\"og:image:type\" content=\"image\/jpeg\" \/>\n<meta name=\"twitter:card\" content=\"summary_large_image\" \/>\n<meta name=\"twitter:label1\" content=\"\u01af\u1edbc t\u00ednh th\u1eddi gian \u0111\u1ecdc\" \/>\n\t<meta name=\"twitter:data1\" content=\"7 ph\u00fat\" \/>\n<script type=\"application\/ld+json\" class=\"yoast-schema-graph\">{\"@context\":\"https:\/\/schema.org\",\"@graph\":[{\"@type\":\"WebPage\",\"@id\":\"https:\/\/luan.webrt.net\/qhome\/san-pham\/ke-tivi-go-cong-nghiep-ktv06\/\",\"url\":\"https:\/\/luan.webrt.net\/qhome\/san-pham\/ke-tivi-go-cong-nghiep-ktv06\/\",\"name\":\"K\u1ec7 Tivi g\u1ed7 c\u00f4ng nghi\u1ec7p - KTV06\",\"isPartOf\":{\"@id\":\"https:\/\/luan.webrt.net\/qhome\/#website\"},\"datePublished\":\"2024-08-20T03:30:50+00:00\",\"dateModified\":\"2025-12-18T09:13:36+00:00\",\"description\":\"K\u1ec7 \u0111\u1ec3 Tivi g\u1ed7 c\u00f4ng nghi\u1ec7p MDF cao c\u1ea5p v\u1edbi phong c\u00e1ch sang tr\u1ecdng, hi\u1ec7n \u0111\u1ea1i - K\u1ec7 Tivi g\u1ed7 c\u00f4ng nghi\u1ec7p - KTV06 - M\u1eabu web n\u1ed9i th\u1ea5t\",\"breadcrumb\":{\"@id\":\"https:\/\/luan.webrt.net\/qhome\/san-pham\/ke-tivi-go-cong-nghiep-ktv06\/#breadcrumb\"},\"inLanguage\":\"vi\",\"potentialAction\":[{\"@type\":\"ReadAction\",\"target\":[\"https:\/\/luan.webrt.net\/qhome\/san-pham\/ke-tivi-go-cong-nghiep-ktv06\/\"]}]},{\"@type\":\"BreadcrumbList\",\"@id\":\"https:\/\/luan.webrt.net\/qhome\/san-pham\/ke-tivi-go-cong-nghiep-ktv06\/#breadcrumb\",\"itemListElement\":[{\"@type\":\"ListItem\",\"position\":1,\"name\":\"Trang ch\u1ee7\",\"item\":\"https:\/\/luan.webrt.net\/qhome\/\"},{\"@type\":\"ListItem\",\"position\":2,\"name\":\"Shop\",\"item\":\"https:\/\/luan.webrt.net\/qhome\/shop\/\"},{\"@type\":\"ListItem\",\"position\":3,\"name\":\"K\u1ec7 Tivi g\u1ed7 c\u00f4ng nghi\u1ec7p &#8211; KTV06\"}]},{\"@type\":\"WebSite\",\"@id\":\"https:\/\/luan.webrt.net\/qhome\/#website\",\"url\":\"https:\/\/luan.webrt.net\/qhome\/\",\"name\":\"M\u1eabu web n\u1ed9i th\u1ea5t\",\"description\":\"QGHome Vi\u1ec7t Nam\",\"publisher\":{\"@id\":\"https:\/\/luan.webrt.net\/qhome\/#organization\"},\"potentialAction\":[{\"@type\":\"SearchAction\",\"target\":{\"@type\":\"EntryPoint\",\"urlTemplate\":\"https:\/\/luan.webrt.net\/qhome\/?s={search_term_string}\"},\"query-input\":\"required name=search_term_string\"}],\"inLanguage\":\"vi\"},{\"@type\":\"Organization\",\"@id\":\"https:\/\/luan.webrt.net\/qhome\/#organization\",\"name\":\"QGHome\",\"url\":\"https:\/\/luan.webrt.net\/qhome\/\",\"logo\":{\"@type\":\"ImageObject\",\"inLanguage\":\"vi\",\"@id\":\"https:\/\/luan.webrt.net\/qhome\/#\/schema\/logo\/image\/\",\"url\":\"https:\/\/qghome.vn\/wp-content\/uploads\/2025\/08\/logo-mau-MauTH-21.png\",\"contentUrl\":\"https:\/\/qghome.vn\/wp-content\/uploads\/2025\/08\/logo-mau-MauTH-21.png\",\"width\":253,\"height\":99,\"caption\":\"QGHome\"},\"image\":{\"@id\":\"https:\/\/luan.webrt.net\/qhome\/#\/schema\/logo\/image\/\"},\"sameAs\":[\"https:\/\/www.tiktok.com\/@qghome.official\",\"https:\/\/www.youtube.com\/channel\/UCeVBuKTXkv-u94DS421cklw\",\"https:\/\/www.facebook.com\/noithatqghome\"]}]}<\/script>\n<!-- \/ Yoast SEO plugin. -->","yoast_head_json":{"title":"K\u1ec7 Tivi g\u1ed7 c\u00f4ng nghi\u1ec7p - KTV06","description":"K\u1ec7 \u0111\u1ec3 Tivi g\u1ed7 c\u00f4ng nghi\u1ec7p MDF cao c\u1ea5p v\u1edbi phong c\u00e1ch sang tr\u1ecdng, hi\u1ec7n \u0111\u1ea1i - K\u1ec7 Tivi g\u1ed7 c\u00f4ng nghi\u1ec7p - KTV06 - M\u1eabu web n\u1ed9i th\u1ea5t","robots":{"index":"index","follow":"follow","max-snippet":"max-snippet:-1","max-image-preview":"max-image-preview:large","max-video-preview":"max-video-preview:-1"},"canonical":"https:\/\/luan.webrt.net\/qhome\/san-pham\/ke-tivi-go-cong-nghiep-ktv06\/","og_locale":"vi_VN","og_type":"article","og_title":"K\u1ec7 Tivi g\u1ed7 c\u00f4ng nghi\u1ec7p - KTV06","og_description":"K\u1ec7 \u0111\u1ec3 Tivi g\u1ed7 c\u00f4ng nghi\u1ec7p MDF cao c\u1ea5p v\u1edbi phong c\u00e1ch sang tr\u1ecdng, hi\u1ec7n \u0111\u1ea1i - K\u1ec7 Tivi g\u1ed7 c\u00f4ng nghi\u1ec7p - KTV06 - M\u1eabu web n\u1ed9i th\u1ea5t","og_url":"https:\/\/luan.webrt.net\/qhome\/san-pham\/ke-tivi-go-cong-nghiep-ktv06\/","og_site_name":"M\u1eabu web n\u1ed9i th\u1ea5t","article_publisher":"https:\/\/www.facebook.com\/noithatqghome","article_modified_time":"2025-12-18T09:13:36+00:00","og_image":[{"width":500,"height":500,"url":"https:\/\/luan.webrt.net\/qhome\/wp-content\/uploads\/2024\/08\/KTV06.2.jpg","type":"image\/jpeg"}],"twitter_card":"summary_large_image","twitter_misc":{"\u01af\u1edbc t\u00ednh th\u1eddi gian \u0111\u1ecdc":"7 ph\u00fat"},"schema":{"@context":"https:\/\/schema.org","@graph":[{"@type":"WebPage","@id":"https:\/\/luan.webrt.net\/qhome\/san-pham\/ke-tivi-go-cong-nghiep-ktv06\/","url":"https:\/\/luan.webrt.net\/qhome\/san-pham\/ke-tivi-go-cong-nghiep-ktv06\/","name":"K\u1ec7 Tivi g\u1ed7 c\u00f4ng nghi\u1ec7p - KTV06","isPartOf":{"@id":"https:\/\/luan.webrt.net\/qhome\/#website"},"datePublished":"2024-08-20T03:30:50+00:00","dateModified":"2025-12-18T09:13:36+00:00","description":"K\u1ec7 \u0111\u1ec3 Tivi g\u1ed7 c\u00f4ng nghi\u1ec7p MDF cao c\u1ea5p v\u1edbi phong c\u00e1ch sang tr\u1ecdng, hi\u1ec7n \u0111\u1ea1i - K\u1ec7 Tivi g\u1ed7 c\u00f4ng nghi\u1ec7p - KTV06 - M\u1eabu web n\u1ed9i th\u1ea5t","breadcrumb":{"@id":"https:\/\/luan.webrt.net\/qhome\/san-pham\/ke-tivi-go-cong-nghiep-ktv06\/#breadcrumb"},"inLanguage":"vi","potentialAction":[{"@type":"ReadAction","target":["https:\/\/luan.webrt.net\/qhome\/san-pham\/ke-tivi-go-cong-nghiep-ktv06\/"]}]},{"@type":"BreadcrumbList","@id":"https:\/\/luan.webrt.net\/qhome\/san-pham\/ke-tivi-go-cong-nghiep-ktv06\/#breadcrumb","itemListElement":[{"@type":"ListItem","position":1,"name":"Trang ch\u1ee7","item":"https:\/\/luan.webrt.net\/qhome\/"},{"@type":"ListItem","position":2,"name":"Shop","item":"https:\/\/luan.webrt.net\/qhome\/shop\/"},{"@type":"ListItem","position":3,"name":"K\u1ec7 Tivi g\u1ed7 c\u00f4ng nghi\u1ec7p &#8211; KTV06"}]},{"@type":"WebSite","@id":"https:\/\/luan.webrt.net\/qhome\/#website","url":"https:\/\/luan.webrt.net\/qhome\/","name":"M\u1eabu web n\u1ed9i th\u1ea5t","description":"QGHome Vi\u1ec7t Nam","publisher":{"@id":"https:\/\/luan.webrt.net\/qhome\/#organization"},"potentialAction":[{"@type":"SearchAction","target":{"@type":"EntryPoint","urlTemplate":"https:\/\/luan.webrt.net\/qhome\/?s={search_term_string}"},"query-input":"required name=search_term_string"}],"inLanguage":"vi"},{"@type":"Organization","@id":"https:\/\/luan.webrt.net\/qhome\/#organization","name":"QGHome","url":"https:\/\/luan.webrt.net\/qhome\/","logo":{"@type":"ImageObject","inLanguage":"vi","@id":"https:\/\/luan.webrt.net\/qhome\/#\/schema\/logo\/image\/","url":"https:\/\/qghome.vn\/wp-content\/uploads\/2025\/08\/logo-mau-MauTH-21.png","contentUrl":"https:\/\/qghome.vn\/wp-content\/uploads\/2025\/08\/logo-mau-MauTH-21.png","width":253,"height":99,"caption":"QGHome"},"image":{"@id":"https:\/\/luan.webrt.net\/qhome\/#\/schema\/logo\/image\/"},"sameAs":["https:\/\/www.tiktok.com\/@qghome.official","https:\/\/www.youtube.com\/channel\/UCeVBuKTXkv-u94DS421cklw","https:\/\/www.facebook.com\/noithatqghome"]}]}},"_links":{"self":[{"href":"https:\/\/luan.webrt.net\/qhome\/wp-json\/wp\/v2\/product\/11460","targetHints":{"allow":["GET"]}}],"collection":[{"href":"https:\/\/luan.webrt.net\/qhome\/wp-json\/wp\/v2\/product"}],"about":[{"href":"https:\/\/luan.webrt.net\/qhome\/wp-json\/wp\/v2\/types\/product"}],"replies":[{"embeddable":true,"href":"https:\/\/luan.webrt.net\/qhome\/wp-json\/wp\/v2\/comments?post=11460"}],"wp:featuredmedia":[{"embeddable":true,"href":"https:\/\/luan.webrt.net\/qhome\/wp-json\/wp\/v2\/media\/11467"}],"wp:attachment":[{"href":"https:\/\/luan.webrt.net\/qhome\/wp-json\/wp\/v2\/media?parent=11460"}],"wp:term":[{"taxonomy":"product_cat","embeddable":true,"href":"https:\/\/luan.webrt.net\/qhome\/wp-json\/wp\/v2\/product_cat?post=11460"},{"taxonomy":"product_tag","embeddable":true,"href":"https:\/\/luan.webrt.net\/qhome\/wp-json\/wp\/v2\/product_tag?post=11460"}],"curies":[{"name":"wp","href":"https:\/\/api.w.org\/{rel}","templated":true}]}}