{"id":11122,"date":"2024-08-02T08:58:02","date_gmt":"2024-08-02T08:58:02","guid":{"rendered":"https:\/\/qghome.vn\/?post_type=product&#038;p=11122"},"modified":"2025-11-12T04:29:57","modified_gmt":"2025-11-12T04:29:57","slug":"ban-lam-viec-van-phong-qbn36","status":"publish","type":"product","link":"https:\/\/luan.webrt.net\/qhome\/san-pham\/ban-lam-viec-van-phong-qbn36\/","title":{"rendered":"B\u00e0n l\u00e0m vi\u1ec7c v\u0103n ph\u00f2ng QBN36"},"content":{"rendered":"<p><span style=\"font-weight: 400;\">B\u00e0n l\u00e0m vi\u1ec7c hi\u1ec7n \u0111\u1ea1i QBN36 \u0111\u01b0\u1ee3c s\u1ea3n xu\u1ea5t v\u00e0 ph\u00e2n ph\u1ed1i b\u1edfi QGHome Vi\u1ec7t Nam. M\u1eabu b\u00e0n s\u1edf h\u1eefu v\u1ebb \u0111\u1eb9p sang tr\u1ecdng, \u0111\u01b0\u1eddng n\u00e9t tinh t\u1ebf s\u1ebd mang \u0111\u1ebfn m\u1ed9t kh\u00f4ng gian l\u00e0m vi\u1ec7c \u0111\u1eb3ng c\u1ea5p. T\u1eeb \u0111\u00f3 g\u00f3p ph\u1ea7n kh\u1eb3ng \u0111\u1ecbnh s\u1ef1 chuy\u00ean nghi\u1ec7p v\u00e0 v\u1ecb th\u1ebf c\u1ee7a doanh nghi\u1ec7p<\/span><\/p>\n<h2><b>Th\u00f4ng s\u1ed1 s\u1ea3n ph\u1ea9m<\/b><\/h2>\n<table>\n<tbody>\n<tr>\n<td>&nbsp;<\/p>\n<p><span style=\"font-weight: 400;\">K\u00edch th\u01b0\u1edbc<\/span><\/td>\n<td>\n<ul>\n<li style=\"font-weight: 400;\" aria-level=\"1\"><span style=\"font-weight: 400;\">W1200 x H750 mm<\/span><\/li>\n<li style=\"font-weight: 400;\" aria-level=\"1\"><span style=\"font-weight: 400;\">W1600 x H750 mm<\/span><\/li>\n<li style=\"font-weight: 400;\" aria-level=\"1\"><span style=\"font-weight: 400;\">W1800 x H750 mm<\/span><\/li>\n<\/ul>\n<\/td>\n<\/tr>\n<tr>\n<td><span style=\"font-weight: 400;\">Ch\u1ea5t li\u1ec7u<\/span><\/td>\n<td>\n<ul>\n<li style=\"font-weight: 400;\" aria-level=\"1\"><span style=\"font-weight: 400;\">V\u00e1n g\u1ed7 MDF ch\u1ea5t l\u01b0\u1ee3ng cao, h\u1ea1n ch\u1ebf t\u1ed1i \u0111a t\u00ecnh tr\u1ea1ng cong v\u00eanh, bi\u1ebfn d\u1ea1ng, th\u00e2n thi\u1ec7n v\u1edbi m\u00f4i tr\u01b0\u1eddng v\u00e0 an to\u00e0n v\u1edbi s\u1ee9c kh\u1ecfe ng\u01b0\u1eddi s\u1eed d\u1ee5ng. M\u1eb7t b\u00e0n thi\u1ebft k\u1ebf c\u1ea1nh d\u00e0y 36mm.<\/span><\/li>\n<li style=\"font-weight: 400;\" aria-level=\"1\"><span style=\"font-weight: 400;\">Vi\u1ec1n bao m\u1eb7t b\u00e0n s\u1eed d\u1ee5ng ch\u1ea5t li\u1ec7u PVC, ch\u1ed1ng tr\u1ea7y x\u01b0\u1edbc khi va ch\u1ea1m nh\u1eb9, b\u1ec1n \u0111\u1eb9p v\u00e0 t\u0103ng t\u00ednh th\u1ea9m m\u1ef9.<\/span><\/li>\n<\/ul>\n<\/td>\n<\/tr>\n<tr>\n<td>&nbsp;<\/p>\n<p><span style=\"font-weight: 400;\">Ph\u1ee5 ki\u1ec7n<\/span><\/td>\n<td>\n<ul>\n<li style=\"font-weight: 400;\" aria-level=\"1\"><span style=\"font-weight: 400;\">Ph\u1ee5 ki\u1ec7n s\u1eed d\u1ee5ng ch\u1ea5t li\u1ec7u pvc cao c\u1ea5p, ch\u1eafc ch\u1eafn, \u0111\u1ed9 b\u1ec1n cao, \u0111\u00e3 \u0111\u01b0\u1ee3c x\u1eed l\u00fd ch\u1ed1ng \u0103n m\u00f2n, ch\u1ed1ng g\u1ec9 s\u00e9t.<\/span><\/li>\n<li style=\"font-weight: 400;\" aria-level=\"1\"><span style=\"font-weight: 400;\">H\u1ec7 th\u1ed1ng ch\u1eef, Logo th\u01b0\u01a1ng hi\u1ec7u c\u00f4ng ty s\u00e1ng chuy\u00ean nghi\u1ec7p<\/span><\/li>\n<\/ul>\n<\/td>\n<\/tr>\n<tr>\n<td><span style=\"font-weight: 400;\">M\u00e0u s\u1eafc<\/span><\/td>\n<td>\n<ul>\n<li style=\"font-weight: 400;\" aria-level=\"1\"><span style=\"font-weight: 400;\">Ph\u1ed1i m\u00e0u v\u00e2n g\u1ed7 sang tr\u1ecdng.<\/span><\/li>\n<\/ul>\n<\/td>\n<\/tr>\n<tr>\n<td><span style=\"font-weight: 400;\">N\u1eafp \u0111i\u1ec7n<\/span><\/td>\n<td>\n<ul>\n<li style=\"font-weight: 400;\" aria-level=\"1\"><span style=\"font-weight: 400;\">N\u1eafp \u0111i\u1ec7n m\u1eb7t b\u00e0n ti\u00eau chu\u1ea9n.<\/span><\/li>\n<li style=\"font-weight: 400;\" aria-level=\"1\"><span style=\"font-weight: 400;\">N\u1eafp \u0111i\u1ec7n \u0111a ch\u1ee9c n\u0103ng ngu\u1ed3n \u0111i\u1ec7n 220v &#8211; 12v<\/span><\/li>\n<\/ul>\n<\/td>\n<\/tr>\n<\/tbody>\n<\/table>\n<h2><b>T\u1ed5ng quan v\u1ec1 s\u1ea3n ph\u1ea9m<\/b><\/h2>\n<div class=\"row\"  id=\"row-2077199976\">\n\n\t<div id=\"col-421977397\" class=\"col medium-4 small-12 large-4\"  >\n\t\t\t\t<div class=\"col-inner\"  >\n\t\t\t\n\t\t\t\n\t<div class=\"img has-hover x md-x lg-x y md-y lg-y\" id=\"image_118444090\">\n\t\t\t\t\t\t\t\t<div class=\"img-inner dark\" >\n\t\t\t<img loading=\"lazy\" decoding=\"async\" width=\"996\" height=\"668\" src=\"https:\/\/luan.webrt.net\/qhome\/wp-content\/uploads\/2024\/08\/mau-ban-lam-viec-qghome-02-1.jpg\" class=\"attachment-large size-large\" alt=\"mau ban lam viec qghome 02 1\" srcset=\"https:\/\/luan.webrt.net\/qhome\/wp-content\/uploads\/2024\/08\/mau-ban-lam-viec-qghome-02-1.jpg 996w, https:\/\/luan.webrt.net\/qhome\/wp-content\/uploads\/2024\/08\/mau-ban-lam-viec-qghome-02-1-510x342.jpg 510w, https:\/\/luan.webrt.net\/qhome\/wp-content\/uploads\/2024\/08\/mau-ban-lam-viec-qghome-02-1-596x400.jpg 596w, https:\/\/luan.webrt.net\/qhome\/wp-content\/uploads\/2024\/08\/mau-ban-lam-viec-qghome-02-1-768x515.jpg 768w\" sizes=\"auto, (max-width: 996px) 100vw, 996px\" \/>\t\t\t\t\t\t\n\t\t\t\t\t<\/div>\n\t\t\t\t\t\t\t\t\n<style>\n#image_118444090 {\n  width: 100%;\n}\n<\/style>\n\t<\/div>\n\t\n\t\t<\/div>\n\t\t\t\t\t<\/div>\n\n\t\n\n\t<div id=\"col-252459899\" class=\"col medium-8 small-12 large-8\"  >\n\t\t\t\t<div class=\"col-inner\"  >\n\t\t\t\n\t\t\t\n<h3><b>Thi\u1ebft k\u1ebf sang tr\u1ecdng, \u0111\u1eb3ng c\u1ea5p<\/b><\/h3>\n<p><span style=\"font-weight: 400;\">B\u00e0n v\u1edbi thi\u1ebft k\u1ebf m\u1eb7t b\u00e0n ch\u00ednh h\u00ecnh vu\u00f4ng g\u00f3c, k\u1ebft h\u1ee3p v\u1edbi t\u1ee7 ph\u1ee5 t\u1ea1o n\u00ean ki\u1ec3u d\u00e1ng \u1ea5n t\u01b0\u1ee3ng. M\u1eabu thi\u1ebft k\u1ebf b\u00e0n l\u00e0m vi\u1ec7c n\u00e0y kh\u00f4ng ch\u1ec9 th\u1ec3 hi\u1ec7n s\u1ef1 ch\u1eafc ch\u1eafn, m\u00e0 c\u00f2n kh\u1eb3ng \u0111\u1ecbnh \u0111\u1eb3ng c\u1ea5p v\u00e0 s\u1ef1 l\u1edbn m\u1ea1nh c\u1ee7a doanh nghi\u1ec7p.<\/span><\/p>\n<p><span style=\"font-weight: 400;\">V\u1edbi thi\u1ebft k\u1ebf nh\u1eadn di\u1ec7n th\u01b0\u01a1ng hi\u1ec7u t\u00edch h\u1ee3p Logo, t\u00ean doanh nghi\u1ec7p mang \u0111\u1ebfn phong c\u00e1ch v\u0103n ph\u00f2ng hi\u1ec7n \u0111\u1ea1i.<\/span><\/p>\n\t\t<\/div>\n\t\t\t\t\t<\/div>\n\n\t\n<\/div>\n<h3><b>Ch\u1ea5t li\u1ec7u cao c\u1ea5p, b\u1ec1n b\u1ec9<\/b><\/h3>\n<p><span style=\"font-weight: 400;\">B\u00e0n l\u00e0m vi\u1ec7c nh\u00e2n vi\u00ean,\u00a0 \u0111\u01b0\u1ee3c l\u00e0m t\u1eeb ch\u1ea5t li\u1ec7u v\u00e1n g\u1ed7 MDF ph\u1ee7 melamine, \u0111\u1ea1t ti\u00eau chu\u1ea9n, th\u00e2n thi\u1ec7n v\u1edbi m\u00f4i tr\u01b0\u1eddng, an to\u00e0n cho s\u1ee9c kh\u1ecfe ng\u01b0\u1eddi d\u00f9ng. Ch\u1ea5t li\u1ec7u c\u00f3 \u01b0u \u0111i\u1ec3m \u0111\u1ed9 b\u1ec1n cao, ch\u1eafc ch\u1eafn, d\u1ec5 l\u1eafp \u0111\u1eb7t c\u00f3 kh\u1ea3 n\u0103ng ch\u1ecbu l\u1ef1c t\u1ed1t gi\u1eef \u0111\u01b0\u1ee3c v\u1ebb \u0111\u1eb9p th\u1ea9m m\u1ef9 theo th\u1eddi gian.<\/span><\/p>\n\t<div class=\"img has-hover x md-x lg-x y md-y lg-y\" id=\"image_260248224\">\n\t\t\t\t\t\t\t\t<div class=\"img-inner dark\" >\n\t\t\t<img loading=\"lazy\" decoding=\"async\" width=\"996\" height=\"668\" src=\"https:\/\/luan.webrt.net\/qhome\/wp-content\/uploads\/2024\/08\/ban-lam-viec-qghome-02.jpg\" class=\"attachment-large size-large\" alt=\"ban lam viec qghome 02\" srcset=\"https:\/\/luan.webrt.net\/qhome\/wp-content\/uploads\/2024\/08\/ban-lam-viec-qghome-02.jpg 996w, https:\/\/luan.webrt.net\/qhome\/wp-content\/uploads\/2024\/08\/ban-lam-viec-qghome-02-510x342.jpg 510w, https:\/\/luan.webrt.net\/qhome\/wp-content\/uploads\/2024\/08\/ban-lam-viec-qghome-02-596x400.jpg 596w, https:\/\/luan.webrt.net\/qhome\/wp-content\/uploads\/2024\/08\/ban-lam-viec-qghome-02-768x515.jpg 768w\" sizes=\"auto, (max-width: 996px) 100vw, 996px\" \/>\t\t\t\t\t\t\n\t\t\t\t\t<\/div>\n\t\t\t\t\t\t\t\t\n<style>\n#image_260248224 {\n  width: 100%;\n}\n<\/style>\n\t<\/div>\n\t\n<div class=\"host-bincmiainjofjnhchmcalkanjebghoen\" style=\"position: relative; z-index: 2147483647;\"><\/div>\n","protected":false},"excerpt":{"rendered":"<p>&nbsp;<\/p>\n<div class=\"host-bincmiainjofjnhchmcalkanjebghoen\" style=\"position: relative; z-index: 2147483647;\"><\/div>\n","protected":false},"featured_media":11120,"comment_status":"open","ping_status":"closed","template":"","meta":[],"product_cat":[119],"product_tag":[],"class_list":["post-11122","product","type-product","status-publish","has-post-thumbnail","hentry","product_cat-san-pham"],"yoast_head":"<!-- This site is optimized with the Yoast SEO plugin v19.9 - https:\/\/yoast.com\/wordpress\/plugins\/seo\/ -->\n<title>B\u00e0n l\u00e0m vi\u1ec7c v\u0103n ph\u00f2ng QBN36<\/title>\n<meta name=\"robots\" content=\"index, follow, max-snippet:-1, max-image-preview:large, max-video-preview:-1\" \/>\n<link rel=\"canonical\" href=\"https:\/\/luan.webrt.net\/qhome\/san-pham\/ban-lam-viec-van-phong-qbn36\/\" \/>\n<meta property=\"og:locale\" content=\"vi_VN\" \/>\n<meta property=\"og:type\" content=\"article\" \/>\n<meta property=\"og:title\" content=\"B\u00e0n l\u00e0m vi\u1ec7c v\u0103n ph\u00f2ng QBN36\" \/>\n<meta property=\"og:description\" content=\"&nbsp;\" \/>\n<meta property=\"og:url\" content=\"https:\/\/luan.webrt.net\/qhome\/san-pham\/ban-lam-viec-van-phong-qbn36\/\" \/>\n<meta property=\"og:site_name\" content=\"M\u1eabu web n\u1ed9i th\u1ea5t\" \/>\n<meta property=\"article:publisher\" content=\"https:\/\/www.facebook.com\/noithatqghome\" \/>\n<meta property=\"article:modified_time\" content=\"2025-11-12T04:29:57+00:00\" \/>\n<meta property=\"og:image\" content=\"https:\/\/luan.webrt.net\/qhome\/wp-content\/uploads\/2024\/08\/mau-ban-lam-viec-qghome-02.jpg\" \/>\n\t<meta property=\"og:image:width\" content=\"996\" \/>\n\t<meta property=\"og:image:height\" content=\"668\" \/>\n\t<meta property=\"og:image:type\" content=\"image\/jpeg\" \/>\n<meta name=\"twitter:card\" content=\"summary_large_image\" \/>\n<meta name=\"twitter:label1\" content=\"\u01af\u1edbc t\u00ednh th\u1eddi gian \u0111\u1ecdc\" \/>\n\t<meta name=\"twitter:data1\" content=\"3 ph\u00fat\" \/>\n<script type=\"application\/ld+json\" class=\"yoast-schema-graph\">{\"@context\":\"https:\/\/schema.org\",\"@graph\":[{\"@type\":\"WebPage\",\"@id\":\"https:\/\/luan.webrt.net\/qhome\/san-pham\/ban-lam-viec-van-phong-qbn36\/\",\"url\":\"https:\/\/luan.webrt.net\/qhome\/san-pham\/ban-lam-viec-van-phong-qbn36\/\",\"name\":\"B\u00e0n l\u00e0m vi\u1ec7c v\u0103n ph\u00f2ng QBN36\",\"isPartOf\":{\"@id\":\"https:\/\/luan.webrt.net\/qhome\/#website\"},\"datePublished\":\"2024-08-02T08:58:02+00:00\",\"dateModified\":\"2025-11-12T04:29:57+00:00\",\"breadcrumb\":{\"@id\":\"https:\/\/luan.webrt.net\/qhome\/san-pham\/ban-lam-viec-van-phong-qbn36\/#breadcrumb\"},\"inLanguage\":\"vi\",\"potentialAction\":[{\"@type\":\"ReadAction\",\"target\":[\"https:\/\/luan.webrt.net\/qhome\/san-pham\/ban-lam-viec-van-phong-qbn36\/\"]}]},{\"@type\":\"BreadcrumbList\",\"@id\":\"https:\/\/luan.webrt.net\/qhome\/san-pham\/ban-lam-viec-van-phong-qbn36\/#breadcrumb\",\"itemListElement\":[{\"@type\":\"ListItem\",\"position\":1,\"name\":\"Trang ch\u1ee7\",\"item\":\"https:\/\/luan.webrt.net\/qhome\/\"},{\"@type\":\"ListItem\",\"position\":2,\"name\":\"Shop\",\"item\":\"https:\/\/luan.webrt.net\/qhome\/shop\/\"},{\"@type\":\"ListItem\",\"position\":3,\"name\":\"B\u00e0n l\u00e0m vi\u1ec7c v\u0103n ph\u00f2ng QBN36\"}]},{\"@type\":\"WebSite\",\"@id\":\"https:\/\/luan.webrt.net\/qhome\/#website\",\"url\":\"https:\/\/luan.webrt.net\/qhome\/\",\"name\":\"M\u1eabu web n\u1ed9i th\u1ea5t\",\"description\":\"QGHome Vi\u1ec7t Nam\",\"publisher\":{\"@id\":\"https:\/\/luan.webrt.net\/qhome\/#organization\"},\"potentialAction\":[{\"@type\":\"SearchAction\",\"target\":{\"@type\":\"EntryPoint\",\"urlTemplate\":\"https:\/\/luan.webrt.net\/qhome\/?s={search_term_string}\"},\"query-input\":\"required name=search_term_string\"}],\"inLanguage\":\"vi\"},{\"@type\":\"Organization\",\"@id\":\"https:\/\/luan.webrt.net\/qhome\/#organization\",\"name\":\"QGHome\",\"url\":\"https:\/\/luan.webrt.net\/qhome\/\",\"logo\":{\"@type\":\"ImageObject\",\"inLanguage\":\"vi\",\"@id\":\"https:\/\/luan.webrt.net\/qhome\/#\/schema\/logo\/image\/\",\"url\":\"https:\/\/qghome.vn\/wp-content\/uploads\/2025\/08\/logo-mau-MauTH-21.png\",\"contentUrl\":\"https:\/\/qghome.vn\/wp-content\/uploads\/2025\/08\/logo-mau-MauTH-21.png\",\"width\":253,\"height\":99,\"caption\":\"QGHome\"},\"image\":{\"@id\":\"https:\/\/luan.webrt.net\/qhome\/#\/schema\/logo\/image\/\"},\"sameAs\":[\"https:\/\/www.tiktok.com\/@qghome.official\",\"https:\/\/www.youtube.com\/channel\/UCeVBuKTXkv-u94DS421cklw\",\"https:\/\/www.facebook.com\/noithatqghome\"]}]}<\/script>\n<!-- \/ Yoast SEO plugin. -->","yoast_head_json":{"title":"B\u00e0n l\u00e0m vi\u1ec7c v\u0103n ph\u00f2ng QBN36","robots":{"index":"index","follow":"follow","max-snippet":"max-snippet:-1","max-image-preview":"max-image-preview:large","max-video-preview":"max-video-preview:-1"},"canonical":"https:\/\/luan.webrt.net\/qhome\/san-pham\/ban-lam-viec-van-phong-qbn36\/","og_locale":"vi_VN","og_type":"article","og_title":"B\u00e0n l\u00e0m vi\u1ec7c v\u0103n ph\u00f2ng QBN36","og_description":"&nbsp;","og_url":"https:\/\/luan.webrt.net\/qhome\/san-pham\/ban-lam-viec-van-phong-qbn36\/","og_site_name":"M\u1eabu web n\u1ed9i th\u1ea5t","article_publisher":"https:\/\/www.facebook.com\/noithatqghome","article_modified_time":"2025-11-12T04:29:57+00:00","og_image":[{"width":996,"height":668,"url":"https:\/\/luan.webrt.net\/qhome\/wp-content\/uploads\/2024\/08\/mau-ban-lam-viec-qghome-02.jpg","type":"image\/jpeg"}],"twitter_card":"summary_large_image","twitter_misc":{"\u01af\u1edbc t\u00ednh th\u1eddi gian \u0111\u1ecdc":"3 ph\u00fat"},"schema":{"@context":"https:\/\/schema.org","@graph":[{"@type":"WebPage","@id":"https:\/\/luan.webrt.net\/qhome\/san-pham\/ban-lam-viec-van-phong-qbn36\/","url":"https:\/\/luan.webrt.net\/qhome\/san-pham\/ban-lam-viec-van-phong-qbn36\/","name":"B\u00e0n l\u00e0m vi\u1ec7c v\u0103n ph\u00f2ng QBN36","isPartOf":{"@id":"https:\/\/luan.webrt.net\/qhome\/#website"},"datePublished":"2024-08-02T08:58:02+00:00","dateModified":"2025-11-12T04:29:57+00:00","breadcrumb":{"@id":"https:\/\/luan.webrt.net\/qhome\/san-pham\/ban-lam-viec-van-phong-qbn36\/#breadcrumb"},"inLanguage":"vi","potentialAction":[{"@type":"ReadAction","target":["https:\/\/luan.webrt.net\/qhome\/san-pham\/ban-lam-viec-van-phong-qbn36\/"]}]},{"@type":"BreadcrumbList","@id":"https:\/\/luan.webrt.net\/qhome\/san-pham\/ban-lam-viec-van-phong-qbn36\/#breadcrumb","itemListElement":[{"@type":"ListItem","position":1,"name":"Trang ch\u1ee7","item":"https:\/\/luan.webrt.net\/qhome\/"},{"@type":"ListItem","position":2,"name":"Shop","item":"https:\/\/luan.webrt.net\/qhome\/shop\/"},{"@type":"ListItem","position":3,"name":"B\u00e0n l\u00e0m vi\u1ec7c v\u0103n ph\u00f2ng QBN36"}]},{"@type":"WebSite","@id":"https:\/\/luan.webrt.net\/qhome\/#website","url":"https:\/\/luan.webrt.net\/qhome\/","name":"M\u1eabu web n\u1ed9i th\u1ea5t","description":"QGHome Vi\u1ec7t Nam","publisher":{"@id":"https:\/\/luan.webrt.net\/qhome\/#organization"},"potentialAction":[{"@type":"SearchAction","target":{"@type":"EntryPoint","urlTemplate":"https:\/\/luan.webrt.net\/qhome\/?s={search_term_string}"},"query-input":"required name=search_term_string"}],"inLanguage":"vi"},{"@type":"Organization","@id":"https:\/\/luan.webrt.net\/qhome\/#organization","name":"QGHome","url":"https:\/\/luan.webrt.net\/qhome\/","logo":{"@type":"ImageObject","inLanguage":"vi","@id":"https:\/\/luan.webrt.net\/qhome\/#\/schema\/logo\/image\/","url":"https:\/\/qghome.vn\/wp-content\/uploads\/2025\/08\/logo-mau-MauTH-21.png","contentUrl":"https:\/\/qghome.vn\/wp-content\/uploads\/2025\/08\/logo-mau-MauTH-21.png","width":253,"height":99,"caption":"QGHome"},"image":{"@id":"https:\/\/luan.webrt.net\/qhome\/#\/schema\/logo\/image\/"},"sameAs":["https:\/\/www.tiktok.com\/@qghome.official","https:\/\/www.youtube.com\/channel\/UCeVBuKTXkv-u94DS421cklw","https:\/\/www.facebook.com\/noithatqghome"]}]}},"_links":{"self":[{"href":"https:\/\/luan.webrt.net\/qhome\/wp-json\/wp\/v2\/product\/11122","targetHints":{"allow":["GET"]}}],"collection":[{"href":"https:\/\/luan.webrt.net\/qhome\/wp-json\/wp\/v2\/product"}],"about":[{"href":"https:\/\/luan.webrt.net\/qhome\/wp-json\/wp\/v2\/types\/product"}],"replies":[{"embeddable":true,"href":"https:\/\/luan.webrt.net\/qhome\/wp-json\/wp\/v2\/comments?post=11122"}],"wp:featuredmedia":[{"embeddable":true,"href":"https:\/\/luan.webrt.net\/qhome\/wp-json\/wp\/v2\/media\/11120"}],"wp:attachment":[{"href":"https:\/\/luan.webrt.net\/qhome\/wp-json\/wp\/v2\/media?parent=11122"}],"wp:term":[{"taxonomy":"product_cat","embeddable":true,"href":"https:\/\/luan.webrt.net\/qhome\/wp-json\/wp\/v2\/product_cat?post=11122"},{"taxonomy":"product_tag","embeddable":true,"href":"https:\/\/luan.webrt.net\/qhome\/wp-json\/wp\/v2\/product_tag?post=11122"}],"curies":[{"name":"wp","href":"https:\/\/api.w.org\/{rel}","templated":true}]}}