{"id":10128,"date":"2024-07-09T03:00:59","date_gmt":"2024-07-09T03:00:59","guid":{"rendered":"https:\/\/qghome.vn\/?post_type=product&#038;p=10128"},"modified":"2024-07-09T03:01:00","modified_gmt":"2024-07-09T03:01:00","slug":"module-ban-lam-viec-2-nguoi-qbmole21","status":"publish","type":"product","link":"https:\/\/luan.webrt.net\/qhome\/san-pham\/module-ban-lam-viec-2-nguoi-qbmole21\/","title":{"rendered":"Module B\u00e0n L\u00e0m Vi\u1ec7c 2 ng\u01b0\u1eddi QBMOLE21"},"content":{"rendered":"<p>N\u1ebfu b\u1ea1n b\u0103n kho\u0103n v\u1edbi vi\u1ec7c l\u1ef1a ch\u1ecdn n\u1ed9i th\u1ea5t v\u0103n ph\u00f2ng th\u00ec Module B\u00e0n L\u00e0m Vi\u1ec7c 2 Ng\u01b0\u1eddi QBMOLE21 ch\u1eafc ch\u1eafn s\u1ebd l\u00e0 m\u1ed9t l\u1ef1a ch\u1ecdn l\u00ed t\u01b0\u1edfng. V\u1edbi thi\u1ebft k\u1ebf hi\u1ec7n \u0111\u1ea1i t\u00edch h\u1ee3p nhi\u1ec1u ti\u1ec7n \u00edch nh\u01b0 v\u00e1ch ng\u0103n hay h\u1ed9c di \u0111\u1ed9ng l\u01b0u tr\u1eef t\u00e0i li\u1ec7u. H\u01a1n h\u1ebft thi\u1ebft k\u1ebf c\u1ee7a c\u1ee5m b\u00e0n l\u00e0m vi\u1ec7c gi\u00fap trao \u0111\u1ed5i t\u01b0\u01a1ng t\u00e1c gi\u1eefa c\u00e1c nh\u00e2n vi\u00ean. \u0110\u00e2y\u00a0s\u1ebd tr\u1edf th\u00e0nh m\u1ed9t ph\u1ea7n kh\u00f4ng th\u1ec3 thi\u1ebfu trong vi\u1ec7c n\u00e2ng cao hi\u1ec7u su\u1ea5t v\u00e0 tinh th\u1ea7n l\u00e0m vi\u1ec7c c\u1ee7a nh\u00e2n vi\u00ean trong c\u00f4ng ty.<\/p>\n<h2 style=\"text-align: center;\"><span style=\"font-size: 140%; color: #333399;\"><strong>Th\u00f4ng tin s\u1ea3n ph\u1ea9m\u00a0<\/strong><\/span><\/h2>\n<p><strong>Ch\u1ea5t li\u1ec7u<\/strong>:\u00a0M\u1eb7t b\u00e0n c\u1ed1t g\u1ed7 MDF,b\u1ec1 m\u1eb7t g\u1ed7 ph\u1ee7 l\u1edbp Melamine d\u00e0y 18mm ch\u1ed1ng \u1ea9m, ch\u1ed1ng x\u01b0\u1edbc, ch\u1ed1ng cong v\u00eanh, m\u1ed1i m\u1ecdt.Khung b\u00e0n l\u00e0m t\u1eeb g\u1ed7\u00a0<em class=\"Highlight\">c\u00f4<\/em>ng nghi\u1ec7p ph\u1ee7 Melamine d\u00e0y 18mm c\u00f3 \u0111\u1ed9 b\u1ec1n cao,c\u00f3 kh\u1ea3 n\u0103ng ch\u1ecbu l\u1ef1c t\u1ed1t gi\u1eef \u0111\u01b0\u1ee3c v\u1ebb \u0111\u1eb9p th\u1ea9m m\u1ef9 theo th\u1eddi gian.<\/p>\n<p><strong>K\u00edch th\u01b0\u1edbc:<\/strong><\/p>\n<ul>\n<li>B\u00e0n: D\u00e0i 2400mm x R\u1ed9ng 600mm x Cao 750mm.<\/li>\n<li>V\u00e1ch ng\u0103n: D\u00e0i 80 cm x Cao 30 cm x d\u00e0y 9mm<\/li>\n<\/ul>\n<p><strong>Ph\u1ee5 Ki\u1ec7n<\/strong>:<\/p>\n<ul>\n<li>N\u1eafp nh\u1ef1a lu\u1ed3n d\u00e2y \u0111i\u1ec7n ti\u1ec7n d\u1ee5ng, gi\u00fap b\u00e0n l\u00e0m vi\u1ec7c ng\u0103n n\u1eafp, g\u1ecdn g\u00e0ng.<\/li>\n<li>02 v\u00e1ch ng\u0103n b\u00e0n m\u00e0u ch\u00ec<\/li>\n<\/ul>\n<p><strong>B\u1ea3o h\u00e0nh<\/strong>: Ch\u00ednh s\u00e1ch b\u1ea3o h\u00e0nh l\u00ean \u0111\u1ebfn 12 Th\u00e1ng<\/p>\n<figure id=\"attachment_10131\" aria-describedby=\"caption-attachment-10131\" style=\"width: 800px\" class=\"wp-caption aligncenter\"><img loading=\"lazy\" decoding=\"async\" class=\"wp-image-10131 size-large\" src=\"http:\/\/qghome.vn\/wp-content\/uploads\/2024\/07\/Module-Ban-Lam-Viec-2-nguoi-QBMOLE21-800x800.png\" alt=\"Module B\u00e0n L\u00e0m Vi\u1ec7c 2 ng\u01b0\u1eddi QBMOLE21\" width=\"800\" height=\"800\" srcset=\"https:\/\/luan.webrt.net\/qhome\/wp-content\/uploads\/2024\/07\/Module-Ban-Lam-Viec-2-nguoi-QBMOLE21-800x800.png 800w, https:\/\/luan.webrt.net\/qhome\/wp-content\/uploads\/2024\/07\/Module-Ban-Lam-Viec-2-nguoi-QBMOLE21-100x100.png 100w, https:\/\/luan.webrt.net\/qhome\/wp-content\/uploads\/2024\/07\/Module-Ban-Lam-Viec-2-nguoi-QBMOLE21-510x510.png 510w, https:\/\/luan.webrt.net\/qhome\/wp-content\/uploads\/2024\/07\/Module-Ban-Lam-Viec-2-nguoi-QBMOLE21-400x400.png 400w, https:\/\/luan.webrt.net\/qhome\/wp-content\/uploads\/2024\/07\/Module-Ban-Lam-Viec-2-nguoi-QBMOLE21-280x280.png 280w, https:\/\/luan.webrt.net\/qhome\/wp-content\/uploads\/2024\/07\/Module-Ban-Lam-Viec-2-nguoi-QBMOLE21-768x768.png 768w, https:\/\/luan.webrt.net\/qhome\/wp-content\/uploads\/2024\/07\/Module-Ban-Lam-Viec-2-nguoi-QBMOLE21.png 900w\" sizes=\"auto, (max-width: 800px) 100vw, 800px\" \/><figcaption id=\"caption-attachment-10131\" class=\"wp-caption-text\">Module B\u00e0n L\u00e0m Vi\u1ec7c 2 ng\u01b0\u1eddi QBMOLE21<\/figcaption><\/figure>\n<figure id=\"attachment_10130\" aria-describedby=\"caption-attachment-10130\" style=\"width: 800px\" class=\"wp-caption aligncenter\"><img loading=\"lazy\" decoding=\"async\" class=\"wp-image-10130 size-large\" src=\"http:\/\/qghome.vn\/wp-content\/uploads\/2024\/07\/Kich-thuoc-Module-Ban-Lam-Viec-2-nguoi-QBMOLE21-1-800x800.png\" alt=\"K\u00edch th\u01b0\u1edbc Module B\u00e0n L\u00e0m Vi\u1ec7c 2 ng\u01b0\u1eddi QBMOLE21\" width=\"800\" height=\"800\" srcset=\"https:\/\/luan.webrt.net\/qhome\/wp-content\/uploads\/2024\/07\/Kich-thuoc-Module-Ban-Lam-Viec-2-nguoi-QBMOLE21-1-800x800.png 800w, https:\/\/luan.webrt.net\/qhome\/wp-content\/uploads\/2024\/07\/Kich-thuoc-Module-Ban-Lam-Viec-2-nguoi-QBMOLE21-1-100x100.png 100w, https:\/\/luan.webrt.net\/qhome\/wp-content\/uploads\/2024\/07\/Kich-thuoc-Module-Ban-Lam-Viec-2-nguoi-QBMOLE21-1-510x510.png 510w, https:\/\/luan.webrt.net\/qhome\/wp-content\/uploads\/2024\/07\/Kich-thuoc-Module-Ban-Lam-Viec-2-nguoi-QBMOLE21-1-400x400.png 400w, https:\/\/luan.webrt.net\/qhome\/wp-content\/uploads\/2024\/07\/Kich-thuoc-Module-Ban-Lam-Viec-2-nguoi-QBMOLE21-1-280x280.png 280w, https:\/\/luan.webrt.net\/qhome\/wp-content\/uploads\/2024\/07\/Kich-thuoc-Module-Ban-Lam-Viec-2-nguoi-QBMOLE21-1-768x768.png 768w, https:\/\/luan.webrt.net\/qhome\/wp-content\/uploads\/2024\/07\/Kich-thuoc-Module-Ban-Lam-Viec-2-nguoi-QBMOLE21-1.png 900w\" sizes=\"auto, (max-width: 800px) 100vw, 800px\" \/><figcaption id=\"caption-attachment-10130\" class=\"wp-caption-text\">K\u00edch th\u01b0\u1edbc Module B\u00e0n L\u00e0m Vi\u1ec7c 2 ng\u01b0\u1eddi QBMOLE21<\/figcaption><\/figure>\n<h2 style=\"text-align: center;\"><span style=\"color: #333399; font-size: 140%;\"><strong>NH\u00c0 M\u00c1Y S\u1ea2N XU\u1ea4T QGHOME<\/strong><\/span><\/h2>\n<figure id=\"attachment_7785\" aria-describedby=\"caption-attachment-7785\" style=\"width: 800px\" class=\"wp-caption aligncenter\"><img loading=\"lazy\" decoding=\"async\" class=\"wp-image-7785 size-full\" src=\"http:\/\/qghome.vn\/wp-content\/uploads\/2024\/04\/nha-may-san-xuat-noi-that-qghome-viet-nam.jpg\" alt=\"Nh\u00e0 m\u00e1y s\u1ea3n xu\u1ea5t n\u1ed9i th\u1ea5t QGHOME Vi\u1ec7t Nam\" width=\"800\" height=\"468\" srcset=\"https:\/\/luan.webrt.net\/qhome\/wp-content\/uploads\/2024\/04\/nha-may-san-xuat-noi-that-qghome-viet-nam.jpg 800w, https:\/\/luan.webrt.net\/qhome\/wp-content\/uploads\/2024\/04\/nha-may-san-xuat-noi-that-qghome-viet-nam-510x298.jpg 510w, https:\/\/luan.webrt.net\/qhome\/wp-content\/uploads\/2024\/04\/nha-may-san-xuat-noi-that-qghome-viet-nam-684x400.jpg 684w, https:\/\/luan.webrt.net\/qhome\/wp-content\/uploads\/2024\/04\/nha-may-san-xuat-noi-that-qghome-viet-nam-768x449.jpg 768w\" sizes=\"auto, (max-width: 800px) 100vw, 800px\" \/><figcaption id=\"caption-attachment-7785\" class=\"wp-caption-text\"><em>Nh\u00e0 m\u00e1y s\u1ea3n xu\u1ea5t n\u1ed9i th\u1ea5t QGHOME Vi\u1ec7t Nam<\/em><\/figcaption><\/figure>\n<figure id=\"attachment_7782\" aria-describedby=\"caption-attachment-7782\" style=\"width: 800px\" class=\"wp-caption aligncenter\"><img loading=\"lazy\" decoding=\"async\" class=\"wp-image-7782 size-full\" src=\"http:\/\/qghome.vn\/wp-content\/uploads\/2024\/04\/nha-may-noi-that-qghome-viet-nam.jpg\" alt=\"Nh\u00e0 m\u00e1y n\u1ed9i th\u1ea5t QGHOME Vi\u1ec7t Nam\" width=\"800\" height=\"468\" srcset=\"https:\/\/luan.webrt.net\/qhome\/wp-content\/uploads\/2024\/04\/nha-may-noi-that-qghome-viet-nam.jpg 800w, https:\/\/luan.webrt.net\/qhome\/wp-content\/uploads\/2024\/04\/nha-may-noi-that-qghome-viet-nam-510x298.jpg 510w, https:\/\/luan.webrt.net\/qhome\/wp-content\/uploads\/2024\/04\/nha-may-noi-that-qghome-viet-nam-684x400.jpg 684w, https:\/\/luan.webrt.net\/qhome\/wp-content\/uploads\/2024\/04\/nha-may-noi-that-qghome-viet-nam-768x449.jpg 768w\" sizes=\"auto, (max-width: 800px) 100vw, 800px\" \/><figcaption id=\"caption-attachment-7782\" class=\"wp-caption-text\"><em>Nh\u00e0 m\u00e1y n\u1ed9i th\u1ea5t QGHOME Vi\u1ec7t Nam<\/em><\/figcaption><\/figure>\n<div class=\"mceTemp\"><\/div>\n","protected":false},"excerpt":{"rendered":"<p><strong>Th\u01b0\u01a1ng hi\u1ec7u:<\/strong>\u00a0QGHome<br \/>\n<strong>Ch\u1ea5t li\u1ec7u:<\/strong> G\u1ed7 MDF ph\u1ee7 melamine d\u00e0y 18mm<br \/>\n<strong>Ph\u1ee5 ki\u1ec7n: 2 <\/strong>V\u00e1ch ng\u0103n, 2 h\u1ed9c t\u1ee7<br \/>\n<strong>K\u00edch th\u01b0\u1edbc: <\/strong>D\u00e0i 2400mm x R\u1ed9ng 600mm x Cao 750mm<br \/>\n<strong>M\u00e0u s\u1eafc:<\/strong> M\u00e0u theo thi\u1ebft k\u1ebf<br \/>\n<strong>B\u1ea3o h\u00e0nh:<\/strong>\u00a012 th\u00e1ng theo ti\u00eau chu\u1ea9n nh\u00e0 m\u00e1y, l\u1eafp gh\u00e9p ho\u00e0n thi\u1ec7n.<\/p>\n","protected":false},"featured_media":10131,"comment_status":"open","ping_status":"closed","template":"","meta":[],"product_cat":[410],"product_tag":[],"class_list":["post-10128","product","type-product","status-publish","has-post-thumbnail","hentry","product_cat-module-ban-lam-viec"],"yoast_head":"<!-- This site is optimized with the Yoast SEO plugin v19.9 - https:\/\/yoast.com\/wordpress\/plugins\/seo\/ -->\n<title>Module B\u00e0n L\u00e0m Vi\u1ec7c 2 ng\u01b0\u1eddi QBMOLE21<\/title>\n<meta name=\"description\" content=\"Module B\u00e0n L\u00e0m Vi\u1ec7c 2 Ng\u01b0\u1eddi QBMOLE21 ch\u1eafc ch\u1eafn s\u1ebd l\u00e0 m\u1ed9t l\u1ef1a ch\u1ecdn l\u00ed t\u01b0\u1edfng. V\u1edbi thi\u1ebft k\u1ebf hi\u1ec7n \u0111\u1ea1i t\u00edch h\u1ee3p nhi\u1ec1u ti\u1ec7n \u00edch\" \/>\n<meta name=\"robots\" content=\"index, follow, max-snippet:-1, max-image-preview:large, max-video-preview:-1\" \/>\n<link rel=\"canonical\" href=\"https:\/\/luan.webrt.net\/qhome\/san-pham\/module-ban-lam-viec-2-nguoi-qbmole21\/\" \/>\n<meta property=\"og:locale\" content=\"vi_VN\" \/>\n<meta property=\"og:type\" content=\"article\" \/>\n<meta property=\"og:title\" content=\"Module B\u00e0n L\u00e0m Vi\u1ec7c 2 ng\u01b0\u1eddi QBMOLE21\" \/>\n<meta property=\"og:description\" content=\"Module B\u00e0n L\u00e0m Vi\u1ec7c 2 Ng\u01b0\u1eddi QBMOLE21 ch\u1eafc ch\u1eafn s\u1ebd l\u00e0 m\u1ed9t l\u1ef1a ch\u1ecdn l\u00ed t\u01b0\u1edfng. V\u1edbi thi\u1ebft k\u1ebf hi\u1ec7n \u0111\u1ea1i t\u00edch h\u1ee3p nhi\u1ec1u ti\u1ec7n \u00edch\" \/>\n<meta property=\"og:url\" content=\"https:\/\/luan.webrt.net\/qhome\/san-pham\/module-ban-lam-viec-2-nguoi-qbmole21\/\" \/>\n<meta property=\"og:site_name\" content=\"M\u1eabu web n\u1ed9i th\u1ea5t\" \/>\n<meta property=\"article:publisher\" content=\"https:\/\/www.facebook.com\/noithatqghome\" \/>\n<meta property=\"article:modified_time\" content=\"2024-07-09T03:01:00+00:00\" \/>\n<meta property=\"og:image\" content=\"https:\/\/luan.webrt.net\/qhome\/wp-content\/uploads\/2024\/07\/Module-Ban-Lam-Viec-2-nguoi-QBMOLE21.png\" \/>\n\t<meta property=\"og:image:width\" content=\"900\" \/>\n\t<meta property=\"og:image:height\" content=\"900\" \/>\n\t<meta property=\"og:image:type\" content=\"image\/png\" \/>\n<meta name=\"twitter:card\" content=\"summary_large_image\" \/>\n<meta name=\"twitter:label1\" content=\"\u01af\u1edbc t\u00ednh th\u1eddi gian \u0111\u1ecdc\" \/>\n\t<meta name=\"twitter:data1\" content=\"3 ph\u00fat\" \/>\n<script type=\"application\/ld+json\" class=\"yoast-schema-graph\">{\"@context\":\"https:\/\/schema.org\",\"@graph\":[{\"@type\":\"WebPage\",\"@id\":\"https:\/\/luan.webrt.net\/qhome\/san-pham\/module-ban-lam-viec-2-nguoi-qbmole21\/\",\"url\":\"https:\/\/luan.webrt.net\/qhome\/san-pham\/module-ban-lam-viec-2-nguoi-qbmole21\/\",\"name\":\"Module B\u00e0n L\u00e0m Vi\u1ec7c 2 ng\u01b0\u1eddi QBMOLE21\",\"isPartOf\":{\"@id\":\"https:\/\/luan.webrt.net\/qhome\/#website\"},\"datePublished\":\"2024-07-09T03:00:59+00:00\",\"dateModified\":\"2024-07-09T03:01:00+00:00\",\"description\":\"Module B\u00e0n L\u00e0m Vi\u1ec7c 2 Ng\u01b0\u1eddi QBMOLE21 ch\u1eafc ch\u1eafn s\u1ebd l\u00e0 m\u1ed9t l\u1ef1a ch\u1ecdn l\u00ed t\u01b0\u1edfng. V\u1edbi thi\u1ebft k\u1ebf hi\u1ec7n \u0111\u1ea1i t\u00edch h\u1ee3p nhi\u1ec1u ti\u1ec7n \u00edch\",\"breadcrumb\":{\"@id\":\"https:\/\/luan.webrt.net\/qhome\/san-pham\/module-ban-lam-viec-2-nguoi-qbmole21\/#breadcrumb\"},\"inLanguage\":\"vi\",\"potentialAction\":[{\"@type\":\"ReadAction\",\"target\":[\"https:\/\/luan.webrt.net\/qhome\/san-pham\/module-ban-lam-viec-2-nguoi-qbmole21\/\"]}]},{\"@type\":\"BreadcrumbList\",\"@id\":\"https:\/\/luan.webrt.net\/qhome\/san-pham\/module-ban-lam-viec-2-nguoi-qbmole21\/#breadcrumb\",\"itemListElement\":[{\"@type\":\"ListItem\",\"position\":1,\"name\":\"Trang ch\u1ee7\",\"item\":\"https:\/\/luan.webrt.net\/qhome\/\"},{\"@type\":\"ListItem\",\"position\":2,\"name\":\"Shop\",\"item\":\"https:\/\/luan.webrt.net\/qhome\/shop\/\"},{\"@type\":\"ListItem\",\"position\":3,\"name\":\"Module B\u00e0n L\u00e0m Vi\u1ec7c 2 ng\u01b0\u1eddi QBMOLE21\"}]},{\"@type\":\"WebSite\",\"@id\":\"https:\/\/luan.webrt.net\/qhome\/#website\",\"url\":\"https:\/\/luan.webrt.net\/qhome\/\",\"name\":\"M\u1eabu web n\u1ed9i th\u1ea5t\",\"description\":\"QGHome Vi\u1ec7t Nam\",\"publisher\":{\"@id\":\"https:\/\/luan.webrt.net\/qhome\/#organization\"},\"potentialAction\":[{\"@type\":\"SearchAction\",\"target\":{\"@type\":\"EntryPoint\",\"urlTemplate\":\"https:\/\/luan.webrt.net\/qhome\/?s={search_term_string}\"},\"query-input\":\"required name=search_term_string\"}],\"inLanguage\":\"vi\"},{\"@type\":\"Organization\",\"@id\":\"https:\/\/luan.webrt.net\/qhome\/#organization\",\"name\":\"QGHome\",\"url\":\"https:\/\/luan.webrt.net\/qhome\/\",\"logo\":{\"@type\":\"ImageObject\",\"inLanguage\":\"vi\",\"@id\":\"https:\/\/luan.webrt.net\/qhome\/#\/schema\/logo\/image\/\",\"url\":\"https:\/\/qghome.vn\/wp-content\/uploads\/2025\/08\/logo-mau-MauTH-21.png\",\"contentUrl\":\"https:\/\/qghome.vn\/wp-content\/uploads\/2025\/08\/logo-mau-MauTH-21.png\",\"width\":253,\"height\":99,\"caption\":\"QGHome\"},\"image\":{\"@id\":\"https:\/\/luan.webrt.net\/qhome\/#\/schema\/logo\/image\/\"},\"sameAs\":[\"https:\/\/www.tiktok.com\/@qghome.official\",\"https:\/\/www.youtube.com\/channel\/UCeVBuKTXkv-u94DS421cklw\",\"https:\/\/www.facebook.com\/noithatqghome\"]}]}<\/script>\n<!-- \/ Yoast SEO plugin. -->","yoast_head_json":{"title":"Module B\u00e0n L\u00e0m Vi\u1ec7c 2 ng\u01b0\u1eddi QBMOLE21","description":"Module B\u00e0n L\u00e0m Vi\u1ec7c 2 Ng\u01b0\u1eddi QBMOLE21 ch\u1eafc ch\u1eafn s\u1ebd l\u00e0 m\u1ed9t l\u1ef1a ch\u1ecdn l\u00ed t\u01b0\u1edfng. V\u1edbi thi\u1ebft k\u1ebf hi\u1ec7n \u0111\u1ea1i t\u00edch h\u1ee3p nhi\u1ec1u ti\u1ec7n \u00edch","robots":{"index":"index","follow":"follow","max-snippet":"max-snippet:-1","max-image-preview":"max-image-preview:large","max-video-preview":"max-video-preview:-1"},"canonical":"https:\/\/luan.webrt.net\/qhome\/san-pham\/module-ban-lam-viec-2-nguoi-qbmole21\/","og_locale":"vi_VN","og_type":"article","og_title":"Module B\u00e0n L\u00e0m Vi\u1ec7c 2 ng\u01b0\u1eddi QBMOLE21","og_description":"Module B\u00e0n L\u00e0m Vi\u1ec7c 2 Ng\u01b0\u1eddi QBMOLE21 ch\u1eafc ch\u1eafn s\u1ebd l\u00e0 m\u1ed9t l\u1ef1a ch\u1ecdn l\u00ed t\u01b0\u1edfng. V\u1edbi thi\u1ebft k\u1ebf hi\u1ec7n \u0111\u1ea1i t\u00edch h\u1ee3p nhi\u1ec1u ti\u1ec7n \u00edch","og_url":"https:\/\/luan.webrt.net\/qhome\/san-pham\/module-ban-lam-viec-2-nguoi-qbmole21\/","og_site_name":"M\u1eabu web n\u1ed9i th\u1ea5t","article_publisher":"https:\/\/www.facebook.com\/noithatqghome","article_modified_time":"2024-07-09T03:01:00+00:00","og_image":[{"width":900,"height":900,"url":"https:\/\/luan.webrt.net\/qhome\/wp-content\/uploads\/2024\/07\/Module-Ban-Lam-Viec-2-nguoi-QBMOLE21.png","type":"image\/png"}],"twitter_card":"summary_large_image","twitter_misc":{"\u01af\u1edbc t\u00ednh th\u1eddi gian \u0111\u1ecdc":"3 ph\u00fat"},"schema":{"@context":"https:\/\/schema.org","@graph":[{"@type":"WebPage","@id":"https:\/\/luan.webrt.net\/qhome\/san-pham\/module-ban-lam-viec-2-nguoi-qbmole21\/","url":"https:\/\/luan.webrt.net\/qhome\/san-pham\/module-ban-lam-viec-2-nguoi-qbmole21\/","name":"Module B\u00e0n L\u00e0m Vi\u1ec7c 2 ng\u01b0\u1eddi QBMOLE21","isPartOf":{"@id":"https:\/\/luan.webrt.net\/qhome\/#website"},"datePublished":"2024-07-09T03:00:59+00:00","dateModified":"2024-07-09T03:01:00+00:00","description":"Module B\u00e0n L\u00e0m Vi\u1ec7c 2 Ng\u01b0\u1eddi QBMOLE21 ch\u1eafc ch\u1eafn s\u1ebd l\u00e0 m\u1ed9t l\u1ef1a ch\u1ecdn l\u00ed t\u01b0\u1edfng. V\u1edbi thi\u1ebft k\u1ebf hi\u1ec7n \u0111\u1ea1i t\u00edch h\u1ee3p nhi\u1ec1u ti\u1ec7n \u00edch","breadcrumb":{"@id":"https:\/\/luan.webrt.net\/qhome\/san-pham\/module-ban-lam-viec-2-nguoi-qbmole21\/#breadcrumb"},"inLanguage":"vi","potentialAction":[{"@type":"ReadAction","target":["https:\/\/luan.webrt.net\/qhome\/san-pham\/module-ban-lam-viec-2-nguoi-qbmole21\/"]}]},{"@type":"BreadcrumbList","@id":"https:\/\/luan.webrt.net\/qhome\/san-pham\/module-ban-lam-viec-2-nguoi-qbmole21\/#breadcrumb","itemListElement":[{"@type":"ListItem","position":1,"name":"Trang ch\u1ee7","item":"https:\/\/luan.webrt.net\/qhome\/"},{"@type":"ListItem","position":2,"name":"Shop","item":"https:\/\/luan.webrt.net\/qhome\/shop\/"},{"@type":"ListItem","position":3,"name":"Module B\u00e0n L\u00e0m Vi\u1ec7c 2 ng\u01b0\u1eddi QBMOLE21"}]},{"@type":"WebSite","@id":"https:\/\/luan.webrt.net\/qhome\/#website","url":"https:\/\/luan.webrt.net\/qhome\/","name":"M\u1eabu web n\u1ed9i th\u1ea5t","description":"QGHome Vi\u1ec7t Nam","publisher":{"@id":"https:\/\/luan.webrt.net\/qhome\/#organization"},"potentialAction":[{"@type":"SearchAction","target":{"@type":"EntryPoint","urlTemplate":"https:\/\/luan.webrt.net\/qhome\/?s={search_term_string}"},"query-input":"required name=search_term_string"}],"inLanguage":"vi"},{"@type":"Organization","@id":"https:\/\/luan.webrt.net\/qhome\/#organization","name":"QGHome","url":"https:\/\/luan.webrt.net\/qhome\/","logo":{"@type":"ImageObject","inLanguage":"vi","@id":"https:\/\/luan.webrt.net\/qhome\/#\/schema\/logo\/image\/","url":"https:\/\/qghome.vn\/wp-content\/uploads\/2025\/08\/logo-mau-MauTH-21.png","contentUrl":"https:\/\/qghome.vn\/wp-content\/uploads\/2025\/08\/logo-mau-MauTH-21.png","width":253,"height":99,"caption":"QGHome"},"image":{"@id":"https:\/\/luan.webrt.net\/qhome\/#\/schema\/logo\/image\/"},"sameAs":["https:\/\/www.tiktok.com\/@qghome.official","https:\/\/www.youtube.com\/channel\/UCeVBuKTXkv-u94DS421cklw","https:\/\/www.facebook.com\/noithatqghome"]}]}},"_links":{"self":[{"href":"https:\/\/luan.webrt.net\/qhome\/wp-json\/wp\/v2\/product\/10128","targetHints":{"allow":["GET"]}}],"collection":[{"href":"https:\/\/luan.webrt.net\/qhome\/wp-json\/wp\/v2\/product"}],"about":[{"href":"https:\/\/luan.webrt.net\/qhome\/wp-json\/wp\/v2\/types\/product"}],"replies":[{"embeddable":true,"href":"https:\/\/luan.webrt.net\/qhome\/wp-json\/wp\/v2\/comments?post=10128"}],"wp:featuredmedia":[{"embeddable":true,"href":"https:\/\/luan.webrt.net\/qhome\/wp-json\/wp\/v2\/media\/10131"}],"wp:attachment":[{"href":"https:\/\/luan.webrt.net\/qhome\/wp-json\/wp\/v2\/media?parent=10128"}],"wp:term":[{"taxonomy":"product_cat","embeddable":true,"href":"https:\/\/luan.webrt.net\/qhome\/wp-json\/wp\/v2\/product_cat?post=10128"},{"taxonomy":"product_tag","embeddable":true,"href":"https:\/\/luan.webrt.net\/qhome\/wp-json\/wp\/v2\/product_tag?post=10128"}],"curies":[{"name":"wp","href":"https:\/\/api.w.org\/{rel}","templated":true}]}}