{"id":360,"date":"2026-03-12T12:39:06","date_gmt":"2026-03-12T12:39:06","guid":{"rendered":"https:\/\/luan.webrt.net\/antaaura\/?post_type=product&#038;p=360"},"modified":"2026-03-15T16:14:17","modified_gmt":"2026-03-15T16:14:17","slug":"kem-duong-da-co-2","status":"publish","type":"product","link":"https:\/\/luan.webrt.net\/antaaura\/san-pham\/kem-duong-da-co-2\/","title":{"rendered":"Kem d\u01b0\u1ee1ng da c\u1ed5"},"content":{"rendered":"<h3>GI\u1ea2M NH\u0102N, S\u00c1NG DA SAU 28 NG\u00c0Y<\/h3>\n<p>Th\u00e0nh ph\u1ea7n ch\u1ee9ng minh L\u00e2m S\u00e0ng<\/p>\n<div id=\"GROUP1416\" class=\"ladi-element\">\n<div class=\"ladi-group\">\n<div id=\"HEADLINE1417\" class=\"ladi-element\">\n<p class=\"ladi-headline ladi-transition\">Ch\u1ed1ng l\u00e3o h\u00f3a<\/p>\n<p>C\u1ea5p \u1ea9m \u0111a t\u1ea7ng<\/p>\n<p>L\u00e0m s\u00e1ng da<\/p>\n<\/div>\n<\/div>\n<\/div>\n","protected":false},"excerpt":{"rendered":"<p>Theo th\u00f4ng b\u00e1o, v\u1eeba qua, V\u0103n ph\u00f2ng Trung \u01b0\u01a1ng GHPGVN nh\u1eadn \u0111\u01b0\u1ee3c c\u00e1c v\u0103n b\u1ea3n v\u00e0 \u0111\u01a1n th\u01b0a c\u1ee7a c\u1ed9ng \u0111\u1ed3ng Ph\u1eadt t\u1eed, nh\u00e2n d\u00e2n c\u0169ng nh\u01b0 nh\u1eefng th\u00f4ng tin tr\u00ean ph\u01b0\u01a1ng ti\u1ec7n th\u00f4ng tin \u0111\u1ea1i ch\u00fang, b\u00e1o ch\u00ed v\u00e0 m\u1ea1ng x\u00e3 h\u1ed9i ph\u1ea3n \u00e1nh v\u1ec1 n\u1ed9i dung nh\u1eefng b\u00e0i gi\u1ea3ng ph\u00e1p c\u1ee7a Th\u01b0\u1ee3ng to\u1ea1 Th\u00edch Ch\u00e2n Quang, Tr\u1ee5 tr\u00ec Thi\u1ec1n T\u00f4n Ph\u1eadt Quang, x\u00e3 T\u00e2n H\u1ea3i, th\u1ecb x\u00e3 Ph\u00fa M\u1ef9, t\u1ec9nh B\u00e0 R\u1ecba-V\u0169ng T\u00e0u g\u00e2y hoang mang trong x\u00e3 h\u1ed9i, ph\u1ea3n \u1ee9ng c\u1ee7a c\u1ed9ng \u0111\u1ed3ng l\u00e0m suy gi\u1ea3m ni\u1ec1m tin Ph\u1eadt ph\u00e1p v\u00e0 \u1ea3nh h\u01b0\u1edfng \u0111\u1ebfn uy t\u00edn c\u1ee7a Gi\u00e1o h\u1ed9i.<\/p>\n","protected":false},"featured_media":345,"comment_status":"open","ping_status":"closed","template":"","meta":{"inline_featured_image":false},"product_brand":[],"product_cat":[18,35,34,33,17,15],"product_tag":[],"class_list":{"0":"post-360","1":"product","2":"type-product","3":"status-publish","4":"has-post-thumbnail","6":"product_cat-ban-chay","7":"product_cat-cham-soc-da","8":"product_cat-khuyen-mai-va-combo","9":"product_cat-sale-1","10":"product_cat-san-pham-ban-chay","11":"product_cat-bo-san-pham","13":"first","14":"instock","15":"sale","16":"virtual","17":"purchasable","18":"product-type-simple"},"acf":[],"yoast_head":"<!-- This site is optimized with the Yoast SEO plugin v27.1.1 - https:\/\/yoast.com\/product\/yoast-seo-wordpress\/ -->\n<title>Kem d\u01b0\u1ee1ng da c\u1ed5 - Antaaura<\/title>\n<meta name=\"robots\" content=\"noindex, follow, max-snippet:-1, max-image-preview:large, max-video-preview:-1\" \/>\n<meta property=\"og:locale\" content=\"vi_VN\" \/>\n<meta property=\"og:type\" content=\"article\" \/>\n<meta property=\"og:title\" content=\"Kem d\u01b0\u1ee1ng da c\u1ed5 - Antaaura\" \/>\n<meta property=\"og:description\" content=\"Theo th\u00f4ng b\u00e1o, v\u1eeba qua, V\u0103n ph\u00f2ng Trung \u01b0\u01a1ng GHPGVN nh\u1eadn \u0111\u01b0\u1ee3c c\u00e1c v\u0103n b\u1ea3n v\u00e0 \u0111\u01a1n th\u01b0a c\u1ee7a c\u1ed9ng \u0111\u1ed3ng Ph\u1eadt t\u1eed, nh\u00e2n d\u00e2n c\u0169ng nh\u01b0 nh\u1eefng th\u00f4ng tin tr\u00ean ph\u01b0\u01a1ng ti\u1ec7n th\u00f4ng tin \u0111\u1ea1i ch\u00fang, b\u00e1o ch\u00ed v\u00e0 m\u1ea1ng x\u00e3 h\u1ed9i ph\u1ea3n \u00e1nh v\u1ec1 n\u1ed9i dung nh\u1eefng b\u00e0i gi\u1ea3ng ph\u00e1p c\u1ee7a Th\u01b0\u1ee3ng to\u1ea1 Th\u00edch Ch\u00e2n Quang, Tr\u1ee5 tr\u00ec Thi\u1ec1n T\u00f4n Ph\u1eadt Quang, x\u00e3 T\u00e2n H\u1ea3i, th\u1ecb x\u00e3 Ph\u00fa M\u1ef9, t\u1ec9nh B\u00e0 R\u1ecba-V\u0169ng T\u00e0u g\u00e2y hoang mang trong x\u00e3 h\u1ed9i, ph\u1ea3n \u1ee9ng c\u1ee7a c\u1ed9ng \u0111\u1ed3ng l\u00e0m suy gi\u1ea3m ni\u1ec1m tin Ph\u1eadt ph\u00e1p v\u00e0 \u1ea3nh h\u01b0\u1edfng \u0111\u1ebfn uy t\u00edn c\u1ee7a Gi\u00e1o h\u1ed9i.\" \/>\n<meta property=\"og:url\" content=\"https:\/\/luan.webrt.net\/antaaura\/san-pham\/kem-duong-da-co-2\/\" \/>\n<meta property=\"og:site_name\" content=\"Antaaura\" \/>\n<meta property=\"article:modified_time\" content=\"2026-03-15T16:14:17+00:00\" \/>\n<meta property=\"og:image\" content=\"https:\/\/luan.webrt.net\/antaaura\/wp-content\/uploads\/2026\/03\/DSC00010-1-scaled.jpg\" \/>\n\t<meta property=\"og:image:width\" content=\"1707\" \/>\n\t<meta property=\"og:image:height\" content=\"2560\" \/>\n\t<meta property=\"og:image:type\" content=\"image\/jpeg\" \/>\n<meta name=\"twitter:card\" content=\"summary_large_image\" \/>\n<meta name=\"twitter:label1\" content=\"\u01af\u1edbc t\u00ednh th\u1eddi gian \u0111\u1ecdc\" \/>\n\t<meta name=\"twitter:data1\" content=\"1 ph\u00fat\" \/>\n<script type=\"application\/ld+json\" class=\"yoast-schema-graph\">{\"@context\":\"https:\/\/schema.org\",\"@graph\":[{\"@type\":\"WebPage\",\"@id\":\"https:\/\/luan.webrt.net\/antaaura\/san-pham\/kem-duong-da-co-2\/\",\"url\":\"https:\/\/luan.webrt.net\/antaaura\/san-pham\/kem-duong-da-co-2\/\",\"name\":\"Kem d\u01b0\u1ee1ng da c\u1ed5 - Antaaura\",\"isPartOf\":{\"@id\":\"https:\/\/luan.webrt.net\/antaaura\/#website\"},\"primaryImageOfPage\":{\"@id\":\"https:\/\/luan.webrt.net\/antaaura\/san-pham\/kem-duong-da-co-2\/#primaryimage\"},\"image\":{\"@id\":\"https:\/\/luan.webrt.net\/antaaura\/san-pham\/kem-duong-da-co-2\/#primaryimage\"},\"thumbnailUrl\":\"https:\/\/luan.webrt.net\/antaaura\/wp-content\/uploads\/2026\/03\/DSC00010-1-scaled.jpg\",\"datePublished\":\"2026-03-12T12:39:06+00:00\",\"dateModified\":\"2026-03-15T16:14:17+00:00\",\"breadcrumb\":{\"@id\":\"https:\/\/luan.webrt.net\/antaaura\/san-pham\/kem-duong-da-co-2\/#breadcrumb\"},\"inLanguage\":\"vi\",\"potentialAction\":[{\"@type\":\"ReadAction\",\"target\":[\"https:\/\/luan.webrt.net\/antaaura\/san-pham\/kem-duong-da-co-2\/\"]}]},{\"@type\":\"ImageObject\",\"inLanguage\":\"vi\",\"@id\":\"https:\/\/luan.webrt.net\/antaaura\/san-pham\/kem-duong-da-co-2\/#primaryimage\",\"url\":\"https:\/\/luan.webrt.net\/antaaura\/wp-content\/uploads\/2026\/03\/DSC00010-1-scaled.jpg\",\"contentUrl\":\"https:\/\/luan.webrt.net\/antaaura\/wp-content\/uploads\/2026\/03\/DSC00010-1-scaled.jpg\",\"width\":1707,\"height\":2560},{\"@type\":\"BreadcrumbList\",\"@id\":\"https:\/\/luan.webrt.net\/antaaura\/san-pham\/kem-duong-da-co-2\/#breadcrumb\",\"itemListElement\":[{\"@type\":\"ListItem\",\"position\":1,\"name\":\"Trang ch\u1ee7\",\"item\":\"https:\/\/luan.webrt.net\/antaaura\/\"},{\"@type\":\"ListItem\",\"position\":2,\"name\":\"S\u1ea3n ph\u1ea9m\",\"item\":\"https:\/\/luan.webrt.net\/antaaura\/shop.html\/\"},{\"@type\":\"ListItem\",\"position\":3,\"name\":\"S\u1ea3n ph\u1ea9m b\u00e1n ch\u1ea1y\",\"item\":\"https:\/\/luan.webrt.net\/antaaura\/danh-muc-san-pham\/san-pham-ban-chay\/\"},{\"@type\":\"ListItem\",\"position\":4,\"name\":\"Kem d\u01b0\u1ee1ng da c\u1ed5\"}]},{\"@type\":\"WebSite\",\"@id\":\"https:\/\/luan.webrt.net\/antaaura\/#website\",\"url\":\"https:\/\/luan.webrt.net\/antaaura\/\",\"name\":\"Antaaura\",\"description\":\"\",\"potentialAction\":[{\"@type\":\"SearchAction\",\"target\":{\"@type\":\"EntryPoint\",\"urlTemplate\":\"https:\/\/luan.webrt.net\/antaaura\/?s={search_term_string}\"},\"query-input\":{\"@type\":\"PropertyValueSpecification\",\"valueRequired\":true,\"valueName\":\"search_term_string\"}}],\"inLanguage\":\"vi\"}]}<\/script>\n<!-- \/ Yoast SEO plugin. -->","yoast_head_json":{"title":"Kem d\u01b0\u1ee1ng da c\u1ed5 - Antaaura","robots":{"index":"noindex","follow":"follow","max-snippet":"max-snippet:-1","max-image-preview":"max-image-preview:large","max-video-preview":"max-video-preview:-1"},"og_locale":"vi_VN","og_type":"article","og_title":"Kem d\u01b0\u1ee1ng da c\u1ed5 - Antaaura","og_description":"Theo th\u00f4ng b\u00e1o, v\u1eeba qua, V\u0103n ph\u00f2ng Trung \u01b0\u01a1ng GHPGVN nh\u1eadn \u0111\u01b0\u1ee3c c\u00e1c v\u0103n b\u1ea3n v\u00e0 \u0111\u01a1n th\u01b0a c\u1ee7a c\u1ed9ng \u0111\u1ed3ng Ph\u1eadt t\u1eed, nh\u00e2n d\u00e2n c\u0169ng nh\u01b0 nh\u1eefng th\u00f4ng tin tr\u00ean ph\u01b0\u01a1ng ti\u1ec7n th\u00f4ng tin \u0111\u1ea1i ch\u00fang, b\u00e1o ch\u00ed v\u00e0 m\u1ea1ng x\u00e3 h\u1ed9i ph\u1ea3n \u00e1nh v\u1ec1 n\u1ed9i dung nh\u1eefng b\u00e0i gi\u1ea3ng ph\u00e1p c\u1ee7a Th\u01b0\u1ee3ng to\u1ea1 Th\u00edch Ch\u00e2n Quang, Tr\u1ee5 tr\u00ec Thi\u1ec1n T\u00f4n Ph\u1eadt Quang, x\u00e3 T\u00e2n H\u1ea3i, th\u1ecb x\u00e3 Ph\u00fa M\u1ef9, t\u1ec9nh B\u00e0 R\u1ecba-V\u0169ng T\u00e0u g\u00e2y hoang mang trong x\u00e3 h\u1ed9i, ph\u1ea3n \u1ee9ng c\u1ee7a c\u1ed9ng \u0111\u1ed3ng l\u00e0m suy gi\u1ea3m ni\u1ec1m tin Ph\u1eadt ph\u00e1p v\u00e0 \u1ea3nh h\u01b0\u1edfng \u0111\u1ebfn uy t\u00edn c\u1ee7a Gi\u00e1o h\u1ed9i.","og_url":"https:\/\/luan.webrt.net\/antaaura\/san-pham\/kem-duong-da-co-2\/","og_site_name":"Antaaura","article_modified_time":"2026-03-15T16:14:17+00:00","og_image":[{"width":1707,"height":2560,"url":"https:\/\/luan.webrt.net\/antaaura\/wp-content\/uploads\/2026\/03\/DSC00010-1-scaled.jpg","type":"image\/jpeg"}],"twitter_card":"summary_large_image","twitter_misc":{"\u01af\u1edbc t\u00ednh th\u1eddi gian \u0111\u1ecdc":"1 ph\u00fat"},"schema":{"@context":"https:\/\/schema.org","@graph":[{"@type":"WebPage","@id":"https:\/\/luan.webrt.net\/antaaura\/san-pham\/kem-duong-da-co-2\/","url":"https:\/\/luan.webrt.net\/antaaura\/san-pham\/kem-duong-da-co-2\/","name":"Kem d\u01b0\u1ee1ng da c\u1ed5 - Antaaura","isPartOf":{"@id":"https:\/\/luan.webrt.net\/antaaura\/#website"},"primaryImageOfPage":{"@id":"https:\/\/luan.webrt.net\/antaaura\/san-pham\/kem-duong-da-co-2\/#primaryimage"},"image":{"@id":"https:\/\/luan.webrt.net\/antaaura\/san-pham\/kem-duong-da-co-2\/#primaryimage"},"thumbnailUrl":"https:\/\/luan.webrt.net\/antaaura\/wp-content\/uploads\/2026\/03\/DSC00010-1-scaled.jpg","datePublished":"2026-03-12T12:39:06+00:00","dateModified":"2026-03-15T16:14:17+00:00","breadcrumb":{"@id":"https:\/\/luan.webrt.net\/antaaura\/san-pham\/kem-duong-da-co-2\/#breadcrumb"},"inLanguage":"vi","potentialAction":[{"@type":"ReadAction","target":["https:\/\/luan.webrt.net\/antaaura\/san-pham\/kem-duong-da-co-2\/"]}]},{"@type":"ImageObject","inLanguage":"vi","@id":"https:\/\/luan.webrt.net\/antaaura\/san-pham\/kem-duong-da-co-2\/#primaryimage","url":"https:\/\/luan.webrt.net\/antaaura\/wp-content\/uploads\/2026\/03\/DSC00010-1-scaled.jpg","contentUrl":"https:\/\/luan.webrt.net\/antaaura\/wp-content\/uploads\/2026\/03\/DSC00010-1-scaled.jpg","width":1707,"height":2560},{"@type":"BreadcrumbList","@id":"https:\/\/luan.webrt.net\/antaaura\/san-pham\/kem-duong-da-co-2\/#breadcrumb","itemListElement":[{"@type":"ListItem","position":1,"name":"Trang ch\u1ee7","item":"https:\/\/luan.webrt.net\/antaaura\/"},{"@type":"ListItem","position":2,"name":"S\u1ea3n ph\u1ea9m","item":"https:\/\/luan.webrt.net\/antaaura\/shop.html\/"},{"@type":"ListItem","position":3,"name":"S\u1ea3n ph\u1ea9m b\u00e1n ch\u1ea1y","item":"https:\/\/luan.webrt.net\/antaaura\/danh-muc-san-pham\/san-pham-ban-chay\/"},{"@type":"ListItem","position":4,"name":"Kem d\u01b0\u1ee1ng da c\u1ed5"}]},{"@type":"WebSite","@id":"https:\/\/luan.webrt.net\/antaaura\/#website","url":"https:\/\/luan.webrt.net\/antaaura\/","name":"Antaaura","description":"","potentialAction":[{"@type":"SearchAction","target":{"@type":"EntryPoint","urlTemplate":"https:\/\/luan.webrt.net\/antaaura\/?s={search_term_string}"},"query-input":{"@type":"PropertyValueSpecification","valueRequired":true,"valueName":"search_term_string"}}],"inLanguage":"vi"}]}},"_links":{"self":[{"href":"https:\/\/luan.webrt.net\/antaaura\/wp-json\/wp\/v2\/product\/360","targetHints":{"allow":["GET"]}}],"collection":[{"href":"https:\/\/luan.webrt.net\/antaaura\/wp-json\/wp\/v2\/product"}],"about":[{"href":"https:\/\/luan.webrt.net\/antaaura\/wp-json\/wp\/v2\/types\/product"}],"replies":[{"embeddable":true,"href":"https:\/\/luan.webrt.net\/antaaura\/wp-json\/wp\/v2\/comments?post=360"}],"wp:featuredmedia":[{"embeddable":true,"href":"https:\/\/luan.webrt.net\/antaaura\/wp-json\/wp\/v2\/media\/345"}],"wp:attachment":[{"href":"https:\/\/luan.webrt.net\/antaaura\/wp-json\/wp\/v2\/media?parent=360"}],"wp:term":[{"taxonomy":"product_brand","embeddable":true,"href":"https:\/\/luan.webrt.net\/antaaura\/wp-json\/wp\/v2\/product_brand?post=360"},{"taxonomy":"product_cat","embeddable":true,"href":"https:\/\/luan.webrt.net\/antaaura\/wp-json\/wp\/v2\/product_cat?post=360"},{"taxonomy":"product_tag","embeddable":true,"href":"https:\/\/luan.webrt.net\/antaaura\/wp-json\/wp\/v2\/product_tag?post=360"}],"curies":[{"name":"wp","href":"https:\/\/api.w.org\/{rel}","templated":true}]}}